{"id":9966,"date":"2021-11-07T11:28:08","date_gmt":"2021-11-07T11:28:08","guid":{"rendered":"https:\/\/amina.is\/?post_type=product&#038;p=9966"},"modified":"2025-12-15T08:48:13","modified_gmt":"2025-12-15T08:48:13","slug":"viper-nipple-suckers","status":"publish","type":"product","link":"https:\/\/amina.is\/en\/verslun\/blaeti\/geirvortur\/viper-nipple-suckers\/","title":{"rendered":"Viper &#8211; Nipple Suckers"},"content":{"rendered":"<h5>Sugurnar b\u00faa til sog \u00e1 geirv\u00f6rtunum og sv\u00e6\u00f0inu \u00ed kring og eykur \u00feannig bl\u00f3\u00f0streymi \u00ed geirv\u00f6rtunum sem gerir \u00fe\u00e6r n\u00e6mari fyrir snertingu og getur leytt til aukinnar kynfer\u00f0islegrar \u00f6rvunar. Hentar \u00f6llum me\u00f0 geirv\u00f6rtur. u.\u00fe.b. 3,8cm \u00e1 lengd og 2,5cm. \u00e1 breidd. Eru svartar \u00e1 lit og ger\u00f0ar \u00far TPE g\u00famm\u00edi.<\/h5>","protected":false},"excerpt":{"rendered":"<h5>Sugurnar b\u00faa til sog \u00e1 geirv\u00f6rtunum og sv\u00e6\u00f0inu \u00ed kring og eykur \u00feannig bl\u00f3\u00f0streymi \u00ed geirv\u00f6rtunum sem gerir \u00fe\u00e6r n\u00e6mari fyrir snertingu<\/h5>","protected":false},"featured_media":10245,"template":"","meta":{"inline_featured_image":false},"product_brand":[],"product_cat":[36,41,42,43,912],"product_tag":[203,324,337,423,560,557,558,422,559,330,734],"class_list":{"0":"post-9966","1":"product","2":"type-product","3":"status-publish","4":"has-post-thumbnail","6":"product_cat-blaeti","7":"product_cat-fyrir-tha","8":"product_cat-fyrir-thaer","9":"product_cat-fyrir-thau","10":"product_cat-geirvortur","11":"product_tag-black","12":"product_tag-blaeti","13":"product_tag-fetish","14":"product_tag-geirvortur","15":"product_tag-geirvortusugur","16":"product_tag-nipple","17":"product_tag-nipple-suckers","18":"product_tag-suckers","19":"product_tag-sugur","20":"product_tag-svartur","21":"product_tag-viper","23":"first","24":"instock","25":"shipping-taxable","26":"purchasable","27":"product-type-simple"},"yoast_head":"<!-- This site is optimized with the Yoast SEO Premium plugin v21.6 (Yoast SEO v27.3) - https:\/\/yoast.com\/product\/yoast-seo-premium-wordpress\/ -->\n<title>Viper - Nipple Suckers &#8211; Amina<\/title>\n<meta name=\"robots\" content=\"index, follow, max-snippet:-1, max-image-preview:large, max-video-preview:-1\" \/>\n<link rel=\"canonical\" href=\"https:\/\/amina.is\/en\/verslun\/blaeti\/geirvortur\/viper-nipple-suckers\/\" \/>\n<meta property=\"og:locale\" content=\"en_US\" \/>\n<meta property=\"og:type\" content=\"article\" \/>\n<meta property=\"og:title\" content=\"Viper - Nipple Suckers\" \/>\n<meta property=\"og:description\" content=\"Sugurnar b\u00faa til sog \u00e1 geirv\u00f6rtunum og sv\u00e6\u00f0inu \u00ed kring og eykur \u00feannig bl\u00f3\u00f0streymi \u00ed geirv\u00f6rtunum sem gerir \u00fe\u00e6r n\u00e6mari fyrir snertingu\" \/>\n<meta property=\"og:url\" content=\"https:\/\/amina.is\/en\/verslun\/blaeti\/geirvortur\/viper-nipple-suckers\/\" \/>\n<meta property=\"og:site_name\" content=\"Amina\" \/>\n<meta property=\"article:publisher\" content=\"https:\/\/m.facebook.com\/AMINA-100767148840241\/\" \/>\n<meta property=\"article:modified_time\" content=\"2025-12-15T08:48:13+00:00\" \/>\n<meta property=\"og:image\" content=\"https:\/\/amina.is\/wp-content\/uploads\/2021\/11\/nipplesuckers.jpg\" \/>\n\t<meta property=\"og:image:width\" content=\"1000\" \/>\n\t<meta property=\"og:image:height\" content=\"1000\" \/>\n\t<meta property=\"og:image:type\" content=\"image\/jpeg\" \/>\n<meta name=\"twitter:card\" content=\"summary_large_image\" \/>\n<meta name=\"twitter:label1\" content=\"Est. reading time\" \/>\n\t<meta name=\"twitter:data1\" content=\"1 minute\" \/>\n<script type=\"application\/ld+json\" class=\"yoast-schema-graph\">{\"@context\":\"https:\\\/\\\/schema.org\",\"@graph\":[{\"@type\":\"WebPage\",\"@id\":\"https:\\\/\\\/amina.is\\\/verslun\\\/blaeti\\\/geirvortur\\\/viper-nipple-suckers\\\/\",\"url\":\"https:\\\/\\\/amina.is\\\/verslun\\\/blaeti\\\/geirvortur\\\/viper-nipple-suckers\\\/\",\"name\":\"Viper - Nipple Suckers &#8211; Amina\",\"isPartOf\":{\"@id\":\"https:\\\/\\\/amina.is\\\/#website\"},\"primaryImageOfPage\":{\"@id\":\"https:\\\/\\\/amina.is\\\/verslun\\\/blaeti\\\/geirvortur\\\/viper-nipple-suckers\\\/#primaryimage\"},\"image\":{\"@id\":\"https:\\\/\\\/amina.is\\\/verslun\\\/blaeti\\\/geirvortur\\\/viper-nipple-suckers\\\/#primaryimage\"},\"thumbnailUrl\":\"https:\\\/\\\/amina.is\\\/wp-content\\\/uploads\\\/2021\\\/11\\\/nipplesuckers.jpg\",\"datePublished\":\"2021-11-07T11:28:08+00:00\",\"dateModified\":\"2025-12-15T08:48:13+00:00\",\"breadcrumb\":{\"@id\":\"https:\\\/\\\/amina.is\\\/verslun\\\/blaeti\\\/geirvortur\\\/viper-nipple-suckers\\\/#breadcrumb\"},\"inLanguage\":\"en-US\",\"potentialAction\":[{\"@type\":\"ReadAction\",\"target\":[\"https:\\\/\\\/amina.is\\\/verslun\\\/blaeti\\\/geirvortur\\\/viper-nipple-suckers\\\/\"]}]},{\"@type\":\"ImageObject\",\"inLanguage\":\"en-US\",\"@id\":\"https:\\\/\\\/amina.is\\\/verslun\\\/blaeti\\\/geirvortur\\\/viper-nipple-suckers\\\/#primaryimage\",\"url\":\"https:\\\/\\\/amina.is\\\/wp-content\\\/uploads\\\/2021\\\/11\\\/nipplesuckers.jpg\",\"contentUrl\":\"https:\\\/\\\/amina.is\\\/wp-content\\\/uploads\\\/2021\\\/11\\\/nipplesuckers.jpg\",\"width\":1000,\"height\":1000},{\"@type\":\"BreadcrumbList\",\"@id\":\"https:\\\/\\\/amina.is\\\/verslun\\\/blaeti\\\/geirvortur\\\/viper-nipple-suckers\\\/#breadcrumb\",\"itemListElement\":[{\"@type\":\"ListItem\",\"position\":1,\"name\":\"Home\",\"item\":\"https:\\\/\\\/amina.is\\\/\"},{\"@type\":\"ListItem\",\"position\":2,\"name\":\"Verslun\",\"item\":\"https:\\\/\\\/amina.is\\\/verslun\\\/\"},{\"@type\":\"ListItem\",\"position\":3,\"name\":\"Viper &#8211; Nipple Suckers\"}]},{\"@type\":\"WebSite\",\"@id\":\"https:\\\/\\\/amina.is\\\/#website\",\"url\":\"https:\\\/\\\/amina.is\\\/\",\"name\":\"Amina\",\"description\":\"Feeling is everything - Una\u00f0sv\u00f6rur fyrir alla\",\"publisher\":{\"@id\":\"https:\\\/\\\/amina.is\\\/#organization\"},\"potentialAction\":[{\"@type\":\"SearchAction\",\"target\":{\"@type\":\"EntryPoint\",\"urlTemplate\":\"https:\\\/\\\/amina.is\\\/?s={search_term_string}\"},\"query-input\":{\"@type\":\"PropertyValueSpecification\",\"valueRequired\":true,\"valueName\":\"search_term_string\"}}],\"inLanguage\":\"en-US\"},{\"@type\":\"Organization\",\"@id\":\"https:\\\/\\\/amina.is\\\/#organization\",\"name\":\"Amina\",\"url\":\"https:\\\/\\\/amina.is\\\/\",\"logo\":{\"@type\":\"ImageObject\",\"inLanguage\":\"en-US\",\"@id\":\"https:\\\/\\\/amina.is\\\/#\\\/schema\\\/logo\\\/image\\\/\",\"url\":\"https:\\\/\\\/amina.is\\\/wp-content\\\/uploads\\\/2021\\\/09\\\/logo.png\",\"contentUrl\":\"https:\\\/\\\/amina.is\\\/wp-content\\\/uploads\\\/2021\\\/09\\\/logo.png\",\"width\":1790,\"height\":464,\"caption\":\"Amina\"},\"image\":{\"@id\":\"https:\\\/\\\/amina.is\\\/#\\\/schema\\\/logo\\\/image\\\/\"},\"sameAs\":[\"https:\\\/\\\/m.facebook.com\\\/AMINA-100767148840241\\\/\",\"https:\\\/\\\/www.instagram.com\\\/aminaverslun\\\/\"]}]}<\/script>\n<!-- \/ Yoast SEO Premium plugin. -->","yoast_head_json":{"title":"Viper - Nipple Suckers &#8211; Amina","robots":{"index":"index","follow":"follow","max-snippet":"max-snippet:-1","max-image-preview":"max-image-preview:large","max-video-preview":"max-video-preview:-1"},"canonical":"https:\/\/amina.is\/en\/verslun\/blaeti\/geirvortur\/viper-nipple-suckers\/","og_locale":"en_US","og_type":"article","og_title":"Viper - Nipple Suckers","og_description":"Sugurnar b\u00faa til sog \u00e1 geirv\u00f6rtunum og sv\u00e6\u00f0inu \u00ed kring og eykur \u00feannig bl\u00f3\u00f0streymi \u00ed geirv\u00f6rtunum sem gerir \u00fe\u00e6r n\u00e6mari fyrir snertingu","og_url":"https:\/\/amina.is\/en\/verslun\/blaeti\/geirvortur\/viper-nipple-suckers\/","og_site_name":"Amina","article_publisher":"https:\/\/m.facebook.com\/AMINA-100767148840241\/","article_modified_time":"2025-12-15T08:48:13+00:00","og_image":[{"width":1000,"height":1000,"url":"https:\/\/amina.is\/wp-content\/uploads\/2021\/11\/nipplesuckers.jpg","type":"image\/jpeg"}],"twitter_card":"summary_large_image","twitter_misc":{"Est. reading time":"1 minute"},"schema":{"@context":"https:\/\/schema.org","@graph":[{"@type":"WebPage","@id":"https:\/\/amina.is\/verslun\/blaeti\/geirvortur\/viper-nipple-suckers\/","url":"https:\/\/amina.is\/verslun\/blaeti\/geirvortur\/viper-nipple-suckers\/","name":"Viper - Nipple Suckers &#8211; Amina","isPartOf":{"@id":"https:\/\/amina.is\/#website"},"primaryImageOfPage":{"@id":"https:\/\/amina.is\/verslun\/blaeti\/geirvortur\/viper-nipple-suckers\/#primaryimage"},"image":{"@id":"https:\/\/amina.is\/verslun\/blaeti\/geirvortur\/viper-nipple-suckers\/#primaryimage"},"thumbnailUrl":"https:\/\/amina.is\/wp-content\/uploads\/2021\/11\/nipplesuckers.jpg","datePublished":"2021-11-07T11:28:08+00:00","dateModified":"2025-12-15T08:48:13+00:00","breadcrumb":{"@id":"https:\/\/amina.is\/verslun\/blaeti\/geirvortur\/viper-nipple-suckers\/#breadcrumb"},"inLanguage":"en-US","potentialAction":[{"@type":"ReadAction","target":["https:\/\/amina.is\/verslun\/blaeti\/geirvortur\/viper-nipple-suckers\/"]}]},{"@type":"ImageObject","inLanguage":"en-US","@id":"https:\/\/amina.is\/verslun\/blaeti\/geirvortur\/viper-nipple-suckers\/#primaryimage","url":"https:\/\/amina.is\/wp-content\/uploads\/2021\/11\/nipplesuckers.jpg","contentUrl":"https:\/\/amina.is\/wp-content\/uploads\/2021\/11\/nipplesuckers.jpg","width":1000,"height":1000},{"@type":"BreadcrumbList","@id":"https:\/\/amina.is\/verslun\/blaeti\/geirvortur\/viper-nipple-suckers\/#breadcrumb","itemListElement":[{"@type":"ListItem","position":1,"name":"Home","item":"https:\/\/amina.is\/"},{"@type":"ListItem","position":2,"name":"Verslun","item":"https:\/\/amina.is\/verslun\/"},{"@type":"ListItem","position":3,"name":"Viper &#8211; Nipple Suckers"}]},{"@type":"WebSite","@id":"https:\/\/amina.is\/#website","url":"https:\/\/amina.is\/","name":"Amina","description":"Feeling is everything - Una\u00f0sv\u00f6rur fyrir alla","publisher":{"@id":"https:\/\/amina.is\/#organization"},"potentialAction":[{"@type":"SearchAction","target":{"@type":"EntryPoint","urlTemplate":"https:\/\/amina.is\/?s={search_term_string}"},"query-input":{"@type":"PropertyValueSpecification","valueRequired":true,"valueName":"search_term_string"}}],"inLanguage":"en-US"},{"@type":"Organization","@id":"https:\/\/amina.is\/#organization","name":"Amina","url":"https:\/\/amina.is\/","logo":{"@type":"ImageObject","inLanguage":"en-US","@id":"https:\/\/amina.is\/#\/schema\/logo\/image\/","url":"https:\/\/amina.is\/wp-content\/uploads\/2021\/09\/logo.png","contentUrl":"https:\/\/amina.is\/wp-content\/uploads\/2021\/09\/logo.png","width":1790,"height":464,"caption":"Amina"},"image":{"@id":"https:\/\/amina.is\/#\/schema\/logo\/image\/"},"sameAs":["https:\/\/m.facebook.com\/AMINA-100767148840241\/","https:\/\/www.instagram.com\/aminaverslun\/"]}]}},"_links":{"self":[{"href":"https:\/\/amina.is\/en\/wp-json\/wp\/v2\/product\/9966","targetHints":{"allow":["GET"]}}],"collection":[{"href":"https:\/\/amina.is\/en\/wp-json\/wp\/v2\/product"}],"about":[{"href":"https:\/\/amina.is\/en\/wp-json\/wp\/v2\/types\/product"}],"version-history":[{"count":3,"href":"https:\/\/amina.is\/en\/wp-json\/wp\/v2\/product\/9966\/revisions"}],"predecessor-version":[{"id":10247,"href":"https:\/\/amina.is\/en\/wp-json\/wp\/v2\/product\/9966\/revisions\/10247"}],"wp:featuredmedia":[{"embeddable":true,"href":"https:\/\/amina.is\/en\/wp-json\/wp\/v2\/media\/10245"}],"wp:attachment":[{"href":"https:\/\/amina.is\/en\/wp-json\/wp\/v2\/media?parent=9966"}],"wp:term":[{"taxonomy":"product_brand","embeddable":true,"href":"https:\/\/amina.is\/en\/wp-json\/wp\/v2\/product_brand?post=9966"},{"taxonomy":"product_cat","embeddable":true,"href":"https:\/\/amina.is\/en\/wp-json\/wp\/v2\/product_cat?post=9966"},{"taxonomy":"product_tag","embeddable":true,"href":"https:\/\/amina.is\/en\/wp-json\/wp\/v2\/product_tag?post=9966"}],"curies":[{"name":"wp","href":"https:\/\/api.w.org\/{rel}","templated":true}]}}