{"id":9951,"date":"2021-11-06T19:30:21","date_gmt":"2021-11-06T19:30:21","guid":{"rendered":"https:\/\/amina.is\/?post_type=product&#038;p=9951"},"modified":"2026-02-17T20:29:25","modified_gmt":"2026-02-17T20:29:25","slug":"passion-premium-silicone-lubricant","status":"publish","type":"product","link":"https:\/\/amina.is\/en\/verslun\/smur-verjur\/sleipiefni\/passion-premium-silicone-lubricant\/","title":{"rendered":"Passion &#8211; Premium Silicone Lubricant"},"content":{"rendered":"<div class=\"column whole large-seven-twelfths medium-half product-information--description\">\n<h5>Passion s\u00edlikon sleipiefni\u00f0 er s\u00e9rstaklega hanna\u00f0 til \u00feess a\u00f0 haldast sleipt og mj\u00fakt \u00ed lengri t\u00edma. Hvort sem \u00fe\u00fa ert a\u00f0 skipuleggja leikt\u00edma me\u00f0 sj\u00e1lfum \u00fe\u00e9r e\u00f0a leikf\u00e9laga \u00fe\u00e1 er \u00f6ruggt a\u00f0 \u00fe\u00fa munt nj\u00f3ta \u00fe\u00edn til hins fylsta me\u00f0 \u00feessu sleipiefni. Kemur \u00ed hentugum umb\u00fa\u00f0um me\u00f0 &#8222;pop up&#8220; tappa. 118ml. (Ef nota \u00e1 sleipiefni\u00f0 me\u00f0 leikt\u00e6kjum gangi\u00f0 \u00fe\u00e1 \u00far skugga um a\u00f0 t\u00e6ki\u00f0 \u00feoli s\u00edlikon sleipiefni)<\/h5>\n<div class=\"product-description\">\n<p>&nbsp;<\/p>\n<\/div>\n<\/div>","protected":false},"excerpt":{"rendered":"<p>Passion s\u00edlikon sleipiefni\u00f0 er s\u00e9rstaklega hanna\u00f0 til \u00feess a\u00f0 haldast sleipt og mj\u00fakt \u00ed lengri t\u00edma.<\/p>","protected":false},"featured_media":10261,"template":"","meta":{"inline_featured_image":false},"product_brand":[],"product_cat":[41,42,43,910,47],"product_tag":[457,537,729,730,460],"class_list":{"0":"post-9951","1":"product","2":"type-product","3":"status-publish","4":"has-post-thumbnail","6":"product_cat-fyrir-tha","7":"product_cat-fyrir-thaer","8":"product_cat-fyrir-thau","9":"product_cat-sleipiefni","10":"product_cat-smur-verjur","11":"product_tag-lube","12":"product_tag-passion","13":"product_tag-silicone","14":"product_tag-silikon","15":"product_tag-sleipiefni","17":"first","18":"outofstock","19":"shipping-taxable","20":"purchasable","21":"product-type-simple"},"yoast_head":"<!-- This site is optimized with the Yoast SEO Premium plugin v21.6 (Yoast SEO v27.4) - https:\/\/yoast.com\/product\/yoast-seo-premium-wordpress\/ -->\n<title>Passion - Premium Silicone Lubricant &#8211; Amina<\/title>\n<meta name=\"robots\" content=\"index, follow, max-snippet:-1, max-image-preview:large, max-video-preview:-1\" \/>\n<link rel=\"canonical\" href=\"https:\/\/amina.is\/en\/verslun\/smur-verjur\/sleipiefni\/passion-premium-silicone-lubricant\/\" \/>\n<meta property=\"og:locale\" content=\"en_US\" \/>\n<meta property=\"og:type\" content=\"article\" \/>\n<meta property=\"og:title\" content=\"Passion - Premium Silicone Lubricant\" \/>\n<meta property=\"og:description\" content=\"Passion s\u00edlikon sleipiefni\u00f0 er s\u00e9rstaklega hanna\u00f0 til \u00feess a\u00f0 haldast sleipt og mj\u00fakt \u00ed lengri t\u00edma.\" \/>\n<meta property=\"og:url\" content=\"https:\/\/amina.is\/en\/verslun\/smur-verjur\/sleipiefni\/passion-premium-silicone-lubricant\/\" \/>\n<meta property=\"og:site_name\" content=\"Amina\" \/>\n<meta property=\"article:publisher\" content=\"https:\/\/m.facebook.com\/AMINA-100767148840241\/\" \/>\n<meta property=\"article:modified_time\" content=\"2026-02-17T20:29:25+00:00\" \/>\n<meta property=\"og:image\" content=\"https:\/\/amina.is\/wp-content\/uploads\/2021\/11\/pss.jpg\" \/>\n\t<meta property=\"og:image:width\" content=\"1000\" \/>\n\t<meta property=\"og:image:height\" content=\"1000\" \/>\n\t<meta property=\"og:image:type\" content=\"image\/jpeg\" \/>\n<meta name=\"twitter:card\" content=\"summary_large_image\" \/>\n<meta name=\"twitter:label1\" content=\"Est. reading time\" \/>\n\t<meta name=\"twitter:data1\" content=\"1 minute\" \/>\n<script type=\"application\/ld+json\" class=\"yoast-schema-graph\">{\"@context\":\"https:\\\/\\\/schema.org\",\"@graph\":[{\"@type\":\"WebPage\",\"@id\":\"https:\\\/\\\/amina.is\\\/verslun\\\/smur-verjur\\\/sleipiefni\\\/passion-premium-silicone-lubricant\\\/\",\"url\":\"https:\\\/\\\/amina.is\\\/verslun\\\/smur-verjur\\\/sleipiefni\\\/passion-premium-silicone-lubricant\\\/\",\"name\":\"Passion - Premium Silicone Lubricant &#8211; Amina\",\"isPartOf\":{\"@id\":\"https:\\\/\\\/amina.is\\\/#website\"},\"primaryImageOfPage\":{\"@id\":\"https:\\\/\\\/amina.is\\\/verslun\\\/smur-verjur\\\/sleipiefni\\\/passion-premium-silicone-lubricant\\\/#primaryimage\"},\"image\":{\"@id\":\"https:\\\/\\\/amina.is\\\/verslun\\\/smur-verjur\\\/sleipiefni\\\/passion-premium-silicone-lubricant\\\/#primaryimage\"},\"thumbnailUrl\":\"https:\\\/\\\/amina.is\\\/wp-content\\\/uploads\\\/2021\\\/11\\\/pss.jpg\",\"datePublished\":\"2021-11-06T19:30:21+00:00\",\"dateModified\":\"2026-02-17T20:29:25+00:00\",\"breadcrumb\":{\"@id\":\"https:\\\/\\\/amina.is\\\/verslun\\\/smur-verjur\\\/sleipiefni\\\/passion-premium-silicone-lubricant\\\/#breadcrumb\"},\"inLanguage\":\"en-US\",\"potentialAction\":[{\"@type\":\"ReadAction\",\"target\":[\"https:\\\/\\\/amina.is\\\/verslun\\\/smur-verjur\\\/sleipiefni\\\/passion-premium-silicone-lubricant\\\/\"]}]},{\"@type\":\"ImageObject\",\"inLanguage\":\"en-US\",\"@id\":\"https:\\\/\\\/amina.is\\\/verslun\\\/smur-verjur\\\/sleipiefni\\\/passion-premium-silicone-lubricant\\\/#primaryimage\",\"url\":\"https:\\\/\\\/amina.is\\\/wp-content\\\/uploads\\\/2021\\\/11\\\/pss.jpg\",\"contentUrl\":\"https:\\\/\\\/amina.is\\\/wp-content\\\/uploads\\\/2021\\\/11\\\/pss.jpg\",\"width\":1000,\"height\":1000},{\"@type\":\"BreadcrumbList\",\"@id\":\"https:\\\/\\\/amina.is\\\/verslun\\\/smur-verjur\\\/sleipiefni\\\/passion-premium-silicone-lubricant\\\/#breadcrumb\",\"itemListElement\":[{\"@type\":\"ListItem\",\"position\":1,\"name\":\"Home\",\"item\":\"https:\\\/\\\/amina.is\\\/\"},{\"@type\":\"ListItem\",\"position\":2,\"name\":\"Verslun\",\"item\":\"https:\\\/\\\/amina.is\\\/verslun\\\/\"},{\"@type\":\"ListItem\",\"position\":3,\"name\":\"Passion &#8211; Premium Silicone Lubricant\"}]},{\"@type\":\"WebSite\",\"@id\":\"https:\\\/\\\/amina.is\\\/#website\",\"url\":\"https:\\\/\\\/amina.is\\\/\",\"name\":\"Amina\",\"description\":\"Feeling is everything - Una\u00f0sv\u00f6rur fyrir alla\",\"publisher\":{\"@id\":\"https:\\\/\\\/amina.is\\\/#organization\"},\"potentialAction\":[{\"@type\":\"SearchAction\",\"target\":{\"@type\":\"EntryPoint\",\"urlTemplate\":\"https:\\\/\\\/amina.is\\\/?s={search_term_string}\"},\"query-input\":{\"@type\":\"PropertyValueSpecification\",\"valueRequired\":true,\"valueName\":\"search_term_string\"}}],\"inLanguage\":\"en-US\"},{\"@type\":\"Organization\",\"@id\":\"https:\\\/\\\/amina.is\\\/#organization\",\"name\":\"Amina\",\"url\":\"https:\\\/\\\/amina.is\\\/\",\"logo\":{\"@type\":\"ImageObject\",\"inLanguage\":\"en-US\",\"@id\":\"https:\\\/\\\/amina.is\\\/#\\\/schema\\\/logo\\\/image\\\/\",\"url\":\"https:\\\/\\\/amina.is\\\/wp-content\\\/uploads\\\/2021\\\/09\\\/logo.png\",\"contentUrl\":\"https:\\\/\\\/amina.is\\\/wp-content\\\/uploads\\\/2021\\\/09\\\/logo.png\",\"width\":1790,\"height\":464,\"caption\":\"Amina\"},\"image\":{\"@id\":\"https:\\\/\\\/amina.is\\\/#\\\/schema\\\/logo\\\/image\\\/\"},\"sameAs\":[\"https:\\\/\\\/m.facebook.com\\\/AMINA-100767148840241\\\/\",\"https:\\\/\\\/www.instagram.com\\\/aminaverslun\\\/\"]}]}<\/script>\n<!-- \/ Yoast SEO Premium plugin. -->","yoast_head_json":{"title":"Passion - Premium Silicone Lubricant &#8211; Amina","robots":{"index":"index","follow":"follow","max-snippet":"max-snippet:-1","max-image-preview":"max-image-preview:large","max-video-preview":"max-video-preview:-1"},"canonical":"https:\/\/amina.is\/en\/verslun\/smur-verjur\/sleipiefni\/passion-premium-silicone-lubricant\/","og_locale":"en_US","og_type":"article","og_title":"Passion - Premium Silicone Lubricant","og_description":"Passion s\u00edlikon sleipiefni\u00f0 er s\u00e9rstaklega hanna\u00f0 til \u00feess a\u00f0 haldast sleipt og mj\u00fakt \u00ed lengri t\u00edma.","og_url":"https:\/\/amina.is\/en\/verslun\/smur-verjur\/sleipiefni\/passion-premium-silicone-lubricant\/","og_site_name":"Amina","article_publisher":"https:\/\/m.facebook.com\/AMINA-100767148840241\/","article_modified_time":"2026-02-17T20:29:25+00:00","og_image":[{"width":1000,"height":1000,"url":"https:\/\/amina.is\/wp-content\/uploads\/2021\/11\/pss.jpg","type":"image\/jpeg"}],"twitter_card":"summary_large_image","twitter_misc":{"Est. reading time":"1 minute"},"schema":{"@context":"https:\/\/schema.org","@graph":[{"@type":"WebPage","@id":"https:\/\/amina.is\/verslun\/smur-verjur\/sleipiefni\/passion-premium-silicone-lubricant\/","url":"https:\/\/amina.is\/verslun\/smur-verjur\/sleipiefni\/passion-premium-silicone-lubricant\/","name":"Passion - Premium Silicone Lubricant &#8211; Amina","isPartOf":{"@id":"https:\/\/amina.is\/#website"},"primaryImageOfPage":{"@id":"https:\/\/amina.is\/verslun\/smur-verjur\/sleipiefni\/passion-premium-silicone-lubricant\/#primaryimage"},"image":{"@id":"https:\/\/amina.is\/verslun\/smur-verjur\/sleipiefni\/passion-premium-silicone-lubricant\/#primaryimage"},"thumbnailUrl":"https:\/\/amina.is\/wp-content\/uploads\/2021\/11\/pss.jpg","datePublished":"2021-11-06T19:30:21+00:00","dateModified":"2026-02-17T20:29:25+00:00","breadcrumb":{"@id":"https:\/\/amina.is\/verslun\/smur-verjur\/sleipiefni\/passion-premium-silicone-lubricant\/#breadcrumb"},"inLanguage":"en-US","potentialAction":[{"@type":"ReadAction","target":["https:\/\/amina.is\/verslun\/smur-verjur\/sleipiefni\/passion-premium-silicone-lubricant\/"]}]},{"@type":"ImageObject","inLanguage":"en-US","@id":"https:\/\/amina.is\/verslun\/smur-verjur\/sleipiefni\/passion-premium-silicone-lubricant\/#primaryimage","url":"https:\/\/amina.is\/wp-content\/uploads\/2021\/11\/pss.jpg","contentUrl":"https:\/\/amina.is\/wp-content\/uploads\/2021\/11\/pss.jpg","width":1000,"height":1000},{"@type":"BreadcrumbList","@id":"https:\/\/amina.is\/verslun\/smur-verjur\/sleipiefni\/passion-premium-silicone-lubricant\/#breadcrumb","itemListElement":[{"@type":"ListItem","position":1,"name":"Home","item":"https:\/\/amina.is\/"},{"@type":"ListItem","position":2,"name":"Verslun","item":"https:\/\/amina.is\/verslun\/"},{"@type":"ListItem","position":3,"name":"Passion &#8211; Premium Silicone Lubricant"}]},{"@type":"WebSite","@id":"https:\/\/amina.is\/#website","url":"https:\/\/amina.is\/","name":"Amina","description":"Feeling is everything - Una\u00f0sv\u00f6rur fyrir alla","publisher":{"@id":"https:\/\/amina.is\/#organization"},"potentialAction":[{"@type":"SearchAction","target":{"@type":"EntryPoint","urlTemplate":"https:\/\/amina.is\/?s={search_term_string}"},"query-input":{"@type":"PropertyValueSpecification","valueRequired":true,"valueName":"search_term_string"}}],"inLanguage":"en-US"},{"@type":"Organization","@id":"https:\/\/amina.is\/#organization","name":"Amina","url":"https:\/\/amina.is\/","logo":{"@type":"ImageObject","inLanguage":"en-US","@id":"https:\/\/amina.is\/#\/schema\/logo\/image\/","url":"https:\/\/amina.is\/wp-content\/uploads\/2021\/09\/logo.png","contentUrl":"https:\/\/amina.is\/wp-content\/uploads\/2021\/09\/logo.png","width":1790,"height":464,"caption":"Amina"},"image":{"@id":"https:\/\/amina.is\/#\/schema\/logo\/image\/"},"sameAs":["https:\/\/m.facebook.com\/AMINA-100767148840241\/","https:\/\/www.instagram.com\/aminaverslun\/"]}]}},"_links":{"self":[{"href":"https:\/\/amina.is\/en\/wp-json\/wp\/v2\/product\/9951","targetHints":{"allow":["GET"]}}],"collection":[{"href":"https:\/\/amina.is\/en\/wp-json\/wp\/v2\/product"}],"about":[{"href":"https:\/\/amina.is\/en\/wp-json\/wp\/v2\/types\/product"}],"version-history":[{"count":5,"href":"https:\/\/amina.is\/en\/wp-json\/wp\/v2\/product\/9951\/revisions"}],"predecessor-version":[{"id":12058,"href":"https:\/\/amina.is\/en\/wp-json\/wp\/v2\/product\/9951\/revisions\/12058"}],"wp:featuredmedia":[{"embeddable":true,"href":"https:\/\/amina.is\/en\/wp-json\/wp\/v2\/media\/10261"}],"wp:attachment":[{"href":"https:\/\/amina.is\/en\/wp-json\/wp\/v2\/media?parent=9951"}],"wp:term":[{"taxonomy":"product_brand","embeddable":true,"href":"https:\/\/amina.is\/en\/wp-json\/wp\/v2\/product_brand?post=9951"},{"taxonomy":"product_cat","embeddable":true,"href":"https:\/\/amina.is\/en\/wp-json\/wp\/v2\/product_cat?post=9951"},{"taxonomy":"product_tag","embeddable":true,"href":"https:\/\/amina.is\/en\/wp-json\/wp\/v2\/product_tag?post=9951"}],"curies":[{"name":"wp","href":"https:\/\/api.w.org\/{rel}","templated":true}]}}