{"id":6963,"date":"2021-05-24T18:25:27","date_gmt":"2021-05-24T18:25:27","guid":{"rendered":"http:\/\/amina.web14.vefold.is\/?post_type=product&#038;p=6963"},"modified":"2023-03-01T19:44:28","modified_gmt":"2023-03-01T19:44:28","slug":"silicone-prostate-vibrator-and-strap-with-remote-control","status":"publish","type":"product","link":"https:\/\/amina.is\/en\/verslun\/typpid\/anndtyppid\/silicone-prostate-vibrator-and-strap-with-remote-control\/","title":{"rendered":"Silicone Prostate Vibrator and Strap with Remote Control"},"content":{"rendered":"<h5>Kr\u00f6ftugur plugg me\u00f0 \u00e1f\u00f6stum typpahring og tveimur m\u00f3torum. \u00d6rvar P blettinn og sv\u00e6\u00f0i\u00f0 milli pungs og rass \u00e1 sama t\u00edma. Skemmtilegur pl\u00f6gg sem hentar jafnt vi\u00f0 sj\u00e1lfsfr\u00f3n sem og \u00ed paraleikjum. Fjarst\u00fdringin dregur allt a\u00f0 9 metra og \u00fev\u00ed h\u00e6gt a\u00f0 finna upp \u00e1 \u00fdmsum skemmtilegum leikjum me\u00f0 \u00feessum.<\/h5>\n<h5>4 hra\u00f0astillingar og 7 mismunandi titring mynstur. \u00deolir vatn en \u00fe\u00f3 ekki m\u00e6lt me\u00f0 a\u00f0 fara me\u00f0 \u00ed ba\u00f0 e\u00f0a heitan pott. \u00der\u00edfi\u00f0 me\u00f0 mildri s\u00e1pu e\u00f0a \u00fear til ger\u00f0u hreinsiefni fyrir kynl\u00edfst\u00e6ki.<\/h5>\n<h5>Heildarlengd: 14,3cm. Innsetjanleg lengd: 10cm. Breidd \u00e1 haus: 3cm. \u00deverm\u00e1l \u00e1 typpahring: 3,5cm. -\u00f3teyg\u00f0ur. Lengd milli typpahrings a\u00f0 plugg: 7,6cm. Fjarst\u00fdring er 7&#215;3 cm.<\/h5>\n<h5>USB hla\u00f0anlegt. Fjarst\u00fdring notar rafhl\u00f6\u00f0u sem fylgir me\u00f0.<\/h5>","protected":false},"excerpt":{"rendered":"<p>Kr\u00f6ftugur plugg me\u00f0 \u00e1f\u00f6stum typpahring og tveimur m\u00f3torum.<\/p>","protected":false},"featured_media":7590,"template":"","meta":{"inline_featured_image":false},"product_brand":[],"product_cat":[907,882,41,43,35,899,45],"product_tag":[61,638,262,637,263,72,639],"class_list":{"0":"post-6963","1":"product","2":"type-product","3":"status-publish","4":"has-post-thumbnail","6":"product_cat-buttplugs-og-titrarar","7":"product_cat-anndtyppid","8":"product_cat-fyrir-tha","9":"product_cat-fyrir-thau","10":"product_cat-rassinn","11":"product_cat-notaahann","12":"product_cat-typpid","13":"product_tag-butt-plug","14":"product_tag-cock-strap","15":"product_tag-plug","16":"product_tag-prostate-vibrator","17":"product_tag-rassinn","18":"product_tag-typpahringur","19":"product_tag-under-control","21":"first","22":"instock","23":"shipping-taxable","24":"purchasable","25":"product-type-simple"},"yoast_head":"<!-- This site is optimized with the Yoast SEO Premium plugin v21.6 (Yoast SEO v27.4) - https:\/\/yoast.com\/product\/yoast-seo-premium-wordpress\/ -->\n<title>Silicone Prostate Vibrator and Strap with Remote Control &#8211; Amina<\/title>\n<meta name=\"robots\" content=\"index, follow, max-snippet:-1, max-image-preview:large, max-video-preview:-1\" \/>\n<link rel=\"canonical\" href=\"https:\/\/amina.is\/en\/verslun\/typpid\/anndtyppid\/silicone-prostate-vibrator-and-strap-with-remote-control\/\" \/>\n<meta property=\"og:locale\" content=\"en_US\" \/>\n<meta property=\"og:type\" content=\"article\" \/>\n<meta property=\"og:title\" content=\"Silicone Prostate Vibrator and Strap with Remote Control\" \/>\n<meta property=\"og:description\" content=\"Kr\u00f6ftugur plugg me\u00f0 \u00e1f\u00f6stum typpahring og tveimur m\u00f3torum.\" \/>\n<meta property=\"og:url\" content=\"https:\/\/amina.is\/en\/verslun\/typpid\/anndtyppid\/silicone-prostate-vibrator-and-strap-with-remote-control\/\" \/>\n<meta property=\"og:site_name\" content=\"Amina\" \/>\n<meta property=\"article:publisher\" content=\"https:\/\/m.facebook.com\/AMINA-100767148840241\/\" \/>\n<meta property=\"article:modified_time\" content=\"2023-03-01T19:44:28+00:00\" \/>\n<meta property=\"og:image\" content=\"https:\/\/amina.is\/wp-content\/uploads\/2021\/05\/slicione-p-v.jpg\" \/>\n\t<meta property=\"og:image:width\" content=\"1200\" \/>\n\t<meta property=\"og:image:height\" content=\"1200\" \/>\n\t<meta property=\"og:image:type\" content=\"image\/jpeg\" \/>\n<meta name=\"twitter:card\" content=\"summary_large_image\" \/>\n<meta name=\"twitter:label1\" content=\"Est. reading time\" \/>\n\t<meta name=\"twitter:data1\" content=\"1 minute\" \/>\n<script type=\"application\/ld+json\" class=\"yoast-schema-graph\">{\"@context\":\"https:\\\/\\\/schema.org\",\"@graph\":[{\"@type\":\"WebPage\",\"@id\":\"https:\\\/\\\/amina.is\\\/verslun\\\/typpid\\\/anndtyppid\\\/silicone-prostate-vibrator-and-strap-with-remote-control\\\/\",\"url\":\"https:\\\/\\\/amina.is\\\/verslun\\\/typpid\\\/anndtyppid\\\/silicone-prostate-vibrator-and-strap-with-remote-control\\\/\",\"name\":\"Silicone Prostate Vibrator and Strap with Remote Control &#8211; Amina\",\"isPartOf\":{\"@id\":\"https:\\\/\\\/amina.is\\\/#website\"},\"primaryImageOfPage\":{\"@id\":\"https:\\\/\\\/amina.is\\\/verslun\\\/typpid\\\/anndtyppid\\\/silicone-prostate-vibrator-and-strap-with-remote-control\\\/#primaryimage\"},\"image\":{\"@id\":\"https:\\\/\\\/amina.is\\\/verslun\\\/typpid\\\/anndtyppid\\\/silicone-prostate-vibrator-and-strap-with-remote-control\\\/#primaryimage\"},\"thumbnailUrl\":\"https:\\\/\\\/amina.is\\\/wp-content\\\/uploads\\\/2021\\\/05\\\/slicione-p-v.jpg\",\"datePublished\":\"2021-05-24T18:25:27+00:00\",\"dateModified\":\"2023-03-01T19:44:28+00:00\",\"breadcrumb\":{\"@id\":\"https:\\\/\\\/amina.is\\\/verslun\\\/typpid\\\/anndtyppid\\\/silicone-prostate-vibrator-and-strap-with-remote-control\\\/#breadcrumb\"},\"inLanguage\":\"en-US\",\"potentialAction\":[{\"@type\":\"ReadAction\",\"target\":[\"https:\\\/\\\/amina.is\\\/verslun\\\/typpid\\\/anndtyppid\\\/silicone-prostate-vibrator-and-strap-with-remote-control\\\/\"]}]},{\"@type\":\"ImageObject\",\"inLanguage\":\"en-US\",\"@id\":\"https:\\\/\\\/amina.is\\\/verslun\\\/typpid\\\/anndtyppid\\\/silicone-prostate-vibrator-and-strap-with-remote-control\\\/#primaryimage\",\"url\":\"https:\\\/\\\/amina.is\\\/wp-content\\\/uploads\\\/2021\\\/05\\\/slicione-p-v.jpg\",\"contentUrl\":\"https:\\\/\\\/amina.is\\\/wp-content\\\/uploads\\\/2021\\\/05\\\/slicione-p-v.jpg\",\"width\":1200,\"height\":1200},{\"@type\":\"BreadcrumbList\",\"@id\":\"https:\\\/\\\/amina.is\\\/verslun\\\/typpid\\\/anndtyppid\\\/silicone-prostate-vibrator-and-strap-with-remote-control\\\/#breadcrumb\",\"itemListElement\":[{\"@type\":\"ListItem\",\"position\":1,\"name\":\"Home\",\"item\":\"https:\\\/\\\/amina.is\\\/\"},{\"@type\":\"ListItem\",\"position\":2,\"name\":\"Verslun\",\"item\":\"https:\\\/\\\/amina.is\\\/verslun\\\/\"},{\"@type\":\"ListItem\",\"position\":3,\"name\":\"Silicone Prostate Vibrator and Strap with Remote Control\"}]},{\"@type\":\"WebSite\",\"@id\":\"https:\\\/\\\/amina.is\\\/#website\",\"url\":\"https:\\\/\\\/amina.is\\\/\",\"name\":\"Amina\",\"description\":\"Feeling is everything - Una\u00f0sv\u00f6rur fyrir alla\",\"publisher\":{\"@id\":\"https:\\\/\\\/amina.is\\\/#organization\"},\"potentialAction\":[{\"@type\":\"SearchAction\",\"target\":{\"@type\":\"EntryPoint\",\"urlTemplate\":\"https:\\\/\\\/amina.is\\\/?s={search_term_string}\"},\"query-input\":{\"@type\":\"PropertyValueSpecification\",\"valueRequired\":true,\"valueName\":\"search_term_string\"}}],\"inLanguage\":\"en-US\"},{\"@type\":\"Organization\",\"@id\":\"https:\\\/\\\/amina.is\\\/#organization\",\"name\":\"Amina\",\"url\":\"https:\\\/\\\/amina.is\\\/\",\"logo\":{\"@type\":\"ImageObject\",\"inLanguage\":\"en-US\",\"@id\":\"https:\\\/\\\/amina.is\\\/#\\\/schema\\\/logo\\\/image\\\/\",\"url\":\"https:\\\/\\\/amina.is\\\/wp-content\\\/uploads\\\/2021\\\/09\\\/logo.png\",\"contentUrl\":\"https:\\\/\\\/amina.is\\\/wp-content\\\/uploads\\\/2021\\\/09\\\/logo.png\",\"width\":1790,\"height\":464,\"caption\":\"Amina\"},\"image\":{\"@id\":\"https:\\\/\\\/amina.is\\\/#\\\/schema\\\/logo\\\/image\\\/\"},\"sameAs\":[\"https:\\\/\\\/m.facebook.com\\\/AMINA-100767148840241\\\/\",\"https:\\\/\\\/www.instagram.com\\\/aminaverslun\\\/\"]}]}<\/script>\n<!-- \/ Yoast SEO Premium plugin. -->","yoast_head_json":{"title":"Silicone Prostate Vibrator and Strap with Remote Control &#8211; Amina","robots":{"index":"index","follow":"follow","max-snippet":"max-snippet:-1","max-image-preview":"max-image-preview:large","max-video-preview":"max-video-preview:-1"},"canonical":"https:\/\/amina.is\/en\/verslun\/typpid\/anndtyppid\/silicone-prostate-vibrator-and-strap-with-remote-control\/","og_locale":"en_US","og_type":"article","og_title":"Silicone Prostate Vibrator and Strap with Remote Control","og_description":"Kr\u00f6ftugur plugg me\u00f0 \u00e1f\u00f6stum typpahring og tveimur m\u00f3torum.","og_url":"https:\/\/amina.is\/en\/verslun\/typpid\/anndtyppid\/silicone-prostate-vibrator-and-strap-with-remote-control\/","og_site_name":"Amina","article_publisher":"https:\/\/m.facebook.com\/AMINA-100767148840241\/","article_modified_time":"2023-03-01T19:44:28+00:00","og_image":[{"width":1200,"height":1200,"url":"https:\/\/amina.is\/wp-content\/uploads\/2021\/05\/slicione-p-v.jpg","type":"image\/jpeg"}],"twitter_card":"summary_large_image","twitter_misc":{"Est. reading time":"1 minute"},"schema":{"@context":"https:\/\/schema.org","@graph":[{"@type":"WebPage","@id":"https:\/\/amina.is\/verslun\/typpid\/anndtyppid\/silicone-prostate-vibrator-and-strap-with-remote-control\/","url":"https:\/\/amina.is\/verslun\/typpid\/anndtyppid\/silicone-prostate-vibrator-and-strap-with-remote-control\/","name":"Silicone Prostate Vibrator and Strap with Remote Control &#8211; Amina","isPartOf":{"@id":"https:\/\/amina.is\/#website"},"primaryImageOfPage":{"@id":"https:\/\/amina.is\/verslun\/typpid\/anndtyppid\/silicone-prostate-vibrator-and-strap-with-remote-control\/#primaryimage"},"image":{"@id":"https:\/\/amina.is\/verslun\/typpid\/anndtyppid\/silicone-prostate-vibrator-and-strap-with-remote-control\/#primaryimage"},"thumbnailUrl":"https:\/\/amina.is\/wp-content\/uploads\/2021\/05\/slicione-p-v.jpg","datePublished":"2021-05-24T18:25:27+00:00","dateModified":"2023-03-01T19:44:28+00:00","breadcrumb":{"@id":"https:\/\/amina.is\/verslun\/typpid\/anndtyppid\/silicone-prostate-vibrator-and-strap-with-remote-control\/#breadcrumb"},"inLanguage":"en-US","potentialAction":[{"@type":"ReadAction","target":["https:\/\/amina.is\/verslun\/typpid\/anndtyppid\/silicone-prostate-vibrator-and-strap-with-remote-control\/"]}]},{"@type":"ImageObject","inLanguage":"en-US","@id":"https:\/\/amina.is\/verslun\/typpid\/anndtyppid\/silicone-prostate-vibrator-and-strap-with-remote-control\/#primaryimage","url":"https:\/\/amina.is\/wp-content\/uploads\/2021\/05\/slicione-p-v.jpg","contentUrl":"https:\/\/amina.is\/wp-content\/uploads\/2021\/05\/slicione-p-v.jpg","width":1200,"height":1200},{"@type":"BreadcrumbList","@id":"https:\/\/amina.is\/verslun\/typpid\/anndtyppid\/silicone-prostate-vibrator-and-strap-with-remote-control\/#breadcrumb","itemListElement":[{"@type":"ListItem","position":1,"name":"Home","item":"https:\/\/amina.is\/"},{"@type":"ListItem","position":2,"name":"Verslun","item":"https:\/\/amina.is\/verslun\/"},{"@type":"ListItem","position":3,"name":"Silicone Prostate Vibrator and Strap with Remote Control"}]},{"@type":"WebSite","@id":"https:\/\/amina.is\/#website","url":"https:\/\/amina.is\/","name":"Amina","description":"Feeling is everything - Una\u00f0sv\u00f6rur fyrir alla","publisher":{"@id":"https:\/\/amina.is\/#organization"},"potentialAction":[{"@type":"SearchAction","target":{"@type":"EntryPoint","urlTemplate":"https:\/\/amina.is\/?s={search_term_string}"},"query-input":{"@type":"PropertyValueSpecification","valueRequired":true,"valueName":"search_term_string"}}],"inLanguage":"en-US"},{"@type":"Organization","@id":"https:\/\/amina.is\/#organization","name":"Amina","url":"https:\/\/amina.is\/","logo":{"@type":"ImageObject","inLanguage":"en-US","@id":"https:\/\/amina.is\/#\/schema\/logo\/image\/","url":"https:\/\/amina.is\/wp-content\/uploads\/2021\/09\/logo.png","contentUrl":"https:\/\/amina.is\/wp-content\/uploads\/2021\/09\/logo.png","width":1790,"height":464,"caption":"Amina"},"image":{"@id":"https:\/\/amina.is\/#\/schema\/logo\/image\/"},"sameAs":["https:\/\/m.facebook.com\/AMINA-100767148840241\/","https:\/\/www.instagram.com\/aminaverslun\/"]}]}},"_links":{"self":[{"href":"https:\/\/amina.is\/en\/wp-json\/wp\/v2\/product\/6963","targetHints":{"allow":["GET"]}}],"collection":[{"href":"https:\/\/amina.is\/en\/wp-json\/wp\/v2\/product"}],"about":[{"href":"https:\/\/amina.is\/en\/wp-json\/wp\/v2\/types\/product"}],"version-history":[{"count":3,"href":"https:\/\/amina.is\/en\/wp-json\/wp\/v2\/product\/6963\/revisions"}],"predecessor-version":[{"id":7592,"href":"https:\/\/amina.is\/en\/wp-json\/wp\/v2\/product\/6963\/revisions\/7592"}],"wp:featuredmedia":[{"embeddable":true,"href":"https:\/\/amina.is\/en\/wp-json\/wp\/v2\/media\/7590"}],"wp:attachment":[{"href":"https:\/\/amina.is\/en\/wp-json\/wp\/v2\/media?parent=6963"}],"wp:term":[{"taxonomy":"product_brand","embeddable":true,"href":"https:\/\/amina.is\/en\/wp-json\/wp\/v2\/product_brand?post=6963"},{"taxonomy":"product_cat","embeddable":true,"href":"https:\/\/amina.is\/en\/wp-json\/wp\/v2\/product_cat?post=6963"},{"taxonomy":"product_tag","embeddable":true,"href":"https:\/\/amina.is\/en\/wp-json\/wp\/v2\/product_tag?post=6963"}],"curies":[{"name":"wp","href":"https:\/\/api.w.org\/{rel}","templated":true}]}}