{"id":6938,"date":"2021-05-20T16:12:01","date_gmt":"2021-05-20T16:12:01","guid":{"rendered":"http:\/\/amina.web14.vefold.is\/?post_type=product&#038;p=6938"},"modified":"2025-11-30T21:56:29","modified_gmt":"2025-11-30T21:56:29","slug":"radiant-berry-by-victorias-secret","status":"publish","type":"product","link":"https:\/\/amina.is\/en\/verslun\/fatnadur\/naerfot-domu-fatnadur\/victorias-secret\/radiant-berry-by-victorias-secret\/","title":{"rendered":"Radiant Berry By Victoria&#8217;s Secret"},"content":{"rendered":"<p>Body lotion fr\u00e1 Victoria Secret. Takmarka\u00f0 upplag. Hindber, sk\u00f3gur &amp; s\u00f3larlag.<\/p>\n<p>236ml. 24 klukkustunda raki.<\/p>","protected":false},"excerpt":{"rendered":"<p>Body lotion fr\u00e1 Victoria&#8217;s Secret.<\/p>","protected":false},"featured_media":7608,"template":"","meta":{"inline_featured_image":false},"product_brand":[],"product_cat":[891,342,48,911,339],"product_tag":[600,602,591,542,609,592,611,541,590,607,606,605,589,610,608],"class_list":{"0":"post-6938","1":"product","2":"type-product","3":"status-publish","4":"has-post-thumbnail","6":"product_cat-annadd","7":"product_cat-naerfot-domu-fatnadur","8":"product_cat-oliur","9":"product_cat-oliurogkrem","10":"product_cat-victorias-secret","11":"product_tag-ber","12":"product_tag-berry","13":"product_tag-body-lotion","14":"product_tag-cream","15":"product_tag-creamy","16":"product_tag-hand-cream","17":"product_tag-hindber","18":"product_tag-krem","19":"product_tag-lotion","20":"product_tag-skogur","21":"product_tag-solarlag","22":"product_tag-sunset","23":"product_tag-victorias-secret","24":"product_tag-white-raspberry","25":"product_tag-woods","27":"first","28":"outofstock","29":"shipping-taxable","30":"purchasable","31":"product-type-simple"},"yoast_head":"<!-- This site is optimized with the Yoast SEO Premium plugin v21.6 (Yoast SEO v27.3) - https:\/\/yoast.com\/product\/yoast-seo-premium-wordpress\/ -->\n<title>Radiant Berry By Victoria&#039;s Secret &#8211; Amina<\/title>\n<meta name=\"robots\" content=\"index, follow, max-snippet:-1, max-image-preview:large, max-video-preview:-1\" \/>\n<link rel=\"canonical\" href=\"https:\/\/amina.is\/en\/verslun\/fatnadur\/naerfot-domu-fatnadur\/victorias-secret\/radiant-berry-by-victorias-secret\/\" \/>\n<meta property=\"og:locale\" content=\"en_US\" \/>\n<meta property=\"og:type\" content=\"article\" \/>\n<meta property=\"og:title\" content=\"Radiant Berry By Victoria&#039;s Secret\" \/>\n<meta property=\"og:description\" content=\"Body lotion fr\u00e1 Victoria&#039;s Secret.\" \/>\n<meta property=\"og:url\" content=\"https:\/\/amina.is\/en\/verslun\/fatnadur\/naerfot-domu-fatnadur\/victorias-secret\/radiant-berry-by-victorias-secret\/\" \/>\n<meta property=\"og:site_name\" content=\"Amina\" \/>\n<meta property=\"article:publisher\" content=\"https:\/\/m.facebook.com\/AMINA-100767148840241\/\" \/>\n<meta property=\"article:modified_time\" content=\"2025-11-30T21:56:29+00:00\" \/>\n<meta property=\"og:image\" content=\"https:\/\/amina.is\/wp-content\/uploads\/2021\/05\/VS-berry.jpg\" \/>\n\t<meta property=\"og:image:width\" content=\"1000\" \/>\n\t<meta property=\"og:image:height\" content=\"1000\" \/>\n\t<meta property=\"og:image:type\" content=\"image\/jpeg\" \/>\n<meta name=\"twitter:card\" content=\"summary_large_image\" \/>\n<script type=\"application\/ld+json\" class=\"yoast-schema-graph\">{\"@context\":\"https:\\\/\\\/schema.org\",\"@graph\":[{\"@type\":\"WebPage\",\"@id\":\"https:\\\/\\\/amina.is\\\/verslun\\\/fatnadur\\\/naerfot-domu-fatnadur\\\/victorias-secret\\\/radiant-berry-by-victorias-secret\\\/\",\"url\":\"https:\\\/\\\/amina.is\\\/verslun\\\/fatnadur\\\/naerfot-domu-fatnadur\\\/victorias-secret\\\/radiant-berry-by-victorias-secret\\\/\",\"name\":\"Radiant Berry By Victoria's Secret &#8211; Amina\",\"isPartOf\":{\"@id\":\"https:\\\/\\\/amina.is\\\/#website\"},\"primaryImageOfPage\":{\"@id\":\"https:\\\/\\\/amina.is\\\/verslun\\\/fatnadur\\\/naerfot-domu-fatnadur\\\/victorias-secret\\\/radiant-berry-by-victorias-secret\\\/#primaryimage\"},\"image\":{\"@id\":\"https:\\\/\\\/amina.is\\\/verslun\\\/fatnadur\\\/naerfot-domu-fatnadur\\\/victorias-secret\\\/radiant-berry-by-victorias-secret\\\/#primaryimage\"},\"thumbnailUrl\":\"https:\\\/\\\/amina.is\\\/wp-content\\\/uploads\\\/2021\\\/05\\\/VS-berry.jpg\",\"datePublished\":\"2021-05-20T16:12:01+00:00\",\"dateModified\":\"2025-11-30T21:56:29+00:00\",\"breadcrumb\":{\"@id\":\"https:\\\/\\\/amina.is\\\/verslun\\\/fatnadur\\\/naerfot-domu-fatnadur\\\/victorias-secret\\\/radiant-berry-by-victorias-secret\\\/#breadcrumb\"},\"inLanguage\":\"en-US\",\"potentialAction\":[{\"@type\":\"ReadAction\",\"target\":[\"https:\\\/\\\/amina.is\\\/verslun\\\/fatnadur\\\/naerfot-domu-fatnadur\\\/victorias-secret\\\/radiant-berry-by-victorias-secret\\\/\"]}]},{\"@type\":\"ImageObject\",\"inLanguage\":\"en-US\",\"@id\":\"https:\\\/\\\/amina.is\\\/verslun\\\/fatnadur\\\/naerfot-domu-fatnadur\\\/victorias-secret\\\/radiant-berry-by-victorias-secret\\\/#primaryimage\",\"url\":\"https:\\\/\\\/amina.is\\\/wp-content\\\/uploads\\\/2021\\\/05\\\/VS-berry.jpg\",\"contentUrl\":\"https:\\\/\\\/amina.is\\\/wp-content\\\/uploads\\\/2021\\\/05\\\/VS-berry.jpg\",\"width\":1000,\"height\":1000},{\"@type\":\"BreadcrumbList\",\"@id\":\"https:\\\/\\\/amina.is\\\/verslun\\\/fatnadur\\\/naerfot-domu-fatnadur\\\/victorias-secret\\\/radiant-berry-by-victorias-secret\\\/#breadcrumb\",\"itemListElement\":[{\"@type\":\"ListItem\",\"position\":1,\"name\":\"Home\",\"item\":\"https:\\\/\\\/amina.is\\\/\"},{\"@type\":\"ListItem\",\"position\":2,\"name\":\"Verslun\",\"item\":\"https:\\\/\\\/amina.is\\\/verslun\\\/\"},{\"@type\":\"ListItem\",\"position\":3,\"name\":\"Radiant Berry By Victoria&#8217;s Secret\"}]},{\"@type\":\"WebSite\",\"@id\":\"https:\\\/\\\/amina.is\\\/#website\",\"url\":\"https:\\\/\\\/amina.is\\\/\",\"name\":\"Amina\",\"description\":\"Feeling is everything - Una\u00f0sv\u00f6rur fyrir alla\",\"publisher\":{\"@id\":\"https:\\\/\\\/amina.is\\\/#organization\"},\"potentialAction\":[{\"@type\":\"SearchAction\",\"target\":{\"@type\":\"EntryPoint\",\"urlTemplate\":\"https:\\\/\\\/amina.is\\\/?s={search_term_string}\"},\"query-input\":{\"@type\":\"PropertyValueSpecification\",\"valueRequired\":true,\"valueName\":\"search_term_string\"}}],\"inLanguage\":\"en-US\"},{\"@type\":\"Organization\",\"@id\":\"https:\\\/\\\/amina.is\\\/#organization\",\"name\":\"Amina\",\"url\":\"https:\\\/\\\/amina.is\\\/\",\"logo\":{\"@type\":\"ImageObject\",\"inLanguage\":\"en-US\",\"@id\":\"https:\\\/\\\/amina.is\\\/#\\\/schema\\\/logo\\\/image\\\/\",\"url\":\"https:\\\/\\\/amina.is\\\/wp-content\\\/uploads\\\/2021\\\/09\\\/logo.png\",\"contentUrl\":\"https:\\\/\\\/amina.is\\\/wp-content\\\/uploads\\\/2021\\\/09\\\/logo.png\",\"width\":1790,\"height\":464,\"caption\":\"Amina\"},\"image\":{\"@id\":\"https:\\\/\\\/amina.is\\\/#\\\/schema\\\/logo\\\/image\\\/\"},\"sameAs\":[\"https:\\\/\\\/m.facebook.com\\\/AMINA-100767148840241\\\/\",\"https:\\\/\\\/www.instagram.com\\\/aminaverslun\\\/\"]}]}<\/script>\n<!-- \/ Yoast SEO Premium plugin. -->","yoast_head_json":{"title":"Radiant Berry By Victoria's Secret &#8211; Amina","robots":{"index":"index","follow":"follow","max-snippet":"max-snippet:-1","max-image-preview":"max-image-preview:large","max-video-preview":"max-video-preview:-1"},"canonical":"https:\/\/amina.is\/en\/verslun\/fatnadur\/naerfot-domu-fatnadur\/victorias-secret\/radiant-berry-by-victorias-secret\/","og_locale":"en_US","og_type":"article","og_title":"Radiant Berry By Victoria's Secret","og_description":"Body lotion fr\u00e1 Victoria's Secret.","og_url":"https:\/\/amina.is\/en\/verslun\/fatnadur\/naerfot-domu-fatnadur\/victorias-secret\/radiant-berry-by-victorias-secret\/","og_site_name":"Amina","article_publisher":"https:\/\/m.facebook.com\/AMINA-100767148840241\/","article_modified_time":"2025-11-30T21:56:29+00:00","og_image":[{"width":1000,"height":1000,"url":"https:\/\/amina.is\/wp-content\/uploads\/2021\/05\/VS-berry.jpg","type":"image\/jpeg"}],"twitter_card":"summary_large_image","schema":{"@context":"https:\/\/schema.org","@graph":[{"@type":"WebPage","@id":"https:\/\/amina.is\/verslun\/fatnadur\/naerfot-domu-fatnadur\/victorias-secret\/radiant-berry-by-victorias-secret\/","url":"https:\/\/amina.is\/verslun\/fatnadur\/naerfot-domu-fatnadur\/victorias-secret\/radiant-berry-by-victorias-secret\/","name":"Radiant Berry By Victoria's Secret &#8211; Amina","isPartOf":{"@id":"https:\/\/amina.is\/#website"},"primaryImageOfPage":{"@id":"https:\/\/amina.is\/verslun\/fatnadur\/naerfot-domu-fatnadur\/victorias-secret\/radiant-berry-by-victorias-secret\/#primaryimage"},"image":{"@id":"https:\/\/amina.is\/verslun\/fatnadur\/naerfot-domu-fatnadur\/victorias-secret\/radiant-berry-by-victorias-secret\/#primaryimage"},"thumbnailUrl":"https:\/\/amina.is\/wp-content\/uploads\/2021\/05\/VS-berry.jpg","datePublished":"2021-05-20T16:12:01+00:00","dateModified":"2025-11-30T21:56:29+00:00","breadcrumb":{"@id":"https:\/\/amina.is\/verslun\/fatnadur\/naerfot-domu-fatnadur\/victorias-secret\/radiant-berry-by-victorias-secret\/#breadcrumb"},"inLanguage":"en-US","potentialAction":[{"@type":"ReadAction","target":["https:\/\/amina.is\/verslun\/fatnadur\/naerfot-domu-fatnadur\/victorias-secret\/radiant-berry-by-victorias-secret\/"]}]},{"@type":"ImageObject","inLanguage":"en-US","@id":"https:\/\/amina.is\/verslun\/fatnadur\/naerfot-domu-fatnadur\/victorias-secret\/radiant-berry-by-victorias-secret\/#primaryimage","url":"https:\/\/amina.is\/wp-content\/uploads\/2021\/05\/VS-berry.jpg","contentUrl":"https:\/\/amina.is\/wp-content\/uploads\/2021\/05\/VS-berry.jpg","width":1000,"height":1000},{"@type":"BreadcrumbList","@id":"https:\/\/amina.is\/verslun\/fatnadur\/naerfot-domu-fatnadur\/victorias-secret\/radiant-berry-by-victorias-secret\/#breadcrumb","itemListElement":[{"@type":"ListItem","position":1,"name":"Home","item":"https:\/\/amina.is\/"},{"@type":"ListItem","position":2,"name":"Verslun","item":"https:\/\/amina.is\/verslun\/"},{"@type":"ListItem","position":3,"name":"Radiant Berry By Victoria&#8217;s Secret"}]},{"@type":"WebSite","@id":"https:\/\/amina.is\/#website","url":"https:\/\/amina.is\/","name":"Amina","description":"Feeling is everything - Una\u00f0sv\u00f6rur fyrir alla","publisher":{"@id":"https:\/\/amina.is\/#organization"},"potentialAction":[{"@type":"SearchAction","target":{"@type":"EntryPoint","urlTemplate":"https:\/\/amina.is\/?s={search_term_string}"},"query-input":{"@type":"PropertyValueSpecification","valueRequired":true,"valueName":"search_term_string"}}],"inLanguage":"en-US"},{"@type":"Organization","@id":"https:\/\/amina.is\/#organization","name":"Amina","url":"https:\/\/amina.is\/","logo":{"@type":"ImageObject","inLanguage":"en-US","@id":"https:\/\/amina.is\/#\/schema\/logo\/image\/","url":"https:\/\/amina.is\/wp-content\/uploads\/2021\/09\/logo.png","contentUrl":"https:\/\/amina.is\/wp-content\/uploads\/2021\/09\/logo.png","width":1790,"height":464,"caption":"Amina"},"image":{"@id":"https:\/\/amina.is\/#\/schema\/logo\/image\/"},"sameAs":["https:\/\/m.facebook.com\/AMINA-100767148840241\/","https:\/\/www.instagram.com\/aminaverslun\/"]}]}},"_links":{"self":[{"href":"https:\/\/amina.is\/en\/wp-json\/wp\/v2\/product\/6938","targetHints":{"allow":["GET"]}}],"collection":[{"href":"https:\/\/amina.is\/en\/wp-json\/wp\/v2\/product"}],"about":[{"href":"https:\/\/amina.is\/en\/wp-json\/wp\/v2\/types\/product"}],"version-history":[{"count":2,"href":"https:\/\/amina.is\/en\/wp-json\/wp\/v2\/product\/6938\/revisions"}],"predecessor-version":[{"id":7617,"href":"https:\/\/amina.is\/en\/wp-json\/wp\/v2\/product\/6938\/revisions\/7617"}],"wp:featuredmedia":[{"embeddable":true,"href":"https:\/\/amina.is\/en\/wp-json\/wp\/v2\/media\/7608"}],"wp:attachment":[{"href":"https:\/\/amina.is\/en\/wp-json\/wp\/v2\/media?parent=6938"}],"wp:term":[{"taxonomy":"product_brand","embeddable":true,"href":"https:\/\/amina.is\/en\/wp-json\/wp\/v2\/product_brand?post=6938"},{"taxonomy":"product_cat","embeddable":true,"href":"https:\/\/amina.is\/en\/wp-json\/wp\/v2\/product_cat?post=6938"},{"taxonomy":"product_tag","embeddable":true,"href":"https:\/\/amina.is\/en\/wp-json\/wp\/v2\/product_tag?post=6938"}],"curies":[{"name":"wp","href":"https:\/\/api.w.org\/{rel}","templated":true}]}}