{"id":6870,"date":"2021-05-03T18:20:02","date_gmt":"2021-05-03T18:20:02","guid":{"rendered":"http:\/\/amina.web14.vefold.is\/?post_type=product&#038;p=6870"},"modified":"2023-03-01T19:32:31","modified_gmt":"2023-03-01T19:32:31","slug":"strict-leather-bull-dog-harness","status":"publish","type":"product","link":"https:\/\/amina.is\/en\/verslun\/fatnadur\/naerfot-herra\/annadh\/strict-leather-bull-dog-harness\/","title":{"rendered":"Strict Leather &#8211; Bull Dog Harness"},"content":{"rendered":"<h5>Flott Bull Dog Harness fr\u00e1 Strict Leather. Festi hringur a\u00f0 framan og aftan. Ekta le\u00f0ur.<\/h5>\n<h5>Axlarb\u00f6ndin eru stillanleg fr\u00e1 13,3 til 28cm. Passar brj\u00f3stkassast\u00e6r\u00f0 fr\u00e1 81 til 112cm.<\/h5>\n<h5><\/h5>","protected":false},"excerpt":{"rendered":"<p>Flott Bull Dog Harness fr\u00e1 Strict Leather.<\/p>","protected":false},"featured_media":7661,"template":"","meta":{"inline_featured_image":false},"product_brand":[],"product_cat":[890,508,36,196,41,903,340],"product_tag":[562,105,374,483,561],"class_list":{"0":"post-6870","1":"product","2":"type-product","3":"status-publish","4":"has-post-thumbnail","6":"product_cat-annadh","7":"product_cat-aukahlutir","8":"product_cat-blaeti","9":"product_cat-fatnadur","10":"product_cat-fyrir-tha","11":"product_cat-grimurosvfrv","12":"product_cat-naerfot-herra","13":"product_tag-bull-dog-harness","14":"product_tag-harness","15":"product_tag-leather","16":"product_tag-ledur","17":"product_tag-strict-leather","19":"first","20":"instock","21":"shipping-taxable","22":"purchasable","23":"product-type-simple"},"yoast_head":"<!-- This site is optimized with the Yoast SEO Premium plugin v21.6 (Yoast SEO v27.3) - https:\/\/yoast.com\/product\/yoast-seo-premium-wordpress\/ -->\n<title>Strict Leather - Bull Dog Harness &#8211; Amina<\/title>\n<meta name=\"robots\" content=\"index, follow, max-snippet:-1, max-image-preview:large, max-video-preview:-1\" \/>\n<link rel=\"canonical\" href=\"https:\/\/amina.is\/en\/verslun\/fatnadur\/naerfot-herra\/annadh\/strict-leather-bull-dog-harness\/\" \/>\n<meta property=\"og:locale\" content=\"en_US\" \/>\n<meta property=\"og:type\" content=\"article\" \/>\n<meta property=\"og:title\" content=\"Strict Leather - Bull Dog Harness\" \/>\n<meta property=\"og:description\" content=\"Flott Bull Dog Harness fr\u00e1 Strict Leather.\" \/>\n<meta property=\"og:url\" content=\"https:\/\/amina.is\/en\/verslun\/fatnadur\/naerfot-herra\/annadh\/strict-leather-bull-dog-harness\/\" \/>\n<meta property=\"og:site_name\" content=\"Amina\" \/>\n<meta property=\"article:publisher\" content=\"https:\/\/m.facebook.com\/AMINA-100767148840241\/\" \/>\n<meta property=\"article:modified_time\" content=\"2023-03-01T19:32:31+00:00\" \/>\n<meta property=\"og:image\" content=\"https:\/\/amina.is\/wp-content\/uploads\/2021\/05\/71hpZHdRLHL._AC_SL1500_.jpg\" \/>\n\t<meta property=\"og:image:width\" content=\"1600\" \/>\n\t<meta property=\"og:image:height\" content=\"1600\" \/>\n\t<meta property=\"og:image:type\" content=\"image\/jpeg\" \/>\n<meta name=\"twitter:card\" content=\"summary_large_image\" \/>\n<script type=\"application\/ld+json\" class=\"yoast-schema-graph\">{\"@context\":\"https:\\\/\\\/schema.org\",\"@graph\":[{\"@type\":\"WebPage\",\"@id\":\"https:\\\/\\\/amina.is\\\/verslun\\\/fatnadur\\\/naerfot-herra\\\/annadh\\\/strict-leather-bull-dog-harness\\\/\",\"url\":\"https:\\\/\\\/amina.is\\\/verslun\\\/fatnadur\\\/naerfot-herra\\\/annadh\\\/strict-leather-bull-dog-harness\\\/\",\"name\":\"Strict Leather - Bull Dog Harness &#8211; Amina\",\"isPartOf\":{\"@id\":\"https:\\\/\\\/amina.is\\\/#website\"},\"primaryImageOfPage\":{\"@id\":\"https:\\\/\\\/amina.is\\\/verslun\\\/fatnadur\\\/naerfot-herra\\\/annadh\\\/strict-leather-bull-dog-harness\\\/#primaryimage\"},\"image\":{\"@id\":\"https:\\\/\\\/amina.is\\\/verslun\\\/fatnadur\\\/naerfot-herra\\\/annadh\\\/strict-leather-bull-dog-harness\\\/#primaryimage\"},\"thumbnailUrl\":\"https:\\\/\\\/amina.is\\\/wp-content\\\/uploads\\\/2021\\\/05\\\/71hpZHdRLHL._AC_SL1500_.jpg\",\"datePublished\":\"2021-05-03T18:20:02+00:00\",\"dateModified\":\"2023-03-01T19:32:31+00:00\",\"breadcrumb\":{\"@id\":\"https:\\\/\\\/amina.is\\\/verslun\\\/fatnadur\\\/naerfot-herra\\\/annadh\\\/strict-leather-bull-dog-harness\\\/#breadcrumb\"},\"inLanguage\":\"en-US\",\"potentialAction\":[{\"@type\":\"ReadAction\",\"target\":[\"https:\\\/\\\/amina.is\\\/verslun\\\/fatnadur\\\/naerfot-herra\\\/annadh\\\/strict-leather-bull-dog-harness\\\/\"]}]},{\"@type\":\"ImageObject\",\"inLanguage\":\"en-US\",\"@id\":\"https:\\\/\\\/amina.is\\\/verslun\\\/fatnadur\\\/naerfot-herra\\\/annadh\\\/strict-leather-bull-dog-harness\\\/#primaryimage\",\"url\":\"https:\\\/\\\/amina.is\\\/wp-content\\\/uploads\\\/2021\\\/05\\\/71hpZHdRLHL._AC_SL1500_.jpg\",\"contentUrl\":\"https:\\\/\\\/amina.is\\\/wp-content\\\/uploads\\\/2021\\\/05\\\/71hpZHdRLHL._AC_SL1500_.jpg\",\"width\":1600,\"height\":1600},{\"@type\":\"BreadcrumbList\",\"@id\":\"https:\\\/\\\/amina.is\\\/verslun\\\/fatnadur\\\/naerfot-herra\\\/annadh\\\/strict-leather-bull-dog-harness\\\/#breadcrumb\",\"itemListElement\":[{\"@type\":\"ListItem\",\"position\":1,\"name\":\"Home\",\"item\":\"https:\\\/\\\/amina.is\\\/\"},{\"@type\":\"ListItem\",\"position\":2,\"name\":\"Verslun\",\"item\":\"https:\\\/\\\/amina.is\\\/verslun\\\/\"},{\"@type\":\"ListItem\",\"position\":3,\"name\":\"Strict Leather &#8211; Bull Dog Harness\"}]},{\"@type\":\"WebSite\",\"@id\":\"https:\\\/\\\/amina.is\\\/#website\",\"url\":\"https:\\\/\\\/amina.is\\\/\",\"name\":\"Amina\",\"description\":\"Feeling is everything - Una\u00f0sv\u00f6rur fyrir alla\",\"publisher\":{\"@id\":\"https:\\\/\\\/amina.is\\\/#organization\"},\"potentialAction\":[{\"@type\":\"SearchAction\",\"target\":{\"@type\":\"EntryPoint\",\"urlTemplate\":\"https:\\\/\\\/amina.is\\\/?s={search_term_string}\"},\"query-input\":{\"@type\":\"PropertyValueSpecification\",\"valueRequired\":true,\"valueName\":\"search_term_string\"}}],\"inLanguage\":\"en-US\"},{\"@type\":\"Organization\",\"@id\":\"https:\\\/\\\/amina.is\\\/#organization\",\"name\":\"Amina\",\"url\":\"https:\\\/\\\/amina.is\\\/\",\"logo\":{\"@type\":\"ImageObject\",\"inLanguage\":\"en-US\",\"@id\":\"https:\\\/\\\/amina.is\\\/#\\\/schema\\\/logo\\\/image\\\/\",\"url\":\"https:\\\/\\\/amina.is\\\/wp-content\\\/uploads\\\/2021\\\/09\\\/logo.png\",\"contentUrl\":\"https:\\\/\\\/amina.is\\\/wp-content\\\/uploads\\\/2021\\\/09\\\/logo.png\",\"width\":1790,\"height\":464,\"caption\":\"Amina\"},\"image\":{\"@id\":\"https:\\\/\\\/amina.is\\\/#\\\/schema\\\/logo\\\/image\\\/\"},\"sameAs\":[\"https:\\\/\\\/m.facebook.com\\\/AMINA-100767148840241\\\/\",\"https:\\\/\\\/www.instagram.com\\\/aminaverslun\\\/\"]}]}<\/script>\n<!-- \/ Yoast SEO Premium plugin. -->","yoast_head_json":{"title":"Strict Leather - Bull Dog Harness &#8211; Amina","robots":{"index":"index","follow":"follow","max-snippet":"max-snippet:-1","max-image-preview":"max-image-preview:large","max-video-preview":"max-video-preview:-1"},"canonical":"https:\/\/amina.is\/en\/verslun\/fatnadur\/naerfot-herra\/annadh\/strict-leather-bull-dog-harness\/","og_locale":"en_US","og_type":"article","og_title":"Strict Leather - Bull Dog Harness","og_description":"Flott Bull Dog Harness fr\u00e1 Strict Leather.","og_url":"https:\/\/amina.is\/en\/verslun\/fatnadur\/naerfot-herra\/annadh\/strict-leather-bull-dog-harness\/","og_site_name":"Amina","article_publisher":"https:\/\/m.facebook.com\/AMINA-100767148840241\/","article_modified_time":"2023-03-01T19:32:31+00:00","og_image":[{"width":1600,"height":1600,"url":"https:\/\/amina.is\/wp-content\/uploads\/2021\/05\/71hpZHdRLHL._AC_SL1500_.jpg","type":"image\/jpeg"}],"twitter_card":"summary_large_image","schema":{"@context":"https:\/\/schema.org","@graph":[{"@type":"WebPage","@id":"https:\/\/amina.is\/verslun\/fatnadur\/naerfot-herra\/annadh\/strict-leather-bull-dog-harness\/","url":"https:\/\/amina.is\/verslun\/fatnadur\/naerfot-herra\/annadh\/strict-leather-bull-dog-harness\/","name":"Strict Leather - Bull Dog Harness &#8211; Amina","isPartOf":{"@id":"https:\/\/amina.is\/#website"},"primaryImageOfPage":{"@id":"https:\/\/amina.is\/verslun\/fatnadur\/naerfot-herra\/annadh\/strict-leather-bull-dog-harness\/#primaryimage"},"image":{"@id":"https:\/\/amina.is\/verslun\/fatnadur\/naerfot-herra\/annadh\/strict-leather-bull-dog-harness\/#primaryimage"},"thumbnailUrl":"https:\/\/amina.is\/wp-content\/uploads\/2021\/05\/71hpZHdRLHL._AC_SL1500_.jpg","datePublished":"2021-05-03T18:20:02+00:00","dateModified":"2023-03-01T19:32:31+00:00","breadcrumb":{"@id":"https:\/\/amina.is\/verslun\/fatnadur\/naerfot-herra\/annadh\/strict-leather-bull-dog-harness\/#breadcrumb"},"inLanguage":"en-US","potentialAction":[{"@type":"ReadAction","target":["https:\/\/amina.is\/verslun\/fatnadur\/naerfot-herra\/annadh\/strict-leather-bull-dog-harness\/"]}]},{"@type":"ImageObject","inLanguage":"en-US","@id":"https:\/\/amina.is\/verslun\/fatnadur\/naerfot-herra\/annadh\/strict-leather-bull-dog-harness\/#primaryimage","url":"https:\/\/amina.is\/wp-content\/uploads\/2021\/05\/71hpZHdRLHL._AC_SL1500_.jpg","contentUrl":"https:\/\/amina.is\/wp-content\/uploads\/2021\/05\/71hpZHdRLHL._AC_SL1500_.jpg","width":1600,"height":1600},{"@type":"BreadcrumbList","@id":"https:\/\/amina.is\/verslun\/fatnadur\/naerfot-herra\/annadh\/strict-leather-bull-dog-harness\/#breadcrumb","itemListElement":[{"@type":"ListItem","position":1,"name":"Home","item":"https:\/\/amina.is\/"},{"@type":"ListItem","position":2,"name":"Verslun","item":"https:\/\/amina.is\/verslun\/"},{"@type":"ListItem","position":3,"name":"Strict Leather &#8211; Bull Dog Harness"}]},{"@type":"WebSite","@id":"https:\/\/amina.is\/#website","url":"https:\/\/amina.is\/","name":"Amina","description":"Feeling is everything - Una\u00f0sv\u00f6rur fyrir alla","publisher":{"@id":"https:\/\/amina.is\/#organization"},"potentialAction":[{"@type":"SearchAction","target":{"@type":"EntryPoint","urlTemplate":"https:\/\/amina.is\/?s={search_term_string}"},"query-input":{"@type":"PropertyValueSpecification","valueRequired":true,"valueName":"search_term_string"}}],"inLanguage":"en-US"},{"@type":"Organization","@id":"https:\/\/amina.is\/#organization","name":"Amina","url":"https:\/\/amina.is\/","logo":{"@type":"ImageObject","inLanguage":"en-US","@id":"https:\/\/amina.is\/#\/schema\/logo\/image\/","url":"https:\/\/amina.is\/wp-content\/uploads\/2021\/09\/logo.png","contentUrl":"https:\/\/amina.is\/wp-content\/uploads\/2021\/09\/logo.png","width":1790,"height":464,"caption":"Amina"},"image":{"@id":"https:\/\/amina.is\/#\/schema\/logo\/image\/"},"sameAs":["https:\/\/m.facebook.com\/AMINA-100767148840241\/","https:\/\/www.instagram.com\/aminaverslun\/"]}]}},"_links":{"self":[{"href":"https:\/\/amina.is\/en\/wp-json\/wp\/v2\/product\/6870","targetHints":{"allow":["GET"]}}],"collection":[{"href":"https:\/\/amina.is\/en\/wp-json\/wp\/v2\/product"}],"about":[{"href":"https:\/\/amina.is\/en\/wp-json\/wp\/v2\/types\/product"}],"version-history":[{"count":3,"href":"https:\/\/amina.is\/en\/wp-json\/wp\/v2\/product\/6870\/revisions"}],"predecessor-version":[{"id":7662,"href":"https:\/\/amina.is\/en\/wp-json\/wp\/v2\/product\/6870\/revisions\/7662"}],"wp:featuredmedia":[{"embeddable":true,"href":"https:\/\/amina.is\/en\/wp-json\/wp\/v2\/media\/7661"}],"wp:attachment":[{"href":"https:\/\/amina.is\/en\/wp-json\/wp\/v2\/media?parent=6870"}],"wp:term":[{"taxonomy":"product_brand","embeddable":true,"href":"https:\/\/amina.is\/en\/wp-json\/wp\/v2\/product_brand?post=6870"},{"taxonomy":"product_cat","embeddable":true,"href":"https:\/\/amina.is\/en\/wp-json\/wp\/v2\/product_cat?post=6870"},{"taxonomy":"product_tag","embeddable":true,"href":"https:\/\/amina.is\/en\/wp-json\/wp\/v2\/product_tag?post=6870"}],"curies":[{"name":"wp","href":"https:\/\/api.w.org\/{rel}","templated":true}]}}