{"id":6864,"date":"2021-05-03T17:40:17","date_gmt":"2021-05-03T17:40:17","guid":{"rendered":"http:\/\/amina.web14.vefold.is\/?post_type=product&#038;p=6864"},"modified":"2025-01-20T17:35:29","modified_gmt":"2025-01-20T17:35:29","slug":"master-series-jewel-butt-plug-ruby","status":"publish","type":"product","link":"https:\/\/amina.is\/en\/verslun\/outlet\/master-series-jewel-butt-plug-ruby\/","title":{"rendered":"Master Series &#8211; Jewel Butt Plug Ruby"},"content":{"rendered":"<h5>A.T.H. \u00deessi vara kemur ekki \u00ed neytendapakkningu og selst \u00fev\u00ed \u00e1 afsl\u00e6tti. N\u00fd og \u00f3notu\u00f0 vara.<\/h5>\n<h5>Please note that this product does not come in retail packaging.<\/h5>\n<h5>These stunning chrome-plated steel plugs are beautifully designed for comfortable, long-term wear. Enjoy a constant sensation as these plugs weigh more than others, while the gemstone-like detailing on the handle of the plug adds a little sparkle to your stimulation.<\/h5>\n<h5><b>Size:<\/b> Small plug is approx. 2 inches of insertable length (5cm) and 3.75 inches in circumference at widest point (9,5cm).<\/h5>\n<h5><b>Material:<\/b>\u00a0Chrome-plated steel.<\/h5>\n<h5><b>Color:<\/b> Ruby<\/h5>","protected":false},"excerpt":{"rendered":"<p>These stunning chrome-plated steel plugs are beautifully designed for comfortable, long-term wear.<\/p>","protected":false},"featured_media":8175,"template":"","meta":{"inline_featured_image":false},"product_brand":[],"product_cat":[93],"product_tag":[61,297,556],"class_list":{"0":"post-6864","1":"product","2":"type-product","3":"status-publish","4":"has-post-thumbnail","6":"product_cat-outlet","7":"product_tag-butt-plug","8":"product_tag-outlet","9":"product_tag-ruby","11":"first","12":"instock","13":"sale","14":"shipping-taxable","15":"purchasable","16":"product-type-simple"},"yoast_head":"<!-- This site is optimized with the Yoast SEO Premium plugin v21.6 (Yoast SEO v27.3) - https:\/\/yoast.com\/product\/yoast-seo-premium-wordpress\/ -->\n<title>Master Series - Jewel Butt Plug Ruby &#8211; Amina<\/title>\n<meta name=\"robots\" content=\"index, follow, max-snippet:-1, max-image-preview:large, max-video-preview:-1\" \/>\n<link rel=\"canonical\" href=\"https:\/\/amina.is\/en\/verslun\/outlet\/master-series-jewel-butt-plug-ruby\/\" \/>\n<meta property=\"og:locale\" content=\"en_US\" \/>\n<meta property=\"og:type\" content=\"article\" \/>\n<meta property=\"og:title\" content=\"Master Series - Jewel Butt Plug Ruby\" \/>\n<meta property=\"og:description\" content=\"These stunning chrome-plated steel plugs are beautifully designed for comfortable, long-term wear.\" \/>\n<meta property=\"og:url\" content=\"https:\/\/amina.is\/en\/verslun\/outlet\/master-series-jewel-butt-plug-ruby\/\" \/>\n<meta property=\"og:site_name\" content=\"Amina\" \/>\n<meta property=\"article:publisher\" content=\"https:\/\/m.facebook.com\/AMINA-100767148840241\/\" \/>\n<meta property=\"article:modified_time\" content=\"2025-01-20T17:35:29+00:00\" \/>\n<meta property=\"og:image\" content=\"https:\/\/amina.is\/wp-content\/uploads\/2021\/05\/ruby.jpg\" \/>\n\t<meta property=\"og:image:width\" content=\"1200\" \/>\n\t<meta property=\"og:image:height\" content=\"1200\" \/>\n\t<meta property=\"og:image:type\" content=\"image\/jpeg\" \/>\n<meta name=\"twitter:card\" content=\"summary_large_image\" \/>\n<meta name=\"twitter:label1\" content=\"Est. reading time\" \/>\n\t<meta name=\"twitter:data1\" content=\"1 minute\" \/>\n<script type=\"application\/ld+json\" class=\"yoast-schema-graph\">{\"@context\":\"https:\\\/\\\/schema.org\",\"@graph\":[{\"@type\":\"WebPage\",\"@id\":\"https:\\\/\\\/amina.is\\\/verslun\\\/outlet\\\/master-series-jewel-butt-plug-ruby\\\/\",\"url\":\"https:\\\/\\\/amina.is\\\/verslun\\\/outlet\\\/master-series-jewel-butt-plug-ruby\\\/\",\"name\":\"Master Series - Jewel Butt Plug Ruby &#8211; Amina\",\"isPartOf\":{\"@id\":\"https:\\\/\\\/amina.is\\\/#website\"},\"primaryImageOfPage\":{\"@id\":\"https:\\\/\\\/amina.is\\\/verslun\\\/outlet\\\/master-series-jewel-butt-plug-ruby\\\/#primaryimage\"},\"image\":{\"@id\":\"https:\\\/\\\/amina.is\\\/verslun\\\/outlet\\\/master-series-jewel-butt-plug-ruby\\\/#primaryimage\"},\"thumbnailUrl\":\"https:\\\/\\\/amina.is\\\/wp-content\\\/uploads\\\/2021\\\/05\\\/ruby.jpg\",\"datePublished\":\"2021-05-03T17:40:17+00:00\",\"dateModified\":\"2025-01-20T17:35:29+00:00\",\"breadcrumb\":{\"@id\":\"https:\\\/\\\/amina.is\\\/verslun\\\/outlet\\\/master-series-jewel-butt-plug-ruby\\\/#breadcrumb\"},\"inLanguage\":\"en-US\",\"potentialAction\":[{\"@type\":\"ReadAction\",\"target\":[\"https:\\\/\\\/amina.is\\\/verslun\\\/outlet\\\/master-series-jewel-butt-plug-ruby\\\/\"]}]},{\"@type\":\"ImageObject\",\"inLanguage\":\"en-US\",\"@id\":\"https:\\\/\\\/amina.is\\\/verslun\\\/outlet\\\/master-series-jewel-butt-plug-ruby\\\/#primaryimage\",\"url\":\"https:\\\/\\\/amina.is\\\/wp-content\\\/uploads\\\/2021\\\/05\\\/ruby.jpg\",\"contentUrl\":\"https:\\\/\\\/amina.is\\\/wp-content\\\/uploads\\\/2021\\\/05\\\/ruby.jpg\",\"width\":1200,\"height\":1200},{\"@type\":\"BreadcrumbList\",\"@id\":\"https:\\\/\\\/amina.is\\\/verslun\\\/outlet\\\/master-series-jewel-butt-plug-ruby\\\/#breadcrumb\",\"itemListElement\":[{\"@type\":\"ListItem\",\"position\":1,\"name\":\"Home\",\"item\":\"https:\\\/\\\/amina.is\\\/\"},{\"@type\":\"ListItem\",\"position\":2,\"name\":\"Verslun\",\"item\":\"https:\\\/\\\/amina.is\\\/verslun\\\/\"},{\"@type\":\"ListItem\",\"position\":3,\"name\":\"Master Series &#8211; Jewel Butt Plug Ruby\"}]},{\"@type\":\"WebSite\",\"@id\":\"https:\\\/\\\/amina.is\\\/#website\",\"url\":\"https:\\\/\\\/amina.is\\\/\",\"name\":\"Amina\",\"description\":\"Feeling is everything - Una\u00f0sv\u00f6rur fyrir alla\",\"publisher\":{\"@id\":\"https:\\\/\\\/amina.is\\\/#organization\"},\"potentialAction\":[{\"@type\":\"SearchAction\",\"target\":{\"@type\":\"EntryPoint\",\"urlTemplate\":\"https:\\\/\\\/amina.is\\\/?s={search_term_string}\"},\"query-input\":{\"@type\":\"PropertyValueSpecification\",\"valueRequired\":true,\"valueName\":\"search_term_string\"}}],\"inLanguage\":\"en-US\"},{\"@type\":\"Organization\",\"@id\":\"https:\\\/\\\/amina.is\\\/#organization\",\"name\":\"Amina\",\"url\":\"https:\\\/\\\/amina.is\\\/\",\"logo\":{\"@type\":\"ImageObject\",\"inLanguage\":\"en-US\",\"@id\":\"https:\\\/\\\/amina.is\\\/#\\\/schema\\\/logo\\\/image\\\/\",\"url\":\"https:\\\/\\\/amina.is\\\/wp-content\\\/uploads\\\/2021\\\/09\\\/logo.png\",\"contentUrl\":\"https:\\\/\\\/amina.is\\\/wp-content\\\/uploads\\\/2021\\\/09\\\/logo.png\",\"width\":1790,\"height\":464,\"caption\":\"Amina\"},\"image\":{\"@id\":\"https:\\\/\\\/amina.is\\\/#\\\/schema\\\/logo\\\/image\\\/\"},\"sameAs\":[\"https:\\\/\\\/m.facebook.com\\\/AMINA-100767148840241\\\/\",\"https:\\\/\\\/www.instagram.com\\\/aminaverslun\\\/\"]}]}<\/script>\n<!-- \/ Yoast SEO Premium plugin. -->","yoast_head_json":{"title":"Master Series - Jewel Butt Plug Ruby &#8211; Amina","robots":{"index":"index","follow":"follow","max-snippet":"max-snippet:-1","max-image-preview":"max-image-preview:large","max-video-preview":"max-video-preview:-1"},"canonical":"https:\/\/amina.is\/en\/verslun\/outlet\/master-series-jewel-butt-plug-ruby\/","og_locale":"en_US","og_type":"article","og_title":"Master Series - Jewel Butt Plug Ruby","og_description":"These stunning chrome-plated steel plugs are beautifully designed for comfortable, long-term wear.","og_url":"https:\/\/amina.is\/en\/verslun\/outlet\/master-series-jewel-butt-plug-ruby\/","og_site_name":"Amina","article_publisher":"https:\/\/m.facebook.com\/AMINA-100767148840241\/","article_modified_time":"2025-01-20T17:35:29+00:00","og_image":[{"width":1200,"height":1200,"url":"https:\/\/amina.is\/wp-content\/uploads\/2021\/05\/ruby.jpg","type":"image\/jpeg"}],"twitter_card":"summary_large_image","twitter_misc":{"Est. reading time":"1 minute"},"schema":{"@context":"https:\/\/schema.org","@graph":[{"@type":"WebPage","@id":"https:\/\/amina.is\/verslun\/outlet\/master-series-jewel-butt-plug-ruby\/","url":"https:\/\/amina.is\/verslun\/outlet\/master-series-jewel-butt-plug-ruby\/","name":"Master Series - Jewel Butt Plug Ruby &#8211; Amina","isPartOf":{"@id":"https:\/\/amina.is\/#website"},"primaryImageOfPage":{"@id":"https:\/\/amina.is\/verslun\/outlet\/master-series-jewel-butt-plug-ruby\/#primaryimage"},"image":{"@id":"https:\/\/amina.is\/verslun\/outlet\/master-series-jewel-butt-plug-ruby\/#primaryimage"},"thumbnailUrl":"https:\/\/amina.is\/wp-content\/uploads\/2021\/05\/ruby.jpg","datePublished":"2021-05-03T17:40:17+00:00","dateModified":"2025-01-20T17:35:29+00:00","breadcrumb":{"@id":"https:\/\/amina.is\/verslun\/outlet\/master-series-jewel-butt-plug-ruby\/#breadcrumb"},"inLanguage":"en-US","potentialAction":[{"@type":"ReadAction","target":["https:\/\/amina.is\/verslun\/outlet\/master-series-jewel-butt-plug-ruby\/"]}]},{"@type":"ImageObject","inLanguage":"en-US","@id":"https:\/\/amina.is\/verslun\/outlet\/master-series-jewel-butt-plug-ruby\/#primaryimage","url":"https:\/\/amina.is\/wp-content\/uploads\/2021\/05\/ruby.jpg","contentUrl":"https:\/\/amina.is\/wp-content\/uploads\/2021\/05\/ruby.jpg","width":1200,"height":1200},{"@type":"BreadcrumbList","@id":"https:\/\/amina.is\/verslun\/outlet\/master-series-jewel-butt-plug-ruby\/#breadcrumb","itemListElement":[{"@type":"ListItem","position":1,"name":"Home","item":"https:\/\/amina.is\/"},{"@type":"ListItem","position":2,"name":"Verslun","item":"https:\/\/amina.is\/verslun\/"},{"@type":"ListItem","position":3,"name":"Master Series &#8211; Jewel Butt Plug Ruby"}]},{"@type":"WebSite","@id":"https:\/\/amina.is\/#website","url":"https:\/\/amina.is\/","name":"Amina","description":"Feeling is everything - Una\u00f0sv\u00f6rur fyrir alla","publisher":{"@id":"https:\/\/amina.is\/#organization"},"potentialAction":[{"@type":"SearchAction","target":{"@type":"EntryPoint","urlTemplate":"https:\/\/amina.is\/?s={search_term_string}"},"query-input":{"@type":"PropertyValueSpecification","valueRequired":true,"valueName":"search_term_string"}}],"inLanguage":"en-US"},{"@type":"Organization","@id":"https:\/\/amina.is\/#organization","name":"Amina","url":"https:\/\/amina.is\/","logo":{"@type":"ImageObject","inLanguage":"en-US","@id":"https:\/\/amina.is\/#\/schema\/logo\/image\/","url":"https:\/\/amina.is\/wp-content\/uploads\/2021\/09\/logo.png","contentUrl":"https:\/\/amina.is\/wp-content\/uploads\/2021\/09\/logo.png","width":1790,"height":464,"caption":"Amina"},"image":{"@id":"https:\/\/amina.is\/#\/schema\/logo\/image\/"},"sameAs":["https:\/\/m.facebook.com\/AMINA-100767148840241\/","https:\/\/www.instagram.com\/aminaverslun\/"]}]}},"_links":{"self":[{"href":"https:\/\/amina.is\/en\/wp-json\/wp\/v2\/product\/6864","targetHints":{"allow":["GET"]}}],"collection":[{"href":"https:\/\/amina.is\/en\/wp-json\/wp\/v2\/product"}],"about":[{"href":"https:\/\/amina.is\/en\/wp-json\/wp\/v2\/types\/product"}],"version-history":[{"count":4,"href":"https:\/\/amina.is\/en\/wp-json\/wp\/v2\/product\/6864\/revisions"}],"predecessor-version":[{"id":11848,"href":"https:\/\/amina.is\/en\/wp-json\/wp\/v2\/product\/6864\/revisions\/11848"}],"wp:featuredmedia":[{"embeddable":true,"href":"https:\/\/amina.is\/en\/wp-json\/wp\/v2\/media\/8175"}],"wp:attachment":[{"href":"https:\/\/amina.is\/en\/wp-json\/wp\/v2\/media?parent=6864"}],"wp:term":[{"taxonomy":"product_brand","embeddable":true,"href":"https:\/\/amina.is\/en\/wp-json\/wp\/v2\/product_brand?post=6864"},{"taxonomy":"product_cat","embeddable":true,"href":"https:\/\/amina.is\/en\/wp-json\/wp\/v2\/product_cat?post=6864"},{"taxonomy":"product_tag","embeddable":true,"href":"https:\/\/amina.is\/en\/wp-json\/wp\/v2\/product_tag?post=6864"}],"curies":[{"name":"wp","href":"https:\/\/api.w.org\/{rel}","templated":true}]}}