{"id":6858,"date":"2021-05-03T17:07:44","date_gmt":"2021-05-03T17:07:44","guid":{"rendered":"http:\/\/amina.web14.vefold.is\/?post_type=product&#038;p=6858"},"modified":"2025-08-09T22:08:27","modified_gmt":"2025-08-09T22:08:27","slug":"tom-of-finland-3-piece-silicone-cock-ring-set-blue","status":"publish","type":"product","link":"https:\/\/amina.is\/en\/verslun\/typpid\/typpahringir\/tom-of-finland-3-piece-silicone-cock-ring-set-blue\/","title":{"rendered":"Tom of Finland &#8211; 3 Piece Silicone Cock Ring Set &#8211; Blue"},"content":{"rendered":"<h5>Typpahringja sett fr\u00e1 Tom of Finland. Hringirnir eru \u00ed \u00feremur st\u00e6r\u00f0um og me\u00f0 upphleyptu Tom of Finland logoi. Nota\u00f0u einn e\u00f0a alla \u00ed einu. Umm\u00e1l hringjanna er 3,8\/4,5\/5,7cm.<\/h5>\n<p>&nbsp;<\/p>","protected":false},"excerpt":{"rendered":"<p>Typpahringja sett fr\u00e1 Tom of Finland. Hringirnir eru \u00ed \u00feremur st\u00e6r\u00f0um og me\u00f0 upphleyptu Tom of Finland logoi.<\/p>","protected":false},"featured_media":7666,"template":"","meta":{"inline_featured_image":false},"product_brand":[],"product_cat":[41,43,344,899,878,45],"product_tag":[400,280,64,373,72,298],"class_list":{"0":"post-6858","1":"product","2":"type-product","3":"status-publish","4":"has-post-thumbnail","6":"product_cat-fyrir-tha","7":"product_cat-fyrir-thau","8":"product_cat-mr-b","9":"product_cat-notaahann","10":"product_cat-typpahringir","11":"product_cat-typpid","12":"product_tag-cockring","13":"product_tag-limurinn","14":"product_tag-penis","15":"product_tag-tom-of-finland","16":"product_tag-typpahringur","17":"product_tag-typpid","19":"first","20":"instock","21":"shipping-taxable","22":"purchasable","23":"product-type-simple"},"yoast_head":"<!-- This site is optimized with the Yoast SEO Premium plugin v21.6 (Yoast SEO v27.4) - https:\/\/yoast.com\/product\/yoast-seo-premium-wordpress\/ -->\n<title>Tom of Finland - 3 Piece Silicone Cock Ring Set - Blue &#8211; Amina<\/title>\n<meta name=\"robots\" content=\"index, follow, max-snippet:-1, max-image-preview:large, max-video-preview:-1\" \/>\n<link rel=\"canonical\" href=\"https:\/\/amina.is\/en\/verslun\/typpid\/typpahringir\/tom-of-finland-3-piece-silicone-cock-ring-set-blue\/\" \/>\n<meta property=\"og:locale\" content=\"en_US\" \/>\n<meta property=\"og:type\" content=\"article\" \/>\n<meta property=\"og:title\" content=\"Tom of Finland - 3 Piece Silicone Cock Ring Set - Blue\" \/>\n<meta property=\"og:description\" content=\"Typpahringja sett fr\u00e1 Tom of Finland. Hringirnir eru \u00ed \u00feremur st\u00e6r\u00f0um og me\u00f0 upphleyptu Tom of Finland logoi.\" \/>\n<meta property=\"og:url\" content=\"https:\/\/amina.is\/en\/verslun\/typpid\/typpahringir\/tom-of-finland-3-piece-silicone-cock-ring-set-blue\/\" \/>\n<meta property=\"og:site_name\" content=\"Amina\" \/>\n<meta property=\"article:publisher\" content=\"https:\/\/m.facebook.com\/AMINA-100767148840241\/\" \/>\n<meta property=\"article:modified_time\" content=\"2025-08-09T22:08:27+00:00\" \/>\n<meta property=\"og:image\" content=\"https:\/\/amina.is\/wp-content\/uploads\/2021\/05\/tf3015-bulk-white_1000x1000.jpg\" \/>\n\t<meta property=\"og:image:width\" content=\"1100\" \/>\n\t<meta property=\"og:image:height\" content=\"1100\" \/>\n\t<meta property=\"og:image:type\" content=\"image\/jpeg\" \/>\n<meta name=\"twitter:card\" content=\"summary_large_image\" \/>\n<meta name=\"twitter:label1\" content=\"Est. reading time\" \/>\n\t<meta name=\"twitter:data1\" content=\"1 minute\" \/>\n<script type=\"application\/ld+json\" class=\"yoast-schema-graph\">{\"@context\":\"https:\\\/\\\/schema.org\",\"@graph\":[{\"@type\":\"WebPage\",\"@id\":\"https:\\\/\\\/amina.is\\\/verslun\\\/typpid\\\/typpahringir\\\/tom-of-finland-3-piece-silicone-cock-ring-set-blue\\\/\",\"url\":\"https:\\\/\\\/amina.is\\\/verslun\\\/typpid\\\/typpahringir\\\/tom-of-finland-3-piece-silicone-cock-ring-set-blue\\\/\",\"name\":\"Tom of Finland - 3 Piece Silicone Cock Ring Set - Blue &#8211; Amina\",\"isPartOf\":{\"@id\":\"https:\\\/\\\/amina.is\\\/#website\"},\"primaryImageOfPage\":{\"@id\":\"https:\\\/\\\/amina.is\\\/verslun\\\/typpid\\\/typpahringir\\\/tom-of-finland-3-piece-silicone-cock-ring-set-blue\\\/#primaryimage\"},\"image\":{\"@id\":\"https:\\\/\\\/amina.is\\\/verslun\\\/typpid\\\/typpahringir\\\/tom-of-finland-3-piece-silicone-cock-ring-set-blue\\\/#primaryimage\"},\"thumbnailUrl\":\"https:\\\/\\\/amina.is\\\/wp-content\\\/uploads\\\/2021\\\/05\\\/tf3015-bulk-white_1000x1000.jpg\",\"datePublished\":\"2021-05-03T17:07:44+00:00\",\"dateModified\":\"2025-08-09T22:08:27+00:00\",\"breadcrumb\":{\"@id\":\"https:\\\/\\\/amina.is\\\/verslun\\\/typpid\\\/typpahringir\\\/tom-of-finland-3-piece-silicone-cock-ring-set-blue\\\/#breadcrumb\"},\"inLanguage\":\"en-US\",\"potentialAction\":[{\"@type\":\"ReadAction\",\"target\":[\"https:\\\/\\\/amina.is\\\/verslun\\\/typpid\\\/typpahringir\\\/tom-of-finland-3-piece-silicone-cock-ring-set-blue\\\/\"]}]},{\"@type\":\"ImageObject\",\"inLanguage\":\"en-US\",\"@id\":\"https:\\\/\\\/amina.is\\\/verslun\\\/typpid\\\/typpahringir\\\/tom-of-finland-3-piece-silicone-cock-ring-set-blue\\\/#primaryimage\",\"url\":\"https:\\\/\\\/amina.is\\\/wp-content\\\/uploads\\\/2021\\\/05\\\/tf3015-bulk-white_1000x1000.jpg\",\"contentUrl\":\"https:\\\/\\\/amina.is\\\/wp-content\\\/uploads\\\/2021\\\/05\\\/tf3015-bulk-white_1000x1000.jpg\",\"width\":1100,\"height\":1100},{\"@type\":\"BreadcrumbList\",\"@id\":\"https:\\\/\\\/amina.is\\\/verslun\\\/typpid\\\/typpahringir\\\/tom-of-finland-3-piece-silicone-cock-ring-set-blue\\\/#breadcrumb\",\"itemListElement\":[{\"@type\":\"ListItem\",\"position\":1,\"name\":\"Home\",\"item\":\"https:\\\/\\\/amina.is\\\/\"},{\"@type\":\"ListItem\",\"position\":2,\"name\":\"Verslun\",\"item\":\"https:\\\/\\\/amina.is\\\/verslun\\\/\"},{\"@type\":\"ListItem\",\"position\":3,\"name\":\"Tom of Finland &#8211; 3 Piece Silicone Cock Ring Set &#8211; Blue\"}]},{\"@type\":\"WebSite\",\"@id\":\"https:\\\/\\\/amina.is\\\/#website\",\"url\":\"https:\\\/\\\/amina.is\\\/\",\"name\":\"Amina\",\"description\":\"Feeling is everything - Una\u00f0sv\u00f6rur fyrir alla\",\"publisher\":{\"@id\":\"https:\\\/\\\/amina.is\\\/#organization\"},\"potentialAction\":[{\"@type\":\"SearchAction\",\"target\":{\"@type\":\"EntryPoint\",\"urlTemplate\":\"https:\\\/\\\/amina.is\\\/?s={search_term_string}\"},\"query-input\":{\"@type\":\"PropertyValueSpecification\",\"valueRequired\":true,\"valueName\":\"search_term_string\"}}],\"inLanguage\":\"en-US\"},{\"@type\":\"Organization\",\"@id\":\"https:\\\/\\\/amina.is\\\/#organization\",\"name\":\"Amina\",\"url\":\"https:\\\/\\\/amina.is\\\/\",\"logo\":{\"@type\":\"ImageObject\",\"inLanguage\":\"en-US\",\"@id\":\"https:\\\/\\\/amina.is\\\/#\\\/schema\\\/logo\\\/image\\\/\",\"url\":\"https:\\\/\\\/amina.is\\\/wp-content\\\/uploads\\\/2021\\\/09\\\/logo.png\",\"contentUrl\":\"https:\\\/\\\/amina.is\\\/wp-content\\\/uploads\\\/2021\\\/09\\\/logo.png\",\"width\":1790,\"height\":464,\"caption\":\"Amina\"},\"image\":{\"@id\":\"https:\\\/\\\/amina.is\\\/#\\\/schema\\\/logo\\\/image\\\/\"},\"sameAs\":[\"https:\\\/\\\/m.facebook.com\\\/AMINA-100767148840241\\\/\",\"https:\\\/\\\/www.instagram.com\\\/aminaverslun\\\/\"]}]}<\/script>\n<!-- \/ Yoast SEO Premium plugin. -->","yoast_head_json":{"title":"Tom of Finland - 3 Piece Silicone Cock Ring Set - Blue &#8211; Amina","robots":{"index":"index","follow":"follow","max-snippet":"max-snippet:-1","max-image-preview":"max-image-preview:large","max-video-preview":"max-video-preview:-1"},"canonical":"https:\/\/amina.is\/en\/verslun\/typpid\/typpahringir\/tom-of-finland-3-piece-silicone-cock-ring-set-blue\/","og_locale":"en_US","og_type":"article","og_title":"Tom of Finland - 3 Piece Silicone Cock Ring Set - Blue","og_description":"Typpahringja sett fr\u00e1 Tom of Finland. Hringirnir eru \u00ed \u00feremur st\u00e6r\u00f0um og me\u00f0 upphleyptu Tom of Finland logoi.","og_url":"https:\/\/amina.is\/en\/verslun\/typpid\/typpahringir\/tom-of-finland-3-piece-silicone-cock-ring-set-blue\/","og_site_name":"Amina","article_publisher":"https:\/\/m.facebook.com\/AMINA-100767148840241\/","article_modified_time":"2025-08-09T22:08:27+00:00","og_image":[{"width":1100,"height":1100,"url":"https:\/\/amina.is\/wp-content\/uploads\/2021\/05\/tf3015-bulk-white_1000x1000.jpg","type":"image\/jpeg"}],"twitter_card":"summary_large_image","twitter_misc":{"Est. reading time":"1 minute"},"schema":{"@context":"https:\/\/schema.org","@graph":[{"@type":"WebPage","@id":"https:\/\/amina.is\/verslun\/typpid\/typpahringir\/tom-of-finland-3-piece-silicone-cock-ring-set-blue\/","url":"https:\/\/amina.is\/verslun\/typpid\/typpahringir\/tom-of-finland-3-piece-silicone-cock-ring-set-blue\/","name":"Tom of Finland - 3 Piece Silicone Cock Ring Set - Blue &#8211; Amina","isPartOf":{"@id":"https:\/\/amina.is\/#website"},"primaryImageOfPage":{"@id":"https:\/\/amina.is\/verslun\/typpid\/typpahringir\/tom-of-finland-3-piece-silicone-cock-ring-set-blue\/#primaryimage"},"image":{"@id":"https:\/\/amina.is\/verslun\/typpid\/typpahringir\/tom-of-finland-3-piece-silicone-cock-ring-set-blue\/#primaryimage"},"thumbnailUrl":"https:\/\/amina.is\/wp-content\/uploads\/2021\/05\/tf3015-bulk-white_1000x1000.jpg","datePublished":"2021-05-03T17:07:44+00:00","dateModified":"2025-08-09T22:08:27+00:00","breadcrumb":{"@id":"https:\/\/amina.is\/verslun\/typpid\/typpahringir\/tom-of-finland-3-piece-silicone-cock-ring-set-blue\/#breadcrumb"},"inLanguage":"en-US","potentialAction":[{"@type":"ReadAction","target":["https:\/\/amina.is\/verslun\/typpid\/typpahringir\/tom-of-finland-3-piece-silicone-cock-ring-set-blue\/"]}]},{"@type":"ImageObject","inLanguage":"en-US","@id":"https:\/\/amina.is\/verslun\/typpid\/typpahringir\/tom-of-finland-3-piece-silicone-cock-ring-set-blue\/#primaryimage","url":"https:\/\/amina.is\/wp-content\/uploads\/2021\/05\/tf3015-bulk-white_1000x1000.jpg","contentUrl":"https:\/\/amina.is\/wp-content\/uploads\/2021\/05\/tf3015-bulk-white_1000x1000.jpg","width":1100,"height":1100},{"@type":"BreadcrumbList","@id":"https:\/\/amina.is\/verslun\/typpid\/typpahringir\/tom-of-finland-3-piece-silicone-cock-ring-set-blue\/#breadcrumb","itemListElement":[{"@type":"ListItem","position":1,"name":"Home","item":"https:\/\/amina.is\/"},{"@type":"ListItem","position":2,"name":"Verslun","item":"https:\/\/amina.is\/verslun\/"},{"@type":"ListItem","position":3,"name":"Tom of Finland &#8211; 3 Piece Silicone Cock Ring Set &#8211; Blue"}]},{"@type":"WebSite","@id":"https:\/\/amina.is\/#website","url":"https:\/\/amina.is\/","name":"Amina","description":"Feeling is everything - Una\u00f0sv\u00f6rur fyrir alla","publisher":{"@id":"https:\/\/amina.is\/#organization"},"potentialAction":[{"@type":"SearchAction","target":{"@type":"EntryPoint","urlTemplate":"https:\/\/amina.is\/?s={search_term_string}"},"query-input":{"@type":"PropertyValueSpecification","valueRequired":true,"valueName":"search_term_string"}}],"inLanguage":"en-US"},{"@type":"Organization","@id":"https:\/\/amina.is\/#organization","name":"Amina","url":"https:\/\/amina.is\/","logo":{"@type":"ImageObject","inLanguage":"en-US","@id":"https:\/\/amina.is\/#\/schema\/logo\/image\/","url":"https:\/\/amina.is\/wp-content\/uploads\/2021\/09\/logo.png","contentUrl":"https:\/\/amina.is\/wp-content\/uploads\/2021\/09\/logo.png","width":1790,"height":464,"caption":"Amina"},"image":{"@id":"https:\/\/amina.is\/#\/schema\/logo\/image\/"},"sameAs":["https:\/\/m.facebook.com\/AMINA-100767148840241\/","https:\/\/www.instagram.com\/aminaverslun\/"]}]}},"_links":{"self":[{"href":"https:\/\/amina.is\/en\/wp-json\/wp\/v2\/product\/6858","targetHints":{"allow":["GET"]}}],"collection":[{"href":"https:\/\/amina.is\/en\/wp-json\/wp\/v2\/product"}],"about":[{"href":"https:\/\/amina.is\/en\/wp-json\/wp\/v2\/types\/product"}],"version-history":[{"count":2,"href":"https:\/\/amina.is\/en\/wp-json\/wp\/v2\/product\/6858\/revisions"}],"predecessor-version":[{"id":7668,"href":"https:\/\/amina.is\/en\/wp-json\/wp\/v2\/product\/6858\/revisions\/7668"}],"wp:featuredmedia":[{"embeddable":true,"href":"https:\/\/amina.is\/en\/wp-json\/wp\/v2\/media\/7666"}],"wp:attachment":[{"href":"https:\/\/amina.is\/en\/wp-json\/wp\/v2\/media?parent=6858"}],"wp:term":[{"taxonomy":"product_brand","embeddable":true,"href":"https:\/\/amina.is\/en\/wp-json\/wp\/v2\/product_brand?post=6858"},{"taxonomy":"product_cat","embeddable":true,"href":"https:\/\/amina.is\/en\/wp-json\/wp\/v2\/product_cat?post=6858"},{"taxonomy":"product_tag","embeddable":true,"href":"https:\/\/amina.is\/en\/wp-json\/wp\/v2\/product_tag?post=6858"}],"curies":[{"name":"wp","href":"https:\/\/api.w.org\/{rel}","templated":true}]}}