{"id":6820,"date":"2021-05-02T23:24:44","date_gmt":"2021-05-02T23:24:44","guid":{"rendered":"http:\/\/amina.web14.vefold.is\/?post_type=product&#038;p=6820"},"modified":"2023-03-01T19:02:59","modified_gmt":"2023-03-01T19:02:59","slug":"mr-b-leather-suspenders-blue","status":"publish","type":"product","link":"https:\/\/amina.is\/en\/verslun\/fatnadur\/naerfot-herra\/annadh\/mr-b-leather-suspenders-blue\/","title":{"rendered":"Mister B &#8211; Leather Suspenders"},"content":{"rendered":"<h5>Flott axlarb\u00f6nd \u00far ekta le\u00f0ri fr\u00e1 Mr. B. &#8222;One Size&#8220;<\/h5>","protected":false},"excerpt":{"rendered":"<p>Flott axlarb\u00f6nd \u00far ekta le\u00f0ri.<\/p>","protected":false},"featured_media":7707,"template":"","meta":{"inline_featured_image":false},"product_brand":[],"product_cat":[890,508,36,196,903,340,344],"product_tag":[524,374,483,509,394,525],"class_list":{"0":"post-6820","1":"product","2":"type-product","3":"status-publish","4":"has-post-thumbnail","6":"product_cat-annadh","7":"product_cat-aukahlutir","8":"product_cat-blaeti","9":"product_cat-fatnadur","10":"product_cat-grimurosvfrv","11":"product_cat-naerfot-herra","12":"product_cat-mr-b","13":"product_tag-axlarbond","14":"product_tag-leather","15":"product_tag-ledur","16":"product_tag-mister-b","17":"product_tag-mr-b","18":"product_tag-suspenders","20":"first","21":"instock","22":"shipping-taxable","23":"purchasable","24":"product-type-variable"},"yoast_head":"<!-- This site is optimized with the Yoast SEO Premium plugin v21.6 (Yoast SEO v27.3) - https:\/\/yoast.com\/product\/yoast-seo-premium-wordpress\/ -->\n<title>Mister B - Leather Suspenders &#8211; Amina<\/title>\n<meta name=\"robots\" content=\"index, follow, max-snippet:-1, max-image-preview:large, max-video-preview:-1\" \/>\n<link rel=\"canonical\" href=\"https:\/\/amina.is\/en\/verslun\/fatnadur\/naerfot-herra\/annadh\/mr-b-leather-suspenders-blue\/\" \/>\n<meta property=\"og:locale\" content=\"en_US\" \/>\n<meta property=\"og:type\" content=\"article\" \/>\n<meta property=\"og:title\" content=\"Mister B - Leather Suspenders\" \/>\n<meta property=\"og:description\" content=\"Flott axlarb\u00f6nd \u00far ekta le\u00f0ri.\" \/>\n<meta property=\"og:url\" content=\"https:\/\/amina.is\/en\/verslun\/fatnadur\/naerfot-herra\/annadh\/mr-b-leather-suspenders-blue\/\" \/>\n<meta property=\"og:site_name\" content=\"Amina\" \/>\n<meta property=\"article:publisher\" content=\"https:\/\/m.facebook.com\/AMINA-100767148840241\/\" \/>\n<meta property=\"article:modified_time\" content=\"2023-03-01T19:02:59+00:00\" \/>\n<meta property=\"og:image\" content=\"https:\/\/amina.is\/wp-content\/uploads\/2021\/05\/mrb-suspender.jpg\" \/>\n\t<meta property=\"og:image:width\" content=\"1200\" \/>\n\t<meta property=\"og:image:height\" content=\"1200\" \/>\n\t<meta property=\"og:image:type\" content=\"image\/jpeg\" \/>\n<meta name=\"twitter:card\" content=\"summary_large_image\" \/>\n<script type=\"application\/ld+json\" class=\"yoast-schema-graph\">{\"@context\":\"https:\\\/\\\/schema.org\",\"@graph\":[{\"@type\":\"WebPage\",\"@id\":\"https:\\\/\\\/amina.is\\\/verslun\\\/fatnadur\\\/naerfot-herra\\\/annadh\\\/mr-b-leather-suspenders-blue\\\/\",\"url\":\"https:\\\/\\\/amina.is\\\/verslun\\\/fatnadur\\\/naerfot-herra\\\/annadh\\\/mr-b-leather-suspenders-blue\\\/\",\"name\":\"Mister B - Leather Suspenders &#8211; Amina\",\"isPartOf\":{\"@id\":\"https:\\\/\\\/amina.is\\\/#website\"},\"primaryImageOfPage\":{\"@id\":\"https:\\\/\\\/amina.is\\\/verslun\\\/fatnadur\\\/naerfot-herra\\\/annadh\\\/mr-b-leather-suspenders-blue\\\/#primaryimage\"},\"image\":{\"@id\":\"https:\\\/\\\/amina.is\\\/verslun\\\/fatnadur\\\/naerfot-herra\\\/annadh\\\/mr-b-leather-suspenders-blue\\\/#primaryimage\"},\"thumbnailUrl\":\"https:\\\/\\\/amina.is\\\/wp-content\\\/uploads\\\/2021\\\/05\\\/mrb-suspender.jpg\",\"datePublished\":\"2021-05-02T23:24:44+00:00\",\"dateModified\":\"2023-03-01T19:02:59+00:00\",\"breadcrumb\":{\"@id\":\"https:\\\/\\\/amina.is\\\/verslun\\\/fatnadur\\\/naerfot-herra\\\/annadh\\\/mr-b-leather-suspenders-blue\\\/#breadcrumb\"},\"inLanguage\":\"en-US\",\"potentialAction\":[{\"@type\":\"ReadAction\",\"target\":[\"https:\\\/\\\/amina.is\\\/verslun\\\/fatnadur\\\/naerfot-herra\\\/annadh\\\/mr-b-leather-suspenders-blue\\\/\"]}]},{\"@type\":\"ImageObject\",\"inLanguage\":\"en-US\",\"@id\":\"https:\\\/\\\/amina.is\\\/verslun\\\/fatnadur\\\/naerfot-herra\\\/annadh\\\/mr-b-leather-suspenders-blue\\\/#primaryimage\",\"url\":\"https:\\\/\\\/amina.is\\\/wp-content\\\/uploads\\\/2021\\\/05\\\/mrb-suspender.jpg\",\"contentUrl\":\"https:\\\/\\\/amina.is\\\/wp-content\\\/uploads\\\/2021\\\/05\\\/mrb-suspender.jpg\",\"width\":1200,\"height\":1200},{\"@type\":\"BreadcrumbList\",\"@id\":\"https:\\\/\\\/amina.is\\\/verslun\\\/fatnadur\\\/naerfot-herra\\\/annadh\\\/mr-b-leather-suspenders-blue\\\/#breadcrumb\",\"itemListElement\":[{\"@type\":\"ListItem\",\"position\":1,\"name\":\"Home\",\"item\":\"https:\\\/\\\/amina.is\\\/\"},{\"@type\":\"ListItem\",\"position\":2,\"name\":\"Verslun\",\"item\":\"https:\\\/\\\/amina.is\\\/verslun\\\/\"},{\"@type\":\"ListItem\",\"position\":3,\"name\":\"Mister B &#8211; Leather Suspenders\"}]},{\"@type\":\"WebSite\",\"@id\":\"https:\\\/\\\/amina.is\\\/#website\",\"url\":\"https:\\\/\\\/amina.is\\\/\",\"name\":\"Amina\",\"description\":\"Feeling is everything - Una\u00f0sv\u00f6rur fyrir alla\",\"publisher\":{\"@id\":\"https:\\\/\\\/amina.is\\\/#organization\"},\"potentialAction\":[{\"@type\":\"SearchAction\",\"target\":{\"@type\":\"EntryPoint\",\"urlTemplate\":\"https:\\\/\\\/amina.is\\\/?s={search_term_string}\"},\"query-input\":{\"@type\":\"PropertyValueSpecification\",\"valueRequired\":true,\"valueName\":\"search_term_string\"}}],\"inLanguage\":\"en-US\"},{\"@type\":\"Organization\",\"@id\":\"https:\\\/\\\/amina.is\\\/#organization\",\"name\":\"Amina\",\"url\":\"https:\\\/\\\/amina.is\\\/\",\"logo\":{\"@type\":\"ImageObject\",\"inLanguage\":\"en-US\",\"@id\":\"https:\\\/\\\/amina.is\\\/#\\\/schema\\\/logo\\\/image\\\/\",\"url\":\"https:\\\/\\\/amina.is\\\/wp-content\\\/uploads\\\/2021\\\/09\\\/logo.png\",\"contentUrl\":\"https:\\\/\\\/amina.is\\\/wp-content\\\/uploads\\\/2021\\\/09\\\/logo.png\",\"width\":1790,\"height\":464,\"caption\":\"Amina\"},\"image\":{\"@id\":\"https:\\\/\\\/amina.is\\\/#\\\/schema\\\/logo\\\/image\\\/\"},\"sameAs\":[\"https:\\\/\\\/m.facebook.com\\\/AMINA-100767148840241\\\/\",\"https:\\\/\\\/www.instagram.com\\\/aminaverslun\\\/\"]}]}<\/script>\n<!-- \/ Yoast SEO Premium plugin. -->","yoast_head_json":{"title":"Mister B - Leather Suspenders &#8211; Amina","robots":{"index":"index","follow":"follow","max-snippet":"max-snippet:-1","max-image-preview":"max-image-preview:large","max-video-preview":"max-video-preview:-1"},"canonical":"https:\/\/amina.is\/en\/verslun\/fatnadur\/naerfot-herra\/annadh\/mr-b-leather-suspenders-blue\/","og_locale":"en_US","og_type":"article","og_title":"Mister B - Leather Suspenders","og_description":"Flott axlarb\u00f6nd \u00far ekta le\u00f0ri.","og_url":"https:\/\/amina.is\/en\/verslun\/fatnadur\/naerfot-herra\/annadh\/mr-b-leather-suspenders-blue\/","og_site_name":"Amina","article_publisher":"https:\/\/m.facebook.com\/AMINA-100767148840241\/","article_modified_time":"2023-03-01T19:02:59+00:00","og_image":[{"width":1200,"height":1200,"url":"https:\/\/amina.is\/wp-content\/uploads\/2021\/05\/mrb-suspender.jpg","type":"image\/jpeg"}],"twitter_card":"summary_large_image","schema":{"@context":"https:\/\/schema.org","@graph":[{"@type":"WebPage","@id":"https:\/\/amina.is\/verslun\/fatnadur\/naerfot-herra\/annadh\/mr-b-leather-suspenders-blue\/","url":"https:\/\/amina.is\/verslun\/fatnadur\/naerfot-herra\/annadh\/mr-b-leather-suspenders-blue\/","name":"Mister B - Leather Suspenders &#8211; Amina","isPartOf":{"@id":"https:\/\/amina.is\/#website"},"primaryImageOfPage":{"@id":"https:\/\/amina.is\/verslun\/fatnadur\/naerfot-herra\/annadh\/mr-b-leather-suspenders-blue\/#primaryimage"},"image":{"@id":"https:\/\/amina.is\/verslun\/fatnadur\/naerfot-herra\/annadh\/mr-b-leather-suspenders-blue\/#primaryimage"},"thumbnailUrl":"https:\/\/amina.is\/wp-content\/uploads\/2021\/05\/mrb-suspender.jpg","datePublished":"2021-05-02T23:24:44+00:00","dateModified":"2023-03-01T19:02:59+00:00","breadcrumb":{"@id":"https:\/\/amina.is\/verslun\/fatnadur\/naerfot-herra\/annadh\/mr-b-leather-suspenders-blue\/#breadcrumb"},"inLanguage":"en-US","potentialAction":[{"@type":"ReadAction","target":["https:\/\/amina.is\/verslun\/fatnadur\/naerfot-herra\/annadh\/mr-b-leather-suspenders-blue\/"]}]},{"@type":"ImageObject","inLanguage":"en-US","@id":"https:\/\/amina.is\/verslun\/fatnadur\/naerfot-herra\/annadh\/mr-b-leather-suspenders-blue\/#primaryimage","url":"https:\/\/amina.is\/wp-content\/uploads\/2021\/05\/mrb-suspender.jpg","contentUrl":"https:\/\/amina.is\/wp-content\/uploads\/2021\/05\/mrb-suspender.jpg","width":1200,"height":1200},{"@type":"BreadcrumbList","@id":"https:\/\/amina.is\/verslun\/fatnadur\/naerfot-herra\/annadh\/mr-b-leather-suspenders-blue\/#breadcrumb","itemListElement":[{"@type":"ListItem","position":1,"name":"Home","item":"https:\/\/amina.is\/"},{"@type":"ListItem","position":2,"name":"Verslun","item":"https:\/\/amina.is\/verslun\/"},{"@type":"ListItem","position":3,"name":"Mister B &#8211; Leather Suspenders"}]},{"@type":"WebSite","@id":"https:\/\/amina.is\/#website","url":"https:\/\/amina.is\/","name":"Amina","description":"Feeling is everything - Una\u00f0sv\u00f6rur fyrir alla","publisher":{"@id":"https:\/\/amina.is\/#organization"},"potentialAction":[{"@type":"SearchAction","target":{"@type":"EntryPoint","urlTemplate":"https:\/\/amina.is\/?s={search_term_string}"},"query-input":{"@type":"PropertyValueSpecification","valueRequired":true,"valueName":"search_term_string"}}],"inLanguage":"en-US"},{"@type":"Organization","@id":"https:\/\/amina.is\/#organization","name":"Amina","url":"https:\/\/amina.is\/","logo":{"@type":"ImageObject","inLanguage":"en-US","@id":"https:\/\/amina.is\/#\/schema\/logo\/image\/","url":"https:\/\/amina.is\/wp-content\/uploads\/2021\/09\/logo.png","contentUrl":"https:\/\/amina.is\/wp-content\/uploads\/2021\/09\/logo.png","width":1790,"height":464,"caption":"Amina"},"image":{"@id":"https:\/\/amina.is\/#\/schema\/logo\/image\/"},"sameAs":["https:\/\/m.facebook.com\/AMINA-100767148840241\/","https:\/\/www.instagram.com\/aminaverslun\/"]}]}},"_links":{"self":[{"href":"https:\/\/amina.is\/en\/wp-json\/wp\/v2\/product\/6820","targetHints":{"allow":["GET"]}}],"collection":[{"href":"https:\/\/amina.is\/en\/wp-json\/wp\/v2\/product"}],"about":[{"href":"https:\/\/amina.is\/en\/wp-json\/wp\/v2\/types\/product"}],"version-history":[{"count":4,"href":"https:\/\/amina.is\/en\/wp-json\/wp\/v2\/product\/6820\/revisions"}],"predecessor-version":[{"id":11385,"href":"https:\/\/amina.is\/en\/wp-json\/wp\/v2\/product\/6820\/revisions\/11385"}],"wp:featuredmedia":[{"embeddable":true,"href":"https:\/\/amina.is\/en\/wp-json\/wp\/v2\/media\/7707"}],"wp:attachment":[{"href":"https:\/\/amina.is\/en\/wp-json\/wp\/v2\/media?parent=6820"}],"wp:term":[{"taxonomy":"product_brand","embeddable":true,"href":"https:\/\/amina.is\/en\/wp-json\/wp\/v2\/product_brand?post=6820"},{"taxonomy":"product_cat","embeddable":true,"href":"https:\/\/amina.is\/en\/wp-json\/wp\/v2\/product_cat?post=6820"},{"taxonomy":"product_tag","embeddable":true,"href":"https:\/\/amina.is\/en\/wp-json\/wp\/v2\/product_tag?post=6820"}],"curies":[{"name":"wp","href":"https:\/\/api.w.org\/{rel}","templated":true}]}}