{"id":6760,"date":"2021-05-02T21:56:43","date_gmt":"2021-05-02T21:56:43","guid":{"rendered":"http:\/\/amina.web14.vefold.is\/?post_type=product&#038;p=6760"},"modified":"2025-08-17T19:53:17","modified_gmt":"2025-08-17T19:53:17","slug":"mancage-silicone-chastity-cock-cage","status":"publish","type":"product","link":"https:\/\/amina.is\/en\/verslun\/typpid\/anndtyppid\/mancage-silicone-chastity-cock-cage\/","title":{"rendered":"Mancage &#8211; Silicone Chastity Cock Cage With Lock"},"content":{"rendered":"<h5>Taktu v\u00f6ldin \u00ed \u00fe\u00ednar hendur og l\u00e6stu hann inni. \u00de\u00fa stj\u00f3rnar hvort og hven\u00e6r. Gert \u00far mj\u00faku s\u00edlikoni og hanna\u00f0 me\u00f0 langt\u00edmanotkun \u00ed huga og ekkert m\u00e1l a\u00f0 kasta af s\u00e9r vatni \u00fe\u00f3 hann s\u00e9 l\u00e6stur inni. Taktu leikinn upp \u00e1 n\u00fdtt plan. F\u00e6st \u00ed small og medium. Small er 10cm. a\u00f0 lengd og medium er 12,7cm a\u00f0 lengd.<\/h5>\n<h5>Mismunandi st\u00f3rir hringir fylgja me\u00f0 fyrir fullkomi\u00f0 &#8222;fit&#8220;. 4,5, 5, 5,5 og 6cm. a\u00f0 \u00feverm\u00e1li.<\/h5>\n<h5><\/h5>","protected":false},"excerpt":{"rendered":"<p>Taktu v\u00f6ldin \u00ed \u00fe\u00ednar hendur og l\u00e6stu hann inni. \u00de\u00fa stj\u00f3rnar hvort og hven\u00e6r.<\/p>","protected":false},"featured_media":12107,"template":"","meta":{"inline_featured_image":false},"product_brand":[],"product_cat":[882,36,45,901],"product_tag":[324,504,505,337,503,507,506],"class_list":{"0":"post-6760","1":"product","2":"type-product","3":"status-publish","4":"has-post-thumbnail","6":"product_cat-anndtyppid","7":"product_cat-blaeti","8":"product_cat-typpid","9":"product_cat-typpidogpungurinn","10":"product_tag-blaeti","11":"product_tag-cage","12":"product_tag-cock-cage","13":"product_tag-fetish","14":"product_tag-mancage","15":"product_tag-typpa-bur","16":"product_tag-typpa-fangelsi","18":"first","19":"instock","20":"shipping-taxable","21":"purchasable","22":"product-type-variable"},"yoast_head":"<!-- This site is optimized with the Yoast SEO Premium plugin v21.6 (Yoast SEO v27.4) - https:\/\/yoast.com\/product\/yoast-seo-premium-wordpress\/ -->\n<title>Mancage - Silicone Chastity Cock Cage With Lock &#8211; Amina<\/title>\n<meta name=\"description\" content=\"Cock cage made out of soft silicone. Lock your partner in and take control. He will release when you decide, not a minute before.\" \/>\n<meta name=\"robots\" content=\"index, follow, max-snippet:-1, max-image-preview:large, max-video-preview:-1\" \/>\n<link rel=\"canonical\" href=\"https:\/\/amina.is\/en\/verslun\/typpid\/anndtyppid\/mancage-silicone-chastity-cock-cage\/\" \/>\n<meta property=\"og:locale\" content=\"en_US\" \/>\n<meta property=\"og:type\" content=\"article\" \/>\n<meta property=\"og:title\" content=\"Mancage - Silicone Chastity Cock Cage With Lock\" \/>\n<meta property=\"og:description\" content=\"Cock cage made out of soft silicone. Lock your partner in and take control. He will release when you decide, not a minute before.\" \/>\n<meta property=\"og:url\" content=\"https:\/\/amina.is\/en\/verslun\/typpid\/anndtyppid\/mancage-silicone-chastity-cock-cage\/\" \/>\n<meta property=\"og:site_name\" content=\"Amina\" \/>\n<meta property=\"article:publisher\" content=\"https:\/\/m.facebook.com\/AMINA-100767148840241\/\" \/>\n<meta property=\"article:modified_time\" content=\"2025-08-17T19:53:17+00:00\" \/>\n<meta property=\"og:image\" content=\"https:\/\/amina.is\/wp-content\/uploads\/2021\/05\/Untitled-design-1.png\" \/>\n\t<meta property=\"og:image:width\" content=\"1080\" \/>\n\t<meta property=\"og:image:height\" content=\"1080\" \/>\n\t<meta property=\"og:image:type\" content=\"image\/png\" \/>\n<meta name=\"twitter:card\" content=\"summary_large_image\" \/>\n<meta name=\"twitter:label1\" content=\"Est. reading time\" \/>\n\t<meta name=\"twitter:data1\" content=\"1 minute\" \/>\n<script type=\"application\/ld+json\" class=\"yoast-schema-graph\">{\"@context\":\"https:\\\/\\\/schema.org\",\"@graph\":[{\"@type\":\"WebPage\",\"@id\":\"https:\\\/\\\/amina.is\\\/verslun\\\/typpid\\\/anndtyppid\\\/mancage-silicone-chastity-cock-cage\\\/\",\"url\":\"https:\\\/\\\/amina.is\\\/verslun\\\/typpid\\\/anndtyppid\\\/mancage-silicone-chastity-cock-cage\\\/\",\"name\":\"Mancage - Silicone Chastity Cock Cage With Lock &#8211; Amina\",\"isPartOf\":{\"@id\":\"https:\\\/\\\/amina.is\\\/#website\"},\"primaryImageOfPage\":{\"@id\":\"https:\\\/\\\/amina.is\\\/verslun\\\/typpid\\\/anndtyppid\\\/mancage-silicone-chastity-cock-cage\\\/#primaryimage\"},\"image\":{\"@id\":\"https:\\\/\\\/amina.is\\\/verslun\\\/typpid\\\/anndtyppid\\\/mancage-silicone-chastity-cock-cage\\\/#primaryimage\"},\"thumbnailUrl\":\"https:\\\/\\\/amina.is\\\/wp-content\\\/uploads\\\/2021\\\/05\\\/Untitled-design-1.png\",\"datePublished\":\"2021-05-02T21:56:43+00:00\",\"dateModified\":\"2025-08-17T19:53:17+00:00\",\"description\":\"Cock cage made out of soft silicone. Lock your partner in and take control. He will release when you decide, not a minute before.\",\"breadcrumb\":{\"@id\":\"https:\\\/\\\/amina.is\\\/verslun\\\/typpid\\\/anndtyppid\\\/mancage-silicone-chastity-cock-cage\\\/#breadcrumb\"},\"inLanguage\":\"en-US\",\"potentialAction\":[{\"@type\":\"ReadAction\",\"target\":[\"https:\\\/\\\/amina.is\\\/verslun\\\/typpid\\\/anndtyppid\\\/mancage-silicone-chastity-cock-cage\\\/\"]}]},{\"@type\":\"ImageObject\",\"inLanguage\":\"en-US\",\"@id\":\"https:\\\/\\\/amina.is\\\/verslun\\\/typpid\\\/anndtyppid\\\/mancage-silicone-chastity-cock-cage\\\/#primaryimage\",\"url\":\"https:\\\/\\\/amina.is\\\/wp-content\\\/uploads\\\/2021\\\/05\\\/Untitled-design-1.png\",\"contentUrl\":\"https:\\\/\\\/amina.is\\\/wp-content\\\/uploads\\\/2021\\\/05\\\/Untitled-design-1.png\",\"width\":1080,\"height\":1080},{\"@type\":\"BreadcrumbList\",\"@id\":\"https:\\\/\\\/amina.is\\\/verslun\\\/typpid\\\/anndtyppid\\\/mancage-silicone-chastity-cock-cage\\\/#breadcrumb\",\"itemListElement\":[{\"@type\":\"ListItem\",\"position\":1,\"name\":\"Home\",\"item\":\"https:\\\/\\\/amina.is\\\/\"},{\"@type\":\"ListItem\",\"position\":2,\"name\":\"Verslun\",\"item\":\"https:\\\/\\\/amina.is\\\/verslun\\\/\"},{\"@type\":\"ListItem\",\"position\":3,\"name\":\"Mancage &#8211; Silicone Chastity Cock Cage With Lock\"}]},{\"@type\":\"WebSite\",\"@id\":\"https:\\\/\\\/amina.is\\\/#website\",\"url\":\"https:\\\/\\\/amina.is\\\/\",\"name\":\"Amina\",\"description\":\"Feeling is everything - Una\u00f0sv\u00f6rur fyrir alla\",\"publisher\":{\"@id\":\"https:\\\/\\\/amina.is\\\/#organization\"},\"potentialAction\":[{\"@type\":\"SearchAction\",\"target\":{\"@type\":\"EntryPoint\",\"urlTemplate\":\"https:\\\/\\\/amina.is\\\/?s={search_term_string}\"},\"query-input\":{\"@type\":\"PropertyValueSpecification\",\"valueRequired\":true,\"valueName\":\"search_term_string\"}}],\"inLanguage\":\"en-US\"},{\"@type\":\"Organization\",\"@id\":\"https:\\\/\\\/amina.is\\\/#organization\",\"name\":\"Amina\",\"url\":\"https:\\\/\\\/amina.is\\\/\",\"logo\":{\"@type\":\"ImageObject\",\"inLanguage\":\"en-US\",\"@id\":\"https:\\\/\\\/amina.is\\\/#\\\/schema\\\/logo\\\/image\\\/\",\"url\":\"https:\\\/\\\/amina.is\\\/wp-content\\\/uploads\\\/2021\\\/09\\\/logo.png\",\"contentUrl\":\"https:\\\/\\\/amina.is\\\/wp-content\\\/uploads\\\/2021\\\/09\\\/logo.png\",\"width\":1790,\"height\":464,\"caption\":\"Amina\"},\"image\":{\"@id\":\"https:\\\/\\\/amina.is\\\/#\\\/schema\\\/logo\\\/image\\\/\"},\"sameAs\":[\"https:\\\/\\\/m.facebook.com\\\/AMINA-100767148840241\\\/\",\"https:\\\/\\\/www.instagram.com\\\/aminaverslun\\\/\"]}]}<\/script>\n<!-- \/ Yoast SEO Premium plugin. -->","yoast_head_json":{"title":"Mancage - Silicone Chastity Cock Cage With Lock &#8211; Amina","description":"Cock cage made out of soft silicone. Lock your partner in and take control. He will release when you decide, not a minute before.","robots":{"index":"index","follow":"follow","max-snippet":"max-snippet:-1","max-image-preview":"max-image-preview:large","max-video-preview":"max-video-preview:-1"},"canonical":"https:\/\/amina.is\/en\/verslun\/typpid\/anndtyppid\/mancage-silicone-chastity-cock-cage\/","og_locale":"en_US","og_type":"article","og_title":"Mancage - Silicone Chastity Cock Cage With Lock","og_description":"Cock cage made out of soft silicone. Lock your partner in and take control. He will release when you decide, not a minute before.","og_url":"https:\/\/amina.is\/en\/verslun\/typpid\/anndtyppid\/mancage-silicone-chastity-cock-cage\/","og_site_name":"Amina","article_publisher":"https:\/\/m.facebook.com\/AMINA-100767148840241\/","article_modified_time":"2025-08-17T19:53:17+00:00","og_image":[{"width":1080,"height":1080,"url":"https:\/\/amina.is\/wp-content\/uploads\/2021\/05\/Untitled-design-1.png","type":"image\/png"}],"twitter_card":"summary_large_image","twitter_misc":{"Est. reading time":"1 minute"},"schema":{"@context":"https:\/\/schema.org","@graph":[{"@type":"WebPage","@id":"https:\/\/amina.is\/verslun\/typpid\/anndtyppid\/mancage-silicone-chastity-cock-cage\/","url":"https:\/\/amina.is\/verslun\/typpid\/anndtyppid\/mancage-silicone-chastity-cock-cage\/","name":"Mancage - Silicone Chastity Cock Cage With Lock &#8211; Amina","isPartOf":{"@id":"https:\/\/amina.is\/#website"},"primaryImageOfPage":{"@id":"https:\/\/amina.is\/verslun\/typpid\/anndtyppid\/mancage-silicone-chastity-cock-cage\/#primaryimage"},"image":{"@id":"https:\/\/amina.is\/verslun\/typpid\/anndtyppid\/mancage-silicone-chastity-cock-cage\/#primaryimage"},"thumbnailUrl":"https:\/\/amina.is\/wp-content\/uploads\/2021\/05\/Untitled-design-1.png","datePublished":"2021-05-02T21:56:43+00:00","dateModified":"2025-08-17T19:53:17+00:00","description":"Cock cage made out of soft silicone. Lock your partner in and take control. He will release when you decide, not a minute before.","breadcrumb":{"@id":"https:\/\/amina.is\/verslun\/typpid\/anndtyppid\/mancage-silicone-chastity-cock-cage\/#breadcrumb"},"inLanguage":"en-US","potentialAction":[{"@type":"ReadAction","target":["https:\/\/amina.is\/verslun\/typpid\/anndtyppid\/mancage-silicone-chastity-cock-cage\/"]}]},{"@type":"ImageObject","inLanguage":"en-US","@id":"https:\/\/amina.is\/verslun\/typpid\/anndtyppid\/mancage-silicone-chastity-cock-cage\/#primaryimage","url":"https:\/\/amina.is\/wp-content\/uploads\/2021\/05\/Untitled-design-1.png","contentUrl":"https:\/\/amina.is\/wp-content\/uploads\/2021\/05\/Untitled-design-1.png","width":1080,"height":1080},{"@type":"BreadcrumbList","@id":"https:\/\/amina.is\/verslun\/typpid\/anndtyppid\/mancage-silicone-chastity-cock-cage\/#breadcrumb","itemListElement":[{"@type":"ListItem","position":1,"name":"Home","item":"https:\/\/amina.is\/"},{"@type":"ListItem","position":2,"name":"Verslun","item":"https:\/\/amina.is\/verslun\/"},{"@type":"ListItem","position":3,"name":"Mancage &#8211; Silicone Chastity Cock Cage With Lock"}]},{"@type":"WebSite","@id":"https:\/\/amina.is\/#website","url":"https:\/\/amina.is\/","name":"Amina","description":"Feeling is everything - Una\u00f0sv\u00f6rur fyrir alla","publisher":{"@id":"https:\/\/amina.is\/#organization"},"potentialAction":[{"@type":"SearchAction","target":{"@type":"EntryPoint","urlTemplate":"https:\/\/amina.is\/?s={search_term_string}"},"query-input":{"@type":"PropertyValueSpecification","valueRequired":true,"valueName":"search_term_string"}}],"inLanguage":"en-US"},{"@type":"Organization","@id":"https:\/\/amina.is\/#organization","name":"Amina","url":"https:\/\/amina.is\/","logo":{"@type":"ImageObject","inLanguage":"en-US","@id":"https:\/\/amina.is\/#\/schema\/logo\/image\/","url":"https:\/\/amina.is\/wp-content\/uploads\/2021\/09\/logo.png","contentUrl":"https:\/\/amina.is\/wp-content\/uploads\/2021\/09\/logo.png","width":1790,"height":464,"caption":"Amina"},"image":{"@id":"https:\/\/amina.is\/#\/schema\/logo\/image\/"},"sameAs":["https:\/\/m.facebook.com\/AMINA-100767148840241\/","https:\/\/www.instagram.com\/aminaverslun\/"]}]}},"_links":{"self":[{"href":"https:\/\/amina.is\/en\/wp-json\/wp\/v2\/product\/6760","targetHints":{"allow":["GET"]}}],"collection":[{"href":"https:\/\/amina.is\/en\/wp-json\/wp\/v2\/product"}],"about":[{"href":"https:\/\/amina.is\/en\/wp-json\/wp\/v2\/types\/product"}],"version-history":[{"count":8,"href":"https:\/\/amina.is\/en\/wp-json\/wp\/v2\/product\/6760\/revisions"}],"predecessor-version":[{"id":12112,"href":"https:\/\/amina.is\/en\/wp-json\/wp\/v2\/product\/6760\/revisions\/12112"}],"wp:featuredmedia":[{"embeddable":true,"href":"https:\/\/amina.is\/en\/wp-json\/wp\/v2\/media\/12107"}],"wp:attachment":[{"href":"https:\/\/amina.is\/en\/wp-json\/wp\/v2\/media?parent=6760"}],"wp:term":[{"taxonomy":"product_brand","embeddable":true,"href":"https:\/\/amina.is\/en\/wp-json\/wp\/v2\/product_brand?post=6760"},{"taxonomy":"product_cat","embeddable":true,"href":"https:\/\/amina.is\/en\/wp-json\/wp\/v2\/product_cat?post=6760"},{"taxonomy":"product_tag","embeddable":true,"href":"https:\/\/amina.is\/en\/wp-json\/wp\/v2\/product_tag?post=6760"}],"curies":[{"name":"wp","href":"https:\/\/api.w.org\/{rel}","templated":true}]}}