{"id":6754,"date":"2021-05-02T21:38:48","date_gmt":"2021-05-02T21:38:48","guid":{"rendered":"http:\/\/amina.web14.vefold.is\/?post_type=product&#038;p=6754"},"modified":"2024-09-30T12:51:28","modified_gmt":"2024-09-30T12:51:28","slug":"xavier-hard-and-uncut-dildo","status":"publish","type":"product","link":"https:\/\/amina.is\/en\/verslun\/pikan\/gervilimir\/xavier-hard-and-uncut-dildo\/","title":{"rendered":"Xavier Hard and Uncut Dildo 16,5cm (13cm usable)"},"content":{"rendered":"<h5>Xavier er 16,5cm langur (13 innsetjanleg lengd) og 3,8cm. a\u00f0 umm\u00e1li. Hann er mj\u00f6g raunverulegur og til hven\u00e6r sem \u00fe\u00fa ert. \u00dea\u00f0 m\u00e1 nota b\u00e6\u00f0i vatnssleipiefni og s\u00edlikon sleipiefni me\u00f0 honum.<\/h5>\n<p>&nbsp;<\/p>","protected":false},"excerpt":{"rendered":"<p>Raunverulegur og til hven\u00e6r sem \u00fe\u00fa ert. R\u00e9tt yfir me\u00f0allagi \u00ed st\u00e6r\u00f0.<\/p>","protected":false},"featured_media":8097,"template":"","meta":{"inline_featured_image":false},"product_brand":[],"product_cat":[41,42,43,884,906,44,35],"product_tag":[59,362,500,263,499,264,501,56,502],"class_list":{"0":"post-6754","1":"product","2":"type-product","3":"status-publish","4":"has-post-thumbnail","6":"product_cat-fyrir-tha","7":"product_cat-fyrir-thaer","8":"product_cat-fyrir-thau","9":"product_cat-gervilimir","10":"product_cat-gervilimirogegg","11":"product_cat-pikan","12":"product_cat-rassinn","13":"product_tag-butt","14":"product_tag-dildo","15":"product_tag-hard","16":"product_tag-rassinn","17":"product_tag-rooster","18":"product_tag-skopin","19":"product_tag-uncut","20":"product_tag-vagina","21":"product_tag-xavier","23":"first","24":"instock","25":"shipping-taxable","26":"purchasable","27":"product-type-simple"},"yoast_head":"<!-- This site is optimized with the Yoast SEO Premium plugin v21.6 (Yoast SEO v27.3) - https:\/\/yoast.com\/product\/yoast-seo-premium-wordpress\/ -->\n<title>Xavier Hard and Uncut Dildo 16,5cm (13cm usable) &#8211; Amina<\/title>\n<meta name=\"robots\" content=\"index, follow, max-snippet:-1, max-image-preview:large, max-video-preview:-1\" \/>\n<link rel=\"canonical\" href=\"https:\/\/amina.is\/en\/verslun\/pikan\/gervilimir\/xavier-hard-and-uncut-dildo\/\" \/>\n<meta property=\"og:locale\" content=\"en_US\" \/>\n<meta property=\"og:type\" content=\"article\" \/>\n<meta property=\"og:title\" content=\"Xavier Hard and Uncut Dildo 16,5cm (13cm usable)\" \/>\n<meta property=\"og:description\" content=\"Raunverulegur og til hven\u00e6r sem \u00fe\u00fa ert. R\u00e9tt yfir me\u00f0allagi \u00ed st\u00e6r\u00f0.\" \/>\n<meta property=\"og:url\" content=\"https:\/\/amina.is\/en\/verslun\/pikan\/gervilimir\/xavier-hard-and-uncut-dildo\/\" \/>\n<meta property=\"og:site_name\" content=\"Amina\" \/>\n<meta property=\"article:publisher\" content=\"https:\/\/m.facebook.com\/AMINA-100767148840241\/\" \/>\n<meta property=\"article:modified_time\" content=\"2024-09-30T12:51:28+00:00\" \/>\n<meta property=\"og:image\" content=\"https:\/\/amina.is\/wp-content\/uploads\/2021\/05\/xavier.jpg\" \/>\n\t<meta property=\"og:image:width\" content=\"1100\" \/>\n\t<meta property=\"og:image:height\" content=\"1100\" \/>\n\t<meta property=\"og:image:type\" content=\"image\/jpeg\" \/>\n<meta name=\"twitter:card\" content=\"summary_large_image\" \/>\n<meta name=\"twitter:label1\" content=\"Est. reading time\" \/>\n\t<meta name=\"twitter:data1\" content=\"1 minute\" \/>\n<script type=\"application\/ld+json\" class=\"yoast-schema-graph\">{\"@context\":\"https:\\\/\\\/schema.org\",\"@graph\":[{\"@type\":\"WebPage\",\"@id\":\"https:\\\/\\\/amina.is\\\/verslun\\\/pikan\\\/gervilimir\\\/xavier-hard-and-uncut-dildo\\\/\",\"url\":\"https:\\\/\\\/amina.is\\\/verslun\\\/pikan\\\/gervilimir\\\/xavier-hard-and-uncut-dildo\\\/\",\"name\":\"Xavier Hard and Uncut Dildo 16,5cm (13cm usable) &#8211; Amina\",\"isPartOf\":{\"@id\":\"https:\\\/\\\/amina.is\\\/#website\"},\"primaryImageOfPage\":{\"@id\":\"https:\\\/\\\/amina.is\\\/verslun\\\/pikan\\\/gervilimir\\\/xavier-hard-and-uncut-dildo\\\/#primaryimage\"},\"image\":{\"@id\":\"https:\\\/\\\/amina.is\\\/verslun\\\/pikan\\\/gervilimir\\\/xavier-hard-and-uncut-dildo\\\/#primaryimage\"},\"thumbnailUrl\":\"https:\\\/\\\/amina.is\\\/wp-content\\\/uploads\\\/2021\\\/05\\\/xavier.jpg\",\"datePublished\":\"2021-05-02T21:38:48+00:00\",\"dateModified\":\"2024-09-30T12:51:28+00:00\",\"breadcrumb\":{\"@id\":\"https:\\\/\\\/amina.is\\\/verslun\\\/pikan\\\/gervilimir\\\/xavier-hard-and-uncut-dildo\\\/#breadcrumb\"},\"inLanguage\":\"en-US\",\"potentialAction\":[{\"@type\":\"ReadAction\",\"target\":[\"https:\\\/\\\/amina.is\\\/verslun\\\/pikan\\\/gervilimir\\\/xavier-hard-and-uncut-dildo\\\/\"]}]},{\"@type\":\"ImageObject\",\"inLanguage\":\"en-US\",\"@id\":\"https:\\\/\\\/amina.is\\\/verslun\\\/pikan\\\/gervilimir\\\/xavier-hard-and-uncut-dildo\\\/#primaryimage\",\"url\":\"https:\\\/\\\/amina.is\\\/wp-content\\\/uploads\\\/2021\\\/05\\\/xavier.jpg\",\"contentUrl\":\"https:\\\/\\\/amina.is\\\/wp-content\\\/uploads\\\/2021\\\/05\\\/xavier.jpg\",\"width\":1100,\"height\":1100},{\"@type\":\"BreadcrumbList\",\"@id\":\"https:\\\/\\\/amina.is\\\/verslun\\\/pikan\\\/gervilimir\\\/xavier-hard-and-uncut-dildo\\\/#breadcrumb\",\"itemListElement\":[{\"@type\":\"ListItem\",\"position\":1,\"name\":\"Home\",\"item\":\"https:\\\/\\\/amina.is\\\/\"},{\"@type\":\"ListItem\",\"position\":2,\"name\":\"Verslun\",\"item\":\"https:\\\/\\\/amina.is\\\/verslun\\\/\"},{\"@type\":\"ListItem\",\"position\":3,\"name\":\"Xavier Hard and Uncut Dildo 16,5cm (13cm usable)\"}]},{\"@type\":\"WebSite\",\"@id\":\"https:\\\/\\\/amina.is\\\/#website\",\"url\":\"https:\\\/\\\/amina.is\\\/\",\"name\":\"Amina\",\"description\":\"Feeling is everything - Una\u00f0sv\u00f6rur fyrir alla\",\"publisher\":{\"@id\":\"https:\\\/\\\/amina.is\\\/#organization\"},\"potentialAction\":[{\"@type\":\"SearchAction\",\"target\":{\"@type\":\"EntryPoint\",\"urlTemplate\":\"https:\\\/\\\/amina.is\\\/?s={search_term_string}\"},\"query-input\":{\"@type\":\"PropertyValueSpecification\",\"valueRequired\":true,\"valueName\":\"search_term_string\"}}],\"inLanguage\":\"en-US\"},{\"@type\":\"Organization\",\"@id\":\"https:\\\/\\\/amina.is\\\/#organization\",\"name\":\"Amina\",\"url\":\"https:\\\/\\\/amina.is\\\/\",\"logo\":{\"@type\":\"ImageObject\",\"inLanguage\":\"en-US\",\"@id\":\"https:\\\/\\\/amina.is\\\/#\\\/schema\\\/logo\\\/image\\\/\",\"url\":\"https:\\\/\\\/amina.is\\\/wp-content\\\/uploads\\\/2021\\\/09\\\/logo.png\",\"contentUrl\":\"https:\\\/\\\/amina.is\\\/wp-content\\\/uploads\\\/2021\\\/09\\\/logo.png\",\"width\":1790,\"height\":464,\"caption\":\"Amina\"},\"image\":{\"@id\":\"https:\\\/\\\/amina.is\\\/#\\\/schema\\\/logo\\\/image\\\/\"},\"sameAs\":[\"https:\\\/\\\/m.facebook.com\\\/AMINA-100767148840241\\\/\",\"https:\\\/\\\/www.instagram.com\\\/aminaverslun\\\/\"]}]}<\/script>\n<!-- \/ Yoast SEO Premium plugin. -->","yoast_head_json":{"title":"Xavier Hard and Uncut Dildo 16,5cm (13cm usable) &#8211; Amina","robots":{"index":"index","follow":"follow","max-snippet":"max-snippet:-1","max-image-preview":"max-image-preview:large","max-video-preview":"max-video-preview:-1"},"canonical":"https:\/\/amina.is\/en\/verslun\/pikan\/gervilimir\/xavier-hard-and-uncut-dildo\/","og_locale":"en_US","og_type":"article","og_title":"Xavier Hard and Uncut Dildo 16,5cm (13cm usable)","og_description":"Raunverulegur og til hven\u00e6r sem \u00fe\u00fa ert. R\u00e9tt yfir me\u00f0allagi \u00ed st\u00e6r\u00f0.","og_url":"https:\/\/amina.is\/en\/verslun\/pikan\/gervilimir\/xavier-hard-and-uncut-dildo\/","og_site_name":"Amina","article_publisher":"https:\/\/m.facebook.com\/AMINA-100767148840241\/","article_modified_time":"2024-09-30T12:51:28+00:00","og_image":[{"width":1100,"height":1100,"url":"https:\/\/amina.is\/wp-content\/uploads\/2021\/05\/xavier.jpg","type":"image\/jpeg"}],"twitter_card":"summary_large_image","twitter_misc":{"Est. reading time":"1 minute"},"schema":{"@context":"https:\/\/schema.org","@graph":[{"@type":"WebPage","@id":"https:\/\/amina.is\/verslun\/pikan\/gervilimir\/xavier-hard-and-uncut-dildo\/","url":"https:\/\/amina.is\/verslun\/pikan\/gervilimir\/xavier-hard-and-uncut-dildo\/","name":"Xavier Hard and Uncut Dildo 16,5cm (13cm usable) &#8211; Amina","isPartOf":{"@id":"https:\/\/amina.is\/#website"},"primaryImageOfPage":{"@id":"https:\/\/amina.is\/verslun\/pikan\/gervilimir\/xavier-hard-and-uncut-dildo\/#primaryimage"},"image":{"@id":"https:\/\/amina.is\/verslun\/pikan\/gervilimir\/xavier-hard-and-uncut-dildo\/#primaryimage"},"thumbnailUrl":"https:\/\/amina.is\/wp-content\/uploads\/2021\/05\/xavier.jpg","datePublished":"2021-05-02T21:38:48+00:00","dateModified":"2024-09-30T12:51:28+00:00","breadcrumb":{"@id":"https:\/\/amina.is\/verslun\/pikan\/gervilimir\/xavier-hard-and-uncut-dildo\/#breadcrumb"},"inLanguage":"en-US","potentialAction":[{"@type":"ReadAction","target":["https:\/\/amina.is\/verslun\/pikan\/gervilimir\/xavier-hard-and-uncut-dildo\/"]}]},{"@type":"ImageObject","inLanguage":"en-US","@id":"https:\/\/amina.is\/verslun\/pikan\/gervilimir\/xavier-hard-and-uncut-dildo\/#primaryimage","url":"https:\/\/amina.is\/wp-content\/uploads\/2021\/05\/xavier.jpg","contentUrl":"https:\/\/amina.is\/wp-content\/uploads\/2021\/05\/xavier.jpg","width":1100,"height":1100},{"@type":"BreadcrumbList","@id":"https:\/\/amina.is\/verslun\/pikan\/gervilimir\/xavier-hard-and-uncut-dildo\/#breadcrumb","itemListElement":[{"@type":"ListItem","position":1,"name":"Home","item":"https:\/\/amina.is\/"},{"@type":"ListItem","position":2,"name":"Verslun","item":"https:\/\/amina.is\/verslun\/"},{"@type":"ListItem","position":3,"name":"Xavier Hard and Uncut Dildo 16,5cm (13cm usable)"}]},{"@type":"WebSite","@id":"https:\/\/amina.is\/#website","url":"https:\/\/amina.is\/","name":"Amina","description":"Feeling is everything - Una\u00f0sv\u00f6rur fyrir alla","publisher":{"@id":"https:\/\/amina.is\/#organization"},"potentialAction":[{"@type":"SearchAction","target":{"@type":"EntryPoint","urlTemplate":"https:\/\/amina.is\/?s={search_term_string}"},"query-input":{"@type":"PropertyValueSpecification","valueRequired":true,"valueName":"search_term_string"}}],"inLanguage":"en-US"},{"@type":"Organization","@id":"https:\/\/amina.is\/#organization","name":"Amina","url":"https:\/\/amina.is\/","logo":{"@type":"ImageObject","inLanguage":"en-US","@id":"https:\/\/amina.is\/#\/schema\/logo\/image\/","url":"https:\/\/amina.is\/wp-content\/uploads\/2021\/09\/logo.png","contentUrl":"https:\/\/amina.is\/wp-content\/uploads\/2021\/09\/logo.png","width":1790,"height":464,"caption":"Amina"},"image":{"@id":"https:\/\/amina.is\/#\/schema\/logo\/image\/"},"sameAs":["https:\/\/m.facebook.com\/AMINA-100767148840241\/","https:\/\/www.instagram.com\/aminaverslun\/"]}]}},"_links":{"self":[{"href":"https:\/\/amina.is\/en\/wp-json\/wp\/v2\/product\/6754","targetHints":{"allow":["GET"]}}],"collection":[{"href":"https:\/\/amina.is\/en\/wp-json\/wp\/v2\/product"}],"about":[{"href":"https:\/\/amina.is\/en\/wp-json\/wp\/v2\/types\/product"}],"version-history":[{"count":6,"href":"https:\/\/amina.is\/en\/wp-json\/wp\/v2\/product\/6754\/revisions"}],"predecessor-version":[{"id":11583,"href":"https:\/\/amina.is\/en\/wp-json\/wp\/v2\/product\/6754\/revisions\/11583"}],"wp:featuredmedia":[{"embeddable":true,"href":"https:\/\/amina.is\/en\/wp-json\/wp\/v2\/media\/8097"}],"wp:attachment":[{"href":"https:\/\/amina.is\/en\/wp-json\/wp\/v2\/media?parent=6754"}],"wp:term":[{"taxonomy":"product_brand","embeddable":true,"href":"https:\/\/amina.is\/en\/wp-json\/wp\/v2\/product_brand?post=6754"},{"taxonomy":"product_cat","embeddable":true,"href":"https:\/\/amina.is\/en\/wp-json\/wp\/v2\/product_cat?post=6754"},{"taxonomy":"product_tag","embeddable":true,"href":"https:\/\/amina.is\/en\/wp-json\/wp\/v2\/product_tag?post=6754"}],"curies":[{"name":"wp","href":"https:\/\/api.w.org\/{rel}","templated":true}]}}