{"id":6748,"date":"2021-05-02T19:39:34","date_gmt":"2021-05-02T19:39:34","guid":{"rendered":"http:\/\/amina.web14.vefold.is\/?post_type=product&#038;p=6748"},"modified":"2025-11-03T17:14:28","modified_gmt":"2025-11-03T17:14:28","slug":"tenga-flip-0-zero-electronic-vibration-stroker-black","status":"publish","type":"product","link":"https:\/\/amina.is\/en\/verslun\/typpid\/muffur\/tenga-flip-0-zero-electronic-vibration-stroker-black\/","title":{"rendered":"Tenga &#8211; Flip Zero Electronic Vibration Stroker"},"content":{"rendered":"<h5>Ein flottasta m\u00faffan \u00e1 marka\u00f0num \u00ed dag! N\u00fdjasta kynsl\u00f3\u00f0in af Flip Zero me\u00f0 tveimur m\u00f3torum. 5 mismunandi titrings stillingar og USB hle\u00f0sludokka. Li-ion rafhla\u00f0a. H\u00e6\u00f0: 18cm. Breidd: 7,6cm. Umm\u00e1l: 7cm.<\/h5>\n<h5>M\u00f3torarnir eru sta\u00f0settir b\u00e6\u00f0i efst og ne\u00f0st \u00ed t\u00e6kinu og \u00f6rva allt typpi\u00f0 \u00ed einu \u00e1 me\u00f0an s\u00e9hanna\u00f0 mynstri\u00f0 heldur \u00fe\u00e9tt utan um typpi\u00f0 og h\u00e1markar \u00f6rvunina. T\u00e6ki\u00f0 er hanna\u00f0 me\u00f0 au\u00f0veld \u00ferif \u00ed huga.<\/h5>\n<p>&nbsp;<\/p>","protected":false},"excerpt":{"rendered":"<p>Ein flottasta m\u00faffan \u00e1 marka\u00f0num \u00ed dag! N\u00fdjasta kynsl\u00f3\u00f0in af Flip Zero me\u00f0 tveimur m\u00f3torum og hle\u00f0sludokku.<\/p>","protected":false},"featured_media":8001,"template":"","meta":{"inline_featured_image":false},"product_brand":[],"product_cat":[41,43,877,899,45],"product_tag":[498,280,69,62,64,63,322,321],"class_list":{"0":"post-6748","1":"product","2":"type-product","3":"status-publish","4":"has-post-thumbnail","6":"product_cat-fyrir-tha","7":"product_cat-fyrir-thau","8":"product_cat-muffur","9":"product_cat-notaahann","10":"product_cat-typpid","11":"product_tag-electronic-stroker","12":"product_tag-limurinn","13":"product_tag-masturbation","14":"product_tag-muffa","15":"product_tag-penis","16":"product_tag-sjalfsfroun","17":"product_tag-stroker","18":"product_tag-tenga","20":"first","21":"outofstock","22":"shipping-taxable","23":"purchasable","24":"product-type-simple"},"yoast_head":"<!-- This site is optimized with the Yoast SEO Premium plugin v21.6 (Yoast SEO v27.3) - https:\/\/yoast.com\/product\/yoast-seo-premium-wordpress\/ -->\n<title>Tenga - Flip Zero Electronic Vibration Stroker &#8211; Amina<\/title>\n<meta name=\"robots\" content=\"index, follow, max-snippet:-1, max-image-preview:large, max-video-preview:-1\" \/>\n<link rel=\"canonical\" href=\"https:\/\/amina.is\/en\/verslun\/typpid\/muffur\/tenga-flip-0-zero-electronic-vibration-stroker-black\/\" \/>\n<meta property=\"og:locale\" content=\"en_US\" \/>\n<meta property=\"og:type\" content=\"article\" \/>\n<meta property=\"og:title\" content=\"Tenga - Flip Zero Electronic Vibration Stroker\" \/>\n<meta property=\"og:description\" content=\"Ein flottasta m\u00faffan \u00e1 marka\u00f0num \u00ed dag! N\u00fdjasta kynsl\u00f3\u00f0in af Flip Zero me\u00f0 tveimur m\u00f3torum og hle\u00f0sludokku.\" \/>\n<meta property=\"og:url\" content=\"https:\/\/amina.is\/en\/verslun\/typpid\/muffur\/tenga-flip-0-zero-electronic-vibration-stroker-black\/\" \/>\n<meta property=\"og:site_name\" content=\"Amina\" \/>\n<meta property=\"article:publisher\" content=\"https:\/\/m.facebook.com\/AMINA-100767148840241\/\" \/>\n<meta property=\"article:modified_time\" content=\"2025-11-03T17:14:28+00:00\" \/>\n<meta property=\"og:image\" content=\"https:\/\/amina.is\/wp-content\/uploads\/2021\/05\/f0.jpg\" \/>\n\t<meta property=\"og:image:width\" content=\"1200\" \/>\n\t<meta property=\"og:image:height\" content=\"1200\" \/>\n\t<meta property=\"og:image:type\" content=\"image\/jpeg\" \/>\n<meta name=\"twitter:card\" content=\"summary_large_image\" \/>\n<script type=\"application\/ld+json\" class=\"yoast-schema-graph\">{\"@context\":\"https:\\\/\\\/schema.org\",\"@graph\":[{\"@type\":\"WebPage\",\"@id\":\"https:\\\/\\\/amina.is\\\/verslun\\\/typpid\\\/muffur\\\/tenga-flip-0-zero-electronic-vibration-stroker-black\\\/\",\"url\":\"https:\\\/\\\/amina.is\\\/verslun\\\/typpid\\\/muffur\\\/tenga-flip-0-zero-electronic-vibration-stroker-black\\\/\",\"name\":\"Tenga - Flip Zero Electronic Vibration Stroker &#8211; Amina\",\"isPartOf\":{\"@id\":\"https:\\\/\\\/amina.is\\\/#website\"},\"primaryImageOfPage\":{\"@id\":\"https:\\\/\\\/amina.is\\\/verslun\\\/typpid\\\/muffur\\\/tenga-flip-0-zero-electronic-vibration-stroker-black\\\/#primaryimage\"},\"image\":{\"@id\":\"https:\\\/\\\/amina.is\\\/verslun\\\/typpid\\\/muffur\\\/tenga-flip-0-zero-electronic-vibration-stroker-black\\\/#primaryimage\"},\"thumbnailUrl\":\"https:\\\/\\\/amina.is\\\/wp-content\\\/uploads\\\/2021\\\/05\\\/f0.jpg\",\"datePublished\":\"2021-05-02T19:39:34+00:00\",\"dateModified\":\"2025-11-03T17:14:28+00:00\",\"breadcrumb\":{\"@id\":\"https:\\\/\\\/amina.is\\\/verslun\\\/typpid\\\/muffur\\\/tenga-flip-0-zero-electronic-vibration-stroker-black\\\/#breadcrumb\"},\"inLanguage\":\"en-US\",\"potentialAction\":[{\"@type\":\"ReadAction\",\"target\":[\"https:\\\/\\\/amina.is\\\/verslun\\\/typpid\\\/muffur\\\/tenga-flip-0-zero-electronic-vibration-stroker-black\\\/\"]}]},{\"@type\":\"ImageObject\",\"inLanguage\":\"en-US\",\"@id\":\"https:\\\/\\\/amina.is\\\/verslun\\\/typpid\\\/muffur\\\/tenga-flip-0-zero-electronic-vibration-stroker-black\\\/#primaryimage\",\"url\":\"https:\\\/\\\/amina.is\\\/wp-content\\\/uploads\\\/2021\\\/05\\\/f0.jpg\",\"contentUrl\":\"https:\\\/\\\/amina.is\\\/wp-content\\\/uploads\\\/2021\\\/05\\\/f0.jpg\",\"width\":1200,\"height\":1200},{\"@type\":\"BreadcrumbList\",\"@id\":\"https:\\\/\\\/amina.is\\\/verslun\\\/typpid\\\/muffur\\\/tenga-flip-0-zero-electronic-vibration-stroker-black\\\/#breadcrumb\",\"itemListElement\":[{\"@type\":\"ListItem\",\"position\":1,\"name\":\"Home\",\"item\":\"https:\\\/\\\/amina.is\\\/\"},{\"@type\":\"ListItem\",\"position\":2,\"name\":\"Verslun\",\"item\":\"https:\\\/\\\/amina.is\\\/verslun\\\/\"},{\"@type\":\"ListItem\",\"position\":3,\"name\":\"Tenga &#8211; Flip Zero Electronic Vibration Stroker\"}]},{\"@type\":\"WebSite\",\"@id\":\"https:\\\/\\\/amina.is\\\/#website\",\"url\":\"https:\\\/\\\/amina.is\\\/\",\"name\":\"Amina\",\"description\":\"Feeling is everything - Una\u00f0sv\u00f6rur fyrir alla\",\"publisher\":{\"@id\":\"https:\\\/\\\/amina.is\\\/#organization\"},\"potentialAction\":[{\"@type\":\"SearchAction\",\"target\":{\"@type\":\"EntryPoint\",\"urlTemplate\":\"https:\\\/\\\/amina.is\\\/?s={search_term_string}\"},\"query-input\":{\"@type\":\"PropertyValueSpecification\",\"valueRequired\":true,\"valueName\":\"search_term_string\"}}],\"inLanguage\":\"en-US\"},{\"@type\":\"Organization\",\"@id\":\"https:\\\/\\\/amina.is\\\/#organization\",\"name\":\"Amina\",\"url\":\"https:\\\/\\\/amina.is\\\/\",\"logo\":{\"@type\":\"ImageObject\",\"inLanguage\":\"en-US\",\"@id\":\"https:\\\/\\\/amina.is\\\/#\\\/schema\\\/logo\\\/image\\\/\",\"url\":\"https:\\\/\\\/amina.is\\\/wp-content\\\/uploads\\\/2021\\\/09\\\/logo.png\",\"contentUrl\":\"https:\\\/\\\/amina.is\\\/wp-content\\\/uploads\\\/2021\\\/09\\\/logo.png\",\"width\":1790,\"height\":464,\"caption\":\"Amina\"},\"image\":{\"@id\":\"https:\\\/\\\/amina.is\\\/#\\\/schema\\\/logo\\\/image\\\/\"},\"sameAs\":[\"https:\\\/\\\/m.facebook.com\\\/AMINA-100767148840241\\\/\",\"https:\\\/\\\/www.instagram.com\\\/aminaverslun\\\/\"]}]}<\/script>\n<!-- \/ Yoast SEO Premium plugin. -->","yoast_head_json":{"title":"Tenga - Flip Zero Electronic Vibration Stroker &#8211; Amina","robots":{"index":"index","follow":"follow","max-snippet":"max-snippet:-1","max-image-preview":"max-image-preview:large","max-video-preview":"max-video-preview:-1"},"canonical":"https:\/\/amina.is\/en\/verslun\/typpid\/muffur\/tenga-flip-0-zero-electronic-vibration-stroker-black\/","og_locale":"en_US","og_type":"article","og_title":"Tenga - Flip Zero Electronic Vibration Stroker","og_description":"Ein flottasta m\u00faffan \u00e1 marka\u00f0num \u00ed dag! N\u00fdjasta kynsl\u00f3\u00f0in af Flip Zero me\u00f0 tveimur m\u00f3torum og hle\u00f0sludokku.","og_url":"https:\/\/amina.is\/en\/verslun\/typpid\/muffur\/tenga-flip-0-zero-electronic-vibration-stroker-black\/","og_site_name":"Amina","article_publisher":"https:\/\/m.facebook.com\/AMINA-100767148840241\/","article_modified_time":"2025-11-03T17:14:28+00:00","og_image":[{"width":1200,"height":1200,"url":"https:\/\/amina.is\/wp-content\/uploads\/2021\/05\/f0.jpg","type":"image\/jpeg"}],"twitter_card":"summary_large_image","schema":{"@context":"https:\/\/schema.org","@graph":[{"@type":"WebPage","@id":"https:\/\/amina.is\/verslun\/typpid\/muffur\/tenga-flip-0-zero-electronic-vibration-stroker-black\/","url":"https:\/\/amina.is\/verslun\/typpid\/muffur\/tenga-flip-0-zero-electronic-vibration-stroker-black\/","name":"Tenga - Flip Zero Electronic Vibration Stroker &#8211; Amina","isPartOf":{"@id":"https:\/\/amina.is\/#website"},"primaryImageOfPage":{"@id":"https:\/\/amina.is\/verslun\/typpid\/muffur\/tenga-flip-0-zero-electronic-vibration-stroker-black\/#primaryimage"},"image":{"@id":"https:\/\/amina.is\/verslun\/typpid\/muffur\/tenga-flip-0-zero-electronic-vibration-stroker-black\/#primaryimage"},"thumbnailUrl":"https:\/\/amina.is\/wp-content\/uploads\/2021\/05\/f0.jpg","datePublished":"2021-05-02T19:39:34+00:00","dateModified":"2025-11-03T17:14:28+00:00","breadcrumb":{"@id":"https:\/\/amina.is\/verslun\/typpid\/muffur\/tenga-flip-0-zero-electronic-vibration-stroker-black\/#breadcrumb"},"inLanguage":"en-US","potentialAction":[{"@type":"ReadAction","target":["https:\/\/amina.is\/verslun\/typpid\/muffur\/tenga-flip-0-zero-electronic-vibration-stroker-black\/"]}]},{"@type":"ImageObject","inLanguage":"en-US","@id":"https:\/\/amina.is\/verslun\/typpid\/muffur\/tenga-flip-0-zero-electronic-vibration-stroker-black\/#primaryimage","url":"https:\/\/amina.is\/wp-content\/uploads\/2021\/05\/f0.jpg","contentUrl":"https:\/\/amina.is\/wp-content\/uploads\/2021\/05\/f0.jpg","width":1200,"height":1200},{"@type":"BreadcrumbList","@id":"https:\/\/amina.is\/verslun\/typpid\/muffur\/tenga-flip-0-zero-electronic-vibration-stroker-black\/#breadcrumb","itemListElement":[{"@type":"ListItem","position":1,"name":"Home","item":"https:\/\/amina.is\/"},{"@type":"ListItem","position":2,"name":"Verslun","item":"https:\/\/amina.is\/verslun\/"},{"@type":"ListItem","position":3,"name":"Tenga &#8211; Flip Zero Electronic Vibration Stroker"}]},{"@type":"WebSite","@id":"https:\/\/amina.is\/#website","url":"https:\/\/amina.is\/","name":"Amina","description":"Feeling is everything - Una\u00f0sv\u00f6rur fyrir alla","publisher":{"@id":"https:\/\/amina.is\/#organization"},"potentialAction":[{"@type":"SearchAction","target":{"@type":"EntryPoint","urlTemplate":"https:\/\/amina.is\/?s={search_term_string}"},"query-input":{"@type":"PropertyValueSpecification","valueRequired":true,"valueName":"search_term_string"}}],"inLanguage":"en-US"},{"@type":"Organization","@id":"https:\/\/amina.is\/#organization","name":"Amina","url":"https:\/\/amina.is\/","logo":{"@type":"ImageObject","inLanguage":"en-US","@id":"https:\/\/amina.is\/#\/schema\/logo\/image\/","url":"https:\/\/amina.is\/wp-content\/uploads\/2021\/09\/logo.png","contentUrl":"https:\/\/amina.is\/wp-content\/uploads\/2021\/09\/logo.png","width":1790,"height":464,"caption":"Amina"},"image":{"@id":"https:\/\/amina.is\/#\/schema\/logo\/image\/"},"sameAs":["https:\/\/m.facebook.com\/AMINA-100767148840241\/","https:\/\/www.instagram.com\/aminaverslun\/"]}]}},"_links":{"self":[{"href":"https:\/\/amina.is\/en\/wp-json\/wp\/v2\/product\/6748","targetHints":{"allow":["GET"]}}],"collection":[{"href":"https:\/\/amina.is\/en\/wp-json\/wp\/v2\/product"}],"about":[{"href":"https:\/\/amina.is\/en\/wp-json\/wp\/v2\/types\/product"}],"version-history":[{"count":6,"href":"https:\/\/amina.is\/en\/wp-json\/wp\/v2\/product\/6748\/revisions"}],"predecessor-version":[{"id":8000,"href":"https:\/\/amina.is\/en\/wp-json\/wp\/v2\/product\/6748\/revisions\/8000"}],"wp:featuredmedia":[{"embeddable":true,"href":"https:\/\/amina.is\/en\/wp-json\/wp\/v2\/media\/8001"}],"wp:attachment":[{"href":"https:\/\/amina.is\/en\/wp-json\/wp\/v2\/media?parent=6748"}],"wp:term":[{"taxonomy":"product_brand","embeddable":true,"href":"https:\/\/amina.is\/en\/wp-json\/wp\/v2\/product_brand?post=6748"},{"taxonomy":"product_cat","embeddable":true,"href":"https:\/\/amina.is\/en\/wp-json\/wp\/v2\/product_cat?post=6748"},{"taxonomy":"product_tag","embeddable":true,"href":"https:\/\/amina.is\/en\/wp-json\/wp\/v2\/product_tag?post=6748"}],"curies":[{"name":"wp","href":"https:\/\/api.w.org\/{rel}","templated":true}]}}