{"id":6745,"date":"2021-05-02T18:45:39","date_gmt":"2021-05-02T18:45:39","guid":{"rendered":"http:\/\/amina.web14.vefold.is\/?post_type=product&#038;p=6745"},"modified":"2025-06-04T15:07:12","modified_gmt":"2025-06-04T15:07:12","slug":"lexi-bio-skin-vibrating-pussy-stroker","status":"publish","type":"product","link":"https:\/\/amina.is\/en\/verslun\/typpid\/muffur\/lexi-bio-skin-vibrating-pussy-stroker\/","title":{"rendered":"Lexi Bio Skin Vibrating Pussy Stroker"},"content":{"rendered":"<h5>Lexi m\u00faffan fr\u00e1 Curve Toys er b\u00fain til \u00far s\u00e9rstakri BioSkin form\u00falu sem gerir hana einstaklega raunverulega. \u00de\u00fa getur nota\u00f0 hana me\u00f0 e\u00f0a \u00e1n titrings. M\u00e1 a\u00f0eins nota me\u00f0 vatnssleipiefnum og s\u00edlikon sleipiefnum. Au\u00f0veld \u00ed \u00ferifum. Framleidd \u00ed U.S.A.<\/h5>\n<h5>Lengd: 14,6cm. Breidd: 5cm.<\/h5>\n<p>&nbsp;<\/p>","protected":false},"excerpt":{"rendered":"<p>Lexi m\u00faffan fr\u00e1 Curve Toys er b\u00fain til \u00far s\u00e9rstakri BioSkin form\u00falu sem gerir hana einstaklega raunverulega.<\/p>","protected":false},"featured_media":8132,"template":"","meta":{"inline_featured_image":false},"product_brand":[],"product_cat":[43,877,899,45],"product_tag":[496,495,280,69,352,62,64,63,322,56,497],"class_list":{"0":"post-6745","1":"product","2":"type-product","3":"status-publish","4":"has-post-thumbnail","6":"product_cat-fyrir-thau","7":"product_cat-muffur","8":"product_cat-notaahann","9":"product_cat-typpid","10":"product_tag-bio-skin","11":"product_tag-lexi","12":"product_tag-limurinn","13":"product_tag-masturbation","14":"product_tag-mistress","15":"product_tag-muffa","16":"product_tag-penis","17":"product_tag-sjalfsfroun","18":"product_tag-stroker","19":"product_tag-vagina","20":"product_tag-vibrating-vagina","22":"first","23":"instock","24":"shipping-taxable","25":"purchasable","26":"product-type-simple"},"yoast_head":"<!-- This site is optimized with the Yoast SEO Premium plugin v21.6 (Yoast SEO v27.3) - https:\/\/yoast.com\/product\/yoast-seo-premium-wordpress\/ -->\n<title>Lexi Bio Skin Vibrating Pussy Stroker &#8211; Amina<\/title>\n<meta name=\"robots\" content=\"index, follow, max-snippet:-1, max-image-preview:large, max-video-preview:-1\" \/>\n<link rel=\"canonical\" href=\"https:\/\/amina.is\/en\/verslun\/typpid\/muffur\/lexi-bio-skin-vibrating-pussy-stroker\/\" \/>\n<meta property=\"og:locale\" content=\"en_US\" \/>\n<meta property=\"og:type\" content=\"article\" \/>\n<meta property=\"og:title\" content=\"Lexi Bio Skin Vibrating Pussy Stroker\" \/>\n<meta property=\"og:description\" content=\"Lexi m\u00faffan fr\u00e1 Curve Toys er b\u00fain til \u00far s\u00e9rstakri BioSkin form\u00falu sem gerir hana einstaklega raunverulega.\" \/>\n<meta property=\"og:url\" content=\"https:\/\/amina.is\/en\/verslun\/typpid\/muffur\/lexi-bio-skin-vibrating-pussy-stroker\/\" \/>\n<meta property=\"og:site_name\" content=\"Amina\" \/>\n<meta property=\"article:publisher\" content=\"https:\/\/m.facebook.com\/AMINA-100767148840241\/\" \/>\n<meta property=\"article:modified_time\" content=\"2025-06-04T15:07:12+00:00\" \/>\n<meta property=\"og:image\" content=\"https:\/\/amina.is\/wp-content\/uploads\/2021\/05\/af786-tan-latte-lexi-stroker-300_1000x1000.png\" \/>\n\t<meta property=\"og:image:width\" content=\"1200\" \/>\n\t<meta property=\"og:image:height\" content=\"1200\" \/>\n\t<meta property=\"og:image:type\" content=\"image\/png\" \/>\n<meta name=\"twitter:card\" content=\"summary_large_image\" \/>\n<script type=\"application\/ld+json\" class=\"yoast-schema-graph\">{\"@context\":\"https:\\\/\\\/schema.org\",\"@graph\":[{\"@type\":\"WebPage\",\"@id\":\"https:\\\/\\\/amina.is\\\/verslun\\\/typpid\\\/muffur\\\/lexi-bio-skin-vibrating-pussy-stroker\\\/\",\"url\":\"https:\\\/\\\/amina.is\\\/verslun\\\/typpid\\\/muffur\\\/lexi-bio-skin-vibrating-pussy-stroker\\\/\",\"name\":\"Lexi Bio Skin Vibrating Pussy Stroker &#8211; Amina\",\"isPartOf\":{\"@id\":\"https:\\\/\\\/amina.is\\\/#website\"},\"primaryImageOfPage\":{\"@id\":\"https:\\\/\\\/amina.is\\\/verslun\\\/typpid\\\/muffur\\\/lexi-bio-skin-vibrating-pussy-stroker\\\/#primaryimage\"},\"image\":{\"@id\":\"https:\\\/\\\/amina.is\\\/verslun\\\/typpid\\\/muffur\\\/lexi-bio-skin-vibrating-pussy-stroker\\\/#primaryimage\"},\"thumbnailUrl\":\"https:\\\/\\\/amina.is\\\/wp-content\\\/uploads\\\/2021\\\/05\\\/af786-tan-latte-lexi-stroker-300_1000x1000.png\",\"datePublished\":\"2021-05-02T18:45:39+00:00\",\"dateModified\":\"2025-06-04T15:07:12+00:00\",\"breadcrumb\":{\"@id\":\"https:\\\/\\\/amina.is\\\/verslun\\\/typpid\\\/muffur\\\/lexi-bio-skin-vibrating-pussy-stroker\\\/#breadcrumb\"},\"inLanguage\":\"en-US\",\"potentialAction\":[{\"@type\":\"ReadAction\",\"target\":[\"https:\\\/\\\/amina.is\\\/verslun\\\/typpid\\\/muffur\\\/lexi-bio-skin-vibrating-pussy-stroker\\\/\"]}]},{\"@type\":\"ImageObject\",\"inLanguage\":\"en-US\",\"@id\":\"https:\\\/\\\/amina.is\\\/verslun\\\/typpid\\\/muffur\\\/lexi-bio-skin-vibrating-pussy-stroker\\\/#primaryimage\",\"url\":\"https:\\\/\\\/amina.is\\\/wp-content\\\/uploads\\\/2021\\\/05\\\/af786-tan-latte-lexi-stroker-300_1000x1000.png\",\"contentUrl\":\"https:\\\/\\\/amina.is\\\/wp-content\\\/uploads\\\/2021\\\/05\\\/af786-tan-latte-lexi-stroker-300_1000x1000.png\",\"width\":1200,\"height\":1200},{\"@type\":\"BreadcrumbList\",\"@id\":\"https:\\\/\\\/amina.is\\\/verslun\\\/typpid\\\/muffur\\\/lexi-bio-skin-vibrating-pussy-stroker\\\/#breadcrumb\",\"itemListElement\":[{\"@type\":\"ListItem\",\"position\":1,\"name\":\"Home\",\"item\":\"https:\\\/\\\/amina.is\\\/\"},{\"@type\":\"ListItem\",\"position\":2,\"name\":\"Verslun\",\"item\":\"https:\\\/\\\/amina.is\\\/verslun\\\/\"},{\"@type\":\"ListItem\",\"position\":3,\"name\":\"Lexi Bio Skin Vibrating Pussy Stroker\"}]},{\"@type\":\"WebSite\",\"@id\":\"https:\\\/\\\/amina.is\\\/#website\",\"url\":\"https:\\\/\\\/amina.is\\\/\",\"name\":\"Amina\",\"description\":\"Feeling is everything - Una\u00f0sv\u00f6rur fyrir alla\",\"publisher\":{\"@id\":\"https:\\\/\\\/amina.is\\\/#organization\"},\"potentialAction\":[{\"@type\":\"SearchAction\",\"target\":{\"@type\":\"EntryPoint\",\"urlTemplate\":\"https:\\\/\\\/amina.is\\\/?s={search_term_string}\"},\"query-input\":{\"@type\":\"PropertyValueSpecification\",\"valueRequired\":true,\"valueName\":\"search_term_string\"}}],\"inLanguage\":\"en-US\"},{\"@type\":\"Organization\",\"@id\":\"https:\\\/\\\/amina.is\\\/#organization\",\"name\":\"Amina\",\"url\":\"https:\\\/\\\/amina.is\\\/\",\"logo\":{\"@type\":\"ImageObject\",\"inLanguage\":\"en-US\",\"@id\":\"https:\\\/\\\/amina.is\\\/#\\\/schema\\\/logo\\\/image\\\/\",\"url\":\"https:\\\/\\\/amina.is\\\/wp-content\\\/uploads\\\/2021\\\/09\\\/logo.png\",\"contentUrl\":\"https:\\\/\\\/amina.is\\\/wp-content\\\/uploads\\\/2021\\\/09\\\/logo.png\",\"width\":1790,\"height\":464,\"caption\":\"Amina\"},\"image\":{\"@id\":\"https:\\\/\\\/amina.is\\\/#\\\/schema\\\/logo\\\/image\\\/\"},\"sameAs\":[\"https:\\\/\\\/m.facebook.com\\\/AMINA-100767148840241\\\/\",\"https:\\\/\\\/www.instagram.com\\\/aminaverslun\\\/\"]}]}<\/script>\n<!-- \/ Yoast SEO Premium plugin. -->","yoast_head_json":{"title":"Lexi Bio Skin Vibrating Pussy Stroker &#8211; Amina","robots":{"index":"index","follow":"follow","max-snippet":"max-snippet:-1","max-image-preview":"max-image-preview:large","max-video-preview":"max-video-preview:-1"},"canonical":"https:\/\/amina.is\/en\/verslun\/typpid\/muffur\/lexi-bio-skin-vibrating-pussy-stroker\/","og_locale":"en_US","og_type":"article","og_title":"Lexi Bio Skin Vibrating Pussy Stroker","og_description":"Lexi m\u00faffan fr\u00e1 Curve Toys er b\u00fain til \u00far s\u00e9rstakri BioSkin form\u00falu sem gerir hana einstaklega raunverulega.","og_url":"https:\/\/amina.is\/en\/verslun\/typpid\/muffur\/lexi-bio-skin-vibrating-pussy-stroker\/","og_site_name":"Amina","article_publisher":"https:\/\/m.facebook.com\/AMINA-100767148840241\/","article_modified_time":"2025-06-04T15:07:12+00:00","og_image":[{"width":1200,"height":1200,"url":"https:\/\/amina.is\/wp-content\/uploads\/2021\/05\/af786-tan-latte-lexi-stroker-300_1000x1000.png","type":"image\/png"}],"twitter_card":"summary_large_image","schema":{"@context":"https:\/\/schema.org","@graph":[{"@type":"WebPage","@id":"https:\/\/amina.is\/verslun\/typpid\/muffur\/lexi-bio-skin-vibrating-pussy-stroker\/","url":"https:\/\/amina.is\/verslun\/typpid\/muffur\/lexi-bio-skin-vibrating-pussy-stroker\/","name":"Lexi Bio Skin Vibrating Pussy Stroker &#8211; Amina","isPartOf":{"@id":"https:\/\/amina.is\/#website"},"primaryImageOfPage":{"@id":"https:\/\/amina.is\/verslun\/typpid\/muffur\/lexi-bio-skin-vibrating-pussy-stroker\/#primaryimage"},"image":{"@id":"https:\/\/amina.is\/verslun\/typpid\/muffur\/lexi-bio-skin-vibrating-pussy-stroker\/#primaryimage"},"thumbnailUrl":"https:\/\/amina.is\/wp-content\/uploads\/2021\/05\/af786-tan-latte-lexi-stroker-300_1000x1000.png","datePublished":"2021-05-02T18:45:39+00:00","dateModified":"2025-06-04T15:07:12+00:00","breadcrumb":{"@id":"https:\/\/amina.is\/verslun\/typpid\/muffur\/lexi-bio-skin-vibrating-pussy-stroker\/#breadcrumb"},"inLanguage":"en-US","potentialAction":[{"@type":"ReadAction","target":["https:\/\/amina.is\/verslun\/typpid\/muffur\/lexi-bio-skin-vibrating-pussy-stroker\/"]}]},{"@type":"ImageObject","inLanguage":"en-US","@id":"https:\/\/amina.is\/verslun\/typpid\/muffur\/lexi-bio-skin-vibrating-pussy-stroker\/#primaryimage","url":"https:\/\/amina.is\/wp-content\/uploads\/2021\/05\/af786-tan-latte-lexi-stroker-300_1000x1000.png","contentUrl":"https:\/\/amina.is\/wp-content\/uploads\/2021\/05\/af786-tan-latte-lexi-stroker-300_1000x1000.png","width":1200,"height":1200},{"@type":"BreadcrumbList","@id":"https:\/\/amina.is\/verslun\/typpid\/muffur\/lexi-bio-skin-vibrating-pussy-stroker\/#breadcrumb","itemListElement":[{"@type":"ListItem","position":1,"name":"Home","item":"https:\/\/amina.is\/"},{"@type":"ListItem","position":2,"name":"Verslun","item":"https:\/\/amina.is\/verslun\/"},{"@type":"ListItem","position":3,"name":"Lexi Bio Skin Vibrating Pussy Stroker"}]},{"@type":"WebSite","@id":"https:\/\/amina.is\/#website","url":"https:\/\/amina.is\/","name":"Amina","description":"Feeling is everything - Una\u00f0sv\u00f6rur fyrir alla","publisher":{"@id":"https:\/\/amina.is\/#organization"},"potentialAction":[{"@type":"SearchAction","target":{"@type":"EntryPoint","urlTemplate":"https:\/\/amina.is\/?s={search_term_string}"},"query-input":{"@type":"PropertyValueSpecification","valueRequired":true,"valueName":"search_term_string"}}],"inLanguage":"en-US"},{"@type":"Organization","@id":"https:\/\/amina.is\/#organization","name":"Amina","url":"https:\/\/amina.is\/","logo":{"@type":"ImageObject","inLanguage":"en-US","@id":"https:\/\/amina.is\/#\/schema\/logo\/image\/","url":"https:\/\/amina.is\/wp-content\/uploads\/2021\/09\/logo.png","contentUrl":"https:\/\/amina.is\/wp-content\/uploads\/2021\/09\/logo.png","width":1790,"height":464,"caption":"Amina"},"image":{"@id":"https:\/\/amina.is\/#\/schema\/logo\/image\/"},"sameAs":["https:\/\/m.facebook.com\/AMINA-100767148840241\/","https:\/\/www.instagram.com\/aminaverslun\/"]}]}},"_links":{"self":[{"href":"https:\/\/amina.is\/en\/wp-json\/wp\/v2\/product\/6745","targetHints":{"allow":["GET"]}}],"collection":[{"href":"https:\/\/amina.is\/en\/wp-json\/wp\/v2\/product"}],"about":[{"href":"https:\/\/amina.is\/en\/wp-json\/wp\/v2\/types\/product"}],"version-history":[{"count":4,"href":"https:\/\/amina.is\/en\/wp-json\/wp\/v2\/product\/6745\/revisions"}],"predecessor-version":[{"id":8133,"href":"https:\/\/amina.is\/en\/wp-json\/wp\/v2\/product\/6745\/revisions\/8133"}],"wp:featuredmedia":[{"embeddable":true,"href":"https:\/\/amina.is\/en\/wp-json\/wp\/v2\/media\/8132"}],"wp:attachment":[{"href":"https:\/\/amina.is\/en\/wp-json\/wp\/v2\/media?parent=6745"}],"wp:term":[{"taxonomy":"product_brand","embeddable":true,"href":"https:\/\/amina.is\/en\/wp-json\/wp\/v2\/product_brand?post=6745"},{"taxonomy":"product_cat","embeddable":true,"href":"https:\/\/amina.is\/en\/wp-json\/wp\/v2\/product_cat?post=6745"},{"taxonomy":"product_tag","embeddable":true,"href":"https:\/\/amina.is\/en\/wp-json\/wp\/v2\/product_tag?post=6745"}],"curies":[{"name":"wp","href":"https:\/\/api.w.org\/{rel}","templated":true}]}}