{"id":6742,"date":"2021-05-02T18:22:55","date_gmt":"2021-05-02T18:22:55","guid":{"rendered":"http:\/\/amina.web14.vefold.is\/?post_type=product&#038;p=6742"},"modified":"2025-03-28T14:25:59","modified_gmt":"2025-03-28T14:25:59","slug":"elegance-dreamy-silicone-oral-clitoral-stimulator","status":"publish","type":"product","link":"https:\/\/amina.is\/en\/verslun\/pikan\/sogtaeki\/elegance-dreamy-silicone-oral-clitoral-stimulator\/","title":{"rendered":"Elegance &#8211; Dreamy Silicone Oral Clitoral Stimulator"},"content":{"rendered":"<h5>\u00deessi er s\u00e9rstaklega hanna\u00f0ur til \u00feess a\u00f0 \u00f6rva sn\u00edpinn. Hann er me\u00f0 mj\u00f6g \u00f6flugum m\u00f3tor sem skilar s\u00e9r \u00ed einstaklega \u00f6flugum titring. \u00a0\u00der\u00e1tt fyrir kraft \u00fe\u00e1 er hann mj\u00f6g hlj\u00f3\u00f0l\u00e1tur. 10 mismunandi hra\u00f0astillingar, vatnsheldur og USB hla\u00f0anlegur. Full hle\u00f0sla skilar s\u00e9r \u00ed 60 m\u00edn\u00fatna skemmtun. Lengd: 14cm. Breidd: 5cm.<\/h5>","protected":false},"excerpt":{"rendered":"<p>\u00deessi er s\u00e9rstaklega hanna\u00f0ur til \u00feess a\u00f0 \u00f6rva sn\u00edpinn. Amina m\u00e6lir me\u00f0!<\/p>","protected":false},"featured_media":7823,"template":"","meta":{"inline_featured_image":false},"product_brand":[],"product_cat":[42,43,885,44,900],"product_tag":[299,493,69,161,63,264,315,494],"class_list":{"0":"post-6742","1":"product","2":"type-product","3":"status-publish","4":"has-post-thumbnail","6":"product_cat-fyrir-thaer","7":"product_cat-fyrir-thau","8":"product_cat-sogtaeki","9":"product_cat-pikan","10":"product_cat-notaahana","11":"product_tag-clit","12":"product_tag-dreamy","13":"product_tag-masturbation","14":"product_tag-oral","15":"product_tag-sjalfsfroun","16":"product_tag-skopin","17":"product_tag-snipur","18":"product_tag-stimulator","20":"first","21":"instock","22":"featured","23":"shipping-taxable","24":"purchasable","25":"product-type-simple"},"yoast_head":"<!-- This site is optimized with the Yoast SEO Premium plugin v21.6 (Yoast SEO v27.3) - https:\/\/yoast.com\/product\/yoast-seo-premium-wordpress\/ -->\n<title>Elegance - Dreamy Silicone Oral Clitoral Stimulator &#8211; Amina<\/title>\n<meta name=\"robots\" content=\"index, follow, max-snippet:-1, max-image-preview:large, max-video-preview:-1\" \/>\n<link rel=\"canonical\" href=\"https:\/\/amina.is\/en\/verslun\/pikan\/sogtaeki\/elegance-dreamy-silicone-oral-clitoral-stimulator\/\" \/>\n<meta property=\"og:locale\" content=\"en_US\" \/>\n<meta property=\"og:type\" content=\"article\" \/>\n<meta property=\"og:title\" content=\"Elegance - Dreamy Silicone Oral Clitoral Stimulator\" \/>\n<meta property=\"og:description\" content=\"\u00deessi er s\u00e9rstaklega hanna\u00f0ur til \u00feess a\u00f0 \u00f6rva sn\u00edpinn. Amina m\u00e6lir me\u00f0!\" \/>\n<meta property=\"og:url\" content=\"https:\/\/amina.is\/en\/verslun\/pikan\/sogtaeki\/elegance-dreamy-silicone-oral-clitoral-stimulator\/\" \/>\n<meta property=\"og:site_name\" content=\"Amina\" \/>\n<meta property=\"article:publisher\" content=\"https:\/\/m.facebook.com\/AMINA-100767148840241\/\" \/>\n<meta property=\"article:modified_time\" content=\"2025-03-28T14:25:59+00:00\" \/>\n<meta property=\"og:image\" content=\"https:\/\/amina.is\/wp-content\/uploads\/2021\/05\/elegance.jpg\" \/>\n\t<meta property=\"og:image:width\" content=\"1300\" \/>\n\t<meta property=\"og:image:height\" content=\"1300\" \/>\n\t<meta property=\"og:image:type\" content=\"image\/jpeg\" \/>\n<meta name=\"twitter:card\" content=\"summary_large_image\" \/>\n<script type=\"application\/ld+json\" class=\"yoast-schema-graph\">{\"@context\":\"https:\\\/\\\/schema.org\",\"@graph\":[{\"@type\":\"WebPage\",\"@id\":\"https:\\\/\\\/amina.is\\\/verslun\\\/pikan\\\/sogtaeki\\\/elegance-dreamy-silicone-oral-clitoral-stimulator\\\/\",\"url\":\"https:\\\/\\\/amina.is\\\/verslun\\\/pikan\\\/sogtaeki\\\/elegance-dreamy-silicone-oral-clitoral-stimulator\\\/\",\"name\":\"Elegance - Dreamy Silicone Oral Clitoral Stimulator &#8211; Amina\",\"isPartOf\":{\"@id\":\"https:\\\/\\\/amina.is\\\/#website\"},\"primaryImageOfPage\":{\"@id\":\"https:\\\/\\\/amina.is\\\/verslun\\\/pikan\\\/sogtaeki\\\/elegance-dreamy-silicone-oral-clitoral-stimulator\\\/#primaryimage\"},\"image\":{\"@id\":\"https:\\\/\\\/amina.is\\\/verslun\\\/pikan\\\/sogtaeki\\\/elegance-dreamy-silicone-oral-clitoral-stimulator\\\/#primaryimage\"},\"thumbnailUrl\":\"https:\\\/\\\/amina.is\\\/wp-content\\\/uploads\\\/2021\\\/05\\\/elegance.jpg\",\"datePublished\":\"2021-05-02T18:22:55+00:00\",\"dateModified\":\"2025-03-28T14:25:59+00:00\",\"breadcrumb\":{\"@id\":\"https:\\\/\\\/amina.is\\\/verslun\\\/pikan\\\/sogtaeki\\\/elegance-dreamy-silicone-oral-clitoral-stimulator\\\/#breadcrumb\"},\"inLanguage\":\"en-US\",\"potentialAction\":[{\"@type\":\"ReadAction\",\"target\":[\"https:\\\/\\\/amina.is\\\/verslun\\\/pikan\\\/sogtaeki\\\/elegance-dreamy-silicone-oral-clitoral-stimulator\\\/\"]}]},{\"@type\":\"ImageObject\",\"inLanguage\":\"en-US\",\"@id\":\"https:\\\/\\\/amina.is\\\/verslun\\\/pikan\\\/sogtaeki\\\/elegance-dreamy-silicone-oral-clitoral-stimulator\\\/#primaryimage\",\"url\":\"https:\\\/\\\/amina.is\\\/wp-content\\\/uploads\\\/2021\\\/05\\\/elegance.jpg\",\"contentUrl\":\"https:\\\/\\\/amina.is\\\/wp-content\\\/uploads\\\/2021\\\/05\\\/elegance.jpg\",\"width\":1300,\"height\":1300},{\"@type\":\"BreadcrumbList\",\"@id\":\"https:\\\/\\\/amina.is\\\/verslun\\\/pikan\\\/sogtaeki\\\/elegance-dreamy-silicone-oral-clitoral-stimulator\\\/#breadcrumb\",\"itemListElement\":[{\"@type\":\"ListItem\",\"position\":1,\"name\":\"Home\",\"item\":\"https:\\\/\\\/amina.is\\\/\"},{\"@type\":\"ListItem\",\"position\":2,\"name\":\"Verslun\",\"item\":\"https:\\\/\\\/amina.is\\\/verslun\\\/\"},{\"@type\":\"ListItem\",\"position\":3,\"name\":\"Elegance &#8211; Dreamy Silicone Oral Clitoral Stimulator\"}]},{\"@type\":\"WebSite\",\"@id\":\"https:\\\/\\\/amina.is\\\/#website\",\"url\":\"https:\\\/\\\/amina.is\\\/\",\"name\":\"Amina\",\"description\":\"Feeling is everything - Una\u00f0sv\u00f6rur fyrir alla\",\"publisher\":{\"@id\":\"https:\\\/\\\/amina.is\\\/#organization\"},\"potentialAction\":[{\"@type\":\"SearchAction\",\"target\":{\"@type\":\"EntryPoint\",\"urlTemplate\":\"https:\\\/\\\/amina.is\\\/?s={search_term_string}\"},\"query-input\":{\"@type\":\"PropertyValueSpecification\",\"valueRequired\":true,\"valueName\":\"search_term_string\"}}],\"inLanguage\":\"en-US\"},{\"@type\":\"Organization\",\"@id\":\"https:\\\/\\\/amina.is\\\/#organization\",\"name\":\"Amina\",\"url\":\"https:\\\/\\\/amina.is\\\/\",\"logo\":{\"@type\":\"ImageObject\",\"inLanguage\":\"en-US\",\"@id\":\"https:\\\/\\\/amina.is\\\/#\\\/schema\\\/logo\\\/image\\\/\",\"url\":\"https:\\\/\\\/amina.is\\\/wp-content\\\/uploads\\\/2021\\\/09\\\/logo.png\",\"contentUrl\":\"https:\\\/\\\/amina.is\\\/wp-content\\\/uploads\\\/2021\\\/09\\\/logo.png\",\"width\":1790,\"height\":464,\"caption\":\"Amina\"},\"image\":{\"@id\":\"https:\\\/\\\/amina.is\\\/#\\\/schema\\\/logo\\\/image\\\/\"},\"sameAs\":[\"https:\\\/\\\/m.facebook.com\\\/AMINA-100767148840241\\\/\",\"https:\\\/\\\/www.instagram.com\\\/aminaverslun\\\/\"]}]}<\/script>\n<!-- \/ Yoast SEO Premium plugin. -->","yoast_head_json":{"title":"Elegance - Dreamy Silicone Oral Clitoral Stimulator &#8211; Amina","robots":{"index":"index","follow":"follow","max-snippet":"max-snippet:-1","max-image-preview":"max-image-preview:large","max-video-preview":"max-video-preview:-1"},"canonical":"https:\/\/amina.is\/en\/verslun\/pikan\/sogtaeki\/elegance-dreamy-silicone-oral-clitoral-stimulator\/","og_locale":"en_US","og_type":"article","og_title":"Elegance - Dreamy Silicone Oral Clitoral Stimulator","og_description":"\u00deessi er s\u00e9rstaklega hanna\u00f0ur til \u00feess a\u00f0 \u00f6rva sn\u00edpinn. Amina m\u00e6lir me\u00f0!","og_url":"https:\/\/amina.is\/en\/verslun\/pikan\/sogtaeki\/elegance-dreamy-silicone-oral-clitoral-stimulator\/","og_site_name":"Amina","article_publisher":"https:\/\/m.facebook.com\/AMINA-100767148840241\/","article_modified_time":"2025-03-28T14:25:59+00:00","og_image":[{"width":1300,"height":1300,"url":"https:\/\/amina.is\/wp-content\/uploads\/2021\/05\/elegance.jpg","type":"image\/jpeg"}],"twitter_card":"summary_large_image","schema":{"@context":"https:\/\/schema.org","@graph":[{"@type":"WebPage","@id":"https:\/\/amina.is\/verslun\/pikan\/sogtaeki\/elegance-dreamy-silicone-oral-clitoral-stimulator\/","url":"https:\/\/amina.is\/verslun\/pikan\/sogtaeki\/elegance-dreamy-silicone-oral-clitoral-stimulator\/","name":"Elegance - Dreamy Silicone Oral Clitoral Stimulator &#8211; Amina","isPartOf":{"@id":"https:\/\/amina.is\/#website"},"primaryImageOfPage":{"@id":"https:\/\/amina.is\/verslun\/pikan\/sogtaeki\/elegance-dreamy-silicone-oral-clitoral-stimulator\/#primaryimage"},"image":{"@id":"https:\/\/amina.is\/verslun\/pikan\/sogtaeki\/elegance-dreamy-silicone-oral-clitoral-stimulator\/#primaryimage"},"thumbnailUrl":"https:\/\/amina.is\/wp-content\/uploads\/2021\/05\/elegance.jpg","datePublished":"2021-05-02T18:22:55+00:00","dateModified":"2025-03-28T14:25:59+00:00","breadcrumb":{"@id":"https:\/\/amina.is\/verslun\/pikan\/sogtaeki\/elegance-dreamy-silicone-oral-clitoral-stimulator\/#breadcrumb"},"inLanguage":"en-US","potentialAction":[{"@type":"ReadAction","target":["https:\/\/amina.is\/verslun\/pikan\/sogtaeki\/elegance-dreamy-silicone-oral-clitoral-stimulator\/"]}]},{"@type":"ImageObject","inLanguage":"en-US","@id":"https:\/\/amina.is\/verslun\/pikan\/sogtaeki\/elegance-dreamy-silicone-oral-clitoral-stimulator\/#primaryimage","url":"https:\/\/amina.is\/wp-content\/uploads\/2021\/05\/elegance.jpg","contentUrl":"https:\/\/amina.is\/wp-content\/uploads\/2021\/05\/elegance.jpg","width":1300,"height":1300},{"@type":"BreadcrumbList","@id":"https:\/\/amina.is\/verslun\/pikan\/sogtaeki\/elegance-dreamy-silicone-oral-clitoral-stimulator\/#breadcrumb","itemListElement":[{"@type":"ListItem","position":1,"name":"Home","item":"https:\/\/amina.is\/"},{"@type":"ListItem","position":2,"name":"Verslun","item":"https:\/\/amina.is\/verslun\/"},{"@type":"ListItem","position":3,"name":"Elegance &#8211; Dreamy Silicone Oral Clitoral Stimulator"}]},{"@type":"WebSite","@id":"https:\/\/amina.is\/#website","url":"https:\/\/amina.is\/","name":"Amina","description":"Feeling is everything - Una\u00f0sv\u00f6rur fyrir alla","publisher":{"@id":"https:\/\/amina.is\/#organization"},"potentialAction":[{"@type":"SearchAction","target":{"@type":"EntryPoint","urlTemplate":"https:\/\/amina.is\/?s={search_term_string}"},"query-input":{"@type":"PropertyValueSpecification","valueRequired":true,"valueName":"search_term_string"}}],"inLanguage":"en-US"},{"@type":"Organization","@id":"https:\/\/amina.is\/#organization","name":"Amina","url":"https:\/\/amina.is\/","logo":{"@type":"ImageObject","inLanguage":"en-US","@id":"https:\/\/amina.is\/#\/schema\/logo\/image\/","url":"https:\/\/amina.is\/wp-content\/uploads\/2021\/09\/logo.png","contentUrl":"https:\/\/amina.is\/wp-content\/uploads\/2021\/09\/logo.png","width":1790,"height":464,"caption":"Amina"},"image":{"@id":"https:\/\/amina.is\/#\/schema\/logo\/image\/"},"sameAs":["https:\/\/m.facebook.com\/AMINA-100767148840241\/","https:\/\/www.instagram.com\/aminaverslun\/"]}]}},"_links":{"self":[{"href":"https:\/\/amina.is\/en\/wp-json\/wp\/v2\/product\/6742","targetHints":{"allow":["GET"]}}],"collection":[{"href":"https:\/\/amina.is\/en\/wp-json\/wp\/v2\/product"}],"about":[{"href":"https:\/\/amina.is\/en\/wp-json\/wp\/v2\/types\/product"}],"version-history":[{"count":3,"href":"https:\/\/amina.is\/en\/wp-json\/wp\/v2\/product\/6742\/revisions"}],"predecessor-version":[{"id":7825,"href":"https:\/\/amina.is\/en\/wp-json\/wp\/v2\/product\/6742\/revisions\/7825"}],"wp:featuredmedia":[{"embeddable":true,"href":"https:\/\/amina.is\/en\/wp-json\/wp\/v2\/media\/7823"}],"wp:attachment":[{"href":"https:\/\/amina.is\/en\/wp-json\/wp\/v2\/media?parent=6742"}],"wp:term":[{"taxonomy":"product_brand","embeddable":true,"href":"https:\/\/amina.is\/en\/wp-json\/wp\/v2\/product_brand?post=6742"},{"taxonomy":"product_cat","embeddable":true,"href":"https:\/\/amina.is\/en\/wp-json\/wp\/v2\/product_cat?post=6742"},{"taxonomy":"product_tag","embeddable":true,"href":"https:\/\/amina.is\/en\/wp-json\/wp\/v2\/product_tag?post=6742"}],"curies":[{"name":"wp","href":"https:\/\/api.w.org\/{rel}","templated":true}]}}