{"id":6737,"date":"2021-05-02T17:34:09","date_gmt":"2021-05-02T17:34:09","guid":{"rendered":"http:\/\/amina.web14.vefold.is\/?post_type=product&#038;p=6737"},"modified":"2023-03-01T18:40:24","modified_gmt":"2023-03-01T18:40:24","slug":"isabella-sinclaire-silicone-urethral-sound-trainer-set","status":"publish","type":"product","link":"https:\/\/amina.is\/en\/verslun\/typpid\/anndtyppid\/isabella-sinclaire-silicone-urethral-sound-trainer-set\/","title":{"rendered":"Isabella Sinclaire &#8211; Silicone Urethral Sound Trainer Set"},"content":{"rendered":"<h5>\u00devagr\u00e1saprik \u00ed mismunandi \u00feykktum fr\u00e1 Isabellu Sinclaire. \u00deau beygjast me\u00f0 \u00fevagr\u00e1sinni. 3 stykki \u00ed pakka. B\u00fai\u00f0 til \u00far l\u00e6knavottu\u00f0u s\u00edl\u00edkoni. Heildarlengd \u00e1 prikum: 20cm. Breidd\u00a0Small 0,48 &#8211; 0,58 cm. Breidd\u00a0Medium: 0,69 &#8211; 0,81 cm.\u00a0Breidd Large 0,86 &#8211; 0,97 cm.<\/h5>\n<h5>DISCLAIMER<\/h5>\n<h5>These products as with all products on this site are supplied AS IS. No warranty is given either implied or expressed. Products are intended as novelty only, and no representation is made or implied as to their suitability or safety for any particular use. Purchasers use the products entirely at their own risk. The manufacturer or re-seller is not liable for any direct, indirect, incidental or consequential damage or loss howsoever arising caused by use or misuse of the products. This includes, but is not limited to, damage to the products and personal injury or damages due to use or misuse.<\/h5>","protected":false},"excerpt":{"rendered":"<p>\u00devagr\u00e1saprik \u00ed mismunandi \u00feykktum fr\u00e1 Isabellu Sinclaire.<\/p>","protected":false},"featured_media":7843,"template":"","meta":{"inline_featured_image":false},"product_brand":[],"product_cat":[882,36,45,901],"product_tag":[324,337,353,64,298,491,490,492],"class_list":{"0":"post-6737","1":"product","2":"type-product","3":"status-publish","4":"has-post-thumbnail","6":"product_cat-anndtyppid","7":"product_cat-blaeti","8":"product_cat-typpid","9":"product_cat-typpidogpungurinn","10":"product_tag-blaeti","11":"product_tag-fetish","12":"product_tag-isabella-sinclaire","13":"product_tag-penis","14":"product_tag-typpid","15":"product_tag-urethral","16":"product_tag-urethral-sound-trainer-set","17":"product_tag-thvagras","19":"first","20":"instock","21":"shipping-taxable","22":"purchasable","23":"product-type-simple"},"yoast_head":"<!-- This site is optimized with the Yoast SEO Premium plugin v21.6 (Yoast SEO v27.3) - https:\/\/yoast.com\/product\/yoast-seo-premium-wordpress\/ -->\n<title>Isabella Sinclaire - Silicone Urethral Sound Trainer Set &#8211; Amina<\/title>\n<meta name=\"robots\" content=\"index, follow, max-snippet:-1, max-image-preview:large, max-video-preview:-1\" \/>\n<link rel=\"canonical\" href=\"https:\/\/amina.is\/en\/verslun\/typpid\/anndtyppid\/isabella-sinclaire-silicone-urethral-sound-trainer-set\/\" \/>\n<meta property=\"og:locale\" content=\"en_US\" \/>\n<meta property=\"og:type\" content=\"article\" \/>\n<meta property=\"og:title\" content=\"Isabella Sinclaire - Silicone Urethral Sound Trainer Set\" \/>\n<meta property=\"og:description\" content=\"\u00devagr\u00e1saprik \u00ed mismunandi \u00feykktum fr\u00e1 Isabellu Sinclaire.\" \/>\n<meta property=\"og:url\" content=\"https:\/\/amina.is\/en\/verslun\/typpid\/anndtyppid\/isabella-sinclaire-silicone-urethral-sound-trainer-set\/\" \/>\n<meta property=\"og:site_name\" content=\"Amina\" \/>\n<meta property=\"article:publisher\" content=\"https:\/\/m.facebook.com\/AMINA-100767148840241\/\" \/>\n<meta property=\"article:modified_time\" content=\"2023-03-01T18:40:24+00:00\" \/>\n<meta property=\"og:image\" content=\"https:\/\/amina.is\/wp-content\/uploads\/2021\/05\/iss118.jpg\" \/>\n\t<meta property=\"og:image:width\" content=\"1000\" \/>\n\t<meta property=\"og:image:height\" content=\"1000\" \/>\n\t<meta property=\"og:image:type\" content=\"image\/jpeg\" \/>\n<meta name=\"twitter:card\" content=\"summary_large_image\" \/>\n<meta name=\"twitter:label1\" content=\"Est. reading time\" \/>\n\t<meta name=\"twitter:data1\" content=\"1 minute\" \/>\n<script type=\"application\/ld+json\" class=\"yoast-schema-graph\">{\"@context\":\"https:\\\/\\\/schema.org\",\"@graph\":[{\"@type\":\"WebPage\",\"@id\":\"https:\\\/\\\/amina.is\\\/verslun\\\/typpid\\\/anndtyppid\\\/isabella-sinclaire-silicone-urethral-sound-trainer-set\\\/\",\"url\":\"https:\\\/\\\/amina.is\\\/verslun\\\/typpid\\\/anndtyppid\\\/isabella-sinclaire-silicone-urethral-sound-trainer-set\\\/\",\"name\":\"Isabella Sinclaire - Silicone Urethral Sound Trainer Set &#8211; Amina\",\"isPartOf\":{\"@id\":\"https:\\\/\\\/amina.is\\\/#website\"},\"primaryImageOfPage\":{\"@id\":\"https:\\\/\\\/amina.is\\\/verslun\\\/typpid\\\/anndtyppid\\\/isabella-sinclaire-silicone-urethral-sound-trainer-set\\\/#primaryimage\"},\"image\":{\"@id\":\"https:\\\/\\\/amina.is\\\/verslun\\\/typpid\\\/anndtyppid\\\/isabella-sinclaire-silicone-urethral-sound-trainer-set\\\/#primaryimage\"},\"thumbnailUrl\":\"https:\\\/\\\/amina.is\\\/wp-content\\\/uploads\\\/2021\\\/05\\\/iss118.jpg\",\"datePublished\":\"2021-05-02T17:34:09+00:00\",\"dateModified\":\"2023-03-01T18:40:24+00:00\",\"breadcrumb\":{\"@id\":\"https:\\\/\\\/amina.is\\\/verslun\\\/typpid\\\/anndtyppid\\\/isabella-sinclaire-silicone-urethral-sound-trainer-set\\\/#breadcrumb\"},\"inLanguage\":\"en-US\",\"potentialAction\":[{\"@type\":\"ReadAction\",\"target\":[\"https:\\\/\\\/amina.is\\\/verslun\\\/typpid\\\/anndtyppid\\\/isabella-sinclaire-silicone-urethral-sound-trainer-set\\\/\"]}]},{\"@type\":\"ImageObject\",\"inLanguage\":\"en-US\",\"@id\":\"https:\\\/\\\/amina.is\\\/verslun\\\/typpid\\\/anndtyppid\\\/isabella-sinclaire-silicone-urethral-sound-trainer-set\\\/#primaryimage\",\"url\":\"https:\\\/\\\/amina.is\\\/wp-content\\\/uploads\\\/2021\\\/05\\\/iss118.jpg\",\"contentUrl\":\"https:\\\/\\\/amina.is\\\/wp-content\\\/uploads\\\/2021\\\/05\\\/iss118.jpg\",\"width\":1000,\"height\":1000},{\"@type\":\"BreadcrumbList\",\"@id\":\"https:\\\/\\\/amina.is\\\/verslun\\\/typpid\\\/anndtyppid\\\/isabella-sinclaire-silicone-urethral-sound-trainer-set\\\/#breadcrumb\",\"itemListElement\":[{\"@type\":\"ListItem\",\"position\":1,\"name\":\"Home\",\"item\":\"https:\\\/\\\/amina.is\\\/\"},{\"@type\":\"ListItem\",\"position\":2,\"name\":\"Verslun\",\"item\":\"https:\\\/\\\/amina.is\\\/verslun\\\/\"},{\"@type\":\"ListItem\",\"position\":3,\"name\":\"Isabella Sinclaire &#8211; Silicone Urethral Sound Trainer Set\"}]},{\"@type\":\"WebSite\",\"@id\":\"https:\\\/\\\/amina.is\\\/#website\",\"url\":\"https:\\\/\\\/amina.is\\\/\",\"name\":\"Amina\",\"description\":\"Feeling is everything - Una\u00f0sv\u00f6rur fyrir alla\",\"publisher\":{\"@id\":\"https:\\\/\\\/amina.is\\\/#organization\"},\"potentialAction\":[{\"@type\":\"SearchAction\",\"target\":{\"@type\":\"EntryPoint\",\"urlTemplate\":\"https:\\\/\\\/amina.is\\\/?s={search_term_string}\"},\"query-input\":{\"@type\":\"PropertyValueSpecification\",\"valueRequired\":true,\"valueName\":\"search_term_string\"}}],\"inLanguage\":\"en-US\"},{\"@type\":\"Organization\",\"@id\":\"https:\\\/\\\/amina.is\\\/#organization\",\"name\":\"Amina\",\"url\":\"https:\\\/\\\/amina.is\\\/\",\"logo\":{\"@type\":\"ImageObject\",\"inLanguage\":\"en-US\",\"@id\":\"https:\\\/\\\/amina.is\\\/#\\\/schema\\\/logo\\\/image\\\/\",\"url\":\"https:\\\/\\\/amina.is\\\/wp-content\\\/uploads\\\/2021\\\/09\\\/logo.png\",\"contentUrl\":\"https:\\\/\\\/amina.is\\\/wp-content\\\/uploads\\\/2021\\\/09\\\/logo.png\",\"width\":1790,\"height\":464,\"caption\":\"Amina\"},\"image\":{\"@id\":\"https:\\\/\\\/amina.is\\\/#\\\/schema\\\/logo\\\/image\\\/\"},\"sameAs\":[\"https:\\\/\\\/m.facebook.com\\\/AMINA-100767148840241\\\/\",\"https:\\\/\\\/www.instagram.com\\\/aminaverslun\\\/\"]}]}<\/script>\n<!-- \/ Yoast SEO Premium plugin. -->","yoast_head_json":{"title":"Isabella Sinclaire - Silicone Urethral Sound Trainer Set &#8211; Amina","robots":{"index":"index","follow":"follow","max-snippet":"max-snippet:-1","max-image-preview":"max-image-preview:large","max-video-preview":"max-video-preview:-1"},"canonical":"https:\/\/amina.is\/en\/verslun\/typpid\/anndtyppid\/isabella-sinclaire-silicone-urethral-sound-trainer-set\/","og_locale":"en_US","og_type":"article","og_title":"Isabella Sinclaire - Silicone Urethral Sound Trainer Set","og_description":"\u00devagr\u00e1saprik \u00ed mismunandi \u00feykktum fr\u00e1 Isabellu Sinclaire.","og_url":"https:\/\/amina.is\/en\/verslun\/typpid\/anndtyppid\/isabella-sinclaire-silicone-urethral-sound-trainer-set\/","og_site_name":"Amina","article_publisher":"https:\/\/m.facebook.com\/AMINA-100767148840241\/","article_modified_time":"2023-03-01T18:40:24+00:00","og_image":[{"width":1000,"height":1000,"url":"https:\/\/amina.is\/wp-content\/uploads\/2021\/05\/iss118.jpg","type":"image\/jpeg"}],"twitter_card":"summary_large_image","twitter_misc":{"Est. reading time":"1 minute"},"schema":{"@context":"https:\/\/schema.org","@graph":[{"@type":"WebPage","@id":"https:\/\/amina.is\/verslun\/typpid\/anndtyppid\/isabella-sinclaire-silicone-urethral-sound-trainer-set\/","url":"https:\/\/amina.is\/verslun\/typpid\/anndtyppid\/isabella-sinclaire-silicone-urethral-sound-trainer-set\/","name":"Isabella Sinclaire - Silicone Urethral Sound Trainer Set &#8211; Amina","isPartOf":{"@id":"https:\/\/amina.is\/#website"},"primaryImageOfPage":{"@id":"https:\/\/amina.is\/verslun\/typpid\/anndtyppid\/isabella-sinclaire-silicone-urethral-sound-trainer-set\/#primaryimage"},"image":{"@id":"https:\/\/amina.is\/verslun\/typpid\/anndtyppid\/isabella-sinclaire-silicone-urethral-sound-trainer-set\/#primaryimage"},"thumbnailUrl":"https:\/\/amina.is\/wp-content\/uploads\/2021\/05\/iss118.jpg","datePublished":"2021-05-02T17:34:09+00:00","dateModified":"2023-03-01T18:40:24+00:00","breadcrumb":{"@id":"https:\/\/amina.is\/verslun\/typpid\/anndtyppid\/isabella-sinclaire-silicone-urethral-sound-trainer-set\/#breadcrumb"},"inLanguage":"en-US","potentialAction":[{"@type":"ReadAction","target":["https:\/\/amina.is\/verslun\/typpid\/anndtyppid\/isabella-sinclaire-silicone-urethral-sound-trainer-set\/"]}]},{"@type":"ImageObject","inLanguage":"en-US","@id":"https:\/\/amina.is\/verslun\/typpid\/anndtyppid\/isabella-sinclaire-silicone-urethral-sound-trainer-set\/#primaryimage","url":"https:\/\/amina.is\/wp-content\/uploads\/2021\/05\/iss118.jpg","contentUrl":"https:\/\/amina.is\/wp-content\/uploads\/2021\/05\/iss118.jpg","width":1000,"height":1000},{"@type":"BreadcrumbList","@id":"https:\/\/amina.is\/verslun\/typpid\/anndtyppid\/isabella-sinclaire-silicone-urethral-sound-trainer-set\/#breadcrumb","itemListElement":[{"@type":"ListItem","position":1,"name":"Home","item":"https:\/\/amina.is\/"},{"@type":"ListItem","position":2,"name":"Verslun","item":"https:\/\/amina.is\/verslun\/"},{"@type":"ListItem","position":3,"name":"Isabella Sinclaire &#8211; Silicone Urethral Sound Trainer Set"}]},{"@type":"WebSite","@id":"https:\/\/amina.is\/#website","url":"https:\/\/amina.is\/","name":"Amina","description":"Feeling is everything - Una\u00f0sv\u00f6rur fyrir alla","publisher":{"@id":"https:\/\/amina.is\/#organization"},"potentialAction":[{"@type":"SearchAction","target":{"@type":"EntryPoint","urlTemplate":"https:\/\/amina.is\/?s={search_term_string}"},"query-input":{"@type":"PropertyValueSpecification","valueRequired":true,"valueName":"search_term_string"}}],"inLanguage":"en-US"},{"@type":"Organization","@id":"https:\/\/amina.is\/#organization","name":"Amina","url":"https:\/\/amina.is\/","logo":{"@type":"ImageObject","inLanguage":"en-US","@id":"https:\/\/amina.is\/#\/schema\/logo\/image\/","url":"https:\/\/amina.is\/wp-content\/uploads\/2021\/09\/logo.png","contentUrl":"https:\/\/amina.is\/wp-content\/uploads\/2021\/09\/logo.png","width":1790,"height":464,"caption":"Amina"},"image":{"@id":"https:\/\/amina.is\/#\/schema\/logo\/image\/"},"sameAs":["https:\/\/m.facebook.com\/AMINA-100767148840241\/","https:\/\/www.instagram.com\/aminaverslun\/"]}]}},"_links":{"self":[{"href":"https:\/\/amina.is\/en\/wp-json\/wp\/v2\/product\/6737","targetHints":{"allow":["GET"]}}],"collection":[{"href":"https:\/\/amina.is\/en\/wp-json\/wp\/v2\/product"}],"about":[{"href":"https:\/\/amina.is\/en\/wp-json\/wp\/v2\/types\/product"}],"version-history":[{"count":4,"href":"https:\/\/amina.is\/en\/wp-json\/wp\/v2\/product\/6737\/revisions"}],"predecessor-version":[{"id":7846,"href":"https:\/\/amina.is\/en\/wp-json\/wp\/v2\/product\/6737\/revisions\/7846"}],"wp:featuredmedia":[{"embeddable":true,"href":"https:\/\/amina.is\/en\/wp-json\/wp\/v2\/media\/7843"}],"wp:attachment":[{"href":"https:\/\/amina.is\/en\/wp-json\/wp\/v2\/media?parent=6737"}],"wp:term":[{"taxonomy":"product_brand","embeddable":true,"href":"https:\/\/amina.is\/en\/wp-json\/wp\/v2\/product_brand?post=6737"},{"taxonomy":"product_cat","embeddable":true,"href":"https:\/\/amina.is\/en\/wp-json\/wp\/v2\/product_cat?post=6737"},{"taxonomy":"product_tag","embeddable":true,"href":"https:\/\/amina.is\/en\/wp-json\/wp\/v2\/product_tag?post=6737"}],"curies":[{"name":"wp","href":"https:\/\/api.w.org\/{rel}","templated":true}]}}