{"id":6733,"date":"2021-05-02T17:03:35","date_gmt":"2021-05-02T17:03:35","guid":{"rendered":"http:\/\/amina.web14.vefold.is\/?post_type=product&#038;p=6733"},"modified":"2023-03-01T18:45:19","modified_gmt":"2023-03-01T18:45:19","slug":"master-series-tunnel-ribbed-hollow-anal-plug-small","status":"publish","type":"product","link":"https:\/\/amina.is\/en\/verslun\/blaeti\/rassinn-hollow-plugs-ofl\/master-series-tunnel-ribbed-hollow-anal-plug-small\/","title":{"rendered":"Master Series &#8211; Tunnel  Ribbed Hollow Anal Plug"},"content":{"rendered":"<h5>Tunnel Ribbed anal plugi\u00f0 er holt a\u00f0 innan. Heldur rassinum opnum sem au\u00f0veldar \u00fe\u00e9r a\u00f0 \u00f6rva hann me\u00f0 nettu leikfangi, fingri e\u00f0a til a\u00f0 hella inn \u00ed hann v\u00f6kva. \u00deessi er rifla\u00f0ur og \u00ed st\u00e6r\u00f0 Small. Noti\u00f0 eing\u00f6ngu vatnssleipiefni me\u00f0 \u00feessu leikfangi.<\/h5>\n<h5>Heildarlengd: 6,9cm. Innsetjanleg lengd: 5,7cm. Breidd v\u00ed\u00f0asta parts: 4,4cm. Breidd \u00e1 opi: 2cm.<\/h5>","protected":false},"excerpt":{"rendered":"<p>Heldur rassinum opnum sem au\u00f0veldar \u00fe\u00e9r a\u00f0 \u00f6rva hann me\u00f0 nettu leikfangi, fingri e\u00f0a til a\u00f0 hella inn \u00ed hann v\u00f6kva.<\/p>","protected":false},"featured_media":7892,"template":"","meta":{"inline_featured_image":false},"product_brand":[],"product_cat":[907,36,41,42,43,913,35],"product_tag":[445,61,487,262,263,489,488],"class_list":{"0":"post-6733","1":"product","2":"type-product","3":"status-publish","4":"has-post-thumbnail","6":"product_cat-buttplugs-og-titrarar","7":"product_cat-blaeti","8":"product_cat-fyrir-tha","9":"product_cat-fyrir-thaer","10":"product_cat-fyrir-thau","11":"product_cat-rassinn-hollow-plugs-ofl","12":"product_cat-rassinn","13":"product_tag-anal-plug","14":"product_tag-butt-plug","15":"product_tag-hollow","16":"product_tag-plug","17":"product_tag-rassinn","18":"product_tag-ribbed","19":"product_tag-tunnel","21":"first","22":"instock","23":"shipping-taxable","24":"purchasable","25":"product-type-simple"},"yoast_head":"<!-- This site is optimized with the Yoast SEO Premium plugin v21.6 (Yoast SEO v27.3) - https:\/\/yoast.com\/product\/yoast-seo-premium-wordpress\/ -->\n<title>Master Series - Tunnel Ribbed Hollow Anal Plug &#8211; Amina<\/title>\n<meta name=\"robots\" content=\"index, follow, max-snippet:-1, max-image-preview:large, max-video-preview:-1\" \/>\n<link rel=\"canonical\" href=\"https:\/\/amina.is\/en\/verslun\/blaeti\/rassinn-hollow-plugs-ofl\/master-series-tunnel-ribbed-hollow-anal-plug-small\/\" \/>\n<meta property=\"og:locale\" content=\"en_US\" \/>\n<meta property=\"og:type\" content=\"article\" \/>\n<meta property=\"og:title\" content=\"Master Series - Tunnel Ribbed Hollow Anal Plug\" \/>\n<meta property=\"og:description\" content=\"Heldur rassinum opnum sem au\u00f0veldar \u00fe\u00e9r a\u00f0 \u00f6rva hann me\u00f0 nettu leikfangi, fingri e\u00f0a til a\u00f0 hella inn \u00ed hann v\u00f6kva.\" \/>\n<meta property=\"og:url\" content=\"https:\/\/amina.is\/en\/verslun\/blaeti\/rassinn-hollow-plugs-ofl\/master-series-tunnel-ribbed-hollow-anal-plug-small\/\" \/>\n<meta property=\"og:site_name\" content=\"Amina\" \/>\n<meta property=\"article:publisher\" content=\"https:\/\/m.facebook.com\/AMINA-100767148840241\/\" \/>\n<meta property=\"article:modified_time\" content=\"2023-03-01T18:45:19+00:00\" \/>\n<meta property=\"og:image\" content=\"https:\/\/amina.is\/wp-content\/uploads\/2021\/05\/ribbed-plug-1.jpg\" \/>\n\t<meta property=\"og:image:width\" content=\"1000\" \/>\n\t<meta property=\"og:image:height\" content=\"1000\" \/>\n\t<meta property=\"og:image:type\" content=\"image\/jpeg\" \/>\n<meta name=\"twitter:card\" content=\"summary_large_image\" \/>\n<script type=\"application\/ld+json\" class=\"yoast-schema-graph\">{\"@context\":\"https:\\\/\\\/schema.org\",\"@graph\":[{\"@type\":\"WebPage\",\"@id\":\"https:\\\/\\\/amina.is\\\/verslun\\\/blaeti\\\/rassinn-hollow-plugs-ofl\\\/master-series-tunnel-ribbed-hollow-anal-plug-small\\\/\",\"url\":\"https:\\\/\\\/amina.is\\\/verslun\\\/blaeti\\\/rassinn-hollow-plugs-ofl\\\/master-series-tunnel-ribbed-hollow-anal-plug-small\\\/\",\"name\":\"Master Series - Tunnel Ribbed Hollow Anal Plug &#8211; Amina\",\"isPartOf\":{\"@id\":\"https:\\\/\\\/amina.is\\\/#website\"},\"primaryImageOfPage\":{\"@id\":\"https:\\\/\\\/amina.is\\\/verslun\\\/blaeti\\\/rassinn-hollow-plugs-ofl\\\/master-series-tunnel-ribbed-hollow-anal-plug-small\\\/#primaryimage\"},\"image\":{\"@id\":\"https:\\\/\\\/amina.is\\\/verslun\\\/blaeti\\\/rassinn-hollow-plugs-ofl\\\/master-series-tunnel-ribbed-hollow-anal-plug-small\\\/#primaryimage\"},\"thumbnailUrl\":\"https:\\\/\\\/amina.is\\\/wp-content\\\/uploads\\\/2021\\\/05\\\/ribbed-plug-1.jpg\",\"datePublished\":\"2021-05-02T17:03:35+00:00\",\"dateModified\":\"2023-03-01T18:45:19+00:00\",\"breadcrumb\":{\"@id\":\"https:\\\/\\\/amina.is\\\/verslun\\\/blaeti\\\/rassinn-hollow-plugs-ofl\\\/master-series-tunnel-ribbed-hollow-anal-plug-small\\\/#breadcrumb\"},\"inLanguage\":\"en-US\",\"potentialAction\":[{\"@type\":\"ReadAction\",\"target\":[\"https:\\\/\\\/amina.is\\\/verslun\\\/blaeti\\\/rassinn-hollow-plugs-ofl\\\/master-series-tunnel-ribbed-hollow-anal-plug-small\\\/\"]}]},{\"@type\":\"ImageObject\",\"inLanguage\":\"en-US\",\"@id\":\"https:\\\/\\\/amina.is\\\/verslun\\\/blaeti\\\/rassinn-hollow-plugs-ofl\\\/master-series-tunnel-ribbed-hollow-anal-plug-small\\\/#primaryimage\",\"url\":\"https:\\\/\\\/amina.is\\\/wp-content\\\/uploads\\\/2021\\\/05\\\/ribbed-plug-1.jpg\",\"contentUrl\":\"https:\\\/\\\/amina.is\\\/wp-content\\\/uploads\\\/2021\\\/05\\\/ribbed-plug-1.jpg\",\"width\":1000,\"height\":1000},{\"@type\":\"BreadcrumbList\",\"@id\":\"https:\\\/\\\/amina.is\\\/verslun\\\/blaeti\\\/rassinn-hollow-plugs-ofl\\\/master-series-tunnel-ribbed-hollow-anal-plug-small\\\/#breadcrumb\",\"itemListElement\":[{\"@type\":\"ListItem\",\"position\":1,\"name\":\"Home\",\"item\":\"https:\\\/\\\/amina.is\\\/\"},{\"@type\":\"ListItem\",\"position\":2,\"name\":\"Verslun\",\"item\":\"https:\\\/\\\/amina.is\\\/verslun\\\/\"},{\"@type\":\"ListItem\",\"position\":3,\"name\":\"Master Series &#8211; Tunnel Ribbed Hollow Anal Plug\"}]},{\"@type\":\"WebSite\",\"@id\":\"https:\\\/\\\/amina.is\\\/#website\",\"url\":\"https:\\\/\\\/amina.is\\\/\",\"name\":\"Amina\",\"description\":\"Feeling is everything - Una\u00f0sv\u00f6rur fyrir alla\",\"publisher\":{\"@id\":\"https:\\\/\\\/amina.is\\\/#organization\"},\"potentialAction\":[{\"@type\":\"SearchAction\",\"target\":{\"@type\":\"EntryPoint\",\"urlTemplate\":\"https:\\\/\\\/amina.is\\\/?s={search_term_string}\"},\"query-input\":{\"@type\":\"PropertyValueSpecification\",\"valueRequired\":true,\"valueName\":\"search_term_string\"}}],\"inLanguage\":\"en-US\"},{\"@type\":\"Organization\",\"@id\":\"https:\\\/\\\/amina.is\\\/#organization\",\"name\":\"Amina\",\"url\":\"https:\\\/\\\/amina.is\\\/\",\"logo\":{\"@type\":\"ImageObject\",\"inLanguage\":\"en-US\",\"@id\":\"https:\\\/\\\/amina.is\\\/#\\\/schema\\\/logo\\\/image\\\/\",\"url\":\"https:\\\/\\\/amina.is\\\/wp-content\\\/uploads\\\/2021\\\/09\\\/logo.png\",\"contentUrl\":\"https:\\\/\\\/amina.is\\\/wp-content\\\/uploads\\\/2021\\\/09\\\/logo.png\",\"width\":1790,\"height\":464,\"caption\":\"Amina\"},\"image\":{\"@id\":\"https:\\\/\\\/amina.is\\\/#\\\/schema\\\/logo\\\/image\\\/\"},\"sameAs\":[\"https:\\\/\\\/m.facebook.com\\\/AMINA-100767148840241\\\/\",\"https:\\\/\\\/www.instagram.com\\\/aminaverslun\\\/\"]}]}<\/script>\n<!-- \/ Yoast SEO Premium plugin. -->","yoast_head_json":{"title":"Master Series - Tunnel Ribbed Hollow Anal Plug &#8211; Amina","robots":{"index":"index","follow":"follow","max-snippet":"max-snippet:-1","max-image-preview":"max-image-preview:large","max-video-preview":"max-video-preview:-1"},"canonical":"https:\/\/amina.is\/en\/verslun\/blaeti\/rassinn-hollow-plugs-ofl\/master-series-tunnel-ribbed-hollow-anal-plug-small\/","og_locale":"en_US","og_type":"article","og_title":"Master Series - Tunnel Ribbed Hollow Anal Plug","og_description":"Heldur rassinum opnum sem au\u00f0veldar \u00fe\u00e9r a\u00f0 \u00f6rva hann me\u00f0 nettu leikfangi, fingri e\u00f0a til a\u00f0 hella inn \u00ed hann v\u00f6kva.","og_url":"https:\/\/amina.is\/en\/verslun\/blaeti\/rassinn-hollow-plugs-ofl\/master-series-tunnel-ribbed-hollow-anal-plug-small\/","og_site_name":"Amina","article_publisher":"https:\/\/m.facebook.com\/AMINA-100767148840241\/","article_modified_time":"2023-03-01T18:45:19+00:00","og_image":[{"width":1000,"height":1000,"url":"https:\/\/amina.is\/wp-content\/uploads\/2021\/05\/ribbed-plug-1.jpg","type":"image\/jpeg"}],"twitter_card":"summary_large_image","schema":{"@context":"https:\/\/schema.org","@graph":[{"@type":"WebPage","@id":"https:\/\/amina.is\/verslun\/blaeti\/rassinn-hollow-plugs-ofl\/master-series-tunnel-ribbed-hollow-anal-plug-small\/","url":"https:\/\/amina.is\/verslun\/blaeti\/rassinn-hollow-plugs-ofl\/master-series-tunnel-ribbed-hollow-anal-plug-small\/","name":"Master Series - Tunnel Ribbed Hollow Anal Plug &#8211; Amina","isPartOf":{"@id":"https:\/\/amina.is\/#website"},"primaryImageOfPage":{"@id":"https:\/\/amina.is\/verslun\/blaeti\/rassinn-hollow-plugs-ofl\/master-series-tunnel-ribbed-hollow-anal-plug-small\/#primaryimage"},"image":{"@id":"https:\/\/amina.is\/verslun\/blaeti\/rassinn-hollow-plugs-ofl\/master-series-tunnel-ribbed-hollow-anal-plug-small\/#primaryimage"},"thumbnailUrl":"https:\/\/amina.is\/wp-content\/uploads\/2021\/05\/ribbed-plug-1.jpg","datePublished":"2021-05-02T17:03:35+00:00","dateModified":"2023-03-01T18:45:19+00:00","breadcrumb":{"@id":"https:\/\/amina.is\/verslun\/blaeti\/rassinn-hollow-plugs-ofl\/master-series-tunnel-ribbed-hollow-anal-plug-small\/#breadcrumb"},"inLanguage":"en-US","potentialAction":[{"@type":"ReadAction","target":["https:\/\/amina.is\/verslun\/blaeti\/rassinn-hollow-plugs-ofl\/master-series-tunnel-ribbed-hollow-anal-plug-small\/"]}]},{"@type":"ImageObject","inLanguage":"en-US","@id":"https:\/\/amina.is\/verslun\/blaeti\/rassinn-hollow-plugs-ofl\/master-series-tunnel-ribbed-hollow-anal-plug-small\/#primaryimage","url":"https:\/\/amina.is\/wp-content\/uploads\/2021\/05\/ribbed-plug-1.jpg","contentUrl":"https:\/\/amina.is\/wp-content\/uploads\/2021\/05\/ribbed-plug-1.jpg","width":1000,"height":1000},{"@type":"BreadcrumbList","@id":"https:\/\/amina.is\/verslun\/blaeti\/rassinn-hollow-plugs-ofl\/master-series-tunnel-ribbed-hollow-anal-plug-small\/#breadcrumb","itemListElement":[{"@type":"ListItem","position":1,"name":"Home","item":"https:\/\/amina.is\/"},{"@type":"ListItem","position":2,"name":"Verslun","item":"https:\/\/amina.is\/verslun\/"},{"@type":"ListItem","position":3,"name":"Master Series &#8211; Tunnel Ribbed Hollow Anal Plug"}]},{"@type":"WebSite","@id":"https:\/\/amina.is\/#website","url":"https:\/\/amina.is\/","name":"Amina","description":"Feeling is everything - Una\u00f0sv\u00f6rur fyrir alla","publisher":{"@id":"https:\/\/amina.is\/#organization"},"potentialAction":[{"@type":"SearchAction","target":{"@type":"EntryPoint","urlTemplate":"https:\/\/amina.is\/?s={search_term_string}"},"query-input":{"@type":"PropertyValueSpecification","valueRequired":true,"valueName":"search_term_string"}}],"inLanguage":"en-US"},{"@type":"Organization","@id":"https:\/\/amina.is\/#organization","name":"Amina","url":"https:\/\/amina.is\/","logo":{"@type":"ImageObject","inLanguage":"en-US","@id":"https:\/\/amina.is\/#\/schema\/logo\/image\/","url":"https:\/\/amina.is\/wp-content\/uploads\/2021\/09\/logo.png","contentUrl":"https:\/\/amina.is\/wp-content\/uploads\/2021\/09\/logo.png","width":1790,"height":464,"caption":"Amina"},"image":{"@id":"https:\/\/amina.is\/#\/schema\/logo\/image\/"},"sameAs":["https:\/\/m.facebook.com\/AMINA-100767148840241\/","https:\/\/www.instagram.com\/aminaverslun\/"]}]}},"_links":{"self":[{"href":"https:\/\/amina.is\/en\/wp-json\/wp\/v2\/product\/6733","targetHints":{"allow":["GET"]}}],"collection":[{"href":"https:\/\/amina.is\/en\/wp-json\/wp\/v2\/product"}],"about":[{"href":"https:\/\/amina.is\/en\/wp-json\/wp\/v2\/types\/product"}],"version-history":[{"count":4,"href":"https:\/\/amina.is\/en\/wp-json\/wp\/v2\/product\/6733\/revisions"}],"predecessor-version":[{"id":7891,"href":"https:\/\/amina.is\/en\/wp-json\/wp\/v2\/product\/6733\/revisions\/7891"}],"wp:featuredmedia":[{"embeddable":true,"href":"https:\/\/amina.is\/en\/wp-json\/wp\/v2\/media\/7892"}],"wp:attachment":[{"href":"https:\/\/amina.is\/en\/wp-json\/wp\/v2\/media?parent=6733"}],"wp:term":[{"taxonomy":"product_brand","embeddable":true,"href":"https:\/\/amina.is\/en\/wp-json\/wp\/v2\/product_brand?post=6733"},{"taxonomy":"product_cat","embeddable":true,"href":"https:\/\/amina.is\/en\/wp-json\/wp\/v2\/product_cat?post=6733"},{"taxonomy":"product_tag","embeddable":true,"href":"https:\/\/amina.is\/en\/wp-json\/wp\/v2\/product_tag?post=6733"}],"curies":[{"name":"wp","href":"https:\/\/api.w.org\/{rel}","templated":true}]}}