{"id":6721,"date":"2021-05-02T15:19:51","date_gmt":"2021-05-02T15:19:51","guid":{"rendered":"http:\/\/amina.web14.vefold.is\/?post_type=product&#038;p=6721"},"modified":"2023-06-19T02:54:49","modified_gmt":"2023-06-19T02:54:49","slug":"isabella-sinclaire-leather-bed-restraint-kit","status":"publish","type":"product","link":"https:\/\/amina.is\/en\/verslun\/fyrir-thau\/samanth\/isabella-sinclaire-leather-bed-restraint-kit\/","title":{"rendered":"Isabella Sinclaire &#8211; Leather Bed Restraint Kit"},"content":{"rendered":"<h5>Breyttu r\u00faminu \u00fe\u00ednu \u00e1 augabrag\u00f0i \u00ed spennandi BDSM h\u00fasgagn. \u00deetta sett inniheldur tv\u00e6r le\u00f0ur \u00falnli\u00f0s festur, tv\u00e6r le\u00f0ur \u00f6kla festur, tv\u00e6r ke\u00f0jur, fj\u00f6gur festib\u00f6nd og festib\u00f6nd fyrir r\u00fami\u00f0. Ef \u00fe\u00fa vilt festa leikf\u00e9lagan me\u00f0an \u00fe\u00fa skreppur \u00fat \u00ed b\u00fa\u00f0 e\u00f0a vilt einfaldlega auka \u00e1 spennuna \u00fe\u00e1 er h\u00e6gt a\u00f0 nota festurnar me\u00f0 hengil\u00e1s.<\/h5>\n<h5>(Selt s\u00e9r) R\u00fam festan lengist \u00ed allt a\u00f0 140cm. B\u00f6nd fyrir ulnli\u00f0s og \u00f6kla festur ver\u00f0a allt a\u00f0 168cm. langar. Umm\u00e1l \u00falnli\u00f0sfesta er stillanlegt fr\u00e1 23 til 30cm. Ke\u00f0ja \u00e1 milli er 18cm. Umm\u00e1l \u00f6klafesta er stillanlegt fr\u00e1 29 til 33cm. Ke\u00f0ja \u00e1 milli er 13cm.<\/h5>\n<h5><\/h5>","protected":false},"excerpt":{"rendered":"<p>Breyttu r\u00faminu \u00fe\u00ednu \u00e1 augabrag\u00f0i \u00ed spennandi BDSM h\u00fasgagn.<\/p>","protected":false},"featured_media":7836,"template":"","meta":{"inline_featured_image":false},"product_brand":[],"product_cat":[36,41,42,43,914,897,898,895],"product_tag":[86,324,477,353,374,483,484,476],"class_list":{"0":"post-6721","1":"product","2":"type-product","3":"status-publish","4":"has-post-thumbnail","6":"product_cat-blaeti","7":"product_cat-fyrir-tha","8":"product_cat-fyrir-thaer","9":"product_cat-fyrir-thau","10":"product_cat-handjarnofl","11":"product_cat-samand","12":"product_cat-samanth","13":"product_cat-samanh","14":"product_tag-bdsm","15":"product_tag-blaeti","16":"product_tag-bondage","17":"product_tag-isabella-sinclaire","18":"product_tag-leather","19":"product_tag-ledur","20":"product_tag-olar","21":"product_tag-restraints","23":"first","24":"instock","25":"shipping-taxable","26":"purchasable","27":"product-type-simple"},"yoast_head":"<!-- This site is optimized with the Yoast SEO Premium plugin v21.6 (Yoast SEO v27.3) - https:\/\/yoast.com\/product\/yoast-seo-premium-wordpress\/ -->\n<title>Isabella Sinclaire - Leather Bed Restraint Kit &#8211; Amina<\/title>\n<meta name=\"robots\" content=\"index, follow, max-snippet:-1, max-image-preview:large, max-video-preview:-1\" \/>\n<link rel=\"canonical\" href=\"https:\/\/amina.is\/en\/verslun\/fyrir-thau\/samanth\/isabella-sinclaire-leather-bed-restraint-kit\/\" \/>\n<meta property=\"og:locale\" content=\"en_US\" \/>\n<meta property=\"og:type\" content=\"article\" \/>\n<meta property=\"og:title\" content=\"Isabella Sinclaire - Leather Bed Restraint Kit\" \/>\n<meta property=\"og:description\" content=\"Breyttu r\u00faminu \u00fe\u00ednu \u00e1 augabrag\u00f0i \u00ed spennandi BDSM h\u00fasgagn.\" \/>\n<meta property=\"og:url\" content=\"https:\/\/amina.is\/en\/verslun\/fyrir-thau\/samanth\/isabella-sinclaire-leather-bed-restraint-kit\/\" \/>\n<meta property=\"og:site_name\" content=\"Amina\" \/>\n<meta property=\"article:publisher\" content=\"https:\/\/m.facebook.com\/AMINA-100767148840241\/\" \/>\n<meta property=\"article:modified_time\" content=\"2023-06-19T02:54:49+00:00\" \/>\n<meta property=\"og:image\" content=\"https:\/\/amina.is\/wp-content\/uploads\/2021\/05\/is122.jpg\" \/>\n\t<meta property=\"og:image:width\" content=\"1000\" \/>\n\t<meta property=\"og:image:height\" content=\"1000\" \/>\n\t<meta property=\"og:image:type\" content=\"image\/jpeg\" \/>\n<meta name=\"twitter:card\" content=\"summary_large_image\" \/>\n<meta name=\"twitter:label1\" content=\"Est. reading time\" \/>\n\t<meta name=\"twitter:data1\" content=\"1 minute\" \/>\n<script type=\"application\/ld+json\" class=\"yoast-schema-graph\">{\"@context\":\"https:\\\/\\\/schema.org\",\"@graph\":[{\"@type\":\"WebPage\",\"@id\":\"https:\\\/\\\/amina.is\\\/verslun\\\/fyrir-thau\\\/samanth\\\/isabella-sinclaire-leather-bed-restraint-kit\\\/\",\"url\":\"https:\\\/\\\/amina.is\\\/verslun\\\/fyrir-thau\\\/samanth\\\/isabella-sinclaire-leather-bed-restraint-kit\\\/\",\"name\":\"Isabella Sinclaire - Leather Bed Restraint Kit &#8211; Amina\",\"isPartOf\":{\"@id\":\"https:\\\/\\\/amina.is\\\/#website\"},\"primaryImageOfPage\":{\"@id\":\"https:\\\/\\\/amina.is\\\/verslun\\\/fyrir-thau\\\/samanth\\\/isabella-sinclaire-leather-bed-restraint-kit\\\/#primaryimage\"},\"image\":{\"@id\":\"https:\\\/\\\/amina.is\\\/verslun\\\/fyrir-thau\\\/samanth\\\/isabella-sinclaire-leather-bed-restraint-kit\\\/#primaryimage\"},\"thumbnailUrl\":\"https:\\\/\\\/amina.is\\\/wp-content\\\/uploads\\\/2021\\\/05\\\/is122.jpg\",\"datePublished\":\"2021-05-02T15:19:51+00:00\",\"dateModified\":\"2023-06-19T02:54:49+00:00\",\"breadcrumb\":{\"@id\":\"https:\\\/\\\/amina.is\\\/verslun\\\/fyrir-thau\\\/samanth\\\/isabella-sinclaire-leather-bed-restraint-kit\\\/#breadcrumb\"},\"inLanguage\":\"en-US\",\"potentialAction\":[{\"@type\":\"ReadAction\",\"target\":[\"https:\\\/\\\/amina.is\\\/verslun\\\/fyrir-thau\\\/samanth\\\/isabella-sinclaire-leather-bed-restraint-kit\\\/\"]}]},{\"@type\":\"ImageObject\",\"inLanguage\":\"en-US\",\"@id\":\"https:\\\/\\\/amina.is\\\/verslun\\\/fyrir-thau\\\/samanth\\\/isabella-sinclaire-leather-bed-restraint-kit\\\/#primaryimage\",\"url\":\"https:\\\/\\\/amina.is\\\/wp-content\\\/uploads\\\/2021\\\/05\\\/is122.jpg\",\"contentUrl\":\"https:\\\/\\\/amina.is\\\/wp-content\\\/uploads\\\/2021\\\/05\\\/is122.jpg\",\"width\":1000,\"height\":1000},{\"@type\":\"BreadcrumbList\",\"@id\":\"https:\\\/\\\/amina.is\\\/verslun\\\/fyrir-thau\\\/samanth\\\/isabella-sinclaire-leather-bed-restraint-kit\\\/#breadcrumb\",\"itemListElement\":[{\"@type\":\"ListItem\",\"position\":1,\"name\":\"Home\",\"item\":\"https:\\\/\\\/amina.is\\\/\"},{\"@type\":\"ListItem\",\"position\":2,\"name\":\"Verslun\",\"item\":\"https:\\\/\\\/amina.is\\\/verslun\\\/\"},{\"@type\":\"ListItem\",\"position\":3,\"name\":\"Isabella Sinclaire &#8211; Leather Bed Restraint Kit\"}]},{\"@type\":\"WebSite\",\"@id\":\"https:\\\/\\\/amina.is\\\/#website\",\"url\":\"https:\\\/\\\/amina.is\\\/\",\"name\":\"Amina\",\"description\":\"Feeling is everything - Una\u00f0sv\u00f6rur fyrir alla\",\"publisher\":{\"@id\":\"https:\\\/\\\/amina.is\\\/#organization\"},\"potentialAction\":[{\"@type\":\"SearchAction\",\"target\":{\"@type\":\"EntryPoint\",\"urlTemplate\":\"https:\\\/\\\/amina.is\\\/?s={search_term_string}\"},\"query-input\":{\"@type\":\"PropertyValueSpecification\",\"valueRequired\":true,\"valueName\":\"search_term_string\"}}],\"inLanguage\":\"en-US\"},{\"@type\":\"Organization\",\"@id\":\"https:\\\/\\\/amina.is\\\/#organization\",\"name\":\"Amina\",\"url\":\"https:\\\/\\\/amina.is\\\/\",\"logo\":{\"@type\":\"ImageObject\",\"inLanguage\":\"en-US\",\"@id\":\"https:\\\/\\\/amina.is\\\/#\\\/schema\\\/logo\\\/image\\\/\",\"url\":\"https:\\\/\\\/amina.is\\\/wp-content\\\/uploads\\\/2021\\\/09\\\/logo.png\",\"contentUrl\":\"https:\\\/\\\/amina.is\\\/wp-content\\\/uploads\\\/2021\\\/09\\\/logo.png\",\"width\":1790,\"height\":464,\"caption\":\"Amina\"},\"image\":{\"@id\":\"https:\\\/\\\/amina.is\\\/#\\\/schema\\\/logo\\\/image\\\/\"},\"sameAs\":[\"https:\\\/\\\/m.facebook.com\\\/AMINA-100767148840241\\\/\",\"https:\\\/\\\/www.instagram.com\\\/aminaverslun\\\/\"]}]}<\/script>\n<!-- \/ Yoast SEO Premium plugin. -->","yoast_head_json":{"title":"Isabella Sinclaire - Leather Bed Restraint Kit &#8211; Amina","robots":{"index":"index","follow":"follow","max-snippet":"max-snippet:-1","max-image-preview":"max-image-preview:large","max-video-preview":"max-video-preview:-1"},"canonical":"https:\/\/amina.is\/en\/verslun\/fyrir-thau\/samanth\/isabella-sinclaire-leather-bed-restraint-kit\/","og_locale":"en_US","og_type":"article","og_title":"Isabella Sinclaire - Leather Bed Restraint Kit","og_description":"Breyttu r\u00faminu \u00fe\u00ednu \u00e1 augabrag\u00f0i \u00ed spennandi BDSM h\u00fasgagn.","og_url":"https:\/\/amina.is\/en\/verslun\/fyrir-thau\/samanth\/isabella-sinclaire-leather-bed-restraint-kit\/","og_site_name":"Amina","article_publisher":"https:\/\/m.facebook.com\/AMINA-100767148840241\/","article_modified_time":"2023-06-19T02:54:49+00:00","og_image":[{"width":1000,"height":1000,"url":"https:\/\/amina.is\/wp-content\/uploads\/2021\/05\/is122.jpg","type":"image\/jpeg"}],"twitter_card":"summary_large_image","twitter_misc":{"Est. reading time":"1 minute"},"schema":{"@context":"https:\/\/schema.org","@graph":[{"@type":"WebPage","@id":"https:\/\/amina.is\/verslun\/fyrir-thau\/samanth\/isabella-sinclaire-leather-bed-restraint-kit\/","url":"https:\/\/amina.is\/verslun\/fyrir-thau\/samanth\/isabella-sinclaire-leather-bed-restraint-kit\/","name":"Isabella Sinclaire - Leather Bed Restraint Kit &#8211; Amina","isPartOf":{"@id":"https:\/\/amina.is\/#website"},"primaryImageOfPage":{"@id":"https:\/\/amina.is\/verslun\/fyrir-thau\/samanth\/isabella-sinclaire-leather-bed-restraint-kit\/#primaryimage"},"image":{"@id":"https:\/\/amina.is\/verslun\/fyrir-thau\/samanth\/isabella-sinclaire-leather-bed-restraint-kit\/#primaryimage"},"thumbnailUrl":"https:\/\/amina.is\/wp-content\/uploads\/2021\/05\/is122.jpg","datePublished":"2021-05-02T15:19:51+00:00","dateModified":"2023-06-19T02:54:49+00:00","breadcrumb":{"@id":"https:\/\/amina.is\/verslun\/fyrir-thau\/samanth\/isabella-sinclaire-leather-bed-restraint-kit\/#breadcrumb"},"inLanguage":"en-US","potentialAction":[{"@type":"ReadAction","target":["https:\/\/amina.is\/verslun\/fyrir-thau\/samanth\/isabella-sinclaire-leather-bed-restraint-kit\/"]}]},{"@type":"ImageObject","inLanguage":"en-US","@id":"https:\/\/amina.is\/verslun\/fyrir-thau\/samanth\/isabella-sinclaire-leather-bed-restraint-kit\/#primaryimage","url":"https:\/\/amina.is\/wp-content\/uploads\/2021\/05\/is122.jpg","contentUrl":"https:\/\/amina.is\/wp-content\/uploads\/2021\/05\/is122.jpg","width":1000,"height":1000},{"@type":"BreadcrumbList","@id":"https:\/\/amina.is\/verslun\/fyrir-thau\/samanth\/isabella-sinclaire-leather-bed-restraint-kit\/#breadcrumb","itemListElement":[{"@type":"ListItem","position":1,"name":"Home","item":"https:\/\/amina.is\/"},{"@type":"ListItem","position":2,"name":"Verslun","item":"https:\/\/amina.is\/verslun\/"},{"@type":"ListItem","position":3,"name":"Isabella Sinclaire &#8211; Leather Bed Restraint Kit"}]},{"@type":"WebSite","@id":"https:\/\/amina.is\/#website","url":"https:\/\/amina.is\/","name":"Amina","description":"Feeling is everything - Una\u00f0sv\u00f6rur fyrir alla","publisher":{"@id":"https:\/\/amina.is\/#organization"},"potentialAction":[{"@type":"SearchAction","target":{"@type":"EntryPoint","urlTemplate":"https:\/\/amina.is\/?s={search_term_string}"},"query-input":{"@type":"PropertyValueSpecification","valueRequired":true,"valueName":"search_term_string"}}],"inLanguage":"en-US"},{"@type":"Organization","@id":"https:\/\/amina.is\/#organization","name":"Amina","url":"https:\/\/amina.is\/","logo":{"@type":"ImageObject","inLanguage":"en-US","@id":"https:\/\/amina.is\/#\/schema\/logo\/image\/","url":"https:\/\/amina.is\/wp-content\/uploads\/2021\/09\/logo.png","contentUrl":"https:\/\/amina.is\/wp-content\/uploads\/2021\/09\/logo.png","width":1790,"height":464,"caption":"Amina"},"image":{"@id":"https:\/\/amina.is\/#\/schema\/logo\/image\/"},"sameAs":["https:\/\/m.facebook.com\/AMINA-100767148840241\/","https:\/\/www.instagram.com\/aminaverslun\/"]}]}},"_links":{"self":[{"href":"https:\/\/amina.is\/en\/wp-json\/wp\/v2\/product\/6721","targetHints":{"allow":["GET"]}}],"collection":[{"href":"https:\/\/amina.is\/en\/wp-json\/wp\/v2\/product"}],"about":[{"href":"https:\/\/amina.is\/en\/wp-json\/wp\/v2\/types\/product"}],"version-history":[{"count":4,"href":"https:\/\/amina.is\/en\/wp-json\/wp\/v2\/product\/6721\/revisions"}],"predecessor-version":[{"id":7838,"href":"https:\/\/amina.is\/en\/wp-json\/wp\/v2\/product\/6721\/revisions\/7838"}],"wp:featuredmedia":[{"embeddable":true,"href":"https:\/\/amina.is\/en\/wp-json\/wp\/v2\/media\/7836"}],"wp:attachment":[{"href":"https:\/\/amina.is\/en\/wp-json\/wp\/v2\/media?parent=6721"}],"wp:term":[{"taxonomy":"product_brand","embeddable":true,"href":"https:\/\/amina.is\/en\/wp-json\/wp\/v2\/product_brand?post=6721"},{"taxonomy":"product_cat","embeddable":true,"href":"https:\/\/amina.is\/en\/wp-json\/wp\/v2\/product_cat?post=6721"},{"taxonomy":"product_tag","embeddable":true,"href":"https:\/\/amina.is\/en\/wp-json\/wp\/v2\/product_tag?post=6721"}],"curies":[{"name":"wp","href":"https:\/\/api.w.org\/{rel}","templated":true}]}}