{"id":6716,"date":"2021-04-29T21:47:31","date_gmt":"2021-04-29T21:47:31","guid":{"rendered":"http:\/\/amina.web14.vefold.is\/?post_type=product&#038;p=6716"},"modified":"2023-03-01T18:47:06","modified_gmt":"2023-03-01T18:47:06","slug":"tom-of-finland-10x-silicone-anal-balls","status":"publish","type":"product","link":"https:\/\/amina.is\/en\/verslun\/fyrir-tha\/tom-of-finland\/tom-of-finland-10x-silicone-anal-balls\/","title":{"rendered":"Tom of Finland &#8211; 10x Silicone Anal Balls"},"content":{"rendered":"<h5>\u00deessar Tom of Finland anal k\u00falur eru st\u00f3rar fyrir \u00fe\u00e1 lengra komnu. Kr\u00f6ftugur titringur, 3 mismunandi hra\u00f0astillingar og 7 musmunandi mynstur. USB hla\u00f0anlegar og vatnsheldar m\u00e6lum \u00fe\u00f3 ekki me\u00f0 a\u00f0 nota \u00ed heitum potti. Noti\u00f0 a\u00f0eins vatnssleipiefni.<\/h5>\n<h5>Heildarlengd: 26,6cm. Innsetjanleg lengd:15,2cm. Umm\u00e1l fyrstu k\u00falu: 2,2cm. Umm\u00e1l annarar k\u00falu: 3,2cm. Umm\u00e1l \u00feri\u00f0ju k\u00falu: 4,2cm. Umm\u00e1l fj\u00f3r\u00f0u k\u00falu: 5,2cm.<\/h5>","protected":false},"excerpt":{"rendered":"<p>\u00deessar Tom of Finland anal k\u00falur eru st\u00f3rar fyrir \u00fe\u00e1 lengra komnu.<\/p>","protected":false},"featured_media":8026,"template":"","meta":{"inline_featured_image":false},"product_brand":[],"product_cat":[907,36,41,35,913,345],"product_tag":[57,481,283,403,263,373,482],"class_list":{"0":"post-6716","1":"product","2":"type-product","3":"status-publish","4":"has-post-thumbnail","6":"product_cat-buttplugs-og-titrarar","7":"product_cat-blaeti","8":"product_cat-fyrir-tha","9":"product_cat-rassinn","10":"product_cat-rassinn-hollow-plugs-ofl","11":"product_cat-tom-of-finland","12":"product_tag-anal","13":"product_tag-anal-balls","14":"product_tag-balls","15":"product_tag-pleasure","16":"product_tag-rassinn","17":"product_tag-tom-of-finland","18":"product_tag-vibrating","20":"first","21":"instock","22":"shipping-taxable","23":"purchasable","24":"product-type-simple"},"yoast_head":"<!-- This site is optimized with the Yoast SEO Premium plugin v21.6 (Yoast SEO v27.3) - https:\/\/yoast.com\/product\/yoast-seo-premium-wordpress\/ -->\n<title>Tom of Finland - 10x Silicone Anal Balls &#8211; Amina<\/title>\n<meta name=\"robots\" content=\"index, follow, max-snippet:-1, max-image-preview:large, max-video-preview:-1\" \/>\n<link rel=\"canonical\" href=\"https:\/\/amina.is\/en\/verslun\/fyrir-tha\/tom-of-finland\/tom-of-finland-10x-silicone-anal-balls\/\" \/>\n<meta property=\"og:locale\" content=\"en_US\" \/>\n<meta property=\"og:type\" content=\"article\" \/>\n<meta property=\"og:title\" content=\"Tom of Finland - 10x Silicone Anal Balls\" \/>\n<meta property=\"og:description\" content=\"\u00deessar Tom of Finland anal k\u00falur eru st\u00f3rar fyrir \u00fe\u00e1 lengra komnu.\" \/>\n<meta property=\"og:url\" content=\"https:\/\/amina.is\/en\/verslun\/fyrir-tha\/tom-of-finland\/tom-of-finland-10x-silicone-anal-balls\/\" \/>\n<meta property=\"og:site_name\" content=\"Amina\" \/>\n<meta property=\"article:publisher\" content=\"https:\/\/m.facebook.com\/AMINA-100767148840241\/\" \/>\n<meta property=\"article:modified_time\" content=\"2023-03-01T18:47:06+00:00\" \/>\n<meta property=\"og:image\" content=\"https:\/\/amina.is\/wp-content\/uploads\/2021\/04\/tof-balls.jpg\" \/>\n\t<meta property=\"og:image:width\" content=\"1600\" \/>\n\t<meta property=\"og:image:height\" content=\"1600\" \/>\n\t<meta property=\"og:image:type\" content=\"image\/jpeg\" \/>\n<meta name=\"twitter:card\" content=\"summary_large_image\" \/>\n<script type=\"application\/ld+json\" class=\"yoast-schema-graph\">{\"@context\":\"https:\\\/\\\/schema.org\",\"@graph\":[{\"@type\":\"WebPage\",\"@id\":\"https:\\\/\\\/amina.is\\\/verslun\\\/fyrir-tha\\\/tom-of-finland\\\/tom-of-finland-10x-silicone-anal-balls\\\/\",\"url\":\"https:\\\/\\\/amina.is\\\/verslun\\\/fyrir-tha\\\/tom-of-finland\\\/tom-of-finland-10x-silicone-anal-balls\\\/\",\"name\":\"Tom of Finland - 10x Silicone Anal Balls &#8211; Amina\",\"isPartOf\":{\"@id\":\"https:\\\/\\\/amina.is\\\/#website\"},\"primaryImageOfPage\":{\"@id\":\"https:\\\/\\\/amina.is\\\/verslun\\\/fyrir-tha\\\/tom-of-finland\\\/tom-of-finland-10x-silicone-anal-balls\\\/#primaryimage\"},\"image\":{\"@id\":\"https:\\\/\\\/amina.is\\\/verslun\\\/fyrir-tha\\\/tom-of-finland\\\/tom-of-finland-10x-silicone-anal-balls\\\/#primaryimage\"},\"thumbnailUrl\":\"https:\\\/\\\/amina.is\\\/wp-content\\\/uploads\\\/2021\\\/04\\\/tof-balls.jpg\",\"datePublished\":\"2021-04-29T21:47:31+00:00\",\"dateModified\":\"2023-03-01T18:47:06+00:00\",\"breadcrumb\":{\"@id\":\"https:\\\/\\\/amina.is\\\/verslun\\\/fyrir-tha\\\/tom-of-finland\\\/tom-of-finland-10x-silicone-anal-balls\\\/#breadcrumb\"},\"inLanguage\":\"en-US\",\"potentialAction\":[{\"@type\":\"ReadAction\",\"target\":[\"https:\\\/\\\/amina.is\\\/verslun\\\/fyrir-tha\\\/tom-of-finland\\\/tom-of-finland-10x-silicone-anal-balls\\\/\"]}]},{\"@type\":\"ImageObject\",\"inLanguage\":\"en-US\",\"@id\":\"https:\\\/\\\/amina.is\\\/verslun\\\/fyrir-tha\\\/tom-of-finland\\\/tom-of-finland-10x-silicone-anal-balls\\\/#primaryimage\",\"url\":\"https:\\\/\\\/amina.is\\\/wp-content\\\/uploads\\\/2021\\\/04\\\/tof-balls.jpg\",\"contentUrl\":\"https:\\\/\\\/amina.is\\\/wp-content\\\/uploads\\\/2021\\\/04\\\/tof-balls.jpg\",\"width\":1600,\"height\":1600},{\"@type\":\"BreadcrumbList\",\"@id\":\"https:\\\/\\\/amina.is\\\/verslun\\\/fyrir-tha\\\/tom-of-finland\\\/tom-of-finland-10x-silicone-anal-balls\\\/#breadcrumb\",\"itemListElement\":[{\"@type\":\"ListItem\",\"position\":1,\"name\":\"Home\",\"item\":\"https:\\\/\\\/amina.is\\\/\"},{\"@type\":\"ListItem\",\"position\":2,\"name\":\"Verslun\",\"item\":\"https:\\\/\\\/amina.is\\\/verslun\\\/\"},{\"@type\":\"ListItem\",\"position\":3,\"name\":\"Tom of Finland &#8211; 10x Silicone Anal Balls\"}]},{\"@type\":\"WebSite\",\"@id\":\"https:\\\/\\\/amina.is\\\/#website\",\"url\":\"https:\\\/\\\/amina.is\\\/\",\"name\":\"Amina\",\"description\":\"Feeling is everything - Una\u00f0sv\u00f6rur fyrir alla\",\"publisher\":{\"@id\":\"https:\\\/\\\/amina.is\\\/#organization\"},\"potentialAction\":[{\"@type\":\"SearchAction\",\"target\":{\"@type\":\"EntryPoint\",\"urlTemplate\":\"https:\\\/\\\/amina.is\\\/?s={search_term_string}\"},\"query-input\":{\"@type\":\"PropertyValueSpecification\",\"valueRequired\":true,\"valueName\":\"search_term_string\"}}],\"inLanguage\":\"en-US\"},{\"@type\":\"Organization\",\"@id\":\"https:\\\/\\\/amina.is\\\/#organization\",\"name\":\"Amina\",\"url\":\"https:\\\/\\\/amina.is\\\/\",\"logo\":{\"@type\":\"ImageObject\",\"inLanguage\":\"en-US\",\"@id\":\"https:\\\/\\\/amina.is\\\/#\\\/schema\\\/logo\\\/image\\\/\",\"url\":\"https:\\\/\\\/amina.is\\\/wp-content\\\/uploads\\\/2021\\\/09\\\/logo.png\",\"contentUrl\":\"https:\\\/\\\/amina.is\\\/wp-content\\\/uploads\\\/2021\\\/09\\\/logo.png\",\"width\":1790,\"height\":464,\"caption\":\"Amina\"},\"image\":{\"@id\":\"https:\\\/\\\/amina.is\\\/#\\\/schema\\\/logo\\\/image\\\/\"},\"sameAs\":[\"https:\\\/\\\/m.facebook.com\\\/AMINA-100767148840241\\\/\",\"https:\\\/\\\/www.instagram.com\\\/aminaverslun\\\/\"]}]}<\/script>\n<!-- \/ Yoast SEO Premium plugin. -->","yoast_head_json":{"title":"Tom of Finland - 10x Silicone Anal Balls &#8211; Amina","robots":{"index":"index","follow":"follow","max-snippet":"max-snippet:-1","max-image-preview":"max-image-preview:large","max-video-preview":"max-video-preview:-1"},"canonical":"https:\/\/amina.is\/en\/verslun\/fyrir-tha\/tom-of-finland\/tom-of-finland-10x-silicone-anal-balls\/","og_locale":"en_US","og_type":"article","og_title":"Tom of Finland - 10x Silicone Anal Balls","og_description":"\u00deessar Tom of Finland anal k\u00falur eru st\u00f3rar fyrir \u00fe\u00e1 lengra komnu.","og_url":"https:\/\/amina.is\/en\/verslun\/fyrir-tha\/tom-of-finland\/tom-of-finland-10x-silicone-anal-balls\/","og_site_name":"Amina","article_publisher":"https:\/\/m.facebook.com\/AMINA-100767148840241\/","article_modified_time":"2023-03-01T18:47:06+00:00","og_image":[{"width":1600,"height":1600,"url":"https:\/\/amina.is\/wp-content\/uploads\/2021\/04\/tof-balls.jpg","type":"image\/jpeg"}],"twitter_card":"summary_large_image","schema":{"@context":"https:\/\/schema.org","@graph":[{"@type":"WebPage","@id":"https:\/\/amina.is\/verslun\/fyrir-tha\/tom-of-finland\/tom-of-finland-10x-silicone-anal-balls\/","url":"https:\/\/amina.is\/verslun\/fyrir-tha\/tom-of-finland\/tom-of-finland-10x-silicone-anal-balls\/","name":"Tom of Finland - 10x Silicone Anal Balls &#8211; Amina","isPartOf":{"@id":"https:\/\/amina.is\/#website"},"primaryImageOfPage":{"@id":"https:\/\/amina.is\/verslun\/fyrir-tha\/tom-of-finland\/tom-of-finland-10x-silicone-anal-balls\/#primaryimage"},"image":{"@id":"https:\/\/amina.is\/verslun\/fyrir-tha\/tom-of-finland\/tom-of-finland-10x-silicone-anal-balls\/#primaryimage"},"thumbnailUrl":"https:\/\/amina.is\/wp-content\/uploads\/2021\/04\/tof-balls.jpg","datePublished":"2021-04-29T21:47:31+00:00","dateModified":"2023-03-01T18:47:06+00:00","breadcrumb":{"@id":"https:\/\/amina.is\/verslun\/fyrir-tha\/tom-of-finland\/tom-of-finland-10x-silicone-anal-balls\/#breadcrumb"},"inLanguage":"en-US","potentialAction":[{"@type":"ReadAction","target":["https:\/\/amina.is\/verslun\/fyrir-tha\/tom-of-finland\/tom-of-finland-10x-silicone-anal-balls\/"]}]},{"@type":"ImageObject","inLanguage":"en-US","@id":"https:\/\/amina.is\/verslun\/fyrir-tha\/tom-of-finland\/tom-of-finland-10x-silicone-anal-balls\/#primaryimage","url":"https:\/\/amina.is\/wp-content\/uploads\/2021\/04\/tof-balls.jpg","contentUrl":"https:\/\/amina.is\/wp-content\/uploads\/2021\/04\/tof-balls.jpg","width":1600,"height":1600},{"@type":"BreadcrumbList","@id":"https:\/\/amina.is\/verslun\/fyrir-tha\/tom-of-finland\/tom-of-finland-10x-silicone-anal-balls\/#breadcrumb","itemListElement":[{"@type":"ListItem","position":1,"name":"Home","item":"https:\/\/amina.is\/"},{"@type":"ListItem","position":2,"name":"Verslun","item":"https:\/\/amina.is\/verslun\/"},{"@type":"ListItem","position":3,"name":"Tom of Finland &#8211; 10x Silicone Anal Balls"}]},{"@type":"WebSite","@id":"https:\/\/amina.is\/#website","url":"https:\/\/amina.is\/","name":"Amina","description":"Feeling is everything - Una\u00f0sv\u00f6rur fyrir alla","publisher":{"@id":"https:\/\/amina.is\/#organization"},"potentialAction":[{"@type":"SearchAction","target":{"@type":"EntryPoint","urlTemplate":"https:\/\/amina.is\/?s={search_term_string}"},"query-input":{"@type":"PropertyValueSpecification","valueRequired":true,"valueName":"search_term_string"}}],"inLanguage":"en-US"},{"@type":"Organization","@id":"https:\/\/amina.is\/#organization","name":"Amina","url":"https:\/\/amina.is\/","logo":{"@type":"ImageObject","inLanguage":"en-US","@id":"https:\/\/amina.is\/#\/schema\/logo\/image\/","url":"https:\/\/amina.is\/wp-content\/uploads\/2021\/09\/logo.png","contentUrl":"https:\/\/amina.is\/wp-content\/uploads\/2021\/09\/logo.png","width":1790,"height":464,"caption":"Amina"},"image":{"@id":"https:\/\/amina.is\/#\/schema\/logo\/image\/"},"sameAs":["https:\/\/m.facebook.com\/AMINA-100767148840241\/","https:\/\/www.instagram.com\/aminaverslun\/"]}]}},"_links":{"self":[{"href":"https:\/\/amina.is\/en\/wp-json\/wp\/v2\/product\/6716","targetHints":{"allow":["GET"]}}],"collection":[{"href":"https:\/\/amina.is\/en\/wp-json\/wp\/v2\/product"}],"about":[{"href":"https:\/\/amina.is\/en\/wp-json\/wp\/v2\/types\/product"}],"version-history":[{"count":4,"href":"https:\/\/amina.is\/en\/wp-json\/wp\/v2\/product\/6716\/revisions"}],"predecessor-version":[{"id":8028,"href":"https:\/\/amina.is\/en\/wp-json\/wp\/v2\/product\/6716\/revisions\/8028"}],"wp:featuredmedia":[{"embeddable":true,"href":"https:\/\/amina.is\/en\/wp-json\/wp\/v2\/media\/8026"}],"wp:attachment":[{"href":"https:\/\/amina.is\/en\/wp-json\/wp\/v2\/media?parent=6716"}],"wp:term":[{"taxonomy":"product_brand","embeddable":true,"href":"https:\/\/amina.is\/en\/wp-json\/wp\/v2\/product_brand?post=6716"},{"taxonomy":"product_cat","embeddable":true,"href":"https:\/\/amina.is\/en\/wp-json\/wp\/v2\/product_cat?post=6716"},{"taxonomy":"product_tag","embeddable":true,"href":"https:\/\/amina.is\/en\/wp-json\/wp\/v2\/product_tag?post=6716"}],"curies":[{"name":"wp","href":"https:\/\/api.w.org\/{rel}","templated":true}]}}