{"id":6711,"date":"2021-04-29T21:19:32","date_gmt":"2021-04-29T21:19:32","guid":{"rendered":"http:\/\/amina.web14.vefold.is\/?post_type=product&#038;p=6711"},"modified":"2023-03-01T18:47:34","modified_gmt":"2023-03-01T18:47:34","slug":"master-series-turbo-ass-spinner-anal-plug","status":"publish","type":"product","link":"https:\/\/amina.is\/en\/verslun\/rassinn\/buttplugs-og-titrarar\/master-series-turbo-ass-spinner-anal-plug\/","title":{"rendered":"Master Series &#8211; Turbo Ass Spinner Anal Plug"},"content":{"rendered":"<h5>\u00deessi sn\u00fdst og titrar \u00e1 sama t\u00edma! Kr\u00f6ftugur m\u00f3tor og sn\u00fanings perlur \u00ed h\u00e1lsinum sem l\u00e6tur allan plugginn sn\u00faast inni \u00ed \u00fe\u00e9r. 3 mismunandi hra\u00f0astillingar, 2 mismunandi mynstur og T\u00farb\u00f3 stilling! USB hla\u00f0anlegur og kemur me\u00f0 fjarst\u00fdringu. Noti\u00f0 a\u00f0eins vatnssleipiefni.<\/h5>","protected":false},"excerpt":{"rendered":"<p>\u00deessi sn\u00fdst og titrar \u00e1 sama t\u00edma!<\/p>","protected":false},"featured_media":7894,"template":"","meta":{"inline_featured_image":false},"product_brand":[],"product_cat":[907,41,42,43,35],"product_tag":[57,60,480,61,310,263,350,349,348],"class_list":{"0":"post-6711","1":"product","2":"type-product","3":"status-publish","4":"has-post-thumbnail","6":"product_cat-buttplugs-og-titrarar","7":"product_cat-fyrir-tha","8":"product_cat-fyrir-thaer","9":"product_cat-fyrir-thau","10":"product_cat-rassinn","11":"product_tag-anal","12":"product_tag-ass","13":"product_tag-ass-spinner","14":"product_tag-butt-plug","15":"product_tag-master-series","16":"product_tag-rassinn","17":"product_tag-rimming","18":"product_tag-spinner","19":"product_tag-turbo","21":"first","22":"instock","23":"shipping-taxable","24":"purchasable","25":"product-type-simple"},"yoast_head":"<!-- This site is optimized with the Yoast SEO Premium plugin v21.6 (Yoast SEO v27.3) - https:\/\/yoast.com\/product\/yoast-seo-premium-wordpress\/ -->\n<title>Master Series - Turbo Ass Spinner Anal Plug &#8211; Amina<\/title>\n<meta name=\"robots\" content=\"index, follow, max-snippet:-1, max-image-preview:large, max-video-preview:-1\" \/>\n<link rel=\"canonical\" href=\"https:\/\/amina.is\/en\/verslun\/rassinn\/buttplugs-og-titrarar\/master-series-turbo-ass-spinner-anal-plug\/\" \/>\n<meta property=\"og:locale\" content=\"en_US\" \/>\n<meta property=\"og:type\" content=\"article\" \/>\n<meta property=\"og:title\" content=\"Master Series - Turbo Ass Spinner Anal Plug\" \/>\n<meta property=\"og:description\" content=\"\u00deessi sn\u00fdst og titrar \u00e1 sama t\u00edma!\" \/>\n<meta property=\"og:url\" content=\"https:\/\/amina.is\/en\/verslun\/rassinn\/buttplugs-og-titrarar\/master-series-turbo-ass-spinner-anal-plug\/\" \/>\n<meta property=\"og:site_name\" content=\"Amina\" \/>\n<meta property=\"article:publisher\" content=\"https:\/\/m.facebook.com\/AMINA-100767148840241\/\" \/>\n<meta property=\"article:modified_time\" content=\"2023-03-01T18:47:34+00:00\" \/>\n<meta property=\"og:image\" content=\"https:\/\/amina.is\/wp-content\/uploads\/2021\/04\/spinner-plug.jpg\" \/>\n\t<meta property=\"og:image:width\" content=\"1200\" \/>\n\t<meta property=\"og:image:height\" content=\"1200\" \/>\n\t<meta property=\"og:image:type\" content=\"image\/jpeg\" \/>\n<meta name=\"twitter:card\" content=\"summary_large_image\" \/>\n<script type=\"application\/ld+json\" class=\"yoast-schema-graph\">{\"@context\":\"https:\\\/\\\/schema.org\",\"@graph\":[{\"@type\":\"WebPage\",\"@id\":\"https:\\\/\\\/amina.is\\\/verslun\\\/rassinn\\\/buttplugs-og-titrarar\\\/master-series-turbo-ass-spinner-anal-plug\\\/\",\"url\":\"https:\\\/\\\/amina.is\\\/verslun\\\/rassinn\\\/buttplugs-og-titrarar\\\/master-series-turbo-ass-spinner-anal-plug\\\/\",\"name\":\"Master Series - Turbo Ass Spinner Anal Plug &#8211; Amina\",\"isPartOf\":{\"@id\":\"https:\\\/\\\/amina.is\\\/#website\"},\"primaryImageOfPage\":{\"@id\":\"https:\\\/\\\/amina.is\\\/verslun\\\/rassinn\\\/buttplugs-og-titrarar\\\/master-series-turbo-ass-spinner-anal-plug\\\/#primaryimage\"},\"image\":{\"@id\":\"https:\\\/\\\/amina.is\\\/verslun\\\/rassinn\\\/buttplugs-og-titrarar\\\/master-series-turbo-ass-spinner-anal-plug\\\/#primaryimage\"},\"thumbnailUrl\":\"https:\\\/\\\/amina.is\\\/wp-content\\\/uploads\\\/2021\\\/04\\\/spinner-plug.jpg\",\"datePublished\":\"2021-04-29T21:19:32+00:00\",\"dateModified\":\"2023-03-01T18:47:34+00:00\",\"breadcrumb\":{\"@id\":\"https:\\\/\\\/amina.is\\\/verslun\\\/rassinn\\\/buttplugs-og-titrarar\\\/master-series-turbo-ass-spinner-anal-plug\\\/#breadcrumb\"},\"inLanguage\":\"en-US\",\"potentialAction\":[{\"@type\":\"ReadAction\",\"target\":[\"https:\\\/\\\/amina.is\\\/verslun\\\/rassinn\\\/buttplugs-og-titrarar\\\/master-series-turbo-ass-spinner-anal-plug\\\/\"]}]},{\"@type\":\"ImageObject\",\"inLanguage\":\"en-US\",\"@id\":\"https:\\\/\\\/amina.is\\\/verslun\\\/rassinn\\\/buttplugs-og-titrarar\\\/master-series-turbo-ass-spinner-anal-plug\\\/#primaryimage\",\"url\":\"https:\\\/\\\/amina.is\\\/wp-content\\\/uploads\\\/2021\\\/04\\\/spinner-plug.jpg\",\"contentUrl\":\"https:\\\/\\\/amina.is\\\/wp-content\\\/uploads\\\/2021\\\/04\\\/spinner-plug.jpg\",\"width\":1200,\"height\":1200},{\"@type\":\"BreadcrumbList\",\"@id\":\"https:\\\/\\\/amina.is\\\/verslun\\\/rassinn\\\/buttplugs-og-titrarar\\\/master-series-turbo-ass-spinner-anal-plug\\\/#breadcrumb\",\"itemListElement\":[{\"@type\":\"ListItem\",\"position\":1,\"name\":\"Home\",\"item\":\"https:\\\/\\\/amina.is\\\/\"},{\"@type\":\"ListItem\",\"position\":2,\"name\":\"Verslun\",\"item\":\"https:\\\/\\\/amina.is\\\/verslun\\\/\"},{\"@type\":\"ListItem\",\"position\":3,\"name\":\"Master Series &#8211; Turbo Ass Spinner Anal Plug\"}]},{\"@type\":\"WebSite\",\"@id\":\"https:\\\/\\\/amina.is\\\/#website\",\"url\":\"https:\\\/\\\/amina.is\\\/\",\"name\":\"Amina\",\"description\":\"Feeling is everything - Una\u00f0sv\u00f6rur fyrir alla\",\"publisher\":{\"@id\":\"https:\\\/\\\/amina.is\\\/#organization\"},\"potentialAction\":[{\"@type\":\"SearchAction\",\"target\":{\"@type\":\"EntryPoint\",\"urlTemplate\":\"https:\\\/\\\/amina.is\\\/?s={search_term_string}\"},\"query-input\":{\"@type\":\"PropertyValueSpecification\",\"valueRequired\":true,\"valueName\":\"search_term_string\"}}],\"inLanguage\":\"en-US\"},{\"@type\":\"Organization\",\"@id\":\"https:\\\/\\\/amina.is\\\/#organization\",\"name\":\"Amina\",\"url\":\"https:\\\/\\\/amina.is\\\/\",\"logo\":{\"@type\":\"ImageObject\",\"inLanguage\":\"en-US\",\"@id\":\"https:\\\/\\\/amina.is\\\/#\\\/schema\\\/logo\\\/image\\\/\",\"url\":\"https:\\\/\\\/amina.is\\\/wp-content\\\/uploads\\\/2021\\\/09\\\/logo.png\",\"contentUrl\":\"https:\\\/\\\/amina.is\\\/wp-content\\\/uploads\\\/2021\\\/09\\\/logo.png\",\"width\":1790,\"height\":464,\"caption\":\"Amina\"},\"image\":{\"@id\":\"https:\\\/\\\/amina.is\\\/#\\\/schema\\\/logo\\\/image\\\/\"},\"sameAs\":[\"https:\\\/\\\/m.facebook.com\\\/AMINA-100767148840241\\\/\",\"https:\\\/\\\/www.instagram.com\\\/aminaverslun\\\/\"]}]}<\/script>\n<!-- \/ Yoast SEO Premium plugin. -->","yoast_head_json":{"title":"Master Series - Turbo Ass Spinner Anal Plug &#8211; Amina","robots":{"index":"index","follow":"follow","max-snippet":"max-snippet:-1","max-image-preview":"max-image-preview:large","max-video-preview":"max-video-preview:-1"},"canonical":"https:\/\/amina.is\/en\/verslun\/rassinn\/buttplugs-og-titrarar\/master-series-turbo-ass-spinner-anal-plug\/","og_locale":"en_US","og_type":"article","og_title":"Master Series - Turbo Ass Spinner Anal Plug","og_description":"\u00deessi sn\u00fdst og titrar \u00e1 sama t\u00edma!","og_url":"https:\/\/amina.is\/en\/verslun\/rassinn\/buttplugs-og-titrarar\/master-series-turbo-ass-spinner-anal-plug\/","og_site_name":"Amina","article_publisher":"https:\/\/m.facebook.com\/AMINA-100767148840241\/","article_modified_time":"2023-03-01T18:47:34+00:00","og_image":[{"width":1200,"height":1200,"url":"https:\/\/amina.is\/wp-content\/uploads\/2021\/04\/spinner-plug.jpg","type":"image\/jpeg"}],"twitter_card":"summary_large_image","schema":{"@context":"https:\/\/schema.org","@graph":[{"@type":"WebPage","@id":"https:\/\/amina.is\/verslun\/rassinn\/buttplugs-og-titrarar\/master-series-turbo-ass-spinner-anal-plug\/","url":"https:\/\/amina.is\/verslun\/rassinn\/buttplugs-og-titrarar\/master-series-turbo-ass-spinner-anal-plug\/","name":"Master Series - Turbo Ass Spinner Anal Plug &#8211; Amina","isPartOf":{"@id":"https:\/\/amina.is\/#website"},"primaryImageOfPage":{"@id":"https:\/\/amina.is\/verslun\/rassinn\/buttplugs-og-titrarar\/master-series-turbo-ass-spinner-anal-plug\/#primaryimage"},"image":{"@id":"https:\/\/amina.is\/verslun\/rassinn\/buttplugs-og-titrarar\/master-series-turbo-ass-spinner-anal-plug\/#primaryimage"},"thumbnailUrl":"https:\/\/amina.is\/wp-content\/uploads\/2021\/04\/spinner-plug.jpg","datePublished":"2021-04-29T21:19:32+00:00","dateModified":"2023-03-01T18:47:34+00:00","breadcrumb":{"@id":"https:\/\/amina.is\/verslun\/rassinn\/buttplugs-og-titrarar\/master-series-turbo-ass-spinner-anal-plug\/#breadcrumb"},"inLanguage":"en-US","potentialAction":[{"@type":"ReadAction","target":["https:\/\/amina.is\/verslun\/rassinn\/buttplugs-og-titrarar\/master-series-turbo-ass-spinner-anal-plug\/"]}]},{"@type":"ImageObject","inLanguage":"en-US","@id":"https:\/\/amina.is\/verslun\/rassinn\/buttplugs-og-titrarar\/master-series-turbo-ass-spinner-anal-plug\/#primaryimage","url":"https:\/\/amina.is\/wp-content\/uploads\/2021\/04\/spinner-plug.jpg","contentUrl":"https:\/\/amina.is\/wp-content\/uploads\/2021\/04\/spinner-plug.jpg","width":1200,"height":1200},{"@type":"BreadcrumbList","@id":"https:\/\/amina.is\/verslun\/rassinn\/buttplugs-og-titrarar\/master-series-turbo-ass-spinner-anal-plug\/#breadcrumb","itemListElement":[{"@type":"ListItem","position":1,"name":"Home","item":"https:\/\/amina.is\/"},{"@type":"ListItem","position":2,"name":"Verslun","item":"https:\/\/amina.is\/verslun\/"},{"@type":"ListItem","position":3,"name":"Master Series &#8211; Turbo Ass Spinner Anal Plug"}]},{"@type":"WebSite","@id":"https:\/\/amina.is\/#website","url":"https:\/\/amina.is\/","name":"Amina","description":"Feeling is everything - Una\u00f0sv\u00f6rur fyrir alla","publisher":{"@id":"https:\/\/amina.is\/#organization"},"potentialAction":[{"@type":"SearchAction","target":{"@type":"EntryPoint","urlTemplate":"https:\/\/amina.is\/?s={search_term_string}"},"query-input":{"@type":"PropertyValueSpecification","valueRequired":true,"valueName":"search_term_string"}}],"inLanguage":"en-US"},{"@type":"Organization","@id":"https:\/\/amina.is\/#organization","name":"Amina","url":"https:\/\/amina.is\/","logo":{"@type":"ImageObject","inLanguage":"en-US","@id":"https:\/\/amina.is\/#\/schema\/logo\/image\/","url":"https:\/\/amina.is\/wp-content\/uploads\/2021\/09\/logo.png","contentUrl":"https:\/\/amina.is\/wp-content\/uploads\/2021\/09\/logo.png","width":1790,"height":464,"caption":"Amina"},"image":{"@id":"https:\/\/amina.is\/#\/schema\/logo\/image\/"},"sameAs":["https:\/\/m.facebook.com\/AMINA-100767148840241\/","https:\/\/www.instagram.com\/aminaverslun\/"]}]}},"_links":{"self":[{"href":"https:\/\/amina.is\/en\/wp-json\/wp\/v2\/product\/6711","targetHints":{"allow":["GET"]}}],"collection":[{"href":"https:\/\/amina.is\/en\/wp-json\/wp\/v2\/product"}],"about":[{"href":"https:\/\/amina.is\/en\/wp-json\/wp\/v2\/types\/product"}],"version-history":[{"count":5,"href":"https:\/\/amina.is\/en\/wp-json\/wp\/v2\/product\/6711\/revisions"}],"predecessor-version":[{"id":7895,"href":"https:\/\/amina.is\/en\/wp-json\/wp\/v2\/product\/6711\/revisions\/7895"}],"wp:featuredmedia":[{"embeddable":true,"href":"https:\/\/amina.is\/en\/wp-json\/wp\/v2\/media\/7894"}],"wp:attachment":[{"href":"https:\/\/amina.is\/en\/wp-json\/wp\/v2\/media?parent=6711"}],"wp:term":[{"taxonomy":"product_brand","embeddable":true,"href":"https:\/\/amina.is\/en\/wp-json\/wp\/v2\/product_brand?post=6711"},{"taxonomy":"product_cat","embeddable":true,"href":"https:\/\/amina.is\/en\/wp-json\/wp\/v2\/product_cat?post=6711"},{"taxonomy":"product_tag","embeddable":true,"href":"https:\/\/amina.is\/en\/wp-json\/wp\/v2\/product_tag?post=6711"}],"curies":[{"name":"wp","href":"https:\/\/api.w.org\/{rel}","templated":true}]}}