{"id":6672,"date":"2021-04-27T20:26:08","date_gmt":"2021-04-27T20:26:08","guid":{"rendered":"http:\/\/amina.web14.vefold.is\/?post_type=product&#038;p=6672"},"modified":"2023-03-01T18:14:38","modified_gmt":"2023-03-01T18:14:38","slug":"tom-of-finland-xl-silicone-anal-plug","status":"publish","type":"product","link":"https:\/\/amina.is\/en\/verslun\/fyrir-tha\/tom-of-finland\/tom-of-finland-xl-silicone-anal-plug\/","title":{"rendered":"Tom of Finland &#8211; XL Silicone Anal Plug"},"content":{"rendered":"<h5>Anal plug fr\u00e1 Tom of Finland \u00ed XL st\u00e6r\u00f0. Vi\u00f0 viljum benda kurteisislega \u00e1 a\u00f0 Tom of Finland st\u00e6r\u00f0irnar eru st\u00e6rri en \u00ed hinum hef\u00f0bundna heimi. Dog Tags fylgja me\u00f0 \u00ed B\u00f3nus. Heildarlengd: 17cm. Innsetjanleg lengd: 12,7cm. V\u00ed\u00f0asti partur: 7cm.<\/h5>","protected":false},"excerpt":{"rendered":"<p>Anal plug fr\u00e1 Tom of Finland \u00ed XL st\u00e6r\u00f0.<\/p>","protected":false},"featured_media":8089,"template":"","meta":{"inline_featured_image":false},"product_brand":[],"product_cat":[907,41,35,345],"product_tag":[445,61,262,263,373],"class_list":{"0":"post-6672","1":"product","2":"type-product","3":"status-publish","4":"has-post-thumbnail","6":"product_cat-buttplugs-og-titrarar","7":"product_cat-fyrir-tha","8":"product_cat-rassinn","9":"product_cat-tom-of-finland","10":"product_tag-anal-plug","11":"product_tag-butt-plug","12":"product_tag-plug","13":"product_tag-rassinn","14":"product_tag-tom-of-finland","16":"first","17":"instock","18":"shipping-taxable","19":"purchasable","20":"product-type-simple"},"yoast_head":"<!-- This site is optimized with the Yoast SEO Premium plugin v21.6 (Yoast SEO v27.3) - https:\/\/yoast.com\/product\/yoast-seo-premium-wordpress\/ -->\n<title>Tom of Finland - XL Silicone Anal Plug &#8211; Amina<\/title>\n<meta name=\"robots\" content=\"index, follow, max-snippet:-1, max-image-preview:large, max-video-preview:-1\" \/>\n<link rel=\"canonical\" href=\"https:\/\/amina.is\/en\/verslun\/fyrir-tha\/tom-of-finland\/tom-of-finland-xl-silicone-anal-plug\/\" \/>\n<meta property=\"og:locale\" content=\"en_US\" \/>\n<meta property=\"og:type\" content=\"article\" \/>\n<meta property=\"og:title\" content=\"Tom of Finland - XL Silicone Anal Plug\" \/>\n<meta property=\"og:description\" content=\"Anal plug fr\u00e1 Tom of Finland \u00ed XL st\u00e6r\u00f0.\" \/>\n<meta property=\"og:url\" content=\"https:\/\/amina.is\/en\/verslun\/fyrir-tha\/tom-of-finland\/tom-of-finland-xl-silicone-anal-plug\/\" \/>\n<meta property=\"og:site_name\" content=\"Amina\" \/>\n<meta property=\"article:publisher\" content=\"https:\/\/m.facebook.com\/AMINA-100767148840241\/\" \/>\n<meta property=\"article:modified_time\" content=\"2023-03-01T18:14:38+00:00\" \/>\n<meta property=\"og:image\" content=\"https:\/\/amina.is\/wp-content\/uploads\/2021\/04\/tof-plug-xl.jpg\" \/>\n\t<meta property=\"og:image:width\" content=\"1100\" \/>\n\t<meta property=\"og:image:height\" content=\"1100\" \/>\n\t<meta property=\"og:image:type\" content=\"image\/jpeg\" \/>\n<meta name=\"twitter:card\" content=\"summary_large_image\" \/>\n<script type=\"application\/ld+json\" class=\"yoast-schema-graph\">{\"@context\":\"https:\\\/\\\/schema.org\",\"@graph\":[{\"@type\":\"WebPage\",\"@id\":\"https:\\\/\\\/amina.is\\\/verslun\\\/fyrir-tha\\\/tom-of-finland\\\/tom-of-finland-xl-silicone-anal-plug\\\/\",\"url\":\"https:\\\/\\\/amina.is\\\/verslun\\\/fyrir-tha\\\/tom-of-finland\\\/tom-of-finland-xl-silicone-anal-plug\\\/\",\"name\":\"Tom of Finland - XL Silicone Anal Plug &#8211; Amina\",\"isPartOf\":{\"@id\":\"https:\\\/\\\/amina.is\\\/#website\"},\"primaryImageOfPage\":{\"@id\":\"https:\\\/\\\/amina.is\\\/verslun\\\/fyrir-tha\\\/tom-of-finland\\\/tom-of-finland-xl-silicone-anal-plug\\\/#primaryimage\"},\"image\":{\"@id\":\"https:\\\/\\\/amina.is\\\/verslun\\\/fyrir-tha\\\/tom-of-finland\\\/tom-of-finland-xl-silicone-anal-plug\\\/#primaryimage\"},\"thumbnailUrl\":\"https:\\\/\\\/amina.is\\\/wp-content\\\/uploads\\\/2021\\\/04\\\/tof-plug-xl.jpg\",\"datePublished\":\"2021-04-27T20:26:08+00:00\",\"dateModified\":\"2023-03-01T18:14:38+00:00\",\"breadcrumb\":{\"@id\":\"https:\\\/\\\/amina.is\\\/verslun\\\/fyrir-tha\\\/tom-of-finland\\\/tom-of-finland-xl-silicone-anal-plug\\\/#breadcrumb\"},\"inLanguage\":\"en-US\",\"potentialAction\":[{\"@type\":\"ReadAction\",\"target\":[\"https:\\\/\\\/amina.is\\\/verslun\\\/fyrir-tha\\\/tom-of-finland\\\/tom-of-finland-xl-silicone-anal-plug\\\/\"]}]},{\"@type\":\"ImageObject\",\"inLanguage\":\"en-US\",\"@id\":\"https:\\\/\\\/amina.is\\\/verslun\\\/fyrir-tha\\\/tom-of-finland\\\/tom-of-finland-xl-silicone-anal-plug\\\/#primaryimage\",\"url\":\"https:\\\/\\\/amina.is\\\/wp-content\\\/uploads\\\/2021\\\/04\\\/tof-plug-xl.jpg\",\"contentUrl\":\"https:\\\/\\\/amina.is\\\/wp-content\\\/uploads\\\/2021\\\/04\\\/tof-plug-xl.jpg\",\"width\":1100,\"height\":1100},{\"@type\":\"BreadcrumbList\",\"@id\":\"https:\\\/\\\/amina.is\\\/verslun\\\/fyrir-tha\\\/tom-of-finland\\\/tom-of-finland-xl-silicone-anal-plug\\\/#breadcrumb\",\"itemListElement\":[{\"@type\":\"ListItem\",\"position\":1,\"name\":\"Home\",\"item\":\"https:\\\/\\\/amina.is\\\/\"},{\"@type\":\"ListItem\",\"position\":2,\"name\":\"Verslun\",\"item\":\"https:\\\/\\\/amina.is\\\/verslun\\\/\"},{\"@type\":\"ListItem\",\"position\":3,\"name\":\"Tom of Finland &#8211; XL Silicone Anal Plug\"}]},{\"@type\":\"WebSite\",\"@id\":\"https:\\\/\\\/amina.is\\\/#website\",\"url\":\"https:\\\/\\\/amina.is\\\/\",\"name\":\"Amina\",\"description\":\"Feeling is everything - Una\u00f0sv\u00f6rur fyrir alla\",\"publisher\":{\"@id\":\"https:\\\/\\\/amina.is\\\/#organization\"},\"potentialAction\":[{\"@type\":\"SearchAction\",\"target\":{\"@type\":\"EntryPoint\",\"urlTemplate\":\"https:\\\/\\\/amina.is\\\/?s={search_term_string}\"},\"query-input\":{\"@type\":\"PropertyValueSpecification\",\"valueRequired\":true,\"valueName\":\"search_term_string\"}}],\"inLanguage\":\"en-US\"},{\"@type\":\"Organization\",\"@id\":\"https:\\\/\\\/amina.is\\\/#organization\",\"name\":\"Amina\",\"url\":\"https:\\\/\\\/amina.is\\\/\",\"logo\":{\"@type\":\"ImageObject\",\"inLanguage\":\"en-US\",\"@id\":\"https:\\\/\\\/amina.is\\\/#\\\/schema\\\/logo\\\/image\\\/\",\"url\":\"https:\\\/\\\/amina.is\\\/wp-content\\\/uploads\\\/2021\\\/09\\\/logo.png\",\"contentUrl\":\"https:\\\/\\\/amina.is\\\/wp-content\\\/uploads\\\/2021\\\/09\\\/logo.png\",\"width\":1790,\"height\":464,\"caption\":\"Amina\"},\"image\":{\"@id\":\"https:\\\/\\\/amina.is\\\/#\\\/schema\\\/logo\\\/image\\\/\"},\"sameAs\":[\"https:\\\/\\\/m.facebook.com\\\/AMINA-100767148840241\\\/\",\"https:\\\/\\\/www.instagram.com\\\/aminaverslun\\\/\"]}]}<\/script>\n<!-- \/ Yoast SEO Premium plugin. -->","yoast_head_json":{"title":"Tom of Finland - XL Silicone Anal Plug &#8211; Amina","robots":{"index":"index","follow":"follow","max-snippet":"max-snippet:-1","max-image-preview":"max-image-preview:large","max-video-preview":"max-video-preview:-1"},"canonical":"https:\/\/amina.is\/en\/verslun\/fyrir-tha\/tom-of-finland\/tom-of-finland-xl-silicone-anal-plug\/","og_locale":"en_US","og_type":"article","og_title":"Tom of Finland - XL Silicone Anal Plug","og_description":"Anal plug fr\u00e1 Tom of Finland \u00ed XL st\u00e6r\u00f0.","og_url":"https:\/\/amina.is\/en\/verslun\/fyrir-tha\/tom-of-finland\/tom-of-finland-xl-silicone-anal-plug\/","og_site_name":"Amina","article_publisher":"https:\/\/m.facebook.com\/AMINA-100767148840241\/","article_modified_time":"2023-03-01T18:14:38+00:00","og_image":[{"width":1100,"height":1100,"url":"https:\/\/amina.is\/wp-content\/uploads\/2021\/04\/tof-plug-xl.jpg","type":"image\/jpeg"}],"twitter_card":"summary_large_image","schema":{"@context":"https:\/\/schema.org","@graph":[{"@type":"WebPage","@id":"https:\/\/amina.is\/verslun\/fyrir-tha\/tom-of-finland\/tom-of-finland-xl-silicone-anal-plug\/","url":"https:\/\/amina.is\/verslun\/fyrir-tha\/tom-of-finland\/tom-of-finland-xl-silicone-anal-plug\/","name":"Tom of Finland - XL Silicone Anal Plug &#8211; Amina","isPartOf":{"@id":"https:\/\/amina.is\/#website"},"primaryImageOfPage":{"@id":"https:\/\/amina.is\/verslun\/fyrir-tha\/tom-of-finland\/tom-of-finland-xl-silicone-anal-plug\/#primaryimage"},"image":{"@id":"https:\/\/amina.is\/verslun\/fyrir-tha\/tom-of-finland\/tom-of-finland-xl-silicone-anal-plug\/#primaryimage"},"thumbnailUrl":"https:\/\/amina.is\/wp-content\/uploads\/2021\/04\/tof-plug-xl.jpg","datePublished":"2021-04-27T20:26:08+00:00","dateModified":"2023-03-01T18:14:38+00:00","breadcrumb":{"@id":"https:\/\/amina.is\/verslun\/fyrir-tha\/tom-of-finland\/tom-of-finland-xl-silicone-anal-plug\/#breadcrumb"},"inLanguage":"en-US","potentialAction":[{"@type":"ReadAction","target":["https:\/\/amina.is\/verslun\/fyrir-tha\/tom-of-finland\/tom-of-finland-xl-silicone-anal-plug\/"]}]},{"@type":"ImageObject","inLanguage":"en-US","@id":"https:\/\/amina.is\/verslun\/fyrir-tha\/tom-of-finland\/tom-of-finland-xl-silicone-anal-plug\/#primaryimage","url":"https:\/\/amina.is\/wp-content\/uploads\/2021\/04\/tof-plug-xl.jpg","contentUrl":"https:\/\/amina.is\/wp-content\/uploads\/2021\/04\/tof-plug-xl.jpg","width":1100,"height":1100},{"@type":"BreadcrumbList","@id":"https:\/\/amina.is\/verslun\/fyrir-tha\/tom-of-finland\/tom-of-finland-xl-silicone-anal-plug\/#breadcrumb","itemListElement":[{"@type":"ListItem","position":1,"name":"Home","item":"https:\/\/amina.is\/"},{"@type":"ListItem","position":2,"name":"Verslun","item":"https:\/\/amina.is\/verslun\/"},{"@type":"ListItem","position":3,"name":"Tom of Finland &#8211; XL Silicone Anal Plug"}]},{"@type":"WebSite","@id":"https:\/\/amina.is\/#website","url":"https:\/\/amina.is\/","name":"Amina","description":"Feeling is everything - Una\u00f0sv\u00f6rur fyrir alla","publisher":{"@id":"https:\/\/amina.is\/#organization"},"potentialAction":[{"@type":"SearchAction","target":{"@type":"EntryPoint","urlTemplate":"https:\/\/amina.is\/?s={search_term_string}"},"query-input":{"@type":"PropertyValueSpecification","valueRequired":true,"valueName":"search_term_string"}}],"inLanguage":"en-US"},{"@type":"Organization","@id":"https:\/\/amina.is\/#organization","name":"Amina","url":"https:\/\/amina.is\/","logo":{"@type":"ImageObject","inLanguage":"en-US","@id":"https:\/\/amina.is\/#\/schema\/logo\/image\/","url":"https:\/\/amina.is\/wp-content\/uploads\/2021\/09\/logo.png","contentUrl":"https:\/\/amina.is\/wp-content\/uploads\/2021\/09\/logo.png","width":1790,"height":464,"caption":"Amina"},"image":{"@id":"https:\/\/amina.is\/#\/schema\/logo\/image\/"},"sameAs":["https:\/\/m.facebook.com\/AMINA-100767148840241\/","https:\/\/www.instagram.com\/aminaverslun\/"]}]}},"_links":{"self":[{"href":"https:\/\/amina.is\/en\/wp-json\/wp\/v2\/product\/6672","targetHints":{"allow":["GET"]}}],"collection":[{"href":"https:\/\/amina.is\/en\/wp-json\/wp\/v2\/product"}],"about":[{"href":"https:\/\/amina.is\/en\/wp-json\/wp\/v2\/types\/product"}],"version-history":[{"count":3,"href":"https:\/\/amina.is\/en\/wp-json\/wp\/v2\/product\/6672\/revisions"}],"predecessor-version":[{"id":8092,"href":"https:\/\/amina.is\/en\/wp-json\/wp\/v2\/product\/6672\/revisions\/8092"}],"wp:featuredmedia":[{"embeddable":true,"href":"https:\/\/amina.is\/en\/wp-json\/wp\/v2\/media\/8089"}],"wp:attachment":[{"href":"https:\/\/amina.is\/en\/wp-json\/wp\/v2\/media?parent=6672"}],"wp:term":[{"taxonomy":"product_brand","embeddable":true,"href":"https:\/\/amina.is\/en\/wp-json\/wp\/v2\/product_brand?post=6672"},{"taxonomy":"product_cat","embeddable":true,"href":"https:\/\/amina.is\/en\/wp-json\/wp\/v2\/product_cat?post=6672"},{"taxonomy":"product_tag","embeddable":true,"href":"https:\/\/amina.is\/en\/wp-json\/wp\/v2\/product_tag?post=6672"}],"curies":[{"name":"wp","href":"https:\/\/api.w.org\/{rel}","templated":true}]}}