{"id":6653,"date":"2021-04-27T19:05:10","date_gmt":"2021-04-27T19:05:10","guid":{"rendered":"http:\/\/amina.web14.vefold.is\/?post_type=product&#038;p=6653"},"modified":"2025-07-31T18:11:37","modified_gmt":"2025-07-31T18:11:37","slug":"tom-of-finland-enema-delivery-system","status":"publish","type":"product","link":"https:\/\/amina.is\/en\/verslun\/smur-verjur\/thrif\/tom-of-finland-enema-delivery-system\/","title":{"rendered":"Tom of Finland &#8211; Enema Delivery System"},"content":{"rendered":"<h5>Skol bla\u00f0ra fr\u00e1 Tom of Finland sem tekur 500ml. af v\u00f6kva. Hausinn er me\u00f0 5 g\u00f6tum sem gefa g\u00f3\u00f0a hreinsun \u00feegar sprauta\u00f0 er \u00far bl\u00f6\u00f0runni. Heildarh\u00e6\u00f0: 24cm. H\u00e6\u00f0 \u00e1 st\u00fat: 10cm. Brei\u00f0asti partur \u00e1 st\u00fat: 3cm.<\/h5>","protected":false},"excerpt":{"rendered":"<p>Skol bla\u00f0ra fr\u00e1 Tom of Finland sem tekur 500ml. af v\u00f6kva.<\/p>","protected":false},"featured_media":8042,"template":"","meta":{"inline_featured_image":false},"product_brand":[],"product_cat":[41,35,47,345,581,948],"product_tag":[427,429,263,428,430,373,306],"class_list":{"0":"post-6653","1":"product","2":"type-product","3":"status-publish","4":"has-post-thumbnail","6":"product_cat-fyrir-tha","7":"product_cat-rassinn","8":"product_cat-smur-verjur","9":"product_cat-tom-of-finland","10":"product_cat-thrif","11":"product_cat-thrif-rassinn","12":"product_tag-enema","13":"product_tag-hreingerning","14":"product_tag-rassinn","15":"product_tag-skol-bladra","16":"product_tag-sunnudagur","17":"product_tag-tom-of-finland","18":"product_tag-thrif","20":"first","21":"instock","22":"shipping-taxable","23":"purchasable","24":"product-type-simple"},"yoast_head":"<!-- This site is optimized with the Yoast SEO Premium plugin v21.6 (Yoast SEO v27.3) - https:\/\/yoast.com\/product\/yoast-seo-premium-wordpress\/ -->\n<title>Tom of Finland - Enema Delivery System &#8211; Amina<\/title>\n<meta name=\"robots\" content=\"index, follow, max-snippet:-1, max-image-preview:large, max-video-preview:-1\" \/>\n<link rel=\"canonical\" href=\"https:\/\/amina.is\/en\/verslun\/smur-verjur\/thrif\/tom-of-finland-enema-delivery-system\/\" \/>\n<meta property=\"og:locale\" content=\"en_US\" \/>\n<meta property=\"og:type\" content=\"article\" \/>\n<meta property=\"og:title\" content=\"Tom of Finland - Enema Delivery System\" \/>\n<meta property=\"og:description\" content=\"Skol bla\u00f0ra fr\u00e1 Tom of Finland sem tekur 500ml. af v\u00f6kva.\" \/>\n<meta property=\"og:url\" content=\"https:\/\/amina.is\/en\/verslun\/smur-verjur\/thrif\/tom-of-finland-enema-delivery-system\/\" \/>\n<meta property=\"og:site_name\" content=\"Amina\" \/>\n<meta property=\"article:publisher\" content=\"https:\/\/m.facebook.com\/AMINA-100767148840241\/\" \/>\n<meta property=\"article:modified_time\" content=\"2025-07-31T18:11:37+00:00\" \/>\n<meta property=\"og:image\" content=\"https:\/\/amina.is\/wp-content\/uploads\/2021\/04\/tof-enjpg.jpg\" \/>\n\t<meta property=\"og:image:width\" content=\"1200\" \/>\n\t<meta property=\"og:image:height\" content=\"1200\" \/>\n\t<meta property=\"og:image:type\" content=\"image\/jpeg\" \/>\n<meta name=\"twitter:card\" content=\"summary_large_image\" \/>\n<script type=\"application\/ld+json\" class=\"yoast-schema-graph\">{\"@context\":\"https:\\\/\\\/schema.org\",\"@graph\":[{\"@type\":\"WebPage\",\"@id\":\"https:\\\/\\\/amina.is\\\/verslun\\\/smur-verjur\\\/thrif\\\/tom-of-finland-enema-delivery-system\\\/\",\"url\":\"https:\\\/\\\/amina.is\\\/verslun\\\/smur-verjur\\\/thrif\\\/tom-of-finland-enema-delivery-system\\\/\",\"name\":\"Tom of Finland - Enema Delivery System &#8211; Amina\",\"isPartOf\":{\"@id\":\"https:\\\/\\\/amina.is\\\/#website\"},\"primaryImageOfPage\":{\"@id\":\"https:\\\/\\\/amina.is\\\/verslun\\\/smur-verjur\\\/thrif\\\/tom-of-finland-enema-delivery-system\\\/#primaryimage\"},\"image\":{\"@id\":\"https:\\\/\\\/amina.is\\\/verslun\\\/smur-verjur\\\/thrif\\\/tom-of-finland-enema-delivery-system\\\/#primaryimage\"},\"thumbnailUrl\":\"https:\\\/\\\/amina.is\\\/wp-content\\\/uploads\\\/2021\\\/04\\\/tof-enjpg.jpg\",\"datePublished\":\"2021-04-27T19:05:10+00:00\",\"dateModified\":\"2025-07-31T18:11:37+00:00\",\"breadcrumb\":{\"@id\":\"https:\\\/\\\/amina.is\\\/verslun\\\/smur-verjur\\\/thrif\\\/tom-of-finland-enema-delivery-system\\\/#breadcrumb\"},\"inLanguage\":\"en-US\",\"potentialAction\":[{\"@type\":\"ReadAction\",\"target\":[\"https:\\\/\\\/amina.is\\\/verslun\\\/smur-verjur\\\/thrif\\\/tom-of-finland-enema-delivery-system\\\/\"]}]},{\"@type\":\"ImageObject\",\"inLanguage\":\"en-US\",\"@id\":\"https:\\\/\\\/amina.is\\\/verslun\\\/smur-verjur\\\/thrif\\\/tom-of-finland-enema-delivery-system\\\/#primaryimage\",\"url\":\"https:\\\/\\\/amina.is\\\/wp-content\\\/uploads\\\/2021\\\/04\\\/tof-enjpg.jpg\",\"contentUrl\":\"https:\\\/\\\/amina.is\\\/wp-content\\\/uploads\\\/2021\\\/04\\\/tof-enjpg.jpg\",\"width\":1200,\"height\":1200},{\"@type\":\"BreadcrumbList\",\"@id\":\"https:\\\/\\\/amina.is\\\/verslun\\\/smur-verjur\\\/thrif\\\/tom-of-finland-enema-delivery-system\\\/#breadcrumb\",\"itemListElement\":[{\"@type\":\"ListItem\",\"position\":1,\"name\":\"Home\",\"item\":\"https:\\\/\\\/amina.is\\\/\"},{\"@type\":\"ListItem\",\"position\":2,\"name\":\"Verslun\",\"item\":\"https:\\\/\\\/amina.is\\\/verslun\\\/\"},{\"@type\":\"ListItem\",\"position\":3,\"name\":\"Tom of Finland &#8211; Enema Delivery System\"}]},{\"@type\":\"WebSite\",\"@id\":\"https:\\\/\\\/amina.is\\\/#website\",\"url\":\"https:\\\/\\\/amina.is\\\/\",\"name\":\"Amina\",\"description\":\"Feeling is everything - Una\u00f0sv\u00f6rur fyrir alla\",\"publisher\":{\"@id\":\"https:\\\/\\\/amina.is\\\/#organization\"},\"potentialAction\":[{\"@type\":\"SearchAction\",\"target\":{\"@type\":\"EntryPoint\",\"urlTemplate\":\"https:\\\/\\\/amina.is\\\/?s={search_term_string}\"},\"query-input\":{\"@type\":\"PropertyValueSpecification\",\"valueRequired\":true,\"valueName\":\"search_term_string\"}}],\"inLanguage\":\"en-US\"},{\"@type\":\"Organization\",\"@id\":\"https:\\\/\\\/amina.is\\\/#organization\",\"name\":\"Amina\",\"url\":\"https:\\\/\\\/amina.is\\\/\",\"logo\":{\"@type\":\"ImageObject\",\"inLanguage\":\"en-US\",\"@id\":\"https:\\\/\\\/amina.is\\\/#\\\/schema\\\/logo\\\/image\\\/\",\"url\":\"https:\\\/\\\/amina.is\\\/wp-content\\\/uploads\\\/2021\\\/09\\\/logo.png\",\"contentUrl\":\"https:\\\/\\\/amina.is\\\/wp-content\\\/uploads\\\/2021\\\/09\\\/logo.png\",\"width\":1790,\"height\":464,\"caption\":\"Amina\"},\"image\":{\"@id\":\"https:\\\/\\\/amina.is\\\/#\\\/schema\\\/logo\\\/image\\\/\"},\"sameAs\":[\"https:\\\/\\\/m.facebook.com\\\/AMINA-100767148840241\\\/\",\"https:\\\/\\\/www.instagram.com\\\/aminaverslun\\\/\"]}]}<\/script>\n<!-- \/ Yoast SEO Premium plugin. -->","yoast_head_json":{"title":"Tom of Finland - Enema Delivery System &#8211; Amina","robots":{"index":"index","follow":"follow","max-snippet":"max-snippet:-1","max-image-preview":"max-image-preview:large","max-video-preview":"max-video-preview:-1"},"canonical":"https:\/\/amina.is\/en\/verslun\/smur-verjur\/thrif\/tom-of-finland-enema-delivery-system\/","og_locale":"en_US","og_type":"article","og_title":"Tom of Finland - Enema Delivery System","og_description":"Skol bla\u00f0ra fr\u00e1 Tom of Finland sem tekur 500ml. af v\u00f6kva.","og_url":"https:\/\/amina.is\/en\/verslun\/smur-verjur\/thrif\/tom-of-finland-enema-delivery-system\/","og_site_name":"Amina","article_publisher":"https:\/\/m.facebook.com\/AMINA-100767148840241\/","article_modified_time":"2025-07-31T18:11:37+00:00","og_image":[{"width":1200,"height":1200,"url":"https:\/\/amina.is\/wp-content\/uploads\/2021\/04\/tof-enjpg.jpg","type":"image\/jpeg"}],"twitter_card":"summary_large_image","schema":{"@context":"https:\/\/schema.org","@graph":[{"@type":"WebPage","@id":"https:\/\/amina.is\/verslun\/smur-verjur\/thrif\/tom-of-finland-enema-delivery-system\/","url":"https:\/\/amina.is\/verslun\/smur-verjur\/thrif\/tom-of-finland-enema-delivery-system\/","name":"Tom of Finland - Enema Delivery System &#8211; Amina","isPartOf":{"@id":"https:\/\/amina.is\/#website"},"primaryImageOfPage":{"@id":"https:\/\/amina.is\/verslun\/smur-verjur\/thrif\/tom-of-finland-enema-delivery-system\/#primaryimage"},"image":{"@id":"https:\/\/amina.is\/verslun\/smur-verjur\/thrif\/tom-of-finland-enema-delivery-system\/#primaryimage"},"thumbnailUrl":"https:\/\/amina.is\/wp-content\/uploads\/2021\/04\/tof-enjpg.jpg","datePublished":"2021-04-27T19:05:10+00:00","dateModified":"2025-07-31T18:11:37+00:00","breadcrumb":{"@id":"https:\/\/amina.is\/verslun\/smur-verjur\/thrif\/tom-of-finland-enema-delivery-system\/#breadcrumb"},"inLanguage":"en-US","potentialAction":[{"@type":"ReadAction","target":["https:\/\/amina.is\/verslun\/smur-verjur\/thrif\/tom-of-finland-enema-delivery-system\/"]}]},{"@type":"ImageObject","inLanguage":"en-US","@id":"https:\/\/amina.is\/verslun\/smur-verjur\/thrif\/tom-of-finland-enema-delivery-system\/#primaryimage","url":"https:\/\/amina.is\/wp-content\/uploads\/2021\/04\/tof-enjpg.jpg","contentUrl":"https:\/\/amina.is\/wp-content\/uploads\/2021\/04\/tof-enjpg.jpg","width":1200,"height":1200},{"@type":"BreadcrumbList","@id":"https:\/\/amina.is\/verslun\/smur-verjur\/thrif\/tom-of-finland-enema-delivery-system\/#breadcrumb","itemListElement":[{"@type":"ListItem","position":1,"name":"Home","item":"https:\/\/amina.is\/"},{"@type":"ListItem","position":2,"name":"Verslun","item":"https:\/\/amina.is\/verslun\/"},{"@type":"ListItem","position":3,"name":"Tom of Finland &#8211; Enema Delivery System"}]},{"@type":"WebSite","@id":"https:\/\/amina.is\/#website","url":"https:\/\/amina.is\/","name":"Amina","description":"Feeling is everything - Una\u00f0sv\u00f6rur fyrir alla","publisher":{"@id":"https:\/\/amina.is\/#organization"},"potentialAction":[{"@type":"SearchAction","target":{"@type":"EntryPoint","urlTemplate":"https:\/\/amina.is\/?s={search_term_string}"},"query-input":{"@type":"PropertyValueSpecification","valueRequired":true,"valueName":"search_term_string"}}],"inLanguage":"en-US"},{"@type":"Organization","@id":"https:\/\/amina.is\/#organization","name":"Amina","url":"https:\/\/amina.is\/","logo":{"@type":"ImageObject","inLanguage":"en-US","@id":"https:\/\/amina.is\/#\/schema\/logo\/image\/","url":"https:\/\/amina.is\/wp-content\/uploads\/2021\/09\/logo.png","contentUrl":"https:\/\/amina.is\/wp-content\/uploads\/2021\/09\/logo.png","width":1790,"height":464,"caption":"Amina"},"image":{"@id":"https:\/\/amina.is\/#\/schema\/logo\/image\/"},"sameAs":["https:\/\/m.facebook.com\/AMINA-100767148840241\/","https:\/\/www.instagram.com\/aminaverslun\/"]}]}},"_links":{"self":[{"href":"https:\/\/amina.is\/en\/wp-json\/wp\/v2\/product\/6653","targetHints":{"allow":["GET"]}}],"collection":[{"href":"https:\/\/amina.is\/en\/wp-json\/wp\/v2\/product"}],"about":[{"href":"https:\/\/amina.is\/en\/wp-json\/wp\/v2\/types\/product"}],"version-history":[{"count":3,"href":"https:\/\/amina.is\/en\/wp-json\/wp\/v2\/product\/6653\/revisions"}],"predecessor-version":[{"id":8043,"href":"https:\/\/amina.is\/en\/wp-json\/wp\/v2\/product\/6653\/revisions\/8043"}],"wp:featuredmedia":[{"embeddable":true,"href":"https:\/\/amina.is\/en\/wp-json\/wp\/v2\/media\/8042"}],"wp:attachment":[{"href":"https:\/\/amina.is\/en\/wp-json\/wp\/v2\/media?parent=6653"}],"wp:term":[{"taxonomy":"product_brand","embeddable":true,"href":"https:\/\/amina.is\/en\/wp-json\/wp\/v2\/product_brand?post=6653"},{"taxonomy":"product_cat","embeddable":true,"href":"https:\/\/amina.is\/en\/wp-json\/wp\/v2\/product_cat?post=6653"},{"taxonomy":"product_tag","embeddable":true,"href":"https:\/\/amina.is\/en\/wp-json\/wp\/v2\/product_tag?post=6653"}],"curies":[{"name":"wp","href":"https:\/\/api.w.org\/{rel}","templated":true}]}}