{"id":6644,"date":"2021-04-26T20:09:11","date_gmt":"2021-04-26T20:09:11","guid":{"rendered":"http:\/\/amina.web14.vefold.is\/?post_type=product&#038;p=6644"},"modified":"2026-02-02T12:38:35","modified_gmt":"2026-02-02T12:38:35","slug":"master-series-silicone-suction-nipple-suckers","status":"publish","type":"product","link":"https:\/\/amina.is\/en\/verslun\/fyrir-thau\/notaahana\/master-series-silicone-suction-nipple-suckers\/","title":{"rendered":"Master Series &#8211; Silicone Suction Nipple Suckers"},"content":{"rendered":"<h5>\u00deessar eru ekkert a\u00f0 gr\u00ednast! \u00d6flugar geirv\u00f6rtusugur sem vinna \u00e1 st\u00e6rra sv\u00e6\u00f0i en margar a\u00f0rar ger\u00f0ir og mynda \u00fe\u00e9tt og \u00f6flugt sog sem \u00f6rvar bl\u00f3\u00f0fl\u00e6\u00f0i\u00f0 \u00ed geirv\u00f6rtunum. Fyrir s\u00e9rstaklega \u00fe\u00e9tt sog m\u00e6lum vi\u00f0 me\u00f0 a\u00f0 nota \u00f6rl\u00edti\u00f0 vatnssleipiefni.<\/h5>\n<h5>Heildarumm\u00e1l: 6,3cm. Heildarh\u00e6\u00f0: 4,4cm. Op \u00e1 sogsk\u00e1lum: 4cm. D\u00fdpt inni \u00ed sk\u00e1lum: 1,9cm.<\/h5>\n<p>&nbsp;<\/p>\n<p>&nbsp;<\/p>","protected":false},"excerpt":{"rendered":"<p>\u00d6flugar geirv\u00f6rtusugur sem vinna \u00e1 st\u00e6rra sv\u00e6\u00f0i en margar a\u00f0rar ger\u00f0ir og mynda \u00fe\u00e9tt og \u00f6flugt sog.<\/p>","protected":false},"featured_media":7887,"template":"","meta":{"inline_featured_image":false},"product_brand":[],"product_cat":[36,42,43,912,900],"product_tag":[324,337,423,310,421,371,422],"class_list":{"0":"post-6644","1":"product","2":"type-product","3":"status-publish","4":"has-post-thumbnail","6":"product_cat-blaeti","7":"product_cat-fyrir-thaer","8":"product_cat-fyrir-thau","9":"product_cat-geirvortur","10":"product_cat-notaahana","11":"product_tag-blaeti","12":"product_tag-fetish","13":"product_tag-geirvortur","14":"product_tag-master-series","15":"product_tag-nipple-play","16":"product_tag-nipples","17":"product_tag-suckers","19":"first","20":"outofstock","21":"shipping-taxable","22":"purchasable","23":"product-type-simple"},"yoast_head":"<!-- This site is optimized with the Yoast SEO Premium plugin v21.6 (Yoast SEO v27.3) - https:\/\/yoast.com\/product\/yoast-seo-premium-wordpress\/ -->\n<title>Master Series - Silicone Suction Nipple Suckers &#8211; Amina<\/title>\n<meta name=\"robots\" content=\"index, follow, max-snippet:-1, max-image-preview:large, max-video-preview:-1\" \/>\n<link rel=\"canonical\" href=\"https:\/\/amina.is\/en\/verslun\/fyrir-thau\/notaahana\/master-series-silicone-suction-nipple-suckers\/\" \/>\n<meta property=\"og:locale\" content=\"en_US\" \/>\n<meta property=\"og:type\" content=\"article\" \/>\n<meta property=\"og:title\" content=\"Master Series - Silicone Suction Nipple Suckers\" \/>\n<meta property=\"og:description\" content=\"\u00d6flugar geirv\u00f6rtusugur sem vinna \u00e1 st\u00e6rra sv\u00e6\u00f0i en margar a\u00f0rar ger\u00f0ir og mynda \u00fe\u00e9tt og \u00f6flugt sog.\" \/>\n<meta property=\"og:url\" content=\"https:\/\/amina.is\/en\/verslun\/fyrir-thau\/notaahana\/master-series-silicone-suction-nipple-suckers\/\" \/>\n<meta property=\"og:site_name\" content=\"Amina\" \/>\n<meta property=\"article:publisher\" content=\"https:\/\/m.facebook.com\/AMINA-100767148840241\/\" \/>\n<meta property=\"article:modified_time\" content=\"2026-02-02T12:38:35+00:00\" \/>\n<meta property=\"og:image\" content=\"https:\/\/amina.is\/wp-content\/uploads\/2021\/04\/nipple.jpg\" \/>\n\t<meta property=\"og:image:width\" content=\"1000\" \/>\n\t<meta property=\"og:image:height\" content=\"1000\" \/>\n\t<meta property=\"og:image:type\" content=\"image\/jpeg\" \/>\n<meta name=\"twitter:card\" content=\"summary_large_image\" \/>\n<script type=\"application\/ld+json\" class=\"yoast-schema-graph\">{\"@context\":\"https:\\\/\\\/schema.org\",\"@graph\":[{\"@type\":\"WebPage\",\"@id\":\"https:\\\/\\\/amina.is\\\/verslun\\\/fyrir-thau\\\/notaahana\\\/master-series-silicone-suction-nipple-suckers\\\/\",\"url\":\"https:\\\/\\\/amina.is\\\/verslun\\\/fyrir-thau\\\/notaahana\\\/master-series-silicone-suction-nipple-suckers\\\/\",\"name\":\"Master Series - Silicone Suction Nipple Suckers &#8211; Amina\",\"isPartOf\":{\"@id\":\"https:\\\/\\\/amina.is\\\/#website\"},\"primaryImageOfPage\":{\"@id\":\"https:\\\/\\\/amina.is\\\/verslun\\\/fyrir-thau\\\/notaahana\\\/master-series-silicone-suction-nipple-suckers\\\/#primaryimage\"},\"image\":{\"@id\":\"https:\\\/\\\/amina.is\\\/verslun\\\/fyrir-thau\\\/notaahana\\\/master-series-silicone-suction-nipple-suckers\\\/#primaryimage\"},\"thumbnailUrl\":\"https:\\\/\\\/amina.is\\\/wp-content\\\/uploads\\\/2021\\\/04\\\/nipple.jpg\",\"datePublished\":\"2021-04-26T20:09:11+00:00\",\"dateModified\":\"2026-02-02T12:38:35+00:00\",\"breadcrumb\":{\"@id\":\"https:\\\/\\\/amina.is\\\/verslun\\\/fyrir-thau\\\/notaahana\\\/master-series-silicone-suction-nipple-suckers\\\/#breadcrumb\"},\"inLanguage\":\"en-US\",\"potentialAction\":[{\"@type\":\"ReadAction\",\"target\":[\"https:\\\/\\\/amina.is\\\/verslun\\\/fyrir-thau\\\/notaahana\\\/master-series-silicone-suction-nipple-suckers\\\/\"]}]},{\"@type\":\"ImageObject\",\"inLanguage\":\"en-US\",\"@id\":\"https:\\\/\\\/amina.is\\\/verslun\\\/fyrir-thau\\\/notaahana\\\/master-series-silicone-suction-nipple-suckers\\\/#primaryimage\",\"url\":\"https:\\\/\\\/amina.is\\\/wp-content\\\/uploads\\\/2021\\\/04\\\/nipple.jpg\",\"contentUrl\":\"https:\\\/\\\/amina.is\\\/wp-content\\\/uploads\\\/2021\\\/04\\\/nipple.jpg\",\"width\":1000,\"height\":1000},{\"@type\":\"BreadcrumbList\",\"@id\":\"https:\\\/\\\/amina.is\\\/verslun\\\/fyrir-thau\\\/notaahana\\\/master-series-silicone-suction-nipple-suckers\\\/#breadcrumb\",\"itemListElement\":[{\"@type\":\"ListItem\",\"position\":1,\"name\":\"Home\",\"item\":\"https:\\\/\\\/amina.is\\\/\"},{\"@type\":\"ListItem\",\"position\":2,\"name\":\"Verslun\",\"item\":\"https:\\\/\\\/amina.is\\\/verslun\\\/\"},{\"@type\":\"ListItem\",\"position\":3,\"name\":\"Master Series &#8211; Silicone Suction Nipple Suckers\"}]},{\"@type\":\"WebSite\",\"@id\":\"https:\\\/\\\/amina.is\\\/#website\",\"url\":\"https:\\\/\\\/amina.is\\\/\",\"name\":\"Amina\",\"description\":\"Feeling is everything - Una\u00f0sv\u00f6rur fyrir alla\",\"publisher\":{\"@id\":\"https:\\\/\\\/amina.is\\\/#organization\"},\"potentialAction\":[{\"@type\":\"SearchAction\",\"target\":{\"@type\":\"EntryPoint\",\"urlTemplate\":\"https:\\\/\\\/amina.is\\\/?s={search_term_string}\"},\"query-input\":{\"@type\":\"PropertyValueSpecification\",\"valueRequired\":true,\"valueName\":\"search_term_string\"}}],\"inLanguage\":\"en-US\"},{\"@type\":\"Organization\",\"@id\":\"https:\\\/\\\/amina.is\\\/#organization\",\"name\":\"Amina\",\"url\":\"https:\\\/\\\/amina.is\\\/\",\"logo\":{\"@type\":\"ImageObject\",\"inLanguage\":\"en-US\",\"@id\":\"https:\\\/\\\/amina.is\\\/#\\\/schema\\\/logo\\\/image\\\/\",\"url\":\"https:\\\/\\\/amina.is\\\/wp-content\\\/uploads\\\/2021\\\/09\\\/logo.png\",\"contentUrl\":\"https:\\\/\\\/amina.is\\\/wp-content\\\/uploads\\\/2021\\\/09\\\/logo.png\",\"width\":1790,\"height\":464,\"caption\":\"Amina\"},\"image\":{\"@id\":\"https:\\\/\\\/amina.is\\\/#\\\/schema\\\/logo\\\/image\\\/\"},\"sameAs\":[\"https:\\\/\\\/m.facebook.com\\\/AMINA-100767148840241\\\/\",\"https:\\\/\\\/www.instagram.com\\\/aminaverslun\\\/\"]}]}<\/script>\n<!-- \/ Yoast SEO Premium plugin. -->","yoast_head_json":{"title":"Master Series - Silicone Suction Nipple Suckers &#8211; Amina","robots":{"index":"index","follow":"follow","max-snippet":"max-snippet:-1","max-image-preview":"max-image-preview:large","max-video-preview":"max-video-preview:-1"},"canonical":"https:\/\/amina.is\/en\/verslun\/fyrir-thau\/notaahana\/master-series-silicone-suction-nipple-suckers\/","og_locale":"en_US","og_type":"article","og_title":"Master Series - Silicone Suction Nipple Suckers","og_description":"\u00d6flugar geirv\u00f6rtusugur sem vinna \u00e1 st\u00e6rra sv\u00e6\u00f0i en margar a\u00f0rar ger\u00f0ir og mynda \u00fe\u00e9tt og \u00f6flugt sog.","og_url":"https:\/\/amina.is\/en\/verslun\/fyrir-thau\/notaahana\/master-series-silicone-suction-nipple-suckers\/","og_site_name":"Amina","article_publisher":"https:\/\/m.facebook.com\/AMINA-100767148840241\/","article_modified_time":"2026-02-02T12:38:35+00:00","og_image":[{"width":1000,"height":1000,"url":"https:\/\/amina.is\/wp-content\/uploads\/2021\/04\/nipple.jpg","type":"image\/jpeg"}],"twitter_card":"summary_large_image","schema":{"@context":"https:\/\/schema.org","@graph":[{"@type":"WebPage","@id":"https:\/\/amina.is\/verslun\/fyrir-thau\/notaahana\/master-series-silicone-suction-nipple-suckers\/","url":"https:\/\/amina.is\/verslun\/fyrir-thau\/notaahana\/master-series-silicone-suction-nipple-suckers\/","name":"Master Series - Silicone Suction Nipple Suckers &#8211; Amina","isPartOf":{"@id":"https:\/\/amina.is\/#website"},"primaryImageOfPage":{"@id":"https:\/\/amina.is\/verslun\/fyrir-thau\/notaahana\/master-series-silicone-suction-nipple-suckers\/#primaryimage"},"image":{"@id":"https:\/\/amina.is\/verslun\/fyrir-thau\/notaahana\/master-series-silicone-suction-nipple-suckers\/#primaryimage"},"thumbnailUrl":"https:\/\/amina.is\/wp-content\/uploads\/2021\/04\/nipple.jpg","datePublished":"2021-04-26T20:09:11+00:00","dateModified":"2026-02-02T12:38:35+00:00","breadcrumb":{"@id":"https:\/\/amina.is\/verslun\/fyrir-thau\/notaahana\/master-series-silicone-suction-nipple-suckers\/#breadcrumb"},"inLanguage":"en-US","potentialAction":[{"@type":"ReadAction","target":["https:\/\/amina.is\/verslun\/fyrir-thau\/notaahana\/master-series-silicone-suction-nipple-suckers\/"]}]},{"@type":"ImageObject","inLanguage":"en-US","@id":"https:\/\/amina.is\/verslun\/fyrir-thau\/notaahana\/master-series-silicone-suction-nipple-suckers\/#primaryimage","url":"https:\/\/amina.is\/wp-content\/uploads\/2021\/04\/nipple.jpg","contentUrl":"https:\/\/amina.is\/wp-content\/uploads\/2021\/04\/nipple.jpg","width":1000,"height":1000},{"@type":"BreadcrumbList","@id":"https:\/\/amina.is\/verslun\/fyrir-thau\/notaahana\/master-series-silicone-suction-nipple-suckers\/#breadcrumb","itemListElement":[{"@type":"ListItem","position":1,"name":"Home","item":"https:\/\/amina.is\/"},{"@type":"ListItem","position":2,"name":"Verslun","item":"https:\/\/amina.is\/verslun\/"},{"@type":"ListItem","position":3,"name":"Master Series &#8211; Silicone Suction Nipple Suckers"}]},{"@type":"WebSite","@id":"https:\/\/amina.is\/#website","url":"https:\/\/amina.is\/","name":"Amina","description":"Feeling is everything - Una\u00f0sv\u00f6rur fyrir alla","publisher":{"@id":"https:\/\/amina.is\/#organization"},"potentialAction":[{"@type":"SearchAction","target":{"@type":"EntryPoint","urlTemplate":"https:\/\/amina.is\/?s={search_term_string}"},"query-input":{"@type":"PropertyValueSpecification","valueRequired":true,"valueName":"search_term_string"}}],"inLanguage":"en-US"},{"@type":"Organization","@id":"https:\/\/amina.is\/#organization","name":"Amina","url":"https:\/\/amina.is\/","logo":{"@type":"ImageObject","inLanguage":"en-US","@id":"https:\/\/amina.is\/#\/schema\/logo\/image\/","url":"https:\/\/amina.is\/wp-content\/uploads\/2021\/09\/logo.png","contentUrl":"https:\/\/amina.is\/wp-content\/uploads\/2021\/09\/logo.png","width":1790,"height":464,"caption":"Amina"},"image":{"@id":"https:\/\/amina.is\/#\/schema\/logo\/image\/"},"sameAs":["https:\/\/m.facebook.com\/AMINA-100767148840241\/","https:\/\/www.instagram.com\/aminaverslun\/"]}]}},"_links":{"self":[{"href":"https:\/\/amina.is\/en\/wp-json\/wp\/v2\/product\/6644","targetHints":{"allow":["GET"]}}],"collection":[{"href":"https:\/\/amina.is\/en\/wp-json\/wp\/v2\/product"}],"about":[{"href":"https:\/\/amina.is\/en\/wp-json\/wp\/v2\/types\/product"}],"version-history":[{"count":3,"href":"https:\/\/amina.is\/en\/wp-json\/wp\/v2\/product\/6644\/revisions"}],"predecessor-version":[{"id":7888,"href":"https:\/\/amina.is\/en\/wp-json\/wp\/v2\/product\/6644\/revisions\/7888"}],"wp:featuredmedia":[{"embeddable":true,"href":"https:\/\/amina.is\/en\/wp-json\/wp\/v2\/media\/7887"}],"wp:attachment":[{"href":"https:\/\/amina.is\/en\/wp-json\/wp\/v2\/media?parent=6644"}],"wp:term":[{"taxonomy":"product_brand","embeddable":true,"href":"https:\/\/amina.is\/en\/wp-json\/wp\/v2\/product_brand?post=6644"},{"taxonomy":"product_cat","embeddable":true,"href":"https:\/\/amina.is\/en\/wp-json\/wp\/v2\/product_cat?post=6644"},{"taxonomy":"product_tag","embeddable":true,"href":"https:\/\/amina.is\/en\/wp-json\/wp\/v2\/product_tag?post=6644"}],"curies":[{"name":"wp","href":"https:\/\/api.w.org\/{rel}","templated":true}]}}