{"id":6638,"date":"2021-04-24T20:21:10","date_gmt":"2021-04-24T20:21:10","guid":{"rendered":"http:\/\/amina.web14.vefold.is\/?post_type=product&#038;p=6638"},"modified":"2026-02-17T21:00:39","modified_gmt":"2026-02-17T21:00:39","slug":"raging-cockstars-just-bang-jack-8-5-inch-realistic-dildo","status":"publish","type":"product","link":"https:\/\/amina.is\/en\/verslun\/pikan\/gervilimir\/raging-cockstars-just-bang-jack-8-5-inch-realistic-dildo\/","title":{"rendered":"Raging Cockstars &#8211; Just Bang Jack 27,3cm Realistic Dildo (22cm usable)"},"content":{"rendered":"<h5>Jack er ekki bara s\u00e6tur hann er l\u00edka einstaklega vel vaxinn ni\u00f0ur. Jack er extra har\u00f0ur, mj\u00f6g raunverulegur og alltaf til. Gerist ekki betra. Kemur me\u00f0 sogsk\u00e1l en er l\u00edka noth\u00e6fur me\u00f0 harnessi. Heildarlengd: 27,3cm. Innsetjanleg lengd: 22cm. \u00deykkt: 4,4cm.<\/h5>","protected":false},"excerpt":{"rendered":"<p>Jack er ekki bara s\u00e6tur hann er l\u00edka einstaklega vel vaxinn ni\u00f0ur.<\/p>","protected":false},"featured_media":11597,"template":"","meta":{"inline_featured_image":false},"product_brand":[],"product_cat":[41,43,884,906,44,35],"product_tag":[415,382,362,417,279,411,263,264,416,383,56],"class_list":{"0":"post-6638","1":"product","2":"type-product","3":"status-publish","4":"has-post-thumbnail","6":"product_cat-fyrir-tha","7":"product_cat-fyrir-thau","8":"product_cat-gervilimir","9":"product_cat-gervilimirogegg","10":"product_cat-pikan","11":"product_cat-rassinn","12":"product_tag-big","13":"product_tag-big-cock","14":"product_tag-dildo","15":"product_tag-jack","16":"product_tag-pikan","17":"product_tag-raging-cockstars","18":"product_tag-rassinn","19":"product_tag-skopin","20":"product_tag-stor","21":"product_tag-stort-typpi","22":"product_tag-vagina","24":"first","25":"instock","26":"shipping-taxable","27":"purchasable","28":"product-type-simple"},"yoast_head":"<!-- This site is optimized with the Yoast SEO Premium plugin v21.6 (Yoast SEO v27.3) - https:\/\/yoast.com\/product\/yoast-seo-premium-wordpress\/ -->\n<title>Raging Cockstars - Just Bang Jack 27,3cm Realistic Dildo (22cm usable) &#8211; Amina<\/title>\n<meta name=\"robots\" content=\"index, follow, max-snippet:-1, max-image-preview:large, max-video-preview:-1\" \/>\n<link rel=\"canonical\" href=\"https:\/\/amina.is\/en\/verslun\/pikan\/gervilimir\/raging-cockstars-just-bang-jack-8-5-inch-realistic-dildo\/\" \/>\n<meta property=\"og:locale\" content=\"en_US\" \/>\n<meta property=\"og:type\" content=\"article\" \/>\n<meta property=\"og:title\" content=\"Raging Cockstars - Just Bang Jack 27,3cm Realistic Dildo (22cm usable)\" \/>\n<meta property=\"og:description\" content=\"Jack er ekki bara s\u00e6tur hann er l\u00edka einstaklega vel vaxinn ni\u00f0ur.\" \/>\n<meta property=\"og:url\" content=\"https:\/\/amina.is\/en\/verslun\/pikan\/gervilimir\/raging-cockstars-just-bang-jack-8-5-inch-realistic-dildo\/\" \/>\n<meta property=\"og:site_name\" content=\"Amina\" \/>\n<meta property=\"article:publisher\" content=\"https:\/\/m.facebook.com\/AMINA-100767148840241\/\" \/>\n<meta property=\"article:modified_time\" content=\"2026-02-17T21:00:39+00:00\" \/>\n<meta property=\"og:image\" content=\"https:\/\/amina.is\/wp-content\/uploads\/2021\/04\/AMINA-vorumyndir-hvitur-bakgrunnur.jpg\" \/>\n\t<meta property=\"og:image:width\" content=\"1080\" \/>\n\t<meta property=\"og:image:height\" content=\"1080\" \/>\n\t<meta property=\"og:image:type\" content=\"image\/jpeg\" \/>\n<meta name=\"twitter:card\" content=\"summary_large_image\" \/>\n<meta name=\"twitter:label1\" content=\"Est. reading time\" \/>\n\t<meta name=\"twitter:data1\" content=\"1 minute\" \/>\n<script type=\"application\/ld+json\" class=\"yoast-schema-graph\">{\"@context\":\"https:\\\/\\\/schema.org\",\"@graph\":[{\"@type\":\"WebPage\",\"@id\":\"https:\\\/\\\/amina.is\\\/verslun\\\/pikan\\\/gervilimir\\\/raging-cockstars-just-bang-jack-8-5-inch-realistic-dildo\\\/\",\"url\":\"https:\\\/\\\/amina.is\\\/verslun\\\/pikan\\\/gervilimir\\\/raging-cockstars-just-bang-jack-8-5-inch-realistic-dildo\\\/\",\"name\":\"Raging Cockstars - Just Bang Jack 27,3cm Realistic Dildo (22cm usable) &#8211; Amina\",\"isPartOf\":{\"@id\":\"https:\\\/\\\/amina.is\\\/#website\"},\"primaryImageOfPage\":{\"@id\":\"https:\\\/\\\/amina.is\\\/verslun\\\/pikan\\\/gervilimir\\\/raging-cockstars-just-bang-jack-8-5-inch-realistic-dildo\\\/#primaryimage\"},\"image\":{\"@id\":\"https:\\\/\\\/amina.is\\\/verslun\\\/pikan\\\/gervilimir\\\/raging-cockstars-just-bang-jack-8-5-inch-realistic-dildo\\\/#primaryimage\"},\"thumbnailUrl\":\"https:\\\/\\\/amina.is\\\/wp-content\\\/uploads\\\/2021\\\/04\\\/AMINA-vorumyndir-hvitur-bakgrunnur.jpg\",\"datePublished\":\"2021-04-24T20:21:10+00:00\",\"dateModified\":\"2026-02-17T21:00:39+00:00\",\"breadcrumb\":{\"@id\":\"https:\\\/\\\/amina.is\\\/verslun\\\/pikan\\\/gervilimir\\\/raging-cockstars-just-bang-jack-8-5-inch-realistic-dildo\\\/#breadcrumb\"},\"inLanguage\":\"en-US\",\"potentialAction\":[{\"@type\":\"ReadAction\",\"target\":[\"https:\\\/\\\/amina.is\\\/verslun\\\/pikan\\\/gervilimir\\\/raging-cockstars-just-bang-jack-8-5-inch-realistic-dildo\\\/\"]}]},{\"@type\":\"ImageObject\",\"inLanguage\":\"en-US\",\"@id\":\"https:\\\/\\\/amina.is\\\/verslun\\\/pikan\\\/gervilimir\\\/raging-cockstars-just-bang-jack-8-5-inch-realistic-dildo\\\/#primaryimage\",\"url\":\"https:\\\/\\\/amina.is\\\/wp-content\\\/uploads\\\/2021\\\/04\\\/AMINA-vorumyndir-hvitur-bakgrunnur.jpg\",\"contentUrl\":\"https:\\\/\\\/amina.is\\\/wp-content\\\/uploads\\\/2021\\\/04\\\/AMINA-vorumyndir-hvitur-bakgrunnur.jpg\",\"width\":1080,\"height\":1080},{\"@type\":\"BreadcrumbList\",\"@id\":\"https:\\\/\\\/amina.is\\\/verslun\\\/pikan\\\/gervilimir\\\/raging-cockstars-just-bang-jack-8-5-inch-realistic-dildo\\\/#breadcrumb\",\"itemListElement\":[{\"@type\":\"ListItem\",\"position\":1,\"name\":\"Home\",\"item\":\"https:\\\/\\\/amina.is\\\/\"},{\"@type\":\"ListItem\",\"position\":2,\"name\":\"Verslun\",\"item\":\"https:\\\/\\\/amina.is\\\/verslun\\\/\"},{\"@type\":\"ListItem\",\"position\":3,\"name\":\"Raging Cockstars &#8211; Just Bang Jack 27,3cm Realistic Dildo (22cm usable)\"}]},{\"@type\":\"WebSite\",\"@id\":\"https:\\\/\\\/amina.is\\\/#website\",\"url\":\"https:\\\/\\\/amina.is\\\/\",\"name\":\"Amina\",\"description\":\"Feeling is everything - Una\u00f0sv\u00f6rur fyrir alla\",\"publisher\":{\"@id\":\"https:\\\/\\\/amina.is\\\/#organization\"},\"potentialAction\":[{\"@type\":\"SearchAction\",\"target\":{\"@type\":\"EntryPoint\",\"urlTemplate\":\"https:\\\/\\\/amina.is\\\/?s={search_term_string}\"},\"query-input\":{\"@type\":\"PropertyValueSpecification\",\"valueRequired\":true,\"valueName\":\"search_term_string\"}}],\"inLanguage\":\"en-US\"},{\"@type\":\"Organization\",\"@id\":\"https:\\\/\\\/amina.is\\\/#organization\",\"name\":\"Amina\",\"url\":\"https:\\\/\\\/amina.is\\\/\",\"logo\":{\"@type\":\"ImageObject\",\"inLanguage\":\"en-US\",\"@id\":\"https:\\\/\\\/amina.is\\\/#\\\/schema\\\/logo\\\/image\\\/\",\"url\":\"https:\\\/\\\/amina.is\\\/wp-content\\\/uploads\\\/2021\\\/09\\\/logo.png\",\"contentUrl\":\"https:\\\/\\\/amina.is\\\/wp-content\\\/uploads\\\/2021\\\/09\\\/logo.png\",\"width\":1790,\"height\":464,\"caption\":\"Amina\"},\"image\":{\"@id\":\"https:\\\/\\\/amina.is\\\/#\\\/schema\\\/logo\\\/image\\\/\"},\"sameAs\":[\"https:\\\/\\\/m.facebook.com\\\/AMINA-100767148840241\\\/\",\"https:\\\/\\\/www.instagram.com\\\/aminaverslun\\\/\"]}]}<\/script>\n<!-- \/ Yoast SEO Premium plugin. -->","yoast_head_json":{"title":"Raging Cockstars - Just Bang Jack 27,3cm Realistic Dildo (22cm usable) &#8211; Amina","robots":{"index":"index","follow":"follow","max-snippet":"max-snippet:-1","max-image-preview":"max-image-preview:large","max-video-preview":"max-video-preview:-1"},"canonical":"https:\/\/amina.is\/en\/verslun\/pikan\/gervilimir\/raging-cockstars-just-bang-jack-8-5-inch-realistic-dildo\/","og_locale":"en_US","og_type":"article","og_title":"Raging Cockstars - Just Bang Jack 27,3cm Realistic Dildo (22cm usable)","og_description":"Jack er ekki bara s\u00e6tur hann er l\u00edka einstaklega vel vaxinn ni\u00f0ur.","og_url":"https:\/\/amina.is\/en\/verslun\/pikan\/gervilimir\/raging-cockstars-just-bang-jack-8-5-inch-realistic-dildo\/","og_site_name":"Amina","article_publisher":"https:\/\/m.facebook.com\/AMINA-100767148840241\/","article_modified_time":"2026-02-17T21:00:39+00:00","og_image":[{"width":1080,"height":1080,"url":"https:\/\/amina.is\/wp-content\/uploads\/2021\/04\/AMINA-vorumyndir-hvitur-bakgrunnur.jpg","type":"image\/jpeg"}],"twitter_card":"summary_large_image","twitter_misc":{"Est. reading time":"1 minute"},"schema":{"@context":"https:\/\/schema.org","@graph":[{"@type":"WebPage","@id":"https:\/\/amina.is\/verslun\/pikan\/gervilimir\/raging-cockstars-just-bang-jack-8-5-inch-realistic-dildo\/","url":"https:\/\/amina.is\/verslun\/pikan\/gervilimir\/raging-cockstars-just-bang-jack-8-5-inch-realistic-dildo\/","name":"Raging Cockstars - Just Bang Jack 27,3cm Realistic Dildo (22cm usable) &#8211; Amina","isPartOf":{"@id":"https:\/\/amina.is\/#website"},"primaryImageOfPage":{"@id":"https:\/\/amina.is\/verslun\/pikan\/gervilimir\/raging-cockstars-just-bang-jack-8-5-inch-realistic-dildo\/#primaryimage"},"image":{"@id":"https:\/\/amina.is\/verslun\/pikan\/gervilimir\/raging-cockstars-just-bang-jack-8-5-inch-realistic-dildo\/#primaryimage"},"thumbnailUrl":"https:\/\/amina.is\/wp-content\/uploads\/2021\/04\/AMINA-vorumyndir-hvitur-bakgrunnur.jpg","datePublished":"2021-04-24T20:21:10+00:00","dateModified":"2026-02-17T21:00:39+00:00","breadcrumb":{"@id":"https:\/\/amina.is\/verslun\/pikan\/gervilimir\/raging-cockstars-just-bang-jack-8-5-inch-realistic-dildo\/#breadcrumb"},"inLanguage":"en-US","potentialAction":[{"@type":"ReadAction","target":["https:\/\/amina.is\/verslun\/pikan\/gervilimir\/raging-cockstars-just-bang-jack-8-5-inch-realistic-dildo\/"]}]},{"@type":"ImageObject","inLanguage":"en-US","@id":"https:\/\/amina.is\/verslun\/pikan\/gervilimir\/raging-cockstars-just-bang-jack-8-5-inch-realistic-dildo\/#primaryimage","url":"https:\/\/amina.is\/wp-content\/uploads\/2021\/04\/AMINA-vorumyndir-hvitur-bakgrunnur.jpg","contentUrl":"https:\/\/amina.is\/wp-content\/uploads\/2021\/04\/AMINA-vorumyndir-hvitur-bakgrunnur.jpg","width":1080,"height":1080},{"@type":"BreadcrumbList","@id":"https:\/\/amina.is\/verslun\/pikan\/gervilimir\/raging-cockstars-just-bang-jack-8-5-inch-realistic-dildo\/#breadcrumb","itemListElement":[{"@type":"ListItem","position":1,"name":"Home","item":"https:\/\/amina.is\/"},{"@type":"ListItem","position":2,"name":"Verslun","item":"https:\/\/amina.is\/verslun\/"},{"@type":"ListItem","position":3,"name":"Raging Cockstars &#8211; Just Bang Jack 27,3cm Realistic Dildo (22cm usable)"}]},{"@type":"WebSite","@id":"https:\/\/amina.is\/#website","url":"https:\/\/amina.is\/","name":"Amina","description":"Feeling is everything - Una\u00f0sv\u00f6rur fyrir alla","publisher":{"@id":"https:\/\/amina.is\/#organization"},"potentialAction":[{"@type":"SearchAction","target":{"@type":"EntryPoint","urlTemplate":"https:\/\/amina.is\/?s={search_term_string}"},"query-input":{"@type":"PropertyValueSpecification","valueRequired":true,"valueName":"search_term_string"}}],"inLanguage":"en-US"},{"@type":"Organization","@id":"https:\/\/amina.is\/#organization","name":"Amina","url":"https:\/\/amina.is\/","logo":{"@type":"ImageObject","inLanguage":"en-US","@id":"https:\/\/amina.is\/#\/schema\/logo\/image\/","url":"https:\/\/amina.is\/wp-content\/uploads\/2021\/09\/logo.png","contentUrl":"https:\/\/amina.is\/wp-content\/uploads\/2021\/09\/logo.png","width":1790,"height":464,"caption":"Amina"},"image":{"@id":"https:\/\/amina.is\/#\/schema\/logo\/image\/"},"sameAs":["https:\/\/m.facebook.com\/AMINA-100767148840241\/","https:\/\/www.instagram.com\/aminaverslun\/"]}]}},"_links":{"self":[{"href":"https:\/\/amina.is\/en\/wp-json\/wp\/v2\/product\/6638","targetHints":{"allow":["GET"]}}],"collection":[{"href":"https:\/\/amina.is\/en\/wp-json\/wp\/v2\/product"}],"about":[{"href":"https:\/\/amina.is\/en\/wp-json\/wp\/v2\/types\/product"}],"version-history":[{"count":4,"href":"https:\/\/amina.is\/en\/wp-json\/wp\/v2\/product\/6638\/revisions"}],"predecessor-version":[{"id":11585,"href":"https:\/\/amina.is\/en\/wp-json\/wp\/v2\/product\/6638\/revisions\/11585"}],"wp:featuredmedia":[{"embeddable":true,"href":"https:\/\/amina.is\/en\/wp-json\/wp\/v2\/media\/11597"}],"wp:attachment":[{"href":"https:\/\/amina.is\/en\/wp-json\/wp\/v2\/media?parent=6638"}],"wp:term":[{"taxonomy":"product_brand","embeddable":true,"href":"https:\/\/amina.is\/en\/wp-json\/wp\/v2\/product_brand?post=6638"},{"taxonomy":"product_cat","embeddable":true,"href":"https:\/\/amina.is\/en\/wp-json\/wp\/v2\/product_cat?post=6638"},{"taxonomy":"product_tag","embeddable":true,"href":"https:\/\/amina.is\/en\/wp-json\/wp\/v2\/product_tag?post=6638"}],"curies":[{"name":"wp","href":"https:\/\/api.w.org\/{rel}","templated":true}]}}