{"id":6575,"date":"2021-04-22T19:32:43","date_gmt":"2021-04-22T19:32:43","guid":{"rendered":"http:\/\/amina.web14.vefold.is\/?post_type=product&#038;p=6575"},"modified":"2023-05-20T22:12:12","modified_gmt":"2023-05-20T22:12:12","slug":"strict-silicone-bit-gag-with-nipple-clamps","status":"publish","type":"product","link":"https:\/\/amina.is\/en\/verslun\/blaeti\/geirvortur\/strict-silicone-bit-gag-with-nipple-clamps\/","title":{"rendered":"STRICT &#8211; Silicone Bit Gag with Nipple Clamps"},"content":{"rendered":"<h5>Flottur &#8222;gag&#8220; \u00far PU le\u00f0ri. \u00c1fastar geirv\u00f6rtuklemmur. Hvort sem \u00fe\u00fa ert a\u00f0 \u00fej\u00e1lfa \u00fer\u00e6linn e\u00f0a vilt einfaldlega krydda upp \u00e1 gr\u00e1m\u00fdglulega tilveruna me\u00f0 sm\u00e1 &#8222;master\/slave&#8220; leik \u00fe\u00e1 mun \u00feessi standa fyrir s\u00ednu. Umm\u00e1l \u00e1 \u00f3l: 42-60 cm. Heildarlengd \u00e1 beini: 12,7cm. (Bit lengd: 7,6cm). Umm\u00e1l beins: 1,9cm. Lengd \u00e1 ke\u00f0jum: 31,7cm.<\/h5>\n<p>&nbsp;<\/p>","protected":false},"excerpt":{"rendered":"<p>Flottur &#8222;gag&#8220; \u00far PU le\u00f0ri.<\/p>","protected":false},"featured_media":7985,"template":"","meta":{"inline_featured_image":false},"product_brand":[],"product_cat":[36,912,914],"product_tag":[86,372,324,367,368,370,337,87,326,369,371,327,325],"class_list":{"0":"post-6575","1":"product","2":"type-product","3":"status-publish","4":"has-post-thumbnail","6":"product_cat-blaeti","7":"product_cat-geirvortur","8":"product_cat-handjarnofl","9":"product_tag-bdsm","10":"product_tag-bit-gag","11":"product_tag-blaeti","12":"product_tag-bone","13":"product_tag-clamp","14":"product_tag-dom","15":"product_tag-fetish","16":"product_tag-gag","17":"product_tag-master","18":"product_tag-nipple-clamps","19":"product_tag-nipples","20":"product_tag-slave","21":"product_tag-sub","23":"first","24":"instock","25":"shipping-taxable","26":"purchasable","27":"product-type-simple"},"yoast_head":"<!-- This site is optimized with the Yoast SEO Premium plugin v21.6 (Yoast SEO v27.3) - https:\/\/yoast.com\/product\/yoast-seo-premium-wordpress\/ -->\n<title>STRICT - Silicone Bit Gag with Nipple Clamps &#8211; Amina<\/title>\n<meta name=\"robots\" content=\"index, follow, max-snippet:-1, max-image-preview:large, max-video-preview:-1\" \/>\n<link rel=\"canonical\" href=\"https:\/\/amina.is\/en\/verslun\/blaeti\/geirvortur\/strict-silicone-bit-gag-with-nipple-clamps\/\" \/>\n<meta property=\"og:locale\" content=\"en_US\" \/>\n<meta property=\"og:type\" content=\"article\" \/>\n<meta property=\"og:title\" content=\"STRICT - Silicone Bit Gag with Nipple Clamps\" \/>\n<meta property=\"og:description\" content=\"Flottur &quot;gag&quot; \u00far PU le\u00f0ri.\" \/>\n<meta property=\"og:url\" content=\"https:\/\/amina.is\/en\/verslun\/blaeti\/geirvortur\/strict-silicone-bit-gag-with-nipple-clamps\/\" \/>\n<meta property=\"og:site_name\" content=\"Amina\" \/>\n<meta property=\"article:publisher\" content=\"https:\/\/m.facebook.com\/AMINA-100767148840241\/\" \/>\n<meta property=\"article:modified_time\" content=\"2023-05-20T22:12:12+00:00\" \/>\n<meta property=\"og:image\" content=\"https:\/\/amina.is\/wp-content\/uploads\/2021\/04\/djas_1024x1024.jpg\" \/>\n\t<meta property=\"og:image:width\" content=\"1200\" \/>\n\t<meta property=\"og:image:height\" content=\"1200\" \/>\n\t<meta property=\"og:image:type\" content=\"image\/jpeg\" \/>\n<meta name=\"twitter:card\" content=\"summary_large_image\" \/>\n<meta name=\"twitter:label1\" content=\"Est. reading time\" \/>\n\t<meta name=\"twitter:data1\" content=\"1 minute\" \/>\n<script type=\"application\/ld+json\" class=\"yoast-schema-graph\">{\"@context\":\"https:\\\/\\\/schema.org\",\"@graph\":[{\"@type\":\"WebPage\",\"@id\":\"https:\\\/\\\/amina.is\\\/verslun\\\/blaeti\\\/geirvortur\\\/strict-silicone-bit-gag-with-nipple-clamps\\\/\",\"url\":\"https:\\\/\\\/amina.is\\\/verslun\\\/blaeti\\\/geirvortur\\\/strict-silicone-bit-gag-with-nipple-clamps\\\/\",\"name\":\"STRICT - Silicone Bit Gag with Nipple Clamps &#8211; Amina\",\"isPartOf\":{\"@id\":\"https:\\\/\\\/amina.is\\\/#website\"},\"primaryImageOfPage\":{\"@id\":\"https:\\\/\\\/amina.is\\\/verslun\\\/blaeti\\\/geirvortur\\\/strict-silicone-bit-gag-with-nipple-clamps\\\/#primaryimage\"},\"image\":{\"@id\":\"https:\\\/\\\/amina.is\\\/verslun\\\/blaeti\\\/geirvortur\\\/strict-silicone-bit-gag-with-nipple-clamps\\\/#primaryimage\"},\"thumbnailUrl\":\"https:\\\/\\\/amina.is\\\/wp-content\\\/uploads\\\/2021\\\/04\\\/djas_1024x1024.jpg\",\"datePublished\":\"2021-04-22T19:32:43+00:00\",\"dateModified\":\"2023-05-20T22:12:12+00:00\",\"breadcrumb\":{\"@id\":\"https:\\\/\\\/amina.is\\\/verslun\\\/blaeti\\\/geirvortur\\\/strict-silicone-bit-gag-with-nipple-clamps\\\/#breadcrumb\"},\"inLanguage\":\"en-US\",\"potentialAction\":[{\"@type\":\"ReadAction\",\"target\":[\"https:\\\/\\\/amina.is\\\/verslun\\\/blaeti\\\/geirvortur\\\/strict-silicone-bit-gag-with-nipple-clamps\\\/\"]}]},{\"@type\":\"ImageObject\",\"inLanguage\":\"en-US\",\"@id\":\"https:\\\/\\\/amina.is\\\/verslun\\\/blaeti\\\/geirvortur\\\/strict-silicone-bit-gag-with-nipple-clamps\\\/#primaryimage\",\"url\":\"https:\\\/\\\/amina.is\\\/wp-content\\\/uploads\\\/2021\\\/04\\\/djas_1024x1024.jpg\",\"contentUrl\":\"https:\\\/\\\/amina.is\\\/wp-content\\\/uploads\\\/2021\\\/04\\\/djas_1024x1024.jpg\",\"width\":1200,\"height\":1200},{\"@type\":\"BreadcrumbList\",\"@id\":\"https:\\\/\\\/amina.is\\\/verslun\\\/blaeti\\\/geirvortur\\\/strict-silicone-bit-gag-with-nipple-clamps\\\/#breadcrumb\",\"itemListElement\":[{\"@type\":\"ListItem\",\"position\":1,\"name\":\"Home\",\"item\":\"https:\\\/\\\/amina.is\\\/\"},{\"@type\":\"ListItem\",\"position\":2,\"name\":\"Verslun\",\"item\":\"https:\\\/\\\/amina.is\\\/verslun\\\/\"},{\"@type\":\"ListItem\",\"position\":3,\"name\":\"STRICT &#8211; Silicone Bit Gag with Nipple Clamps\"}]},{\"@type\":\"WebSite\",\"@id\":\"https:\\\/\\\/amina.is\\\/#website\",\"url\":\"https:\\\/\\\/amina.is\\\/\",\"name\":\"Amina\",\"description\":\"Feeling is everything - Una\u00f0sv\u00f6rur fyrir alla\",\"publisher\":{\"@id\":\"https:\\\/\\\/amina.is\\\/#organization\"},\"potentialAction\":[{\"@type\":\"SearchAction\",\"target\":{\"@type\":\"EntryPoint\",\"urlTemplate\":\"https:\\\/\\\/amina.is\\\/?s={search_term_string}\"},\"query-input\":{\"@type\":\"PropertyValueSpecification\",\"valueRequired\":true,\"valueName\":\"search_term_string\"}}],\"inLanguage\":\"en-US\"},{\"@type\":\"Organization\",\"@id\":\"https:\\\/\\\/amina.is\\\/#organization\",\"name\":\"Amina\",\"url\":\"https:\\\/\\\/amina.is\\\/\",\"logo\":{\"@type\":\"ImageObject\",\"inLanguage\":\"en-US\",\"@id\":\"https:\\\/\\\/amina.is\\\/#\\\/schema\\\/logo\\\/image\\\/\",\"url\":\"https:\\\/\\\/amina.is\\\/wp-content\\\/uploads\\\/2021\\\/09\\\/logo.png\",\"contentUrl\":\"https:\\\/\\\/amina.is\\\/wp-content\\\/uploads\\\/2021\\\/09\\\/logo.png\",\"width\":1790,\"height\":464,\"caption\":\"Amina\"},\"image\":{\"@id\":\"https:\\\/\\\/amina.is\\\/#\\\/schema\\\/logo\\\/image\\\/\"},\"sameAs\":[\"https:\\\/\\\/m.facebook.com\\\/AMINA-100767148840241\\\/\",\"https:\\\/\\\/www.instagram.com\\\/aminaverslun\\\/\"]}]}<\/script>\n<!-- \/ Yoast SEO Premium plugin. -->","yoast_head_json":{"title":"STRICT - Silicone Bit Gag with Nipple Clamps &#8211; Amina","robots":{"index":"index","follow":"follow","max-snippet":"max-snippet:-1","max-image-preview":"max-image-preview:large","max-video-preview":"max-video-preview:-1"},"canonical":"https:\/\/amina.is\/en\/verslun\/blaeti\/geirvortur\/strict-silicone-bit-gag-with-nipple-clamps\/","og_locale":"en_US","og_type":"article","og_title":"STRICT - Silicone Bit Gag with Nipple Clamps","og_description":"Flottur \"gag\" \u00far PU le\u00f0ri.","og_url":"https:\/\/amina.is\/en\/verslun\/blaeti\/geirvortur\/strict-silicone-bit-gag-with-nipple-clamps\/","og_site_name":"Amina","article_publisher":"https:\/\/m.facebook.com\/AMINA-100767148840241\/","article_modified_time":"2023-05-20T22:12:12+00:00","og_image":[{"width":1200,"height":1200,"url":"https:\/\/amina.is\/wp-content\/uploads\/2021\/04\/djas_1024x1024.jpg","type":"image\/jpeg"}],"twitter_card":"summary_large_image","twitter_misc":{"Est. reading time":"1 minute"},"schema":{"@context":"https:\/\/schema.org","@graph":[{"@type":"WebPage","@id":"https:\/\/amina.is\/verslun\/blaeti\/geirvortur\/strict-silicone-bit-gag-with-nipple-clamps\/","url":"https:\/\/amina.is\/verslun\/blaeti\/geirvortur\/strict-silicone-bit-gag-with-nipple-clamps\/","name":"STRICT - Silicone Bit Gag with Nipple Clamps &#8211; Amina","isPartOf":{"@id":"https:\/\/amina.is\/#website"},"primaryImageOfPage":{"@id":"https:\/\/amina.is\/verslun\/blaeti\/geirvortur\/strict-silicone-bit-gag-with-nipple-clamps\/#primaryimage"},"image":{"@id":"https:\/\/amina.is\/verslun\/blaeti\/geirvortur\/strict-silicone-bit-gag-with-nipple-clamps\/#primaryimage"},"thumbnailUrl":"https:\/\/amina.is\/wp-content\/uploads\/2021\/04\/djas_1024x1024.jpg","datePublished":"2021-04-22T19:32:43+00:00","dateModified":"2023-05-20T22:12:12+00:00","breadcrumb":{"@id":"https:\/\/amina.is\/verslun\/blaeti\/geirvortur\/strict-silicone-bit-gag-with-nipple-clamps\/#breadcrumb"},"inLanguage":"en-US","potentialAction":[{"@type":"ReadAction","target":["https:\/\/amina.is\/verslun\/blaeti\/geirvortur\/strict-silicone-bit-gag-with-nipple-clamps\/"]}]},{"@type":"ImageObject","inLanguage":"en-US","@id":"https:\/\/amina.is\/verslun\/blaeti\/geirvortur\/strict-silicone-bit-gag-with-nipple-clamps\/#primaryimage","url":"https:\/\/amina.is\/wp-content\/uploads\/2021\/04\/djas_1024x1024.jpg","contentUrl":"https:\/\/amina.is\/wp-content\/uploads\/2021\/04\/djas_1024x1024.jpg","width":1200,"height":1200},{"@type":"BreadcrumbList","@id":"https:\/\/amina.is\/verslun\/blaeti\/geirvortur\/strict-silicone-bit-gag-with-nipple-clamps\/#breadcrumb","itemListElement":[{"@type":"ListItem","position":1,"name":"Home","item":"https:\/\/amina.is\/"},{"@type":"ListItem","position":2,"name":"Verslun","item":"https:\/\/amina.is\/verslun\/"},{"@type":"ListItem","position":3,"name":"STRICT &#8211; Silicone Bit Gag with Nipple Clamps"}]},{"@type":"WebSite","@id":"https:\/\/amina.is\/#website","url":"https:\/\/amina.is\/","name":"Amina","description":"Feeling is everything - Una\u00f0sv\u00f6rur fyrir alla","publisher":{"@id":"https:\/\/amina.is\/#organization"},"potentialAction":[{"@type":"SearchAction","target":{"@type":"EntryPoint","urlTemplate":"https:\/\/amina.is\/?s={search_term_string}"},"query-input":{"@type":"PropertyValueSpecification","valueRequired":true,"valueName":"search_term_string"}}],"inLanguage":"en-US"},{"@type":"Organization","@id":"https:\/\/amina.is\/#organization","name":"Amina","url":"https:\/\/amina.is\/","logo":{"@type":"ImageObject","inLanguage":"en-US","@id":"https:\/\/amina.is\/#\/schema\/logo\/image\/","url":"https:\/\/amina.is\/wp-content\/uploads\/2021\/09\/logo.png","contentUrl":"https:\/\/amina.is\/wp-content\/uploads\/2021\/09\/logo.png","width":1790,"height":464,"caption":"Amina"},"image":{"@id":"https:\/\/amina.is\/#\/schema\/logo\/image\/"},"sameAs":["https:\/\/m.facebook.com\/AMINA-100767148840241\/","https:\/\/www.instagram.com\/aminaverslun\/"]}]}},"_links":{"self":[{"href":"https:\/\/amina.is\/en\/wp-json\/wp\/v2\/product\/6575","targetHints":{"allow":["GET"]}}],"collection":[{"href":"https:\/\/amina.is\/en\/wp-json\/wp\/v2\/product"}],"about":[{"href":"https:\/\/amina.is\/en\/wp-json\/wp\/v2\/types\/product"}],"version-history":[{"count":4,"href":"https:\/\/amina.is\/en\/wp-json\/wp\/v2\/product\/6575\/revisions"}],"predecessor-version":[{"id":11711,"href":"https:\/\/amina.is\/en\/wp-json\/wp\/v2\/product\/6575\/revisions\/11711"}],"wp:featuredmedia":[{"embeddable":true,"href":"https:\/\/amina.is\/en\/wp-json\/wp\/v2\/media\/7985"}],"wp:attachment":[{"href":"https:\/\/amina.is\/en\/wp-json\/wp\/v2\/media?parent=6575"}],"wp:term":[{"taxonomy":"product_brand","embeddable":true,"href":"https:\/\/amina.is\/en\/wp-json\/wp\/v2\/product_brand?post=6575"},{"taxonomy":"product_cat","embeddable":true,"href":"https:\/\/amina.is\/en\/wp-json\/wp\/v2\/product_cat?post=6575"},{"taxonomy":"product_tag","embeddable":true,"href":"https:\/\/amina.is\/en\/wp-json\/wp\/v2\/product_tag?post=6575"}],"curies":[{"name":"wp","href":"https:\/\/api.w.org\/{rel}","templated":true}]}}