{"id":6565,"date":"2021-04-22T18:31:24","date_gmt":"2021-04-22T18:31:24","guid":{"rendered":"http:\/\/amina.web14.vefold.is\/?post_type=product&#038;p=6565"},"modified":"2023-03-01T17:58:39","modified_gmt":"2023-03-01T17:58:39","slug":"mistress-isabella-sinclaire-3-ring-leather-collar-with-leash","status":"publish","type":"product","link":"https:\/\/amina.is\/en\/verslun\/blaeti\/handjarnofl\/mistress-isabella-sinclaire-3-ring-leather-collar-with-leash\/","title":{"rendered":"Mistress by Isabella Sinclaire &#8211; Leather Collar with Leash"},"content":{"rendered":"<h5>Sterkbygg\u00f0 le\u00f0ur h\u00e1ls\u00f3l me\u00f0 taum. H\u00e6gt a\u00f0 l\u00e6sa me\u00f0 hengil\u00e1s (Seldur s\u00e9r).<\/h5>\n<h5>Umm\u00e1l \u00e1 \u00f3l 38 &#8211; 48 cm. Breidd \u00e1 \u00f3l: 4,5cm. Lengd \u00e1 taum: 120cm.<\/h5>\n<h5><\/h5>","protected":false},"excerpt":{"rendered":"<p>Sterkbygg\u00f0 le\u00f0ur h\u00e1ls\u00f3l me\u00f0 taum. H\u00e6gt a\u00f0 l\u00e6sa me\u00f0 hengil\u00e1s.<\/p>","protected":false},"featured_media":7906,"template":"","meta":{"inline_featured_image":false},"product_brand":[],"product_cat":[36,914],"product_tag":[86,324,354,355,337,359,358,353,356,326,352,357,327,325,360],"class_list":{"0":"post-6565","1":"product","2":"type-product","3":"status-publish","4":"has-post-thumbnail","6":"product_cat-blaeti","7":"product_cat-handjarnofl","8":"product_tag-bdsm","9":"product_tag-blaeti","10":"product_tag-collar","11":"product_tag-dog","12":"product_tag-fetish","13":"product_tag-halsol","14":"product_tag-hundur","15":"product_tag-isabella-sinclaire","16":"product_tag-leash","17":"product_tag-master","18":"product_tag-mistress","19":"product_tag-ol","20":"product_tag-slave","21":"product_tag-sub","22":"product_tag-taumur","24":"first","25":"instock","26":"shipping-taxable","27":"purchasable","28":"product-type-simple"},"yoast_head":"<!-- This site is optimized with the Yoast SEO Premium plugin v21.6 (Yoast SEO v27.3) - https:\/\/yoast.com\/product\/yoast-seo-premium-wordpress\/ -->\n<title>Mistress by Isabella Sinclaire - Leather Collar with Leash &#8211; Amina<\/title>\n<meta name=\"robots\" content=\"index, follow, max-snippet:-1, max-image-preview:large, max-video-preview:-1\" \/>\n<link rel=\"canonical\" href=\"https:\/\/amina.is\/en\/verslun\/blaeti\/handjarnofl\/mistress-isabella-sinclaire-3-ring-leather-collar-with-leash\/\" \/>\n<meta property=\"og:locale\" content=\"en_US\" \/>\n<meta property=\"og:type\" content=\"article\" \/>\n<meta property=\"og:title\" content=\"Mistress by Isabella Sinclaire - Leather Collar with Leash\" \/>\n<meta property=\"og:description\" content=\"Sterkbygg\u00f0 le\u00f0ur h\u00e1ls\u00f3l me\u00f0 taum. H\u00e6gt a\u00f0 l\u00e6sa me\u00f0 hengil\u00e1s.\" \/>\n<meta property=\"og:url\" content=\"https:\/\/amina.is\/en\/verslun\/blaeti\/handjarnofl\/mistress-isabella-sinclaire-3-ring-leather-collar-with-leash\/\" \/>\n<meta property=\"og:site_name\" content=\"Amina\" \/>\n<meta property=\"article:publisher\" content=\"https:\/\/m.facebook.com\/AMINA-100767148840241\/\" \/>\n<meta property=\"article:modified_time\" content=\"2023-03-01T17:58:39+00:00\" \/>\n<meta property=\"og:image\" content=\"https:\/\/amina.is\/wp-content\/uploads\/2021\/04\/mistress-collart.jpg\" \/>\n\t<meta property=\"og:image:width\" content=\"1100\" \/>\n\t<meta property=\"og:image:height\" content=\"1100\" \/>\n\t<meta property=\"og:image:type\" content=\"image\/jpeg\" \/>\n<meta name=\"twitter:card\" content=\"summary_large_image\" \/>\n<script type=\"application\/ld+json\" class=\"yoast-schema-graph\">{\"@context\":\"https:\\\/\\\/schema.org\",\"@graph\":[{\"@type\":\"WebPage\",\"@id\":\"https:\\\/\\\/amina.is\\\/verslun\\\/blaeti\\\/handjarnofl\\\/mistress-isabella-sinclaire-3-ring-leather-collar-with-leash\\\/\",\"url\":\"https:\\\/\\\/amina.is\\\/verslun\\\/blaeti\\\/handjarnofl\\\/mistress-isabella-sinclaire-3-ring-leather-collar-with-leash\\\/\",\"name\":\"Mistress by Isabella Sinclaire - Leather Collar with Leash &#8211; Amina\",\"isPartOf\":{\"@id\":\"https:\\\/\\\/amina.is\\\/#website\"},\"primaryImageOfPage\":{\"@id\":\"https:\\\/\\\/amina.is\\\/verslun\\\/blaeti\\\/handjarnofl\\\/mistress-isabella-sinclaire-3-ring-leather-collar-with-leash\\\/#primaryimage\"},\"image\":{\"@id\":\"https:\\\/\\\/amina.is\\\/verslun\\\/blaeti\\\/handjarnofl\\\/mistress-isabella-sinclaire-3-ring-leather-collar-with-leash\\\/#primaryimage\"},\"thumbnailUrl\":\"https:\\\/\\\/amina.is\\\/wp-content\\\/uploads\\\/2021\\\/04\\\/mistress-collart.jpg\",\"datePublished\":\"2021-04-22T18:31:24+00:00\",\"dateModified\":\"2023-03-01T17:58:39+00:00\",\"breadcrumb\":{\"@id\":\"https:\\\/\\\/amina.is\\\/verslun\\\/blaeti\\\/handjarnofl\\\/mistress-isabella-sinclaire-3-ring-leather-collar-with-leash\\\/#breadcrumb\"},\"inLanguage\":\"en-US\",\"potentialAction\":[{\"@type\":\"ReadAction\",\"target\":[\"https:\\\/\\\/amina.is\\\/verslun\\\/blaeti\\\/handjarnofl\\\/mistress-isabella-sinclaire-3-ring-leather-collar-with-leash\\\/\"]}]},{\"@type\":\"ImageObject\",\"inLanguage\":\"en-US\",\"@id\":\"https:\\\/\\\/amina.is\\\/verslun\\\/blaeti\\\/handjarnofl\\\/mistress-isabella-sinclaire-3-ring-leather-collar-with-leash\\\/#primaryimage\",\"url\":\"https:\\\/\\\/amina.is\\\/wp-content\\\/uploads\\\/2021\\\/04\\\/mistress-collart.jpg\",\"contentUrl\":\"https:\\\/\\\/amina.is\\\/wp-content\\\/uploads\\\/2021\\\/04\\\/mistress-collart.jpg\",\"width\":1100,\"height\":1100},{\"@type\":\"BreadcrumbList\",\"@id\":\"https:\\\/\\\/amina.is\\\/verslun\\\/blaeti\\\/handjarnofl\\\/mistress-isabella-sinclaire-3-ring-leather-collar-with-leash\\\/#breadcrumb\",\"itemListElement\":[{\"@type\":\"ListItem\",\"position\":1,\"name\":\"Home\",\"item\":\"https:\\\/\\\/amina.is\\\/\"},{\"@type\":\"ListItem\",\"position\":2,\"name\":\"Verslun\",\"item\":\"https:\\\/\\\/amina.is\\\/verslun\\\/\"},{\"@type\":\"ListItem\",\"position\":3,\"name\":\"Mistress by Isabella Sinclaire &#8211; Leather Collar with Leash\"}]},{\"@type\":\"WebSite\",\"@id\":\"https:\\\/\\\/amina.is\\\/#website\",\"url\":\"https:\\\/\\\/amina.is\\\/\",\"name\":\"Amina\",\"description\":\"Feeling is everything - Una\u00f0sv\u00f6rur fyrir alla\",\"publisher\":{\"@id\":\"https:\\\/\\\/amina.is\\\/#organization\"},\"potentialAction\":[{\"@type\":\"SearchAction\",\"target\":{\"@type\":\"EntryPoint\",\"urlTemplate\":\"https:\\\/\\\/amina.is\\\/?s={search_term_string}\"},\"query-input\":{\"@type\":\"PropertyValueSpecification\",\"valueRequired\":true,\"valueName\":\"search_term_string\"}}],\"inLanguage\":\"en-US\"},{\"@type\":\"Organization\",\"@id\":\"https:\\\/\\\/amina.is\\\/#organization\",\"name\":\"Amina\",\"url\":\"https:\\\/\\\/amina.is\\\/\",\"logo\":{\"@type\":\"ImageObject\",\"inLanguage\":\"en-US\",\"@id\":\"https:\\\/\\\/amina.is\\\/#\\\/schema\\\/logo\\\/image\\\/\",\"url\":\"https:\\\/\\\/amina.is\\\/wp-content\\\/uploads\\\/2021\\\/09\\\/logo.png\",\"contentUrl\":\"https:\\\/\\\/amina.is\\\/wp-content\\\/uploads\\\/2021\\\/09\\\/logo.png\",\"width\":1790,\"height\":464,\"caption\":\"Amina\"},\"image\":{\"@id\":\"https:\\\/\\\/amina.is\\\/#\\\/schema\\\/logo\\\/image\\\/\"},\"sameAs\":[\"https:\\\/\\\/m.facebook.com\\\/AMINA-100767148840241\\\/\",\"https:\\\/\\\/www.instagram.com\\\/aminaverslun\\\/\"]}]}<\/script>\n<!-- \/ Yoast SEO Premium plugin. -->","yoast_head_json":{"title":"Mistress by Isabella Sinclaire - Leather Collar with Leash &#8211; Amina","robots":{"index":"index","follow":"follow","max-snippet":"max-snippet:-1","max-image-preview":"max-image-preview:large","max-video-preview":"max-video-preview:-1"},"canonical":"https:\/\/amina.is\/en\/verslun\/blaeti\/handjarnofl\/mistress-isabella-sinclaire-3-ring-leather-collar-with-leash\/","og_locale":"en_US","og_type":"article","og_title":"Mistress by Isabella Sinclaire - Leather Collar with Leash","og_description":"Sterkbygg\u00f0 le\u00f0ur h\u00e1ls\u00f3l me\u00f0 taum. H\u00e6gt a\u00f0 l\u00e6sa me\u00f0 hengil\u00e1s.","og_url":"https:\/\/amina.is\/en\/verslun\/blaeti\/handjarnofl\/mistress-isabella-sinclaire-3-ring-leather-collar-with-leash\/","og_site_name":"Amina","article_publisher":"https:\/\/m.facebook.com\/AMINA-100767148840241\/","article_modified_time":"2023-03-01T17:58:39+00:00","og_image":[{"width":1100,"height":1100,"url":"https:\/\/amina.is\/wp-content\/uploads\/2021\/04\/mistress-collart.jpg","type":"image\/jpeg"}],"twitter_card":"summary_large_image","schema":{"@context":"https:\/\/schema.org","@graph":[{"@type":"WebPage","@id":"https:\/\/amina.is\/verslun\/blaeti\/handjarnofl\/mistress-isabella-sinclaire-3-ring-leather-collar-with-leash\/","url":"https:\/\/amina.is\/verslun\/blaeti\/handjarnofl\/mistress-isabella-sinclaire-3-ring-leather-collar-with-leash\/","name":"Mistress by Isabella Sinclaire - Leather Collar with Leash &#8211; Amina","isPartOf":{"@id":"https:\/\/amina.is\/#website"},"primaryImageOfPage":{"@id":"https:\/\/amina.is\/verslun\/blaeti\/handjarnofl\/mistress-isabella-sinclaire-3-ring-leather-collar-with-leash\/#primaryimage"},"image":{"@id":"https:\/\/amina.is\/verslun\/blaeti\/handjarnofl\/mistress-isabella-sinclaire-3-ring-leather-collar-with-leash\/#primaryimage"},"thumbnailUrl":"https:\/\/amina.is\/wp-content\/uploads\/2021\/04\/mistress-collart.jpg","datePublished":"2021-04-22T18:31:24+00:00","dateModified":"2023-03-01T17:58:39+00:00","breadcrumb":{"@id":"https:\/\/amina.is\/verslun\/blaeti\/handjarnofl\/mistress-isabella-sinclaire-3-ring-leather-collar-with-leash\/#breadcrumb"},"inLanguage":"en-US","potentialAction":[{"@type":"ReadAction","target":["https:\/\/amina.is\/verslun\/blaeti\/handjarnofl\/mistress-isabella-sinclaire-3-ring-leather-collar-with-leash\/"]}]},{"@type":"ImageObject","inLanguage":"en-US","@id":"https:\/\/amina.is\/verslun\/blaeti\/handjarnofl\/mistress-isabella-sinclaire-3-ring-leather-collar-with-leash\/#primaryimage","url":"https:\/\/amina.is\/wp-content\/uploads\/2021\/04\/mistress-collart.jpg","contentUrl":"https:\/\/amina.is\/wp-content\/uploads\/2021\/04\/mistress-collart.jpg","width":1100,"height":1100},{"@type":"BreadcrumbList","@id":"https:\/\/amina.is\/verslun\/blaeti\/handjarnofl\/mistress-isabella-sinclaire-3-ring-leather-collar-with-leash\/#breadcrumb","itemListElement":[{"@type":"ListItem","position":1,"name":"Home","item":"https:\/\/amina.is\/"},{"@type":"ListItem","position":2,"name":"Verslun","item":"https:\/\/amina.is\/verslun\/"},{"@type":"ListItem","position":3,"name":"Mistress by Isabella Sinclaire &#8211; Leather Collar with Leash"}]},{"@type":"WebSite","@id":"https:\/\/amina.is\/#website","url":"https:\/\/amina.is\/","name":"Amina","description":"Feeling is everything - Una\u00f0sv\u00f6rur fyrir alla","publisher":{"@id":"https:\/\/amina.is\/#organization"},"potentialAction":[{"@type":"SearchAction","target":{"@type":"EntryPoint","urlTemplate":"https:\/\/amina.is\/?s={search_term_string}"},"query-input":{"@type":"PropertyValueSpecification","valueRequired":true,"valueName":"search_term_string"}}],"inLanguage":"en-US"},{"@type":"Organization","@id":"https:\/\/amina.is\/#organization","name":"Amina","url":"https:\/\/amina.is\/","logo":{"@type":"ImageObject","inLanguage":"en-US","@id":"https:\/\/amina.is\/#\/schema\/logo\/image\/","url":"https:\/\/amina.is\/wp-content\/uploads\/2021\/09\/logo.png","contentUrl":"https:\/\/amina.is\/wp-content\/uploads\/2021\/09\/logo.png","width":1790,"height":464,"caption":"Amina"},"image":{"@id":"https:\/\/amina.is\/#\/schema\/logo\/image\/"},"sameAs":["https:\/\/m.facebook.com\/AMINA-100767148840241\/","https:\/\/www.instagram.com\/aminaverslun\/"]}]}},"_links":{"self":[{"href":"https:\/\/amina.is\/en\/wp-json\/wp\/v2\/product\/6565","targetHints":{"allow":["GET"]}}],"collection":[{"href":"https:\/\/amina.is\/en\/wp-json\/wp\/v2\/product"}],"about":[{"href":"https:\/\/amina.is\/en\/wp-json\/wp\/v2\/types\/product"}],"version-history":[{"count":6,"href":"https:\/\/amina.is\/en\/wp-json\/wp\/v2\/product\/6565\/revisions"}],"predecessor-version":[{"id":7909,"href":"https:\/\/amina.is\/en\/wp-json\/wp\/v2\/product\/6565\/revisions\/7909"}],"wp:featuredmedia":[{"embeddable":true,"href":"https:\/\/amina.is\/en\/wp-json\/wp\/v2\/media\/7906"}],"wp:attachment":[{"href":"https:\/\/amina.is\/en\/wp-json\/wp\/v2\/media?parent=6565"}],"wp:term":[{"taxonomy":"product_brand","embeddable":true,"href":"https:\/\/amina.is\/en\/wp-json\/wp\/v2\/product_brand?post=6565"},{"taxonomy":"product_cat","embeddable":true,"href":"https:\/\/amina.is\/en\/wp-json\/wp\/v2\/product_cat?post=6565"},{"taxonomy":"product_tag","embeddable":true,"href":"https:\/\/amina.is\/en\/wp-json\/wp\/v2\/product_tag?post=6565"}],"curies":[{"name":"wp","href":"https:\/\/api.w.org\/{rel}","templated":true}]}}