{"id":6557,"date":"2021-04-20T23:55:46","date_gmt":"2021-04-20T23:55:46","guid":{"rendered":"http:\/\/amina.web14.vefold.is\/?post_type=product&#038;p=6557"},"modified":"2025-02-17T16:29:19","modified_gmt":"2025-02-17T16:29:19","slug":"anal-teaser-comfort-plug-single-bead-8cm","status":"publish","type":"product","link":"https:\/\/amina.is\/en\/verslun\/fyrir-thau\/notaahann\/anal-teaser-comfort-plug-single-bead-8cm\/","title":{"rendered":"Anal Teaser Comfort Plug &#8211; Single bead 8cm"},"content":{"rendered":"<h5>Fullkominn fyrir forvitna e\u00f0a byrjendur.\u00a0 Heildarlengd me\u00f0 &#8222;base&#8220; er a\u00f0eins 8cm. Ef veri\u00f0 er a\u00f0 prufa \u00ed fyrsta skipti \u00fe\u00e1 m\u00e6lum vi\u00f0 me\u00f0 \u00fev\u00ed a\u00f0 \u00fe\u00fa s\u00e9rt algj\u00f6rlega afslappa\u00f0ur\/afsl\u00f6ppu\u00f0\/afslappa\u00f0 og prufir \u00feig \u00e1fram \u00ed r\u00f3 og n\u00e6\u00f0i \u00e1 eigin hra\u00f0a.<\/h5>\n<h5>\u00dea\u00f0 er fullkomnlega e\u00f0lilegt a\u00f0 finna ekki fyrir una\u00f0i \u00ed fyrsta sinn sem prufa\u00f0 er, \u00fea\u00f0 tekur t\u00edma a\u00f0 l\u00e6ra \u00e1 sj\u00e1lfan sig. \u00dea\u00f0 m\u00e1 nota allar ger\u00f0ir af sleipiefni me\u00f0 \u00feessum.<\/h5>","protected":false},"excerpt":{"rendered":"<p>Fullkominn fyrir forvitna e\u00f0a byrjendur.<\/p>","protected":false},"featured_media":7723,"template":"","meta":{"inline_featured_image":false},"product_brand":[],"product_cat":[907,41,42,43,35,900,899],"product_tag":[57,346,59,61,263,347],"class_list":{"0":"post-6557","1":"product","2":"type-product","3":"status-publish","4":"has-post-thumbnail","6":"product_cat-buttplugs-og-titrarar","7":"product_cat-fyrir-tha","8":"product_cat-fyrir-thaer","9":"product_cat-fyrir-thau","10":"product_cat-rassinn","11":"product_cat-notaahana","12":"product_cat-notaahann","13":"product_tag-anal","14":"product_tag-beginner","15":"product_tag-butt","16":"product_tag-butt-plug","17":"product_tag-rassinn","18":"product_tag-teaser","20":"first","21":"instock","22":"shipping-taxable","23":"purchasable","24":"product-type-simple"},"yoast_head":"<!-- This site is optimized with the Yoast SEO Premium plugin v21.6 (Yoast SEO v27.3) - https:\/\/yoast.com\/product\/yoast-seo-premium-wordpress\/ -->\n<title>Anal Teaser Comfort Plug - Single bead 8cm &#8211; Amina<\/title>\n<meta name=\"robots\" content=\"index, follow, max-snippet:-1, max-image-preview:large, max-video-preview:-1\" \/>\n<link rel=\"canonical\" href=\"https:\/\/amina.is\/en\/verslun\/fyrir-thau\/notaahann\/anal-teaser-comfort-plug-single-bead-8cm\/\" \/>\n<meta property=\"og:locale\" content=\"en_US\" \/>\n<meta property=\"og:type\" content=\"article\" \/>\n<meta property=\"og:title\" content=\"Anal Teaser Comfort Plug - Single bead 8cm\" \/>\n<meta property=\"og:description\" content=\"Fullkominn fyrir forvitna e\u00f0a byrjendur.\" \/>\n<meta property=\"og:url\" content=\"https:\/\/amina.is\/en\/verslun\/fyrir-thau\/notaahann\/anal-teaser-comfort-plug-single-bead-8cm\/\" \/>\n<meta property=\"og:site_name\" content=\"Amina\" \/>\n<meta property=\"article:publisher\" content=\"https:\/\/m.facebook.com\/AMINA-100767148840241\/\" \/>\n<meta property=\"article:modified_time\" content=\"2025-02-17T16:29:19+00:00\" \/>\n<meta property=\"og:image\" content=\"https:\/\/amina.is\/wp-content\/uploads\/2021\/04\/analplug3.jpg\" \/>\n\t<meta property=\"og:image:width\" content=\"1000\" \/>\n\t<meta property=\"og:image:height\" content=\"1000\" \/>\n\t<meta property=\"og:image:type\" content=\"image\/jpeg\" \/>\n<meta name=\"twitter:card\" content=\"summary_large_image\" \/>\n<script type=\"application\/ld+json\" class=\"yoast-schema-graph\">{\"@context\":\"https:\\\/\\\/schema.org\",\"@graph\":[{\"@type\":\"WebPage\",\"@id\":\"https:\\\/\\\/amina.is\\\/verslun\\\/fyrir-thau\\\/notaahann\\\/anal-teaser-comfort-plug-single-bead-8cm\\\/\",\"url\":\"https:\\\/\\\/amina.is\\\/verslun\\\/fyrir-thau\\\/notaahann\\\/anal-teaser-comfort-plug-single-bead-8cm\\\/\",\"name\":\"Anal Teaser Comfort Plug - Single bead 8cm &#8211; Amina\",\"isPartOf\":{\"@id\":\"https:\\\/\\\/amina.is\\\/#website\"},\"primaryImageOfPage\":{\"@id\":\"https:\\\/\\\/amina.is\\\/verslun\\\/fyrir-thau\\\/notaahann\\\/anal-teaser-comfort-plug-single-bead-8cm\\\/#primaryimage\"},\"image\":{\"@id\":\"https:\\\/\\\/amina.is\\\/verslun\\\/fyrir-thau\\\/notaahann\\\/anal-teaser-comfort-plug-single-bead-8cm\\\/#primaryimage\"},\"thumbnailUrl\":\"https:\\\/\\\/amina.is\\\/wp-content\\\/uploads\\\/2021\\\/04\\\/analplug3.jpg\",\"datePublished\":\"2021-04-20T23:55:46+00:00\",\"dateModified\":\"2025-02-17T16:29:19+00:00\",\"breadcrumb\":{\"@id\":\"https:\\\/\\\/amina.is\\\/verslun\\\/fyrir-thau\\\/notaahann\\\/anal-teaser-comfort-plug-single-bead-8cm\\\/#breadcrumb\"},\"inLanguage\":\"en-US\",\"potentialAction\":[{\"@type\":\"ReadAction\",\"target\":[\"https:\\\/\\\/amina.is\\\/verslun\\\/fyrir-thau\\\/notaahann\\\/anal-teaser-comfort-plug-single-bead-8cm\\\/\"]}]},{\"@type\":\"ImageObject\",\"inLanguage\":\"en-US\",\"@id\":\"https:\\\/\\\/amina.is\\\/verslun\\\/fyrir-thau\\\/notaahann\\\/anal-teaser-comfort-plug-single-bead-8cm\\\/#primaryimage\",\"url\":\"https:\\\/\\\/amina.is\\\/wp-content\\\/uploads\\\/2021\\\/04\\\/analplug3.jpg\",\"contentUrl\":\"https:\\\/\\\/amina.is\\\/wp-content\\\/uploads\\\/2021\\\/04\\\/analplug3.jpg\",\"width\":1000,\"height\":1000},{\"@type\":\"BreadcrumbList\",\"@id\":\"https:\\\/\\\/amina.is\\\/verslun\\\/fyrir-thau\\\/notaahann\\\/anal-teaser-comfort-plug-single-bead-8cm\\\/#breadcrumb\",\"itemListElement\":[{\"@type\":\"ListItem\",\"position\":1,\"name\":\"Home\",\"item\":\"https:\\\/\\\/amina.is\\\/\"},{\"@type\":\"ListItem\",\"position\":2,\"name\":\"Verslun\",\"item\":\"https:\\\/\\\/amina.is\\\/verslun\\\/\"},{\"@type\":\"ListItem\",\"position\":3,\"name\":\"Anal Teaser Comfort Plug &#8211; Single bead 8cm\"}]},{\"@type\":\"WebSite\",\"@id\":\"https:\\\/\\\/amina.is\\\/#website\",\"url\":\"https:\\\/\\\/amina.is\\\/\",\"name\":\"Amina\",\"description\":\"Feeling is everything - Una\u00f0sv\u00f6rur fyrir alla\",\"publisher\":{\"@id\":\"https:\\\/\\\/amina.is\\\/#organization\"},\"potentialAction\":[{\"@type\":\"SearchAction\",\"target\":{\"@type\":\"EntryPoint\",\"urlTemplate\":\"https:\\\/\\\/amina.is\\\/?s={search_term_string}\"},\"query-input\":{\"@type\":\"PropertyValueSpecification\",\"valueRequired\":true,\"valueName\":\"search_term_string\"}}],\"inLanguage\":\"en-US\"},{\"@type\":\"Organization\",\"@id\":\"https:\\\/\\\/amina.is\\\/#organization\",\"name\":\"Amina\",\"url\":\"https:\\\/\\\/amina.is\\\/\",\"logo\":{\"@type\":\"ImageObject\",\"inLanguage\":\"en-US\",\"@id\":\"https:\\\/\\\/amina.is\\\/#\\\/schema\\\/logo\\\/image\\\/\",\"url\":\"https:\\\/\\\/amina.is\\\/wp-content\\\/uploads\\\/2021\\\/09\\\/logo.png\",\"contentUrl\":\"https:\\\/\\\/amina.is\\\/wp-content\\\/uploads\\\/2021\\\/09\\\/logo.png\",\"width\":1790,\"height\":464,\"caption\":\"Amina\"},\"image\":{\"@id\":\"https:\\\/\\\/amina.is\\\/#\\\/schema\\\/logo\\\/image\\\/\"},\"sameAs\":[\"https:\\\/\\\/m.facebook.com\\\/AMINA-100767148840241\\\/\",\"https:\\\/\\\/www.instagram.com\\\/aminaverslun\\\/\"]}]}<\/script>\n<!-- \/ Yoast SEO Premium plugin. -->","yoast_head_json":{"title":"Anal Teaser Comfort Plug - Single bead 8cm &#8211; Amina","robots":{"index":"index","follow":"follow","max-snippet":"max-snippet:-1","max-image-preview":"max-image-preview:large","max-video-preview":"max-video-preview:-1"},"canonical":"https:\/\/amina.is\/en\/verslun\/fyrir-thau\/notaahann\/anal-teaser-comfort-plug-single-bead-8cm\/","og_locale":"en_US","og_type":"article","og_title":"Anal Teaser Comfort Plug - Single bead 8cm","og_description":"Fullkominn fyrir forvitna e\u00f0a byrjendur.","og_url":"https:\/\/amina.is\/en\/verslun\/fyrir-thau\/notaahann\/anal-teaser-comfort-plug-single-bead-8cm\/","og_site_name":"Amina","article_publisher":"https:\/\/m.facebook.com\/AMINA-100767148840241\/","article_modified_time":"2025-02-17T16:29:19+00:00","og_image":[{"width":1000,"height":1000,"url":"https:\/\/amina.is\/wp-content\/uploads\/2021\/04\/analplug3.jpg","type":"image\/jpeg"}],"twitter_card":"summary_large_image","schema":{"@context":"https:\/\/schema.org","@graph":[{"@type":"WebPage","@id":"https:\/\/amina.is\/verslun\/fyrir-thau\/notaahann\/anal-teaser-comfort-plug-single-bead-8cm\/","url":"https:\/\/amina.is\/verslun\/fyrir-thau\/notaahann\/anal-teaser-comfort-plug-single-bead-8cm\/","name":"Anal Teaser Comfort Plug - Single bead 8cm &#8211; Amina","isPartOf":{"@id":"https:\/\/amina.is\/#website"},"primaryImageOfPage":{"@id":"https:\/\/amina.is\/verslun\/fyrir-thau\/notaahann\/anal-teaser-comfort-plug-single-bead-8cm\/#primaryimage"},"image":{"@id":"https:\/\/amina.is\/verslun\/fyrir-thau\/notaahann\/anal-teaser-comfort-plug-single-bead-8cm\/#primaryimage"},"thumbnailUrl":"https:\/\/amina.is\/wp-content\/uploads\/2021\/04\/analplug3.jpg","datePublished":"2021-04-20T23:55:46+00:00","dateModified":"2025-02-17T16:29:19+00:00","breadcrumb":{"@id":"https:\/\/amina.is\/verslun\/fyrir-thau\/notaahann\/anal-teaser-comfort-plug-single-bead-8cm\/#breadcrumb"},"inLanguage":"en-US","potentialAction":[{"@type":"ReadAction","target":["https:\/\/amina.is\/verslun\/fyrir-thau\/notaahann\/anal-teaser-comfort-plug-single-bead-8cm\/"]}]},{"@type":"ImageObject","inLanguage":"en-US","@id":"https:\/\/amina.is\/verslun\/fyrir-thau\/notaahann\/anal-teaser-comfort-plug-single-bead-8cm\/#primaryimage","url":"https:\/\/amina.is\/wp-content\/uploads\/2021\/04\/analplug3.jpg","contentUrl":"https:\/\/amina.is\/wp-content\/uploads\/2021\/04\/analplug3.jpg","width":1000,"height":1000},{"@type":"BreadcrumbList","@id":"https:\/\/amina.is\/verslun\/fyrir-thau\/notaahann\/anal-teaser-comfort-plug-single-bead-8cm\/#breadcrumb","itemListElement":[{"@type":"ListItem","position":1,"name":"Home","item":"https:\/\/amina.is\/"},{"@type":"ListItem","position":2,"name":"Verslun","item":"https:\/\/amina.is\/verslun\/"},{"@type":"ListItem","position":3,"name":"Anal Teaser Comfort Plug &#8211; Single bead 8cm"}]},{"@type":"WebSite","@id":"https:\/\/amina.is\/#website","url":"https:\/\/amina.is\/","name":"Amina","description":"Feeling is everything - Una\u00f0sv\u00f6rur fyrir alla","publisher":{"@id":"https:\/\/amina.is\/#organization"},"potentialAction":[{"@type":"SearchAction","target":{"@type":"EntryPoint","urlTemplate":"https:\/\/amina.is\/?s={search_term_string}"},"query-input":{"@type":"PropertyValueSpecification","valueRequired":true,"valueName":"search_term_string"}}],"inLanguage":"en-US"},{"@type":"Organization","@id":"https:\/\/amina.is\/#organization","name":"Amina","url":"https:\/\/amina.is\/","logo":{"@type":"ImageObject","inLanguage":"en-US","@id":"https:\/\/amina.is\/#\/schema\/logo\/image\/","url":"https:\/\/amina.is\/wp-content\/uploads\/2021\/09\/logo.png","contentUrl":"https:\/\/amina.is\/wp-content\/uploads\/2021\/09\/logo.png","width":1790,"height":464,"caption":"Amina"},"image":{"@id":"https:\/\/amina.is\/#\/schema\/logo\/image\/"},"sameAs":["https:\/\/m.facebook.com\/AMINA-100767148840241\/","https:\/\/www.instagram.com\/aminaverslun\/"]}]}},"_links":{"self":[{"href":"https:\/\/amina.is\/en\/wp-json\/wp\/v2\/product\/6557","targetHints":{"allow":["GET"]}}],"collection":[{"href":"https:\/\/amina.is\/en\/wp-json\/wp\/v2\/product"}],"about":[{"href":"https:\/\/amina.is\/en\/wp-json\/wp\/v2\/types\/product"}],"version-history":[{"count":3,"href":"https:\/\/amina.is\/en\/wp-json\/wp\/v2\/product\/6557\/revisions"}],"predecessor-version":[{"id":7726,"href":"https:\/\/amina.is\/en\/wp-json\/wp\/v2\/product\/6557\/revisions\/7726"}],"wp:featuredmedia":[{"embeddable":true,"href":"https:\/\/amina.is\/en\/wp-json\/wp\/v2\/media\/7723"}],"wp:attachment":[{"href":"https:\/\/amina.is\/en\/wp-json\/wp\/v2\/media?parent=6557"}],"wp:term":[{"taxonomy":"product_brand","embeddable":true,"href":"https:\/\/amina.is\/en\/wp-json\/wp\/v2\/product_brand?post=6557"},{"taxonomy":"product_cat","embeddable":true,"href":"https:\/\/amina.is\/en\/wp-json\/wp\/v2\/product_cat?post=6557"},{"taxonomy":"product_tag","embeddable":true,"href":"https:\/\/amina.is\/en\/wp-json\/wp\/v2\/product_tag?post=6557"}],"curies":[{"name":"wp","href":"https:\/\/api.w.org\/{rel}","templated":true}]}}