{"id":6541,"date":"2021-04-20T22:20:08","date_gmt":"2021-04-20T22:20:08","guid":{"rendered":"http:\/\/amina.web14.vefold.is\/?post_type=product&#038;p=6541"},"modified":"2023-12-24T00:19:26","modified_gmt":"2023-12-24T00:19:26","slug":"vibrating-egg-with-remote-blue","status":"publish","type":"product","link":"https:\/\/amina.is\/en\/verslun\/outlet\/vibrating-egg-with-remote-blue\/","title":{"rendered":"Vibrating Egg with Remote"},"content":{"rendered":"<h5>A little light blue pleasure just for you! This remote controlled egg buzzes your sensitive bits with 4 speeds and 7 patterns of vibration &#8211; perfect for use during sex or solo play. Compact and powerful for hassle free pleasure when you need it! Hide this egg away when not in use and pack it in your bags for vibes on the go.<\/h5>\n<h5>Designed with IPX7 waterproofing for shower friendly play! Take this egg with you and your lover to the hot tub and keep them guessing with the myriad of functions and convenient remote controller. Usable from up to 25 feet away, perfect for play around the home!<\/h5>\n<h5>The remote controller is powered with 1 CR2032 battery (included) and the Vibrating Egg itself is powered with 2 AAA batteries (included) for instant power when you need it.<\/h5>\n<h5><b>Measurements<\/b>: 2.8 inches in length, 1.4 inches widest diameter, 2.5 inch cord length<\/h5>\n<h5><b>Materials<\/b>: ABS plastic<\/h5>\n<h5><b>Color<\/b>: Light blue<\/h5>","protected":false},"excerpt":{"rendered":"<p>Bl\u00e1tt egg me\u00f0 fjarst\u00fdringu. Gengur fyrir rafhl\u00f6\u00f0um.<\/p>","protected":false},"featured_media":8159,"template":"","meta":{"inline_featured_image":false},"product_brand":[],"product_cat":[93],"product_tag":[85,297],"class_list":{"0":"post-6541","1":"product","2":"type-product","3":"status-publish","4":"has-post-thumbnail","6":"product_cat-outlet","7":"product_tag-egg","8":"product_tag-outlet","10":"first","11":"instock","12":"sale","13":"shipping-taxable","14":"purchasable","15":"product-type-simple"},"yoast_head":"<!-- This site is optimized with the Yoast SEO Premium plugin v21.6 (Yoast SEO v27.3) - https:\/\/yoast.com\/product\/yoast-seo-premium-wordpress\/ -->\n<title>Vibrating Egg with Remote &#8211; Amina<\/title>\n<meta name=\"robots\" content=\"index, follow, max-snippet:-1, max-image-preview:large, max-video-preview:-1\" \/>\n<link rel=\"canonical\" href=\"https:\/\/amina.is\/en\/verslun\/outlet\/vibrating-egg-with-remote-blue\/\" \/>\n<meta property=\"og:locale\" content=\"en_US\" \/>\n<meta property=\"og:type\" content=\"article\" \/>\n<meta property=\"og:title\" content=\"Vibrating Egg with Remote\" \/>\n<meta property=\"og:description\" content=\"Bl\u00e1tt egg me\u00f0 fjarst\u00fdringu. Gengur fyrir rafhl\u00f6\u00f0um.\" \/>\n<meta property=\"og:url\" content=\"https:\/\/amina.is\/en\/verslun\/outlet\/vibrating-egg-with-remote-blue\/\" \/>\n<meta property=\"og:site_name\" content=\"Amina\" \/>\n<meta property=\"article:publisher\" content=\"https:\/\/m.facebook.com\/AMINA-100767148840241\/\" \/>\n<meta property=\"article:modified_time\" content=\"2023-12-24T00:19:26+00:00\" \/>\n<meta property=\"og:image\" content=\"https:\/\/amina.is\/wp-content\/uploads\/2021\/04\/egg-remote.jpg\" \/>\n\t<meta property=\"og:image:width\" content=\"1100\" \/>\n\t<meta property=\"og:image:height\" content=\"1100\" \/>\n\t<meta property=\"og:image:type\" content=\"image\/jpeg\" \/>\n<meta name=\"twitter:card\" content=\"summary_large_image\" \/>\n<meta name=\"twitter:label1\" content=\"Est. reading time\" \/>\n\t<meta name=\"twitter:data1\" content=\"1 minute\" \/>\n<script type=\"application\/ld+json\" class=\"yoast-schema-graph\">{\"@context\":\"https:\\\/\\\/schema.org\",\"@graph\":[{\"@type\":\"WebPage\",\"@id\":\"https:\\\/\\\/amina.is\\\/en\\\/verslun\\\/outlet\\\/vibrating-egg-with-remote-blue\\\/\",\"url\":\"https:\\\/\\\/amina.is\\\/en\\\/verslun\\\/outlet\\\/vibrating-egg-with-remote-blue\\\/\",\"name\":\"Vibrating Egg with Remote &#8211; Amina\",\"isPartOf\":{\"@id\":\"https:\\\/\\\/amina.is\\\/#website\"},\"primaryImageOfPage\":{\"@id\":\"https:\\\/\\\/amina.is\\\/en\\\/verslun\\\/outlet\\\/vibrating-egg-with-remote-blue\\\/#primaryimage\"},\"image\":{\"@id\":\"https:\\\/\\\/amina.is\\\/en\\\/verslun\\\/outlet\\\/vibrating-egg-with-remote-blue\\\/#primaryimage\"},\"thumbnailUrl\":\"https:\\\/\\\/amina.is\\\/wp-content\\\/uploads\\\/2021\\\/04\\\/egg-remote.jpg\",\"datePublished\":\"2021-04-20T22:20:08+00:00\",\"dateModified\":\"2023-12-24T00:19:26+00:00\",\"breadcrumb\":{\"@id\":\"https:\\\/\\\/amina.is\\\/en\\\/verslun\\\/outlet\\\/vibrating-egg-with-remote-blue\\\/#breadcrumb\"},\"inLanguage\":\"en-US\",\"potentialAction\":[{\"@type\":\"ReadAction\",\"target\":[\"https:\\\/\\\/amina.is\\\/en\\\/verslun\\\/outlet\\\/vibrating-egg-with-remote-blue\\\/\"]}]},{\"@type\":\"ImageObject\",\"inLanguage\":\"en-US\",\"@id\":\"https:\\\/\\\/amina.is\\\/en\\\/verslun\\\/outlet\\\/vibrating-egg-with-remote-blue\\\/#primaryimage\",\"url\":\"https:\\\/\\\/amina.is\\\/wp-content\\\/uploads\\\/2021\\\/04\\\/egg-remote.jpg\",\"contentUrl\":\"https:\\\/\\\/amina.is\\\/wp-content\\\/uploads\\\/2021\\\/04\\\/egg-remote.jpg\",\"width\":1100,\"height\":1100},{\"@type\":\"BreadcrumbList\",\"@id\":\"https:\\\/\\\/amina.is\\\/en\\\/verslun\\\/outlet\\\/vibrating-egg-with-remote-blue\\\/#breadcrumb\",\"itemListElement\":[{\"@type\":\"ListItem\",\"position\":1,\"name\":\"Home\",\"item\":\"https:\\\/\\\/amina.is\\\/\"},{\"@type\":\"ListItem\",\"position\":2,\"name\":\"Verslun\",\"item\":\"https:\\\/\\\/amina.is\\\/verslun\\\/\"},{\"@type\":\"ListItem\",\"position\":3,\"name\":\"Vibrating Egg with Remote\"}]},{\"@type\":\"WebSite\",\"@id\":\"https:\\\/\\\/amina.is\\\/#website\",\"url\":\"https:\\\/\\\/amina.is\\\/\",\"name\":\"Amina\",\"description\":\"Feeling is everything - Una\u00f0sv\u00f6rur fyrir alla\",\"publisher\":{\"@id\":\"https:\\\/\\\/amina.is\\\/#organization\"},\"potentialAction\":[{\"@type\":\"SearchAction\",\"target\":{\"@type\":\"EntryPoint\",\"urlTemplate\":\"https:\\\/\\\/amina.is\\\/?s={search_term_string}\"},\"query-input\":{\"@type\":\"PropertyValueSpecification\",\"valueRequired\":true,\"valueName\":\"search_term_string\"}}],\"inLanguage\":\"en-US\"},{\"@type\":\"Organization\",\"@id\":\"https:\\\/\\\/amina.is\\\/#organization\",\"name\":\"Amina\",\"url\":\"https:\\\/\\\/amina.is\\\/\",\"logo\":{\"@type\":\"ImageObject\",\"inLanguage\":\"en-US\",\"@id\":\"https:\\\/\\\/amina.is\\\/#\\\/schema\\\/logo\\\/image\\\/\",\"url\":\"https:\\\/\\\/amina.is\\\/wp-content\\\/uploads\\\/2021\\\/09\\\/logo.png\",\"contentUrl\":\"https:\\\/\\\/amina.is\\\/wp-content\\\/uploads\\\/2021\\\/09\\\/logo.png\",\"width\":1790,\"height\":464,\"caption\":\"Amina\"},\"image\":{\"@id\":\"https:\\\/\\\/amina.is\\\/#\\\/schema\\\/logo\\\/image\\\/\"},\"sameAs\":[\"https:\\\/\\\/m.facebook.com\\\/AMINA-100767148840241\\\/\",\"https:\\\/\\\/www.instagram.com\\\/aminaverslun\\\/\"]}]}<\/script>\n<!-- \/ Yoast SEO Premium plugin. -->","yoast_head_json":{"title":"Vibrating Egg with Remote &#8211; Amina","robots":{"index":"index","follow":"follow","max-snippet":"max-snippet:-1","max-image-preview":"max-image-preview:large","max-video-preview":"max-video-preview:-1"},"canonical":"https:\/\/amina.is\/en\/verslun\/outlet\/vibrating-egg-with-remote-blue\/","og_locale":"en_US","og_type":"article","og_title":"Vibrating Egg with Remote","og_description":"Bl\u00e1tt egg me\u00f0 fjarst\u00fdringu. Gengur fyrir rafhl\u00f6\u00f0um.","og_url":"https:\/\/amina.is\/en\/verslun\/outlet\/vibrating-egg-with-remote-blue\/","og_site_name":"Amina","article_publisher":"https:\/\/m.facebook.com\/AMINA-100767148840241\/","article_modified_time":"2023-12-24T00:19:26+00:00","og_image":[{"width":1100,"height":1100,"url":"https:\/\/amina.is\/wp-content\/uploads\/2021\/04\/egg-remote.jpg","type":"image\/jpeg"}],"twitter_card":"summary_large_image","twitter_misc":{"Est. reading time":"1 minute"},"schema":{"@context":"https:\/\/schema.org","@graph":[{"@type":"WebPage","@id":"https:\/\/amina.is\/en\/verslun\/outlet\/vibrating-egg-with-remote-blue\/","url":"https:\/\/amina.is\/en\/verslun\/outlet\/vibrating-egg-with-remote-blue\/","name":"Vibrating Egg with Remote &#8211; Amina","isPartOf":{"@id":"https:\/\/amina.is\/#website"},"primaryImageOfPage":{"@id":"https:\/\/amina.is\/en\/verslun\/outlet\/vibrating-egg-with-remote-blue\/#primaryimage"},"image":{"@id":"https:\/\/amina.is\/en\/verslun\/outlet\/vibrating-egg-with-remote-blue\/#primaryimage"},"thumbnailUrl":"https:\/\/amina.is\/wp-content\/uploads\/2021\/04\/egg-remote.jpg","datePublished":"2021-04-20T22:20:08+00:00","dateModified":"2023-12-24T00:19:26+00:00","breadcrumb":{"@id":"https:\/\/amina.is\/en\/verslun\/outlet\/vibrating-egg-with-remote-blue\/#breadcrumb"},"inLanguage":"en-US","potentialAction":[{"@type":"ReadAction","target":["https:\/\/amina.is\/en\/verslun\/outlet\/vibrating-egg-with-remote-blue\/"]}]},{"@type":"ImageObject","inLanguage":"en-US","@id":"https:\/\/amina.is\/en\/verslun\/outlet\/vibrating-egg-with-remote-blue\/#primaryimage","url":"https:\/\/amina.is\/wp-content\/uploads\/2021\/04\/egg-remote.jpg","contentUrl":"https:\/\/amina.is\/wp-content\/uploads\/2021\/04\/egg-remote.jpg","width":1100,"height":1100},{"@type":"BreadcrumbList","@id":"https:\/\/amina.is\/en\/verslun\/outlet\/vibrating-egg-with-remote-blue\/#breadcrumb","itemListElement":[{"@type":"ListItem","position":1,"name":"Home","item":"https:\/\/amina.is\/"},{"@type":"ListItem","position":2,"name":"Verslun","item":"https:\/\/amina.is\/verslun\/"},{"@type":"ListItem","position":3,"name":"Vibrating Egg with Remote"}]},{"@type":"WebSite","@id":"https:\/\/amina.is\/#website","url":"https:\/\/amina.is\/","name":"Amina","description":"Feeling is everything - Una\u00f0sv\u00f6rur fyrir alla","publisher":{"@id":"https:\/\/amina.is\/#organization"},"potentialAction":[{"@type":"SearchAction","target":{"@type":"EntryPoint","urlTemplate":"https:\/\/amina.is\/?s={search_term_string}"},"query-input":{"@type":"PropertyValueSpecification","valueRequired":true,"valueName":"search_term_string"}}],"inLanguage":"en-US"},{"@type":"Organization","@id":"https:\/\/amina.is\/#organization","name":"Amina","url":"https:\/\/amina.is\/","logo":{"@type":"ImageObject","inLanguage":"en-US","@id":"https:\/\/amina.is\/#\/schema\/logo\/image\/","url":"https:\/\/amina.is\/wp-content\/uploads\/2021\/09\/logo.png","contentUrl":"https:\/\/amina.is\/wp-content\/uploads\/2021\/09\/logo.png","width":1790,"height":464,"caption":"Amina"},"image":{"@id":"https:\/\/amina.is\/#\/schema\/logo\/image\/"},"sameAs":["https:\/\/m.facebook.com\/AMINA-100767148840241\/","https:\/\/www.instagram.com\/aminaverslun\/"]}]}},"_links":{"self":[{"href":"https:\/\/amina.is\/en\/wp-json\/wp\/v2\/product\/6541","targetHints":{"allow":["GET"]}}],"collection":[{"href":"https:\/\/amina.is\/en\/wp-json\/wp\/v2\/product"}],"about":[{"href":"https:\/\/amina.is\/en\/wp-json\/wp\/v2\/types\/product"}],"version-history":[{"count":3,"href":"https:\/\/amina.is\/en\/wp-json\/wp\/v2\/product\/6541\/revisions"}],"predecessor-version":[{"id":8160,"href":"https:\/\/amina.is\/en\/wp-json\/wp\/v2\/product\/6541\/revisions\/8160"}],"wp:featuredmedia":[{"embeddable":true,"href":"https:\/\/amina.is\/en\/wp-json\/wp\/v2\/media\/8159"}],"wp:attachment":[{"href":"https:\/\/amina.is\/en\/wp-json\/wp\/v2\/media?parent=6541"}],"wp:term":[{"taxonomy":"product_brand","embeddable":true,"href":"https:\/\/amina.is\/en\/wp-json\/wp\/v2\/product_brand?post=6541"},{"taxonomy":"product_cat","embeddable":true,"href":"https:\/\/amina.is\/en\/wp-json\/wp\/v2\/product_cat?post=6541"},{"taxonomy":"product_tag","embeddable":true,"href":"https:\/\/amina.is\/en\/wp-json\/wp\/v2\/product_tag?post=6541"}],"curies":[{"name":"wp","href":"https:\/\/api.w.org\/{rel}","templated":true}]}}