{"id":6532,"date":"2021-04-20T18:44:58","date_gmt":"2021-04-20T18:44:58","guid":{"rendered":"http:\/\/amina.web14.vefold.is\/?post_type=product&#038;p=6532"},"modified":"2025-02-17T18:46:00","modified_gmt":"2025-02-17T18:46:00","slug":"tenga-spinner-06-brick-stroker","status":"publish","type":"product","link":"https:\/\/amina.is\/en\/verslun\/typpid\/muffur\/tenga-spinner-06-brick-stroker\/","title":{"rendered":"Tenga Spinner  &#8211; Brick Stroker"},"content":{"rendered":"<h5>Spinner m\u00faffan fr\u00e1 Tenga b\u00fd\u00f0ur upp \u00e1 mikla \u00f6rvun.\u00a0 Spinnerinn hentar b\u00e6\u00f0i einstaklingum og p\u00f6rum \u00fear sem annar a\u00f0ilinn e\u00f0a b\u00e1\u00f0ir eru me\u00f0 typpi. Spinnerinn er me\u00f0 s\u00e9rst\u00f6kum gormum a\u00f0 innan sem sn\u00faast me\u00f0 \u00feegar m\u00faffan er notu\u00f0 og mynda \u00feannig n\u00faning utan um typpi\u00f0 og aukna \u00f6rvun.<\/h5>\n<h5>N\u00famer 06 er einstaklega mj\u00fak en \u00ferengri og me\u00f0 gr\u00f3fara mynstur en a\u00f0rar \u00ed s\u00f6mu l\u00ednu. M\u00faffan er ger\u00f0 \u00far TPE (s\u00edlikon bl\u00f6ndu) Ytra m\u00e1l: 5.6&#215;5.6x14cm Innra m\u00e1l :4.5&#215;4.5x13cm Endingart\u00edmi fer eftir notkun en e\u00f0lilegur l\u00edft\u00edmi er um 4 til 6 m\u00e1nu\u00f0ir.<\/h5>","protected":false},"excerpt":{"rendered":"<p>Spinner m\u00faffan fr\u00e1 Tenga b\u00fd\u00f0ur upp \u00e1 mikla \u00f6rvun.\u00a0 Spinnerinn hentar b\u00e6\u00f0i einstaklingum og p\u00f6rum \u00fear sem annar a\u00f0ilinn e\u00f0a b\u00e1\u00f0ir eru me\u00f0 typpi.<\/p>","protected":false},"featured_media":8018,"template":"","meta":{"inline_featured_image":false},"product_brand":[],"product_cat":[41,43,877,899,45],"product_tag":[69,62,63,322,321],"class_list":{"0":"post-6532","1":"product","2":"type-product","3":"status-publish","4":"has-post-thumbnail","6":"product_cat-fyrir-tha","7":"product_cat-fyrir-thau","8":"product_cat-muffur","9":"product_cat-notaahann","10":"product_cat-typpid","11":"product_tag-masturbation","12":"product_tag-muffa","13":"product_tag-sjalfsfroun","14":"product_tag-stroker","15":"product_tag-tenga","17":"first","18":"instock","19":"sale","20":"shipping-taxable","21":"purchasable","22":"product-type-simple"},"yoast_head":"<!-- This site is optimized with the Yoast SEO Premium plugin v21.6 (Yoast SEO v27.3) - https:\/\/yoast.com\/product\/yoast-seo-premium-wordpress\/ -->\n<title>Tenga Spinner - Brick Stroker &#8211; Amina<\/title>\n<meta name=\"robots\" content=\"index, follow, max-snippet:-1, max-image-preview:large, max-video-preview:-1\" \/>\n<link rel=\"canonical\" href=\"https:\/\/amina.is\/en\/verslun\/typpid\/muffur\/tenga-spinner-06-brick-stroker\/\" \/>\n<meta property=\"og:locale\" content=\"en_US\" \/>\n<meta property=\"og:type\" content=\"article\" \/>\n<meta property=\"og:title\" content=\"Tenga Spinner - Brick Stroker\" \/>\n<meta property=\"og:description\" content=\"Spinner m\u00faffan fr\u00e1 Tenga b\u00fd\u00f0ur upp \u00e1 mikla \u00f6rvun.\u00a0 Spinnerinn hentar b\u00e6\u00f0i einstaklingum og p\u00f6rum \u00fear sem annar a\u00f0ilinn e\u00f0a b\u00e1\u00f0ir eru me\u00f0 typpi.\" \/>\n<meta property=\"og:url\" content=\"https:\/\/amina.is\/en\/verslun\/typpid\/muffur\/tenga-spinner-06-brick-stroker\/\" \/>\n<meta property=\"og:site_name\" content=\"Amina\" \/>\n<meta property=\"article:publisher\" content=\"https:\/\/m.facebook.com\/AMINA-100767148840241\/\" \/>\n<meta property=\"article:modified_time\" content=\"2025-02-17T18:46:00+00:00\" \/>\n<meta property=\"og:image\" content=\"https:\/\/amina.is\/wp-content\/uploads\/2021\/04\/brick.jpg\" \/>\n\t<meta property=\"og:image:width\" content=\"1600\" \/>\n\t<meta property=\"og:image:height\" content=\"1600\" \/>\n\t<meta property=\"og:image:type\" content=\"image\/jpeg\" \/>\n<meta name=\"twitter:card\" content=\"summary_large_image\" \/>\n<meta name=\"twitter:label1\" content=\"Est. reading time\" \/>\n\t<meta name=\"twitter:data1\" content=\"1 minute\" \/>\n<script type=\"application\/ld+json\" class=\"yoast-schema-graph\">{\"@context\":\"https:\\\/\\\/schema.org\",\"@graph\":[{\"@type\":\"WebPage\",\"@id\":\"https:\\\/\\\/amina.is\\\/verslun\\\/typpid\\\/muffur\\\/tenga-spinner-06-brick-stroker\\\/\",\"url\":\"https:\\\/\\\/amina.is\\\/verslun\\\/typpid\\\/muffur\\\/tenga-spinner-06-brick-stroker\\\/\",\"name\":\"Tenga Spinner - Brick Stroker &#8211; Amina\",\"isPartOf\":{\"@id\":\"https:\\\/\\\/amina.is\\\/#website\"},\"primaryImageOfPage\":{\"@id\":\"https:\\\/\\\/amina.is\\\/verslun\\\/typpid\\\/muffur\\\/tenga-spinner-06-brick-stroker\\\/#primaryimage\"},\"image\":{\"@id\":\"https:\\\/\\\/amina.is\\\/verslun\\\/typpid\\\/muffur\\\/tenga-spinner-06-brick-stroker\\\/#primaryimage\"},\"thumbnailUrl\":\"https:\\\/\\\/amina.is\\\/wp-content\\\/uploads\\\/2021\\\/04\\\/brick.jpg\",\"datePublished\":\"2021-04-20T18:44:58+00:00\",\"dateModified\":\"2025-02-17T18:46:00+00:00\",\"breadcrumb\":{\"@id\":\"https:\\\/\\\/amina.is\\\/verslun\\\/typpid\\\/muffur\\\/tenga-spinner-06-brick-stroker\\\/#breadcrumb\"},\"inLanguage\":\"en-US\",\"potentialAction\":[{\"@type\":\"ReadAction\",\"target\":[\"https:\\\/\\\/amina.is\\\/verslun\\\/typpid\\\/muffur\\\/tenga-spinner-06-brick-stroker\\\/\"]}]},{\"@type\":\"ImageObject\",\"inLanguage\":\"en-US\",\"@id\":\"https:\\\/\\\/amina.is\\\/verslun\\\/typpid\\\/muffur\\\/tenga-spinner-06-brick-stroker\\\/#primaryimage\",\"url\":\"https:\\\/\\\/amina.is\\\/wp-content\\\/uploads\\\/2021\\\/04\\\/brick.jpg\",\"contentUrl\":\"https:\\\/\\\/amina.is\\\/wp-content\\\/uploads\\\/2021\\\/04\\\/brick.jpg\",\"width\":1600,\"height\":1600},{\"@type\":\"BreadcrumbList\",\"@id\":\"https:\\\/\\\/amina.is\\\/verslun\\\/typpid\\\/muffur\\\/tenga-spinner-06-brick-stroker\\\/#breadcrumb\",\"itemListElement\":[{\"@type\":\"ListItem\",\"position\":1,\"name\":\"Home\",\"item\":\"https:\\\/\\\/amina.is\\\/\"},{\"@type\":\"ListItem\",\"position\":2,\"name\":\"Verslun\",\"item\":\"https:\\\/\\\/amina.is\\\/verslun\\\/\"},{\"@type\":\"ListItem\",\"position\":3,\"name\":\"Tenga Spinner &#8211; Brick Stroker\"}]},{\"@type\":\"WebSite\",\"@id\":\"https:\\\/\\\/amina.is\\\/#website\",\"url\":\"https:\\\/\\\/amina.is\\\/\",\"name\":\"Amina\",\"description\":\"Feeling is everything - Una\u00f0sv\u00f6rur fyrir alla\",\"publisher\":{\"@id\":\"https:\\\/\\\/amina.is\\\/#organization\"},\"potentialAction\":[{\"@type\":\"SearchAction\",\"target\":{\"@type\":\"EntryPoint\",\"urlTemplate\":\"https:\\\/\\\/amina.is\\\/?s={search_term_string}\"},\"query-input\":{\"@type\":\"PropertyValueSpecification\",\"valueRequired\":true,\"valueName\":\"search_term_string\"}}],\"inLanguage\":\"en-US\"},{\"@type\":\"Organization\",\"@id\":\"https:\\\/\\\/amina.is\\\/#organization\",\"name\":\"Amina\",\"url\":\"https:\\\/\\\/amina.is\\\/\",\"logo\":{\"@type\":\"ImageObject\",\"inLanguage\":\"en-US\",\"@id\":\"https:\\\/\\\/amina.is\\\/#\\\/schema\\\/logo\\\/image\\\/\",\"url\":\"https:\\\/\\\/amina.is\\\/wp-content\\\/uploads\\\/2021\\\/09\\\/logo.png\",\"contentUrl\":\"https:\\\/\\\/amina.is\\\/wp-content\\\/uploads\\\/2021\\\/09\\\/logo.png\",\"width\":1790,\"height\":464,\"caption\":\"Amina\"},\"image\":{\"@id\":\"https:\\\/\\\/amina.is\\\/#\\\/schema\\\/logo\\\/image\\\/\"},\"sameAs\":[\"https:\\\/\\\/m.facebook.com\\\/AMINA-100767148840241\\\/\",\"https:\\\/\\\/www.instagram.com\\\/aminaverslun\\\/\"]}]}<\/script>\n<!-- \/ Yoast SEO Premium plugin. -->","yoast_head_json":{"title":"Tenga Spinner - Brick Stroker &#8211; Amina","robots":{"index":"index","follow":"follow","max-snippet":"max-snippet:-1","max-image-preview":"max-image-preview:large","max-video-preview":"max-video-preview:-1"},"canonical":"https:\/\/amina.is\/en\/verslun\/typpid\/muffur\/tenga-spinner-06-brick-stroker\/","og_locale":"en_US","og_type":"article","og_title":"Tenga Spinner - Brick Stroker","og_description":"Spinner m\u00faffan fr\u00e1 Tenga b\u00fd\u00f0ur upp \u00e1 mikla \u00f6rvun.\u00a0 Spinnerinn hentar b\u00e6\u00f0i einstaklingum og p\u00f6rum \u00fear sem annar a\u00f0ilinn e\u00f0a b\u00e1\u00f0ir eru me\u00f0 typpi.","og_url":"https:\/\/amina.is\/en\/verslun\/typpid\/muffur\/tenga-spinner-06-brick-stroker\/","og_site_name":"Amina","article_publisher":"https:\/\/m.facebook.com\/AMINA-100767148840241\/","article_modified_time":"2025-02-17T18:46:00+00:00","og_image":[{"width":1600,"height":1600,"url":"https:\/\/amina.is\/wp-content\/uploads\/2021\/04\/brick.jpg","type":"image\/jpeg"}],"twitter_card":"summary_large_image","twitter_misc":{"Est. reading time":"1 minute"},"schema":{"@context":"https:\/\/schema.org","@graph":[{"@type":"WebPage","@id":"https:\/\/amina.is\/verslun\/typpid\/muffur\/tenga-spinner-06-brick-stroker\/","url":"https:\/\/amina.is\/verslun\/typpid\/muffur\/tenga-spinner-06-brick-stroker\/","name":"Tenga Spinner - Brick Stroker &#8211; Amina","isPartOf":{"@id":"https:\/\/amina.is\/#website"},"primaryImageOfPage":{"@id":"https:\/\/amina.is\/verslun\/typpid\/muffur\/tenga-spinner-06-brick-stroker\/#primaryimage"},"image":{"@id":"https:\/\/amina.is\/verslun\/typpid\/muffur\/tenga-spinner-06-brick-stroker\/#primaryimage"},"thumbnailUrl":"https:\/\/amina.is\/wp-content\/uploads\/2021\/04\/brick.jpg","datePublished":"2021-04-20T18:44:58+00:00","dateModified":"2025-02-17T18:46:00+00:00","breadcrumb":{"@id":"https:\/\/amina.is\/verslun\/typpid\/muffur\/tenga-spinner-06-brick-stroker\/#breadcrumb"},"inLanguage":"en-US","potentialAction":[{"@type":"ReadAction","target":["https:\/\/amina.is\/verslun\/typpid\/muffur\/tenga-spinner-06-brick-stroker\/"]}]},{"@type":"ImageObject","inLanguage":"en-US","@id":"https:\/\/amina.is\/verslun\/typpid\/muffur\/tenga-spinner-06-brick-stroker\/#primaryimage","url":"https:\/\/amina.is\/wp-content\/uploads\/2021\/04\/brick.jpg","contentUrl":"https:\/\/amina.is\/wp-content\/uploads\/2021\/04\/brick.jpg","width":1600,"height":1600},{"@type":"BreadcrumbList","@id":"https:\/\/amina.is\/verslun\/typpid\/muffur\/tenga-spinner-06-brick-stroker\/#breadcrumb","itemListElement":[{"@type":"ListItem","position":1,"name":"Home","item":"https:\/\/amina.is\/"},{"@type":"ListItem","position":2,"name":"Verslun","item":"https:\/\/amina.is\/verslun\/"},{"@type":"ListItem","position":3,"name":"Tenga Spinner &#8211; Brick Stroker"}]},{"@type":"WebSite","@id":"https:\/\/amina.is\/#website","url":"https:\/\/amina.is\/","name":"Amina","description":"Feeling is everything - Una\u00f0sv\u00f6rur fyrir alla","publisher":{"@id":"https:\/\/amina.is\/#organization"},"potentialAction":[{"@type":"SearchAction","target":{"@type":"EntryPoint","urlTemplate":"https:\/\/amina.is\/?s={search_term_string}"},"query-input":{"@type":"PropertyValueSpecification","valueRequired":true,"valueName":"search_term_string"}}],"inLanguage":"en-US"},{"@type":"Organization","@id":"https:\/\/amina.is\/#organization","name":"Amina","url":"https:\/\/amina.is\/","logo":{"@type":"ImageObject","inLanguage":"en-US","@id":"https:\/\/amina.is\/#\/schema\/logo\/image\/","url":"https:\/\/amina.is\/wp-content\/uploads\/2021\/09\/logo.png","contentUrl":"https:\/\/amina.is\/wp-content\/uploads\/2021\/09\/logo.png","width":1790,"height":464,"caption":"Amina"},"image":{"@id":"https:\/\/amina.is\/#\/schema\/logo\/image\/"},"sameAs":["https:\/\/m.facebook.com\/AMINA-100767148840241\/","https:\/\/www.instagram.com\/aminaverslun\/"]}]}},"_links":{"self":[{"href":"https:\/\/amina.is\/en\/wp-json\/wp\/v2\/product\/6532","targetHints":{"allow":["GET"]}}],"collection":[{"href":"https:\/\/amina.is\/en\/wp-json\/wp\/v2\/product"}],"about":[{"href":"https:\/\/amina.is\/en\/wp-json\/wp\/v2\/types\/product"}],"version-history":[{"count":7,"href":"https:\/\/amina.is\/en\/wp-json\/wp\/v2\/product\/6532\/revisions"}],"predecessor-version":[{"id":8023,"href":"https:\/\/amina.is\/en\/wp-json\/wp\/v2\/product\/6532\/revisions\/8023"}],"wp:featuredmedia":[{"embeddable":true,"href":"https:\/\/amina.is\/en\/wp-json\/wp\/v2\/media\/8018"}],"wp:attachment":[{"href":"https:\/\/amina.is\/en\/wp-json\/wp\/v2\/media?parent=6532"}],"wp:term":[{"taxonomy":"product_brand","embeddable":true,"href":"https:\/\/amina.is\/en\/wp-json\/wp\/v2\/product_brand?post=6532"},{"taxonomy":"product_cat","embeddable":true,"href":"https:\/\/amina.is\/en\/wp-json\/wp\/v2\/product_cat?post=6532"},{"taxonomy":"product_tag","embeddable":true,"href":"https:\/\/amina.is\/en\/wp-json\/wp\/v2\/product_tag?post=6532"}],"curies":[{"name":"wp","href":"https:\/\/api.w.org\/{rel}","templated":true}]}}