{"id":6526,"date":"2021-04-20T18:14:31","date_gmt":"2021-04-20T18:14:31","guid":{"rendered":"http:\/\/amina.web14.vefold.is\/?post_type=product&#038;p=6526"},"modified":"2023-03-28T19:08:37","modified_gmt":"2023-03-28T19:08:37","slug":"inmi-suction-rabbit-vibrator-pink","status":"publish","type":"product","link":"https:\/\/amina.is\/en\/verslun\/pikan\/titrarar\/inmi-suction-rabbit-vibrator-pink\/","title":{"rendered":"INMI &#8211; Suction Rabbit Vibrator Bleikur e\u00f0a Svartur"},"content":{"rendered":"<h5>V\u00edbradorinn sem b\u00fd\u00f0ur \u00fe\u00e9r upp \u00e1 5 stj\u00f6rnu upplifun! Hann er me\u00f0 hvorki meira n\u00e9 minna en 7 mismunandi sog stillingar og 3 stillingar fyrir titring.\u00a0\u00d6rvar b\u00e6\u00f0i sn\u00edp og G-Blett \u00e1 sama t\u00edma og h\u00e6gt a\u00f0 skella \u00ed t\u00farb\u00f3 til \u00feess a\u00f0 gera fulln\u00e6ginguna enn magna\u00f0ri. USB hle\u00f0sla og \u00feolir vatnsskvettur sem gera \u00ferifin \u00fe\u00e6gileg. Heildarlengd: 21cm. Innsetjanleg lengd: 10cm. Brei\u00f0asti hluti: 3.8cm.<\/h5>\n<h5><\/h5>","protected":false},"excerpt":{"rendered":"<p>V\u00edbradorinn sem b\u00fd\u00f0ur \u00fe\u00e9r upp \u00e1 5 stj\u00f6rnu upplifun. 7 sog stillingar og 3 stillingar fyrir titring.<\/p>","protected":false},"featured_media":11607,"template":"","meta":{"inline_featured_image":false},"product_brand":[],"product_cat":[42,43,885,44,900,883],"product_tag":[121,120,331,69,128,332,63,264,56,50,272],"class_list":{"0":"post-6526","1":"product","2":"type-product","3":"status-publish","4":"has-post-thumbnail","6":"product_cat-fyrir-thaer","7":"product_cat-fyrir-thau","8":"product_cat-sogtaeki","9":"product_cat-pikan","10":"product_cat-notaahana","11":"product_cat-titrarar","12":"product_tag-bleikt","13":"product_tag-bleikur","14":"product_tag-inmi","15":"product_tag-masturbation","16":"product_tag-pink","17":"product_tag-shegasm","18":"product_tag-sjalfsfroun","19":"product_tag-skopin","20":"product_tag-vagina","21":"product_tag-vibrador","22":"product_tag-vibrator","24":"first","25":"instock","26":"shipping-taxable","27":"purchasable","28":"product-type-variable"},"yoast_head":"<!-- This site is optimized with the Yoast SEO Premium plugin v21.6 (Yoast SEO v27.3) - https:\/\/yoast.com\/product\/yoast-seo-premium-wordpress\/ -->\n<title>INMI - Suction Rabbit Vibrator Bleikur e\u00f0a Svartur &#8211; Amina<\/title>\n<meta name=\"description\" content=\"V\u00edbradorinn sem b\u00fd\u00f0ur \u00fe\u00e9r upp \u00e1 5 stj\u00f6rnu upplifun!\" \/>\n<meta name=\"robots\" content=\"index, follow, max-snippet:-1, max-image-preview:large, max-video-preview:-1\" \/>\n<link rel=\"canonical\" href=\"https:\/\/amina.is\/en\/verslun\/pikan\/titrarar\/inmi-suction-rabbit-vibrator-pink\/\" \/>\n<meta property=\"og:locale\" content=\"en_US\" \/>\n<meta property=\"og:type\" content=\"article\" \/>\n<meta property=\"og:title\" content=\"INMI - Suction Rabbit Vibrator Bleikur e\u00f0a Svartur\" \/>\n<meta property=\"og:description\" content=\"V\u00edbradorinn sem b\u00fd\u00f0ur \u00fe\u00e9r upp \u00e1 5 stj\u00f6rnu upplifun!\" \/>\n<meta property=\"og:url\" content=\"https:\/\/amina.is\/en\/verslun\/pikan\/titrarar\/inmi-suction-rabbit-vibrator-pink\/\" \/>\n<meta property=\"og:site_name\" content=\"Amina\" \/>\n<meta property=\"article:publisher\" content=\"https:\/\/m.facebook.com\/AMINA-100767148840241\/\" \/>\n<meta property=\"article:modified_time\" content=\"2023-03-28T19:08:37+00:00\" \/>\n<meta property=\"og:image\" content=\"https:\/\/amina.is\/wp-content\/uploads\/2021\/04\/AMINA-vorumyndir-dokkur-bakgrunnur-6.jpg\" \/>\n\t<meta property=\"og:image:width\" content=\"1080\" \/>\n\t<meta property=\"og:image:height\" content=\"1080\" \/>\n\t<meta property=\"og:image:type\" content=\"image\/jpeg\" \/>\n<meta name=\"twitter:card\" content=\"summary_large_image\" \/>\n<meta name=\"twitter:label1\" content=\"Est. reading time\" \/>\n\t<meta name=\"twitter:data1\" content=\"1 minute\" \/>\n<script type=\"application\/ld+json\" class=\"yoast-schema-graph\">{\"@context\":\"https:\\\/\\\/schema.org\",\"@graph\":[{\"@type\":\"WebPage\",\"@id\":\"https:\\\/\\\/amina.is\\\/verslun\\\/pikan\\\/titrarar\\\/inmi-suction-rabbit-vibrator-pink\\\/\",\"url\":\"https:\\\/\\\/amina.is\\\/verslun\\\/pikan\\\/titrarar\\\/inmi-suction-rabbit-vibrator-pink\\\/\",\"name\":\"INMI - Suction Rabbit Vibrator Bleikur e\u00f0a Svartur &#8211; Amina\",\"isPartOf\":{\"@id\":\"https:\\\/\\\/amina.is\\\/#website\"},\"primaryImageOfPage\":{\"@id\":\"https:\\\/\\\/amina.is\\\/verslun\\\/pikan\\\/titrarar\\\/inmi-suction-rabbit-vibrator-pink\\\/#primaryimage\"},\"image\":{\"@id\":\"https:\\\/\\\/amina.is\\\/verslun\\\/pikan\\\/titrarar\\\/inmi-suction-rabbit-vibrator-pink\\\/#primaryimage\"},\"thumbnailUrl\":\"https:\\\/\\\/amina.is\\\/wp-content\\\/uploads\\\/2021\\\/04\\\/AMINA-vorumyndir-dokkur-bakgrunnur-6.jpg\",\"datePublished\":\"2021-04-20T18:14:31+00:00\",\"dateModified\":\"2023-03-28T19:08:37+00:00\",\"description\":\"V\u00edbradorinn sem b\u00fd\u00f0ur \u00fe\u00e9r upp \u00e1 5 stj\u00f6rnu upplifun!\",\"breadcrumb\":{\"@id\":\"https:\\\/\\\/amina.is\\\/verslun\\\/pikan\\\/titrarar\\\/inmi-suction-rabbit-vibrator-pink\\\/#breadcrumb\"},\"inLanguage\":\"en-US\",\"potentialAction\":[{\"@type\":\"ReadAction\",\"target\":[\"https:\\\/\\\/amina.is\\\/verslun\\\/pikan\\\/titrarar\\\/inmi-suction-rabbit-vibrator-pink\\\/\"]}]},{\"@type\":\"ImageObject\",\"inLanguage\":\"en-US\",\"@id\":\"https:\\\/\\\/amina.is\\\/verslun\\\/pikan\\\/titrarar\\\/inmi-suction-rabbit-vibrator-pink\\\/#primaryimage\",\"url\":\"https:\\\/\\\/amina.is\\\/wp-content\\\/uploads\\\/2021\\\/04\\\/AMINA-vorumyndir-dokkur-bakgrunnur-6.jpg\",\"contentUrl\":\"https:\\\/\\\/amina.is\\\/wp-content\\\/uploads\\\/2021\\\/04\\\/AMINA-vorumyndir-dokkur-bakgrunnur-6.jpg\",\"width\":1080,\"height\":1080},{\"@type\":\"BreadcrumbList\",\"@id\":\"https:\\\/\\\/amina.is\\\/verslun\\\/pikan\\\/titrarar\\\/inmi-suction-rabbit-vibrator-pink\\\/#breadcrumb\",\"itemListElement\":[{\"@type\":\"ListItem\",\"position\":1,\"name\":\"Home\",\"item\":\"https:\\\/\\\/amina.is\\\/\"},{\"@type\":\"ListItem\",\"position\":2,\"name\":\"Verslun\",\"item\":\"https:\\\/\\\/amina.is\\\/verslun\\\/\"},{\"@type\":\"ListItem\",\"position\":3,\"name\":\"INMI &#8211; Suction Rabbit Vibrator Bleikur e\u00f0a Svartur\"}]},{\"@type\":\"WebSite\",\"@id\":\"https:\\\/\\\/amina.is\\\/#website\",\"url\":\"https:\\\/\\\/amina.is\\\/\",\"name\":\"Amina\",\"description\":\"Feeling is everything - Una\u00f0sv\u00f6rur fyrir alla\",\"publisher\":{\"@id\":\"https:\\\/\\\/amina.is\\\/#organization\"},\"potentialAction\":[{\"@type\":\"SearchAction\",\"target\":{\"@type\":\"EntryPoint\",\"urlTemplate\":\"https:\\\/\\\/amina.is\\\/?s={search_term_string}\"},\"query-input\":{\"@type\":\"PropertyValueSpecification\",\"valueRequired\":true,\"valueName\":\"search_term_string\"}}],\"inLanguage\":\"en-US\"},{\"@type\":\"Organization\",\"@id\":\"https:\\\/\\\/amina.is\\\/#organization\",\"name\":\"Amina\",\"url\":\"https:\\\/\\\/amina.is\\\/\",\"logo\":{\"@type\":\"ImageObject\",\"inLanguage\":\"en-US\",\"@id\":\"https:\\\/\\\/amina.is\\\/#\\\/schema\\\/logo\\\/image\\\/\",\"url\":\"https:\\\/\\\/amina.is\\\/wp-content\\\/uploads\\\/2021\\\/09\\\/logo.png\",\"contentUrl\":\"https:\\\/\\\/amina.is\\\/wp-content\\\/uploads\\\/2021\\\/09\\\/logo.png\",\"width\":1790,\"height\":464,\"caption\":\"Amina\"},\"image\":{\"@id\":\"https:\\\/\\\/amina.is\\\/#\\\/schema\\\/logo\\\/image\\\/\"},\"sameAs\":[\"https:\\\/\\\/m.facebook.com\\\/AMINA-100767148840241\\\/\",\"https:\\\/\\\/www.instagram.com\\\/aminaverslun\\\/\"]}]}<\/script>\n<!-- \/ Yoast SEO Premium plugin. -->","yoast_head_json":{"title":"INMI - Suction Rabbit Vibrator Bleikur e\u00f0a Svartur &#8211; Amina","description":"V\u00edbradorinn sem b\u00fd\u00f0ur \u00fe\u00e9r upp \u00e1 5 stj\u00f6rnu upplifun!","robots":{"index":"index","follow":"follow","max-snippet":"max-snippet:-1","max-image-preview":"max-image-preview:large","max-video-preview":"max-video-preview:-1"},"canonical":"https:\/\/amina.is\/en\/verslun\/pikan\/titrarar\/inmi-suction-rabbit-vibrator-pink\/","og_locale":"en_US","og_type":"article","og_title":"INMI - Suction Rabbit Vibrator Bleikur e\u00f0a Svartur","og_description":"V\u00edbradorinn sem b\u00fd\u00f0ur \u00fe\u00e9r upp \u00e1 5 stj\u00f6rnu upplifun!","og_url":"https:\/\/amina.is\/en\/verslun\/pikan\/titrarar\/inmi-suction-rabbit-vibrator-pink\/","og_site_name":"Amina","article_publisher":"https:\/\/m.facebook.com\/AMINA-100767148840241\/","article_modified_time":"2023-03-28T19:08:37+00:00","og_image":[{"width":1080,"height":1080,"url":"https:\/\/amina.is\/wp-content\/uploads\/2021\/04\/AMINA-vorumyndir-dokkur-bakgrunnur-6.jpg","type":"image\/jpeg"}],"twitter_card":"summary_large_image","twitter_misc":{"Est. reading time":"1 minute"},"schema":{"@context":"https:\/\/schema.org","@graph":[{"@type":"WebPage","@id":"https:\/\/amina.is\/verslun\/pikan\/titrarar\/inmi-suction-rabbit-vibrator-pink\/","url":"https:\/\/amina.is\/verslun\/pikan\/titrarar\/inmi-suction-rabbit-vibrator-pink\/","name":"INMI - Suction Rabbit Vibrator Bleikur e\u00f0a Svartur &#8211; Amina","isPartOf":{"@id":"https:\/\/amina.is\/#website"},"primaryImageOfPage":{"@id":"https:\/\/amina.is\/verslun\/pikan\/titrarar\/inmi-suction-rabbit-vibrator-pink\/#primaryimage"},"image":{"@id":"https:\/\/amina.is\/verslun\/pikan\/titrarar\/inmi-suction-rabbit-vibrator-pink\/#primaryimage"},"thumbnailUrl":"https:\/\/amina.is\/wp-content\/uploads\/2021\/04\/AMINA-vorumyndir-dokkur-bakgrunnur-6.jpg","datePublished":"2021-04-20T18:14:31+00:00","dateModified":"2023-03-28T19:08:37+00:00","description":"V\u00edbradorinn sem b\u00fd\u00f0ur \u00fe\u00e9r upp \u00e1 5 stj\u00f6rnu upplifun!","breadcrumb":{"@id":"https:\/\/amina.is\/verslun\/pikan\/titrarar\/inmi-suction-rabbit-vibrator-pink\/#breadcrumb"},"inLanguage":"en-US","potentialAction":[{"@type":"ReadAction","target":["https:\/\/amina.is\/verslun\/pikan\/titrarar\/inmi-suction-rabbit-vibrator-pink\/"]}]},{"@type":"ImageObject","inLanguage":"en-US","@id":"https:\/\/amina.is\/verslun\/pikan\/titrarar\/inmi-suction-rabbit-vibrator-pink\/#primaryimage","url":"https:\/\/amina.is\/wp-content\/uploads\/2021\/04\/AMINA-vorumyndir-dokkur-bakgrunnur-6.jpg","contentUrl":"https:\/\/amina.is\/wp-content\/uploads\/2021\/04\/AMINA-vorumyndir-dokkur-bakgrunnur-6.jpg","width":1080,"height":1080},{"@type":"BreadcrumbList","@id":"https:\/\/amina.is\/verslun\/pikan\/titrarar\/inmi-suction-rabbit-vibrator-pink\/#breadcrumb","itemListElement":[{"@type":"ListItem","position":1,"name":"Home","item":"https:\/\/amina.is\/"},{"@type":"ListItem","position":2,"name":"Verslun","item":"https:\/\/amina.is\/verslun\/"},{"@type":"ListItem","position":3,"name":"INMI &#8211; Suction Rabbit Vibrator Bleikur e\u00f0a Svartur"}]},{"@type":"WebSite","@id":"https:\/\/amina.is\/#website","url":"https:\/\/amina.is\/","name":"Amina","description":"Feeling is everything - Una\u00f0sv\u00f6rur fyrir alla","publisher":{"@id":"https:\/\/amina.is\/#organization"},"potentialAction":[{"@type":"SearchAction","target":{"@type":"EntryPoint","urlTemplate":"https:\/\/amina.is\/?s={search_term_string}"},"query-input":{"@type":"PropertyValueSpecification","valueRequired":true,"valueName":"search_term_string"}}],"inLanguage":"en-US"},{"@type":"Organization","@id":"https:\/\/amina.is\/#organization","name":"Amina","url":"https:\/\/amina.is\/","logo":{"@type":"ImageObject","inLanguage":"en-US","@id":"https:\/\/amina.is\/#\/schema\/logo\/image\/","url":"https:\/\/amina.is\/wp-content\/uploads\/2021\/09\/logo.png","contentUrl":"https:\/\/amina.is\/wp-content\/uploads\/2021\/09\/logo.png","width":1790,"height":464,"caption":"Amina"},"image":{"@id":"https:\/\/amina.is\/#\/schema\/logo\/image\/"},"sameAs":["https:\/\/m.facebook.com\/AMINA-100767148840241\/","https:\/\/www.instagram.com\/aminaverslun\/"]}]}},"_links":{"self":[{"href":"https:\/\/amina.is\/en\/wp-json\/wp\/v2\/product\/6526","targetHints":{"allow":["GET"]}}],"collection":[{"href":"https:\/\/amina.is\/en\/wp-json\/wp\/v2\/product"}],"about":[{"href":"https:\/\/amina.is\/en\/wp-json\/wp\/v2\/types\/product"}],"version-history":[{"count":6,"href":"https:\/\/amina.is\/en\/wp-json\/wp\/v2\/product\/6526\/revisions"}],"predecessor-version":[{"id":11608,"href":"https:\/\/amina.is\/en\/wp-json\/wp\/v2\/product\/6526\/revisions\/11608"}],"wp:featuredmedia":[{"embeddable":true,"href":"https:\/\/amina.is\/en\/wp-json\/wp\/v2\/media\/11607"}],"wp:attachment":[{"href":"https:\/\/amina.is\/en\/wp-json\/wp\/v2\/media?parent=6526"}],"wp:term":[{"taxonomy":"product_brand","embeddable":true,"href":"https:\/\/amina.is\/en\/wp-json\/wp\/v2\/product_brand?post=6526"},{"taxonomy":"product_cat","embeddable":true,"href":"https:\/\/amina.is\/en\/wp-json\/wp\/v2\/product_cat?post=6526"},{"taxonomy":"product_tag","embeddable":true,"href":"https:\/\/amina.is\/en\/wp-json\/wp\/v2\/product_tag?post=6526"}],"curies":[{"name":"wp","href":"https:\/\/api.w.org\/{rel}","templated":true}]}}