{"id":6519,"date":"2021-04-20T17:52:17","date_gmt":"2021-04-20T17:52:17","guid":{"rendered":"http:\/\/amina.web14.vefold.is\/?post_type=product&#038;p=6519"},"modified":"2025-10-03T23:46:07","modified_gmt":"2025-10-03T23:46:07","slug":"weighted-anal-plug-small","status":"publish","type":"product","link":"https:\/\/amina.is\/en\/verslun\/fyrir-thau\/notaahann\/weighted-anal-plug-small\/","title":{"rendered":"Heavy Hitters &#8211; Weighted Anal Plug &#8211; Small"},"content":{"rendered":"<h5>Butt plug me\u00f0 \u00feyngingu. \u00deessi er einstaklega \u00fe\u00e6gilegur \u00ed notkun, mj\u00fakur a\u00f0 utan og me\u00f0 mj\u00f3um h\u00e1ls sem \u00fe\u00fa finnur varla fyrir. \u00deessi er fr\u00e1b\u00e6r til \u00feess a\u00f0 hita upp fyrir kv\u00f6ldi\u00f0 \u00feegar stunda \u00e1 kynm\u00f6k a\u00f0 aftan e\u00f0a til \u00feess a\u00f0 nota \u00e1 me\u00f0an kynl\u00edfi stendur og veitir hann \u00fe\u00e1 aukin una\u00f0. M\u00e6lum einnig me\u00f0 \u00feessum fyrir \u00fe\u00e1 sem vilja ganga um me\u00f0 butt plug yfir daginn.<\/h5>\n<h5>Heildarlengd: 11,5cm. Lengd \u00e1 k\u00falu: 6,3cm. Umm\u00e1l k\u00falu: 3cm. \u00deyngd k\u00falu: 94gr.<\/h5>\n<p>&nbsp;<\/p>","protected":false},"excerpt":{"rendered":"<p>Butt plug me\u00f0 \u00feyngingu. \u00deessi er einstaklega \u00fe\u00e6gilegur \u00ed notkun, mj\u00fakur a\u00f0 utan og me\u00f0 mj\u00f3um h\u00e1ls sem \u00fe\u00fa finnur varla fyrir.<\/p>","protected":false},"featured_media":8094,"template":"","meta":{"inline_featured_image":false},"product_brand":[],"product_cat":[907,41,42,43,35,900,899],"product_tag":[57,203,61,800,262,263,76,330],"class_list":{"0":"post-6519","1":"product","2":"type-product","3":"status-publish","4":"has-post-thumbnail","6":"product_cat-buttplugs-og-titrarar","7":"product_cat-fyrir-tha","8":"product_cat-fyrir-thaer","9":"product_cat-fyrir-thau","10":"product_cat-rassinn","11":"product_cat-notaahana","12":"product_cat-notaahann","13":"product_tag-anal","14":"product_tag-black","15":"product_tag-butt-plug","16":"product_tag-heavy-hitters","17":"product_tag-plug","18":"product_tag-rassinn","19":"product_tag-svart","20":"product_tag-svartur","22":"first","23":"outofstock","24":"shipping-taxable","25":"purchasable","26":"product-type-simple"},"yoast_head":"<!-- This site is optimized with the Yoast SEO Premium plugin v21.6 (Yoast SEO v27.3) - https:\/\/yoast.com\/product\/yoast-seo-premium-wordpress\/ -->\n<title>Heavy Hitters - Weighted Anal Plug - Small &#8211; Amina<\/title>\n<meta name=\"description\" content=\"Butt plug me\u00f0 \u00feyngingu. \u00deessi er einstaklega \u00fe\u00e6gilegur \u00ed notkun, mj\u00fakur a\u00f0 utan og me\u00f0 mj\u00f3um h\u00e1ls sem \u00fe\u00fa finnur varla fyrir.\" \/>\n<meta name=\"robots\" content=\"index, follow, max-snippet:-1, max-image-preview:large, max-video-preview:-1\" \/>\n<link rel=\"canonical\" href=\"https:\/\/amina.is\/en\/verslun\/fyrir-thau\/notaahann\/weighted-anal-plug-small\/\" \/>\n<meta property=\"og:locale\" content=\"en_US\" \/>\n<meta property=\"og:type\" content=\"article\" \/>\n<meta property=\"og:title\" content=\"Heavy Hitters - Weighted Anal Plug - Small\" \/>\n<meta property=\"og:description\" content=\"Butt plug me\u00f0 \u00feyngingu. \u00deessi er einstaklega \u00fe\u00e6gilegur \u00ed notkun, mj\u00fakur a\u00f0 utan og me\u00f0 mj\u00f3um h\u00e1ls sem \u00fe\u00fa finnur varla fyrir.\" \/>\n<meta property=\"og:url\" content=\"https:\/\/amina.is\/en\/verslun\/fyrir-thau\/notaahann\/weighted-anal-plug-small\/\" \/>\n<meta property=\"og:site_name\" content=\"Amina\" \/>\n<meta property=\"article:publisher\" content=\"https:\/\/m.facebook.com\/AMINA-100767148840241\/\" \/>\n<meta property=\"article:modified_time\" content=\"2025-10-03T23:46:07+00:00\" \/>\n<meta property=\"og:image\" content=\"https:\/\/amina.is\/wp-content\/uploads\/2021\/04\/hh-s.jpg\" \/>\n\t<meta property=\"og:image:width\" content=\"1100\" \/>\n\t<meta property=\"og:image:height\" content=\"1100\" \/>\n\t<meta property=\"og:image:type\" content=\"image\/jpeg\" \/>\n<meta name=\"twitter:card\" content=\"summary_large_image\" \/>\n<meta name=\"twitter:label1\" content=\"Est. reading time\" \/>\n\t<meta name=\"twitter:data1\" content=\"1 minute\" \/>\n<script type=\"application\/ld+json\" class=\"yoast-schema-graph\">{\"@context\":\"https:\\\/\\\/schema.org\",\"@graph\":[{\"@type\":\"WebPage\",\"@id\":\"https:\\\/\\\/amina.is\\\/verslun\\\/fyrir-thau\\\/notaahann\\\/weighted-anal-plug-small\\\/\",\"url\":\"https:\\\/\\\/amina.is\\\/verslun\\\/fyrir-thau\\\/notaahann\\\/weighted-anal-plug-small\\\/\",\"name\":\"Heavy Hitters - Weighted Anal Plug - Small &#8211; Amina\",\"isPartOf\":{\"@id\":\"https:\\\/\\\/amina.is\\\/#website\"},\"primaryImageOfPage\":{\"@id\":\"https:\\\/\\\/amina.is\\\/verslun\\\/fyrir-thau\\\/notaahann\\\/weighted-anal-plug-small\\\/#primaryimage\"},\"image\":{\"@id\":\"https:\\\/\\\/amina.is\\\/verslun\\\/fyrir-thau\\\/notaahann\\\/weighted-anal-plug-small\\\/#primaryimage\"},\"thumbnailUrl\":\"https:\\\/\\\/amina.is\\\/wp-content\\\/uploads\\\/2021\\\/04\\\/hh-s.jpg\",\"datePublished\":\"2021-04-20T17:52:17+00:00\",\"dateModified\":\"2025-10-03T23:46:07+00:00\",\"description\":\"Butt plug me\u00f0 \u00feyngingu. \u00deessi er einstaklega \u00fe\u00e6gilegur \u00ed notkun, mj\u00fakur a\u00f0 utan og me\u00f0 mj\u00f3um h\u00e1ls sem \u00fe\u00fa finnur varla fyrir.\",\"breadcrumb\":{\"@id\":\"https:\\\/\\\/amina.is\\\/verslun\\\/fyrir-thau\\\/notaahann\\\/weighted-anal-plug-small\\\/#breadcrumb\"},\"inLanguage\":\"en-US\",\"potentialAction\":[{\"@type\":\"ReadAction\",\"target\":[\"https:\\\/\\\/amina.is\\\/verslun\\\/fyrir-thau\\\/notaahann\\\/weighted-anal-plug-small\\\/\"]}]},{\"@type\":\"ImageObject\",\"inLanguage\":\"en-US\",\"@id\":\"https:\\\/\\\/amina.is\\\/verslun\\\/fyrir-thau\\\/notaahann\\\/weighted-anal-plug-small\\\/#primaryimage\",\"url\":\"https:\\\/\\\/amina.is\\\/wp-content\\\/uploads\\\/2021\\\/04\\\/hh-s.jpg\",\"contentUrl\":\"https:\\\/\\\/amina.is\\\/wp-content\\\/uploads\\\/2021\\\/04\\\/hh-s.jpg\",\"width\":1100,\"height\":1100},{\"@type\":\"BreadcrumbList\",\"@id\":\"https:\\\/\\\/amina.is\\\/verslun\\\/fyrir-thau\\\/notaahann\\\/weighted-anal-plug-small\\\/#breadcrumb\",\"itemListElement\":[{\"@type\":\"ListItem\",\"position\":1,\"name\":\"Home\",\"item\":\"https:\\\/\\\/amina.is\\\/\"},{\"@type\":\"ListItem\",\"position\":2,\"name\":\"Verslun\",\"item\":\"https:\\\/\\\/amina.is\\\/verslun\\\/\"},{\"@type\":\"ListItem\",\"position\":3,\"name\":\"Heavy Hitters &#8211; Weighted Anal Plug &#8211; Small\"}]},{\"@type\":\"WebSite\",\"@id\":\"https:\\\/\\\/amina.is\\\/#website\",\"url\":\"https:\\\/\\\/amina.is\\\/\",\"name\":\"Amina\",\"description\":\"Feeling is everything - Una\u00f0sv\u00f6rur fyrir alla\",\"publisher\":{\"@id\":\"https:\\\/\\\/amina.is\\\/#organization\"},\"potentialAction\":[{\"@type\":\"SearchAction\",\"target\":{\"@type\":\"EntryPoint\",\"urlTemplate\":\"https:\\\/\\\/amina.is\\\/?s={search_term_string}\"},\"query-input\":{\"@type\":\"PropertyValueSpecification\",\"valueRequired\":true,\"valueName\":\"search_term_string\"}}],\"inLanguage\":\"en-US\"},{\"@type\":\"Organization\",\"@id\":\"https:\\\/\\\/amina.is\\\/#organization\",\"name\":\"Amina\",\"url\":\"https:\\\/\\\/amina.is\\\/\",\"logo\":{\"@type\":\"ImageObject\",\"inLanguage\":\"en-US\",\"@id\":\"https:\\\/\\\/amina.is\\\/#\\\/schema\\\/logo\\\/image\\\/\",\"url\":\"https:\\\/\\\/amina.is\\\/wp-content\\\/uploads\\\/2021\\\/09\\\/logo.png\",\"contentUrl\":\"https:\\\/\\\/amina.is\\\/wp-content\\\/uploads\\\/2021\\\/09\\\/logo.png\",\"width\":1790,\"height\":464,\"caption\":\"Amina\"},\"image\":{\"@id\":\"https:\\\/\\\/amina.is\\\/#\\\/schema\\\/logo\\\/image\\\/\"},\"sameAs\":[\"https:\\\/\\\/m.facebook.com\\\/AMINA-100767148840241\\\/\",\"https:\\\/\\\/www.instagram.com\\\/aminaverslun\\\/\"]}]}<\/script>\n<!-- \/ Yoast SEO Premium plugin. -->","yoast_head_json":{"title":"Heavy Hitters - Weighted Anal Plug - Small &#8211; Amina","description":"Butt plug me\u00f0 \u00feyngingu. \u00deessi er einstaklega \u00fe\u00e6gilegur \u00ed notkun, mj\u00fakur a\u00f0 utan og me\u00f0 mj\u00f3um h\u00e1ls sem \u00fe\u00fa finnur varla fyrir.","robots":{"index":"index","follow":"follow","max-snippet":"max-snippet:-1","max-image-preview":"max-image-preview:large","max-video-preview":"max-video-preview:-1"},"canonical":"https:\/\/amina.is\/en\/verslun\/fyrir-thau\/notaahann\/weighted-anal-plug-small\/","og_locale":"en_US","og_type":"article","og_title":"Heavy Hitters - Weighted Anal Plug - Small","og_description":"Butt plug me\u00f0 \u00feyngingu. \u00deessi er einstaklega \u00fe\u00e6gilegur \u00ed notkun, mj\u00fakur a\u00f0 utan og me\u00f0 mj\u00f3um h\u00e1ls sem \u00fe\u00fa finnur varla fyrir.","og_url":"https:\/\/amina.is\/en\/verslun\/fyrir-thau\/notaahann\/weighted-anal-plug-small\/","og_site_name":"Amina","article_publisher":"https:\/\/m.facebook.com\/AMINA-100767148840241\/","article_modified_time":"2025-10-03T23:46:07+00:00","og_image":[{"width":1100,"height":1100,"url":"https:\/\/amina.is\/wp-content\/uploads\/2021\/04\/hh-s.jpg","type":"image\/jpeg"}],"twitter_card":"summary_large_image","twitter_misc":{"Est. reading time":"1 minute"},"schema":{"@context":"https:\/\/schema.org","@graph":[{"@type":"WebPage","@id":"https:\/\/amina.is\/verslun\/fyrir-thau\/notaahann\/weighted-anal-plug-small\/","url":"https:\/\/amina.is\/verslun\/fyrir-thau\/notaahann\/weighted-anal-plug-small\/","name":"Heavy Hitters - Weighted Anal Plug - Small &#8211; Amina","isPartOf":{"@id":"https:\/\/amina.is\/#website"},"primaryImageOfPage":{"@id":"https:\/\/amina.is\/verslun\/fyrir-thau\/notaahann\/weighted-anal-plug-small\/#primaryimage"},"image":{"@id":"https:\/\/amina.is\/verslun\/fyrir-thau\/notaahann\/weighted-anal-plug-small\/#primaryimage"},"thumbnailUrl":"https:\/\/amina.is\/wp-content\/uploads\/2021\/04\/hh-s.jpg","datePublished":"2021-04-20T17:52:17+00:00","dateModified":"2025-10-03T23:46:07+00:00","description":"Butt plug me\u00f0 \u00feyngingu. \u00deessi er einstaklega \u00fe\u00e6gilegur \u00ed notkun, mj\u00fakur a\u00f0 utan og me\u00f0 mj\u00f3um h\u00e1ls sem \u00fe\u00fa finnur varla fyrir.","breadcrumb":{"@id":"https:\/\/amina.is\/verslun\/fyrir-thau\/notaahann\/weighted-anal-plug-small\/#breadcrumb"},"inLanguage":"en-US","potentialAction":[{"@type":"ReadAction","target":["https:\/\/amina.is\/verslun\/fyrir-thau\/notaahann\/weighted-anal-plug-small\/"]}]},{"@type":"ImageObject","inLanguage":"en-US","@id":"https:\/\/amina.is\/verslun\/fyrir-thau\/notaahann\/weighted-anal-plug-small\/#primaryimage","url":"https:\/\/amina.is\/wp-content\/uploads\/2021\/04\/hh-s.jpg","contentUrl":"https:\/\/amina.is\/wp-content\/uploads\/2021\/04\/hh-s.jpg","width":1100,"height":1100},{"@type":"BreadcrumbList","@id":"https:\/\/amina.is\/verslun\/fyrir-thau\/notaahann\/weighted-anal-plug-small\/#breadcrumb","itemListElement":[{"@type":"ListItem","position":1,"name":"Home","item":"https:\/\/amina.is\/"},{"@type":"ListItem","position":2,"name":"Verslun","item":"https:\/\/amina.is\/verslun\/"},{"@type":"ListItem","position":3,"name":"Heavy Hitters &#8211; Weighted Anal Plug &#8211; Small"}]},{"@type":"WebSite","@id":"https:\/\/amina.is\/#website","url":"https:\/\/amina.is\/","name":"Amina","description":"Feeling is everything - Una\u00f0sv\u00f6rur fyrir alla","publisher":{"@id":"https:\/\/amina.is\/#organization"},"potentialAction":[{"@type":"SearchAction","target":{"@type":"EntryPoint","urlTemplate":"https:\/\/amina.is\/?s={search_term_string}"},"query-input":{"@type":"PropertyValueSpecification","valueRequired":true,"valueName":"search_term_string"}}],"inLanguage":"en-US"},{"@type":"Organization","@id":"https:\/\/amina.is\/#organization","name":"Amina","url":"https:\/\/amina.is\/","logo":{"@type":"ImageObject","inLanguage":"en-US","@id":"https:\/\/amina.is\/#\/schema\/logo\/image\/","url":"https:\/\/amina.is\/wp-content\/uploads\/2021\/09\/logo.png","contentUrl":"https:\/\/amina.is\/wp-content\/uploads\/2021\/09\/logo.png","width":1790,"height":464,"caption":"Amina"},"image":{"@id":"https:\/\/amina.is\/#\/schema\/logo\/image\/"},"sameAs":["https:\/\/m.facebook.com\/AMINA-100767148840241\/","https:\/\/www.instagram.com\/aminaverslun\/"]}]}},"_links":{"self":[{"href":"https:\/\/amina.is\/en\/wp-json\/wp\/v2\/product\/6519","targetHints":{"allow":["GET"]}}],"collection":[{"href":"https:\/\/amina.is\/en\/wp-json\/wp\/v2\/product"}],"about":[{"href":"https:\/\/amina.is\/en\/wp-json\/wp\/v2\/types\/product"}],"version-history":[{"count":7,"href":"https:\/\/amina.is\/en\/wp-json\/wp\/v2\/product\/6519\/revisions"}],"predecessor-version":[{"id":10977,"href":"https:\/\/amina.is\/en\/wp-json\/wp\/v2\/product\/6519\/revisions\/10977"}],"wp:featuredmedia":[{"embeddable":true,"href":"https:\/\/amina.is\/en\/wp-json\/wp\/v2\/media\/8094"}],"wp:attachment":[{"href":"https:\/\/amina.is\/en\/wp-json\/wp\/v2\/media?parent=6519"}],"wp:term":[{"taxonomy":"product_brand","embeddable":true,"href":"https:\/\/amina.is\/en\/wp-json\/wp\/v2\/product_brand?post=6519"},{"taxonomy":"product_cat","embeddable":true,"href":"https:\/\/amina.is\/en\/wp-json\/wp\/v2\/product_cat?post=6519"},{"taxonomy":"product_tag","embeddable":true,"href":"https:\/\/amina.is\/en\/wp-json\/wp\/v2\/product_tag?post=6519"}],"curies":[{"name":"wp","href":"https:\/\/api.w.org\/{rel}","templated":true}]}}