{"id":6506,"date":"2021-04-18T19:59:05","date_gmt":"2021-04-18T19:59:05","guid":{"rendered":"http:\/\/amina.web14.vefold.is\/?post_type=product&#038;p=6506"},"modified":"2025-02-02T17:22:12","modified_gmt":"2025-02-02T17:22:12","slug":"tenga-premium-vacuum-cup-firm","status":"publish","type":"product","link":"https:\/\/amina.is\/en\/verslun\/typpid\/muffur\/tenga-premium-vacuum-cup-firm\/","title":{"rendered":"Tenga Premium Vacuum Cup"},"content":{"rendered":"<h5>\u00deessi m\u00faffa fr\u00e1 Tenga er fullkomin til a\u00f0 taka me\u00f0 s\u00e9r \u00ed b\u00fasta\u00f0inn e\u00f0a tjald\u00fatileguna. Kemur for-smur\u00f0 og \u00fev\u00ed tilb\u00fain til notkunar beint \u00far umb\u00fa\u00f0unum. H\u00e6gt a\u00f0 nota \u00ed nokkur skipti en er \u00fe\u00f3 ekki \u00e6tlu\u00f0 til eignar til framt\u00ed\u00f0ar. M\u00faffan kemur \u00ed Soft, Regular e\u00f0a Firm.<\/h5>","protected":false},"excerpt":{"rendered":"<p>Fullkomin til a\u00f0 taka me\u00f0 s\u00e9r \u00ed b\u00fasta\u00f0inn e\u00f0a tjald\u00fatileguna. Kemur for-smur\u00f0 og \u00fev\u00ed tilb\u00fain til notkunar beint \u00far umb\u00fa\u00f0unum.<\/p>","protected":false},"featured_media":8009,"template":"","meta":{"inline_featured_image":false},"product_brand":[],"product_cat":[41,43,877,899,45],"product_tag":[280,69,62,64,63,322,321,65,298],"class_list":{"0":"post-6506","1":"product","2":"type-product","3":"status-publish","4":"has-post-thumbnail","6":"product_cat-fyrir-tha","7":"product_cat-fyrir-thau","8":"product_cat-muffur","9":"product_cat-notaahann","10":"product_cat-typpid","11":"product_tag-limurinn","12":"product_tag-masturbation","13":"product_tag-muffa","14":"product_tag-penis","15":"product_tag-sjalfsfroun","16":"product_tag-stroker","17":"product_tag-tenga","18":"product_tag-typpi","19":"product_tag-typpid","21":"first","22":"instock","23":"sale","24":"shipping-taxable","25":"purchasable","26":"product-type-variable"},"yoast_head":"<!-- This site is optimized with the Yoast SEO Premium plugin v21.6 (Yoast SEO v27.3) - https:\/\/yoast.com\/product\/yoast-seo-premium-wordpress\/ -->\n<title>Tenga Premium Vacuum Cup &#8211; Amina<\/title>\n<meta name=\"description\" content=\"\u00deessi m\u00faffa fr\u00e1 Tenga er fullkomin til a\u00f0 taka me\u00f0 s\u00e9r \u00ed b\u00fasta\u00f0inn e\u00f0a tjald\u00fatileguna. Kemur for-smur\u00f0 og \u00fev\u00ed tilb\u00fain til notkunar beint \u00far umb\u00fa\u00f0unum.\" \/>\n<meta name=\"robots\" content=\"index, follow, max-snippet:-1, max-image-preview:large, max-video-preview:-1\" \/>\n<link rel=\"canonical\" href=\"https:\/\/amina.is\/en\/verslun\/typpid\/muffur\/tenga-premium-vacuum-cup-firm\/\" \/>\n<meta property=\"og:locale\" content=\"en_US\" \/>\n<meta property=\"og:type\" content=\"article\" \/>\n<meta property=\"og:title\" content=\"Tenga Premium Vacuum Cup\" \/>\n<meta property=\"og:description\" content=\"\u00deessi m\u00faffa fr\u00e1 Tenga er fullkomin til a\u00f0 taka me\u00f0 s\u00e9r \u00ed b\u00fasta\u00f0inn e\u00f0a tjald\u00fatileguna. Kemur for-smur\u00f0 og \u00fev\u00ed tilb\u00fain til notkunar beint \u00far umb\u00fa\u00f0unum.\" \/>\n<meta property=\"og:url\" content=\"https:\/\/amina.is\/en\/verslun\/typpid\/muffur\/tenga-premium-vacuum-cup-firm\/\" \/>\n<meta property=\"og:site_name\" content=\"Amina\" \/>\n<meta property=\"article:publisher\" content=\"https:\/\/m.facebook.com\/AMINA-100767148840241\/\" \/>\n<meta property=\"article:modified_time\" content=\"2025-02-02T17:22:12+00:00\" \/>\n<meta property=\"og:image\" content=\"https:\/\/amina.is\/wp-content\/uploads\/2021\/04\/tenga1.jpg\" \/>\n\t<meta property=\"og:image:width\" content=\"1279\" \/>\n\t<meta property=\"og:image:height\" content=\"1279\" \/>\n\t<meta property=\"og:image:type\" content=\"image\/jpeg\" \/>\n<meta name=\"twitter:card\" content=\"summary_large_image\" \/>\n<meta name=\"twitter:label1\" content=\"Est. reading time\" \/>\n\t<meta name=\"twitter:data1\" content=\"1 minute\" \/>\n<script type=\"application\/ld+json\" class=\"yoast-schema-graph\">{\"@context\":\"https:\\\/\\\/schema.org\",\"@graph\":[{\"@type\":\"WebPage\",\"@id\":\"https:\\\/\\\/amina.is\\\/verslun\\\/typpid\\\/muffur\\\/tenga-premium-vacuum-cup-firm\\\/\",\"url\":\"https:\\\/\\\/amina.is\\\/verslun\\\/typpid\\\/muffur\\\/tenga-premium-vacuum-cup-firm\\\/\",\"name\":\"Tenga Premium Vacuum Cup &#8211; Amina\",\"isPartOf\":{\"@id\":\"https:\\\/\\\/amina.is\\\/#website\"},\"primaryImageOfPage\":{\"@id\":\"https:\\\/\\\/amina.is\\\/verslun\\\/typpid\\\/muffur\\\/tenga-premium-vacuum-cup-firm\\\/#primaryimage\"},\"image\":{\"@id\":\"https:\\\/\\\/amina.is\\\/verslun\\\/typpid\\\/muffur\\\/tenga-premium-vacuum-cup-firm\\\/#primaryimage\"},\"thumbnailUrl\":\"https:\\\/\\\/amina.is\\\/wp-content\\\/uploads\\\/2021\\\/04\\\/tenga1.jpg\",\"datePublished\":\"2021-04-18T19:59:05+00:00\",\"dateModified\":\"2025-02-02T17:22:12+00:00\",\"description\":\"\u00deessi m\u00faffa fr\u00e1 Tenga er fullkomin til a\u00f0 taka me\u00f0 s\u00e9r \u00ed b\u00fasta\u00f0inn e\u00f0a tjald\u00fatileguna. Kemur for-smur\u00f0 og \u00fev\u00ed tilb\u00fain til notkunar beint \u00far umb\u00fa\u00f0unum.\",\"breadcrumb\":{\"@id\":\"https:\\\/\\\/amina.is\\\/verslun\\\/typpid\\\/muffur\\\/tenga-premium-vacuum-cup-firm\\\/#breadcrumb\"},\"inLanguage\":\"en-US\",\"potentialAction\":[{\"@type\":\"ReadAction\",\"target\":[\"https:\\\/\\\/amina.is\\\/verslun\\\/typpid\\\/muffur\\\/tenga-premium-vacuum-cup-firm\\\/\"]}]},{\"@type\":\"ImageObject\",\"inLanguage\":\"en-US\",\"@id\":\"https:\\\/\\\/amina.is\\\/verslun\\\/typpid\\\/muffur\\\/tenga-premium-vacuum-cup-firm\\\/#primaryimage\",\"url\":\"https:\\\/\\\/amina.is\\\/wp-content\\\/uploads\\\/2021\\\/04\\\/tenga1.jpg\",\"contentUrl\":\"https:\\\/\\\/amina.is\\\/wp-content\\\/uploads\\\/2021\\\/04\\\/tenga1.jpg\",\"width\":1279,\"height\":1279},{\"@type\":\"BreadcrumbList\",\"@id\":\"https:\\\/\\\/amina.is\\\/verslun\\\/typpid\\\/muffur\\\/tenga-premium-vacuum-cup-firm\\\/#breadcrumb\",\"itemListElement\":[{\"@type\":\"ListItem\",\"position\":1,\"name\":\"Home\",\"item\":\"https:\\\/\\\/amina.is\\\/\"},{\"@type\":\"ListItem\",\"position\":2,\"name\":\"Verslun\",\"item\":\"https:\\\/\\\/amina.is\\\/verslun\\\/\"},{\"@type\":\"ListItem\",\"position\":3,\"name\":\"Tenga Premium Vacuum Cup\"}]},{\"@type\":\"WebSite\",\"@id\":\"https:\\\/\\\/amina.is\\\/#website\",\"url\":\"https:\\\/\\\/amina.is\\\/\",\"name\":\"Amina\",\"description\":\"Feeling is everything - Una\u00f0sv\u00f6rur fyrir alla\",\"publisher\":{\"@id\":\"https:\\\/\\\/amina.is\\\/#organization\"},\"potentialAction\":[{\"@type\":\"SearchAction\",\"target\":{\"@type\":\"EntryPoint\",\"urlTemplate\":\"https:\\\/\\\/amina.is\\\/?s={search_term_string}\"},\"query-input\":{\"@type\":\"PropertyValueSpecification\",\"valueRequired\":true,\"valueName\":\"search_term_string\"}}],\"inLanguage\":\"en-US\"},{\"@type\":\"Organization\",\"@id\":\"https:\\\/\\\/amina.is\\\/#organization\",\"name\":\"Amina\",\"url\":\"https:\\\/\\\/amina.is\\\/\",\"logo\":{\"@type\":\"ImageObject\",\"inLanguage\":\"en-US\",\"@id\":\"https:\\\/\\\/amina.is\\\/#\\\/schema\\\/logo\\\/image\\\/\",\"url\":\"https:\\\/\\\/amina.is\\\/wp-content\\\/uploads\\\/2021\\\/09\\\/logo.png\",\"contentUrl\":\"https:\\\/\\\/amina.is\\\/wp-content\\\/uploads\\\/2021\\\/09\\\/logo.png\",\"width\":1790,\"height\":464,\"caption\":\"Amina\"},\"image\":{\"@id\":\"https:\\\/\\\/amina.is\\\/#\\\/schema\\\/logo\\\/image\\\/\"},\"sameAs\":[\"https:\\\/\\\/m.facebook.com\\\/AMINA-100767148840241\\\/\",\"https:\\\/\\\/www.instagram.com\\\/aminaverslun\\\/\"]}]}<\/script>\n<!-- \/ Yoast SEO Premium plugin. -->","yoast_head_json":{"title":"Tenga Premium Vacuum Cup &#8211; Amina","description":"\u00deessi m\u00faffa fr\u00e1 Tenga er fullkomin til a\u00f0 taka me\u00f0 s\u00e9r \u00ed b\u00fasta\u00f0inn e\u00f0a tjald\u00fatileguna. Kemur for-smur\u00f0 og \u00fev\u00ed tilb\u00fain til notkunar beint \u00far umb\u00fa\u00f0unum.","robots":{"index":"index","follow":"follow","max-snippet":"max-snippet:-1","max-image-preview":"max-image-preview:large","max-video-preview":"max-video-preview:-1"},"canonical":"https:\/\/amina.is\/en\/verslun\/typpid\/muffur\/tenga-premium-vacuum-cup-firm\/","og_locale":"en_US","og_type":"article","og_title":"Tenga Premium Vacuum Cup","og_description":"\u00deessi m\u00faffa fr\u00e1 Tenga er fullkomin til a\u00f0 taka me\u00f0 s\u00e9r \u00ed b\u00fasta\u00f0inn e\u00f0a tjald\u00fatileguna. Kemur for-smur\u00f0 og \u00fev\u00ed tilb\u00fain til notkunar beint \u00far umb\u00fa\u00f0unum.","og_url":"https:\/\/amina.is\/en\/verslun\/typpid\/muffur\/tenga-premium-vacuum-cup-firm\/","og_site_name":"Amina","article_publisher":"https:\/\/m.facebook.com\/AMINA-100767148840241\/","article_modified_time":"2025-02-02T17:22:12+00:00","og_image":[{"width":1279,"height":1279,"url":"https:\/\/amina.is\/wp-content\/uploads\/2021\/04\/tenga1.jpg","type":"image\/jpeg"}],"twitter_card":"summary_large_image","twitter_misc":{"Est. reading time":"1 minute"},"schema":{"@context":"https:\/\/schema.org","@graph":[{"@type":"WebPage","@id":"https:\/\/amina.is\/verslun\/typpid\/muffur\/tenga-premium-vacuum-cup-firm\/","url":"https:\/\/amina.is\/verslun\/typpid\/muffur\/tenga-premium-vacuum-cup-firm\/","name":"Tenga Premium Vacuum Cup &#8211; Amina","isPartOf":{"@id":"https:\/\/amina.is\/#website"},"primaryImageOfPage":{"@id":"https:\/\/amina.is\/verslun\/typpid\/muffur\/tenga-premium-vacuum-cup-firm\/#primaryimage"},"image":{"@id":"https:\/\/amina.is\/verslun\/typpid\/muffur\/tenga-premium-vacuum-cup-firm\/#primaryimage"},"thumbnailUrl":"https:\/\/amina.is\/wp-content\/uploads\/2021\/04\/tenga1.jpg","datePublished":"2021-04-18T19:59:05+00:00","dateModified":"2025-02-02T17:22:12+00:00","description":"\u00deessi m\u00faffa fr\u00e1 Tenga er fullkomin til a\u00f0 taka me\u00f0 s\u00e9r \u00ed b\u00fasta\u00f0inn e\u00f0a tjald\u00fatileguna. Kemur for-smur\u00f0 og \u00fev\u00ed tilb\u00fain til notkunar beint \u00far umb\u00fa\u00f0unum.","breadcrumb":{"@id":"https:\/\/amina.is\/verslun\/typpid\/muffur\/tenga-premium-vacuum-cup-firm\/#breadcrumb"},"inLanguage":"en-US","potentialAction":[{"@type":"ReadAction","target":["https:\/\/amina.is\/verslun\/typpid\/muffur\/tenga-premium-vacuum-cup-firm\/"]}]},{"@type":"ImageObject","inLanguage":"en-US","@id":"https:\/\/amina.is\/verslun\/typpid\/muffur\/tenga-premium-vacuum-cup-firm\/#primaryimage","url":"https:\/\/amina.is\/wp-content\/uploads\/2021\/04\/tenga1.jpg","contentUrl":"https:\/\/amina.is\/wp-content\/uploads\/2021\/04\/tenga1.jpg","width":1279,"height":1279},{"@type":"BreadcrumbList","@id":"https:\/\/amina.is\/verslun\/typpid\/muffur\/tenga-premium-vacuum-cup-firm\/#breadcrumb","itemListElement":[{"@type":"ListItem","position":1,"name":"Home","item":"https:\/\/amina.is\/"},{"@type":"ListItem","position":2,"name":"Verslun","item":"https:\/\/amina.is\/verslun\/"},{"@type":"ListItem","position":3,"name":"Tenga Premium Vacuum Cup"}]},{"@type":"WebSite","@id":"https:\/\/amina.is\/#website","url":"https:\/\/amina.is\/","name":"Amina","description":"Feeling is everything - Una\u00f0sv\u00f6rur fyrir alla","publisher":{"@id":"https:\/\/amina.is\/#organization"},"potentialAction":[{"@type":"SearchAction","target":{"@type":"EntryPoint","urlTemplate":"https:\/\/amina.is\/?s={search_term_string}"},"query-input":{"@type":"PropertyValueSpecification","valueRequired":true,"valueName":"search_term_string"}}],"inLanguage":"en-US"},{"@type":"Organization","@id":"https:\/\/amina.is\/#organization","name":"Amina","url":"https:\/\/amina.is\/","logo":{"@type":"ImageObject","inLanguage":"en-US","@id":"https:\/\/amina.is\/#\/schema\/logo\/image\/","url":"https:\/\/amina.is\/wp-content\/uploads\/2021\/09\/logo.png","contentUrl":"https:\/\/amina.is\/wp-content\/uploads\/2021\/09\/logo.png","width":1790,"height":464,"caption":"Amina"},"image":{"@id":"https:\/\/amina.is\/#\/schema\/logo\/image\/"},"sameAs":["https:\/\/m.facebook.com\/AMINA-100767148840241\/","https:\/\/www.instagram.com\/aminaverslun\/"]}]}},"_links":{"self":[{"href":"https:\/\/amina.is\/en\/wp-json\/wp\/v2\/product\/6506","targetHints":{"allow":["GET"]}}],"collection":[{"href":"https:\/\/amina.is\/en\/wp-json\/wp\/v2\/product"}],"about":[{"href":"https:\/\/amina.is\/en\/wp-json\/wp\/v2\/types\/product"}],"version-history":[{"count":4,"href":"https:\/\/amina.is\/en\/wp-json\/wp\/v2\/product\/6506\/revisions"}],"predecessor-version":[{"id":11655,"href":"https:\/\/amina.is\/en\/wp-json\/wp\/v2\/product\/6506\/revisions\/11655"}],"wp:featuredmedia":[{"embeddable":true,"href":"https:\/\/amina.is\/en\/wp-json\/wp\/v2\/media\/8009"}],"wp:attachment":[{"href":"https:\/\/amina.is\/en\/wp-json\/wp\/v2\/media?parent=6506"}],"wp:term":[{"taxonomy":"product_brand","embeddable":true,"href":"https:\/\/amina.is\/en\/wp-json\/wp\/v2\/product_brand?post=6506"},{"taxonomy":"product_cat","embeddable":true,"href":"https:\/\/amina.is\/en\/wp-json\/wp\/v2\/product_cat?post=6506"},{"taxonomy":"product_tag","embeddable":true,"href":"https:\/\/amina.is\/en\/wp-json\/wp\/v2\/product_tag?post=6506"}],"curies":[{"name":"wp","href":"https:\/\/api.w.org\/{rel}","templated":true}]}}