{"id":6503,"date":"2021-04-18T19:47:35","date_gmt":"2021-04-18T19:47:35","guid":{"rendered":"http:\/\/amina.web14.vefold.is\/?post_type=product&#038;p=6503"},"modified":"2023-02-27T21:57:23","modified_gmt":"2023-02-27T21:57:23","slug":"50-x-beaded-vibrator-pink","status":"publish","type":"product","link":"https:\/\/amina.is\/en\/verslun\/pikan\/titrarar\/50-x-beaded-vibrator-pink\/","title":{"rendered":"Silicone Beaded Vibrator"},"content":{"rendered":"<h5>\u00deessi er ekki bara fallegur heldur l\u00edka g\u00f3\u00f0ur \u00ed r\u00faminu! Boginn, mj\u00fakur og me\u00f0 k\u00falulegri \u00e1fer\u00f0, hanna\u00f0ur til a\u00f0 hitta beint \u00e1 G &#8211; Blettinn. Hann er me\u00f0 5 mismunandi kraftstillingar og 10 mismunandi mynstur sem gera samtals 50 mismunandi stillingar samkv\u00e6mt framlei\u00f0anda! (En \u00fe\u00fa veist&#8230; eru samt bara 10 stillingar me\u00f0 val um 5 mismunadni kraftstillingar \u00e1 hverja stillingu) USB hle\u00f0sla. C.a. 1,5 t\u00edmi a\u00f0 hla\u00f0a. C.a. 60 m\u00edn. notkun. Noti\u00f0 a\u00f0eins vatnssleipiefni me\u00f0 \u00feessum. Heildarlengd: 22,8cm. Innsetjanleg lengd 14cm. Umm\u00e1l: 10,6cm.<\/h5>","protected":false},"excerpt":{"rendered":"<p>\u00deessi er ekki bara fallegur heldur l\u00edka g\u00f3\u00f0ur \u00ed r\u00faminu! Boginn, mj\u00fakur og me\u00f0 k\u00falulegri \u00e1fer\u00f0, hanna\u00f0ur til a\u00f0 hitta beint \u00e1 G &#8211; Blettinn.<\/p>","protected":false},"featured_media":11212,"template":"","meta":{"inline_featured_image":false},"product_brand":[],"product_cat":[42,43,44,900,883],"product_tag":[319,299,318,320,317,314,264,315,56,50,272],"class_list":{"0":"post-6503","1":"product","2":"type-product","3":"status-publish","4":"has-post-thumbnail","6":"product_cat-fyrir-thaer","7":"product_cat-fyrir-thau","8":"product_cat-pikan","9":"product_cat-notaahana","10":"product_cat-titrarar","11":"product_tag-beaded","12":"product_tag-clit","13":"product_tag-curve-toys","14":"product_tag-gblettur","15":"product_tag-gossip","16":"product_tag-leggong","17":"product_tag-skopin","18":"product_tag-snipur","19":"product_tag-vagina","20":"product_tag-vibrador","21":"product_tag-vibrator","23":"first","24":"instock","25":"shipping-taxable","26":"purchasable","27":"product-type-simple"},"yoast_head":"<!-- This site is optimized with the Yoast SEO Premium plugin v21.6 (Yoast SEO v27.4) - https:\/\/yoast.com\/product\/yoast-seo-premium-wordpress\/ -->\n<title>Silicone Beaded Vibrator &#8211; Amina<\/title>\n<meta name=\"robots\" content=\"index, follow, max-snippet:-1, max-image-preview:large, max-video-preview:-1\" \/>\n<link rel=\"canonical\" href=\"https:\/\/amina.is\/en\/verslun\/pikan\/titrarar\/50-x-beaded-vibrator-pink\/\" \/>\n<meta property=\"og:locale\" content=\"en_US\" \/>\n<meta property=\"og:type\" content=\"article\" \/>\n<meta property=\"og:title\" content=\"Silicone Beaded Vibrator\" \/>\n<meta property=\"og:description\" content=\"\u00deessi er ekki bara fallegur heldur l\u00edka g\u00f3\u00f0ur \u00ed r\u00faminu! Boginn, mj\u00fakur og me\u00f0 k\u00falulegri \u00e1fer\u00f0, hanna\u00f0ur til a\u00f0 hitta beint \u00e1 G - Blettinn.\" \/>\n<meta property=\"og:url\" content=\"https:\/\/amina.is\/en\/verslun\/pikan\/titrarar\/50-x-beaded-vibrator-pink\/\" \/>\n<meta property=\"og:site_name\" content=\"Amina\" \/>\n<meta property=\"article:publisher\" content=\"https:\/\/m.facebook.com\/AMINA-100767148840241\/\" \/>\n<meta property=\"article:modified_time\" content=\"2023-02-27T21:57:23+00:00\" \/>\n<meta property=\"og:image\" content=\"https:\/\/amina.is\/wp-content\/uploads\/2021\/04\/cn-04-0727-40-071b_540x540.jpg\" \/>\n\t<meta property=\"og:image:width\" content=\"540\" \/>\n\t<meta property=\"og:image:height\" content=\"540\" \/>\n\t<meta property=\"og:image:type\" content=\"image\/jpeg\" \/>\n<meta name=\"twitter:card\" content=\"summary_large_image\" \/>\n<meta name=\"twitter:label1\" content=\"Est. reading time\" \/>\n\t<meta name=\"twitter:data1\" content=\"1 minute\" \/>\n<script type=\"application\/ld+json\" class=\"yoast-schema-graph\">{\"@context\":\"https:\\\/\\\/schema.org\",\"@graph\":[{\"@type\":\"WebPage\",\"@id\":\"https:\\\/\\\/amina.is\\\/verslun\\\/pikan\\\/titrarar\\\/50-x-beaded-vibrator-pink\\\/\",\"url\":\"https:\\\/\\\/amina.is\\\/verslun\\\/pikan\\\/titrarar\\\/50-x-beaded-vibrator-pink\\\/\",\"name\":\"Silicone Beaded Vibrator &#8211; Amina\",\"isPartOf\":{\"@id\":\"https:\\\/\\\/amina.is\\\/#website\"},\"primaryImageOfPage\":{\"@id\":\"https:\\\/\\\/amina.is\\\/verslun\\\/pikan\\\/titrarar\\\/50-x-beaded-vibrator-pink\\\/#primaryimage\"},\"image\":{\"@id\":\"https:\\\/\\\/amina.is\\\/verslun\\\/pikan\\\/titrarar\\\/50-x-beaded-vibrator-pink\\\/#primaryimage\"},\"thumbnailUrl\":\"https:\\\/\\\/amina.is\\\/wp-content\\\/uploads\\\/2021\\\/04\\\/cn-04-0727-40-071b_540x540.jpg\",\"datePublished\":\"2021-04-18T19:47:35+00:00\",\"dateModified\":\"2023-02-27T21:57:23+00:00\",\"breadcrumb\":{\"@id\":\"https:\\\/\\\/amina.is\\\/verslun\\\/pikan\\\/titrarar\\\/50-x-beaded-vibrator-pink\\\/#breadcrumb\"},\"inLanguage\":\"en-US\",\"potentialAction\":[{\"@type\":\"ReadAction\",\"target\":[\"https:\\\/\\\/amina.is\\\/verslun\\\/pikan\\\/titrarar\\\/50-x-beaded-vibrator-pink\\\/\"]}]},{\"@type\":\"ImageObject\",\"inLanguage\":\"en-US\",\"@id\":\"https:\\\/\\\/amina.is\\\/verslun\\\/pikan\\\/titrarar\\\/50-x-beaded-vibrator-pink\\\/#primaryimage\",\"url\":\"https:\\\/\\\/amina.is\\\/wp-content\\\/uploads\\\/2021\\\/04\\\/cn-04-0727-40-071b_540x540.jpg\",\"contentUrl\":\"https:\\\/\\\/amina.is\\\/wp-content\\\/uploads\\\/2021\\\/04\\\/cn-04-0727-40-071b_540x540.jpg\",\"width\":540,\"height\":540},{\"@type\":\"BreadcrumbList\",\"@id\":\"https:\\\/\\\/amina.is\\\/verslun\\\/pikan\\\/titrarar\\\/50-x-beaded-vibrator-pink\\\/#breadcrumb\",\"itemListElement\":[{\"@type\":\"ListItem\",\"position\":1,\"name\":\"Home\",\"item\":\"https:\\\/\\\/amina.is\\\/\"},{\"@type\":\"ListItem\",\"position\":2,\"name\":\"Verslun\",\"item\":\"https:\\\/\\\/amina.is\\\/verslun\\\/\"},{\"@type\":\"ListItem\",\"position\":3,\"name\":\"Silicone Beaded Vibrator\"}]},{\"@type\":\"WebSite\",\"@id\":\"https:\\\/\\\/amina.is\\\/#website\",\"url\":\"https:\\\/\\\/amina.is\\\/\",\"name\":\"Amina\",\"description\":\"Feeling is everything - Una\u00f0sv\u00f6rur fyrir alla\",\"publisher\":{\"@id\":\"https:\\\/\\\/amina.is\\\/#organization\"},\"potentialAction\":[{\"@type\":\"SearchAction\",\"target\":{\"@type\":\"EntryPoint\",\"urlTemplate\":\"https:\\\/\\\/amina.is\\\/?s={search_term_string}\"},\"query-input\":{\"@type\":\"PropertyValueSpecification\",\"valueRequired\":true,\"valueName\":\"search_term_string\"}}],\"inLanguage\":\"en-US\"},{\"@type\":\"Organization\",\"@id\":\"https:\\\/\\\/amina.is\\\/#organization\",\"name\":\"Amina\",\"url\":\"https:\\\/\\\/amina.is\\\/\",\"logo\":{\"@type\":\"ImageObject\",\"inLanguage\":\"en-US\",\"@id\":\"https:\\\/\\\/amina.is\\\/#\\\/schema\\\/logo\\\/image\\\/\",\"url\":\"https:\\\/\\\/amina.is\\\/wp-content\\\/uploads\\\/2021\\\/09\\\/logo.png\",\"contentUrl\":\"https:\\\/\\\/amina.is\\\/wp-content\\\/uploads\\\/2021\\\/09\\\/logo.png\",\"width\":1790,\"height\":464,\"caption\":\"Amina\"},\"image\":{\"@id\":\"https:\\\/\\\/amina.is\\\/#\\\/schema\\\/logo\\\/image\\\/\"},\"sameAs\":[\"https:\\\/\\\/m.facebook.com\\\/AMINA-100767148840241\\\/\",\"https:\\\/\\\/www.instagram.com\\\/aminaverslun\\\/\"]}]}<\/script>\n<!-- \/ Yoast SEO Premium plugin. -->","yoast_head_json":{"title":"Silicone Beaded Vibrator &#8211; Amina","robots":{"index":"index","follow":"follow","max-snippet":"max-snippet:-1","max-image-preview":"max-image-preview:large","max-video-preview":"max-video-preview:-1"},"canonical":"https:\/\/amina.is\/en\/verslun\/pikan\/titrarar\/50-x-beaded-vibrator-pink\/","og_locale":"en_US","og_type":"article","og_title":"Silicone Beaded Vibrator","og_description":"\u00deessi er ekki bara fallegur heldur l\u00edka g\u00f3\u00f0ur \u00ed r\u00faminu! Boginn, mj\u00fakur og me\u00f0 k\u00falulegri \u00e1fer\u00f0, hanna\u00f0ur til a\u00f0 hitta beint \u00e1 G - Blettinn.","og_url":"https:\/\/amina.is\/en\/verslun\/pikan\/titrarar\/50-x-beaded-vibrator-pink\/","og_site_name":"Amina","article_publisher":"https:\/\/m.facebook.com\/AMINA-100767148840241\/","article_modified_time":"2023-02-27T21:57:23+00:00","og_image":[{"width":540,"height":540,"url":"https:\/\/amina.is\/wp-content\/uploads\/2021\/04\/cn-04-0727-40-071b_540x540.jpg","type":"image\/jpeg"}],"twitter_card":"summary_large_image","twitter_misc":{"Est. reading time":"1 minute"},"schema":{"@context":"https:\/\/schema.org","@graph":[{"@type":"WebPage","@id":"https:\/\/amina.is\/verslun\/pikan\/titrarar\/50-x-beaded-vibrator-pink\/","url":"https:\/\/amina.is\/verslun\/pikan\/titrarar\/50-x-beaded-vibrator-pink\/","name":"Silicone Beaded Vibrator &#8211; Amina","isPartOf":{"@id":"https:\/\/amina.is\/#website"},"primaryImageOfPage":{"@id":"https:\/\/amina.is\/verslun\/pikan\/titrarar\/50-x-beaded-vibrator-pink\/#primaryimage"},"image":{"@id":"https:\/\/amina.is\/verslun\/pikan\/titrarar\/50-x-beaded-vibrator-pink\/#primaryimage"},"thumbnailUrl":"https:\/\/amina.is\/wp-content\/uploads\/2021\/04\/cn-04-0727-40-071b_540x540.jpg","datePublished":"2021-04-18T19:47:35+00:00","dateModified":"2023-02-27T21:57:23+00:00","breadcrumb":{"@id":"https:\/\/amina.is\/verslun\/pikan\/titrarar\/50-x-beaded-vibrator-pink\/#breadcrumb"},"inLanguage":"en-US","potentialAction":[{"@type":"ReadAction","target":["https:\/\/amina.is\/verslun\/pikan\/titrarar\/50-x-beaded-vibrator-pink\/"]}]},{"@type":"ImageObject","inLanguage":"en-US","@id":"https:\/\/amina.is\/verslun\/pikan\/titrarar\/50-x-beaded-vibrator-pink\/#primaryimage","url":"https:\/\/amina.is\/wp-content\/uploads\/2021\/04\/cn-04-0727-40-071b_540x540.jpg","contentUrl":"https:\/\/amina.is\/wp-content\/uploads\/2021\/04\/cn-04-0727-40-071b_540x540.jpg","width":540,"height":540},{"@type":"BreadcrumbList","@id":"https:\/\/amina.is\/verslun\/pikan\/titrarar\/50-x-beaded-vibrator-pink\/#breadcrumb","itemListElement":[{"@type":"ListItem","position":1,"name":"Home","item":"https:\/\/amina.is\/"},{"@type":"ListItem","position":2,"name":"Verslun","item":"https:\/\/amina.is\/verslun\/"},{"@type":"ListItem","position":3,"name":"Silicone Beaded Vibrator"}]},{"@type":"WebSite","@id":"https:\/\/amina.is\/#website","url":"https:\/\/amina.is\/","name":"Amina","description":"Feeling is everything - Una\u00f0sv\u00f6rur fyrir alla","publisher":{"@id":"https:\/\/amina.is\/#organization"},"potentialAction":[{"@type":"SearchAction","target":{"@type":"EntryPoint","urlTemplate":"https:\/\/amina.is\/?s={search_term_string}"},"query-input":{"@type":"PropertyValueSpecification","valueRequired":true,"valueName":"search_term_string"}}],"inLanguage":"en-US"},{"@type":"Organization","@id":"https:\/\/amina.is\/#organization","name":"Amina","url":"https:\/\/amina.is\/","logo":{"@type":"ImageObject","inLanguage":"en-US","@id":"https:\/\/amina.is\/#\/schema\/logo\/image\/","url":"https:\/\/amina.is\/wp-content\/uploads\/2021\/09\/logo.png","contentUrl":"https:\/\/amina.is\/wp-content\/uploads\/2021\/09\/logo.png","width":1790,"height":464,"caption":"Amina"},"image":{"@id":"https:\/\/amina.is\/#\/schema\/logo\/image\/"},"sameAs":["https:\/\/m.facebook.com\/AMINA-100767148840241\/","https:\/\/www.instagram.com\/aminaverslun\/"]}]}},"_links":{"self":[{"href":"https:\/\/amina.is\/en\/wp-json\/wp\/v2\/product\/6503","targetHints":{"allow":["GET"]}}],"collection":[{"href":"https:\/\/amina.is\/en\/wp-json\/wp\/v2\/product"}],"about":[{"href":"https:\/\/amina.is\/en\/wp-json\/wp\/v2\/types\/product"}],"version-history":[{"count":7,"href":"https:\/\/amina.is\/en\/wp-json\/wp\/v2\/product\/6503\/revisions"}],"predecessor-version":[{"id":11217,"href":"https:\/\/amina.is\/en\/wp-json\/wp\/v2\/product\/6503\/revisions\/11217"}],"wp:featuredmedia":[{"embeddable":true,"href":"https:\/\/amina.is\/en\/wp-json\/wp\/v2\/media\/11212"}],"wp:attachment":[{"href":"https:\/\/amina.is\/en\/wp-json\/wp\/v2\/media?parent=6503"}],"wp:term":[{"taxonomy":"product_brand","embeddable":true,"href":"https:\/\/amina.is\/en\/wp-json\/wp\/v2\/product_brand?post=6503"},{"taxonomy":"product_cat","embeddable":true,"href":"https:\/\/amina.is\/en\/wp-json\/wp\/v2\/product_cat?post=6503"},{"taxonomy":"product_tag","embeddable":true,"href":"https:\/\/amina.is\/en\/wp-json\/wp\/v2\/product_tag?post=6503"}],"curies":[{"name":"wp","href":"https:\/\/api.w.org\/{rel}","templated":true}]}}