{"id":6501,"date":"2021-04-18T19:15:57","date_gmt":"2021-04-18T19:15:57","guid":{"rendered":"http:\/\/amina.web14.vefold.is\/?post_type=product&#038;p=6501"},"modified":"2025-03-08T14:10:39","modified_gmt":"2025-03-08T14:10:39","slug":"mini-rabbit","status":"publish","type":"product","link":"https:\/\/amina.is\/en\/verslun\/pikan\/titrarar\/mini-rabbit\/","title":{"rendered":"Mini Rabbit"},"content":{"rendered":"<h5>\u00deessi er \u00e6\u00f0islegur \u00ed snyrtibudduna! L\u00edtill og handh\u00e6gur. \u00f6rvar G-blett og sn\u00edp \u00e1 sama t\u00edma. Val um 3 hra\u00f0astillingar og 7 mismunandi titrings mynstur. M\u00e1 nota \u00ed sturtu en ekki \u00e1 kafi. USB hle\u00f0sla. Tekur 1,5 klukkustund a\u00f0 fullhla\u00f0a. Endist \u00ed um 60 m\u00edn\u00fatur. Heildarlengd 12cm. (8cm lengd \u00e1 innsetningu) Mesta breidd 3,5cm.<\/h5>","protected":false},"excerpt":{"rendered":"<p>\u00deessi er \u00e6\u00f0islegur \u00ed snyrtibudduna! L\u00edtill og handh\u00e6gur.<\/p>","protected":false},"featured_media":7902,"template":"","meta":{"inline_featured_image":false},"product_brand":[],"product_cat":[42,43,44,900,883],"product_tag":[318,52,317,125,69,53,316,63,264,56],"class_list":{"0":"post-6501","1":"product","2":"type-product","3":"status-publish","4":"has-post-thumbnail","6":"product_cat-fyrir-thaer","7":"product_cat-fyrir-thau","8":"product_cat-pikan","9":"product_cat-notaahana","10":"product_cat-titrarar","11":"product_tag-curve-toys","12":"product_tag-fjolublar","13":"product_tag-gossip","14":"product_tag-kanina","15":"product_tag-masturbation","16":"product_tag-purple","17":"product_tag-rabbit","18":"product_tag-sjalfsfroun","19":"product_tag-skopin","20":"product_tag-vagina","22":"first","23":"instock","24":"shipping-taxable","25":"purchasable","26":"product-type-simple"},"yoast_head":"<!-- This site is optimized with the Yoast SEO Premium plugin v21.6 (Yoast SEO v27.3) - https:\/\/yoast.com\/product\/yoast-seo-premium-wordpress\/ -->\n<title>Mini Rabbit &#8211; Amina<\/title>\n<meta name=\"robots\" content=\"index, follow, max-snippet:-1, max-image-preview:large, max-video-preview:-1\" \/>\n<link rel=\"canonical\" href=\"https:\/\/amina.is\/en\/verslun\/pikan\/titrarar\/mini-rabbit\/\" \/>\n<meta property=\"og:locale\" content=\"en_US\" \/>\n<meta property=\"og:type\" content=\"article\" \/>\n<meta property=\"og:title\" content=\"Mini Rabbit\" \/>\n<meta property=\"og:description\" content=\"\u00deessi er \u00e6\u00f0islegur \u00ed snyrtibudduna! L\u00edtill og handh\u00e6gur.\" \/>\n<meta property=\"og:url\" content=\"https:\/\/amina.is\/en\/verslun\/pikan\/titrarar\/mini-rabbit\/\" \/>\n<meta property=\"og:site_name\" content=\"Amina\" \/>\n<meta property=\"article:publisher\" content=\"https:\/\/m.facebook.com\/AMINA-100767148840241\/\" \/>\n<meta property=\"article:modified_time\" content=\"2025-03-08T14:10:39+00:00\" \/>\n<meta property=\"og:image\" content=\"https:\/\/amina.is\/wp-content\/uploads\/2021\/04\/mini-rabbit.jpg\" \/>\n\t<meta property=\"og:image:width\" content=\"1200\" \/>\n\t<meta property=\"og:image:height\" content=\"1200\" \/>\n\t<meta property=\"og:image:type\" content=\"image\/jpeg\" \/>\n<meta name=\"twitter:card\" content=\"summary_large_image\" \/>\n<script type=\"application\/ld+json\" class=\"yoast-schema-graph\">{\"@context\":\"https:\\\/\\\/schema.org\",\"@graph\":[{\"@type\":\"WebPage\",\"@id\":\"https:\\\/\\\/amina.is\\\/verslun\\\/pikan\\\/titrarar\\\/mini-rabbit\\\/\",\"url\":\"https:\\\/\\\/amina.is\\\/verslun\\\/pikan\\\/titrarar\\\/mini-rabbit\\\/\",\"name\":\"Mini Rabbit &#8211; Amina\",\"isPartOf\":{\"@id\":\"https:\\\/\\\/amina.is\\\/#website\"},\"primaryImageOfPage\":{\"@id\":\"https:\\\/\\\/amina.is\\\/verslun\\\/pikan\\\/titrarar\\\/mini-rabbit\\\/#primaryimage\"},\"image\":{\"@id\":\"https:\\\/\\\/amina.is\\\/verslun\\\/pikan\\\/titrarar\\\/mini-rabbit\\\/#primaryimage\"},\"thumbnailUrl\":\"https:\\\/\\\/amina.is\\\/wp-content\\\/uploads\\\/2021\\\/04\\\/mini-rabbit.jpg\",\"datePublished\":\"2021-04-18T19:15:57+00:00\",\"dateModified\":\"2025-03-08T14:10:39+00:00\",\"breadcrumb\":{\"@id\":\"https:\\\/\\\/amina.is\\\/verslun\\\/pikan\\\/titrarar\\\/mini-rabbit\\\/#breadcrumb\"},\"inLanguage\":\"en-US\",\"potentialAction\":[{\"@type\":\"ReadAction\",\"target\":[\"https:\\\/\\\/amina.is\\\/verslun\\\/pikan\\\/titrarar\\\/mini-rabbit\\\/\"]}]},{\"@type\":\"ImageObject\",\"inLanguage\":\"en-US\",\"@id\":\"https:\\\/\\\/amina.is\\\/verslun\\\/pikan\\\/titrarar\\\/mini-rabbit\\\/#primaryimage\",\"url\":\"https:\\\/\\\/amina.is\\\/wp-content\\\/uploads\\\/2021\\\/04\\\/mini-rabbit.jpg\",\"contentUrl\":\"https:\\\/\\\/amina.is\\\/wp-content\\\/uploads\\\/2021\\\/04\\\/mini-rabbit.jpg\",\"width\":1200,\"height\":1200},{\"@type\":\"BreadcrumbList\",\"@id\":\"https:\\\/\\\/amina.is\\\/verslun\\\/pikan\\\/titrarar\\\/mini-rabbit\\\/#breadcrumb\",\"itemListElement\":[{\"@type\":\"ListItem\",\"position\":1,\"name\":\"Home\",\"item\":\"https:\\\/\\\/amina.is\\\/\"},{\"@type\":\"ListItem\",\"position\":2,\"name\":\"Verslun\",\"item\":\"https:\\\/\\\/amina.is\\\/verslun\\\/\"},{\"@type\":\"ListItem\",\"position\":3,\"name\":\"Mini Rabbit\"}]},{\"@type\":\"WebSite\",\"@id\":\"https:\\\/\\\/amina.is\\\/#website\",\"url\":\"https:\\\/\\\/amina.is\\\/\",\"name\":\"Amina\",\"description\":\"Feeling is everything - Una\u00f0sv\u00f6rur fyrir alla\",\"publisher\":{\"@id\":\"https:\\\/\\\/amina.is\\\/#organization\"},\"potentialAction\":[{\"@type\":\"SearchAction\",\"target\":{\"@type\":\"EntryPoint\",\"urlTemplate\":\"https:\\\/\\\/amina.is\\\/?s={search_term_string}\"},\"query-input\":{\"@type\":\"PropertyValueSpecification\",\"valueRequired\":true,\"valueName\":\"search_term_string\"}}],\"inLanguage\":\"en-US\"},{\"@type\":\"Organization\",\"@id\":\"https:\\\/\\\/amina.is\\\/#organization\",\"name\":\"Amina\",\"url\":\"https:\\\/\\\/amina.is\\\/\",\"logo\":{\"@type\":\"ImageObject\",\"inLanguage\":\"en-US\",\"@id\":\"https:\\\/\\\/amina.is\\\/#\\\/schema\\\/logo\\\/image\\\/\",\"url\":\"https:\\\/\\\/amina.is\\\/wp-content\\\/uploads\\\/2021\\\/09\\\/logo.png\",\"contentUrl\":\"https:\\\/\\\/amina.is\\\/wp-content\\\/uploads\\\/2021\\\/09\\\/logo.png\",\"width\":1790,\"height\":464,\"caption\":\"Amina\"},\"image\":{\"@id\":\"https:\\\/\\\/amina.is\\\/#\\\/schema\\\/logo\\\/image\\\/\"},\"sameAs\":[\"https:\\\/\\\/m.facebook.com\\\/AMINA-100767148840241\\\/\",\"https:\\\/\\\/www.instagram.com\\\/aminaverslun\\\/\"]}]}<\/script>\n<!-- \/ Yoast SEO Premium plugin. -->","yoast_head_json":{"title":"Mini Rabbit &#8211; Amina","robots":{"index":"index","follow":"follow","max-snippet":"max-snippet:-1","max-image-preview":"max-image-preview:large","max-video-preview":"max-video-preview:-1"},"canonical":"https:\/\/amina.is\/en\/verslun\/pikan\/titrarar\/mini-rabbit\/","og_locale":"en_US","og_type":"article","og_title":"Mini Rabbit","og_description":"\u00deessi er \u00e6\u00f0islegur \u00ed snyrtibudduna! L\u00edtill og handh\u00e6gur.","og_url":"https:\/\/amina.is\/en\/verslun\/pikan\/titrarar\/mini-rabbit\/","og_site_name":"Amina","article_publisher":"https:\/\/m.facebook.com\/AMINA-100767148840241\/","article_modified_time":"2025-03-08T14:10:39+00:00","og_image":[{"width":1200,"height":1200,"url":"https:\/\/amina.is\/wp-content\/uploads\/2021\/04\/mini-rabbit.jpg","type":"image\/jpeg"}],"twitter_card":"summary_large_image","schema":{"@context":"https:\/\/schema.org","@graph":[{"@type":"WebPage","@id":"https:\/\/amina.is\/verslun\/pikan\/titrarar\/mini-rabbit\/","url":"https:\/\/amina.is\/verslun\/pikan\/titrarar\/mini-rabbit\/","name":"Mini Rabbit &#8211; Amina","isPartOf":{"@id":"https:\/\/amina.is\/#website"},"primaryImageOfPage":{"@id":"https:\/\/amina.is\/verslun\/pikan\/titrarar\/mini-rabbit\/#primaryimage"},"image":{"@id":"https:\/\/amina.is\/verslun\/pikan\/titrarar\/mini-rabbit\/#primaryimage"},"thumbnailUrl":"https:\/\/amina.is\/wp-content\/uploads\/2021\/04\/mini-rabbit.jpg","datePublished":"2021-04-18T19:15:57+00:00","dateModified":"2025-03-08T14:10:39+00:00","breadcrumb":{"@id":"https:\/\/amina.is\/verslun\/pikan\/titrarar\/mini-rabbit\/#breadcrumb"},"inLanguage":"en-US","potentialAction":[{"@type":"ReadAction","target":["https:\/\/amina.is\/verslun\/pikan\/titrarar\/mini-rabbit\/"]}]},{"@type":"ImageObject","inLanguage":"en-US","@id":"https:\/\/amina.is\/verslun\/pikan\/titrarar\/mini-rabbit\/#primaryimage","url":"https:\/\/amina.is\/wp-content\/uploads\/2021\/04\/mini-rabbit.jpg","contentUrl":"https:\/\/amina.is\/wp-content\/uploads\/2021\/04\/mini-rabbit.jpg","width":1200,"height":1200},{"@type":"BreadcrumbList","@id":"https:\/\/amina.is\/verslun\/pikan\/titrarar\/mini-rabbit\/#breadcrumb","itemListElement":[{"@type":"ListItem","position":1,"name":"Home","item":"https:\/\/amina.is\/"},{"@type":"ListItem","position":2,"name":"Verslun","item":"https:\/\/amina.is\/verslun\/"},{"@type":"ListItem","position":3,"name":"Mini Rabbit"}]},{"@type":"WebSite","@id":"https:\/\/amina.is\/#website","url":"https:\/\/amina.is\/","name":"Amina","description":"Feeling is everything - Una\u00f0sv\u00f6rur fyrir alla","publisher":{"@id":"https:\/\/amina.is\/#organization"},"potentialAction":[{"@type":"SearchAction","target":{"@type":"EntryPoint","urlTemplate":"https:\/\/amina.is\/?s={search_term_string}"},"query-input":{"@type":"PropertyValueSpecification","valueRequired":true,"valueName":"search_term_string"}}],"inLanguage":"en-US"},{"@type":"Organization","@id":"https:\/\/amina.is\/#organization","name":"Amina","url":"https:\/\/amina.is\/","logo":{"@type":"ImageObject","inLanguage":"en-US","@id":"https:\/\/amina.is\/#\/schema\/logo\/image\/","url":"https:\/\/amina.is\/wp-content\/uploads\/2021\/09\/logo.png","contentUrl":"https:\/\/amina.is\/wp-content\/uploads\/2021\/09\/logo.png","width":1790,"height":464,"caption":"Amina"},"image":{"@id":"https:\/\/amina.is\/#\/schema\/logo\/image\/"},"sameAs":["https:\/\/m.facebook.com\/AMINA-100767148840241\/","https:\/\/www.instagram.com\/aminaverslun\/"]}]}},"_links":{"self":[{"href":"https:\/\/amina.is\/en\/wp-json\/wp\/v2\/product\/6501","targetHints":{"allow":["GET"]}}],"collection":[{"href":"https:\/\/amina.is\/en\/wp-json\/wp\/v2\/product"}],"about":[{"href":"https:\/\/amina.is\/en\/wp-json\/wp\/v2\/types\/product"}],"version-history":[{"count":3,"href":"https:\/\/amina.is\/en\/wp-json\/wp\/v2\/product\/6501\/revisions"}],"predecessor-version":[{"id":7903,"href":"https:\/\/amina.is\/en\/wp-json\/wp\/v2\/product\/6501\/revisions\/7903"}],"wp:featuredmedia":[{"embeddable":true,"href":"https:\/\/amina.is\/en\/wp-json\/wp\/v2\/media\/7902"}],"wp:attachment":[{"href":"https:\/\/amina.is\/en\/wp-json\/wp\/v2\/media?parent=6501"}],"wp:term":[{"taxonomy":"product_brand","embeddable":true,"href":"https:\/\/amina.is\/en\/wp-json\/wp\/v2\/product_brand?post=6501"},{"taxonomy":"product_cat","embeddable":true,"href":"https:\/\/amina.is\/en\/wp-json\/wp\/v2\/product_cat?post=6501"},{"taxonomy":"product_tag","embeddable":true,"href":"https:\/\/amina.is\/en\/wp-json\/wp\/v2\/product_tag?post=6501"}],"curies":[{"name":"wp","href":"https:\/\/api.w.org\/{rel}","templated":true}]}}