{"id":6483,"date":"2021-04-18T18:43:55","date_gmt":"2021-04-18T18:43:55","guid":{"rendered":"http:\/\/amina.web14.vefold.is\/?post_type=product&#038;p=6483"},"modified":"2025-09-16T12:17:27","modified_gmt":"2025-09-16T12:17:27","slug":"bang-silicone-plush-egg-black","status":"publish","type":"product","link":"https:\/\/amina.is\/en\/verslun\/pikan\/titrarar\/bang-silicone-plush-egg-black\/","title":{"rendered":"BANG &#8211; Silicone Plush Egg"},"content":{"rendered":"<h5>Kraftmiki\u00f0 mj\u00fakt egg me\u00f0 \u00fer\u00e1\u00f0lausri fjarst\u00fdringu. Hvort sem \u00e6tlunin s\u00e9 a\u00f0 leika me\u00f0 f\u00e9laga e\u00f0a solo \u00fe\u00e1 \u00e1byrgjumst vi\u00f0 a\u00f0 \u00fe\u00fa munt skemmta \u00fe\u00e9r vel. \u00deetta egg er tilvali\u00f0 til notkunar \u00e1 sn\u00edpinn, \u00ed legg\u00f6ng e\u00f0a rassinn. 4 Styrkleikar og 7 Mismunandi &#8222;mynstur&#8220;.<\/h5>\n<h5>Hlj\u00f3\u00f0l\u00e1tt. M\u00e1 nota \u00ed sturtu og au\u00f0velt a\u00f0 \u00fer\u00edfa eftir notkun \u00fear sem eggi\u00f0 er vatnshelt. (M\u00e1 a\u00f0eins nota \u00ed sturtu, ekki \u00ed kafi) M\u00e1 a\u00f0eins nota me\u00f0 vatnssleipiefnum.<\/h5>\n<h5>Heildarlengd 19,8cm. Lengd \u00e1 k\u00falu 8,3cm Brei\u00f0asti partur 3,3cm. Lengd \u00e1 &#8222;hala&#8220; 11,5cm. USB hle\u00f0sla. 1,5 t\u00edmi a\u00f0 fullhla\u00f0a. 60 m\u00edn. notkun \u00e1 hle\u00f0slu.<\/h5>","protected":false},"excerpt":{"rendered":"<p>Kraftmiki\u00f0 mj\u00fakt egg me\u00f0 \u00fer\u00e1\u00f0lausri fjarst\u00fdringu.<\/p>","protected":false},"featured_media":7739,"template":"","meta":{"inline_featured_image":false},"product_brand":[],"product_cat":[41,42,43,906,44,35,900,899,883],"product_tag":[311,203,85,304,314,69,256,313,63,315,312,76,56],"class_list":{"0":"post-6483","1":"product","2":"type-product","3":"status-publish","4":"has-post-thumbnail","6":"product_cat-fyrir-tha","7":"product_cat-fyrir-thaer","8":"product_cat-fyrir-thau","9":"product_cat-gervilimirogegg","10":"product_cat-pikan","11":"product_cat-rassinn","12":"product_cat-notaahana","13":"product_cat-notaahann","14":"product_cat-titrarar","15":"product_tag-bang","16":"product_tag-black","17":"product_tag-egg","18":"product_tag-endatharmurinn","19":"product_tag-leggong","20":"product_tag-masturbation","21":"product_tag-partner","22":"product_tag-plush-egg","23":"product_tag-sjalfsfroun","24":"product_tag-snipur","25":"product_tag-solo","26":"product_tag-svart","27":"product_tag-vagina","29":"first","30":"instock","31":"shipping-taxable","32":"purchasable","33":"product-type-variable"},"yoast_head":"<!-- This site is optimized with the Yoast SEO Premium plugin v21.6 (Yoast SEO v27.4) - https:\/\/yoast.com\/product\/yoast-seo-premium-wordpress\/ -->\n<title>BANG - Silicone Plush Egg &#8211; Amina<\/title>\n<meta name=\"robots\" content=\"index, follow, max-snippet:-1, max-image-preview:large, max-video-preview:-1\" \/>\n<link rel=\"canonical\" href=\"https:\/\/amina.is\/en\/verslun\/pikan\/titrarar\/bang-silicone-plush-egg-black\/\" \/>\n<meta property=\"og:locale\" content=\"en_US\" \/>\n<meta property=\"og:type\" content=\"article\" \/>\n<meta property=\"og:title\" content=\"BANG - Silicone Plush Egg\" \/>\n<meta property=\"og:description\" content=\"Kraftmiki\u00f0 mj\u00fakt egg me\u00f0 \u00fer\u00e1\u00f0lausri fjarst\u00fdringu.\" \/>\n<meta property=\"og:url\" content=\"https:\/\/amina.is\/en\/verslun\/pikan\/titrarar\/bang-silicone-plush-egg-black\/\" \/>\n<meta property=\"og:site_name\" content=\"Amina\" \/>\n<meta property=\"article:publisher\" content=\"https:\/\/m.facebook.com\/AMINA-100767148840241\/\" \/>\n<meta property=\"article:modified_time\" content=\"2025-09-16T12:17:27+00:00\" \/>\n<meta property=\"og:image\" content=\"https:\/\/amina.is\/wp-content\/uploads\/2021\/04\/bang-pink.jpg\" \/>\n\t<meta property=\"og:image:width\" content=\"1000\" \/>\n\t<meta property=\"og:image:height\" content=\"1000\" \/>\n\t<meta property=\"og:image:type\" content=\"image\/jpeg\" \/>\n<meta name=\"twitter:card\" content=\"summary_large_image\" \/>\n<meta name=\"twitter:label1\" content=\"Est. reading time\" \/>\n\t<meta name=\"twitter:data1\" content=\"1 minute\" \/>\n<script type=\"application\/ld+json\" class=\"yoast-schema-graph\">{\"@context\":\"https:\\\/\\\/schema.org\",\"@graph\":[{\"@type\":\"WebPage\",\"@id\":\"https:\\\/\\\/amina.is\\\/verslun\\\/pikan\\\/titrarar\\\/bang-silicone-plush-egg-black\\\/\",\"url\":\"https:\\\/\\\/amina.is\\\/verslun\\\/pikan\\\/titrarar\\\/bang-silicone-plush-egg-black\\\/\",\"name\":\"BANG - Silicone Plush Egg &#8211; Amina\",\"isPartOf\":{\"@id\":\"https:\\\/\\\/amina.is\\\/#website\"},\"primaryImageOfPage\":{\"@id\":\"https:\\\/\\\/amina.is\\\/verslun\\\/pikan\\\/titrarar\\\/bang-silicone-plush-egg-black\\\/#primaryimage\"},\"image\":{\"@id\":\"https:\\\/\\\/amina.is\\\/verslun\\\/pikan\\\/titrarar\\\/bang-silicone-plush-egg-black\\\/#primaryimage\"},\"thumbnailUrl\":\"https:\\\/\\\/amina.is\\\/wp-content\\\/uploads\\\/2021\\\/04\\\/bang-pink.jpg\",\"datePublished\":\"2021-04-18T18:43:55+00:00\",\"dateModified\":\"2025-09-16T12:17:27+00:00\",\"breadcrumb\":{\"@id\":\"https:\\\/\\\/amina.is\\\/verslun\\\/pikan\\\/titrarar\\\/bang-silicone-plush-egg-black\\\/#breadcrumb\"},\"inLanguage\":\"en-US\",\"potentialAction\":[{\"@type\":\"ReadAction\",\"target\":[\"https:\\\/\\\/amina.is\\\/verslun\\\/pikan\\\/titrarar\\\/bang-silicone-plush-egg-black\\\/\"]}]},{\"@type\":\"ImageObject\",\"inLanguage\":\"en-US\",\"@id\":\"https:\\\/\\\/amina.is\\\/verslun\\\/pikan\\\/titrarar\\\/bang-silicone-plush-egg-black\\\/#primaryimage\",\"url\":\"https:\\\/\\\/amina.is\\\/wp-content\\\/uploads\\\/2021\\\/04\\\/bang-pink.jpg\",\"contentUrl\":\"https:\\\/\\\/amina.is\\\/wp-content\\\/uploads\\\/2021\\\/04\\\/bang-pink.jpg\",\"width\":1000,\"height\":1000},{\"@type\":\"BreadcrumbList\",\"@id\":\"https:\\\/\\\/amina.is\\\/verslun\\\/pikan\\\/titrarar\\\/bang-silicone-plush-egg-black\\\/#breadcrumb\",\"itemListElement\":[{\"@type\":\"ListItem\",\"position\":1,\"name\":\"Home\",\"item\":\"https:\\\/\\\/amina.is\\\/\"},{\"@type\":\"ListItem\",\"position\":2,\"name\":\"Verslun\",\"item\":\"https:\\\/\\\/amina.is\\\/verslun\\\/\"},{\"@type\":\"ListItem\",\"position\":3,\"name\":\"BANG &#8211; Silicone Plush Egg\"}]},{\"@type\":\"WebSite\",\"@id\":\"https:\\\/\\\/amina.is\\\/#website\",\"url\":\"https:\\\/\\\/amina.is\\\/\",\"name\":\"Amina\",\"description\":\"Feeling is everything - Una\u00f0sv\u00f6rur fyrir alla\",\"publisher\":{\"@id\":\"https:\\\/\\\/amina.is\\\/#organization\"},\"potentialAction\":[{\"@type\":\"SearchAction\",\"target\":{\"@type\":\"EntryPoint\",\"urlTemplate\":\"https:\\\/\\\/amina.is\\\/?s={search_term_string}\"},\"query-input\":{\"@type\":\"PropertyValueSpecification\",\"valueRequired\":true,\"valueName\":\"search_term_string\"}}],\"inLanguage\":\"en-US\"},{\"@type\":\"Organization\",\"@id\":\"https:\\\/\\\/amina.is\\\/#organization\",\"name\":\"Amina\",\"url\":\"https:\\\/\\\/amina.is\\\/\",\"logo\":{\"@type\":\"ImageObject\",\"inLanguage\":\"en-US\",\"@id\":\"https:\\\/\\\/amina.is\\\/#\\\/schema\\\/logo\\\/image\\\/\",\"url\":\"https:\\\/\\\/amina.is\\\/wp-content\\\/uploads\\\/2021\\\/09\\\/logo.png\",\"contentUrl\":\"https:\\\/\\\/amina.is\\\/wp-content\\\/uploads\\\/2021\\\/09\\\/logo.png\",\"width\":1790,\"height\":464,\"caption\":\"Amina\"},\"image\":{\"@id\":\"https:\\\/\\\/amina.is\\\/#\\\/schema\\\/logo\\\/image\\\/\"},\"sameAs\":[\"https:\\\/\\\/m.facebook.com\\\/AMINA-100767148840241\\\/\",\"https:\\\/\\\/www.instagram.com\\\/aminaverslun\\\/\"]}]}<\/script>\n<!-- \/ Yoast SEO Premium plugin. -->","yoast_head_json":{"title":"BANG - Silicone Plush Egg &#8211; Amina","robots":{"index":"index","follow":"follow","max-snippet":"max-snippet:-1","max-image-preview":"max-image-preview:large","max-video-preview":"max-video-preview:-1"},"canonical":"https:\/\/amina.is\/en\/verslun\/pikan\/titrarar\/bang-silicone-plush-egg-black\/","og_locale":"en_US","og_type":"article","og_title":"BANG - Silicone Plush Egg","og_description":"Kraftmiki\u00f0 mj\u00fakt egg me\u00f0 \u00fer\u00e1\u00f0lausri fjarst\u00fdringu.","og_url":"https:\/\/amina.is\/en\/verslun\/pikan\/titrarar\/bang-silicone-plush-egg-black\/","og_site_name":"Amina","article_publisher":"https:\/\/m.facebook.com\/AMINA-100767148840241\/","article_modified_time":"2025-09-16T12:17:27+00:00","og_image":[{"width":1000,"height":1000,"url":"https:\/\/amina.is\/wp-content\/uploads\/2021\/04\/bang-pink.jpg","type":"image\/jpeg"}],"twitter_card":"summary_large_image","twitter_misc":{"Est. reading time":"1 minute"},"schema":{"@context":"https:\/\/schema.org","@graph":[{"@type":"WebPage","@id":"https:\/\/amina.is\/verslun\/pikan\/titrarar\/bang-silicone-plush-egg-black\/","url":"https:\/\/amina.is\/verslun\/pikan\/titrarar\/bang-silicone-plush-egg-black\/","name":"BANG - Silicone Plush Egg &#8211; Amina","isPartOf":{"@id":"https:\/\/amina.is\/#website"},"primaryImageOfPage":{"@id":"https:\/\/amina.is\/verslun\/pikan\/titrarar\/bang-silicone-plush-egg-black\/#primaryimage"},"image":{"@id":"https:\/\/amina.is\/verslun\/pikan\/titrarar\/bang-silicone-plush-egg-black\/#primaryimage"},"thumbnailUrl":"https:\/\/amina.is\/wp-content\/uploads\/2021\/04\/bang-pink.jpg","datePublished":"2021-04-18T18:43:55+00:00","dateModified":"2025-09-16T12:17:27+00:00","breadcrumb":{"@id":"https:\/\/amina.is\/verslun\/pikan\/titrarar\/bang-silicone-plush-egg-black\/#breadcrumb"},"inLanguage":"en-US","potentialAction":[{"@type":"ReadAction","target":["https:\/\/amina.is\/verslun\/pikan\/titrarar\/bang-silicone-plush-egg-black\/"]}]},{"@type":"ImageObject","inLanguage":"en-US","@id":"https:\/\/amina.is\/verslun\/pikan\/titrarar\/bang-silicone-plush-egg-black\/#primaryimage","url":"https:\/\/amina.is\/wp-content\/uploads\/2021\/04\/bang-pink.jpg","contentUrl":"https:\/\/amina.is\/wp-content\/uploads\/2021\/04\/bang-pink.jpg","width":1000,"height":1000},{"@type":"BreadcrumbList","@id":"https:\/\/amina.is\/verslun\/pikan\/titrarar\/bang-silicone-plush-egg-black\/#breadcrumb","itemListElement":[{"@type":"ListItem","position":1,"name":"Home","item":"https:\/\/amina.is\/"},{"@type":"ListItem","position":2,"name":"Verslun","item":"https:\/\/amina.is\/verslun\/"},{"@type":"ListItem","position":3,"name":"BANG &#8211; Silicone Plush Egg"}]},{"@type":"WebSite","@id":"https:\/\/amina.is\/#website","url":"https:\/\/amina.is\/","name":"Amina","description":"Feeling is everything - Una\u00f0sv\u00f6rur fyrir alla","publisher":{"@id":"https:\/\/amina.is\/#organization"},"potentialAction":[{"@type":"SearchAction","target":{"@type":"EntryPoint","urlTemplate":"https:\/\/amina.is\/?s={search_term_string}"},"query-input":{"@type":"PropertyValueSpecification","valueRequired":true,"valueName":"search_term_string"}}],"inLanguage":"en-US"},{"@type":"Organization","@id":"https:\/\/amina.is\/#organization","name":"Amina","url":"https:\/\/amina.is\/","logo":{"@type":"ImageObject","inLanguage":"en-US","@id":"https:\/\/amina.is\/#\/schema\/logo\/image\/","url":"https:\/\/amina.is\/wp-content\/uploads\/2021\/09\/logo.png","contentUrl":"https:\/\/amina.is\/wp-content\/uploads\/2021\/09\/logo.png","width":1790,"height":464,"caption":"Amina"},"image":{"@id":"https:\/\/amina.is\/#\/schema\/logo\/image\/"},"sameAs":["https:\/\/m.facebook.com\/AMINA-100767148840241\/","https:\/\/www.instagram.com\/aminaverslun\/"]}]}},"_links":{"self":[{"href":"https:\/\/amina.is\/en\/wp-json\/wp\/v2\/product\/6483","targetHints":{"allow":["GET"]}}],"collection":[{"href":"https:\/\/amina.is\/en\/wp-json\/wp\/v2\/product"}],"about":[{"href":"https:\/\/amina.is\/en\/wp-json\/wp\/v2\/types\/product"}],"version-history":[{"count":4,"href":"https:\/\/amina.is\/en\/wp-json\/wp\/v2\/product\/6483\/revisions"}],"predecessor-version":[{"id":7736,"href":"https:\/\/amina.is\/en\/wp-json\/wp\/v2\/product\/6483\/revisions\/7736"}],"wp:featuredmedia":[{"embeddable":true,"href":"https:\/\/amina.is\/en\/wp-json\/wp\/v2\/media\/7739"}],"wp:attachment":[{"href":"https:\/\/amina.is\/en\/wp-json\/wp\/v2\/media?parent=6483"}],"wp:term":[{"taxonomy":"product_brand","embeddable":true,"href":"https:\/\/amina.is\/en\/wp-json\/wp\/v2\/product_brand?post=6483"},{"taxonomy":"product_cat","embeddable":true,"href":"https:\/\/amina.is\/en\/wp-json\/wp\/v2\/product_cat?post=6483"},{"taxonomy":"product_tag","embeddable":true,"href":"https:\/\/amina.is\/en\/wp-json\/wp\/v2\/product_tag?post=6483"}],"curies":[{"name":"wp","href":"https:\/\/api.w.org\/{rel}","templated":true}]}}