{"id":6468,"date":"2021-04-15T19:47:38","date_gmt":"2021-04-15T19:47:38","guid":{"rendered":"http:\/\/amina.web14.vefold.is\/?post_type=product&#038;p=6468"},"modified":"2025-03-08T14:11:21","modified_gmt":"2025-03-08T14:11:21","slug":"calexotics-rechargeable-clitoral-pump","status":"publish","type":"product","link":"https:\/\/amina.is\/en\/verslun\/pikan\/sogtaeki\/calexotics-rechargeable-clitoral-pump\/","title":{"rendered":"CalExotics &#8211; Rechargeable Clitoral Pump"},"content":{"rendered":"<h5>Sn\u00edpu pumpan fr\u00e1 CalExotics b\u00fd\u00f0ur upp \u00e1 12 mismunandi stillingar og er me\u00f0 hreyfanlegan haus fyrir \u00fe\u00e6gilegri notkun. Myndar titring sem og sog. USB hla\u00f0in og man eftir s\u00ed\u00f0ustu stillingu sem var notu\u00f0. \u00d3h\u00e6tt a\u00f0 nota \u00ed sturtu. Tekur um 80 m\u00edn\u00fatur a\u00f0 fullhla\u00f0a sem skilar um 60 m\u00edn\u00fatum \u00ed notkun.<\/h5>","protected":false},"excerpt":{"rendered":"<p>Sn\u00edpu pumpan fr\u00e1 CalExotics b\u00fd\u00f0ur upp \u00e1 12 mismunandi stillingar og er me\u00f0 hreyfanlegan haus fyrir \u00fe\u00e6gilegri notkun. Myndar titring sem og sog.<\/p>","protected":false},"featured_media":7807,"template":"","meta":{"inline_featured_image":false},"product_brand":[],"product_cat":[42,43,885,44,900],"product_tag":[80,299,69,300,301,63,55,264,56],"class_list":{"0":"post-6468","1":"product","2":"type-product","3":"status-publish","4":"has-post-thumbnail","6":"product_cat-fyrir-thaer","7":"product_cat-fyrir-thau","8":"product_cat-sogtaeki","9":"product_cat-pikan","10":"product_cat-notaahana","11":"product_tag-calexotics","12":"product_tag-clit","13":"product_tag-masturbation","14":"product_tag-poka","15":"product_tag-pumpa","16":"product_tag-sjalfsfroun","17":"product_tag-skop","18":"product_tag-skopin","19":"product_tag-vagina","21":"first","22":"instock","23":"shipping-taxable","24":"purchasable","25":"product-type-simple"},"yoast_head":"<!-- This site is optimized with the Yoast SEO Premium plugin v21.6 (Yoast SEO v27.4) - https:\/\/yoast.com\/product\/yoast-seo-premium-wordpress\/ -->\n<title>CalExotics - Rechargeable Clitoral Pump &#8211; Amina<\/title>\n<meta name=\"robots\" content=\"index, follow, max-snippet:-1, max-image-preview:large, max-video-preview:-1\" \/>\n<link rel=\"canonical\" href=\"https:\/\/amina.is\/en\/verslun\/pikan\/sogtaeki\/calexotics-rechargeable-clitoral-pump\/\" \/>\n<meta property=\"og:locale\" content=\"en_US\" \/>\n<meta property=\"og:type\" content=\"article\" \/>\n<meta property=\"og:title\" content=\"CalExotics - Rechargeable Clitoral Pump\" \/>\n<meta property=\"og:description\" content=\"Sn\u00edpu pumpan fr\u00e1 CalExotics b\u00fd\u00f0ur upp \u00e1 12 mismunandi stillingar og er me\u00f0 hreyfanlegan haus fyrir \u00fe\u00e6gilegri notkun. Myndar titring sem og sog.\" \/>\n<meta property=\"og:url\" content=\"https:\/\/amina.is\/en\/verslun\/pikan\/sogtaeki\/calexotics-rechargeable-clitoral-pump\/\" \/>\n<meta property=\"og:site_name\" content=\"Amina\" \/>\n<meta property=\"article:publisher\" content=\"https:\/\/m.facebook.com\/AMINA-100767148840241\/\" \/>\n<meta property=\"article:modified_time\" content=\"2025-03-08T14:11:21+00:00\" \/>\n<meta property=\"og:image\" content=\"https:\/\/amina.is\/wp-content\/uploads\/2021\/04\/Clitoral-pump.jpg\" \/>\n\t<meta property=\"og:image:width\" content=\"1100\" \/>\n\t<meta property=\"og:image:height\" content=\"1100\" \/>\n\t<meta property=\"og:image:type\" content=\"image\/jpeg\" \/>\n<meta name=\"twitter:card\" content=\"summary_large_image\" \/>\n<script type=\"application\/ld+json\" class=\"yoast-schema-graph\">{\"@context\":\"https:\\\/\\\/schema.org\",\"@graph\":[{\"@type\":\"WebPage\",\"@id\":\"https:\\\/\\\/amina.is\\\/verslun\\\/pikan\\\/sogtaeki\\\/calexotics-rechargeable-clitoral-pump\\\/\",\"url\":\"https:\\\/\\\/amina.is\\\/verslun\\\/pikan\\\/sogtaeki\\\/calexotics-rechargeable-clitoral-pump\\\/\",\"name\":\"CalExotics - Rechargeable Clitoral Pump &#8211; Amina\",\"isPartOf\":{\"@id\":\"https:\\\/\\\/amina.is\\\/#website\"},\"primaryImageOfPage\":{\"@id\":\"https:\\\/\\\/amina.is\\\/verslun\\\/pikan\\\/sogtaeki\\\/calexotics-rechargeable-clitoral-pump\\\/#primaryimage\"},\"image\":{\"@id\":\"https:\\\/\\\/amina.is\\\/verslun\\\/pikan\\\/sogtaeki\\\/calexotics-rechargeable-clitoral-pump\\\/#primaryimage\"},\"thumbnailUrl\":\"https:\\\/\\\/amina.is\\\/wp-content\\\/uploads\\\/2021\\\/04\\\/Clitoral-pump.jpg\",\"datePublished\":\"2021-04-15T19:47:38+00:00\",\"dateModified\":\"2025-03-08T14:11:21+00:00\",\"breadcrumb\":{\"@id\":\"https:\\\/\\\/amina.is\\\/verslun\\\/pikan\\\/sogtaeki\\\/calexotics-rechargeable-clitoral-pump\\\/#breadcrumb\"},\"inLanguage\":\"en-US\",\"potentialAction\":[{\"@type\":\"ReadAction\",\"target\":[\"https:\\\/\\\/amina.is\\\/verslun\\\/pikan\\\/sogtaeki\\\/calexotics-rechargeable-clitoral-pump\\\/\"]}]},{\"@type\":\"ImageObject\",\"inLanguage\":\"en-US\",\"@id\":\"https:\\\/\\\/amina.is\\\/verslun\\\/pikan\\\/sogtaeki\\\/calexotics-rechargeable-clitoral-pump\\\/#primaryimage\",\"url\":\"https:\\\/\\\/amina.is\\\/wp-content\\\/uploads\\\/2021\\\/04\\\/Clitoral-pump.jpg\",\"contentUrl\":\"https:\\\/\\\/amina.is\\\/wp-content\\\/uploads\\\/2021\\\/04\\\/Clitoral-pump.jpg\",\"width\":1100,\"height\":1100},{\"@type\":\"BreadcrumbList\",\"@id\":\"https:\\\/\\\/amina.is\\\/verslun\\\/pikan\\\/sogtaeki\\\/calexotics-rechargeable-clitoral-pump\\\/#breadcrumb\",\"itemListElement\":[{\"@type\":\"ListItem\",\"position\":1,\"name\":\"Home\",\"item\":\"https:\\\/\\\/amina.is\\\/\"},{\"@type\":\"ListItem\",\"position\":2,\"name\":\"Verslun\",\"item\":\"https:\\\/\\\/amina.is\\\/verslun\\\/\"},{\"@type\":\"ListItem\",\"position\":3,\"name\":\"CalExotics &#8211; Rechargeable Clitoral Pump\"}]},{\"@type\":\"WebSite\",\"@id\":\"https:\\\/\\\/amina.is\\\/#website\",\"url\":\"https:\\\/\\\/amina.is\\\/\",\"name\":\"Amina\",\"description\":\"Feeling is everything - Una\u00f0sv\u00f6rur fyrir alla\",\"publisher\":{\"@id\":\"https:\\\/\\\/amina.is\\\/#organization\"},\"potentialAction\":[{\"@type\":\"SearchAction\",\"target\":{\"@type\":\"EntryPoint\",\"urlTemplate\":\"https:\\\/\\\/amina.is\\\/?s={search_term_string}\"},\"query-input\":{\"@type\":\"PropertyValueSpecification\",\"valueRequired\":true,\"valueName\":\"search_term_string\"}}],\"inLanguage\":\"en-US\"},{\"@type\":\"Organization\",\"@id\":\"https:\\\/\\\/amina.is\\\/#organization\",\"name\":\"Amina\",\"url\":\"https:\\\/\\\/amina.is\\\/\",\"logo\":{\"@type\":\"ImageObject\",\"inLanguage\":\"en-US\",\"@id\":\"https:\\\/\\\/amina.is\\\/#\\\/schema\\\/logo\\\/image\\\/\",\"url\":\"https:\\\/\\\/amina.is\\\/wp-content\\\/uploads\\\/2021\\\/09\\\/logo.png\",\"contentUrl\":\"https:\\\/\\\/amina.is\\\/wp-content\\\/uploads\\\/2021\\\/09\\\/logo.png\",\"width\":1790,\"height\":464,\"caption\":\"Amina\"},\"image\":{\"@id\":\"https:\\\/\\\/amina.is\\\/#\\\/schema\\\/logo\\\/image\\\/\"},\"sameAs\":[\"https:\\\/\\\/m.facebook.com\\\/AMINA-100767148840241\\\/\",\"https:\\\/\\\/www.instagram.com\\\/aminaverslun\\\/\"]}]}<\/script>\n<!-- \/ Yoast SEO Premium plugin. -->","yoast_head_json":{"title":"CalExotics - Rechargeable Clitoral Pump &#8211; Amina","robots":{"index":"index","follow":"follow","max-snippet":"max-snippet:-1","max-image-preview":"max-image-preview:large","max-video-preview":"max-video-preview:-1"},"canonical":"https:\/\/amina.is\/en\/verslun\/pikan\/sogtaeki\/calexotics-rechargeable-clitoral-pump\/","og_locale":"en_US","og_type":"article","og_title":"CalExotics - Rechargeable Clitoral Pump","og_description":"Sn\u00edpu pumpan fr\u00e1 CalExotics b\u00fd\u00f0ur upp \u00e1 12 mismunandi stillingar og er me\u00f0 hreyfanlegan haus fyrir \u00fe\u00e6gilegri notkun. Myndar titring sem og sog.","og_url":"https:\/\/amina.is\/en\/verslun\/pikan\/sogtaeki\/calexotics-rechargeable-clitoral-pump\/","og_site_name":"Amina","article_publisher":"https:\/\/m.facebook.com\/AMINA-100767148840241\/","article_modified_time":"2025-03-08T14:11:21+00:00","og_image":[{"width":1100,"height":1100,"url":"https:\/\/amina.is\/wp-content\/uploads\/2021\/04\/Clitoral-pump.jpg","type":"image\/jpeg"}],"twitter_card":"summary_large_image","schema":{"@context":"https:\/\/schema.org","@graph":[{"@type":"WebPage","@id":"https:\/\/amina.is\/verslun\/pikan\/sogtaeki\/calexotics-rechargeable-clitoral-pump\/","url":"https:\/\/amina.is\/verslun\/pikan\/sogtaeki\/calexotics-rechargeable-clitoral-pump\/","name":"CalExotics - Rechargeable Clitoral Pump &#8211; Amina","isPartOf":{"@id":"https:\/\/amina.is\/#website"},"primaryImageOfPage":{"@id":"https:\/\/amina.is\/verslun\/pikan\/sogtaeki\/calexotics-rechargeable-clitoral-pump\/#primaryimage"},"image":{"@id":"https:\/\/amina.is\/verslun\/pikan\/sogtaeki\/calexotics-rechargeable-clitoral-pump\/#primaryimage"},"thumbnailUrl":"https:\/\/amina.is\/wp-content\/uploads\/2021\/04\/Clitoral-pump.jpg","datePublished":"2021-04-15T19:47:38+00:00","dateModified":"2025-03-08T14:11:21+00:00","breadcrumb":{"@id":"https:\/\/amina.is\/verslun\/pikan\/sogtaeki\/calexotics-rechargeable-clitoral-pump\/#breadcrumb"},"inLanguage":"en-US","potentialAction":[{"@type":"ReadAction","target":["https:\/\/amina.is\/verslun\/pikan\/sogtaeki\/calexotics-rechargeable-clitoral-pump\/"]}]},{"@type":"ImageObject","inLanguage":"en-US","@id":"https:\/\/amina.is\/verslun\/pikan\/sogtaeki\/calexotics-rechargeable-clitoral-pump\/#primaryimage","url":"https:\/\/amina.is\/wp-content\/uploads\/2021\/04\/Clitoral-pump.jpg","contentUrl":"https:\/\/amina.is\/wp-content\/uploads\/2021\/04\/Clitoral-pump.jpg","width":1100,"height":1100},{"@type":"BreadcrumbList","@id":"https:\/\/amina.is\/verslun\/pikan\/sogtaeki\/calexotics-rechargeable-clitoral-pump\/#breadcrumb","itemListElement":[{"@type":"ListItem","position":1,"name":"Home","item":"https:\/\/amina.is\/"},{"@type":"ListItem","position":2,"name":"Verslun","item":"https:\/\/amina.is\/verslun\/"},{"@type":"ListItem","position":3,"name":"CalExotics &#8211; Rechargeable Clitoral Pump"}]},{"@type":"WebSite","@id":"https:\/\/amina.is\/#website","url":"https:\/\/amina.is\/","name":"Amina","description":"Feeling is everything - Una\u00f0sv\u00f6rur fyrir alla","publisher":{"@id":"https:\/\/amina.is\/#organization"},"potentialAction":[{"@type":"SearchAction","target":{"@type":"EntryPoint","urlTemplate":"https:\/\/amina.is\/?s={search_term_string}"},"query-input":{"@type":"PropertyValueSpecification","valueRequired":true,"valueName":"search_term_string"}}],"inLanguage":"en-US"},{"@type":"Organization","@id":"https:\/\/amina.is\/#organization","name":"Amina","url":"https:\/\/amina.is\/","logo":{"@type":"ImageObject","inLanguage":"en-US","@id":"https:\/\/amina.is\/#\/schema\/logo\/image\/","url":"https:\/\/amina.is\/wp-content\/uploads\/2021\/09\/logo.png","contentUrl":"https:\/\/amina.is\/wp-content\/uploads\/2021\/09\/logo.png","width":1790,"height":464,"caption":"Amina"},"image":{"@id":"https:\/\/amina.is\/#\/schema\/logo\/image\/"},"sameAs":["https:\/\/m.facebook.com\/AMINA-100767148840241\/","https:\/\/www.instagram.com\/aminaverslun\/"]}]}},"_links":{"self":[{"href":"https:\/\/amina.is\/en\/wp-json\/wp\/v2\/product\/6468","targetHints":{"allow":["GET"]}}],"collection":[{"href":"https:\/\/amina.is\/en\/wp-json\/wp\/v2\/product"}],"about":[{"href":"https:\/\/amina.is\/en\/wp-json\/wp\/v2\/types\/product"}],"version-history":[{"count":2,"href":"https:\/\/amina.is\/en\/wp-json\/wp\/v2\/product\/6468\/revisions"}],"predecessor-version":[{"id":7809,"href":"https:\/\/amina.is\/en\/wp-json\/wp\/v2\/product\/6468\/revisions\/7809"}],"wp:featuredmedia":[{"embeddable":true,"href":"https:\/\/amina.is\/en\/wp-json\/wp\/v2\/media\/7807"}],"wp:attachment":[{"href":"https:\/\/amina.is\/en\/wp-json\/wp\/v2\/media?parent=6468"}],"wp:term":[{"taxonomy":"product_brand","embeddable":true,"href":"https:\/\/amina.is\/en\/wp-json\/wp\/v2\/product_brand?post=6468"},{"taxonomy":"product_cat","embeddable":true,"href":"https:\/\/amina.is\/en\/wp-json\/wp\/v2\/product_cat?post=6468"},{"taxonomy":"product_tag","embeddable":true,"href":"https:\/\/amina.is\/en\/wp-json\/wp\/v2\/product_tag?post=6468"}],"curies":[{"name":"wp","href":"https:\/\/api.w.org\/{rel}","templated":true}]}}