{"id":6454,"date":"2021-04-15T17:23:03","date_gmt":"2021-04-15T17:23:03","guid":{"rendered":"http:\/\/amina.web14.vefold.is\/?post_type=product&#038;p=6454"},"modified":"2023-10-05T17:33:43","modified_gmt":"2023-10-05T17:33:43","slug":"calexotics-embrace-body-wand-bleikur","status":"publish","type":"product","link":"https:\/\/amina.is\/en\/verslun\/pikan\/sogtaeki\/calexotics-embrace-body-wand-bleikur\/","title":{"rendered":"CalExotics &#8211; Embrace Body Wand"},"content":{"rendered":"<h5>G\u00e6\u00f0a nuddv\u00f6ndur \u00ed fullri st\u00e6r\u00f0. 7 mismunandi stillingar. Tveir m\u00f3torar (einn \u00ed sitthvorum endanum) og ert \u00fev\u00ed \u00ed raun me\u00f0 tv\u00f6 t\u00e6ki \u00ed einu. Fr\u00e1b\u00e6r v\u00f6ndur hvort sem \u00e6tlunin s\u00e9 a\u00f0 leika s\u00e9r solo e\u00f0a me\u00f0 maka. USB hle\u00f0sla.<\/h5>\n<h5>T\u00e6ki\u00f0 er vatnshelt en m\u00e6lum ekki me\u00f0 a\u00f0 nota \u00fea\u00f0 \u00ed heitum pott e\u00f0a halda \u00fev\u00ed \u00e1 kafi \u00ed lengri t\u00edma. Tekur 120 m\u00edn\u00fatur a\u00f0 full hla\u00f0a og endist \u00ed allt a\u00f0 100 m\u00edn\u00fatur. T\u00e6ki\u00f0 er 22,25cm. x 4,5cm. \u00devegi\u00f0 me\u00f0 volgu vatni og mildri s\u00e1pu. M\u00e6lum me\u00f0 a\u00f0 s\u00f3tthreinsa me\u00f0 &#8222;Toy Cleaner&#8220;.<\/h5>","protected":false},"excerpt":{"rendered":"<p>G\u00e6\u00f0a nuddv\u00f6ndur \u00ed fullri st\u00e6r\u00f0. 7 mismunandi stillingar. Tveir m\u00f3torar (einn \u00ed sitthvorum endanum) og ert \u00fev\u00ed \u00ed raun me\u00f0 tv\u00f6 t\u00e6ki \u00ed einu.<\/p>","protected":false},"featured_media":7795,"template":"","meta":{"inline_featured_image":false},"product_brand":[],"product_cat":[42,43,885,44,900],"product_tag":[121,120,80,69,279,128,63,55,264,56,50,272,278,277],"class_list":{"0":"post-6454","1":"product","2":"type-product","3":"status-publish","4":"has-post-thumbnail","6":"product_cat-fyrir-thaer","7":"product_cat-fyrir-thau","8":"product_cat-sogtaeki","9":"product_cat-pikan","10":"product_cat-notaahana","11":"product_tag-bleikt","12":"product_tag-bleikur","13":"product_tag-calexotics","14":"product_tag-masturbation","15":"product_tag-pikan","16":"product_tag-pink","17":"product_tag-sjalfsfroun","18":"product_tag-skop","19":"product_tag-skopin","20":"product_tag-vagina","21":"product_tag-vibrador","22":"product_tag-vibrator","23":"product_tag-vondur","24":"product_tag-wand","26":"first","27":"instock","28":"featured","29":"shipping-taxable","30":"purchasable","31":"product-type-variable"},"yoast_head":"<!-- This site is optimized with the Yoast SEO Premium plugin v21.6 (Yoast SEO v27.4) - https:\/\/yoast.com\/product\/yoast-seo-premium-wordpress\/ -->\n<title>CalExotics - Embrace Body Wand &#8211; Amina<\/title>\n<meta name=\"robots\" content=\"index, follow, max-snippet:-1, max-image-preview:large, max-video-preview:-1\" \/>\n<link rel=\"canonical\" href=\"https:\/\/amina.is\/en\/verslun\/pikan\/sogtaeki\/calexotics-embrace-body-wand-bleikur\/\" \/>\n<meta property=\"og:locale\" content=\"en_US\" \/>\n<meta property=\"og:type\" content=\"article\" \/>\n<meta property=\"og:title\" content=\"CalExotics - Embrace Body Wand\" \/>\n<meta property=\"og:description\" content=\"G\u00e6\u00f0a nuddv\u00f6ndur \u00ed fullri st\u00e6r\u00f0. 7 mismunandi stillingar. Tveir m\u00f3torar (einn \u00ed sitthvorum endanum) og ert \u00fev\u00ed \u00ed raun me\u00f0 tv\u00f6 t\u00e6ki \u00ed einu.\" \/>\n<meta property=\"og:url\" content=\"https:\/\/amina.is\/en\/verslun\/pikan\/sogtaeki\/calexotics-embrace-body-wand-bleikur\/\" \/>\n<meta property=\"og:site_name\" content=\"Amina\" \/>\n<meta property=\"article:publisher\" content=\"https:\/\/m.facebook.com\/AMINA-100767148840241\/\" \/>\n<meta property=\"article:modified_time\" content=\"2023-10-05T17:33:43+00:00\" \/>\n<meta property=\"og:image\" content=\"https:\/\/amina.is\/wp-content\/uploads\/2021\/04\/wand-grey.jpg\" \/>\n\t<meta property=\"og:image:width\" content=\"1200\" \/>\n\t<meta property=\"og:image:height\" content=\"1200\" \/>\n\t<meta property=\"og:image:type\" content=\"image\/jpeg\" \/>\n<meta name=\"twitter:card\" content=\"summary_large_image\" \/>\n<meta name=\"twitter:label1\" content=\"Est. reading time\" \/>\n\t<meta name=\"twitter:data1\" content=\"1 minute\" \/>\n<script type=\"application\/ld+json\" class=\"yoast-schema-graph\">{\"@context\":\"https:\\\/\\\/schema.org\",\"@graph\":[{\"@type\":\"WebPage\",\"@id\":\"https:\\\/\\\/amina.is\\\/verslun\\\/pikan\\\/sogtaeki\\\/calexotics-embrace-body-wand-bleikur\\\/\",\"url\":\"https:\\\/\\\/amina.is\\\/verslun\\\/pikan\\\/sogtaeki\\\/calexotics-embrace-body-wand-bleikur\\\/\",\"name\":\"CalExotics - Embrace Body Wand &#8211; Amina\",\"isPartOf\":{\"@id\":\"https:\\\/\\\/amina.is\\\/#website\"},\"primaryImageOfPage\":{\"@id\":\"https:\\\/\\\/amina.is\\\/verslun\\\/pikan\\\/sogtaeki\\\/calexotics-embrace-body-wand-bleikur\\\/#primaryimage\"},\"image\":{\"@id\":\"https:\\\/\\\/amina.is\\\/verslun\\\/pikan\\\/sogtaeki\\\/calexotics-embrace-body-wand-bleikur\\\/#primaryimage\"},\"thumbnailUrl\":\"https:\\\/\\\/amina.is\\\/wp-content\\\/uploads\\\/2021\\\/04\\\/wand-grey.jpg\",\"datePublished\":\"2021-04-15T17:23:03+00:00\",\"dateModified\":\"2023-10-05T17:33:43+00:00\",\"breadcrumb\":{\"@id\":\"https:\\\/\\\/amina.is\\\/verslun\\\/pikan\\\/sogtaeki\\\/calexotics-embrace-body-wand-bleikur\\\/#breadcrumb\"},\"inLanguage\":\"en-US\",\"potentialAction\":[{\"@type\":\"ReadAction\",\"target\":[\"https:\\\/\\\/amina.is\\\/verslun\\\/pikan\\\/sogtaeki\\\/calexotics-embrace-body-wand-bleikur\\\/\"]}]},{\"@type\":\"ImageObject\",\"inLanguage\":\"en-US\",\"@id\":\"https:\\\/\\\/amina.is\\\/verslun\\\/pikan\\\/sogtaeki\\\/calexotics-embrace-body-wand-bleikur\\\/#primaryimage\",\"url\":\"https:\\\/\\\/amina.is\\\/wp-content\\\/uploads\\\/2021\\\/04\\\/wand-grey.jpg\",\"contentUrl\":\"https:\\\/\\\/amina.is\\\/wp-content\\\/uploads\\\/2021\\\/04\\\/wand-grey.jpg\",\"width\":1200,\"height\":1200},{\"@type\":\"BreadcrumbList\",\"@id\":\"https:\\\/\\\/amina.is\\\/verslun\\\/pikan\\\/sogtaeki\\\/calexotics-embrace-body-wand-bleikur\\\/#breadcrumb\",\"itemListElement\":[{\"@type\":\"ListItem\",\"position\":1,\"name\":\"Home\",\"item\":\"https:\\\/\\\/amina.is\\\/\"},{\"@type\":\"ListItem\",\"position\":2,\"name\":\"Verslun\",\"item\":\"https:\\\/\\\/amina.is\\\/verslun\\\/\"},{\"@type\":\"ListItem\",\"position\":3,\"name\":\"CalExotics &#8211; Embrace Body Wand\"}]},{\"@type\":\"WebSite\",\"@id\":\"https:\\\/\\\/amina.is\\\/#website\",\"url\":\"https:\\\/\\\/amina.is\\\/\",\"name\":\"Amina\",\"description\":\"Feeling is everything - Una\u00f0sv\u00f6rur fyrir alla\",\"publisher\":{\"@id\":\"https:\\\/\\\/amina.is\\\/#organization\"},\"potentialAction\":[{\"@type\":\"SearchAction\",\"target\":{\"@type\":\"EntryPoint\",\"urlTemplate\":\"https:\\\/\\\/amina.is\\\/?s={search_term_string}\"},\"query-input\":{\"@type\":\"PropertyValueSpecification\",\"valueRequired\":true,\"valueName\":\"search_term_string\"}}],\"inLanguage\":\"en-US\"},{\"@type\":\"Organization\",\"@id\":\"https:\\\/\\\/amina.is\\\/#organization\",\"name\":\"Amina\",\"url\":\"https:\\\/\\\/amina.is\\\/\",\"logo\":{\"@type\":\"ImageObject\",\"inLanguage\":\"en-US\",\"@id\":\"https:\\\/\\\/amina.is\\\/#\\\/schema\\\/logo\\\/image\\\/\",\"url\":\"https:\\\/\\\/amina.is\\\/wp-content\\\/uploads\\\/2021\\\/09\\\/logo.png\",\"contentUrl\":\"https:\\\/\\\/amina.is\\\/wp-content\\\/uploads\\\/2021\\\/09\\\/logo.png\",\"width\":1790,\"height\":464,\"caption\":\"Amina\"},\"image\":{\"@id\":\"https:\\\/\\\/amina.is\\\/#\\\/schema\\\/logo\\\/image\\\/\"},\"sameAs\":[\"https:\\\/\\\/m.facebook.com\\\/AMINA-100767148840241\\\/\",\"https:\\\/\\\/www.instagram.com\\\/aminaverslun\\\/\"]}]}<\/script>\n<!-- \/ Yoast SEO Premium plugin. -->","yoast_head_json":{"title":"CalExotics - Embrace Body Wand &#8211; Amina","robots":{"index":"index","follow":"follow","max-snippet":"max-snippet:-1","max-image-preview":"max-image-preview:large","max-video-preview":"max-video-preview:-1"},"canonical":"https:\/\/amina.is\/en\/verslun\/pikan\/sogtaeki\/calexotics-embrace-body-wand-bleikur\/","og_locale":"en_US","og_type":"article","og_title":"CalExotics - Embrace Body Wand","og_description":"G\u00e6\u00f0a nuddv\u00f6ndur \u00ed fullri st\u00e6r\u00f0. 7 mismunandi stillingar. Tveir m\u00f3torar (einn \u00ed sitthvorum endanum) og ert \u00fev\u00ed \u00ed raun me\u00f0 tv\u00f6 t\u00e6ki \u00ed einu.","og_url":"https:\/\/amina.is\/en\/verslun\/pikan\/sogtaeki\/calexotics-embrace-body-wand-bleikur\/","og_site_name":"Amina","article_publisher":"https:\/\/m.facebook.com\/AMINA-100767148840241\/","article_modified_time":"2023-10-05T17:33:43+00:00","og_image":[{"width":1200,"height":1200,"url":"https:\/\/amina.is\/wp-content\/uploads\/2021\/04\/wand-grey.jpg","type":"image\/jpeg"}],"twitter_card":"summary_large_image","twitter_misc":{"Est. reading time":"1 minute"},"schema":{"@context":"https:\/\/schema.org","@graph":[{"@type":"WebPage","@id":"https:\/\/amina.is\/verslun\/pikan\/sogtaeki\/calexotics-embrace-body-wand-bleikur\/","url":"https:\/\/amina.is\/verslun\/pikan\/sogtaeki\/calexotics-embrace-body-wand-bleikur\/","name":"CalExotics - Embrace Body Wand &#8211; Amina","isPartOf":{"@id":"https:\/\/amina.is\/#website"},"primaryImageOfPage":{"@id":"https:\/\/amina.is\/verslun\/pikan\/sogtaeki\/calexotics-embrace-body-wand-bleikur\/#primaryimage"},"image":{"@id":"https:\/\/amina.is\/verslun\/pikan\/sogtaeki\/calexotics-embrace-body-wand-bleikur\/#primaryimage"},"thumbnailUrl":"https:\/\/amina.is\/wp-content\/uploads\/2021\/04\/wand-grey.jpg","datePublished":"2021-04-15T17:23:03+00:00","dateModified":"2023-10-05T17:33:43+00:00","breadcrumb":{"@id":"https:\/\/amina.is\/verslun\/pikan\/sogtaeki\/calexotics-embrace-body-wand-bleikur\/#breadcrumb"},"inLanguage":"en-US","potentialAction":[{"@type":"ReadAction","target":["https:\/\/amina.is\/verslun\/pikan\/sogtaeki\/calexotics-embrace-body-wand-bleikur\/"]}]},{"@type":"ImageObject","inLanguage":"en-US","@id":"https:\/\/amina.is\/verslun\/pikan\/sogtaeki\/calexotics-embrace-body-wand-bleikur\/#primaryimage","url":"https:\/\/amina.is\/wp-content\/uploads\/2021\/04\/wand-grey.jpg","contentUrl":"https:\/\/amina.is\/wp-content\/uploads\/2021\/04\/wand-grey.jpg","width":1200,"height":1200},{"@type":"BreadcrumbList","@id":"https:\/\/amina.is\/verslun\/pikan\/sogtaeki\/calexotics-embrace-body-wand-bleikur\/#breadcrumb","itemListElement":[{"@type":"ListItem","position":1,"name":"Home","item":"https:\/\/amina.is\/"},{"@type":"ListItem","position":2,"name":"Verslun","item":"https:\/\/amina.is\/verslun\/"},{"@type":"ListItem","position":3,"name":"CalExotics &#8211; Embrace Body Wand"}]},{"@type":"WebSite","@id":"https:\/\/amina.is\/#website","url":"https:\/\/amina.is\/","name":"Amina","description":"Feeling is everything - Una\u00f0sv\u00f6rur fyrir alla","publisher":{"@id":"https:\/\/amina.is\/#organization"},"potentialAction":[{"@type":"SearchAction","target":{"@type":"EntryPoint","urlTemplate":"https:\/\/amina.is\/?s={search_term_string}"},"query-input":{"@type":"PropertyValueSpecification","valueRequired":true,"valueName":"search_term_string"}}],"inLanguage":"en-US"},{"@type":"Organization","@id":"https:\/\/amina.is\/#organization","name":"Amina","url":"https:\/\/amina.is\/","logo":{"@type":"ImageObject","inLanguage":"en-US","@id":"https:\/\/amina.is\/#\/schema\/logo\/image\/","url":"https:\/\/amina.is\/wp-content\/uploads\/2021\/09\/logo.png","contentUrl":"https:\/\/amina.is\/wp-content\/uploads\/2021\/09\/logo.png","width":1790,"height":464,"caption":"Amina"},"image":{"@id":"https:\/\/amina.is\/#\/schema\/logo\/image\/"},"sameAs":["https:\/\/m.facebook.com\/AMINA-100767148840241\/","https:\/\/www.instagram.com\/aminaverslun\/"]}]}},"_links":{"self":[{"href":"https:\/\/amina.is\/en\/wp-json\/wp\/v2\/product\/6454","targetHints":{"allow":["GET"]}}],"collection":[{"href":"https:\/\/amina.is\/en\/wp-json\/wp\/v2\/product"}],"about":[{"href":"https:\/\/amina.is\/en\/wp-json\/wp\/v2\/types\/product"}],"version-history":[{"count":5,"href":"https:\/\/amina.is\/en\/wp-json\/wp\/v2\/product\/6454\/revisions"}],"predecessor-version":[{"id":7790,"href":"https:\/\/amina.is\/en\/wp-json\/wp\/v2\/product\/6454\/revisions\/7790"}],"wp:featuredmedia":[{"embeddable":true,"href":"https:\/\/amina.is\/en\/wp-json\/wp\/v2\/media\/7795"}],"wp:attachment":[{"href":"https:\/\/amina.is\/en\/wp-json\/wp\/v2\/media?parent=6454"}],"wp:term":[{"taxonomy":"product_brand","embeddable":true,"href":"https:\/\/amina.is\/en\/wp-json\/wp\/v2\/product_brand?post=6454"},{"taxonomy":"product_cat","embeddable":true,"href":"https:\/\/amina.is\/en\/wp-json\/wp\/v2\/product_cat?post=6454"},{"taxonomy":"product_tag","embeddable":true,"href":"https:\/\/amina.is\/en\/wp-json\/wp\/v2\/product_tag?post=6454"}],"curies":[{"name":"wp","href":"https:\/\/api.w.org\/{rel}","templated":true}]}}