{"id":6449,"date":"2021-04-15T15:14:50","date_gmt":"2021-04-15T15:14:50","guid":{"rendered":"http:\/\/amina.web14.vefold.is\/?post_type=product&#038;p=6449"},"modified":"2025-10-03T23:46:09","modified_gmt":"2025-10-03T23:46:09","slug":"calexotics-weighted-lasso-ring","status":"publish","type":"product","link":"https:\/\/amina.is\/en\/verslun\/typpid\/pungurinn\/calexotics-weighted-lasso-ring\/","title":{"rendered":"CalExotics &#8211; Weighted Lasso Ring"},"content":{"rendered":"<h5>\u00deessi er algj\u00f6r snilld! K\u00fala me\u00f0 110gr. \u00feyngingu sem smeygist utan um punginn. Togar \u00fe\u00e6gilega \u00ed hvort sem veri\u00f0 er a\u00f0 leika vi\u00f0 sj\u00e1lfan sig, stunda samfarir e\u00f0a bara a\u00f0 skreppa \u00fat \u00ed b\u00fa\u00f0. K\u00falan magnar fulln\u00e6ginguna og sumir segja a\u00f0 h\u00fan auki \u00fathald og vi\u00f0haldi risi. Einnig g\u00f3\u00f0 byrjendak\u00fala fyrir \u00fe\u00e1 sem vilja s\u00edkka punginn. Umm\u00e1l hringsins er 4,5cm.<\/h5>\n<p>&nbsp;<\/p>","protected":false},"excerpt":{"rendered":"<p>\u00deessi er algj\u00f6r snilld! K\u00fala me\u00f0 110gr. \u00feyngingu sem smeygist utan um punginn. Togar \u00fe\u00e6gilega \u00ed hvort sem veri\u00f0 er a\u00f0 leika vi\u00f0 sj\u00e1lfan sig, stunda samfarir e\u00f0a bara a\u00f0 skreppa \u00fat \u00ed b\u00fa\u00f0. Amina m\u00e6lir me\u00f0.<\/p>","protected":false},"featured_media":7817,"template":"","meta":{"inline_featured_image":false},"product_brand":[],"product_cat":[36,41,43,881,899,45,901],"product_tag":[284,283,80,280,69,64,281,282,63,285],"class_list":{"0":"post-6449","1":"product","2":"type-product","3":"status-publish","4":"has-post-thumbnail","6":"product_cat-blaeti","7":"product_cat-fyrir-tha","8":"product_cat-fyrir-thau","9":"product_cat-pungurinn","10":"product_cat-notaahann","11":"product_cat-typpid","12":"product_cat-typpidogpungurinn","13":"product_tag-ball","14":"product_tag-balls","15":"product_tag-calexotics","16":"product_tag-limurinn","17":"product_tag-masturbation","18":"product_tag-penis","19":"product_tag-pungur","20":"product_tag-pungurinn","21":"product_tag-sjalfsfroun","22":"product_tag-weight","24":"first","25":"outofstock","26":"featured","27":"shipping-taxable","28":"purchasable","29":"product-type-simple"},"yoast_head":"<!-- This site is optimized with the Yoast SEO Premium plugin v21.6 (Yoast SEO v27.3) - https:\/\/yoast.com\/product\/yoast-seo-premium-wordpress\/ -->\n<title>CalExotics - Weighted Lasso Ring &#8211; Amina<\/title>\n<meta name=\"robots\" content=\"index, follow, max-snippet:-1, max-image-preview:large, max-video-preview:-1\" \/>\n<link rel=\"canonical\" href=\"https:\/\/amina.is\/en\/verslun\/typpid\/pungurinn\/calexotics-weighted-lasso-ring\/\" \/>\n<meta property=\"og:locale\" content=\"en_US\" \/>\n<meta property=\"og:type\" content=\"article\" \/>\n<meta property=\"og:title\" content=\"CalExotics - Weighted Lasso Ring\" \/>\n<meta property=\"og:description\" content=\"\u00deessi er algj\u00f6r snilld! K\u00fala me\u00f0 110gr. \u00feyngingu sem smeygist utan um punginn. Togar \u00fe\u00e6gilega \u00ed hvort sem veri\u00f0 er a\u00f0 leika vi\u00f0 sj\u00e1lfan sig, stunda samfarir e\u00f0a bara a\u00f0 skreppa \u00fat \u00ed b\u00fa\u00f0. Amina m\u00e6lir me\u00f0.\" \/>\n<meta property=\"og:url\" content=\"https:\/\/amina.is\/en\/verslun\/typpid\/pungurinn\/calexotics-weighted-lasso-ring\/\" \/>\n<meta property=\"og:site_name\" content=\"Amina\" \/>\n<meta property=\"article:publisher\" content=\"https:\/\/m.facebook.com\/AMINA-100767148840241\/\" \/>\n<meta property=\"article:modified_time\" content=\"2025-10-03T23:46:09+00:00\" \/>\n<meta property=\"og:image\" content=\"https:\/\/amina.is\/wp-content\/uploads\/2021\/04\/lasso.jpg\" \/>\n\t<meta property=\"og:image:width\" content=\"1300\" \/>\n\t<meta property=\"og:image:height\" content=\"1300\" \/>\n\t<meta property=\"og:image:type\" content=\"image\/jpeg\" \/>\n<meta name=\"twitter:card\" content=\"summary_large_image\" \/>\n<script type=\"application\/ld+json\" class=\"yoast-schema-graph\">{\"@context\":\"https:\\\/\\\/schema.org\",\"@graph\":[{\"@type\":\"WebPage\",\"@id\":\"https:\\\/\\\/amina.is\\\/verslun\\\/typpid\\\/pungurinn\\\/calexotics-weighted-lasso-ring\\\/\",\"url\":\"https:\\\/\\\/amina.is\\\/verslun\\\/typpid\\\/pungurinn\\\/calexotics-weighted-lasso-ring\\\/\",\"name\":\"CalExotics - Weighted Lasso Ring &#8211; Amina\",\"isPartOf\":{\"@id\":\"https:\\\/\\\/amina.is\\\/#website\"},\"primaryImageOfPage\":{\"@id\":\"https:\\\/\\\/amina.is\\\/verslun\\\/typpid\\\/pungurinn\\\/calexotics-weighted-lasso-ring\\\/#primaryimage\"},\"image\":{\"@id\":\"https:\\\/\\\/amina.is\\\/verslun\\\/typpid\\\/pungurinn\\\/calexotics-weighted-lasso-ring\\\/#primaryimage\"},\"thumbnailUrl\":\"https:\\\/\\\/amina.is\\\/wp-content\\\/uploads\\\/2021\\\/04\\\/lasso.jpg\",\"datePublished\":\"2021-04-15T15:14:50+00:00\",\"dateModified\":\"2025-10-03T23:46:09+00:00\",\"breadcrumb\":{\"@id\":\"https:\\\/\\\/amina.is\\\/verslun\\\/typpid\\\/pungurinn\\\/calexotics-weighted-lasso-ring\\\/#breadcrumb\"},\"inLanguage\":\"en-US\",\"potentialAction\":[{\"@type\":\"ReadAction\",\"target\":[\"https:\\\/\\\/amina.is\\\/verslun\\\/typpid\\\/pungurinn\\\/calexotics-weighted-lasso-ring\\\/\"]}]},{\"@type\":\"ImageObject\",\"inLanguage\":\"en-US\",\"@id\":\"https:\\\/\\\/amina.is\\\/verslun\\\/typpid\\\/pungurinn\\\/calexotics-weighted-lasso-ring\\\/#primaryimage\",\"url\":\"https:\\\/\\\/amina.is\\\/wp-content\\\/uploads\\\/2021\\\/04\\\/lasso.jpg\",\"contentUrl\":\"https:\\\/\\\/amina.is\\\/wp-content\\\/uploads\\\/2021\\\/04\\\/lasso.jpg\",\"width\":1300,\"height\":1300},{\"@type\":\"BreadcrumbList\",\"@id\":\"https:\\\/\\\/amina.is\\\/verslun\\\/typpid\\\/pungurinn\\\/calexotics-weighted-lasso-ring\\\/#breadcrumb\",\"itemListElement\":[{\"@type\":\"ListItem\",\"position\":1,\"name\":\"Home\",\"item\":\"https:\\\/\\\/amina.is\\\/\"},{\"@type\":\"ListItem\",\"position\":2,\"name\":\"Verslun\",\"item\":\"https:\\\/\\\/amina.is\\\/verslun\\\/\"},{\"@type\":\"ListItem\",\"position\":3,\"name\":\"CalExotics &#8211; Weighted Lasso Ring\"}]},{\"@type\":\"WebSite\",\"@id\":\"https:\\\/\\\/amina.is\\\/#website\",\"url\":\"https:\\\/\\\/amina.is\\\/\",\"name\":\"Amina\",\"description\":\"Feeling is everything - Una\u00f0sv\u00f6rur fyrir alla\",\"publisher\":{\"@id\":\"https:\\\/\\\/amina.is\\\/#organization\"},\"potentialAction\":[{\"@type\":\"SearchAction\",\"target\":{\"@type\":\"EntryPoint\",\"urlTemplate\":\"https:\\\/\\\/amina.is\\\/?s={search_term_string}\"},\"query-input\":{\"@type\":\"PropertyValueSpecification\",\"valueRequired\":true,\"valueName\":\"search_term_string\"}}],\"inLanguage\":\"en-US\"},{\"@type\":\"Organization\",\"@id\":\"https:\\\/\\\/amina.is\\\/#organization\",\"name\":\"Amina\",\"url\":\"https:\\\/\\\/amina.is\\\/\",\"logo\":{\"@type\":\"ImageObject\",\"inLanguage\":\"en-US\",\"@id\":\"https:\\\/\\\/amina.is\\\/#\\\/schema\\\/logo\\\/image\\\/\",\"url\":\"https:\\\/\\\/amina.is\\\/wp-content\\\/uploads\\\/2021\\\/09\\\/logo.png\",\"contentUrl\":\"https:\\\/\\\/amina.is\\\/wp-content\\\/uploads\\\/2021\\\/09\\\/logo.png\",\"width\":1790,\"height\":464,\"caption\":\"Amina\"},\"image\":{\"@id\":\"https:\\\/\\\/amina.is\\\/#\\\/schema\\\/logo\\\/image\\\/\"},\"sameAs\":[\"https:\\\/\\\/m.facebook.com\\\/AMINA-100767148840241\\\/\",\"https:\\\/\\\/www.instagram.com\\\/aminaverslun\\\/\"]}]}<\/script>\n<!-- \/ Yoast SEO Premium plugin. -->","yoast_head_json":{"title":"CalExotics - Weighted Lasso Ring &#8211; Amina","robots":{"index":"index","follow":"follow","max-snippet":"max-snippet:-1","max-image-preview":"max-image-preview:large","max-video-preview":"max-video-preview:-1"},"canonical":"https:\/\/amina.is\/en\/verslun\/typpid\/pungurinn\/calexotics-weighted-lasso-ring\/","og_locale":"en_US","og_type":"article","og_title":"CalExotics - Weighted Lasso Ring","og_description":"\u00deessi er algj\u00f6r snilld! K\u00fala me\u00f0 110gr. \u00feyngingu sem smeygist utan um punginn. Togar \u00fe\u00e6gilega \u00ed hvort sem veri\u00f0 er a\u00f0 leika vi\u00f0 sj\u00e1lfan sig, stunda samfarir e\u00f0a bara a\u00f0 skreppa \u00fat \u00ed b\u00fa\u00f0. Amina m\u00e6lir me\u00f0.","og_url":"https:\/\/amina.is\/en\/verslun\/typpid\/pungurinn\/calexotics-weighted-lasso-ring\/","og_site_name":"Amina","article_publisher":"https:\/\/m.facebook.com\/AMINA-100767148840241\/","article_modified_time":"2025-10-03T23:46:09+00:00","og_image":[{"width":1300,"height":1300,"url":"https:\/\/amina.is\/wp-content\/uploads\/2021\/04\/lasso.jpg","type":"image\/jpeg"}],"twitter_card":"summary_large_image","schema":{"@context":"https:\/\/schema.org","@graph":[{"@type":"WebPage","@id":"https:\/\/amina.is\/verslun\/typpid\/pungurinn\/calexotics-weighted-lasso-ring\/","url":"https:\/\/amina.is\/verslun\/typpid\/pungurinn\/calexotics-weighted-lasso-ring\/","name":"CalExotics - Weighted Lasso Ring &#8211; Amina","isPartOf":{"@id":"https:\/\/amina.is\/#website"},"primaryImageOfPage":{"@id":"https:\/\/amina.is\/verslun\/typpid\/pungurinn\/calexotics-weighted-lasso-ring\/#primaryimage"},"image":{"@id":"https:\/\/amina.is\/verslun\/typpid\/pungurinn\/calexotics-weighted-lasso-ring\/#primaryimage"},"thumbnailUrl":"https:\/\/amina.is\/wp-content\/uploads\/2021\/04\/lasso.jpg","datePublished":"2021-04-15T15:14:50+00:00","dateModified":"2025-10-03T23:46:09+00:00","breadcrumb":{"@id":"https:\/\/amina.is\/verslun\/typpid\/pungurinn\/calexotics-weighted-lasso-ring\/#breadcrumb"},"inLanguage":"en-US","potentialAction":[{"@type":"ReadAction","target":["https:\/\/amina.is\/verslun\/typpid\/pungurinn\/calexotics-weighted-lasso-ring\/"]}]},{"@type":"ImageObject","inLanguage":"en-US","@id":"https:\/\/amina.is\/verslun\/typpid\/pungurinn\/calexotics-weighted-lasso-ring\/#primaryimage","url":"https:\/\/amina.is\/wp-content\/uploads\/2021\/04\/lasso.jpg","contentUrl":"https:\/\/amina.is\/wp-content\/uploads\/2021\/04\/lasso.jpg","width":1300,"height":1300},{"@type":"BreadcrumbList","@id":"https:\/\/amina.is\/verslun\/typpid\/pungurinn\/calexotics-weighted-lasso-ring\/#breadcrumb","itemListElement":[{"@type":"ListItem","position":1,"name":"Home","item":"https:\/\/amina.is\/"},{"@type":"ListItem","position":2,"name":"Verslun","item":"https:\/\/amina.is\/verslun\/"},{"@type":"ListItem","position":3,"name":"CalExotics &#8211; Weighted Lasso Ring"}]},{"@type":"WebSite","@id":"https:\/\/amina.is\/#website","url":"https:\/\/amina.is\/","name":"Amina","description":"Feeling is everything - Una\u00f0sv\u00f6rur fyrir alla","publisher":{"@id":"https:\/\/amina.is\/#organization"},"potentialAction":[{"@type":"SearchAction","target":{"@type":"EntryPoint","urlTemplate":"https:\/\/amina.is\/?s={search_term_string}"},"query-input":{"@type":"PropertyValueSpecification","valueRequired":true,"valueName":"search_term_string"}}],"inLanguage":"en-US"},{"@type":"Organization","@id":"https:\/\/amina.is\/#organization","name":"Amina","url":"https:\/\/amina.is\/","logo":{"@type":"ImageObject","inLanguage":"en-US","@id":"https:\/\/amina.is\/#\/schema\/logo\/image\/","url":"https:\/\/amina.is\/wp-content\/uploads\/2021\/09\/logo.png","contentUrl":"https:\/\/amina.is\/wp-content\/uploads\/2021\/09\/logo.png","width":1790,"height":464,"caption":"Amina"},"image":{"@id":"https:\/\/amina.is\/#\/schema\/logo\/image\/"},"sameAs":["https:\/\/m.facebook.com\/AMINA-100767148840241\/","https:\/\/www.instagram.com\/aminaverslun\/"]}]}},"_links":{"self":[{"href":"https:\/\/amina.is\/en\/wp-json\/wp\/v2\/product\/6449","targetHints":{"allow":["GET"]}}],"collection":[{"href":"https:\/\/amina.is\/en\/wp-json\/wp\/v2\/product"}],"about":[{"href":"https:\/\/amina.is\/en\/wp-json\/wp\/v2\/types\/product"}],"version-history":[{"count":2,"href":"https:\/\/amina.is\/en\/wp-json\/wp\/v2\/product\/6449\/revisions"}],"predecessor-version":[{"id":7821,"href":"https:\/\/amina.is\/en\/wp-json\/wp\/v2\/product\/6449\/revisions\/7821"}],"wp:featuredmedia":[{"embeddable":true,"href":"https:\/\/amina.is\/en\/wp-json\/wp\/v2\/media\/7817"}],"wp:attachment":[{"href":"https:\/\/amina.is\/en\/wp-json\/wp\/v2\/media?parent=6449"}],"wp:term":[{"taxonomy":"product_brand","embeddable":true,"href":"https:\/\/amina.is\/en\/wp-json\/wp\/v2\/product_brand?post=6449"},{"taxonomy":"product_cat","embeddable":true,"href":"https:\/\/amina.is\/en\/wp-json\/wp\/v2\/product_cat?post=6449"},{"taxonomy":"product_tag","embeddable":true,"href":"https:\/\/amina.is\/en\/wp-json\/wp\/v2\/product_tag?post=6449"}],"curies":[{"name":"wp","href":"https:\/\/api.w.org\/{rel}","templated":true}]}}