{"id":6433,"date":"2021-04-14T22:41:08","date_gmt":"2021-04-14T22:41:08","guid":{"rendered":"http:\/\/amina.web14.vefold.is\/?post_type=product&#038;p=6433"},"modified":"2023-02-27T22:14:51","modified_gmt":"2023-02-27T22:14:51","slug":"calexotics-kegel-training-set","status":"publish","type":"product","link":"https:\/\/amina.is\/en\/verslun\/pikan\/grindarbotninn\/calexotics-kegel-training-set\/","title":{"rendered":"CalExotics &#8211; Kegel Training Set"},"content":{"rendered":"<h5>Kreistu, slaka\u00f0u, endurtaktu&#8230; \u00dea\u00f0 hafa allir gott af \u00fev\u00ed a\u00f0 \u00fej\u00e1lfa grindarbotnsv\u00f6\u00f0vana. \u00derj\u00e1r mismunandi \u00feyngdir \u00e1 k\u00falum, 45gr., 60gr., 75gr. og \u00e6fingaplan.<\/h5>","protected":false},"excerpt":{"rendered":"<p>Styrktu grindarbotnsv\u00f6\u00f0vana me\u00f0 \u00feessum fallegu k\u00falum&#8230;<\/p>\n<p>&#8230;Kreistu, slaka\u00f0u, endurtaktu&#8230;<\/p>","protected":false},"featured_media":7802,"template":"","meta":{"inline_featured_image":false},"product_brand":[],"product_cat":[42,886,896,44],"product_tag":[268,80,269,270,55,264],"class_list":{"0":"post-6433","1":"product","2":"type-product","3":"status-publish","4":"has-post-thumbnail","6":"product_cat-fyrir-thaer","7":"product_cat-grindarbotninn","8":"product_cat-grindarbotninn-fyrir-thaer","9":"product_cat-pikan","10":"product_tag-aefing","11":"product_tag-calexotics","12":"product_tag-grindarbotn","13":"product_tag-mango","14":"product_tag-skop","15":"product_tag-skopin","17":"first","18":"instock","19":"shipping-taxable","20":"purchasable","21":"product-type-simple"},"yoast_head":"<!-- This site is optimized with the Yoast SEO Premium plugin v21.6 (Yoast SEO v27.3) - https:\/\/yoast.com\/product\/yoast-seo-premium-wordpress\/ -->\n<title>CalExotics - Kegel Training Set &#8211; Amina<\/title>\n<meta name=\"robots\" content=\"index, follow, max-snippet:-1, max-image-preview:large, max-video-preview:-1\" \/>\n<link rel=\"canonical\" href=\"https:\/\/amina.is\/en\/verslun\/pikan\/grindarbotninn\/calexotics-kegel-training-set\/\" \/>\n<meta property=\"og:locale\" content=\"en_US\" \/>\n<meta property=\"og:type\" content=\"article\" \/>\n<meta property=\"og:title\" content=\"CalExotics - Kegel Training Set\" \/>\n<meta property=\"og:description\" content=\"Styrktu grindarbotnsv\u00f6\u00f0vana me\u00f0 \u00feessum fallegu k\u00falum...  ...Kreistu, slaka\u00f0u, endurtaktu...\" \/>\n<meta property=\"og:url\" content=\"https:\/\/amina.is\/en\/verslun\/pikan\/grindarbotninn\/calexotics-kegel-training-set\/\" \/>\n<meta property=\"og:site_name\" content=\"Amina\" \/>\n<meta property=\"article:publisher\" content=\"https:\/\/m.facebook.com\/AMINA-100767148840241\/\" \/>\n<meta property=\"article:modified_time\" content=\"2023-02-27T22:14:51+00:00\" \/>\n<meta property=\"og:image\" content=\"https:\/\/amina.is\/wp-content\/uploads\/2021\/04\/SS81001_3_1024x1024-1.jpg\" \/>\n\t<meta property=\"og:image:width\" content=\"1200\" \/>\n\t<meta property=\"og:image:height\" content=\"1200\" \/>\n\t<meta property=\"og:image:type\" content=\"image\/jpeg\" \/>\n<meta name=\"twitter:card\" content=\"summary_large_image\" \/>\n<script type=\"application\/ld+json\" class=\"yoast-schema-graph\">{\"@context\":\"https:\\\/\\\/schema.org\",\"@graph\":[{\"@type\":\"WebPage\",\"@id\":\"https:\\\/\\\/amina.is\\\/verslun\\\/pikan\\\/grindarbotninn\\\/calexotics-kegel-training-set\\\/\",\"url\":\"https:\\\/\\\/amina.is\\\/verslun\\\/pikan\\\/grindarbotninn\\\/calexotics-kegel-training-set\\\/\",\"name\":\"CalExotics - Kegel Training Set &#8211; Amina\",\"isPartOf\":{\"@id\":\"https:\\\/\\\/amina.is\\\/#website\"},\"primaryImageOfPage\":{\"@id\":\"https:\\\/\\\/amina.is\\\/verslun\\\/pikan\\\/grindarbotninn\\\/calexotics-kegel-training-set\\\/#primaryimage\"},\"image\":{\"@id\":\"https:\\\/\\\/amina.is\\\/verslun\\\/pikan\\\/grindarbotninn\\\/calexotics-kegel-training-set\\\/#primaryimage\"},\"thumbnailUrl\":\"https:\\\/\\\/amina.is\\\/wp-content\\\/uploads\\\/2021\\\/04\\\/SS81001_3_1024x1024-1.jpg\",\"datePublished\":\"2021-04-14T22:41:08+00:00\",\"dateModified\":\"2023-02-27T22:14:51+00:00\",\"breadcrumb\":{\"@id\":\"https:\\\/\\\/amina.is\\\/verslun\\\/pikan\\\/grindarbotninn\\\/calexotics-kegel-training-set\\\/#breadcrumb\"},\"inLanguage\":\"en-US\",\"potentialAction\":[{\"@type\":\"ReadAction\",\"target\":[\"https:\\\/\\\/amina.is\\\/verslun\\\/pikan\\\/grindarbotninn\\\/calexotics-kegel-training-set\\\/\"]}]},{\"@type\":\"ImageObject\",\"inLanguage\":\"en-US\",\"@id\":\"https:\\\/\\\/amina.is\\\/verslun\\\/pikan\\\/grindarbotninn\\\/calexotics-kegel-training-set\\\/#primaryimage\",\"url\":\"https:\\\/\\\/amina.is\\\/wp-content\\\/uploads\\\/2021\\\/04\\\/SS81001_3_1024x1024-1.jpg\",\"contentUrl\":\"https:\\\/\\\/amina.is\\\/wp-content\\\/uploads\\\/2021\\\/04\\\/SS81001_3_1024x1024-1.jpg\",\"width\":1200,\"height\":1200},{\"@type\":\"BreadcrumbList\",\"@id\":\"https:\\\/\\\/amina.is\\\/verslun\\\/pikan\\\/grindarbotninn\\\/calexotics-kegel-training-set\\\/#breadcrumb\",\"itemListElement\":[{\"@type\":\"ListItem\",\"position\":1,\"name\":\"Home\",\"item\":\"https:\\\/\\\/amina.is\\\/\"},{\"@type\":\"ListItem\",\"position\":2,\"name\":\"Verslun\",\"item\":\"https:\\\/\\\/amina.is\\\/verslun\\\/\"},{\"@type\":\"ListItem\",\"position\":3,\"name\":\"CalExotics &#8211; Kegel Training Set\"}]},{\"@type\":\"WebSite\",\"@id\":\"https:\\\/\\\/amina.is\\\/#website\",\"url\":\"https:\\\/\\\/amina.is\\\/\",\"name\":\"Amina\",\"description\":\"Feeling is everything - Una\u00f0sv\u00f6rur fyrir alla\",\"publisher\":{\"@id\":\"https:\\\/\\\/amina.is\\\/#organization\"},\"potentialAction\":[{\"@type\":\"SearchAction\",\"target\":{\"@type\":\"EntryPoint\",\"urlTemplate\":\"https:\\\/\\\/amina.is\\\/?s={search_term_string}\"},\"query-input\":{\"@type\":\"PropertyValueSpecification\",\"valueRequired\":true,\"valueName\":\"search_term_string\"}}],\"inLanguage\":\"en-US\"},{\"@type\":\"Organization\",\"@id\":\"https:\\\/\\\/amina.is\\\/#organization\",\"name\":\"Amina\",\"url\":\"https:\\\/\\\/amina.is\\\/\",\"logo\":{\"@type\":\"ImageObject\",\"inLanguage\":\"en-US\",\"@id\":\"https:\\\/\\\/amina.is\\\/#\\\/schema\\\/logo\\\/image\\\/\",\"url\":\"https:\\\/\\\/amina.is\\\/wp-content\\\/uploads\\\/2021\\\/09\\\/logo.png\",\"contentUrl\":\"https:\\\/\\\/amina.is\\\/wp-content\\\/uploads\\\/2021\\\/09\\\/logo.png\",\"width\":1790,\"height\":464,\"caption\":\"Amina\"},\"image\":{\"@id\":\"https:\\\/\\\/amina.is\\\/#\\\/schema\\\/logo\\\/image\\\/\"},\"sameAs\":[\"https:\\\/\\\/m.facebook.com\\\/AMINA-100767148840241\\\/\",\"https:\\\/\\\/www.instagram.com\\\/aminaverslun\\\/\"]}]}<\/script>\n<!-- \/ Yoast SEO Premium plugin. -->","yoast_head_json":{"title":"CalExotics - Kegel Training Set &#8211; Amina","robots":{"index":"index","follow":"follow","max-snippet":"max-snippet:-1","max-image-preview":"max-image-preview:large","max-video-preview":"max-video-preview:-1"},"canonical":"https:\/\/amina.is\/en\/verslun\/pikan\/grindarbotninn\/calexotics-kegel-training-set\/","og_locale":"en_US","og_type":"article","og_title":"CalExotics - Kegel Training Set","og_description":"Styrktu grindarbotnsv\u00f6\u00f0vana me\u00f0 \u00feessum fallegu k\u00falum...  ...Kreistu, slaka\u00f0u, endurtaktu...","og_url":"https:\/\/amina.is\/en\/verslun\/pikan\/grindarbotninn\/calexotics-kegel-training-set\/","og_site_name":"Amina","article_publisher":"https:\/\/m.facebook.com\/AMINA-100767148840241\/","article_modified_time":"2023-02-27T22:14:51+00:00","og_image":[{"width":1200,"height":1200,"url":"https:\/\/amina.is\/wp-content\/uploads\/2021\/04\/SS81001_3_1024x1024-1.jpg","type":"image\/jpeg"}],"twitter_card":"summary_large_image","schema":{"@context":"https:\/\/schema.org","@graph":[{"@type":"WebPage","@id":"https:\/\/amina.is\/verslun\/pikan\/grindarbotninn\/calexotics-kegel-training-set\/","url":"https:\/\/amina.is\/verslun\/pikan\/grindarbotninn\/calexotics-kegel-training-set\/","name":"CalExotics - Kegel Training Set &#8211; Amina","isPartOf":{"@id":"https:\/\/amina.is\/#website"},"primaryImageOfPage":{"@id":"https:\/\/amina.is\/verslun\/pikan\/grindarbotninn\/calexotics-kegel-training-set\/#primaryimage"},"image":{"@id":"https:\/\/amina.is\/verslun\/pikan\/grindarbotninn\/calexotics-kegel-training-set\/#primaryimage"},"thumbnailUrl":"https:\/\/amina.is\/wp-content\/uploads\/2021\/04\/SS81001_3_1024x1024-1.jpg","datePublished":"2021-04-14T22:41:08+00:00","dateModified":"2023-02-27T22:14:51+00:00","breadcrumb":{"@id":"https:\/\/amina.is\/verslun\/pikan\/grindarbotninn\/calexotics-kegel-training-set\/#breadcrumb"},"inLanguage":"en-US","potentialAction":[{"@type":"ReadAction","target":["https:\/\/amina.is\/verslun\/pikan\/grindarbotninn\/calexotics-kegel-training-set\/"]}]},{"@type":"ImageObject","inLanguage":"en-US","@id":"https:\/\/amina.is\/verslun\/pikan\/grindarbotninn\/calexotics-kegel-training-set\/#primaryimage","url":"https:\/\/amina.is\/wp-content\/uploads\/2021\/04\/SS81001_3_1024x1024-1.jpg","contentUrl":"https:\/\/amina.is\/wp-content\/uploads\/2021\/04\/SS81001_3_1024x1024-1.jpg","width":1200,"height":1200},{"@type":"BreadcrumbList","@id":"https:\/\/amina.is\/verslun\/pikan\/grindarbotninn\/calexotics-kegel-training-set\/#breadcrumb","itemListElement":[{"@type":"ListItem","position":1,"name":"Home","item":"https:\/\/amina.is\/"},{"@type":"ListItem","position":2,"name":"Verslun","item":"https:\/\/amina.is\/verslun\/"},{"@type":"ListItem","position":3,"name":"CalExotics &#8211; Kegel Training Set"}]},{"@type":"WebSite","@id":"https:\/\/amina.is\/#website","url":"https:\/\/amina.is\/","name":"Amina","description":"Feeling is everything - Una\u00f0sv\u00f6rur fyrir alla","publisher":{"@id":"https:\/\/amina.is\/#organization"},"potentialAction":[{"@type":"SearchAction","target":{"@type":"EntryPoint","urlTemplate":"https:\/\/amina.is\/?s={search_term_string}"},"query-input":{"@type":"PropertyValueSpecification","valueRequired":true,"valueName":"search_term_string"}}],"inLanguage":"en-US"},{"@type":"Organization","@id":"https:\/\/amina.is\/#organization","name":"Amina","url":"https:\/\/amina.is\/","logo":{"@type":"ImageObject","inLanguage":"en-US","@id":"https:\/\/amina.is\/#\/schema\/logo\/image\/","url":"https:\/\/amina.is\/wp-content\/uploads\/2021\/09\/logo.png","contentUrl":"https:\/\/amina.is\/wp-content\/uploads\/2021\/09\/logo.png","width":1790,"height":464,"caption":"Amina"},"image":{"@id":"https:\/\/amina.is\/#\/schema\/logo\/image\/"},"sameAs":["https:\/\/m.facebook.com\/AMINA-100767148840241\/","https:\/\/www.instagram.com\/aminaverslun\/"]}]}},"_links":{"self":[{"href":"https:\/\/amina.is\/en\/wp-json\/wp\/v2\/product\/6433","targetHints":{"allow":["GET"]}}],"collection":[{"href":"https:\/\/amina.is\/en\/wp-json\/wp\/v2\/product"}],"about":[{"href":"https:\/\/amina.is\/en\/wp-json\/wp\/v2\/types\/product"}],"version-history":[{"count":2,"href":"https:\/\/amina.is\/en\/wp-json\/wp\/v2\/product\/6433\/revisions"}],"predecessor-version":[{"id":7806,"href":"https:\/\/amina.is\/en\/wp-json\/wp\/v2\/product\/6433\/revisions\/7806"}],"wp:featuredmedia":[{"embeddable":true,"href":"https:\/\/amina.is\/en\/wp-json\/wp\/v2\/media\/7802"}],"wp:attachment":[{"href":"https:\/\/amina.is\/en\/wp-json\/wp\/v2\/media?parent=6433"}],"wp:term":[{"taxonomy":"product_brand","embeddable":true,"href":"https:\/\/amina.is\/en\/wp-json\/wp\/v2\/product_brand?post=6433"},{"taxonomy":"product_cat","embeddable":true,"href":"https:\/\/amina.is\/en\/wp-json\/wp\/v2\/product_cat?post=6433"},{"taxonomy":"product_tag","embeddable":true,"href":"https:\/\/amina.is\/en\/wp-json\/wp\/v2\/product_tag?post=6433"}],"curies":[{"name":"wp","href":"https:\/\/api.w.org\/{rel}","templated":true}]}}