{"id":6428,"date":"2021-04-14T22:18:09","date_gmt":"2021-04-14T22:18:09","guid":{"rendered":"http:\/\/amina.web14.vefold.is\/?post_type=product&#038;p=6428"},"modified":"2023-02-27T22:15:37","modified_gmt":"2023-02-27T22:15:37","slug":"kiiroo-ohmibod-esca2","status":"publish","type":"product","link":"https:\/\/amina.is\/en\/verslun\/pikan\/titrarar\/kiiroo-ohmibod-esca2\/","title":{"rendered":"Kiiroo &#8211; OhMiBod Esca2"},"content":{"rendered":"<h5>\u00deessi er toppurinn \u00e1 \u00edsjakanum, stj\u00f3rna\u00f0u honum hva\u00f0an sem er \u00far heiminum \u00ed gegnum app. \u00de\u00fa \u00ed Noregi, makinn \u00ed k\u00edna, skiptir engu! Lestu betur um t\u00e6ki\u00f0 h\u00e9r a\u00f0 ne\u00f0an.<\/h5>\n<h5>Lengd <span class=\"s1\">185,4mm. Breidd 33,1mm. \u00deyngd 56gr. Full hle\u00f0sla n\u00e6st \u00e1 einni og h\u00e1lfri klukkustund. Allt a\u00f0 \u00feriggja t\u00edma ending.<\/span><\/h5>","protected":false},"excerpt":{"rendered":"<p>Bj\u00f3ddu maka \u00fe\u00ednum a\u00f0 vera vi\u00f0 stj\u00f3rn hvar sem er hven\u00e6r sem er. Stj\u00f3rna\u00f0u t\u00e6kinu \u00ed gegnum app.<\/p>","protected":false},"featured_media":7848,"template":"","meta":{"inline_featured_image":false},"product_brand":[],"product_cat":[41,42,43,906,44,35,900,899,895,897,898,883],"product_tag":[260,261,267,85,266,265,52,259,258,262,53,263,264],"class_list":{"0":"post-6428","1":"product","2":"type-product","3":"status-publish","4":"has-post-thumbnail","6":"product_cat-fyrir-tha","7":"product_cat-fyrir-thaer","8":"product_cat-fyrir-thau","9":"product_cat-gervilimirogegg","10":"product_cat-pikan","11":"product_cat-rassinn","12":"product_cat-notaahana","13":"product_cat-notaahann","14":"product_cat-samanh","15":"product_cat-samand","16":"product_cat-samanth","17":"product_cat-titrarar","18":"product_tag-app","19":"product_tag-bluetooth","20":"product_tag-bod","21":"product_tag-egg","22":"product_tag-esca-2","23":"product_tag-esca2","24":"product_tag-fjolublar","25":"product_tag-kiiroo","26":"product_tag-ohmibod","27":"product_tag-plug","28":"product_tag-purple","29":"product_tag-rassinn","30":"product_tag-skopin","32":"first","33":"instock","34":"shipping-taxable","35":"purchasable","36":"product-type-simple"},"yoast_head":"<!-- This site is optimized with the Yoast SEO Premium plugin v21.6 (Yoast SEO v27.3) - https:\/\/yoast.com\/product\/yoast-seo-premium-wordpress\/ -->\n<title>Kiiroo - OhMiBod Esca2 &#8211; Amina<\/title>\n<meta name=\"robots\" content=\"index, follow, max-snippet:-1, max-image-preview:large, max-video-preview:-1\" \/>\n<link rel=\"canonical\" href=\"https:\/\/amina.is\/en\/verslun\/pikan\/titrarar\/kiiroo-ohmibod-esca2\/\" \/>\n<meta property=\"og:locale\" content=\"en_US\" \/>\n<meta property=\"og:type\" content=\"article\" \/>\n<meta property=\"og:title\" content=\"Kiiroo - OhMiBod Esca2\" \/>\n<meta property=\"og:description\" content=\"Bj\u00f3ddu maka \u00fe\u00ednum a\u00f0 vera vi\u00f0 stj\u00f3rn hvar sem er hven\u00e6r sem er. Stj\u00f3rna\u00f0u t\u00e6kinu \u00ed gegnum app.\" \/>\n<meta property=\"og:url\" content=\"https:\/\/amina.is\/en\/verslun\/pikan\/titrarar\/kiiroo-ohmibod-esca2\/\" \/>\n<meta property=\"og:site_name\" content=\"Amina\" \/>\n<meta property=\"article:publisher\" content=\"https:\/\/m.facebook.com\/AMINA-100767148840241\/\" \/>\n<meta property=\"article:modified_time\" content=\"2023-02-27T22:15:37+00:00\" \/>\n<meta property=\"og:image\" content=\"https:\/\/amina.is\/wp-content\/uploads\/2021\/04\/esca.jpg\" \/>\n\t<meta property=\"og:image:width\" content=\"1000\" \/>\n\t<meta property=\"og:image:height\" content=\"1000\" \/>\n\t<meta property=\"og:image:type\" content=\"image\/jpeg\" \/>\n<meta name=\"twitter:card\" content=\"summary_large_image\" \/>\n<script type=\"application\/ld+json\" class=\"yoast-schema-graph\">{\"@context\":\"https:\\\/\\\/schema.org\",\"@graph\":[{\"@type\":\"WebPage\",\"@id\":\"https:\\\/\\\/amina.is\\\/verslun\\\/pikan\\\/titrarar\\\/kiiroo-ohmibod-esca2\\\/\",\"url\":\"https:\\\/\\\/amina.is\\\/verslun\\\/pikan\\\/titrarar\\\/kiiroo-ohmibod-esca2\\\/\",\"name\":\"Kiiroo - OhMiBod Esca2 &#8211; Amina\",\"isPartOf\":{\"@id\":\"https:\\\/\\\/amina.is\\\/#website\"},\"primaryImageOfPage\":{\"@id\":\"https:\\\/\\\/amina.is\\\/verslun\\\/pikan\\\/titrarar\\\/kiiroo-ohmibod-esca2\\\/#primaryimage\"},\"image\":{\"@id\":\"https:\\\/\\\/amina.is\\\/verslun\\\/pikan\\\/titrarar\\\/kiiroo-ohmibod-esca2\\\/#primaryimage\"},\"thumbnailUrl\":\"https:\\\/\\\/amina.is\\\/wp-content\\\/uploads\\\/2021\\\/04\\\/esca.jpg\",\"datePublished\":\"2021-04-14T22:18:09+00:00\",\"dateModified\":\"2023-02-27T22:15:37+00:00\",\"breadcrumb\":{\"@id\":\"https:\\\/\\\/amina.is\\\/verslun\\\/pikan\\\/titrarar\\\/kiiroo-ohmibod-esca2\\\/#breadcrumb\"},\"inLanguage\":\"en-US\",\"potentialAction\":[{\"@type\":\"ReadAction\",\"target\":[\"https:\\\/\\\/amina.is\\\/verslun\\\/pikan\\\/titrarar\\\/kiiroo-ohmibod-esca2\\\/\"]}]},{\"@type\":\"ImageObject\",\"inLanguage\":\"en-US\",\"@id\":\"https:\\\/\\\/amina.is\\\/verslun\\\/pikan\\\/titrarar\\\/kiiroo-ohmibod-esca2\\\/#primaryimage\",\"url\":\"https:\\\/\\\/amina.is\\\/wp-content\\\/uploads\\\/2021\\\/04\\\/esca.jpg\",\"contentUrl\":\"https:\\\/\\\/amina.is\\\/wp-content\\\/uploads\\\/2021\\\/04\\\/esca.jpg\",\"width\":1000,\"height\":1000},{\"@type\":\"BreadcrumbList\",\"@id\":\"https:\\\/\\\/amina.is\\\/verslun\\\/pikan\\\/titrarar\\\/kiiroo-ohmibod-esca2\\\/#breadcrumb\",\"itemListElement\":[{\"@type\":\"ListItem\",\"position\":1,\"name\":\"Home\",\"item\":\"https:\\\/\\\/amina.is\\\/\"},{\"@type\":\"ListItem\",\"position\":2,\"name\":\"Verslun\",\"item\":\"https:\\\/\\\/amina.is\\\/verslun\\\/\"},{\"@type\":\"ListItem\",\"position\":3,\"name\":\"Kiiroo &#8211; OhMiBod Esca2\"}]},{\"@type\":\"WebSite\",\"@id\":\"https:\\\/\\\/amina.is\\\/#website\",\"url\":\"https:\\\/\\\/amina.is\\\/\",\"name\":\"Amina\",\"description\":\"Feeling is everything - Una\u00f0sv\u00f6rur fyrir alla\",\"publisher\":{\"@id\":\"https:\\\/\\\/amina.is\\\/#organization\"},\"potentialAction\":[{\"@type\":\"SearchAction\",\"target\":{\"@type\":\"EntryPoint\",\"urlTemplate\":\"https:\\\/\\\/amina.is\\\/?s={search_term_string}\"},\"query-input\":{\"@type\":\"PropertyValueSpecification\",\"valueRequired\":true,\"valueName\":\"search_term_string\"}}],\"inLanguage\":\"en-US\"},{\"@type\":\"Organization\",\"@id\":\"https:\\\/\\\/amina.is\\\/#organization\",\"name\":\"Amina\",\"url\":\"https:\\\/\\\/amina.is\\\/\",\"logo\":{\"@type\":\"ImageObject\",\"inLanguage\":\"en-US\",\"@id\":\"https:\\\/\\\/amina.is\\\/#\\\/schema\\\/logo\\\/image\\\/\",\"url\":\"https:\\\/\\\/amina.is\\\/wp-content\\\/uploads\\\/2021\\\/09\\\/logo.png\",\"contentUrl\":\"https:\\\/\\\/amina.is\\\/wp-content\\\/uploads\\\/2021\\\/09\\\/logo.png\",\"width\":1790,\"height\":464,\"caption\":\"Amina\"},\"image\":{\"@id\":\"https:\\\/\\\/amina.is\\\/#\\\/schema\\\/logo\\\/image\\\/\"},\"sameAs\":[\"https:\\\/\\\/m.facebook.com\\\/AMINA-100767148840241\\\/\",\"https:\\\/\\\/www.instagram.com\\\/aminaverslun\\\/\"]}]}<\/script>\n<!-- \/ Yoast SEO Premium plugin. -->","yoast_head_json":{"title":"Kiiroo - OhMiBod Esca2 &#8211; Amina","robots":{"index":"index","follow":"follow","max-snippet":"max-snippet:-1","max-image-preview":"max-image-preview:large","max-video-preview":"max-video-preview:-1"},"canonical":"https:\/\/amina.is\/en\/verslun\/pikan\/titrarar\/kiiroo-ohmibod-esca2\/","og_locale":"en_US","og_type":"article","og_title":"Kiiroo - OhMiBod Esca2","og_description":"Bj\u00f3ddu maka \u00fe\u00ednum a\u00f0 vera vi\u00f0 stj\u00f3rn hvar sem er hven\u00e6r sem er. Stj\u00f3rna\u00f0u t\u00e6kinu \u00ed gegnum app.","og_url":"https:\/\/amina.is\/en\/verslun\/pikan\/titrarar\/kiiroo-ohmibod-esca2\/","og_site_name":"Amina","article_publisher":"https:\/\/m.facebook.com\/AMINA-100767148840241\/","article_modified_time":"2023-02-27T22:15:37+00:00","og_image":[{"width":1000,"height":1000,"url":"https:\/\/amina.is\/wp-content\/uploads\/2021\/04\/esca.jpg","type":"image\/jpeg"}],"twitter_card":"summary_large_image","schema":{"@context":"https:\/\/schema.org","@graph":[{"@type":"WebPage","@id":"https:\/\/amina.is\/verslun\/pikan\/titrarar\/kiiroo-ohmibod-esca2\/","url":"https:\/\/amina.is\/verslun\/pikan\/titrarar\/kiiroo-ohmibod-esca2\/","name":"Kiiroo - OhMiBod Esca2 &#8211; Amina","isPartOf":{"@id":"https:\/\/amina.is\/#website"},"primaryImageOfPage":{"@id":"https:\/\/amina.is\/verslun\/pikan\/titrarar\/kiiroo-ohmibod-esca2\/#primaryimage"},"image":{"@id":"https:\/\/amina.is\/verslun\/pikan\/titrarar\/kiiroo-ohmibod-esca2\/#primaryimage"},"thumbnailUrl":"https:\/\/amina.is\/wp-content\/uploads\/2021\/04\/esca.jpg","datePublished":"2021-04-14T22:18:09+00:00","dateModified":"2023-02-27T22:15:37+00:00","breadcrumb":{"@id":"https:\/\/amina.is\/verslun\/pikan\/titrarar\/kiiroo-ohmibod-esca2\/#breadcrumb"},"inLanguage":"en-US","potentialAction":[{"@type":"ReadAction","target":["https:\/\/amina.is\/verslun\/pikan\/titrarar\/kiiroo-ohmibod-esca2\/"]}]},{"@type":"ImageObject","inLanguage":"en-US","@id":"https:\/\/amina.is\/verslun\/pikan\/titrarar\/kiiroo-ohmibod-esca2\/#primaryimage","url":"https:\/\/amina.is\/wp-content\/uploads\/2021\/04\/esca.jpg","contentUrl":"https:\/\/amina.is\/wp-content\/uploads\/2021\/04\/esca.jpg","width":1000,"height":1000},{"@type":"BreadcrumbList","@id":"https:\/\/amina.is\/verslun\/pikan\/titrarar\/kiiroo-ohmibod-esca2\/#breadcrumb","itemListElement":[{"@type":"ListItem","position":1,"name":"Home","item":"https:\/\/amina.is\/"},{"@type":"ListItem","position":2,"name":"Verslun","item":"https:\/\/amina.is\/verslun\/"},{"@type":"ListItem","position":3,"name":"Kiiroo &#8211; OhMiBod Esca2"}]},{"@type":"WebSite","@id":"https:\/\/amina.is\/#website","url":"https:\/\/amina.is\/","name":"Amina","description":"Feeling is everything - Una\u00f0sv\u00f6rur fyrir alla","publisher":{"@id":"https:\/\/amina.is\/#organization"},"potentialAction":[{"@type":"SearchAction","target":{"@type":"EntryPoint","urlTemplate":"https:\/\/amina.is\/?s={search_term_string}"},"query-input":{"@type":"PropertyValueSpecification","valueRequired":true,"valueName":"search_term_string"}}],"inLanguage":"en-US"},{"@type":"Organization","@id":"https:\/\/amina.is\/#organization","name":"Amina","url":"https:\/\/amina.is\/","logo":{"@type":"ImageObject","inLanguage":"en-US","@id":"https:\/\/amina.is\/#\/schema\/logo\/image\/","url":"https:\/\/amina.is\/wp-content\/uploads\/2021\/09\/logo.png","contentUrl":"https:\/\/amina.is\/wp-content\/uploads\/2021\/09\/logo.png","width":1790,"height":464,"caption":"Amina"},"image":{"@id":"https:\/\/amina.is\/#\/schema\/logo\/image\/"},"sameAs":["https:\/\/m.facebook.com\/AMINA-100767148840241\/","https:\/\/www.instagram.com\/aminaverslun\/"]}]}},"_links":{"self":[{"href":"https:\/\/amina.is\/en\/wp-json\/wp\/v2\/product\/6428","targetHints":{"allow":["GET"]}}],"collection":[{"href":"https:\/\/amina.is\/en\/wp-json\/wp\/v2\/product"}],"about":[{"href":"https:\/\/amina.is\/en\/wp-json\/wp\/v2\/types\/product"}],"version-history":[{"count":4,"href":"https:\/\/amina.is\/en\/wp-json\/wp\/v2\/product\/6428\/revisions"}],"predecessor-version":[{"id":7847,"href":"https:\/\/amina.is\/en\/wp-json\/wp\/v2\/product\/6428\/revisions\/7847"}],"wp:featuredmedia":[{"embeddable":true,"href":"https:\/\/amina.is\/en\/wp-json\/wp\/v2\/media\/7848"}],"wp:attachment":[{"href":"https:\/\/amina.is\/en\/wp-json\/wp\/v2\/media?parent=6428"}],"wp:term":[{"taxonomy":"product_brand","embeddable":true,"href":"https:\/\/amina.is\/en\/wp-json\/wp\/v2\/product_brand?post=6428"},{"taxonomy":"product_cat","embeddable":true,"href":"https:\/\/amina.is\/en\/wp-json\/wp\/v2\/product_cat?post=6428"},{"taxonomy":"product_tag","embeddable":true,"href":"https:\/\/amina.is\/en\/wp-json\/wp\/v2\/product_tag?post=6428"}],"curies":[{"name":"wp","href":"https:\/\/api.w.org\/{rel}","templated":true}]}}