{"id":6422,"date":"2021-04-14T16:10:06","date_gmt":"2021-04-14T16:10:06","guid":{"rendered":"http:\/\/amina.web14.vefold.is\/?post_type=product&#038;p=6422"},"modified":"2024-01-13T20:08:31","modified_gmt":"2024-01-13T20:08:31","slug":"satisfyer-partner-plus-remote","status":"publish","type":"product","link":"https:\/\/amina.is\/en\/verslun\/pikan\/titrarar\/satisfyer-partner-plus-remote\/","title":{"rendered":"Satisfyer &#8211; Partner Plus Remote"},"content":{"rendered":"<h5>Partner Plus er \u00e6tla\u00f0 fyrir p\u00f6r me\u00f0 lim og sk\u00f6p. \u00cd t\u00e6kinu eru tveir m\u00f3torar sem gerir t\u00e6ki\u00f0 einstaklega kr\u00f6ftugt. T\u00e6ki\u00f0 er \u00e6tla\u00f0 til notkunar \u00e1 me\u00f0an kynl\u00edf er stunda\u00f0 en annar endinn fer \u00ed legg\u00f6ngin \u00e1 me\u00f0an hinn leggst ofan \u00e1 sn\u00edpinn. Limurinn fer me\u00f0fram t\u00e6kinu inn \u00ed legg\u00f6ngin. \u00dea\u00f0 fylgir fjarst\u00fdring sem au\u00f0veldar notkun \u00feess.<\/h5>\n<h5>T\u00e6ki\u00f0 er \u00far umhverfisv\u00e6nu sil\u00edkoni og m\u00e6lum vi\u00f0 me\u00f0 \u00fev\u00ed a\u00f0 nota vatnssleipiefni \u00fear sem sil\u00edkon sleipiefni getur skemmt \u00fea\u00f0. Einfalt er a\u00f0 auka e\u00f0a minka titring eftir smekk en t\u00e6ki\u00f0 b\u00fd\u00f0ur upp \u00e1 10 mismunandi stillingar. T\u00e6ki\u00f0 er sturtuhelt en \u00feolir ekki a\u00f0 fara \u00e1 kaf \u00ed ba\u00f0kar e\u00f0a heitan pott. USB hle\u00f0sla. T\u00e6ki\u00f0 er \u00ed 1,5 klukkustund a\u00f0 hla\u00f0a sig og endist \u00ed 1 klukkustund \u00ed fullri notkun. St\u00e6r\u00f0: 8,8&#215;2,8&#215;5,3cm. \u00deyngd: 63gr.<\/h5>","protected":false},"excerpt":{"rendered":"<p>Partner Plus er \u00e6tla\u00f0 fyrir p\u00f6r me\u00f0 lim og sk\u00f6p.\u00a0T\u00e6ki\u00f0 er \u00e6tla\u00f0 til notkunar \u00e1 me\u00f0an kynl\u00edf er stunda\u00f0.<\/p>","protected":false},"featured_media":7981,"template":"","meta":{"inline_featured_image":false},"product_brand":[],"product_cat":[43,44,898,883],"product_tag":[255,256,71,254],"class_list":{"0":"post-6422","1":"product","2":"type-product","3":"status-publish","4":"has-post-thumbnail","6":"product_cat-fyrir-thau","7":"product_cat-pikan","8":"product_cat-samanth","9":"product_cat-titrarar","10":"product_tag-couples","11":"product_tag-partner","12":"product_tag-por","13":"product_tag-satisfyer","15":"first","16":"instock","17":"sale","18":"shipping-taxable","19":"purchasable","20":"product-type-simple"},"yoast_head":"<!-- This site is optimized with the Yoast SEO Premium plugin v21.6 (Yoast SEO v27.3) - https:\/\/yoast.com\/product\/yoast-seo-premium-wordpress\/ -->\n<title>Satisfyer - Partner Plus Remote &#8211; Amina<\/title>\n<meta name=\"robots\" content=\"index, follow, max-snippet:-1, max-image-preview:large, max-video-preview:-1\" \/>\n<link rel=\"canonical\" href=\"https:\/\/amina.is\/en\/verslun\/pikan\/titrarar\/satisfyer-partner-plus-remote\/\" \/>\n<meta property=\"og:locale\" content=\"en_US\" \/>\n<meta property=\"og:type\" content=\"article\" \/>\n<meta property=\"og:title\" content=\"Satisfyer - Partner Plus Remote\" \/>\n<meta property=\"og:description\" content=\"Partner Plus er \u00e6tla\u00f0 fyrir p\u00f6r me\u00f0 lim og sk\u00f6p.\u00a0T\u00e6ki\u00f0 er \u00e6tla\u00f0 til notkunar \u00e1 me\u00f0an kynl\u00edf er stunda\u00f0.\" \/>\n<meta property=\"og:url\" content=\"https:\/\/amina.is\/en\/verslun\/pikan\/titrarar\/satisfyer-partner-plus-remote\/\" \/>\n<meta property=\"og:site_name\" content=\"Amina\" \/>\n<meta property=\"article:publisher\" content=\"https:\/\/m.facebook.com\/AMINA-100767148840241\/\" \/>\n<meta property=\"article:modified_time\" content=\"2024-01-13T20:08:31+00:00\" \/>\n<meta property=\"og:image\" content=\"https:\/\/amina.is\/wp-content\/uploads\/2021\/04\/satisfyer.jpg\" \/>\n\t<meta property=\"og:image:width\" content=\"880\" \/>\n\t<meta property=\"og:image:height\" content=\"880\" \/>\n\t<meta property=\"og:image:type\" content=\"image\/jpeg\" \/>\n<meta name=\"twitter:card\" content=\"summary_large_image\" \/>\n<meta name=\"twitter:label1\" content=\"Est. reading time\" \/>\n\t<meta name=\"twitter:data1\" content=\"1 minute\" \/>\n<script type=\"application\/ld+json\" class=\"yoast-schema-graph\">{\"@context\":\"https:\\\/\\\/schema.org\",\"@graph\":[{\"@type\":\"WebPage\",\"@id\":\"https:\\\/\\\/amina.is\\\/verslun\\\/pikan\\\/titrarar\\\/satisfyer-partner-plus-remote\\\/\",\"url\":\"https:\\\/\\\/amina.is\\\/verslun\\\/pikan\\\/titrarar\\\/satisfyer-partner-plus-remote\\\/\",\"name\":\"Satisfyer - Partner Plus Remote &#8211; Amina\",\"isPartOf\":{\"@id\":\"https:\\\/\\\/amina.is\\\/#website\"},\"primaryImageOfPage\":{\"@id\":\"https:\\\/\\\/amina.is\\\/verslun\\\/pikan\\\/titrarar\\\/satisfyer-partner-plus-remote\\\/#primaryimage\"},\"image\":{\"@id\":\"https:\\\/\\\/amina.is\\\/verslun\\\/pikan\\\/titrarar\\\/satisfyer-partner-plus-remote\\\/#primaryimage\"},\"thumbnailUrl\":\"https:\\\/\\\/amina.is\\\/wp-content\\\/uploads\\\/2021\\\/04\\\/satisfyer.jpg\",\"datePublished\":\"2021-04-14T16:10:06+00:00\",\"dateModified\":\"2024-01-13T20:08:31+00:00\",\"breadcrumb\":{\"@id\":\"https:\\\/\\\/amina.is\\\/verslun\\\/pikan\\\/titrarar\\\/satisfyer-partner-plus-remote\\\/#breadcrumb\"},\"inLanguage\":\"en-US\",\"potentialAction\":[{\"@type\":\"ReadAction\",\"target\":[\"https:\\\/\\\/amina.is\\\/verslun\\\/pikan\\\/titrarar\\\/satisfyer-partner-plus-remote\\\/\"]}]},{\"@type\":\"ImageObject\",\"inLanguage\":\"en-US\",\"@id\":\"https:\\\/\\\/amina.is\\\/verslun\\\/pikan\\\/titrarar\\\/satisfyer-partner-plus-remote\\\/#primaryimage\",\"url\":\"https:\\\/\\\/amina.is\\\/wp-content\\\/uploads\\\/2021\\\/04\\\/satisfyer.jpg\",\"contentUrl\":\"https:\\\/\\\/amina.is\\\/wp-content\\\/uploads\\\/2021\\\/04\\\/satisfyer.jpg\",\"width\":880,\"height\":880},{\"@type\":\"BreadcrumbList\",\"@id\":\"https:\\\/\\\/amina.is\\\/verslun\\\/pikan\\\/titrarar\\\/satisfyer-partner-plus-remote\\\/#breadcrumb\",\"itemListElement\":[{\"@type\":\"ListItem\",\"position\":1,\"name\":\"Home\",\"item\":\"https:\\\/\\\/amina.is\\\/\"},{\"@type\":\"ListItem\",\"position\":2,\"name\":\"Verslun\",\"item\":\"https:\\\/\\\/amina.is\\\/verslun\\\/\"},{\"@type\":\"ListItem\",\"position\":3,\"name\":\"Satisfyer &#8211; Partner Plus Remote\"}]},{\"@type\":\"WebSite\",\"@id\":\"https:\\\/\\\/amina.is\\\/#website\",\"url\":\"https:\\\/\\\/amina.is\\\/\",\"name\":\"Amina\",\"description\":\"Feeling is everything - Una\u00f0sv\u00f6rur fyrir alla\",\"publisher\":{\"@id\":\"https:\\\/\\\/amina.is\\\/#organization\"},\"potentialAction\":[{\"@type\":\"SearchAction\",\"target\":{\"@type\":\"EntryPoint\",\"urlTemplate\":\"https:\\\/\\\/amina.is\\\/?s={search_term_string}\"},\"query-input\":{\"@type\":\"PropertyValueSpecification\",\"valueRequired\":true,\"valueName\":\"search_term_string\"}}],\"inLanguage\":\"en-US\"},{\"@type\":\"Organization\",\"@id\":\"https:\\\/\\\/amina.is\\\/#organization\",\"name\":\"Amina\",\"url\":\"https:\\\/\\\/amina.is\\\/\",\"logo\":{\"@type\":\"ImageObject\",\"inLanguage\":\"en-US\",\"@id\":\"https:\\\/\\\/amina.is\\\/#\\\/schema\\\/logo\\\/image\\\/\",\"url\":\"https:\\\/\\\/amina.is\\\/wp-content\\\/uploads\\\/2021\\\/09\\\/logo.png\",\"contentUrl\":\"https:\\\/\\\/amina.is\\\/wp-content\\\/uploads\\\/2021\\\/09\\\/logo.png\",\"width\":1790,\"height\":464,\"caption\":\"Amina\"},\"image\":{\"@id\":\"https:\\\/\\\/amina.is\\\/#\\\/schema\\\/logo\\\/image\\\/\"},\"sameAs\":[\"https:\\\/\\\/m.facebook.com\\\/AMINA-100767148840241\\\/\",\"https:\\\/\\\/www.instagram.com\\\/aminaverslun\\\/\"]}]}<\/script>\n<!-- \/ Yoast SEO Premium plugin. -->","yoast_head_json":{"title":"Satisfyer - Partner Plus Remote &#8211; Amina","robots":{"index":"index","follow":"follow","max-snippet":"max-snippet:-1","max-image-preview":"max-image-preview:large","max-video-preview":"max-video-preview:-1"},"canonical":"https:\/\/amina.is\/en\/verslun\/pikan\/titrarar\/satisfyer-partner-plus-remote\/","og_locale":"en_US","og_type":"article","og_title":"Satisfyer - Partner Plus Remote","og_description":"Partner Plus er \u00e6tla\u00f0 fyrir p\u00f6r me\u00f0 lim og sk\u00f6p.\u00a0T\u00e6ki\u00f0 er \u00e6tla\u00f0 til notkunar \u00e1 me\u00f0an kynl\u00edf er stunda\u00f0.","og_url":"https:\/\/amina.is\/en\/verslun\/pikan\/titrarar\/satisfyer-partner-plus-remote\/","og_site_name":"Amina","article_publisher":"https:\/\/m.facebook.com\/AMINA-100767148840241\/","article_modified_time":"2024-01-13T20:08:31+00:00","og_image":[{"width":880,"height":880,"url":"https:\/\/amina.is\/wp-content\/uploads\/2021\/04\/satisfyer.jpg","type":"image\/jpeg"}],"twitter_card":"summary_large_image","twitter_misc":{"Est. reading time":"1 minute"},"schema":{"@context":"https:\/\/schema.org","@graph":[{"@type":"WebPage","@id":"https:\/\/amina.is\/verslun\/pikan\/titrarar\/satisfyer-partner-plus-remote\/","url":"https:\/\/amina.is\/verslun\/pikan\/titrarar\/satisfyer-partner-plus-remote\/","name":"Satisfyer - Partner Plus Remote &#8211; Amina","isPartOf":{"@id":"https:\/\/amina.is\/#website"},"primaryImageOfPage":{"@id":"https:\/\/amina.is\/verslun\/pikan\/titrarar\/satisfyer-partner-plus-remote\/#primaryimage"},"image":{"@id":"https:\/\/amina.is\/verslun\/pikan\/titrarar\/satisfyer-partner-plus-remote\/#primaryimage"},"thumbnailUrl":"https:\/\/amina.is\/wp-content\/uploads\/2021\/04\/satisfyer.jpg","datePublished":"2021-04-14T16:10:06+00:00","dateModified":"2024-01-13T20:08:31+00:00","breadcrumb":{"@id":"https:\/\/amina.is\/verslun\/pikan\/titrarar\/satisfyer-partner-plus-remote\/#breadcrumb"},"inLanguage":"en-US","potentialAction":[{"@type":"ReadAction","target":["https:\/\/amina.is\/verslun\/pikan\/titrarar\/satisfyer-partner-plus-remote\/"]}]},{"@type":"ImageObject","inLanguage":"en-US","@id":"https:\/\/amina.is\/verslun\/pikan\/titrarar\/satisfyer-partner-plus-remote\/#primaryimage","url":"https:\/\/amina.is\/wp-content\/uploads\/2021\/04\/satisfyer.jpg","contentUrl":"https:\/\/amina.is\/wp-content\/uploads\/2021\/04\/satisfyer.jpg","width":880,"height":880},{"@type":"BreadcrumbList","@id":"https:\/\/amina.is\/verslun\/pikan\/titrarar\/satisfyer-partner-plus-remote\/#breadcrumb","itemListElement":[{"@type":"ListItem","position":1,"name":"Home","item":"https:\/\/amina.is\/"},{"@type":"ListItem","position":2,"name":"Verslun","item":"https:\/\/amina.is\/verslun\/"},{"@type":"ListItem","position":3,"name":"Satisfyer &#8211; Partner Plus Remote"}]},{"@type":"WebSite","@id":"https:\/\/amina.is\/#website","url":"https:\/\/amina.is\/","name":"Amina","description":"Feeling is everything - Una\u00f0sv\u00f6rur fyrir alla","publisher":{"@id":"https:\/\/amina.is\/#organization"},"potentialAction":[{"@type":"SearchAction","target":{"@type":"EntryPoint","urlTemplate":"https:\/\/amina.is\/?s={search_term_string}"},"query-input":{"@type":"PropertyValueSpecification","valueRequired":true,"valueName":"search_term_string"}}],"inLanguage":"en-US"},{"@type":"Organization","@id":"https:\/\/amina.is\/#organization","name":"Amina","url":"https:\/\/amina.is\/","logo":{"@type":"ImageObject","inLanguage":"en-US","@id":"https:\/\/amina.is\/#\/schema\/logo\/image\/","url":"https:\/\/amina.is\/wp-content\/uploads\/2021\/09\/logo.png","contentUrl":"https:\/\/amina.is\/wp-content\/uploads\/2021\/09\/logo.png","width":1790,"height":464,"caption":"Amina"},"image":{"@id":"https:\/\/amina.is\/#\/schema\/logo\/image\/"},"sameAs":["https:\/\/m.facebook.com\/AMINA-100767148840241\/","https:\/\/www.instagram.com\/aminaverslun\/"]}]}},"_links":{"self":[{"href":"https:\/\/amina.is\/en\/wp-json\/wp\/v2\/product\/6422","targetHints":{"allow":["GET"]}}],"collection":[{"href":"https:\/\/amina.is\/en\/wp-json\/wp\/v2\/product"}],"about":[{"href":"https:\/\/amina.is\/en\/wp-json\/wp\/v2\/types\/product"}],"version-history":[{"count":3,"href":"https:\/\/amina.is\/en\/wp-json\/wp\/v2\/product\/6422\/revisions"}],"predecessor-version":[{"id":11395,"href":"https:\/\/amina.is\/en\/wp-json\/wp\/v2\/product\/6422\/revisions\/11395"}],"wp:featuredmedia":[{"embeddable":true,"href":"https:\/\/amina.is\/en\/wp-json\/wp\/v2\/media\/7981"}],"wp:attachment":[{"href":"https:\/\/amina.is\/en\/wp-json\/wp\/v2\/media?parent=6422"}],"wp:term":[{"taxonomy":"product_brand","embeddable":true,"href":"https:\/\/amina.is\/en\/wp-json\/wp\/v2\/product_brand?post=6422"},{"taxonomy":"product_cat","embeddable":true,"href":"https:\/\/amina.is\/en\/wp-json\/wp\/v2\/product_cat?post=6422"},{"taxonomy":"product_tag","embeddable":true,"href":"https:\/\/amina.is\/en\/wp-json\/wp\/v2\/product_tag?post=6422"}],"curies":[{"name":"wp","href":"https:\/\/api.w.org\/{rel}","templated":true}]}}