{"id":3064,"date":"2021-01-22T15:53:52","date_gmt":"2021-01-22T15:53:52","guid":{"rendered":"http:\/\/amina.web14.vefold.is\/?post_type=product&#038;p=3064"},"modified":"2023-02-27T21:41:55","modified_gmt":"2023-02-27T21:41:55","slug":"earthly-body-hemp-nuddolia-lavender","status":"publish","type":"product","link":"https:\/\/amina.is\/en\/verslun\/smur-verjur\/oliurogkrem\/earthly-body-hemp-nuddolia-lavender\/","title":{"rendered":"Earthly Body &#8211; Hemp Nuddol\u00eda Lavender"},"content":{"rendered":"<h5>\u00d3h\u00e6tt er a\u00f0 m\u00e6la me\u00f0 Nuddol\u00edunum fr\u00e1 Eathly Body. N\u00e6ringar\u00edk form\u00falan\u00a0<span class=\"JLqJ4b ChMk0b\" data-language-for-alternatives=\"is\" data-language-to-translate-into=\"en\" data-phrase-index=\"1\">sogast inn \u00ed h\u00fa\u00f0ina, n\u00e6rir hana og gefur raka \u00e1n \u00feess a\u00f0 skilja eftir fituleifar. <\/span><span class=\"JLqJ4b ChMk0b\" data-language-for-alternatives=\"is\" data-language-to-translate-into=\"en\" data-phrase-index=\"1\"><span class=\"JLqJ4b\" data-language-for-alternatives=\"is\" data-language-to-translate-into=\"en\" data-phrase-index=\"2\"><strong>S\u00e6t m\u00f6ndluol\u00edan<\/strong> er m\u00fdkjandi og &#8222;v\u00f6kvar&#8220; h\u00fa\u00f0ina&#8220; og gefur henni \u00e6skulj\u00f3ma. <\/span><\/span><span class=\"JLqJ4b ChMk0b\" data-language-for-alternatives=\"is\" data-language-to-translate-into=\"en\" data-phrase-index=\"1\"><span class=\"JLqJ4b\" data-language-for-alternatives=\"is\" data-language-to-translate-into=\"en\" data-phrase-index=\"2\"><strong>Hampfr\u00e6ol\u00edan<\/strong> hefur miki\u00f0 magn af Omega 3 og inniheldur 6 nau\u00f0synlegar fitus\u00fdrur sem n\u00e6ra og vernda h\u00fa\u00f0ina. <strong>Apr\u00edk\u00f3sukjarnaol\u00edan<\/strong> er l\u00e9tt, n\u00e1tt\u00faruleg ol\u00eda sem er r\u00edk af nau\u00f0synlegum fitus\u00fdrum og andoxunarefnum. <strong>R\u00f3smar\u00edn laufol\u00edan<\/strong> er r\u00edk af \u00f6flugum andoxunarefnum og hj\u00e1lpar til vi\u00f0 a\u00f0 sl\u00e9tta f\u00ednar l\u00ednur og hrukkur. 237ml.\/8oz.<\/span><\/span><\/h5>\n<p>&nbsp;<\/p>","protected":false},"excerpt":{"rendered":"<p>Lavender Nuddol\u00eda fr\u00e1 Earthly Body.<\/p>","protected":false},"featured_media":5595,"template":"","meta":{"inline_featured_image":false},"product_brand":[],"product_cat":[41,42,43,48,911,47,897,898,895],"product_tag":[224,226,229,225,230,228,227],"class_list":{"0":"post-3064","1":"product","2":"type-product","3":"status-publish","4":"has-post-thumbnail","6":"product_cat-fyrir-tha","7":"product_cat-fyrir-thaer","8":"product_cat-fyrir-thau","9":"product_cat-oliur","10":"product_cat-oliurogkrem","11":"product_cat-smur-verjur","12":"product_cat-samand","13":"product_cat-samanth","14":"product_cat-samanh","15":"product_tag-lavender","16":"product_tag-massage","17":"product_tag-massage-oil","18":"product_tag-nudd","19":"product_tag-nuddolia","20":"product_tag-oil","21":"product_tag-olia","23":"first","24":"instock","25":"shipping-taxable","26":"purchasable","27":"product-type-simple"},"yoast_head":"<!-- This site is optimized with the Yoast SEO Premium plugin v21.6 (Yoast SEO v27.4) - https:\/\/yoast.com\/product\/yoast-seo-premium-wordpress\/ -->\n<title>Earthly Body - Hemp Nuddol\u00eda Lavender &#8211; Amina<\/title>\n<meta name=\"robots\" content=\"index, follow, max-snippet:-1, max-image-preview:large, max-video-preview:-1\" \/>\n<link rel=\"canonical\" href=\"https:\/\/amina.is\/en\/verslun\/smur-verjur\/oliurogkrem\/earthly-body-hemp-nuddolia-lavender\/\" \/>\n<meta property=\"og:locale\" content=\"en_US\" \/>\n<meta property=\"og:type\" content=\"article\" \/>\n<meta property=\"og:title\" content=\"Earthly Body - Hemp Nuddol\u00eda Lavender\" \/>\n<meta property=\"og:description\" content=\"Lavender Nuddol\u00eda fr\u00e1 Earthly Body.\" \/>\n<meta property=\"og:url\" content=\"https:\/\/amina.is\/en\/verslun\/smur-verjur\/oliurogkrem\/earthly-body-hemp-nuddolia-lavender\/\" \/>\n<meta property=\"og:site_name\" content=\"Amina\" \/>\n<meta property=\"article:publisher\" content=\"https:\/\/m.facebook.com\/AMINA-100767148840241\/\" \/>\n<meta property=\"article:modified_time\" content=\"2023-02-27T21:41:55+00:00\" \/>\n<meta property=\"og:image\" content=\"https:\/\/amina.is\/wp-content\/uploads\/2021\/03\/hemp-lev.jpg\" \/>\n\t<meta property=\"og:image:width\" content=\"1080\" \/>\n\t<meta property=\"og:image:height\" content=\"1080\" \/>\n\t<meta property=\"og:image:type\" content=\"image\/jpeg\" \/>\n<meta name=\"twitter:card\" content=\"summary_large_image\" \/>\n<meta name=\"twitter:label1\" content=\"Est. reading time\" \/>\n\t<meta name=\"twitter:data1\" content=\"1 minute\" \/>\n<script type=\"application\/ld+json\" class=\"yoast-schema-graph\">{\"@context\":\"https:\\\/\\\/schema.org\",\"@graph\":[{\"@type\":\"WebPage\",\"@id\":\"https:\\\/\\\/amina.is\\\/verslun\\\/smur-verjur\\\/oliurogkrem\\\/earthly-body-hemp-nuddolia-lavender\\\/\",\"url\":\"https:\\\/\\\/amina.is\\\/verslun\\\/smur-verjur\\\/oliurogkrem\\\/earthly-body-hemp-nuddolia-lavender\\\/\",\"name\":\"Earthly Body - Hemp Nuddol\u00eda Lavender &#8211; Amina\",\"isPartOf\":{\"@id\":\"https:\\\/\\\/amina.is\\\/#website\"},\"primaryImageOfPage\":{\"@id\":\"https:\\\/\\\/amina.is\\\/verslun\\\/smur-verjur\\\/oliurogkrem\\\/earthly-body-hemp-nuddolia-lavender\\\/#primaryimage\"},\"image\":{\"@id\":\"https:\\\/\\\/amina.is\\\/verslun\\\/smur-verjur\\\/oliurogkrem\\\/earthly-body-hemp-nuddolia-lavender\\\/#primaryimage\"},\"thumbnailUrl\":\"https:\\\/\\\/amina.is\\\/wp-content\\\/uploads\\\/2021\\\/03\\\/hemp-lev.jpg\",\"datePublished\":\"2021-01-22T15:53:52+00:00\",\"dateModified\":\"2023-02-27T21:41:55+00:00\",\"breadcrumb\":{\"@id\":\"https:\\\/\\\/amina.is\\\/verslun\\\/smur-verjur\\\/oliurogkrem\\\/earthly-body-hemp-nuddolia-lavender\\\/#breadcrumb\"},\"inLanguage\":\"en-US\",\"potentialAction\":[{\"@type\":\"ReadAction\",\"target\":[\"https:\\\/\\\/amina.is\\\/verslun\\\/smur-verjur\\\/oliurogkrem\\\/earthly-body-hemp-nuddolia-lavender\\\/\"]}]},{\"@type\":\"ImageObject\",\"inLanguage\":\"en-US\",\"@id\":\"https:\\\/\\\/amina.is\\\/verslun\\\/smur-verjur\\\/oliurogkrem\\\/earthly-body-hemp-nuddolia-lavender\\\/#primaryimage\",\"url\":\"https:\\\/\\\/amina.is\\\/wp-content\\\/uploads\\\/2021\\\/03\\\/hemp-lev.jpg\",\"contentUrl\":\"https:\\\/\\\/amina.is\\\/wp-content\\\/uploads\\\/2021\\\/03\\\/hemp-lev.jpg\",\"width\":1080,\"height\":1080},{\"@type\":\"BreadcrumbList\",\"@id\":\"https:\\\/\\\/amina.is\\\/verslun\\\/smur-verjur\\\/oliurogkrem\\\/earthly-body-hemp-nuddolia-lavender\\\/#breadcrumb\",\"itemListElement\":[{\"@type\":\"ListItem\",\"position\":1,\"name\":\"Home\",\"item\":\"https:\\\/\\\/amina.is\\\/\"},{\"@type\":\"ListItem\",\"position\":2,\"name\":\"Verslun\",\"item\":\"https:\\\/\\\/amina.is\\\/verslun\\\/\"},{\"@type\":\"ListItem\",\"position\":3,\"name\":\"Earthly Body &#8211; Hemp Nuddol\u00eda Lavender\"}]},{\"@type\":\"WebSite\",\"@id\":\"https:\\\/\\\/amina.is\\\/#website\",\"url\":\"https:\\\/\\\/amina.is\\\/\",\"name\":\"Amina\",\"description\":\"Feeling is everything - Una\u00f0sv\u00f6rur fyrir alla\",\"publisher\":{\"@id\":\"https:\\\/\\\/amina.is\\\/#organization\"},\"potentialAction\":[{\"@type\":\"SearchAction\",\"target\":{\"@type\":\"EntryPoint\",\"urlTemplate\":\"https:\\\/\\\/amina.is\\\/?s={search_term_string}\"},\"query-input\":{\"@type\":\"PropertyValueSpecification\",\"valueRequired\":true,\"valueName\":\"search_term_string\"}}],\"inLanguage\":\"en-US\"},{\"@type\":\"Organization\",\"@id\":\"https:\\\/\\\/amina.is\\\/#organization\",\"name\":\"Amina\",\"url\":\"https:\\\/\\\/amina.is\\\/\",\"logo\":{\"@type\":\"ImageObject\",\"inLanguage\":\"en-US\",\"@id\":\"https:\\\/\\\/amina.is\\\/#\\\/schema\\\/logo\\\/image\\\/\",\"url\":\"https:\\\/\\\/amina.is\\\/wp-content\\\/uploads\\\/2021\\\/09\\\/logo.png\",\"contentUrl\":\"https:\\\/\\\/amina.is\\\/wp-content\\\/uploads\\\/2021\\\/09\\\/logo.png\",\"width\":1790,\"height\":464,\"caption\":\"Amina\"},\"image\":{\"@id\":\"https:\\\/\\\/amina.is\\\/#\\\/schema\\\/logo\\\/image\\\/\"},\"sameAs\":[\"https:\\\/\\\/m.facebook.com\\\/AMINA-100767148840241\\\/\",\"https:\\\/\\\/www.instagram.com\\\/aminaverslun\\\/\"]}]}<\/script>\n<!-- \/ Yoast SEO Premium plugin. -->","yoast_head_json":{"title":"Earthly Body - Hemp Nuddol\u00eda Lavender &#8211; Amina","robots":{"index":"index","follow":"follow","max-snippet":"max-snippet:-1","max-image-preview":"max-image-preview:large","max-video-preview":"max-video-preview:-1"},"canonical":"https:\/\/amina.is\/en\/verslun\/smur-verjur\/oliurogkrem\/earthly-body-hemp-nuddolia-lavender\/","og_locale":"en_US","og_type":"article","og_title":"Earthly Body - Hemp Nuddol\u00eda Lavender","og_description":"Lavender Nuddol\u00eda fr\u00e1 Earthly Body.","og_url":"https:\/\/amina.is\/en\/verslun\/smur-verjur\/oliurogkrem\/earthly-body-hemp-nuddolia-lavender\/","og_site_name":"Amina","article_publisher":"https:\/\/m.facebook.com\/AMINA-100767148840241\/","article_modified_time":"2023-02-27T21:41:55+00:00","og_image":[{"width":1080,"height":1080,"url":"https:\/\/amina.is\/wp-content\/uploads\/2021\/03\/hemp-lev.jpg","type":"image\/jpeg"}],"twitter_card":"summary_large_image","twitter_misc":{"Est. reading time":"1 minute"},"schema":{"@context":"https:\/\/schema.org","@graph":[{"@type":"WebPage","@id":"https:\/\/amina.is\/verslun\/smur-verjur\/oliurogkrem\/earthly-body-hemp-nuddolia-lavender\/","url":"https:\/\/amina.is\/verslun\/smur-verjur\/oliurogkrem\/earthly-body-hemp-nuddolia-lavender\/","name":"Earthly Body - Hemp Nuddol\u00eda Lavender &#8211; Amina","isPartOf":{"@id":"https:\/\/amina.is\/#website"},"primaryImageOfPage":{"@id":"https:\/\/amina.is\/verslun\/smur-verjur\/oliurogkrem\/earthly-body-hemp-nuddolia-lavender\/#primaryimage"},"image":{"@id":"https:\/\/amina.is\/verslun\/smur-verjur\/oliurogkrem\/earthly-body-hemp-nuddolia-lavender\/#primaryimage"},"thumbnailUrl":"https:\/\/amina.is\/wp-content\/uploads\/2021\/03\/hemp-lev.jpg","datePublished":"2021-01-22T15:53:52+00:00","dateModified":"2023-02-27T21:41:55+00:00","breadcrumb":{"@id":"https:\/\/amina.is\/verslun\/smur-verjur\/oliurogkrem\/earthly-body-hemp-nuddolia-lavender\/#breadcrumb"},"inLanguage":"en-US","potentialAction":[{"@type":"ReadAction","target":["https:\/\/amina.is\/verslun\/smur-verjur\/oliurogkrem\/earthly-body-hemp-nuddolia-lavender\/"]}]},{"@type":"ImageObject","inLanguage":"en-US","@id":"https:\/\/amina.is\/verslun\/smur-verjur\/oliurogkrem\/earthly-body-hemp-nuddolia-lavender\/#primaryimage","url":"https:\/\/amina.is\/wp-content\/uploads\/2021\/03\/hemp-lev.jpg","contentUrl":"https:\/\/amina.is\/wp-content\/uploads\/2021\/03\/hemp-lev.jpg","width":1080,"height":1080},{"@type":"BreadcrumbList","@id":"https:\/\/amina.is\/verslun\/smur-verjur\/oliurogkrem\/earthly-body-hemp-nuddolia-lavender\/#breadcrumb","itemListElement":[{"@type":"ListItem","position":1,"name":"Home","item":"https:\/\/amina.is\/"},{"@type":"ListItem","position":2,"name":"Verslun","item":"https:\/\/amina.is\/verslun\/"},{"@type":"ListItem","position":3,"name":"Earthly Body &#8211; Hemp Nuddol\u00eda Lavender"}]},{"@type":"WebSite","@id":"https:\/\/amina.is\/#website","url":"https:\/\/amina.is\/","name":"Amina","description":"Feeling is everything - Una\u00f0sv\u00f6rur fyrir alla","publisher":{"@id":"https:\/\/amina.is\/#organization"},"potentialAction":[{"@type":"SearchAction","target":{"@type":"EntryPoint","urlTemplate":"https:\/\/amina.is\/?s={search_term_string}"},"query-input":{"@type":"PropertyValueSpecification","valueRequired":true,"valueName":"search_term_string"}}],"inLanguage":"en-US"},{"@type":"Organization","@id":"https:\/\/amina.is\/#organization","name":"Amina","url":"https:\/\/amina.is\/","logo":{"@type":"ImageObject","inLanguage":"en-US","@id":"https:\/\/amina.is\/#\/schema\/logo\/image\/","url":"https:\/\/amina.is\/wp-content\/uploads\/2021\/09\/logo.png","contentUrl":"https:\/\/amina.is\/wp-content\/uploads\/2021\/09\/logo.png","width":1790,"height":464,"caption":"Amina"},"image":{"@id":"https:\/\/amina.is\/#\/schema\/logo\/image\/"},"sameAs":["https:\/\/m.facebook.com\/AMINA-100767148840241\/","https:\/\/www.instagram.com\/aminaverslun\/"]}]}},"_links":{"self":[{"href":"https:\/\/amina.is\/en\/wp-json\/wp\/v2\/product\/3064","targetHints":{"allow":["GET"]}}],"collection":[{"href":"https:\/\/amina.is\/en\/wp-json\/wp\/v2\/product"}],"about":[{"href":"https:\/\/amina.is\/en\/wp-json\/wp\/v2\/types\/product"}],"version-history":[{"count":2,"href":"https:\/\/amina.is\/en\/wp-json\/wp\/v2\/product\/3064\/revisions"}],"predecessor-version":[{"id":5277,"href":"https:\/\/amina.is\/en\/wp-json\/wp\/v2\/product\/3064\/revisions\/5277"}],"wp:featuredmedia":[{"embeddable":true,"href":"https:\/\/amina.is\/en\/wp-json\/wp\/v2\/media\/5595"}],"wp:attachment":[{"href":"https:\/\/amina.is\/en\/wp-json\/wp\/v2\/media?parent=3064"}],"wp:term":[{"taxonomy":"product_brand","embeddable":true,"href":"https:\/\/amina.is\/en\/wp-json\/wp\/v2\/product_brand?post=3064"},{"taxonomy":"product_cat","embeddable":true,"href":"https:\/\/amina.is\/en\/wp-json\/wp\/v2\/product_cat?post=3064"},{"taxonomy":"product_tag","embeddable":true,"href":"https:\/\/amina.is\/en\/wp-json\/wp\/v2\/product_tag?post=3064"}],"curies":[{"name":"wp","href":"https:\/\/api.w.org\/{rel}","templated":true}]}}