{"id":3063,"date":"2021-01-22T14:57:09","date_gmt":"2021-01-22T14:57:09","guid":{"rendered":"http:\/\/amina.web14.vefold.is\/?post_type=product&#038;p=3063"},"modified":"2023-02-27T21:44:06","modified_gmt":"2023-02-27T21:44:06","slug":"fever-lingerie-brun-harkolla","status":"publish","type":"product","link":"https:\/\/amina.is\/en\/verslun\/fatnadur\/party\/fever-lingerie-brun-harkolla\/","title":{"rendered":"Fever Lingerie &#8211; Br\u00fan H\u00e1rkolla"},"content":{"rendered":"<h5>G\u00e6\u00f0a H\u00e1rkollur\u00a0fr\u00e1 Fever Lingerie. \u00de\u00e6r \u00deola Sl\u00e9ttuj\u00e1rn (Upp a\u00f0 120 Gr\u00e1\u00f0um) og eru Stillanlegar svo \u00fe\u00e6r Detti S\u00ed\u00f0ur af.<\/h5>\n<p>&nbsp;<\/p>","protected":false},"excerpt":{"rendered":"<p>G\u00e6\u00f0a H\u00e1rkollur\u00a0fr\u00e1 Fever Lingerie.<\/p>","protected":false},"featured_media":5247,"template":"","meta":{"inline_featured_image":false},"product_brand":[],"product_cat":[36,338,196,197,893,892],"product_tag":[220,221,213,212,215,216,223,222,217],"class_list":{"0":"post-3063","1":"product","2":"type-product","3":"status-publish","4":"has-post-thumbnail","6":"product_cat-blaeti","7":"product_cat-dragg","8":"product_cat-fatnadur","9":"product_cat-party","10":"product_cat-spitaliblaeti","11":"product_cat-laeknir","12":"product_tag-brown","13":"product_tag-brunhaerd","14":"product_tag-hair","15":"product_tag-har","16":"product_tag-harkolla","17":"product_tag-kolla","18":"product_tag-long","19":"product_tag-sid","20":"product_tag-wig","22":"first","23":"instock","24":"shipping-taxable","25":"purchasable","26":"product-type-simple"},"yoast_head":"<!-- This site is optimized with the Yoast SEO Premium plugin v21.6 (Yoast SEO v27.3) - https:\/\/yoast.com\/product\/yoast-seo-premium-wordpress\/ -->\n<title>Fever Lingerie - Br\u00fan H\u00e1rkolla &#8211; Amina<\/title>\n<meta name=\"robots\" content=\"index, follow, max-snippet:-1, max-image-preview:large, max-video-preview:-1\" \/>\n<link rel=\"canonical\" href=\"https:\/\/amina.is\/en\/verslun\/fatnadur\/party\/fever-lingerie-brun-harkolla\/\" \/>\n<meta property=\"og:locale\" content=\"en_US\" \/>\n<meta property=\"og:type\" content=\"article\" \/>\n<meta property=\"og:title\" content=\"Fever Lingerie - Br\u00fan H\u00e1rkolla\" \/>\n<meta property=\"og:description\" content=\"G\u00e6\u00f0a H\u00e1rkollur\u00a0fr\u00e1 Fever Lingerie.\" \/>\n<meta property=\"og:url\" content=\"https:\/\/amina.is\/en\/verslun\/fatnadur\/party\/fever-lingerie-brun-harkolla\/\" \/>\n<meta property=\"og:site_name\" content=\"Amina\" \/>\n<meta property=\"article:publisher\" content=\"https:\/\/m.facebook.com\/AMINA-100767148840241\/\" \/>\n<meta property=\"article:modified_time\" content=\"2023-02-27T21:44:06+00:00\" \/>\n<meta property=\"og:image\" content=\"https:\/\/amina.is\/wp-content\/uploads\/2021\/03\/fever-wig-brown-full.jpg\" \/>\n\t<meta property=\"og:image:width\" content=\"795\" \/>\n\t<meta property=\"og:image:height\" content=\"1200\" \/>\n\t<meta property=\"og:image:type\" content=\"image\/jpeg\" \/>\n<meta name=\"twitter:card\" content=\"summary_large_image\" \/>\n<script type=\"application\/ld+json\" class=\"yoast-schema-graph\">{\"@context\":\"https:\\\/\\\/schema.org\",\"@graph\":[{\"@type\":\"WebPage\",\"@id\":\"https:\\\/\\\/amina.is\\\/verslun\\\/fatnadur\\\/party\\\/fever-lingerie-brun-harkolla\\\/\",\"url\":\"https:\\\/\\\/amina.is\\\/verslun\\\/fatnadur\\\/party\\\/fever-lingerie-brun-harkolla\\\/\",\"name\":\"Fever Lingerie - Br\u00fan H\u00e1rkolla &#8211; Amina\",\"isPartOf\":{\"@id\":\"https:\\\/\\\/amina.is\\\/#website\"},\"primaryImageOfPage\":{\"@id\":\"https:\\\/\\\/amina.is\\\/verslun\\\/fatnadur\\\/party\\\/fever-lingerie-brun-harkolla\\\/#primaryimage\"},\"image\":{\"@id\":\"https:\\\/\\\/amina.is\\\/verslun\\\/fatnadur\\\/party\\\/fever-lingerie-brun-harkolla\\\/#primaryimage\"},\"thumbnailUrl\":\"https:\\\/\\\/amina.is\\\/wp-content\\\/uploads\\\/2021\\\/03\\\/fever-wig-brown-full.jpg\",\"datePublished\":\"2021-01-22T14:57:09+00:00\",\"dateModified\":\"2023-02-27T21:44:06+00:00\",\"breadcrumb\":{\"@id\":\"https:\\\/\\\/amina.is\\\/verslun\\\/fatnadur\\\/party\\\/fever-lingerie-brun-harkolla\\\/#breadcrumb\"},\"inLanguage\":\"en-US\",\"potentialAction\":[{\"@type\":\"ReadAction\",\"target\":[\"https:\\\/\\\/amina.is\\\/verslun\\\/fatnadur\\\/party\\\/fever-lingerie-brun-harkolla\\\/\"]}]},{\"@type\":\"ImageObject\",\"inLanguage\":\"en-US\",\"@id\":\"https:\\\/\\\/amina.is\\\/verslun\\\/fatnadur\\\/party\\\/fever-lingerie-brun-harkolla\\\/#primaryimage\",\"url\":\"https:\\\/\\\/amina.is\\\/wp-content\\\/uploads\\\/2021\\\/03\\\/fever-wig-brown-full.jpg\",\"contentUrl\":\"https:\\\/\\\/amina.is\\\/wp-content\\\/uploads\\\/2021\\\/03\\\/fever-wig-brown-full.jpg\",\"width\":795,\"height\":1200},{\"@type\":\"BreadcrumbList\",\"@id\":\"https:\\\/\\\/amina.is\\\/verslun\\\/fatnadur\\\/party\\\/fever-lingerie-brun-harkolla\\\/#breadcrumb\",\"itemListElement\":[{\"@type\":\"ListItem\",\"position\":1,\"name\":\"Home\",\"item\":\"https:\\\/\\\/amina.is\\\/\"},{\"@type\":\"ListItem\",\"position\":2,\"name\":\"Verslun\",\"item\":\"https:\\\/\\\/amina.is\\\/verslun\\\/\"},{\"@type\":\"ListItem\",\"position\":3,\"name\":\"Fever Lingerie &#8211; Br\u00fan H\u00e1rkolla\"}]},{\"@type\":\"WebSite\",\"@id\":\"https:\\\/\\\/amina.is\\\/#website\",\"url\":\"https:\\\/\\\/amina.is\\\/\",\"name\":\"Amina\",\"description\":\"Feeling is everything - Una\u00f0sv\u00f6rur fyrir alla\",\"publisher\":{\"@id\":\"https:\\\/\\\/amina.is\\\/#organization\"},\"potentialAction\":[{\"@type\":\"SearchAction\",\"target\":{\"@type\":\"EntryPoint\",\"urlTemplate\":\"https:\\\/\\\/amina.is\\\/?s={search_term_string}\"},\"query-input\":{\"@type\":\"PropertyValueSpecification\",\"valueRequired\":true,\"valueName\":\"search_term_string\"}}],\"inLanguage\":\"en-US\"},{\"@type\":\"Organization\",\"@id\":\"https:\\\/\\\/amina.is\\\/#organization\",\"name\":\"Amina\",\"url\":\"https:\\\/\\\/amina.is\\\/\",\"logo\":{\"@type\":\"ImageObject\",\"inLanguage\":\"en-US\",\"@id\":\"https:\\\/\\\/amina.is\\\/#\\\/schema\\\/logo\\\/image\\\/\",\"url\":\"https:\\\/\\\/amina.is\\\/wp-content\\\/uploads\\\/2021\\\/09\\\/logo.png\",\"contentUrl\":\"https:\\\/\\\/amina.is\\\/wp-content\\\/uploads\\\/2021\\\/09\\\/logo.png\",\"width\":1790,\"height\":464,\"caption\":\"Amina\"},\"image\":{\"@id\":\"https:\\\/\\\/amina.is\\\/#\\\/schema\\\/logo\\\/image\\\/\"},\"sameAs\":[\"https:\\\/\\\/m.facebook.com\\\/AMINA-100767148840241\\\/\",\"https:\\\/\\\/www.instagram.com\\\/aminaverslun\\\/\"]}]}<\/script>\n<!-- \/ Yoast SEO Premium plugin. -->","yoast_head_json":{"title":"Fever Lingerie - Br\u00fan H\u00e1rkolla &#8211; Amina","robots":{"index":"index","follow":"follow","max-snippet":"max-snippet:-1","max-image-preview":"max-image-preview:large","max-video-preview":"max-video-preview:-1"},"canonical":"https:\/\/amina.is\/en\/verslun\/fatnadur\/party\/fever-lingerie-brun-harkolla\/","og_locale":"en_US","og_type":"article","og_title":"Fever Lingerie - Br\u00fan H\u00e1rkolla","og_description":"G\u00e6\u00f0a H\u00e1rkollur\u00a0fr\u00e1 Fever Lingerie.","og_url":"https:\/\/amina.is\/en\/verslun\/fatnadur\/party\/fever-lingerie-brun-harkolla\/","og_site_name":"Amina","article_publisher":"https:\/\/m.facebook.com\/AMINA-100767148840241\/","article_modified_time":"2023-02-27T21:44:06+00:00","og_image":[{"width":795,"height":1200,"url":"https:\/\/amina.is\/wp-content\/uploads\/2021\/03\/fever-wig-brown-full.jpg","type":"image\/jpeg"}],"twitter_card":"summary_large_image","schema":{"@context":"https:\/\/schema.org","@graph":[{"@type":"WebPage","@id":"https:\/\/amina.is\/verslun\/fatnadur\/party\/fever-lingerie-brun-harkolla\/","url":"https:\/\/amina.is\/verslun\/fatnadur\/party\/fever-lingerie-brun-harkolla\/","name":"Fever Lingerie - Br\u00fan H\u00e1rkolla &#8211; Amina","isPartOf":{"@id":"https:\/\/amina.is\/#website"},"primaryImageOfPage":{"@id":"https:\/\/amina.is\/verslun\/fatnadur\/party\/fever-lingerie-brun-harkolla\/#primaryimage"},"image":{"@id":"https:\/\/amina.is\/verslun\/fatnadur\/party\/fever-lingerie-brun-harkolla\/#primaryimage"},"thumbnailUrl":"https:\/\/amina.is\/wp-content\/uploads\/2021\/03\/fever-wig-brown-full.jpg","datePublished":"2021-01-22T14:57:09+00:00","dateModified":"2023-02-27T21:44:06+00:00","breadcrumb":{"@id":"https:\/\/amina.is\/verslun\/fatnadur\/party\/fever-lingerie-brun-harkolla\/#breadcrumb"},"inLanguage":"en-US","potentialAction":[{"@type":"ReadAction","target":["https:\/\/amina.is\/verslun\/fatnadur\/party\/fever-lingerie-brun-harkolla\/"]}]},{"@type":"ImageObject","inLanguage":"en-US","@id":"https:\/\/amina.is\/verslun\/fatnadur\/party\/fever-lingerie-brun-harkolla\/#primaryimage","url":"https:\/\/amina.is\/wp-content\/uploads\/2021\/03\/fever-wig-brown-full.jpg","contentUrl":"https:\/\/amina.is\/wp-content\/uploads\/2021\/03\/fever-wig-brown-full.jpg","width":795,"height":1200},{"@type":"BreadcrumbList","@id":"https:\/\/amina.is\/verslun\/fatnadur\/party\/fever-lingerie-brun-harkolla\/#breadcrumb","itemListElement":[{"@type":"ListItem","position":1,"name":"Home","item":"https:\/\/amina.is\/"},{"@type":"ListItem","position":2,"name":"Verslun","item":"https:\/\/amina.is\/verslun\/"},{"@type":"ListItem","position":3,"name":"Fever Lingerie &#8211; Br\u00fan H\u00e1rkolla"}]},{"@type":"WebSite","@id":"https:\/\/amina.is\/#website","url":"https:\/\/amina.is\/","name":"Amina","description":"Feeling is everything - Una\u00f0sv\u00f6rur fyrir alla","publisher":{"@id":"https:\/\/amina.is\/#organization"},"potentialAction":[{"@type":"SearchAction","target":{"@type":"EntryPoint","urlTemplate":"https:\/\/amina.is\/?s={search_term_string}"},"query-input":{"@type":"PropertyValueSpecification","valueRequired":true,"valueName":"search_term_string"}}],"inLanguage":"en-US"},{"@type":"Organization","@id":"https:\/\/amina.is\/#organization","name":"Amina","url":"https:\/\/amina.is\/","logo":{"@type":"ImageObject","inLanguage":"en-US","@id":"https:\/\/amina.is\/#\/schema\/logo\/image\/","url":"https:\/\/amina.is\/wp-content\/uploads\/2021\/09\/logo.png","contentUrl":"https:\/\/amina.is\/wp-content\/uploads\/2021\/09\/logo.png","width":1790,"height":464,"caption":"Amina"},"image":{"@id":"https:\/\/amina.is\/#\/schema\/logo\/image\/"},"sameAs":["https:\/\/m.facebook.com\/AMINA-100767148840241\/","https:\/\/www.instagram.com\/aminaverslun\/"]}]}},"_links":{"self":[{"href":"https:\/\/amina.is\/en\/wp-json\/wp\/v2\/product\/3063","targetHints":{"allow":["GET"]}}],"collection":[{"href":"https:\/\/amina.is\/en\/wp-json\/wp\/v2\/product"}],"about":[{"href":"https:\/\/amina.is\/en\/wp-json\/wp\/v2\/types\/product"}],"version-history":[{"count":1,"href":"https:\/\/amina.is\/en\/wp-json\/wp\/v2\/product\/3063\/revisions"}],"predecessor-version":[{"id":5282,"href":"https:\/\/amina.is\/en\/wp-json\/wp\/v2\/product\/3063\/revisions\/5282"}],"wp:featuredmedia":[{"embeddable":true,"href":"https:\/\/amina.is\/en\/wp-json\/wp\/v2\/media\/5247"}],"wp:attachment":[{"href":"https:\/\/amina.is\/en\/wp-json\/wp\/v2\/media?parent=3063"}],"wp:term":[{"taxonomy":"product_brand","embeddable":true,"href":"https:\/\/amina.is\/en\/wp-json\/wp\/v2\/product_brand?post=3063"},{"taxonomy":"product_cat","embeddable":true,"href":"https:\/\/amina.is\/en\/wp-json\/wp\/v2\/product_cat?post=3063"},{"taxonomy":"product_tag","embeddable":true,"href":"https:\/\/amina.is\/en\/wp-json\/wp\/v2\/product_tag?post=3063"}],"curies":[{"name":"wp","href":"https:\/\/api.w.org\/{rel}","templated":true}]}}