{"id":3027,"date":"2021-01-15T22:20:01","date_gmt":"2021-01-15T22:20:01","guid":{"rendered":"http:\/\/amina.web14.vefold.is\/?post_type=product&#038;p=3027"},"modified":"2025-12-15T08:48:27","modified_gmt":"2025-12-15T08:48:27","slug":"calvin-klein-active-mesh-hip-brief","status":"publish","type":"product","link":"https:\/\/amina.is\/en\/verslun\/fatnadur\/naerfot-herra\/naerfoth\/calvin-klein-active-mesh-hip-brief\/","title":{"rendered":"Calvin Klein Active Mesh Hip Brief"},"content":{"rendered":"<h5>Einstaklega \u00fe\u00e6gilegar og flottar n\u00e6rbuxur fr\u00e1 Calvin Klein. Vi\u00f0 m\u00e6lum hiklaust me\u00f0 \u00feessari v\u00f6ru.<\/h5>\n<h5>84% Cotton 16% Elastane (Hli\u00f0ar: 84% Cotton, 14% Elastane, 2% Nylon) Made in Egypt.<\/h5>","protected":false},"excerpt":{"rendered":"<p>Einstaklega \u00fe\u00e6gilegar og flottar n\u00e6rbuxur fr\u00e1 Calvin Klein.<\/p>","protected":false},"featured_media":5603,"template":"","meta":{"inline_featured_image":false},"product_brand":[],"product_cat":[196,340,889],"product_tag":[75,118,200,198,185,199,763,180,181],"class_list":{"0":"post-3027","1":"product","2":"type-product","3":"status-publish","4":"has-post-thumbnail","6":"product_cat-fatnadur","7":"product_cat-naerfot-herra","8":"product_cat-naerfoth","9":"product_tag-blar","10":"product_tag-blatt","11":"product_tag-blue","12":"product_tag-brief","13":"product_tag-calvin-klein","14":"product_tag-mesh","15":"product_tag-naerbuxur","16":"product_tag-naerfot","17":"product_tag-undirfot","19":"first","20":"instock","21":"sale","22":"shipping-taxable","23":"purchasable","24":"product-type-variable"},"yoast_head":"<!-- This site is optimized with the Yoast SEO Premium plugin v21.6 (Yoast SEO v27.4) - https:\/\/yoast.com\/product\/yoast-seo-premium-wordpress\/ -->\n<title>Calvin Klein Active Mesh Hip Brief &#8211; Amina<\/title>\n<meta name=\"description\" content=\"Einstaklega \u00fe\u00e6gilegar og flottar n\u00e6rbuxur fr\u00e1 Calvin Klein.\" \/>\n<meta name=\"robots\" content=\"index, follow, max-snippet:-1, max-image-preview:large, max-video-preview:-1\" \/>\n<link rel=\"canonical\" href=\"https:\/\/amina.is\/en\/verslun\/fatnadur\/naerfot-herra\/naerfoth\/calvin-klein-active-mesh-hip-brief\/\" \/>\n<meta property=\"og:locale\" content=\"en_US\" \/>\n<meta property=\"og:type\" content=\"article\" \/>\n<meta property=\"og:title\" content=\"Calvin Klein Active Mesh Hip Brief\" \/>\n<meta property=\"og:description\" content=\"Einstaklega \u00fe\u00e6gilegar og flottar n\u00e6rbuxur fr\u00e1 Calvin Klein.\" \/>\n<meta property=\"og:url\" content=\"https:\/\/amina.is\/en\/verslun\/fatnadur\/naerfot-herra\/naerfoth\/calvin-klein-active-mesh-hip-brief\/\" \/>\n<meta property=\"og:site_name\" content=\"Amina\" \/>\n<meta property=\"article:publisher\" content=\"https:\/\/m.facebook.com\/AMINA-100767148840241\/\" \/>\n<meta property=\"article:modified_time\" content=\"2025-12-15T08:48:27+00:00\" \/>\n<meta property=\"og:image\" content=\"https:\/\/amina.is\/wp-content\/uploads\/2021\/01\/ck-mesh-blue.jpg\" \/>\n\t<meta property=\"og:image:width\" content=\"900\" \/>\n\t<meta property=\"og:image:height\" content=\"900\" \/>\n\t<meta property=\"og:image:type\" content=\"image\/jpeg\" \/>\n<meta name=\"twitter:card\" content=\"summary_large_image\" \/>\n<meta name=\"twitter:label1\" content=\"Est. reading time\" \/>\n\t<meta name=\"twitter:data1\" content=\"1 minute\" \/>\n<script type=\"application\/ld+json\" class=\"yoast-schema-graph\">{\"@context\":\"https:\\\/\\\/schema.org\",\"@graph\":[{\"@type\":\"WebPage\",\"@id\":\"https:\\\/\\\/amina.is\\\/verslun\\\/fatnadur\\\/naerfot-herra\\\/naerfoth\\\/calvin-klein-active-mesh-hip-brief\\\/\",\"url\":\"https:\\\/\\\/amina.is\\\/verslun\\\/fatnadur\\\/naerfot-herra\\\/naerfoth\\\/calvin-klein-active-mesh-hip-brief\\\/\",\"name\":\"Calvin Klein Active Mesh Hip Brief &#8211; Amina\",\"isPartOf\":{\"@id\":\"https:\\\/\\\/amina.is\\\/#website\"},\"primaryImageOfPage\":{\"@id\":\"https:\\\/\\\/amina.is\\\/verslun\\\/fatnadur\\\/naerfot-herra\\\/naerfoth\\\/calvin-klein-active-mesh-hip-brief\\\/#primaryimage\"},\"image\":{\"@id\":\"https:\\\/\\\/amina.is\\\/verslun\\\/fatnadur\\\/naerfot-herra\\\/naerfoth\\\/calvin-klein-active-mesh-hip-brief\\\/#primaryimage\"},\"thumbnailUrl\":\"https:\\\/\\\/amina.is\\\/wp-content\\\/uploads\\\/2021\\\/01\\\/ck-mesh-blue.jpg\",\"datePublished\":\"2021-01-15T22:20:01+00:00\",\"dateModified\":\"2025-12-15T08:48:27+00:00\",\"description\":\"Einstaklega \u00fe\u00e6gilegar og flottar n\u00e6rbuxur fr\u00e1 Calvin Klein.\",\"breadcrumb\":{\"@id\":\"https:\\\/\\\/amina.is\\\/verslun\\\/fatnadur\\\/naerfot-herra\\\/naerfoth\\\/calvin-klein-active-mesh-hip-brief\\\/#breadcrumb\"},\"inLanguage\":\"en-US\",\"potentialAction\":[{\"@type\":\"ReadAction\",\"target\":[\"https:\\\/\\\/amina.is\\\/verslun\\\/fatnadur\\\/naerfot-herra\\\/naerfoth\\\/calvin-klein-active-mesh-hip-brief\\\/\"]}]},{\"@type\":\"ImageObject\",\"inLanguage\":\"en-US\",\"@id\":\"https:\\\/\\\/amina.is\\\/verslun\\\/fatnadur\\\/naerfot-herra\\\/naerfoth\\\/calvin-klein-active-mesh-hip-brief\\\/#primaryimage\",\"url\":\"https:\\\/\\\/amina.is\\\/wp-content\\\/uploads\\\/2021\\\/01\\\/ck-mesh-blue.jpg\",\"contentUrl\":\"https:\\\/\\\/amina.is\\\/wp-content\\\/uploads\\\/2021\\\/01\\\/ck-mesh-blue.jpg\",\"width\":900,\"height\":900},{\"@type\":\"BreadcrumbList\",\"@id\":\"https:\\\/\\\/amina.is\\\/verslun\\\/fatnadur\\\/naerfot-herra\\\/naerfoth\\\/calvin-klein-active-mesh-hip-brief\\\/#breadcrumb\",\"itemListElement\":[{\"@type\":\"ListItem\",\"position\":1,\"name\":\"Home\",\"item\":\"https:\\\/\\\/amina.is\\\/\"},{\"@type\":\"ListItem\",\"position\":2,\"name\":\"Verslun\",\"item\":\"https:\\\/\\\/amina.is\\\/verslun\\\/\"},{\"@type\":\"ListItem\",\"position\":3,\"name\":\"Calvin Klein Active Mesh Hip Brief\"}]},{\"@type\":\"WebSite\",\"@id\":\"https:\\\/\\\/amina.is\\\/#website\",\"url\":\"https:\\\/\\\/amina.is\\\/\",\"name\":\"Amina\",\"description\":\"Feeling is everything - Una\u00f0sv\u00f6rur fyrir alla\",\"publisher\":{\"@id\":\"https:\\\/\\\/amina.is\\\/#organization\"},\"potentialAction\":[{\"@type\":\"SearchAction\",\"target\":{\"@type\":\"EntryPoint\",\"urlTemplate\":\"https:\\\/\\\/amina.is\\\/?s={search_term_string}\"},\"query-input\":{\"@type\":\"PropertyValueSpecification\",\"valueRequired\":true,\"valueName\":\"search_term_string\"}}],\"inLanguage\":\"en-US\"},{\"@type\":\"Organization\",\"@id\":\"https:\\\/\\\/amina.is\\\/#organization\",\"name\":\"Amina\",\"url\":\"https:\\\/\\\/amina.is\\\/\",\"logo\":{\"@type\":\"ImageObject\",\"inLanguage\":\"en-US\",\"@id\":\"https:\\\/\\\/amina.is\\\/#\\\/schema\\\/logo\\\/image\\\/\",\"url\":\"https:\\\/\\\/amina.is\\\/wp-content\\\/uploads\\\/2021\\\/09\\\/logo.png\",\"contentUrl\":\"https:\\\/\\\/amina.is\\\/wp-content\\\/uploads\\\/2021\\\/09\\\/logo.png\",\"width\":1790,\"height\":464,\"caption\":\"Amina\"},\"image\":{\"@id\":\"https:\\\/\\\/amina.is\\\/#\\\/schema\\\/logo\\\/image\\\/\"},\"sameAs\":[\"https:\\\/\\\/m.facebook.com\\\/AMINA-100767148840241\\\/\",\"https:\\\/\\\/www.instagram.com\\\/aminaverslun\\\/\"]}]}<\/script>\n<!-- \/ Yoast SEO Premium plugin. -->","yoast_head_json":{"title":"Calvin Klein Active Mesh Hip Brief &#8211; Amina","description":"Einstaklega \u00fe\u00e6gilegar og flottar n\u00e6rbuxur fr\u00e1 Calvin Klein.","robots":{"index":"index","follow":"follow","max-snippet":"max-snippet:-1","max-image-preview":"max-image-preview:large","max-video-preview":"max-video-preview:-1"},"canonical":"https:\/\/amina.is\/en\/verslun\/fatnadur\/naerfot-herra\/naerfoth\/calvin-klein-active-mesh-hip-brief\/","og_locale":"en_US","og_type":"article","og_title":"Calvin Klein Active Mesh Hip Brief","og_description":"Einstaklega \u00fe\u00e6gilegar og flottar n\u00e6rbuxur fr\u00e1 Calvin Klein.","og_url":"https:\/\/amina.is\/en\/verslun\/fatnadur\/naerfot-herra\/naerfoth\/calvin-klein-active-mesh-hip-brief\/","og_site_name":"Amina","article_publisher":"https:\/\/m.facebook.com\/AMINA-100767148840241\/","article_modified_time":"2025-12-15T08:48:27+00:00","og_image":[{"width":900,"height":900,"url":"https:\/\/amina.is\/wp-content\/uploads\/2021\/01\/ck-mesh-blue.jpg","type":"image\/jpeg"}],"twitter_card":"summary_large_image","twitter_misc":{"Est. reading time":"1 minute"},"schema":{"@context":"https:\/\/schema.org","@graph":[{"@type":"WebPage","@id":"https:\/\/amina.is\/verslun\/fatnadur\/naerfot-herra\/naerfoth\/calvin-klein-active-mesh-hip-brief\/","url":"https:\/\/amina.is\/verslun\/fatnadur\/naerfot-herra\/naerfoth\/calvin-klein-active-mesh-hip-brief\/","name":"Calvin Klein Active Mesh Hip Brief &#8211; Amina","isPartOf":{"@id":"https:\/\/amina.is\/#website"},"primaryImageOfPage":{"@id":"https:\/\/amina.is\/verslun\/fatnadur\/naerfot-herra\/naerfoth\/calvin-klein-active-mesh-hip-brief\/#primaryimage"},"image":{"@id":"https:\/\/amina.is\/verslun\/fatnadur\/naerfot-herra\/naerfoth\/calvin-klein-active-mesh-hip-brief\/#primaryimage"},"thumbnailUrl":"https:\/\/amina.is\/wp-content\/uploads\/2021\/01\/ck-mesh-blue.jpg","datePublished":"2021-01-15T22:20:01+00:00","dateModified":"2025-12-15T08:48:27+00:00","description":"Einstaklega \u00fe\u00e6gilegar og flottar n\u00e6rbuxur fr\u00e1 Calvin Klein.","breadcrumb":{"@id":"https:\/\/amina.is\/verslun\/fatnadur\/naerfot-herra\/naerfoth\/calvin-klein-active-mesh-hip-brief\/#breadcrumb"},"inLanguage":"en-US","potentialAction":[{"@type":"ReadAction","target":["https:\/\/amina.is\/verslun\/fatnadur\/naerfot-herra\/naerfoth\/calvin-klein-active-mesh-hip-brief\/"]}]},{"@type":"ImageObject","inLanguage":"en-US","@id":"https:\/\/amina.is\/verslun\/fatnadur\/naerfot-herra\/naerfoth\/calvin-klein-active-mesh-hip-brief\/#primaryimage","url":"https:\/\/amina.is\/wp-content\/uploads\/2021\/01\/ck-mesh-blue.jpg","contentUrl":"https:\/\/amina.is\/wp-content\/uploads\/2021\/01\/ck-mesh-blue.jpg","width":900,"height":900},{"@type":"BreadcrumbList","@id":"https:\/\/amina.is\/verslun\/fatnadur\/naerfot-herra\/naerfoth\/calvin-klein-active-mesh-hip-brief\/#breadcrumb","itemListElement":[{"@type":"ListItem","position":1,"name":"Home","item":"https:\/\/amina.is\/"},{"@type":"ListItem","position":2,"name":"Verslun","item":"https:\/\/amina.is\/verslun\/"},{"@type":"ListItem","position":3,"name":"Calvin Klein Active Mesh Hip Brief"}]},{"@type":"WebSite","@id":"https:\/\/amina.is\/#website","url":"https:\/\/amina.is\/","name":"Amina","description":"Feeling is everything - Una\u00f0sv\u00f6rur fyrir alla","publisher":{"@id":"https:\/\/amina.is\/#organization"},"potentialAction":[{"@type":"SearchAction","target":{"@type":"EntryPoint","urlTemplate":"https:\/\/amina.is\/?s={search_term_string}"},"query-input":{"@type":"PropertyValueSpecification","valueRequired":true,"valueName":"search_term_string"}}],"inLanguage":"en-US"},{"@type":"Organization","@id":"https:\/\/amina.is\/#organization","name":"Amina","url":"https:\/\/amina.is\/","logo":{"@type":"ImageObject","inLanguage":"en-US","@id":"https:\/\/amina.is\/#\/schema\/logo\/image\/","url":"https:\/\/amina.is\/wp-content\/uploads\/2021\/09\/logo.png","contentUrl":"https:\/\/amina.is\/wp-content\/uploads\/2021\/09\/logo.png","width":1790,"height":464,"caption":"Amina"},"image":{"@id":"https:\/\/amina.is\/#\/schema\/logo\/image\/"},"sameAs":["https:\/\/m.facebook.com\/AMINA-100767148840241\/","https:\/\/www.instagram.com\/aminaverslun\/"]}]}},"_links":{"self":[{"href":"https:\/\/amina.is\/en\/wp-json\/wp\/v2\/product\/3027","targetHints":{"allow":["GET"]}}],"collection":[{"href":"https:\/\/amina.is\/en\/wp-json\/wp\/v2\/product"}],"about":[{"href":"https:\/\/amina.is\/en\/wp-json\/wp\/v2\/types\/product"}],"version-history":[{"count":2,"href":"https:\/\/amina.is\/en\/wp-json\/wp\/v2\/product\/3027\/revisions"}],"predecessor-version":[{"id":5291,"href":"https:\/\/amina.is\/en\/wp-json\/wp\/v2\/product\/3027\/revisions\/5291"}],"wp:featuredmedia":[{"embeddable":true,"href":"https:\/\/amina.is\/en\/wp-json\/wp\/v2\/media\/5603"}],"wp:attachment":[{"href":"https:\/\/amina.is\/en\/wp-json\/wp\/v2\/media?parent=3027"}],"wp:term":[{"taxonomy":"product_brand","embeddable":true,"href":"https:\/\/amina.is\/en\/wp-json\/wp\/v2\/product_brand?post=3027"},{"taxonomy":"product_cat","embeddable":true,"href":"https:\/\/amina.is\/en\/wp-json\/wp\/v2\/product_cat?post=3027"},{"taxonomy":"product_tag","embeddable":true,"href":"https:\/\/amina.is\/en\/wp-json\/wp\/v2\/product_tag?post=3027"}],"curies":[{"name":"wp","href":"https:\/\/api.w.org\/{rel}","templated":true}]}}