{"id":2771,"date":"2021-01-03T20:47:48","date_gmt":"2021-01-03T20:47:48","guid":{"rendered":"http:\/\/amina.web14.vefold.is\/?post_type=product&#038;p=2771"},"modified":"2024-01-13T20:13:44","modified_gmt":"2024-01-13T20:13:44","slug":"naughty-confetti-dona-confetti","status":"publish","type":"product","link":"https:\/\/amina.is\/en\/verslun\/fatnadur\/party\/naughty-confetti-dona-confetti\/","title":{"rendered":"Naughty Confetti * D\u00f3na Confetti"},"content":{"rendered":"<h5>\u00deessi poki inniheldur hvorki meira n\u00e9 minna en 15gr. af confetti typpum \u00ed fj\u00f3rum metallic litum. Rau\u00f0um, fj\u00f3lubl\u00e1um, bl\u00e1um og bleikum.<\/h5>","protected":false},"excerpt":{"rendered":"<p>Confetti Typpi \u00ed fj\u00f3rum mismunandi litum.<\/p>","protected":false},"featured_media":5300,"template":"","meta":{"inline_featured_image":false},"product_brand":[],"product_cat":[197],"product_tag":[148,147,145,135,136,110,137,149,146,140,65,138],"class_list":{"0":"post-2771","1":"product","2":"type-product","3":"status-publish","4":"has-post-thumbnail","6":"product_cat-party","7":"product_tag-afmaeli","8":"product_tag-aramot","9":"product_tag-confetti","10":"product_tag-gaes","11":"product_tag-gaesa","12":"product_tag-gaesun","13":"product_tag-party","14":"product_tag-skraut","15":"product_tag-steggjun","16":"product_tag-steggur","17":"product_tag-typpi","18":"product_tag-veisla","20":"first","21":"instock","22":"sale","23":"shipping-taxable","24":"purchasable","25":"product-type-simple"},"yoast_head":"<!-- This site is optimized with the Yoast SEO Premium plugin v21.6 (Yoast SEO v27.3) - https:\/\/yoast.com\/product\/yoast-seo-premium-wordpress\/ -->\n<title>Naughty Confetti * D\u00f3na Confetti &#8211; Amina<\/title>\n<meta name=\"robots\" content=\"index, follow, max-snippet:-1, max-image-preview:large, max-video-preview:-1\" \/>\n<link rel=\"canonical\" href=\"https:\/\/amina.is\/en\/verslun\/fatnadur\/party\/naughty-confetti-dona-confetti\/\" \/>\n<meta property=\"og:locale\" content=\"en_US\" \/>\n<meta property=\"og:type\" content=\"article\" \/>\n<meta property=\"og:title\" content=\"Naughty Confetti * D\u00f3na Confetti\" \/>\n<meta property=\"og:description\" content=\"Confetti Typpi \u00ed fj\u00f3rum mismunandi litum.\" \/>\n<meta property=\"og:url\" content=\"https:\/\/amina.is\/en\/verslun\/fatnadur\/party\/naughty-confetti-dona-confetti\/\" \/>\n<meta property=\"og:site_name\" content=\"Amina\" \/>\n<meta property=\"article:publisher\" content=\"https:\/\/m.facebook.com\/AMINA-100767148840241\/\" \/>\n<meta property=\"article:modified_time\" content=\"2024-01-13T20:13:44+00:00\" \/>\n<meta property=\"og:image\" content=\"https:\/\/amina.is\/wp-content\/uploads\/2021\/01\/naughty-confetti.jpg\" \/>\n\t<meta property=\"og:image:width\" content=\"1080\" \/>\n\t<meta property=\"og:image:height\" content=\"1080\" \/>\n\t<meta property=\"og:image:type\" content=\"image\/jpeg\" \/>\n<meta name=\"twitter:card\" content=\"summary_large_image\" \/>\n<script type=\"application\/ld+json\" class=\"yoast-schema-graph\">{\"@context\":\"https:\\\/\\\/schema.org\",\"@graph\":[{\"@type\":\"WebPage\",\"@id\":\"https:\\\/\\\/amina.is\\\/verslun\\\/fatnadur\\\/party\\\/naughty-confetti-dona-confetti\\\/\",\"url\":\"https:\\\/\\\/amina.is\\\/verslun\\\/fatnadur\\\/party\\\/naughty-confetti-dona-confetti\\\/\",\"name\":\"Naughty Confetti * D\u00f3na Confetti &#8211; Amina\",\"isPartOf\":{\"@id\":\"https:\\\/\\\/amina.is\\\/#website\"},\"primaryImageOfPage\":{\"@id\":\"https:\\\/\\\/amina.is\\\/verslun\\\/fatnadur\\\/party\\\/naughty-confetti-dona-confetti\\\/#primaryimage\"},\"image\":{\"@id\":\"https:\\\/\\\/amina.is\\\/verslun\\\/fatnadur\\\/party\\\/naughty-confetti-dona-confetti\\\/#primaryimage\"},\"thumbnailUrl\":\"https:\\\/\\\/amina.is\\\/wp-content\\\/uploads\\\/2021\\\/01\\\/naughty-confetti.jpg\",\"datePublished\":\"2021-01-03T20:47:48+00:00\",\"dateModified\":\"2024-01-13T20:13:44+00:00\",\"breadcrumb\":{\"@id\":\"https:\\\/\\\/amina.is\\\/verslun\\\/fatnadur\\\/party\\\/naughty-confetti-dona-confetti\\\/#breadcrumb\"},\"inLanguage\":\"en-US\",\"potentialAction\":[{\"@type\":\"ReadAction\",\"target\":[\"https:\\\/\\\/amina.is\\\/verslun\\\/fatnadur\\\/party\\\/naughty-confetti-dona-confetti\\\/\"]}]},{\"@type\":\"ImageObject\",\"inLanguage\":\"en-US\",\"@id\":\"https:\\\/\\\/amina.is\\\/verslun\\\/fatnadur\\\/party\\\/naughty-confetti-dona-confetti\\\/#primaryimage\",\"url\":\"https:\\\/\\\/amina.is\\\/wp-content\\\/uploads\\\/2021\\\/01\\\/naughty-confetti.jpg\",\"contentUrl\":\"https:\\\/\\\/amina.is\\\/wp-content\\\/uploads\\\/2021\\\/01\\\/naughty-confetti.jpg\",\"width\":1080,\"height\":1080},{\"@type\":\"BreadcrumbList\",\"@id\":\"https:\\\/\\\/amina.is\\\/verslun\\\/fatnadur\\\/party\\\/naughty-confetti-dona-confetti\\\/#breadcrumb\",\"itemListElement\":[{\"@type\":\"ListItem\",\"position\":1,\"name\":\"Home\",\"item\":\"https:\\\/\\\/amina.is\\\/\"},{\"@type\":\"ListItem\",\"position\":2,\"name\":\"Verslun\",\"item\":\"https:\\\/\\\/amina.is\\\/verslun\\\/\"},{\"@type\":\"ListItem\",\"position\":3,\"name\":\"Naughty Confetti * D\u00f3na Confetti\"}]},{\"@type\":\"WebSite\",\"@id\":\"https:\\\/\\\/amina.is\\\/#website\",\"url\":\"https:\\\/\\\/amina.is\\\/\",\"name\":\"Amina\",\"description\":\"Feeling is everything - Una\u00f0sv\u00f6rur fyrir alla\",\"publisher\":{\"@id\":\"https:\\\/\\\/amina.is\\\/#organization\"},\"potentialAction\":[{\"@type\":\"SearchAction\",\"target\":{\"@type\":\"EntryPoint\",\"urlTemplate\":\"https:\\\/\\\/amina.is\\\/?s={search_term_string}\"},\"query-input\":{\"@type\":\"PropertyValueSpecification\",\"valueRequired\":true,\"valueName\":\"search_term_string\"}}],\"inLanguage\":\"en-US\"},{\"@type\":\"Organization\",\"@id\":\"https:\\\/\\\/amina.is\\\/#organization\",\"name\":\"Amina\",\"url\":\"https:\\\/\\\/amina.is\\\/\",\"logo\":{\"@type\":\"ImageObject\",\"inLanguage\":\"en-US\",\"@id\":\"https:\\\/\\\/amina.is\\\/#\\\/schema\\\/logo\\\/image\\\/\",\"url\":\"https:\\\/\\\/amina.is\\\/wp-content\\\/uploads\\\/2021\\\/09\\\/logo.png\",\"contentUrl\":\"https:\\\/\\\/amina.is\\\/wp-content\\\/uploads\\\/2021\\\/09\\\/logo.png\",\"width\":1790,\"height\":464,\"caption\":\"Amina\"},\"image\":{\"@id\":\"https:\\\/\\\/amina.is\\\/#\\\/schema\\\/logo\\\/image\\\/\"},\"sameAs\":[\"https:\\\/\\\/m.facebook.com\\\/AMINA-100767148840241\\\/\",\"https:\\\/\\\/www.instagram.com\\\/aminaverslun\\\/\"]}]}<\/script>\n<!-- \/ Yoast SEO Premium plugin. -->","yoast_head_json":{"title":"Naughty Confetti * D\u00f3na Confetti &#8211; Amina","robots":{"index":"index","follow":"follow","max-snippet":"max-snippet:-1","max-image-preview":"max-image-preview:large","max-video-preview":"max-video-preview:-1"},"canonical":"https:\/\/amina.is\/en\/verslun\/fatnadur\/party\/naughty-confetti-dona-confetti\/","og_locale":"en_US","og_type":"article","og_title":"Naughty Confetti * D\u00f3na Confetti","og_description":"Confetti Typpi \u00ed fj\u00f3rum mismunandi litum.","og_url":"https:\/\/amina.is\/en\/verslun\/fatnadur\/party\/naughty-confetti-dona-confetti\/","og_site_name":"Amina","article_publisher":"https:\/\/m.facebook.com\/AMINA-100767148840241\/","article_modified_time":"2024-01-13T20:13:44+00:00","og_image":[{"width":1080,"height":1080,"url":"https:\/\/amina.is\/wp-content\/uploads\/2021\/01\/naughty-confetti.jpg","type":"image\/jpeg"}],"twitter_card":"summary_large_image","schema":{"@context":"https:\/\/schema.org","@graph":[{"@type":"WebPage","@id":"https:\/\/amina.is\/verslun\/fatnadur\/party\/naughty-confetti-dona-confetti\/","url":"https:\/\/amina.is\/verslun\/fatnadur\/party\/naughty-confetti-dona-confetti\/","name":"Naughty Confetti * D\u00f3na Confetti &#8211; Amina","isPartOf":{"@id":"https:\/\/amina.is\/#website"},"primaryImageOfPage":{"@id":"https:\/\/amina.is\/verslun\/fatnadur\/party\/naughty-confetti-dona-confetti\/#primaryimage"},"image":{"@id":"https:\/\/amina.is\/verslun\/fatnadur\/party\/naughty-confetti-dona-confetti\/#primaryimage"},"thumbnailUrl":"https:\/\/amina.is\/wp-content\/uploads\/2021\/01\/naughty-confetti.jpg","datePublished":"2021-01-03T20:47:48+00:00","dateModified":"2024-01-13T20:13:44+00:00","breadcrumb":{"@id":"https:\/\/amina.is\/verslun\/fatnadur\/party\/naughty-confetti-dona-confetti\/#breadcrumb"},"inLanguage":"en-US","potentialAction":[{"@type":"ReadAction","target":["https:\/\/amina.is\/verslun\/fatnadur\/party\/naughty-confetti-dona-confetti\/"]}]},{"@type":"ImageObject","inLanguage":"en-US","@id":"https:\/\/amina.is\/verslun\/fatnadur\/party\/naughty-confetti-dona-confetti\/#primaryimage","url":"https:\/\/amina.is\/wp-content\/uploads\/2021\/01\/naughty-confetti.jpg","contentUrl":"https:\/\/amina.is\/wp-content\/uploads\/2021\/01\/naughty-confetti.jpg","width":1080,"height":1080},{"@type":"BreadcrumbList","@id":"https:\/\/amina.is\/verslun\/fatnadur\/party\/naughty-confetti-dona-confetti\/#breadcrumb","itemListElement":[{"@type":"ListItem","position":1,"name":"Home","item":"https:\/\/amina.is\/"},{"@type":"ListItem","position":2,"name":"Verslun","item":"https:\/\/amina.is\/verslun\/"},{"@type":"ListItem","position":3,"name":"Naughty Confetti * D\u00f3na Confetti"}]},{"@type":"WebSite","@id":"https:\/\/amina.is\/#website","url":"https:\/\/amina.is\/","name":"Amina","description":"Feeling is everything - Una\u00f0sv\u00f6rur fyrir alla","publisher":{"@id":"https:\/\/amina.is\/#organization"},"potentialAction":[{"@type":"SearchAction","target":{"@type":"EntryPoint","urlTemplate":"https:\/\/amina.is\/?s={search_term_string}"},"query-input":{"@type":"PropertyValueSpecification","valueRequired":true,"valueName":"search_term_string"}}],"inLanguage":"en-US"},{"@type":"Organization","@id":"https:\/\/amina.is\/#organization","name":"Amina","url":"https:\/\/amina.is\/","logo":{"@type":"ImageObject","inLanguage":"en-US","@id":"https:\/\/amina.is\/#\/schema\/logo\/image\/","url":"https:\/\/amina.is\/wp-content\/uploads\/2021\/09\/logo.png","contentUrl":"https:\/\/amina.is\/wp-content\/uploads\/2021\/09\/logo.png","width":1790,"height":464,"caption":"Amina"},"image":{"@id":"https:\/\/amina.is\/#\/schema\/logo\/image\/"},"sameAs":["https:\/\/m.facebook.com\/AMINA-100767148840241\/","https:\/\/www.instagram.com\/aminaverslun\/"]}]}},"_links":{"self":[{"href":"https:\/\/amina.is\/en\/wp-json\/wp\/v2\/product\/2771","targetHints":{"allow":["GET"]}}],"collection":[{"href":"https:\/\/amina.is\/en\/wp-json\/wp\/v2\/product"}],"about":[{"href":"https:\/\/amina.is\/en\/wp-json\/wp\/v2\/types\/product"}],"version-history":[{"count":1,"href":"https:\/\/amina.is\/en\/wp-json\/wp\/v2\/product\/2771\/revisions"}],"predecessor-version":[{"id":5317,"href":"https:\/\/amina.is\/en\/wp-json\/wp\/v2\/product\/2771\/revisions\/5317"}],"wp:featuredmedia":[{"embeddable":true,"href":"https:\/\/amina.is\/en\/wp-json\/wp\/v2\/media\/5300"}],"wp:attachment":[{"href":"https:\/\/amina.is\/en\/wp-json\/wp\/v2\/media?parent=2771"}],"wp:term":[{"taxonomy":"product_brand","embeddable":true,"href":"https:\/\/amina.is\/en\/wp-json\/wp\/v2\/product_brand?post=2771"},{"taxonomy":"product_cat","embeddable":true,"href":"https:\/\/amina.is\/en\/wp-json\/wp\/v2\/product_cat?post=2771"},{"taxonomy":"product_tag","embeddable":true,"href":"https:\/\/amina.is\/en\/wp-json\/wp\/v2\/product_tag?post=2771"}],"curies":[{"name":"wp","href":"https:\/\/api.w.org\/{rel}","templated":true}]}}