{"id":2768,"date":"2021-01-03T19:36:35","date_gmt":"2021-01-03T19:36:35","guid":{"rendered":"http:\/\/amina.web14.vefold.is\/?post_type=product&#038;p=2768"},"modified":"2021-04-22T18:54:31","modified_gmt":"2021-04-22T18:54:31","slug":"sjalflysandi-sogror-glow-in-the-dark-straws","status":"publish","type":"product","link":"https:\/\/amina.is\/en\/verslun\/fatnadur\/party\/sjalflysandi-sogror-glow-in-the-dark-straws\/","title":{"rendered":"Sj\u00e1lfl\u00fdsandi Sogr\u00f6r * Glow In The Dark Straws"},"content":{"rendered":"<h5>6 sj\u00e1lfl\u00fdsandi sogr\u00f6r \u00ed litum regnbogans til \u00feess a\u00f0 gera kv\u00f6ldi\u00f0 \u00f6rl\u00edti\u00f0 skemmtilegra. Haldi\u00f0 undir sterkt lj\u00f3s \u00ed u.\u00fe.b. 2 m\u00edn\u00fatur til a\u00f0 virkja sj\u00e1lfl\u00fdsinguna.<\/h5>\n<p>&nbsp;<\/p>","protected":false},"excerpt":{"rendered":"<p>6 sj\u00e1lfl\u00fdsandi sogr\u00f6r \u00ed litum regnbogans til \u00feess a\u00f0 gera kv\u00f6ldi\u00f0 \u00f6rl\u00edti\u00f0 skemmtilegra.<\/p>","protected":false},"featured_media":5299,"template":"","meta":{"inline_featured_image":false},"product_brand":[],"product_cat":[197],"product_tag":[135,136,110,137,134,133,132,130,131,138],"class_list":{"0":"post-2768","1":"product","2":"type-product","3":"status-publish","4":"has-post-thumbnail","6":"product_cat-party","7":"product_tag-gaes","8":"product_tag-gaesa","9":"product_tag-gaesun","10":"product_tag-party","11":"product_tag-regnbogi","12":"product_tag-ror","13":"product_tag-sjalflysandi","14":"product_tag-sogror","15":"product_tag-straw","16":"product_tag-veisla","18":"first","19":"instock","20":"shipping-taxable","21":"purchasable","22":"product-type-simple"},"yoast_head":"<!-- This site is optimized with the Yoast SEO Premium plugin v21.6 (Yoast SEO v27.3) - https:\/\/yoast.com\/product\/yoast-seo-premium-wordpress\/ -->\n<title>Sj\u00e1lfl\u00fdsandi Sogr\u00f6r * Glow In The Dark Straws &#8211; Amina<\/title>\n<meta name=\"robots\" content=\"index, follow, max-snippet:-1, max-image-preview:large, max-video-preview:-1\" \/>\n<link rel=\"canonical\" href=\"https:\/\/amina.is\/en\/verslun\/fatnadur\/party\/sjalflysandi-sogror-glow-in-the-dark-straws\/\" \/>\n<meta property=\"og:locale\" content=\"en_US\" \/>\n<meta property=\"og:type\" content=\"article\" \/>\n<meta property=\"og:title\" content=\"Sj\u00e1lfl\u00fdsandi Sogr\u00f6r * Glow In The Dark Straws\" \/>\n<meta property=\"og:description\" content=\"6 sj\u00e1lfl\u00fdsandi sogr\u00f6r \u00ed litum regnbogans til \u00feess a\u00f0 gera kv\u00f6ldi\u00f0 \u00f6rl\u00edti\u00f0 skemmtilegra.\" \/>\n<meta property=\"og:url\" content=\"https:\/\/amina.is\/en\/verslun\/fatnadur\/party\/sjalflysandi-sogror-glow-in-the-dark-straws\/\" \/>\n<meta property=\"og:site_name\" content=\"Amina\" \/>\n<meta property=\"article:publisher\" content=\"https:\/\/m.facebook.com\/AMINA-100767148840241\/\" \/>\n<meta property=\"article:modified_time\" content=\"2021-04-22T18:54:31+00:00\" \/>\n<meta property=\"og:image\" content=\"https:\/\/amina.is\/wp-content\/uploads\/2021\/01\/naughty-straws.jpg\" \/>\n\t<meta property=\"og:image:width\" content=\"1080\" \/>\n\t<meta property=\"og:image:height\" content=\"1080\" \/>\n\t<meta property=\"og:image:type\" content=\"image\/jpeg\" \/>\n<meta name=\"twitter:card\" content=\"summary_large_image\" \/>\n<script type=\"application\/ld+json\" class=\"yoast-schema-graph\">{\"@context\":\"https:\\\/\\\/schema.org\",\"@graph\":[{\"@type\":\"WebPage\",\"@id\":\"https:\\\/\\\/amina.is\\\/verslun\\\/fatnadur\\\/party\\\/sjalflysandi-sogror-glow-in-the-dark-straws\\\/\",\"url\":\"https:\\\/\\\/amina.is\\\/verslun\\\/fatnadur\\\/party\\\/sjalflysandi-sogror-glow-in-the-dark-straws\\\/\",\"name\":\"Sj\u00e1lfl\u00fdsandi Sogr\u00f6r * Glow In The Dark Straws &#8211; Amina\",\"isPartOf\":{\"@id\":\"https:\\\/\\\/amina.is\\\/#website\"},\"primaryImageOfPage\":{\"@id\":\"https:\\\/\\\/amina.is\\\/verslun\\\/fatnadur\\\/party\\\/sjalflysandi-sogror-glow-in-the-dark-straws\\\/#primaryimage\"},\"image\":{\"@id\":\"https:\\\/\\\/amina.is\\\/verslun\\\/fatnadur\\\/party\\\/sjalflysandi-sogror-glow-in-the-dark-straws\\\/#primaryimage\"},\"thumbnailUrl\":\"https:\\\/\\\/amina.is\\\/wp-content\\\/uploads\\\/2021\\\/01\\\/naughty-straws.jpg\",\"datePublished\":\"2021-01-03T19:36:35+00:00\",\"dateModified\":\"2021-04-22T18:54:31+00:00\",\"breadcrumb\":{\"@id\":\"https:\\\/\\\/amina.is\\\/verslun\\\/fatnadur\\\/party\\\/sjalflysandi-sogror-glow-in-the-dark-straws\\\/#breadcrumb\"},\"inLanguage\":\"en-US\",\"potentialAction\":[{\"@type\":\"ReadAction\",\"target\":[\"https:\\\/\\\/amina.is\\\/verslun\\\/fatnadur\\\/party\\\/sjalflysandi-sogror-glow-in-the-dark-straws\\\/\"]}]},{\"@type\":\"ImageObject\",\"inLanguage\":\"en-US\",\"@id\":\"https:\\\/\\\/amina.is\\\/verslun\\\/fatnadur\\\/party\\\/sjalflysandi-sogror-glow-in-the-dark-straws\\\/#primaryimage\",\"url\":\"https:\\\/\\\/amina.is\\\/wp-content\\\/uploads\\\/2021\\\/01\\\/naughty-straws.jpg\",\"contentUrl\":\"https:\\\/\\\/amina.is\\\/wp-content\\\/uploads\\\/2021\\\/01\\\/naughty-straws.jpg\",\"width\":1080,\"height\":1080},{\"@type\":\"BreadcrumbList\",\"@id\":\"https:\\\/\\\/amina.is\\\/verslun\\\/fatnadur\\\/party\\\/sjalflysandi-sogror-glow-in-the-dark-straws\\\/#breadcrumb\",\"itemListElement\":[{\"@type\":\"ListItem\",\"position\":1,\"name\":\"Home\",\"item\":\"https:\\\/\\\/amina.is\\\/\"},{\"@type\":\"ListItem\",\"position\":2,\"name\":\"Verslun\",\"item\":\"https:\\\/\\\/amina.is\\\/verslun\\\/\"},{\"@type\":\"ListItem\",\"position\":3,\"name\":\"Sj\u00e1lfl\u00fdsandi Sogr\u00f6r * Glow In The Dark Straws\"}]},{\"@type\":\"WebSite\",\"@id\":\"https:\\\/\\\/amina.is\\\/#website\",\"url\":\"https:\\\/\\\/amina.is\\\/\",\"name\":\"Amina\",\"description\":\"Feeling is everything - Una\u00f0sv\u00f6rur fyrir alla\",\"publisher\":{\"@id\":\"https:\\\/\\\/amina.is\\\/#organization\"},\"potentialAction\":[{\"@type\":\"SearchAction\",\"target\":{\"@type\":\"EntryPoint\",\"urlTemplate\":\"https:\\\/\\\/amina.is\\\/?s={search_term_string}\"},\"query-input\":{\"@type\":\"PropertyValueSpecification\",\"valueRequired\":true,\"valueName\":\"search_term_string\"}}],\"inLanguage\":\"en-US\"},{\"@type\":\"Organization\",\"@id\":\"https:\\\/\\\/amina.is\\\/#organization\",\"name\":\"Amina\",\"url\":\"https:\\\/\\\/amina.is\\\/\",\"logo\":{\"@type\":\"ImageObject\",\"inLanguage\":\"en-US\",\"@id\":\"https:\\\/\\\/amina.is\\\/#\\\/schema\\\/logo\\\/image\\\/\",\"url\":\"https:\\\/\\\/amina.is\\\/wp-content\\\/uploads\\\/2021\\\/09\\\/logo.png\",\"contentUrl\":\"https:\\\/\\\/amina.is\\\/wp-content\\\/uploads\\\/2021\\\/09\\\/logo.png\",\"width\":1790,\"height\":464,\"caption\":\"Amina\"},\"image\":{\"@id\":\"https:\\\/\\\/amina.is\\\/#\\\/schema\\\/logo\\\/image\\\/\"},\"sameAs\":[\"https:\\\/\\\/m.facebook.com\\\/AMINA-100767148840241\\\/\",\"https:\\\/\\\/www.instagram.com\\\/aminaverslun\\\/\"]}]}<\/script>\n<!-- \/ Yoast SEO Premium plugin. -->","yoast_head_json":{"title":"Sj\u00e1lfl\u00fdsandi Sogr\u00f6r * Glow In The Dark Straws &#8211; Amina","robots":{"index":"index","follow":"follow","max-snippet":"max-snippet:-1","max-image-preview":"max-image-preview:large","max-video-preview":"max-video-preview:-1"},"canonical":"https:\/\/amina.is\/en\/verslun\/fatnadur\/party\/sjalflysandi-sogror-glow-in-the-dark-straws\/","og_locale":"en_US","og_type":"article","og_title":"Sj\u00e1lfl\u00fdsandi Sogr\u00f6r * Glow In The Dark Straws","og_description":"6 sj\u00e1lfl\u00fdsandi sogr\u00f6r \u00ed litum regnbogans til \u00feess a\u00f0 gera kv\u00f6ldi\u00f0 \u00f6rl\u00edti\u00f0 skemmtilegra.","og_url":"https:\/\/amina.is\/en\/verslun\/fatnadur\/party\/sjalflysandi-sogror-glow-in-the-dark-straws\/","og_site_name":"Amina","article_publisher":"https:\/\/m.facebook.com\/AMINA-100767148840241\/","article_modified_time":"2021-04-22T18:54:31+00:00","og_image":[{"width":1080,"height":1080,"url":"https:\/\/amina.is\/wp-content\/uploads\/2021\/01\/naughty-straws.jpg","type":"image\/jpeg"}],"twitter_card":"summary_large_image","schema":{"@context":"https:\/\/schema.org","@graph":[{"@type":"WebPage","@id":"https:\/\/amina.is\/verslun\/fatnadur\/party\/sjalflysandi-sogror-glow-in-the-dark-straws\/","url":"https:\/\/amina.is\/verslun\/fatnadur\/party\/sjalflysandi-sogror-glow-in-the-dark-straws\/","name":"Sj\u00e1lfl\u00fdsandi Sogr\u00f6r * Glow In The Dark Straws &#8211; Amina","isPartOf":{"@id":"https:\/\/amina.is\/#website"},"primaryImageOfPage":{"@id":"https:\/\/amina.is\/verslun\/fatnadur\/party\/sjalflysandi-sogror-glow-in-the-dark-straws\/#primaryimage"},"image":{"@id":"https:\/\/amina.is\/verslun\/fatnadur\/party\/sjalflysandi-sogror-glow-in-the-dark-straws\/#primaryimage"},"thumbnailUrl":"https:\/\/amina.is\/wp-content\/uploads\/2021\/01\/naughty-straws.jpg","datePublished":"2021-01-03T19:36:35+00:00","dateModified":"2021-04-22T18:54:31+00:00","breadcrumb":{"@id":"https:\/\/amina.is\/verslun\/fatnadur\/party\/sjalflysandi-sogror-glow-in-the-dark-straws\/#breadcrumb"},"inLanguage":"en-US","potentialAction":[{"@type":"ReadAction","target":["https:\/\/amina.is\/verslun\/fatnadur\/party\/sjalflysandi-sogror-glow-in-the-dark-straws\/"]}]},{"@type":"ImageObject","inLanguage":"en-US","@id":"https:\/\/amina.is\/verslun\/fatnadur\/party\/sjalflysandi-sogror-glow-in-the-dark-straws\/#primaryimage","url":"https:\/\/amina.is\/wp-content\/uploads\/2021\/01\/naughty-straws.jpg","contentUrl":"https:\/\/amina.is\/wp-content\/uploads\/2021\/01\/naughty-straws.jpg","width":1080,"height":1080},{"@type":"BreadcrumbList","@id":"https:\/\/amina.is\/verslun\/fatnadur\/party\/sjalflysandi-sogror-glow-in-the-dark-straws\/#breadcrumb","itemListElement":[{"@type":"ListItem","position":1,"name":"Home","item":"https:\/\/amina.is\/"},{"@type":"ListItem","position":2,"name":"Verslun","item":"https:\/\/amina.is\/verslun\/"},{"@type":"ListItem","position":3,"name":"Sj\u00e1lfl\u00fdsandi Sogr\u00f6r * Glow In The Dark Straws"}]},{"@type":"WebSite","@id":"https:\/\/amina.is\/#website","url":"https:\/\/amina.is\/","name":"Amina","description":"Feeling is everything - Una\u00f0sv\u00f6rur fyrir alla","publisher":{"@id":"https:\/\/amina.is\/#organization"},"potentialAction":[{"@type":"SearchAction","target":{"@type":"EntryPoint","urlTemplate":"https:\/\/amina.is\/?s={search_term_string}"},"query-input":{"@type":"PropertyValueSpecification","valueRequired":true,"valueName":"search_term_string"}}],"inLanguage":"en-US"},{"@type":"Organization","@id":"https:\/\/amina.is\/#organization","name":"Amina","url":"https:\/\/amina.is\/","logo":{"@type":"ImageObject","inLanguage":"en-US","@id":"https:\/\/amina.is\/#\/schema\/logo\/image\/","url":"https:\/\/amina.is\/wp-content\/uploads\/2021\/09\/logo.png","contentUrl":"https:\/\/amina.is\/wp-content\/uploads\/2021\/09\/logo.png","width":1790,"height":464,"caption":"Amina"},"image":{"@id":"https:\/\/amina.is\/#\/schema\/logo\/image\/"},"sameAs":["https:\/\/m.facebook.com\/AMINA-100767148840241\/","https:\/\/www.instagram.com\/aminaverslun\/"]}]}},"_links":{"self":[{"href":"https:\/\/amina.is\/en\/wp-json\/wp\/v2\/product\/2768","targetHints":{"allow":["GET"]}}],"collection":[{"href":"https:\/\/amina.is\/en\/wp-json\/wp\/v2\/product"}],"about":[{"href":"https:\/\/amina.is\/en\/wp-json\/wp\/v2\/types\/product"}],"version-history":[{"count":3,"href":"https:\/\/amina.is\/en\/wp-json\/wp\/v2\/product\/2768\/revisions"}],"predecessor-version":[{"id":5309,"href":"https:\/\/amina.is\/en\/wp-json\/wp\/v2\/product\/2768\/revisions\/5309"}],"wp:featuredmedia":[{"embeddable":true,"href":"https:\/\/amina.is\/en\/wp-json\/wp\/v2\/media\/5299"}],"wp:attachment":[{"href":"https:\/\/amina.is\/en\/wp-json\/wp\/v2\/media?parent=2768"}],"wp:term":[{"taxonomy":"product_brand","embeddable":true,"href":"https:\/\/amina.is\/en\/wp-json\/wp\/v2\/product_brand?post=2768"},{"taxonomy":"product_cat","embeddable":true,"href":"https:\/\/amina.is\/en\/wp-json\/wp\/v2\/product_cat?post=2768"},{"taxonomy":"product_tag","embeddable":true,"href":"https:\/\/amina.is\/en\/wp-json\/wp\/v2\/product_tag?post=2768"}],"curies":[{"name":"wp","href":"https:\/\/api.w.org\/{rel}","templated":true}]}}