{"id":2759,"date":"2021-01-03T18:58:37","date_gmt":"2021-01-03T18:58:37","guid":{"rendered":"http:\/\/amina.web14.vefold.is\/?post_type=product&#038;p=2759"},"modified":"2025-12-09T14:10:18","modified_gmt":"2025-12-09T14:10:18","slug":"mini-marvels-fra-calexotics-marvelous-flicker","status":"publish","type":"product","link":"https:\/\/amina.is\/en\/verslun\/pikan\/titrarar\/mini-marvels-fra-calexotics-marvelous-flicker\/","title":{"rendered":"Mini Marvels fr\u00e1 CalExotics *Marvelous Flicker"},"content":{"rendered":"<h5>Mini Marvels v\u00f6rurnar hafa fengi\u00f0 fr\u00e1b\u00e6ra d\u00f3ma um allan heim og er h\u00f6nnun og g\u00e6\u00f0i \u00feeirra \u00ed h\u00e6sta g\u00e6\u00f0aflokki hvort sem um r\u00e6\u00f0ir umb\u00fa\u00f0irnar e\u00f0a v\u00f6runa sj\u00e1lfa. Fullkomin gj\u00f6f fyrir \u00e1stina \u00fe\u00edna.<\/h5>\n<h5>Tungan er au\u00f0veld \u00ed notkun en h\u00fan er me\u00f0 mj\u00f3um titrandi tungubrodd sem leyfir \u00fe\u00e9r a\u00f0 mi\u00f0a \u00e1 n\u00e1kv\u00e6man punkt. Tungan er me\u00f0 10 mismunandi stillingum, er me\u00f0 fer\u00f0al\u00e1s til a\u00f0 koma \u00ed veg fyrir vandr\u00e6\u00f0aleg augnablik \u00e1 flugvellinum og \u00feolir vatn. M\u00f3torinn er sterkbygg\u00f0ur og hefur fengi\u00f0 fr\u00e1b\u00e6ra d\u00f3ma b\u00e6\u00f0i fyrir kraft sem og endingu. Hver hle\u00f0sla gefur \u00fe\u00e9r um 240 m\u00edn\u00fatna notkun me\u00f0 l\u00e1gum titring e\u00f0a um 40 m\u00edn\u00fatur \u00e1 h\u00e6sta titring. Tekur tvo og h\u00e1lfan t\u00edma a\u00f0 full hla\u00f0a t\u00e6ki\u00f0 me\u00f0 usb sn\u00faru. (Sn\u00fara fylgir) Flottur titrari sem AMINA m\u00e6lir me\u00f0.<\/h5>\n<h5><\/h5>\n<p>&nbsp;<\/p>","protected":false},"excerpt":{"rendered":"<p>Mini Marvels v\u00f6rurnar hafa fengi\u00f0 fr\u00e1b\u00e6ra d\u00f3ma um allan heim og er h\u00f6nnun og g\u00e6\u00f0i \u00feeirra \u00ed h\u00e6sta g\u00e6\u00f0aflokki hvort sem um r\u00e6\u00f0ir umb\u00fa\u00f0irnar e\u00f0a v\u00f6runa sj\u00e1lfa. Fullkomin gj\u00f6f fyrir \u00e1stina \u00fe\u00edna.<\/p>","protected":false},"featured_media":11599,"template":"","meta":{"inline_featured_image":false},"product_brand":[],"product_cat":[42,43,44,900,883],"product_tag":[127,121,80,115,69,114,54,128,71,63,55,74,129,56],"class_list":{"0":"post-2759","1":"product","2":"type-product","3":"status-publish","4":"has-post-thumbnail","6":"product_cat-fyrir-thaer","7":"product_cat-fyrir-thau","8":"product_cat-pikan","9":"product_cat-notaahana","10":"product_cat-titrarar","11":"product_tag-bleik","12":"product_tag-bleikt","13":"product_tag-calexotics","14":"product_tag-marvels","15":"product_tag-masturbation","16":"product_tag-mini-marvels","17":"product_tag-pika","18":"product_tag-pink","19":"product_tag-por","20":"product_tag-sjalfsfroun","21":"product_tag-skop","22":"product_tag-titrari","23":"product_tag-tunga","24":"product_tag-vagina","26":"first","27":"instock","28":"sale","29":"shipping-taxable","30":"purchasable","31":"product-type-simple"},"yoast_head":"<!-- This site is optimized with the Yoast SEO Premium plugin v21.6 (Yoast SEO v27.3) - https:\/\/yoast.com\/product\/yoast-seo-premium-wordpress\/ -->\n<title>Mini Marvels fr\u00e1 CalExotics *Marvelous Flicker &#8211; Amina<\/title>\n<meta name=\"robots\" content=\"index, follow, max-snippet:-1, max-image-preview:large, max-video-preview:-1\" \/>\n<link rel=\"canonical\" href=\"https:\/\/amina.is\/en\/verslun\/pikan\/titrarar\/mini-marvels-fra-calexotics-marvelous-flicker\/\" \/>\n<meta property=\"og:locale\" content=\"en_US\" \/>\n<meta property=\"og:type\" content=\"article\" \/>\n<meta property=\"og:title\" content=\"Mini Marvels fr\u00e1 CalExotics *Marvelous Flicker\" \/>\n<meta property=\"og:description\" content=\"Mini Marvels v\u00f6rurnar hafa fengi\u00f0 fr\u00e1b\u00e6ra d\u00f3ma um allan heim og er h\u00f6nnun og g\u00e6\u00f0i \u00feeirra \u00ed h\u00e6sta g\u00e6\u00f0aflokki hvort sem um r\u00e6\u00f0ir umb\u00fa\u00f0irnar e\u00f0a v\u00f6runa sj\u00e1lfa. Fullkomin gj\u00f6f fyrir \u00e1stina \u00fe\u00edna.\" \/>\n<meta property=\"og:url\" content=\"https:\/\/amina.is\/en\/verslun\/pikan\/titrarar\/mini-marvels-fra-calexotics-marvelous-flicker\/\" \/>\n<meta property=\"og:site_name\" content=\"Amina\" \/>\n<meta property=\"article:publisher\" content=\"https:\/\/m.facebook.com\/AMINA-100767148840241\/\" \/>\n<meta property=\"article:modified_time\" content=\"2025-12-09T14:10:18+00:00\" \/>\n<meta property=\"og:image\" content=\"https:\/\/amina.is\/wp-content\/uploads\/2020\/12\/AMINA-vorumyndir-dokkur-bakgrunnur-3.jpg\" \/>\n\t<meta property=\"og:image:width\" content=\"1080\" \/>\n\t<meta property=\"og:image:height\" content=\"1080\" \/>\n\t<meta property=\"og:image:type\" content=\"image\/jpeg\" \/>\n<meta name=\"twitter:card\" content=\"summary_large_image\" \/>\n<meta name=\"twitter:label1\" content=\"Est. reading time\" \/>\n\t<meta name=\"twitter:data1\" content=\"1 minute\" \/>\n<script type=\"application\/ld+json\" class=\"yoast-schema-graph\">{\"@context\":\"https:\\\/\\\/schema.org\",\"@graph\":[{\"@type\":\"WebPage\",\"@id\":\"https:\\\/\\\/amina.is\\\/verslun\\\/pikan\\\/titrarar\\\/mini-marvels-fra-calexotics-marvelous-flicker\\\/\",\"url\":\"https:\\\/\\\/amina.is\\\/verslun\\\/pikan\\\/titrarar\\\/mini-marvels-fra-calexotics-marvelous-flicker\\\/\",\"name\":\"Mini Marvels fr\u00e1 CalExotics *Marvelous Flicker &#8211; Amina\",\"isPartOf\":{\"@id\":\"https:\\\/\\\/amina.is\\\/#website\"},\"primaryImageOfPage\":{\"@id\":\"https:\\\/\\\/amina.is\\\/verslun\\\/pikan\\\/titrarar\\\/mini-marvels-fra-calexotics-marvelous-flicker\\\/#primaryimage\"},\"image\":{\"@id\":\"https:\\\/\\\/amina.is\\\/verslun\\\/pikan\\\/titrarar\\\/mini-marvels-fra-calexotics-marvelous-flicker\\\/#primaryimage\"},\"thumbnailUrl\":\"https:\\\/\\\/amina.is\\\/wp-content\\\/uploads\\\/2020\\\/12\\\/AMINA-vorumyndir-dokkur-bakgrunnur-3.jpg\",\"datePublished\":\"2021-01-03T18:58:37+00:00\",\"dateModified\":\"2025-12-09T14:10:18+00:00\",\"breadcrumb\":{\"@id\":\"https:\\\/\\\/amina.is\\\/verslun\\\/pikan\\\/titrarar\\\/mini-marvels-fra-calexotics-marvelous-flicker\\\/#breadcrumb\"},\"inLanguage\":\"en-US\",\"potentialAction\":[{\"@type\":\"ReadAction\",\"target\":[\"https:\\\/\\\/amina.is\\\/verslun\\\/pikan\\\/titrarar\\\/mini-marvels-fra-calexotics-marvelous-flicker\\\/\"]}]},{\"@type\":\"ImageObject\",\"inLanguage\":\"en-US\",\"@id\":\"https:\\\/\\\/amina.is\\\/verslun\\\/pikan\\\/titrarar\\\/mini-marvels-fra-calexotics-marvelous-flicker\\\/#primaryimage\",\"url\":\"https:\\\/\\\/amina.is\\\/wp-content\\\/uploads\\\/2020\\\/12\\\/AMINA-vorumyndir-dokkur-bakgrunnur-3.jpg\",\"contentUrl\":\"https:\\\/\\\/amina.is\\\/wp-content\\\/uploads\\\/2020\\\/12\\\/AMINA-vorumyndir-dokkur-bakgrunnur-3.jpg\",\"width\":1080,\"height\":1080},{\"@type\":\"BreadcrumbList\",\"@id\":\"https:\\\/\\\/amina.is\\\/verslun\\\/pikan\\\/titrarar\\\/mini-marvels-fra-calexotics-marvelous-flicker\\\/#breadcrumb\",\"itemListElement\":[{\"@type\":\"ListItem\",\"position\":1,\"name\":\"Home\",\"item\":\"https:\\\/\\\/amina.is\\\/\"},{\"@type\":\"ListItem\",\"position\":2,\"name\":\"Verslun\",\"item\":\"https:\\\/\\\/amina.is\\\/verslun\\\/\"},{\"@type\":\"ListItem\",\"position\":3,\"name\":\"Mini Marvels fr\u00e1 CalExotics *Marvelous Flicker\"}]},{\"@type\":\"WebSite\",\"@id\":\"https:\\\/\\\/amina.is\\\/#website\",\"url\":\"https:\\\/\\\/amina.is\\\/\",\"name\":\"Amina\",\"description\":\"Feeling is everything - Una\u00f0sv\u00f6rur fyrir alla\",\"publisher\":{\"@id\":\"https:\\\/\\\/amina.is\\\/#organization\"},\"potentialAction\":[{\"@type\":\"SearchAction\",\"target\":{\"@type\":\"EntryPoint\",\"urlTemplate\":\"https:\\\/\\\/amina.is\\\/?s={search_term_string}\"},\"query-input\":{\"@type\":\"PropertyValueSpecification\",\"valueRequired\":true,\"valueName\":\"search_term_string\"}}],\"inLanguage\":\"en-US\"},{\"@type\":\"Organization\",\"@id\":\"https:\\\/\\\/amina.is\\\/#organization\",\"name\":\"Amina\",\"url\":\"https:\\\/\\\/amina.is\\\/\",\"logo\":{\"@type\":\"ImageObject\",\"inLanguage\":\"en-US\",\"@id\":\"https:\\\/\\\/amina.is\\\/#\\\/schema\\\/logo\\\/image\\\/\",\"url\":\"https:\\\/\\\/amina.is\\\/wp-content\\\/uploads\\\/2021\\\/09\\\/logo.png\",\"contentUrl\":\"https:\\\/\\\/amina.is\\\/wp-content\\\/uploads\\\/2021\\\/09\\\/logo.png\",\"width\":1790,\"height\":464,\"caption\":\"Amina\"},\"image\":{\"@id\":\"https:\\\/\\\/amina.is\\\/#\\\/schema\\\/logo\\\/image\\\/\"},\"sameAs\":[\"https:\\\/\\\/m.facebook.com\\\/AMINA-100767148840241\\\/\",\"https:\\\/\\\/www.instagram.com\\\/aminaverslun\\\/\"]}]}<\/script>\n<!-- \/ Yoast SEO Premium plugin. -->","yoast_head_json":{"title":"Mini Marvels fr\u00e1 CalExotics *Marvelous Flicker &#8211; Amina","robots":{"index":"index","follow":"follow","max-snippet":"max-snippet:-1","max-image-preview":"max-image-preview:large","max-video-preview":"max-video-preview:-1"},"canonical":"https:\/\/amina.is\/en\/verslun\/pikan\/titrarar\/mini-marvels-fra-calexotics-marvelous-flicker\/","og_locale":"en_US","og_type":"article","og_title":"Mini Marvels fr\u00e1 CalExotics *Marvelous Flicker","og_description":"Mini Marvels v\u00f6rurnar hafa fengi\u00f0 fr\u00e1b\u00e6ra d\u00f3ma um allan heim og er h\u00f6nnun og g\u00e6\u00f0i \u00feeirra \u00ed h\u00e6sta g\u00e6\u00f0aflokki hvort sem um r\u00e6\u00f0ir umb\u00fa\u00f0irnar e\u00f0a v\u00f6runa sj\u00e1lfa. Fullkomin gj\u00f6f fyrir \u00e1stina \u00fe\u00edna.","og_url":"https:\/\/amina.is\/en\/verslun\/pikan\/titrarar\/mini-marvels-fra-calexotics-marvelous-flicker\/","og_site_name":"Amina","article_publisher":"https:\/\/m.facebook.com\/AMINA-100767148840241\/","article_modified_time":"2025-12-09T14:10:18+00:00","og_image":[{"width":1080,"height":1080,"url":"https:\/\/amina.is\/wp-content\/uploads\/2020\/12\/AMINA-vorumyndir-dokkur-bakgrunnur-3.jpg","type":"image\/jpeg"}],"twitter_card":"summary_large_image","twitter_misc":{"Est. reading time":"1 minute"},"schema":{"@context":"https:\/\/schema.org","@graph":[{"@type":"WebPage","@id":"https:\/\/amina.is\/verslun\/pikan\/titrarar\/mini-marvels-fra-calexotics-marvelous-flicker\/","url":"https:\/\/amina.is\/verslun\/pikan\/titrarar\/mini-marvels-fra-calexotics-marvelous-flicker\/","name":"Mini Marvels fr\u00e1 CalExotics *Marvelous Flicker &#8211; Amina","isPartOf":{"@id":"https:\/\/amina.is\/#website"},"primaryImageOfPage":{"@id":"https:\/\/amina.is\/verslun\/pikan\/titrarar\/mini-marvels-fra-calexotics-marvelous-flicker\/#primaryimage"},"image":{"@id":"https:\/\/amina.is\/verslun\/pikan\/titrarar\/mini-marvels-fra-calexotics-marvelous-flicker\/#primaryimage"},"thumbnailUrl":"https:\/\/amina.is\/wp-content\/uploads\/2020\/12\/AMINA-vorumyndir-dokkur-bakgrunnur-3.jpg","datePublished":"2021-01-03T18:58:37+00:00","dateModified":"2025-12-09T14:10:18+00:00","breadcrumb":{"@id":"https:\/\/amina.is\/verslun\/pikan\/titrarar\/mini-marvels-fra-calexotics-marvelous-flicker\/#breadcrumb"},"inLanguage":"en-US","potentialAction":[{"@type":"ReadAction","target":["https:\/\/amina.is\/verslun\/pikan\/titrarar\/mini-marvels-fra-calexotics-marvelous-flicker\/"]}]},{"@type":"ImageObject","inLanguage":"en-US","@id":"https:\/\/amina.is\/verslun\/pikan\/titrarar\/mini-marvels-fra-calexotics-marvelous-flicker\/#primaryimage","url":"https:\/\/amina.is\/wp-content\/uploads\/2020\/12\/AMINA-vorumyndir-dokkur-bakgrunnur-3.jpg","contentUrl":"https:\/\/amina.is\/wp-content\/uploads\/2020\/12\/AMINA-vorumyndir-dokkur-bakgrunnur-3.jpg","width":1080,"height":1080},{"@type":"BreadcrumbList","@id":"https:\/\/amina.is\/verslun\/pikan\/titrarar\/mini-marvels-fra-calexotics-marvelous-flicker\/#breadcrumb","itemListElement":[{"@type":"ListItem","position":1,"name":"Home","item":"https:\/\/amina.is\/"},{"@type":"ListItem","position":2,"name":"Verslun","item":"https:\/\/amina.is\/verslun\/"},{"@type":"ListItem","position":3,"name":"Mini Marvels fr\u00e1 CalExotics *Marvelous Flicker"}]},{"@type":"WebSite","@id":"https:\/\/amina.is\/#website","url":"https:\/\/amina.is\/","name":"Amina","description":"Feeling is everything - Una\u00f0sv\u00f6rur fyrir alla","publisher":{"@id":"https:\/\/amina.is\/#organization"},"potentialAction":[{"@type":"SearchAction","target":{"@type":"EntryPoint","urlTemplate":"https:\/\/amina.is\/?s={search_term_string}"},"query-input":{"@type":"PropertyValueSpecification","valueRequired":true,"valueName":"search_term_string"}}],"inLanguage":"en-US"},{"@type":"Organization","@id":"https:\/\/amina.is\/#organization","name":"Amina","url":"https:\/\/amina.is\/","logo":{"@type":"ImageObject","inLanguage":"en-US","@id":"https:\/\/amina.is\/#\/schema\/logo\/image\/","url":"https:\/\/amina.is\/wp-content\/uploads\/2021\/09\/logo.png","contentUrl":"https:\/\/amina.is\/wp-content\/uploads\/2021\/09\/logo.png","width":1790,"height":464,"caption":"Amina"},"image":{"@id":"https:\/\/amina.is\/#\/schema\/logo\/image\/"},"sameAs":["https:\/\/m.facebook.com\/AMINA-100767148840241\/","https:\/\/www.instagram.com\/aminaverslun\/"]}]}},"_links":{"self":[{"href":"https:\/\/amina.is\/en\/wp-json\/wp\/v2\/product\/2759","targetHints":{"allow":["GET"]}}],"collection":[{"href":"https:\/\/amina.is\/en\/wp-json\/wp\/v2\/product"}],"about":[{"href":"https:\/\/amina.is\/en\/wp-json\/wp\/v2\/types\/product"}],"version-history":[{"count":5,"href":"https:\/\/amina.is\/en\/wp-json\/wp\/v2\/product\/2759\/revisions"}],"predecessor-version":[{"id":11604,"href":"https:\/\/amina.is\/en\/wp-json\/wp\/v2\/product\/2759\/revisions\/11604"}],"wp:featuredmedia":[{"embeddable":true,"href":"https:\/\/amina.is\/en\/wp-json\/wp\/v2\/media\/11599"}],"wp:attachment":[{"href":"https:\/\/amina.is\/en\/wp-json\/wp\/v2\/media?parent=2759"}],"wp:term":[{"taxonomy":"product_brand","embeddable":true,"href":"https:\/\/amina.is\/en\/wp-json\/wp\/v2\/product_brand?post=2759"},{"taxonomy":"product_cat","embeddable":true,"href":"https:\/\/amina.is\/en\/wp-json\/wp\/v2\/product_cat?post=2759"},{"taxonomy":"product_tag","embeddable":true,"href":"https:\/\/amina.is\/en\/wp-json\/wp\/v2\/product_tag?post=2759"}],"curies":[{"name":"wp","href":"https:\/\/api.w.org\/{rel}","templated":true}]}}