{"id":2615,"date":"2020-12-14T18:30:13","date_gmt":"2020-12-14T18:30:13","guid":{"rendered":"http:\/\/amina.web14.vefold.is\/?post_type=product&#038;p=2615"},"modified":"2024-01-03T08:04:38","modified_gmt":"2024-01-03T08:04:38","slug":"calexotics-colt-anal-trainer-kit","status":"publish","type":"product","link":"https:\/\/amina.is\/en\/verslun\/fyrir-thau\/notaahann\/calexotics-colt-anal-trainer-kit\/","title":{"rendered":"Colt Anal Trainer Kit fr\u00e1 CalExotics"},"content":{"rendered":"<h5>Fr\u00e1b\u00e6rt \u00e6fingasett. \u00cd \u00feessu setti eru \u00ferj\u00fa &#8222;Butt plugs&#8220; \u00ed \u00feremur mismunandi st\u00e6r\u00f0um. Fr\u00e1b\u00e6rt til a\u00f0 \u00e6fa sig einn\/ein\/eitt e\u00f0a \u00ed f\u00e9lagsskapi vi\u00f0 maka e\u00f0a vin. &#8222;Plugin&#8220; eru fr\u00e1 2,5 til 3,8 cm brei\u00f0. \u00deau eru \u00far &#8222;phthalate-free PVC&#8220; og m\u00e6lum vi\u00f0 me\u00f0 a\u00f0 nota vatnssleipiefni.<\/h5>\n<p>&nbsp;<\/p>","protected":false},"excerpt":{"rendered":"<p>Fr\u00e1b\u00e6rt \u00e6fingasett. \u00cd \u00feessu setti eru \u00ferj\u00fa &#8222;Butt plugs&#8220; \u00ed \u00feremur mismunandi st\u00e6r\u00f0um. Fr\u00e1b\u00e6rt til a\u00f0 \u00e6fa sig einn\/ein\/eitt e\u00f0a \u00ed f\u00e9lagsskapi vi\u00f0 maka e\u00f0a vin.<\/p>","protected":false},"featured_media":5593,"template":"","meta":{"inline_featured_image":false},"product_brand":[],"product_cat":[907,41,43,35,899],"product_tag":[57,60,59,61,80,84,71,58,76],"class_list":{"0":"post-2615","1":"product","2":"type-product","3":"status-publish","4":"has-post-thumbnail","6":"product_cat-buttplugs-og-titrarar","7":"product_cat-fyrir-tha","8":"product_cat-fyrir-thau","9":"product_cat-rassinn","10":"product_cat-notaahann","11":"product_tag-anal","12":"product_tag-ass","13":"product_tag-butt","14":"product_tag-butt-plug","15":"product_tag-calexotics","16":"product_tag-colt","17":"product_tag-por","18":"product_tag-rass","19":"product_tag-svart","21":"first","22":"instock","23":"shipping-taxable","24":"purchasable","25":"product-type-simple"},"yoast_head":"<!-- This site is optimized with the Yoast SEO Premium plugin v21.6 (Yoast SEO v27.4) - https:\/\/yoast.com\/product\/yoast-seo-premium-wordpress\/ -->\n<title>Colt Anal Trainer Kit fr\u00e1 CalExotics &#8211; Amina<\/title>\n<meta name=\"robots\" content=\"index, follow, max-snippet:-1, max-image-preview:large, max-video-preview:-1\" \/>\n<link rel=\"canonical\" href=\"https:\/\/amina.is\/en\/verslun\/fyrir-thau\/notaahann\/calexotics-colt-anal-trainer-kit\/\" \/>\n<meta property=\"og:locale\" content=\"en_US\" \/>\n<meta property=\"og:type\" content=\"article\" \/>\n<meta property=\"og:title\" content=\"Colt Anal Trainer Kit fr\u00e1 CalExotics\" \/>\n<meta property=\"og:description\" content=\"Fr\u00e1b\u00e6rt \u00e6fingasett. \u00cd \u00feessu setti eru \u00ferj\u00fa &quot;Butt plugs&quot; \u00ed \u00feremur mismunandi st\u00e6r\u00f0um. Fr\u00e1b\u00e6rt til a\u00f0 \u00e6fa sig einn\/ein\/eitt e\u00f0a \u00ed f\u00e9lagsskapi vi\u00f0 maka e\u00f0a vin.\" \/>\n<meta property=\"og:url\" content=\"https:\/\/amina.is\/en\/verslun\/fyrir-thau\/notaahann\/calexotics-colt-anal-trainer-kit\/\" \/>\n<meta property=\"og:site_name\" content=\"Amina\" \/>\n<meta property=\"article:publisher\" content=\"https:\/\/m.facebook.com\/AMINA-100767148840241\/\" \/>\n<meta property=\"article:modified_time\" content=\"2024-01-03T08:04:38+00:00\" \/>\n<meta property=\"og:image\" content=\"https:\/\/amina.is\/wp-content\/uploads\/2021\/03\/colt-anal-trainer-kit.jpg\" \/>\n\t<meta property=\"og:image:width\" content=\"1080\" \/>\n\t<meta property=\"og:image:height\" content=\"1080\" \/>\n\t<meta property=\"og:image:type\" content=\"image\/jpeg\" \/>\n<meta name=\"twitter:card\" content=\"summary_large_image\" \/>\n<script type=\"application\/ld+json\" class=\"yoast-schema-graph\">{\"@context\":\"https:\\\/\\\/schema.org\",\"@graph\":[{\"@type\":\"WebPage\",\"@id\":\"https:\\\/\\\/amina.is\\\/verslun\\\/fyrir-thau\\\/notaahann\\\/calexotics-colt-anal-trainer-kit\\\/\",\"url\":\"https:\\\/\\\/amina.is\\\/verslun\\\/fyrir-thau\\\/notaahann\\\/calexotics-colt-anal-trainer-kit\\\/\",\"name\":\"Colt Anal Trainer Kit fr\u00e1 CalExotics &#8211; Amina\",\"isPartOf\":{\"@id\":\"https:\\\/\\\/amina.is\\\/#website\"},\"primaryImageOfPage\":{\"@id\":\"https:\\\/\\\/amina.is\\\/verslun\\\/fyrir-thau\\\/notaahann\\\/calexotics-colt-anal-trainer-kit\\\/#primaryimage\"},\"image\":{\"@id\":\"https:\\\/\\\/amina.is\\\/verslun\\\/fyrir-thau\\\/notaahann\\\/calexotics-colt-anal-trainer-kit\\\/#primaryimage\"},\"thumbnailUrl\":\"https:\\\/\\\/amina.is\\\/wp-content\\\/uploads\\\/2021\\\/03\\\/colt-anal-trainer-kit.jpg\",\"datePublished\":\"2020-12-14T18:30:13+00:00\",\"dateModified\":\"2024-01-03T08:04:38+00:00\",\"breadcrumb\":{\"@id\":\"https:\\\/\\\/amina.is\\\/verslun\\\/fyrir-thau\\\/notaahann\\\/calexotics-colt-anal-trainer-kit\\\/#breadcrumb\"},\"inLanguage\":\"en-US\",\"potentialAction\":[{\"@type\":\"ReadAction\",\"target\":[\"https:\\\/\\\/amina.is\\\/verslun\\\/fyrir-thau\\\/notaahann\\\/calexotics-colt-anal-trainer-kit\\\/\"]}]},{\"@type\":\"ImageObject\",\"inLanguage\":\"en-US\",\"@id\":\"https:\\\/\\\/amina.is\\\/verslun\\\/fyrir-thau\\\/notaahann\\\/calexotics-colt-anal-trainer-kit\\\/#primaryimage\",\"url\":\"https:\\\/\\\/amina.is\\\/wp-content\\\/uploads\\\/2021\\\/03\\\/colt-anal-trainer-kit.jpg\",\"contentUrl\":\"https:\\\/\\\/amina.is\\\/wp-content\\\/uploads\\\/2021\\\/03\\\/colt-anal-trainer-kit.jpg\",\"width\":1080,\"height\":1080},{\"@type\":\"BreadcrumbList\",\"@id\":\"https:\\\/\\\/amina.is\\\/verslun\\\/fyrir-thau\\\/notaahann\\\/calexotics-colt-anal-trainer-kit\\\/#breadcrumb\",\"itemListElement\":[{\"@type\":\"ListItem\",\"position\":1,\"name\":\"Home\",\"item\":\"https:\\\/\\\/amina.is\\\/\"},{\"@type\":\"ListItem\",\"position\":2,\"name\":\"Verslun\",\"item\":\"https:\\\/\\\/amina.is\\\/verslun\\\/\"},{\"@type\":\"ListItem\",\"position\":3,\"name\":\"Colt Anal Trainer Kit fr\u00e1 CalExotics\"}]},{\"@type\":\"WebSite\",\"@id\":\"https:\\\/\\\/amina.is\\\/#website\",\"url\":\"https:\\\/\\\/amina.is\\\/\",\"name\":\"Amina\",\"description\":\"Feeling is everything - Una\u00f0sv\u00f6rur fyrir alla\",\"publisher\":{\"@id\":\"https:\\\/\\\/amina.is\\\/#organization\"},\"potentialAction\":[{\"@type\":\"SearchAction\",\"target\":{\"@type\":\"EntryPoint\",\"urlTemplate\":\"https:\\\/\\\/amina.is\\\/?s={search_term_string}\"},\"query-input\":{\"@type\":\"PropertyValueSpecification\",\"valueRequired\":true,\"valueName\":\"search_term_string\"}}],\"inLanguage\":\"en-US\"},{\"@type\":\"Organization\",\"@id\":\"https:\\\/\\\/amina.is\\\/#organization\",\"name\":\"Amina\",\"url\":\"https:\\\/\\\/amina.is\\\/\",\"logo\":{\"@type\":\"ImageObject\",\"inLanguage\":\"en-US\",\"@id\":\"https:\\\/\\\/amina.is\\\/#\\\/schema\\\/logo\\\/image\\\/\",\"url\":\"https:\\\/\\\/amina.is\\\/wp-content\\\/uploads\\\/2021\\\/09\\\/logo.png\",\"contentUrl\":\"https:\\\/\\\/amina.is\\\/wp-content\\\/uploads\\\/2021\\\/09\\\/logo.png\",\"width\":1790,\"height\":464,\"caption\":\"Amina\"},\"image\":{\"@id\":\"https:\\\/\\\/amina.is\\\/#\\\/schema\\\/logo\\\/image\\\/\"},\"sameAs\":[\"https:\\\/\\\/m.facebook.com\\\/AMINA-100767148840241\\\/\",\"https:\\\/\\\/www.instagram.com\\\/aminaverslun\\\/\"]}]}<\/script>\n<!-- \/ Yoast SEO Premium plugin. -->","yoast_head_json":{"title":"Colt Anal Trainer Kit fr\u00e1 CalExotics &#8211; Amina","robots":{"index":"index","follow":"follow","max-snippet":"max-snippet:-1","max-image-preview":"max-image-preview:large","max-video-preview":"max-video-preview:-1"},"canonical":"https:\/\/amina.is\/en\/verslun\/fyrir-thau\/notaahann\/calexotics-colt-anal-trainer-kit\/","og_locale":"en_US","og_type":"article","og_title":"Colt Anal Trainer Kit fr\u00e1 CalExotics","og_description":"Fr\u00e1b\u00e6rt \u00e6fingasett. \u00cd \u00feessu setti eru \u00ferj\u00fa \"Butt plugs\" \u00ed \u00feremur mismunandi st\u00e6r\u00f0um. Fr\u00e1b\u00e6rt til a\u00f0 \u00e6fa sig einn\/ein\/eitt e\u00f0a \u00ed f\u00e9lagsskapi vi\u00f0 maka e\u00f0a vin.","og_url":"https:\/\/amina.is\/en\/verslun\/fyrir-thau\/notaahann\/calexotics-colt-anal-trainer-kit\/","og_site_name":"Amina","article_publisher":"https:\/\/m.facebook.com\/AMINA-100767148840241\/","article_modified_time":"2024-01-03T08:04:38+00:00","og_image":[{"width":1080,"height":1080,"url":"https:\/\/amina.is\/wp-content\/uploads\/2021\/03\/colt-anal-trainer-kit.jpg","type":"image\/jpeg"}],"twitter_card":"summary_large_image","schema":{"@context":"https:\/\/schema.org","@graph":[{"@type":"WebPage","@id":"https:\/\/amina.is\/verslun\/fyrir-thau\/notaahann\/calexotics-colt-anal-trainer-kit\/","url":"https:\/\/amina.is\/verslun\/fyrir-thau\/notaahann\/calexotics-colt-anal-trainer-kit\/","name":"Colt Anal Trainer Kit fr\u00e1 CalExotics &#8211; Amina","isPartOf":{"@id":"https:\/\/amina.is\/#website"},"primaryImageOfPage":{"@id":"https:\/\/amina.is\/verslun\/fyrir-thau\/notaahann\/calexotics-colt-anal-trainer-kit\/#primaryimage"},"image":{"@id":"https:\/\/amina.is\/verslun\/fyrir-thau\/notaahann\/calexotics-colt-anal-trainer-kit\/#primaryimage"},"thumbnailUrl":"https:\/\/amina.is\/wp-content\/uploads\/2021\/03\/colt-anal-trainer-kit.jpg","datePublished":"2020-12-14T18:30:13+00:00","dateModified":"2024-01-03T08:04:38+00:00","breadcrumb":{"@id":"https:\/\/amina.is\/verslun\/fyrir-thau\/notaahann\/calexotics-colt-anal-trainer-kit\/#breadcrumb"},"inLanguage":"en-US","potentialAction":[{"@type":"ReadAction","target":["https:\/\/amina.is\/verslun\/fyrir-thau\/notaahann\/calexotics-colt-anal-trainer-kit\/"]}]},{"@type":"ImageObject","inLanguage":"en-US","@id":"https:\/\/amina.is\/verslun\/fyrir-thau\/notaahann\/calexotics-colt-anal-trainer-kit\/#primaryimage","url":"https:\/\/amina.is\/wp-content\/uploads\/2021\/03\/colt-anal-trainer-kit.jpg","contentUrl":"https:\/\/amina.is\/wp-content\/uploads\/2021\/03\/colt-anal-trainer-kit.jpg","width":1080,"height":1080},{"@type":"BreadcrumbList","@id":"https:\/\/amina.is\/verslun\/fyrir-thau\/notaahann\/calexotics-colt-anal-trainer-kit\/#breadcrumb","itemListElement":[{"@type":"ListItem","position":1,"name":"Home","item":"https:\/\/amina.is\/"},{"@type":"ListItem","position":2,"name":"Verslun","item":"https:\/\/amina.is\/verslun\/"},{"@type":"ListItem","position":3,"name":"Colt Anal Trainer Kit fr\u00e1 CalExotics"}]},{"@type":"WebSite","@id":"https:\/\/amina.is\/#website","url":"https:\/\/amina.is\/","name":"Amina","description":"Feeling is everything - Una\u00f0sv\u00f6rur fyrir alla","publisher":{"@id":"https:\/\/amina.is\/#organization"},"potentialAction":[{"@type":"SearchAction","target":{"@type":"EntryPoint","urlTemplate":"https:\/\/amina.is\/?s={search_term_string}"},"query-input":{"@type":"PropertyValueSpecification","valueRequired":true,"valueName":"search_term_string"}}],"inLanguage":"en-US"},{"@type":"Organization","@id":"https:\/\/amina.is\/#organization","name":"Amina","url":"https:\/\/amina.is\/","logo":{"@type":"ImageObject","inLanguage":"en-US","@id":"https:\/\/amina.is\/#\/schema\/logo\/image\/","url":"https:\/\/amina.is\/wp-content\/uploads\/2021\/09\/logo.png","contentUrl":"https:\/\/amina.is\/wp-content\/uploads\/2021\/09\/logo.png","width":1790,"height":464,"caption":"Amina"},"image":{"@id":"https:\/\/amina.is\/#\/schema\/logo\/image\/"},"sameAs":["https:\/\/m.facebook.com\/AMINA-100767148840241\/","https:\/\/www.instagram.com\/aminaverslun\/"]}]}},"_links":{"self":[{"href":"https:\/\/amina.is\/en\/wp-json\/wp\/v2\/product\/2615","targetHints":{"allow":["GET"]}}],"collection":[{"href":"https:\/\/amina.is\/en\/wp-json\/wp\/v2\/product"}],"about":[{"href":"https:\/\/amina.is\/en\/wp-json\/wp\/v2\/types\/product"}],"version-history":[{"count":6,"href":"https:\/\/amina.is\/en\/wp-json\/wp\/v2\/product\/2615\/revisions"}],"predecessor-version":[{"id":5477,"href":"https:\/\/amina.is\/en\/wp-json\/wp\/v2\/product\/2615\/revisions\/5477"}],"wp:featuredmedia":[{"embeddable":true,"href":"https:\/\/amina.is\/en\/wp-json\/wp\/v2\/media\/5593"}],"wp:attachment":[{"href":"https:\/\/amina.is\/en\/wp-json\/wp\/v2\/media?parent=2615"}],"wp:term":[{"taxonomy":"product_brand","embeddable":true,"href":"https:\/\/amina.is\/en\/wp-json\/wp\/v2\/product_brand?post=2615"},{"taxonomy":"product_cat","embeddable":true,"href":"https:\/\/amina.is\/en\/wp-json\/wp\/v2\/product_cat?post=2615"},{"taxonomy":"product_tag","embeddable":true,"href":"https:\/\/amina.is\/en\/wp-json\/wp\/v2\/product_tag?post=2615"}],"curies":[{"name":"wp","href":"https:\/\/api.w.org\/{rel}","templated":true}]}}