{"id":2609,"date":"2020-12-11T23:34:53","date_gmt":"2020-12-11T23:34:53","guid":{"rendered":"http:\/\/amina.web14.vefold.is\/?post_type=product&#038;p=2609"},"modified":"2023-02-27T20:45:43","modified_gmt":"2023-02-27T20:45:43","slug":"calexotics-colt-camo-chest-harness","status":"publish","type":"product","link":"https:\/\/amina.is\/en\/verslun\/fatnadur\/naerfot-herra\/annadh\/calexotics-colt-camo-chest-harness\/","title":{"rendered":"Colt Camo Chest Harness fr\u00e1 CalExotics"},"content":{"rendered":"<h5>Virkilega flott Harness fr\u00e1 CalExotics sem mun aldeilis kveikja undir katlinum. Au\u00f0velt a\u00f0 stilla st\u00e6r\u00f0, sterkt og endingargott. Harnessi\u00f0 er \u00far b\u00f3mull og PU le\u00f0ri og er \u00fev\u00ed vegan v\u00e6nt. Allt j\u00e1rn er nikkel fr\u00edtt.<\/h5>\n<p>&nbsp;<\/p>","protected":false},"excerpt":{"rendered":"<p>Virkilega flott Harness fr\u00e1 CalExotics.\u00a0Au\u00f0velt a\u00f0 stilla st\u00e6r\u00f0, sterkt og endingargott.<\/p>","protected":false},"featured_media":5588,"template":"","meta":{"inline_featured_image":false},"product_brand":[],"product_cat":[890,36,41,43,903,894,514,340],"product_tag":[91,86,80,84,105,90],"class_list":{"0":"post-2609","1":"product","2":"type-product","3":"status-publish","4":"has-post-thumbnail","6":"product_cat-annadh","7":"product_cat-blaeti","8":"product_cat-fyrir-tha","9":"product_cat-fyrir-thau","10":"product_cat-grimurosvfrv","11":"product_cat-hermana","12":"product_cat-hermanna","13":"product_cat-naerfot-herra","14":"product_tag-army","15":"product_tag-bdsm","16":"product_tag-calexotics","17":"product_tag-colt","18":"product_tag-harness","19":"product_tag-hermanna","21":"first","22":"instock","23":"shipping-taxable","24":"purchasable","25":"product-type-simple"},"yoast_head":"<!-- This site is optimized with the Yoast SEO Premium plugin v21.6 (Yoast SEO v27.4) - https:\/\/yoast.com\/product\/yoast-seo-premium-wordpress\/ -->\n<title>Colt Camo Chest Harness fr\u00e1 CalExotics &#8211; Amina<\/title>\n<meta name=\"robots\" content=\"index, follow, max-snippet:-1, max-image-preview:large, max-video-preview:-1\" \/>\n<link rel=\"canonical\" href=\"https:\/\/amina.is\/en\/verslun\/fatnadur\/naerfot-herra\/annadh\/calexotics-colt-camo-chest-harness\/\" \/>\n<meta property=\"og:locale\" content=\"en_US\" \/>\n<meta property=\"og:type\" content=\"article\" \/>\n<meta property=\"og:title\" content=\"Colt Camo Chest Harness fr\u00e1 CalExotics\" \/>\n<meta property=\"og:description\" content=\"Virkilega flott Harness fr\u00e1 CalExotics.\u00a0Au\u00f0velt a\u00f0 stilla st\u00e6r\u00f0, sterkt og endingargott.\" \/>\n<meta property=\"og:url\" content=\"https:\/\/amina.is\/en\/verslun\/fatnadur\/naerfot-herra\/annadh\/calexotics-colt-camo-chest-harness\/\" \/>\n<meta property=\"og:site_name\" content=\"Amina\" \/>\n<meta property=\"article:publisher\" content=\"https:\/\/m.facebook.com\/AMINA-100767148840241\/\" \/>\n<meta property=\"article:modified_time\" content=\"2023-02-27T20:45:43+00:00\" \/>\n<meta property=\"og:image\" content=\"https:\/\/amina.is\/wp-content\/uploads\/2020\/12\/colt-chest-harness.jpg\" \/>\n\t<meta property=\"og:image:width\" content=\"1080\" \/>\n\t<meta property=\"og:image:height\" content=\"1080\" \/>\n\t<meta property=\"og:image:type\" content=\"image\/jpeg\" \/>\n<meta name=\"twitter:card\" content=\"summary_large_image\" \/>\n<script type=\"application\/ld+json\" class=\"yoast-schema-graph\">{\"@context\":\"https:\\\/\\\/schema.org\",\"@graph\":[{\"@type\":\"WebPage\",\"@id\":\"https:\\\/\\\/amina.is\\\/verslun\\\/fatnadur\\\/naerfot-herra\\\/annadh\\\/calexotics-colt-camo-chest-harness\\\/\",\"url\":\"https:\\\/\\\/amina.is\\\/verslun\\\/fatnadur\\\/naerfot-herra\\\/annadh\\\/calexotics-colt-camo-chest-harness\\\/\",\"name\":\"Colt Camo Chest Harness fr\u00e1 CalExotics &#8211; Amina\",\"isPartOf\":{\"@id\":\"https:\\\/\\\/amina.is\\\/#website\"},\"primaryImageOfPage\":{\"@id\":\"https:\\\/\\\/amina.is\\\/verslun\\\/fatnadur\\\/naerfot-herra\\\/annadh\\\/calexotics-colt-camo-chest-harness\\\/#primaryimage\"},\"image\":{\"@id\":\"https:\\\/\\\/amina.is\\\/verslun\\\/fatnadur\\\/naerfot-herra\\\/annadh\\\/calexotics-colt-camo-chest-harness\\\/#primaryimage\"},\"thumbnailUrl\":\"https:\\\/\\\/amina.is\\\/wp-content\\\/uploads\\\/2020\\\/12\\\/colt-chest-harness.jpg\",\"datePublished\":\"2020-12-11T23:34:53+00:00\",\"dateModified\":\"2023-02-27T20:45:43+00:00\",\"breadcrumb\":{\"@id\":\"https:\\\/\\\/amina.is\\\/verslun\\\/fatnadur\\\/naerfot-herra\\\/annadh\\\/calexotics-colt-camo-chest-harness\\\/#breadcrumb\"},\"inLanguage\":\"en-US\",\"potentialAction\":[{\"@type\":\"ReadAction\",\"target\":[\"https:\\\/\\\/amina.is\\\/verslun\\\/fatnadur\\\/naerfot-herra\\\/annadh\\\/calexotics-colt-camo-chest-harness\\\/\"]}]},{\"@type\":\"ImageObject\",\"inLanguage\":\"en-US\",\"@id\":\"https:\\\/\\\/amina.is\\\/verslun\\\/fatnadur\\\/naerfot-herra\\\/annadh\\\/calexotics-colt-camo-chest-harness\\\/#primaryimage\",\"url\":\"https:\\\/\\\/amina.is\\\/wp-content\\\/uploads\\\/2020\\\/12\\\/colt-chest-harness.jpg\",\"contentUrl\":\"https:\\\/\\\/amina.is\\\/wp-content\\\/uploads\\\/2020\\\/12\\\/colt-chest-harness.jpg\",\"width\":1080,\"height\":1080},{\"@type\":\"BreadcrumbList\",\"@id\":\"https:\\\/\\\/amina.is\\\/verslun\\\/fatnadur\\\/naerfot-herra\\\/annadh\\\/calexotics-colt-camo-chest-harness\\\/#breadcrumb\",\"itemListElement\":[{\"@type\":\"ListItem\",\"position\":1,\"name\":\"Home\",\"item\":\"https:\\\/\\\/amina.is\\\/\"},{\"@type\":\"ListItem\",\"position\":2,\"name\":\"Verslun\",\"item\":\"https:\\\/\\\/amina.is\\\/verslun\\\/\"},{\"@type\":\"ListItem\",\"position\":3,\"name\":\"Colt Camo Chest Harness fr\u00e1 CalExotics\"}]},{\"@type\":\"WebSite\",\"@id\":\"https:\\\/\\\/amina.is\\\/#website\",\"url\":\"https:\\\/\\\/amina.is\\\/\",\"name\":\"Amina\",\"description\":\"Feeling is everything - Una\u00f0sv\u00f6rur fyrir alla\",\"publisher\":{\"@id\":\"https:\\\/\\\/amina.is\\\/#organization\"},\"potentialAction\":[{\"@type\":\"SearchAction\",\"target\":{\"@type\":\"EntryPoint\",\"urlTemplate\":\"https:\\\/\\\/amina.is\\\/?s={search_term_string}\"},\"query-input\":{\"@type\":\"PropertyValueSpecification\",\"valueRequired\":true,\"valueName\":\"search_term_string\"}}],\"inLanguage\":\"en-US\"},{\"@type\":\"Organization\",\"@id\":\"https:\\\/\\\/amina.is\\\/#organization\",\"name\":\"Amina\",\"url\":\"https:\\\/\\\/amina.is\\\/\",\"logo\":{\"@type\":\"ImageObject\",\"inLanguage\":\"en-US\",\"@id\":\"https:\\\/\\\/amina.is\\\/#\\\/schema\\\/logo\\\/image\\\/\",\"url\":\"https:\\\/\\\/amina.is\\\/wp-content\\\/uploads\\\/2021\\\/09\\\/logo.png\",\"contentUrl\":\"https:\\\/\\\/amina.is\\\/wp-content\\\/uploads\\\/2021\\\/09\\\/logo.png\",\"width\":1790,\"height\":464,\"caption\":\"Amina\"},\"image\":{\"@id\":\"https:\\\/\\\/amina.is\\\/#\\\/schema\\\/logo\\\/image\\\/\"},\"sameAs\":[\"https:\\\/\\\/m.facebook.com\\\/AMINA-100767148840241\\\/\",\"https:\\\/\\\/www.instagram.com\\\/aminaverslun\\\/\"]}]}<\/script>\n<!-- \/ Yoast SEO Premium plugin. -->","yoast_head_json":{"title":"Colt Camo Chest Harness fr\u00e1 CalExotics &#8211; Amina","robots":{"index":"index","follow":"follow","max-snippet":"max-snippet:-1","max-image-preview":"max-image-preview:large","max-video-preview":"max-video-preview:-1"},"canonical":"https:\/\/amina.is\/en\/verslun\/fatnadur\/naerfot-herra\/annadh\/calexotics-colt-camo-chest-harness\/","og_locale":"en_US","og_type":"article","og_title":"Colt Camo Chest Harness fr\u00e1 CalExotics","og_description":"Virkilega flott Harness fr\u00e1 CalExotics.\u00a0Au\u00f0velt a\u00f0 stilla st\u00e6r\u00f0, sterkt og endingargott.","og_url":"https:\/\/amina.is\/en\/verslun\/fatnadur\/naerfot-herra\/annadh\/calexotics-colt-camo-chest-harness\/","og_site_name":"Amina","article_publisher":"https:\/\/m.facebook.com\/AMINA-100767148840241\/","article_modified_time":"2023-02-27T20:45:43+00:00","og_image":[{"width":1080,"height":1080,"url":"https:\/\/amina.is\/wp-content\/uploads\/2020\/12\/colt-chest-harness.jpg","type":"image\/jpeg"}],"twitter_card":"summary_large_image","schema":{"@context":"https:\/\/schema.org","@graph":[{"@type":"WebPage","@id":"https:\/\/amina.is\/verslun\/fatnadur\/naerfot-herra\/annadh\/calexotics-colt-camo-chest-harness\/","url":"https:\/\/amina.is\/verslun\/fatnadur\/naerfot-herra\/annadh\/calexotics-colt-camo-chest-harness\/","name":"Colt Camo Chest Harness fr\u00e1 CalExotics &#8211; Amina","isPartOf":{"@id":"https:\/\/amina.is\/#website"},"primaryImageOfPage":{"@id":"https:\/\/amina.is\/verslun\/fatnadur\/naerfot-herra\/annadh\/calexotics-colt-camo-chest-harness\/#primaryimage"},"image":{"@id":"https:\/\/amina.is\/verslun\/fatnadur\/naerfot-herra\/annadh\/calexotics-colt-camo-chest-harness\/#primaryimage"},"thumbnailUrl":"https:\/\/amina.is\/wp-content\/uploads\/2020\/12\/colt-chest-harness.jpg","datePublished":"2020-12-11T23:34:53+00:00","dateModified":"2023-02-27T20:45:43+00:00","breadcrumb":{"@id":"https:\/\/amina.is\/verslun\/fatnadur\/naerfot-herra\/annadh\/calexotics-colt-camo-chest-harness\/#breadcrumb"},"inLanguage":"en-US","potentialAction":[{"@type":"ReadAction","target":["https:\/\/amina.is\/verslun\/fatnadur\/naerfot-herra\/annadh\/calexotics-colt-camo-chest-harness\/"]}]},{"@type":"ImageObject","inLanguage":"en-US","@id":"https:\/\/amina.is\/verslun\/fatnadur\/naerfot-herra\/annadh\/calexotics-colt-camo-chest-harness\/#primaryimage","url":"https:\/\/amina.is\/wp-content\/uploads\/2020\/12\/colt-chest-harness.jpg","contentUrl":"https:\/\/amina.is\/wp-content\/uploads\/2020\/12\/colt-chest-harness.jpg","width":1080,"height":1080},{"@type":"BreadcrumbList","@id":"https:\/\/amina.is\/verslun\/fatnadur\/naerfot-herra\/annadh\/calexotics-colt-camo-chest-harness\/#breadcrumb","itemListElement":[{"@type":"ListItem","position":1,"name":"Home","item":"https:\/\/amina.is\/"},{"@type":"ListItem","position":2,"name":"Verslun","item":"https:\/\/amina.is\/verslun\/"},{"@type":"ListItem","position":3,"name":"Colt Camo Chest Harness fr\u00e1 CalExotics"}]},{"@type":"WebSite","@id":"https:\/\/amina.is\/#website","url":"https:\/\/amina.is\/","name":"Amina","description":"Feeling is everything - Una\u00f0sv\u00f6rur fyrir alla","publisher":{"@id":"https:\/\/amina.is\/#organization"},"potentialAction":[{"@type":"SearchAction","target":{"@type":"EntryPoint","urlTemplate":"https:\/\/amina.is\/?s={search_term_string}"},"query-input":{"@type":"PropertyValueSpecification","valueRequired":true,"valueName":"search_term_string"}}],"inLanguage":"en-US"},{"@type":"Organization","@id":"https:\/\/amina.is\/#organization","name":"Amina","url":"https:\/\/amina.is\/","logo":{"@type":"ImageObject","inLanguage":"en-US","@id":"https:\/\/amina.is\/#\/schema\/logo\/image\/","url":"https:\/\/amina.is\/wp-content\/uploads\/2021\/09\/logo.png","contentUrl":"https:\/\/amina.is\/wp-content\/uploads\/2021\/09\/logo.png","width":1790,"height":464,"caption":"Amina"},"image":{"@id":"https:\/\/amina.is\/#\/schema\/logo\/image\/"},"sameAs":["https:\/\/m.facebook.com\/AMINA-100767148840241\/","https:\/\/www.instagram.com\/aminaverslun\/"]}]}},"_links":{"self":[{"href":"https:\/\/amina.is\/en\/wp-json\/wp\/v2\/product\/2609","targetHints":{"allow":["GET"]}}],"collection":[{"href":"https:\/\/amina.is\/en\/wp-json\/wp\/v2\/product"}],"about":[{"href":"https:\/\/amina.is\/en\/wp-json\/wp\/v2\/types\/product"}],"version-history":[{"count":3,"href":"https:\/\/amina.is\/en\/wp-json\/wp\/v2\/product\/2609\/revisions"}],"predecessor-version":[{"id":5589,"href":"https:\/\/amina.is\/en\/wp-json\/wp\/v2\/product\/2609\/revisions\/5589"}],"wp:featuredmedia":[{"embeddable":true,"href":"https:\/\/amina.is\/en\/wp-json\/wp\/v2\/media\/5588"}],"wp:attachment":[{"href":"https:\/\/amina.is\/en\/wp-json\/wp\/v2\/media?parent=2609"}],"wp:term":[{"taxonomy":"product_brand","embeddable":true,"href":"https:\/\/amina.is\/en\/wp-json\/wp\/v2\/product_brand?post=2609"},{"taxonomy":"product_cat","embeddable":true,"href":"https:\/\/amina.is\/en\/wp-json\/wp\/v2\/product_cat?post=2609"},{"taxonomy":"product_tag","embeddable":true,"href":"https:\/\/amina.is\/en\/wp-json\/wp\/v2\/product_tag?post=2609"}],"curies":[{"name":"wp","href":"https:\/\/api.w.org\/{rel}","templated":true}]}}