{"id":2602,"date":"2020-12-11T23:12:03","date_gmt":"2020-12-11T23:12:03","guid":{"rendered":"http:\/\/amina.web14.vefold.is\/?post_type=product&#038;p=2602"},"modified":"2023-02-27T20:46:57","modified_gmt":"2023-02-27T20:46:57","slug":"calexotics-colt-camo-spread-em","status":"publish","type":"product","link":"https:\/\/amina.is\/en\/verslun\/fatnadur\/hermanna\/calexotics-colt-camo-spread-em\/","title":{"rendered":"Colt Camo Spread\u00b4Em fr\u00e1 CalExotics"},"content":{"rendered":"<h5>Glennust\u00f6ng, skemmtistika e\u00f0a \u00fevingunarst\u00f6ng&#8230; kalla\u00f0u hana \u00fea\u00f0 sem \u00fe\u00fa vilt en h\u00fan mun halda \u00fe\u00e9r gal opnum fyrir \u00f6llum sem \u00fe\u00fa vilt, vi\u00f0 d\u00e6mum ekki.\u00a0Vi\u00f0 lofum a\u00f0 \u00fe\u00fa \u00e1tt eftir a\u00f0 elska \u00feessa. St\u00f6ngin er lengjanleg fr\u00e1 54,75cm upp \u00ed 85,75cm og kemur me\u00f0 \u00e1f\u00f6stum \u00f6kkla festum. Vi\u00f0 hj\u00e1 Aminu prufu\u00f0um \u00feessa og h\u00fan stenst allar v\u00e6ntingar.<\/h5>\n<p>&nbsp;<\/p>","protected":false},"excerpt":{"rendered":"<p>Vi\u00f0 lofum a\u00f0 \u00fe\u00fa \u00e1tt eftir a\u00f0 elska \u00feessa. St\u00f6ngin er lengjanleg fr\u00e1 54,75cm upp \u00ed 85,75cm og kemur me\u00f0 \u00e1f\u00f6stum \u00f6kkla festum.<\/p>","protected":false},"featured_media":5742,"template":"","meta":{"inline_featured_image":false},"product_brand":[],"product_cat":[36,41,42,43,894,514,904,895,897,898],"product_tag":[91,86,80,84,90,103,104],"class_list":{"0":"post-2602","1":"product","2":"type-product","3":"status-publish","4":"has-post-thumbnail","6":"product_cat-blaeti","7":"product_cat-fyrir-tha","8":"product_cat-fyrir-thaer","9":"product_cat-fyrir-thau","10":"product_cat-hermana","11":"product_cat-hermanna","12":"product_cat-stangirofl","13":"product_cat-samanh","14":"product_cat-samand","15":"product_cat-samanth","16":"product_tag-army","17":"product_tag-bdsm","18":"product_tag-calexotics","19":"product_tag-colt","20":"product_tag-hermanna","21":"product_tag-spread","22":"product_tag-stong","24":"first","25":"instock","26":"shipping-taxable","27":"purchasable","28":"product-type-simple"},"yoast_head":"<!-- This site is optimized with the Yoast SEO Premium plugin v21.6 (Yoast SEO v27.4) - https:\/\/yoast.com\/product\/yoast-seo-premium-wordpress\/ -->\n<title>Colt Camo Spread\u00b4Em fr\u00e1 CalExotics &#8211; Amina<\/title>\n<meta name=\"robots\" content=\"index, follow, max-snippet:-1, max-image-preview:large, max-video-preview:-1\" \/>\n<link rel=\"canonical\" href=\"https:\/\/amina.is\/en\/verslun\/fatnadur\/hermanna\/calexotics-colt-camo-spread-em\/\" \/>\n<meta property=\"og:locale\" content=\"en_US\" \/>\n<meta property=\"og:type\" content=\"article\" \/>\n<meta property=\"og:title\" content=\"Colt Camo Spread\u00b4Em fr\u00e1 CalExotics\" \/>\n<meta property=\"og:description\" content=\"Vi\u00f0 lofum a\u00f0 \u00fe\u00fa \u00e1tt eftir a\u00f0 elska \u00feessa. St\u00f6ngin er lengjanleg fr\u00e1 54,75cm upp \u00ed 85,75cm og kemur me\u00f0 \u00e1f\u00f6stum \u00f6kkla festum.\" \/>\n<meta property=\"og:url\" content=\"https:\/\/amina.is\/en\/verslun\/fatnadur\/hermanna\/calexotics-colt-camo-spread-em\/\" \/>\n<meta property=\"og:site_name\" content=\"Amina\" \/>\n<meta property=\"article:publisher\" content=\"https:\/\/m.facebook.com\/AMINA-100767148840241\/\" \/>\n<meta property=\"article:modified_time\" content=\"2023-02-27T20:46:57+00:00\" \/>\n<meta property=\"og:image\" content=\"https:\/\/amina.is\/wp-content\/uploads\/2020\/12\/colt-camo-spread-em.jpg\" \/>\n\t<meta property=\"og:image:width\" content=\"1080\" \/>\n\t<meta property=\"og:image:height\" content=\"1080\" \/>\n\t<meta property=\"og:image:type\" content=\"image\/jpeg\" \/>\n<meta name=\"twitter:card\" content=\"summary_large_image\" \/>\n<script type=\"application\/ld+json\" class=\"yoast-schema-graph\">{\"@context\":\"https:\\\/\\\/schema.org\",\"@graph\":[{\"@type\":\"WebPage\",\"@id\":\"https:\\\/\\\/amina.is\\\/verslun\\\/fatnadur\\\/hermanna\\\/calexotics-colt-camo-spread-em\\\/\",\"url\":\"https:\\\/\\\/amina.is\\\/verslun\\\/fatnadur\\\/hermanna\\\/calexotics-colt-camo-spread-em\\\/\",\"name\":\"Colt Camo Spread\u00b4Em fr\u00e1 CalExotics &#8211; Amina\",\"isPartOf\":{\"@id\":\"https:\\\/\\\/amina.is\\\/#website\"},\"primaryImageOfPage\":{\"@id\":\"https:\\\/\\\/amina.is\\\/verslun\\\/fatnadur\\\/hermanna\\\/calexotics-colt-camo-spread-em\\\/#primaryimage\"},\"image\":{\"@id\":\"https:\\\/\\\/amina.is\\\/verslun\\\/fatnadur\\\/hermanna\\\/calexotics-colt-camo-spread-em\\\/#primaryimage\"},\"thumbnailUrl\":\"https:\\\/\\\/amina.is\\\/wp-content\\\/uploads\\\/2020\\\/12\\\/colt-camo-spread-em.jpg\",\"datePublished\":\"2020-12-11T23:12:03+00:00\",\"dateModified\":\"2023-02-27T20:46:57+00:00\",\"breadcrumb\":{\"@id\":\"https:\\\/\\\/amina.is\\\/verslun\\\/fatnadur\\\/hermanna\\\/calexotics-colt-camo-spread-em\\\/#breadcrumb\"},\"inLanguage\":\"en-US\",\"potentialAction\":[{\"@type\":\"ReadAction\",\"target\":[\"https:\\\/\\\/amina.is\\\/verslun\\\/fatnadur\\\/hermanna\\\/calexotics-colt-camo-spread-em\\\/\"]}]},{\"@type\":\"ImageObject\",\"inLanguage\":\"en-US\",\"@id\":\"https:\\\/\\\/amina.is\\\/verslun\\\/fatnadur\\\/hermanna\\\/calexotics-colt-camo-spread-em\\\/#primaryimage\",\"url\":\"https:\\\/\\\/amina.is\\\/wp-content\\\/uploads\\\/2020\\\/12\\\/colt-camo-spread-em.jpg\",\"contentUrl\":\"https:\\\/\\\/amina.is\\\/wp-content\\\/uploads\\\/2020\\\/12\\\/colt-camo-spread-em.jpg\",\"width\":1080,\"height\":1080},{\"@type\":\"BreadcrumbList\",\"@id\":\"https:\\\/\\\/amina.is\\\/verslun\\\/fatnadur\\\/hermanna\\\/calexotics-colt-camo-spread-em\\\/#breadcrumb\",\"itemListElement\":[{\"@type\":\"ListItem\",\"position\":1,\"name\":\"Home\",\"item\":\"https:\\\/\\\/amina.is\\\/\"},{\"@type\":\"ListItem\",\"position\":2,\"name\":\"Verslun\",\"item\":\"https:\\\/\\\/amina.is\\\/verslun\\\/\"},{\"@type\":\"ListItem\",\"position\":3,\"name\":\"Colt Camo Spread\u00b4Em fr\u00e1 CalExotics\"}]},{\"@type\":\"WebSite\",\"@id\":\"https:\\\/\\\/amina.is\\\/#website\",\"url\":\"https:\\\/\\\/amina.is\\\/\",\"name\":\"Amina\",\"description\":\"Feeling is everything - Una\u00f0sv\u00f6rur fyrir alla\",\"publisher\":{\"@id\":\"https:\\\/\\\/amina.is\\\/#organization\"},\"potentialAction\":[{\"@type\":\"SearchAction\",\"target\":{\"@type\":\"EntryPoint\",\"urlTemplate\":\"https:\\\/\\\/amina.is\\\/?s={search_term_string}\"},\"query-input\":{\"@type\":\"PropertyValueSpecification\",\"valueRequired\":true,\"valueName\":\"search_term_string\"}}],\"inLanguage\":\"en-US\"},{\"@type\":\"Organization\",\"@id\":\"https:\\\/\\\/amina.is\\\/#organization\",\"name\":\"Amina\",\"url\":\"https:\\\/\\\/amina.is\\\/\",\"logo\":{\"@type\":\"ImageObject\",\"inLanguage\":\"en-US\",\"@id\":\"https:\\\/\\\/amina.is\\\/#\\\/schema\\\/logo\\\/image\\\/\",\"url\":\"https:\\\/\\\/amina.is\\\/wp-content\\\/uploads\\\/2021\\\/09\\\/logo.png\",\"contentUrl\":\"https:\\\/\\\/amina.is\\\/wp-content\\\/uploads\\\/2021\\\/09\\\/logo.png\",\"width\":1790,\"height\":464,\"caption\":\"Amina\"},\"image\":{\"@id\":\"https:\\\/\\\/amina.is\\\/#\\\/schema\\\/logo\\\/image\\\/\"},\"sameAs\":[\"https:\\\/\\\/m.facebook.com\\\/AMINA-100767148840241\\\/\",\"https:\\\/\\\/www.instagram.com\\\/aminaverslun\\\/\"]}]}<\/script>\n<!-- \/ Yoast SEO Premium plugin. -->","yoast_head_json":{"title":"Colt Camo Spread\u00b4Em fr\u00e1 CalExotics &#8211; Amina","robots":{"index":"index","follow":"follow","max-snippet":"max-snippet:-1","max-image-preview":"max-image-preview:large","max-video-preview":"max-video-preview:-1"},"canonical":"https:\/\/amina.is\/en\/verslun\/fatnadur\/hermanna\/calexotics-colt-camo-spread-em\/","og_locale":"en_US","og_type":"article","og_title":"Colt Camo Spread\u00b4Em fr\u00e1 CalExotics","og_description":"Vi\u00f0 lofum a\u00f0 \u00fe\u00fa \u00e1tt eftir a\u00f0 elska \u00feessa. St\u00f6ngin er lengjanleg fr\u00e1 54,75cm upp \u00ed 85,75cm og kemur me\u00f0 \u00e1f\u00f6stum \u00f6kkla festum.","og_url":"https:\/\/amina.is\/en\/verslun\/fatnadur\/hermanna\/calexotics-colt-camo-spread-em\/","og_site_name":"Amina","article_publisher":"https:\/\/m.facebook.com\/AMINA-100767148840241\/","article_modified_time":"2023-02-27T20:46:57+00:00","og_image":[{"width":1080,"height":1080,"url":"https:\/\/amina.is\/wp-content\/uploads\/2020\/12\/colt-camo-spread-em.jpg","type":"image\/jpeg"}],"twitter_card":"summary_large_image","schema":{"@context":"https:\/\/schema.org","@graph":[{"@type":"WebPage","@id":"https:\/\/amina.is\/verslun\/fatnadur\/hermanna\/calexotics-colt-camo-spread-em\/","url":"https:\/\/amina.is\/verslun\/fatnadur\/hermanna\/calexotics-colt-camo-spread-em\/","name":"Colt Camo Spread\u00b4Em fr\u00e1 CalExotics &#8211; Amina","isPartOf":{"@id":"https:\/\/amina.is\/#website"},"primaryImageOfPage":{"@id":"https:\/\/amina.is\/verslun\/fatnadur\/hermanna\/calexotics-colt-camo-spread-em\/#primaryimage"},"image":{"@id":"https:\/\/amina.is\/verslun\/fatnadur\/hermanna\/calexotics-colt-camo-spread-em\/#primaryimage"},"thumbnailUrl":"https:\/\/amina.is\/wp-content\/uploads\/2020\/12\/colt-camo-spread-em.jpg","datePublished":"2020-12-11T23:12:03+00:00","dateModified":"2023-02-27T20:46:57+00:00","breadcrumb":{"@id":"https:\/\/amina.is\/verslun\/fatnadur\/hermanna\/calexotics-colt-camo-spread-em\/#breadcrumb"},"inLanguage":"en-US","potentialAction":[{"@type":"ReadAction","target":["https:\/\/amina.is\/verslun\/fatnadur\/hermanna\/calexotics-colt-camo-spread-em\/"]}]},{"@type":"ImageObject","inLanguage":"en-US","@id":"https:\/\/amina.is\/verslun\/fatnadur\/hermanna\/calexotics-colt-camo-spread-em\/#primaryimage","url":"https:\/\/amina.is\/wp-content\/uploads\/2020\/12\/colt-camo-spread-em.jpg","contentUrl":"https:\/\/amina.is\/wp-content\/uploads\/2020\/12\/colt-camo-spread-em.jpg","width":1080,"height":1080},{"@type":"BreadcrumbList","@id":"https:\/\/amina.is\/verslun\/fatnadur\/hermanna\/calexotics-colt-camo-spread-em\/#breadcrumb","itemListElement":[{"@type":"ListItem","position":1,"name":"Home","item":"https:\/\/amina.is\/"},{"@type":"ListItem","position":2,"name":"Verslun","item":"https:\/\/amina.is\/verslun\/"},{"@type":"ListItem","position":3,"name":"Colt Camo Spread\u00b4Em fr\u00e1 CalExotics"}]},{"@type":"WebSite","@id":"https:\/\/amina.is\/#website","url":"https:\/\/amina.is\/","name":"Amina","description":"Feeling is everything - Una\u00f0sv\u00f6rur fyrir alla","publisher":{"@id":"https:\/\/amina.is\/#organization"},"potentialAction":[{"@type":"SearchAction","target":{"@type":"EntryPoint","urlTemplate":"https:\/\/amina.is\/?s={search_term_string}"},"query-input":{"@type":"PropertyValueSpecification","valueRequired":true,"valueName":"search_term_string"}}],"inLanguage":"en-US"},{"@type":"Organization","@id":"https:\/\/amina.is\/#organization","name":"Amina","url":"https:\/\/amina.is\/","logo":{"@type":"ImageObject","inLanguage":"en-US","@id":"https:\/\/amina.is\/#\/schema\/logo\/image\/","url":"https:\/\/amina.is\/wp-content\/uploads\/2021\/09\/logo.png","contentUrl":"https:\/\/amina.is\/wp-content\/uploads\/2021\/09\/logo.png","width":1790,"height":464,"caption":"Amina"},"image":{"@id":"https:\/\/amina.is\/#\/schema\/logo\/image\/"},"sameAs":["https:\/\/m.facebook.com\/AMINA-100767148840241\/","https:\/\/www.instagram.com\/aminaverslun\/"]}]}},"_links":{"self":[{"href":"https:\/\/amina.is\/en\/wp-json\/wp\/v2\/product\/2602","targetHints":{"allow":["GET"]}}],"collection":[{"href":"https:\/\/amina.is\/en\/wp-json\/wp\/v2\/product"}],"about":[{"href":"https:\/\/amina.is\/en\/wp-json\/wp\/v2\/types\/product"}],"version-history":[{"count":2,"href":"https:\/\/amina.is\/en\/wp-json\/wp\/v2\/product\/2602\/revisions"}],"predecessor-version":[{"id":5743,"href":"https:\/\/amina.is\/en\/wp-json\/wp\/v2\/product\/2602\/revisions\/5743"}],"wp:featuredmedia":[{"embeddable":true,"href":"https:\/\/amina.is\/en\/wp-json\/wp\/v2\/media\/5742"}],"wp:attachment":[{"href":"https:\/\/amina.is\/en\/wp-json\/wp\/v2\/media?parent=2602"}],"wp:term":[{"taxonomy":"product_brand","embeddable":true,"href":"https:\/\/amina.is\/en\/wp-json\/wp\/v2\/product_brand?post=2602"},{"taxonomy":"product_cat","embeddable":true,"href":"https:\/\/amina.is\/en\/wp-json\/wp\/v2\/product_cat?post=2602"},{"taxonomy":"product_tag","embeddable":true,"href":"https:\/\/amina.is\/en\/wp-json\/wp\/v2\/product_tag?post=2602"}],"curies":[{"name":"wp","href":"https:\/\/api.w.org\/{rel}","templated":true}]}}