{"id":2570,"date":"2020-12-11T15:23:00","date_gmt":"2020-12-11T15:23:00","guid":{"rendered":"http:\/\/amina.web14.vefold.is\/?post_type=product&#038;p=2570"},"modified":"2025-12-09T13:56:22","modified_gmt":"2025-12-09T13:56:22","slug":"screaming-o-ofinity-typpahringur-raudur","status":"publish","type":"product","link":"https:\/\/amina.is\/en\/verslun\/typpid\/typpahringir\/screaming-o-ofinity-typpahringur-raudur\/","title":{"rendered":"Screaming O Ofinity Typpahringur Rau\u00f0ur"},"content":{"rendered":"<h5>\u00deessi er fr\u00e1b\u00e6r fyrir peninginn! Nokku\u00f0 teygjanlegur sem gerir \u00fea\u00f0 au\u00f0veldara a\u00f0 koma honum \u00e1 og hj\u00e1lpar \u00fe\u00e9r vi\u00f0 a\u00f0 vi\u00f0halda stinningu. Fulln\u00e6gingin er a\u00f0eins betri me\u00f0 \u00feessum, vi\u00f0 h\u00f6fum pr\u00f3fa\u00f0.<\/h5>","protected":false},"excerpt":{"rendered":"<p>\u00deessi er fr\u00e1b\u00e6r fyrir peninginn! Nokku\u00f0 teygjanlegur sem gerir \u00fea\u00f0 au\u00f0veldara a\u00f0 koma honum \u00e1 og hj\u00e1lpar \u00fe\u00e9r vi\u00f0 a\u00f0 vi\u00f0halda stinningu. Fulln\u00e6gingin er a\u00f0eins betri me\u00f0 \u00feessum, vi\u00f0 h\u00f6fum pr\u00f3fa\u00f0.<\/p>","protected":false},"featured_media":11609,"template":"","meta":{"inline_featured_image":false},"product_brand":[],"product_cat":[41,43,878,45],"product_tag":[66,64,78,49,72,65],"class_list":{"0":"post-2570","1":"product","2":"type-product","3":"status-publish","4":"has-post-thumbnail","6":"product_cat-fyrir-tha","7":"product_cat-fyrir-thau","8":"product_cat-typpahringir","9":"product_cat-typpid","10":"product_tag-limur","11":"product_tag-penis","12":"product_tag-rautt","13":"product_tag-screaming-o","14":"product_tag-typpahringur","15":"product_tag-typpi","17":"first","18":"instock","19":"shipping-taxable","20":"purchasable","21":"product-type-simple"},"yoast_head":"<!-- This site is optimized with the Yoast SEO Premium plugin v21.6 (Yoast SEO v27.3) - https:\/\/yoast.com\/product\/yoast-seo-premium-wordpress\/ -->\n<title>Screaming O Ofinity Typpahringur Rau\u00f0ur &#8211; Amina<\/title>\n<meta name=\"robots\" content=\"index, follow, max-snippet:-1, max-image-preview:large, max-video-preview:-1\" \/>\n<link rel=\"canonical\" href=\"https:\/\/amina.is\/en\/verslun\/typpid\/typpahringir\/screaming-o-ofinity-typpahringur-raudur\/\" \/>\n<meta property=\"og:locale\" content=\"en_US\" \/>\n<meta property=\"og:type\" content=\"article\" \/>\n<meta property=\"og:title\" content=\"Screaming O Ofinity Typpahringur Rau\u00f0ur\" \/>\n<meta property=\"og:description\" content=\"\u00deessi er fr\u00e1b\u00e6r fyrir peninginn! Nokku\u00f0 teygjanlegur sem gerir \u00fea\u00f0 au\u00f0veldara a\u00f0 koma honum \u00e1 og hj\u00e1lpar \u00fe\u00e9r vi\u00f0 a\u00f0 vi\u00f0halda stinningu. Fulln\u00e6gingin er a\u00f0eins betri me\u00f0 \u00feessum, vi\u00f0 h\u00f6fum pr\u00f3fa\u00f0.\" \/>\n<meta property=\"og:url\" content=\"https:\/\/amina.is\/en\/verslun\/typpid\/typpahringir\/screaming-o-ofinity-typpahringur-raudur\/\" \/>\n<meta property=\"og:site_name\" content=\"Amina\" \/>\n<meta property=\"article:publisher\" content=\"https:\/\/m.facebook.com\/AMINA-100767148840241\/\" \/>\n<meta property=\"article:modified_time\" content=\"2025-12-09T13:56:22+00:00\" \/>\n<meta property=\"og:image\" content=\"https:\/\/amina.is\/wp-content\/uploads\/2020\/12\/AMINA-vorumyndir-hvitur-bakgrunnur-3.jpg\" \/>\n\t<meta property=\"og:image:width\" content=\"1080\" \/>\n\t<meta property=\"og:image:height\" content=\"1080\" \/>\n\t<meta property=\"og:image:type\" content=\"image\/jpeg\" \/>\n<meta name=\"twitter:card\" content=\"summary_large_image\" \/>\n<meta name=\"twitter:label1\" content=\"Est. reading time\" \/>\n\t<meta name=\"twitter:data1\" content=\"1 minute\" \/>\n<script type=\"application\/ld+json\" class=\"yoast-schema-graph\">{\"@context\":\"https:\\\/\\\/schema.org\",\"@graph\":[{\"@type\":\"WebPage\",\"@id\":\"https:\\\/\\\/amina.is\\\/verslun\\\/typpid\\\/typpahringir\\\/screaming-o-ofinity-typpahringur-raudur\\\/\",\"url\":\"https:\\\/\\\/amina.is\\\/verslun\\\/typpid\\\/typpahringir\\\/screaming-o-ofinity-typpahringur-raudur\\\/\",\"name\":\"Screaming O Ofinity Typpahringur Rau\u00f0ur &#8211; Amina\",\"isPartOf\":{\"@id\":\"https:\\\/\\\/amina.is\\\/#website\"},\"primaryImageOfPage\":{\"@id\":\"https:\\\/\\\/amina.is\\\/verslun\\\/typpid\\\/typpahringir\\\/screaming-o-ofinity-typpahringur-raudur\\\/#primaryimage\"},\"image\":{\"@id\":\"https:\\\/\\\/amina.is\\\/verslun\\\/typpid\\\/typpahringir\\\/screaming-o-ofinity-typpahringur-raudur\\\/#primaryimage\"},\"thumbnailUrl\":\"https:\\\/\\\/amina.is\\\/wp-content\\\/uploads\\\/2020\\\/12\\\/AMINA-vorumyndir-hvitur-bakgrunnur-3.jpg\",\"datePublished\":\"2020-12-11T15:23:00+00:00\",\"dateModified\":\"2025-12-09T13:56:22+00:00\",\"breadcrumb\":{\"@id\":\"https:\\\/\\\/amina.is\\\/verslun\\\/typpid\\\/typpahringir\\\/screaming-o-ofinity-typpahringur-raudur\\\/#breadcrumb\"},\"inLanguage\":\"en-US\",\"potentialAction\":[{\"@type\":\"ReadAction\",\"target\":[\"https:\\\/\\\/amina.is\\\/verslun\\\/typpid\\\/typpahringir\\\/screaming-o-ofinity-typpahringur-raudur\\\/\"]}]},{\"@type\":\"ImageObject\",\"inLanguage\":\"en-US\",\"@id\":\"https:\\\/\\\/amina.is\\\/verslun\\\/typpid\\\/typpahringir\\\/screaming-o-ofinity-typpahringur-raudur\\\/#primaryimage\",\"url\":\"https:\\\/\\\/amina.is\\\/wp-content\\\/uploads\\\/2020\\\/12\\\/AMINA-vorumyndir-hvitur-bakgrunnur-3.jpg\",\"contentUrl\":\"https:\\\/\\\/amina.is\\\/wp-content\\\/uploads\\\/2020\\\/12\\\/AMINA-vorumyndir-hvitur-bakgrunnur-3.jpg\",\"width\":1080,\"height\":1080},{\"@type\":\"BreadcrumbList\",\"@id\":\"https:\\\/\\\/amina.is\\\/verslun\\\/typpid\\\/typpahringir\\\/screaming-o-ofinity-typpahringur-raudur\\\/#breadcrumb\",\"itemListElement\":[{\"@type\":\"ListItem\",\"position\":1,\"name\":\"Home\",\"item\":\"https:\\\/\\\/amina.is\\\/\"},{\"@type\":\"ListItem\",\"position\":2,\"name\":\"Verslun\",\"item\":\"https:\\\/\\\/amina.is\\\/verslun\\\/\"},{\"@type\":\"ListItem\",\"position\":3,\"name\":\"Screaming O Ofinity Typpahringur Rau\u00f0ur\"}]},{\"@type\":\"WebSite\",\"@id\":\"https:\\\/\\\/amina.is\\\/#website\",\"url\":\"https:\\\/\\\/amina.is\\\/\",\"name\":\"Amina\",\"description\":\"Feeling is everything - Una\u00f0sv\u00f6rur fyrir alla\",\"publisher\":{\"@id\":\"https:\\\/\\\/amina.is\\\/#organization\"},\"potentialAction\":[{\"@type\":\"SearchAction\",\"target\":{\"@type\":\"EntryPoint\",\"urlTemplate\":\"https:\\\/\\\/amina.is\\\/?s={search_term_string}\"},\"query-input\":{\"@type\":\"PropertyValueSpecification\",\"valueRequired\":true,\"valueName\":\"search_term_string\"}}],\"inLanguage\":\"en-US\"},{\"@type\":\"Organization\",\"@id\":\"https:\\\/\\\/amina.is\\\/#organization\",\"name\":\"Amina\",\"url\":\"https:\\\/\\\/amina.is\\\/\",\"logo\":{\"@type\":\"ImageObject\",\"inLanguage\":\"en-US\",\"@id\":\"https:\\\/\\\/amina.is\\\/#\\\/schema\\\/logo\\\/image\\\/\",\"url\":\"https:\\\/\\\/amina.is\\\/wp-content\\\/uploads\\\/2021\\\/09\\\/logo.png\",\"contentUrl\":\"https:\\\/\\\/amina.is\\\/wp-content\\\/uploads\\\/2021\\\/09\\\/logo.png\",\"width\":1790,\"height\":464,\"caption\":\"Amina\"},\"image\":{\"@id\":\"https:\\\/\\\/amina.is\\\/#\\\/schema\\\/logo\\\/image\\\/\"},\"sameAs\":[\"https:\\\/\\\/m.facebook.com\\\/AMINA-100767148840241\\\/\",\"https:\\\/\\\/www.instagram.com\\\/aminaverslun\\\/\"]}]}<\/script>\n<!-- \/ Yoast SEO Premium plugin. -->","yoast_head_json":{"title":"Screaming O Ofinity Typpahringur Rau\u00f0ur &#8211; Amina","robots":{"index":"index","follow":"follow","max-snippet":"max-snippet:-1","max-image-preview":"max-image-preview:large","max-video-preview":"max-video-preview:-1"},"canonical":"https:\/\/amina.is\/en\/verslun\/typpid\/typpahringir\/screaming-o-ofinity-typpahringur-raudur\/","og_locale":"en_US","og_type":"article","og_title":"Screaming O Ofinity Typpahringur Rau\u00f0ur","og_description":"\u00deessi er fr\u00e1b\u00e6r fyrir peninginn! Nokku\u00f0 teygjanlegur sem gerir \u00fea\u00f0 au\u00f0veldara a\u00f0 koma honum \u00e1 og hj\u00e1lpar \u00fe\u00e9r vi\u00f0 a\u00f0 vi\u00f0halda stinningu. Fulln\u00e6gingin er a\u00f0eins betri me\u00f0 \u00feessum, vi\u00f0 h\u00f6fum pr\u00f3fa\u00f0.","og_url":"https:\/\/amina.is\/en\/verslun\/typpid\/typpahringir\/screaming-o-ofinity-typpahringur-raudur\/","og_site_name":"Amina","article_publisher":"https:\/\/m.facebook.com\/AMINA-100767148840241\/","article_modified_time":"2025-12-09T13:56:22+00:00","og_image":[{"width":1080,"height":1080,"url":"https:\/\/amina.is\/wp-content\/uploads\/2020\/12\/AMINA-vorumyndir-hvitur-bakgrunnur-3.jpg","type":"image\/jpeg"}],"twitter_card":"summary_large_image","twitter_misc":{"Est. reading time":"1 minute"},"schema":{"@context":"https:\/\/schema.org","@graph":[{"@type":"WebPage","@id":"https:\/\/amina.is\/verslun\/typpid\/typpahringir\/screaming-o-ofinity-typpahringur-raudur\/","url":"https:\/\/amina.is\/verslun\/typpid\/typpahringir\/screaming-o-ofinity-typpahringur-raudur\/","name":"Screaming O Ofinity Typpahringur Rau\u00f0ur &#8211; Amina","isPartOf":{"@id":"https:\/\/amina.is\/#website"},"primaryImageOfPage":{"@id":"https:\/\/amina.is\/verslun\/typpid\/typpahringir\/screaming-o-ofinity-typpahringur-raudur\/#primaryimage"},"image":{"@id":"https:\/\/amina.is\/verslun\/typpid\/typpahringir\/screaming-o-ofinity-typpahringur-raudur\/#primaryimage"},"thumbnailUrl":"https:\/\/amina.is\/wp-content\/uploads\/2020\/12\/AMINA-vorumyndir-hvitur-bakgrunnur-3.jpg","datePublished":"2020-12-11T15:23:00+00:00","dateModified":"2025-12-09T13:56:22+00:00","breadcrumb":{"@id":"https:\/\/amina.is\/verslun\/typpid\/typpahringir\/screaming-o-ofinity-typpahringur-raudur\/#breadcrumb"},"inLanguage":"en-US","potentialAction":[{"@type":"ReadAction","target":["https:\/\/amina.is\/verslun\/typpid\/typpahringir\/screaming-o-ofinity-typpahringur-raudur\/"]}]},{"@type":"ImageObject","inLanguage":"en-US","@id":"https:\/\/amina.is\/verslun\/typpid\/typpahringir\/screaming-o-ofinity-typpahringur-raudur\/#primaryimage","url":"https:\/\/amina.is\/wp-content\/uploads\/2020\/12\/AMINA-vorumyndir-hvitur-bakgrunnur-3.jpg","contentUrl":"https:\/\/amina.is\/wp-content\/uploads\/2020\/12\/AMINA-vorumyndir-hvitur-bakgrunnur-3.jpg","width":1080,"height":1080},{"@type":"BreadcrumbList","@id":"https:\/\/amina.is\/verslun\/typpid\/typpahringir\/screaming-o-ofinity-typpahringur-raudur\/#breadcrumb","itemListElement":[{"@type":"ListItem","position":1,"name":"Home","item":"https:\/\/amina.is\/"},{"@type":"ListItem","position":2,"name":"Verslun","item":"https:\/\/amina.is\/verslun\/"},{"@type":"ListItem","position":3,"name":"Screaming O Ofinity Typpahringur Rau\u00f0ur"}]},{"@type":"WebSite","@id":"https:\/\/amina.is\/#website","url":"https:\/\/amina.is\/","name":"Amina","description":"Feeling is everything - Una\u00f0sv\u00f6rur fyrir alla","publisher":{"@id":"https:\/\/amina.is\/#organization"},"potentialAction":[{"@type":"SearchAction","target":{"@type":"EntryPoint","urlTemplate":"https:\/\/amina.is\/?s={search_term_string}"},"query-input":{"@type":"PropertyValueSpecification","valueRequired":true,"valueName":"search_term_string"}}],"inLanguage":"en-US"},{"@type":"Organization","@id":"https:\/\/amina.is\/#organization","name":"Amina","url":"https:\/\/amina.is\/","logo":{"@type":"ImageObject","inLanguage":"en-US","@id":"https:\/\/amina.is\/#\/schema\/logo\/image\/","url":"https:\/\/amina.is\/wp-content\/uploads\/2021\/09\/logo.png","contentUrl":"https:\/\/amina.is\/wp-content\/uploads\/2021\/09\/logo.png","width":1790,"height":464,"caption":"Amina"},"image":{"@id":"https:\/\/amina.is\/#\/schema\/logo\/image\/"},"sameAs":["https:\/\/m.facebook.com\/AMINA-100767148840241\/","https:\/\/www.instagram.com\/aminaverslun\/"]}]}},"_links":{"self":[{"href":"https:\/\/amina.is\/en\/wp-json\/wp\/v2\/product\/2570","targetHints":{"allow":["GET"]}}],"collection":[{"href":"https:\/\/amina.is\/en\/wp-json\/wp\/v2\/product"}],"about":[{"href":"https:\/\/amina.is\/en\/wp-json\/wp\/v2\/types\/product"}],"version-history":[{"count":2,"href":"https:\/\/amina.is\/en\/wp-json\/wp\/v2\/product\/2570\/revisions"}],"predecessor-version":[{"id":5783,"href":"https:\/\/amina.is\/en\/wp-json\/wp\/v2\/product\/2570\/revisions\/5783"}],"wp:featuredmedia":[{"embeddable":true,"href":"https:\/\/amina.is\/en\/wp-json\/wp\/v2\/media\/11609"}],"wp:attachment":[{"href":"https:\/\/amina.is\/en\/wp-json\/wp\/v2\/media?parent=2570"}],"wp:term":[{"taxonomy":"product_brand","embeddable":true,"href":"https:\/\/amina.is\/en\/wp-json\/wp\/v2\/product_brand?post=2570"},{"taxonomy":"product_cat","embeddable":true,"href":"https:\/\/amina.is\/en\/wp-json\/wp\/v2\/product_cat?post=2570"},{"taxonomy":"product_tag","embeddable":true,"href":"https:\/\/amina.is\/en\/wp-json\/wp\/v2\/product_tag?post=2570"}],"curies":[{"name":"wp","href":"https:\/\/api.w.org\/{rel}","templated":true}]}}