{"id":2559,"date":"2020-12-11T14:38:46","date_gmt":"2020-12-11T14:38:46","guid":{"rendered":"http:\/\/amina.web14.vefold.is\/?post_type=product&#038;p=2559"},"modified":"2025-02-23T14:07:39","modified_gmt":"2025-02-23T14:07:39","slug":"screaming-o-charged-ohare-xl-typpahringur","status":"publish","type":"product","link":"https:\/\/amina.is\/en\/verslun\/typpid\/typpahringir\/screaming-o-charged-ohare-xl-typpahringur\/","title":{"rendered":"Screaming O Charged Ohare XL Typpahringur"},"content":{"rendered":"<h5>Screaming O Charged Ohare XL Typpahringurinn er fullkomin fyrir p\u00f6r \u00fear sem limur og sk\u00f6p eiga \u00ed hlut. Hringurinn \u00f6rvar sk\u00f6pin \u00e1 me\u00f0an \u00e1 samf\u00f6rum stendur en einnig er h\u00e6gt a\u00f0 nota hringinn sem lim titrara.<\/h5>\n<h5>Hringurinn er \u00ed st\u00e6rri kantinum og \u00fev\u00ed \u00fe\u00e6gilegt a\u00f0 koma honum fyrir \u00e1 limnum. Hringurinn er a\u00f0eins 108gr., 17x11x5 mm og er endurhla\u00f0anlegur. 10 stillingar og gengur \u00ed allt a\u00f0 60 m\u00edn\u00fatur \u00e1 hle\u00f0slunni. Ger\u00f0ur \u00far h\u00e6ttulausu s\u00edlikoni.<\/h5>","protected":false},"excerpt":{"rendered":"<p>Screaming O Charged Ohare XL Typpahringurinn er fullkomin fyrir p\u00f6r \u00fear sem limur og sk\u00f6p eiga \u00ed hlut.<\/p>","protected":false},"featured_media":11610,"template":"","meta":{"inline_featured_image":false},"product_brand":[],"product_cat":[43,898,878,45],"product_tag":[66,64,71,49,76,72,65],"class_list":{"0":"post-2559","1":"product","2":"type-product","3":"status-publish","4":"has-post-thumbnail","6":"product_cat-fyrir-thau","7":"product_cat-samanth","8":"product_cat-typpahringir","9":"product_cat-typpid","10":"product_tag-limur","11":"product_tag-penis","12":"product_tag-por","13":"product_tag-screaming-o","14":"product_tag-svart","15":"product_tag-typpahringur","16":"product_tag-typpi","18":"first","19":"instock","20":"sale","21":"shipping-taxable","22":"purchasable","23":"product-type-simple"},"yoast_head":"<!-- This site is optimized with the Yoast SEO Premium plugin v21.6 (Yoast SEO v27.3) - https:\/\/yoast.com\/product\/yoast-seo-premium-wordpress\/ -->\n<title>Screaming O Charged Ohare XL Typpahringur &#8211; Amina<\/title>\n<meta name=\"robots\" content=\"index, follow, max-snippet:-1, max-image-preview:large, max-video-preview:-1\" \/>\n<link rel=\"canonical\" href=\"https:\/\/amina.is\/en\/verslun\/typpid\/typpahringir\/screaming-o-charged-ohare-xl-typpahringur\/\" \/>\n<meta property=\"og:locale\" content=\"en_US\" \/>\n<meta property=\"og:type\" content=\"article\" \/>\n<meta property=\"og:title\" content=\"Screaming O Charged Ohare XL Typpahringur\" \/>\n<meta property=\"og:description\" content=\"Screaming O Charged Ohare XL Typpahringurinn er fullkomin fyrir p\u00f6r \u00fear sem limur og sk\u00f6p eiga \u00ed hlut.\" \/>\n<meta property=\"og:url\" content=\"https:\/\/amina.is\/en\/verslun\/typpid\/typpahringir\/screaming-o-charged-ohare-xl-typpahringur\/\" \/>\n<meta property=\"og:site_name\" content=\"Amina\" \/>\n<meta property=\"article:publisher\" content=\"https:\/\/m.facebook.com\/AMINA-100767148840241\/\" \/>\n<meta property=\"article:modified_time\" content=\"2025-02-23T14:07:39+00:00\" \/>\n<meta property=\"og:image\" content=\"https:\/\/amina.is\/wp-content\/uploads\/2020\/12\/AMINA-vorumyndir-hvitur-bakgrunnur-4.jpg\" \/>\n\t<meta property=\"og:image:width\" content=\"1080\" \/>\n\t<meta property=\"og:image:height\" content=\"1080\" \/>\n\t<meta property=\"og:image:type\" content=\"image\/jpeg\" \/>\n<meta name=\"twitter:card\" content=\"summary_large_image\" \/>\n<meta name=\"twitter:label1\" content=\"Est. reading time\" \/>\n\t<meta name=\"twitter:data1\" content=\"1 minute\" \/>\n<script type=\"application\/ld+json\" class=\"yoast-schema-graph\">{\"@context\":\"https:\\\/\\\/schema.org\",\"@graph\":[{\"@type\":\"WebPage\",\"@id\":\"https:\\\/\\\/amina.is\\\/verslun\\\/typpid\\\/typpahringir\\\/screaming-o-charged-ohare-xl-typpahringur\\\/\",\"url\":\"https:\\\/\\\/amina.is\\\/verslun\\\/typpid\\\/typpahringir\\\/screaming-o-charged-ohare-xl-typpahringur\\\/\",\"name\":\"Screaming O Charged Ohare XL Typpahringur &#8211; Amina\",\"isPartOf\":{\"@id\":\"https:\\\/\\\/amina.is\\\/#website\"},\"primaryImageOfPage\":{\"@id\":\"https:\\\/\\\/amina.is\\\/verslun\\\/typpid\\\/typpahringir\\\/screaming-o-charged-ohare-xl-typpahringur\\\/#primaryimage\"},\"image\":{\"@id\":\"https:\\\/\\\/amina.is\\\/verslun\\\/typpid\\\/typpahringir\\\/screaming-o-charged-ohare-xl-typpahringur\\\/#primaryimage\"},\"thumbnailUrl\":\"https:\\\/\\\/amina.is\\\/wp-content\\\/uploads\\\/2020\\\/12\\\/AMINA-vorumyndir-hvitur-bakgrunnur-4.jpg\",\"datePublished\":\"2020-12-11T14:38:46+00:00\",\"dateModified\":\"2025-02-23T14:07:39+00:00\",\"breadcrumb\":{\"@id\":\"https:\\\/\\\/amina.is\\\/verslun\\\/typpid\\\/typpahringir\\\/screaming-o-charged-ohare-xl-typpahringur\\\/#breadcrumb\"},\"inLanguage\":\"en-US\",\"potentialAction\":[{\"@type\":\"ReadAction\",\"target\":[\"https:\\\/\\\/amina.is\\\/verslun\\\/typpid\\\/typpahringir\\\/screaming-o-charged-ohare-xl-typpahringur\\\/\"]}]},{\"@type\":\"ImageObject\",\"inLanguage\":\"en-US\",\"@id\":\"https:\\\/\\\/amina.is\\\/verslun\\\/typpid\\\/typpahringir\\\/screaming-o-charged-ohare-xl-typpahringur\\\/#primaryimage\",\"url\":\"https:\\\/\\\/amina.is\\\/wp-content\\\/uploads\\\/2020\\\/12\\\/AMINA-vorumyndir-hvitur-bakgrunnur-4.jpg\",\"contentUrl\":\"https:\\\/\\\/amina.is\\\/wp-content\\\/uploads\\\/2020\\\/12\\\/AMINA-vorumyndir-hvitur-bakgrunnur-4.jpg\",\"width\":1080,\"height\":1080},{\"@type\":\"BreadcrumbList\",\"@id\":\"https:\\\/\\\/amina.is\\\/verslun\\\/typpid\\\/typpahringir\\\/screaming-o-charged-ohare-xl-typpahringur\\\/#breadcrumb\",\"itemListElement\":[{\"@type\":\"ListItem\",\"position\":1,\"name\":\"Home\",\"item\":\"https:\\\/\\\/amina.is\\\/\"},{\"@type\":\"ListItem\",\"position\":2,\"name\":\"Verslun\",\"item\":\"https:\\\/\\\/amina.is\\\/verslun\\\/\"},{\"@type\":\"ListItem\",\"position\":3,\"name\":\"Screaming O Charged Ohare XL Typpahringur\"}]},{\"@type\":\"WebSite\",\"@id\":\"https:\\\/\\\/amina.is\\\/#website\",\"url\":\"https:\\\/\\\/amina.is\\\/\",\"name\":\"Amina\",\"description\":\"Feeling is everything - Una\u00f0sv\u00f6rur fyrir alla\",\"publisher\":{\"@id\":\"https:\\\/\\\/amina.is\\\/#organization\"},\"potentialAction\":[{\"@type\":\"SearchAction\",\"target\":{\"@type\":\"EntryPoint\",\"urlTemplate\":\"https:\\\/\\\/amina.is\\\/?s={search_term_string}\"},\"query-input\":{\"@type\":\"PropertyValueSpecification\",\"valueRequired\":true,\"valueName\":\"search_term_string\"}}],\"inLanguage\":\"en-US\"},{\"@type\":\"Organization\",\"@id\":\"https:\\\/\\\/amina.is\\\/#organization\",\"name\":\"Amina\",\"url\":\"https:\\\/\\\/amina.is\\\/\",\"logo\":{\"@type\":\"ImageObject\",\"inLanguage\":\"en-US\",\"@id\":\"https:\\\/\\\/amina.is\\\/#\\\/schema\\\/logo\\\/image\\\/\",\"url\":\"https:\\\/\\\/amina.is\\\/wp-content\\\/uploads\\\/2021\\\/09\\\/logo.png\",\"contentUrl\":\"https:\\\/\\\/amina.is\\\/wp-content\\\/uploads\\\/2021\\\/09\\\/logo.png\",\"width\":1790,\"height\":464,\"caption\":\"Amina\"},\"image\":{\"@id\":\"https:\\\/\\\/amina.is\\\/#\\\/schema\\\/logo\\\/image\\\/\"},\"sameAs\":[\"https:\\\/\\\/m.facebook.com\\\/AMINA-100767148840241\\\/\",\"https:\\\/\\\/www.instagram.com\\\/aminaverslun\\\/\"]}]}<\/script>\n<!-- \/ Yoast SEO Premium plugin. -->","yoast_head_json":{"title":"Screaming O Charged Ohare XL Typpahringur &#8211; Amina","robots":{"index":"index","follow":"follow","max-snippet":"max-snippet:-1","max-image-preview":"max-image-preview:large","max-video-preview":"max-video-preview:-1"},"canonical":"https:\/\/amina.is\/en\/verslun\/typpid\/typpahringir\/screaming-o-charged-ohare-xl-typpahringur\/","og_locale":"en_US","og_type":"article","og_title":"Screaming O Charged Ohare XL Typpahringur","og_description":"Screaming O Charged Ohare XL Typpahringurinn er fullkomin fyrir p\u00f6r \u00fear sem limur og sk\u00f6p eiga \u00ed hlut.","og_url":"https:\/\/amina.is\/en\/verslun\/typpid\/typpahringir\/screaming-o-charged-ohare-xl-typpahringur\/","og_site_name":"Amina","article_publisher":"https:\/\/m.facebook.com\/AMINA-100767148840241\/","article_modified_time":"2025-02-23T14:07:39+00:00","og_image":[{"width":1080,"height":1080,"url":"https:\/\/amina.is\/wp-content\/uploads\/2020\/12\/AMINA-vorumyndir-hvitur-bakgrunnur-4.jpg","type":"image\/jpeg"}],"twitter_card":"summary_large_image","twitter_misc":{"Est. reading time":"1 minute"},"schema":{"@context":"https:\/\/schema.org","@graph":[{"@type":"WebPage","@id":"https:\/\/amina.is\/verslun\/typpid\/typpahringir\/screaming-o-charged-ohare-xl-typpahringur\/","url":"https:\/\/amina.is\/verslun\/typpid\/typpahringir\/screaming-o-charged-ohare-xl-typpahringur\/","name":"Screaming O Charged Ohare XL Typpahringur &#8211; Amina","isPartOf":{"@id":"https:\/\/amina.is\/#website"},"primaryImageOfPage":{"@id":"https:\/\/amina.is\/verslun\/typpid\/typpahringir\/screaming-o-charged-ohare-xl-typpahringur\/#primaryimage"},"image":{"@id":"https:\/\/amina.is\/verslun\/typpid\/typpahringir\/screaming-o-charged-ohare-xl-typpahringur\/#primaryimage"},"thumbnailUrl":"https:\/\/amina.is\/wp-content\/uploads\/2020\/12\/AMINA-vorumyndir-hvitur-bakgrunnur-4.jpg","datePublished":"2020-12-11T14:38:46+00:00","dateModified":"2025-02-23T14:07:39+00:00","breadcrumb":{"@id":"https:\/\/amina.is\/verslun\/typpid\/typpahringir\/screaming-o-charged-ohare-xl-typpahringur\/#breadcrumb"},"inLanguage":"en-US","potentialAction":[{"@type":"ReadAction","target":["https:\/\/amina.is\/verslun\/typpid\/typpahringir\/screaming-o-charged-ohare-xl-typpahringur\/"]}]},{"@type":"ImageObject","inLanguage":"en-US","@id":"https:\/\/amina.is\/verslun\/typpid\/typpahringir\/screaming-o-charged-ohare-xl-typpahringur\/#primaryimage","url":"https:\/\/amina.is\/wp-content\/uploads\/2020\/12\/AMINA-vorumyndir-hvitur-bakgrunnur-4.jpg","contentUrl":"https:\/\/amina.is\/wp-content\/uploads\/2020\/12\/AMINA-vorumyndir-hvitur-bakgrunnur-4.jpg","width":1080,"height":1080},{"@type":"BreadcrumbList","@id":"https:\/\/amina.is\/verslun\/typpid\/typpahringir\/screaming-o-charged-ohare-xl-typpahringur\/#breadcrumb","itemListElement":[{"@type":"ListItem","position":1,"name":"Home","item":"https:\/\/amina.is\/"},{"@type":"ListItem","position":2,"name":"Verslun","item":"https:\/\/amina.is\/verslun\/"},{"@type":"ListItem","position":3,"name":"Screaming O Charged Ohare XL Typpahringur"}]},{"@type":"WebSite","@id":"https:\/\/amina.is\/#website","url":"https:\/\/amina.is\/","name":"Amina","description":"Feeling is everything - Una\u00f0sv\u00f6rur fyrir alla","publisher":{"@id":"https:\/\/amina.is\/#organization"},"potentialAction":[{"@type":"SearchAction","target":{"@type":"EntryPoint","urlTemplate":"https:\/\/amina.is\/?s={search_term_string}"},"query-input":{"@type":"PropertyValueSpecification","valueRequired":true,"valueName":"search_term_string"}}],"inLanguage":"en-US"},{"@type":"Organization","@id":"https:\/\/amina.is\/#organization","name":"Amina","url":"https:\/\/amina.is\/","logo":{"@type":"ImageObject","inLanguage":"en-US","@id":"https:\/\/amina.is\/#\/schema\/logo\/image\/","url":"https:\/\/amina.is\/wp-content\/uploads\/2021\/09\/logo.png","contentUrl":"https:\/\/amina.is\/wp-content\/uploads\/2021\/09\/logo.png","width":1790,"height":464,"caption":"Amina"},"image":{"@id":"https:\/\/amina.is\/#\/schema\/logo\/image\/"},"sameAs":["https:\/\/m.facebook.com\/AMINA-100767148840241\/","https:\/\/www.instagram.com\/aminaverslun\/"]}]}},"_links":{"self":[{"href":"https:\/\/amina.is\/en\/wp-json\/wp\/v2\/product\/2559","targetHints":{"allow":["GET"]}}],"collection":[{"href":"https:\/\/amina.is\/en\/wp-json\/wp\/v2\/product"}],"about":[{"href":"https:\/\/amina.is\/en\/wp-json\/wp\/v2\/types\/product"}],"version-history":[{"count":2,"href":"https:\/\/amina.is\/en\/wp-json\/wp\/v2\/product\/2559\/revisions"}],"predecessor-version":[{"id":5789,"href":"https:\/\/amina.is\/en\/wp-json\/wp\/v2\/product\/2559\/revisions\/5789"}],"wp:featuredmedia":[{"embeddable":true,"href":"https:\/\/amina.is\/en\/wp-json\/wp\/v2\/media\/11610"}],"wp:attachment":[{"href":"https:\/\/amina.is\/en\/wp-json\/wp\/v2\/media?parent=2559"}],"wp:term":[{"taxonomy":"product_brand","embeddable":true,"href":"https:\/\/amina.is\/en\/wp-json\/wp\/v2\/product_brand?post=2559"},{"taxonomy":"product_cat","embeddable":true,"href":"https:\/\/amina.is\/en\/wp-json\/wp\/v2\/product_cat?post=2559"},{"taxonomy":"product_tag","embeddable":true,"href":"https:\/\/amina.is\/en\/wp-json\/wp\/v2\/product_tag?post=2559"}],"curies":[{"name":"wp","href":"https:\/\/api.w.org\/{rel}","templated":true}]}}